{"id":19732,"date":"2025-04-07T07:04:34","date_gmt":"2025-04-07T07:04:34","guid":{"rendered":"https:\/\/www.hydraulic-cylinders.net\/product\/boom-cylinder-for-kato-small-excavator-hd550-1-7\/"},"modified":"2025-04-07T07:04:37","modified_gmt":"2025-04-07T07:04:37","slug":"boom-cylinder-for-kato-small-excavator-hd550-1-7","status":"publish","type":"product","link":"https:\/\/www.hydraulic-cylinders.net\/tr\/urun\/boom-cylinder-for-kato-small-excavator-hd550-1-7\/","title":{"rendered":"Kato HD550-1-7 K\u00fc\u00e7\u00fck Ekskavat\u00f6r \u0130\u00e7in Bom Silindiri"},"content":{"rendered":"<h1>Kato HD550-1-7 K\u00fc\u00e7\u00fck Ekskavat\u00f6r \u0130\u00e7in Bom Silindiri<\/h1>\n<h2>Bom Silindirini Anlamak<\/h2>\n<p>Bom silindiri, ekskavat\u00f6rler, kaz\u0131c\u0131 y\u00fckleyiciler ve \u00f6n y\u00fckleyiciler gibi \u00e7e\u015fitli a\u011f\u0131r makinelerde bomun hareketini kontrol etmek i\u00e7in \u00f6zel olarak tasarlanm\u0131\u015f bir hidrolik silindirdir. Bu temel bile\u015fen, bomun kalkmas\u0131n\u0131, al\u00e7almas\u0131n\u0131 ve e\u011filmesini sa\u011flayarak verimli malzeme ta\u015f\u0131ma i\u015flemlerini kolayla\u015ft\u0131r\u0131r. Hidrolik sistemlerde, bom silindiri, g\u00fcc\u00fc iletmek i\u00e7in hidrolik s\u0131v\u0131y\u0131 kullanarak, d\u00fczg\u00fcn ve kontroll\u00fc hareketler sa\u011flayarak \u00e7ok \u00f6nemli bir rol oynar. Bu silindirlerin tasar\u0131m\u0131, sa\u011flam performans ve g\u00fcvenilirlik sa\u011flayarak, in\u015faat ve kaz\u0131 uygulamalar\u0131nda vazge\u00e7ilmez olmalar\u0131n\u0131 sa\u011flar.<\/p>\n<p><img decoding=\"async\" src=\"https:\/\/www.hydraulic-cylinders.net\/wp-content\/uploads\/2025\/04\/songte-company-1.webp\" alt=\"Kato K\u00fc\u00e7\u00fck Ekskavat\u00f6r i\u00e7in Bom Silindiri\"><\/p>\n<h3>Bom Silindirinin Temel \u00d6zellikleri<\/h3>\n<ul>\n<li><strong>Y\u00fcksek Dayan\u0131kl\u0131l\u0131k ve Dayan\u0131kl\u0131l\u0131k:<\/strong> Y\u00fcksek mukavemetli \u00e7elik veya al\u00fcminyumdan \u00fcretilen bom silindiri, y\u00fcksek bas\u0131nca ve a\u011f\u0131r y\u00fcklere dayanabilir, bu da onu zorlu \u00e7al\u0131\u015fma ko\u015fullar\u0131 i\u00e7in uygun hale getirir.<\/li>\n<li><strong>Verimli Hidrolik \u00c7al\u0131\u015fma:<\/strong> Silindir, sorunsuz uzama ve geri \u00e7ekilme sa\u011flamak i\u00e7in hidrolik ya\u011f bas\u0131nc\u0131n\u0131 kullan\u0131r ve operasyonel komutlara h\u0131zl\u0131 yan\u0131t verir.<\/li>\n<li><strong>\u00c7e\u015fitli T\u00fcrler:<\/strong> Tek y\u00f6nl\u00fc (hidrolik \u00e7al\u0131\u015fma tek y\u00f6nde) veya \u00e7ift y\u00f6nl\u00fc (hidrolik \u00e7al\u0131\u015fma her iki y\u00f6nde) konfig\u00fcrasyonlarda mevcut olup, farkl\u0131 i\u015fletme ihtiya\u00e7lar\u0131na cevap vermektedir.<\/li>\n<li><strong>Kompakt Tasar\u0131m:<\/strong> Baz\u0131 modellerde, d\u0131\u015f boyutlar\u0131 art\u0131rmadan daha fazla uzamaya olanak tan\u0131yan teleskopik bir tasar\u0131m bulunur; bu da alan k\u0131s\u0131tlamas\u0131 olan uygulamalar i\u00e7in idealdir.<\/li>\n<li><strong>De\u011fi\u015ftirme Kolayl\u0131\u011f\u0131:<\/strong> Silindirlerimiz, mevcut hidrolik silindirlerin yerine sorunsuz bir \u015fekilde ge\u00e7ecek \u015fekilde tasarlanm\u0131\u015ft\u0131r ve uyumluluk ile operasyonel verimlilik sa\u011flar.<\/li>\n<\/ul>\n<p><img decoding=\"async\" src=\"https:\/\/www.hydraulic-cylinders.net\/wp-content\/uploads\/2025\/04\/songte-cylinder-head-with-all-kinds-excavator-models.webp\" alt=\"Hidrolik Silindir De\u011fi\u015ftirme Se\u00e7enekleri\"><\/p>\n<h2>Bom Silindirinin Uygulamalar\u0131<\/h2>\n<h3>1. \u0130n\u015faat Ekipmanlar\u0131<\/h3>\n<p>Ekskavat\u00f6rlerde, bom silindiri kazma, y\u00fckleme ve toprak veya moloz ta\u015f\u0131ma i\u015flemlerinde hayati \u00f6neme sahiptir. Uzat\u0131l\u0131p geri \u00e7ekilebilme \u00f6zelli\u011fi, hassas kazma ve malzeme yerle\u015ftirme olana\u011f\u0131 sa\u011flar. Kaz\u0131c\u0131 y\u00fckleyicilerde ise silindir hem kazma hem de kald\u0131rma i\u015flerinde yard\u0131mc\u0131 olarak genel verimlili\u011fi art\u0131r\u0131r. Bom silindirinin verimli \u00e7al\u0131\u015fmas\u0131, in\u015faat projelerinin h\u0131z\u0131 ve etkinli\u011fini do\u011frudan etkiler.<\/p>\n<h3>2. Tar\u0131m Makineleri<\/h3>\n<p>\u00d6n y\u00fckleyiciler, toprak, saman ve di\u011fer malzemeleri kep\u00e7elemek, kald\u0131rmak ve ta\u015f\u0131mak i\u00e7in bom silindirleri kullan\u0131r. Silindir taraf\u0131ndan sa\u011flanan hidrolik g\u00fc\u00e7, \u00e7iftlik y\u00f6netimi i\u00e7in gerekli olan h\u0131zl\u0131 ve verimli y\u00fckleme i\u015flemlerini m\u00fcmk\u00fcn k\u0131lar. Bom silindirinin \u00e7e\u015fitli tar\u0131msal i\u015flerdeki uyarlanabilirli\u011fi, tar\u0131m sekt\u00f6r\u00fcndeki de\u011ferini art\u0131rmaktad\u0131r.<\/p>\n<h3>3. Ekskavat\u00f6rler<\/h3>\n<p>Bom silindiri, kaz\u0131 i\u015flemleri s\u0131ras\u0131nda kep\u00e7enin topra\u011fa n\u00fcfuz etmesini sa\u011flayarak daha derin ve daha verimli kaz\u0131 yap\u0131lmas\u0131na olanak tan\u0131r. Hidrolik \u00f6zellikleri sayesinde ekskavat\u00f6r, hendek a\u00e7ma ve tesviye gibi \u00e7e\u015fitli i\u015flevleri yerine getirerek in\u015faat ve peyzaj \u00e7al\u0131\u015fmalar\u0131nda \u00e7ok y\u00f6nl\u00fcl\u00fc\u011f\u00fcn\u00fc sergiler.<\/p>\n<h3>4. Y\u00fckleyiciler<\/h3>\n<p>\u00d6n y\u00fckleyicilerde, bom silindirleri malzemelerin etkili bir \u015fekilde kald\u0131r\u0131lmas\u0131na ve bo\u015falt\u0131lmas\u0131na yard\u0131mc\u0131 olur. Bu i\u015flev, malzemelerin zaman\u0131nda ta\u015f\u0131nmas\u0131n\u0131n proje zaman \u00e7izelgelerini \u00f6nemli \u00f6l\u00e7\u00fcde etkileyebildi\u011fi in\u015faat ve peyzaj \u00e7al\u0131\u015fmalar\u0131 i\u00e7in hayati \u00f6nem ta\u015f\u0131r. Bom silindirinin g\u00fcvenilirli\u011fi, y\u00fckleyicilerin optimum verimlilikte \u00e7al\u0131\u015fmas\u0131n\u0131 sa\u011flar.<\/p>\n<h2>Tasar\u0131m Hususlar\u0131 ve Se\u00e7im Kriterleri<\/h2>\n<h3>Y\u00fck Kapasitesi<\/h3>\n<p>Vin\u00e7 silindiri se\u00e7erken, y\u00fck ta\u015f\u0131ma kapasitesini anlamak son derece \u00f6nemlidir. Silindir, performanstan veya g\u00fcvenlikten \u00f6d\u00fcn vermeden kald\u0131rabilece\u011fi maksimum a\u011f\u0131rl\u0131\u011f\u0131 ta\u015f\u0131yabilmelidir. Bu, do\u011fru \u00f6zelliklerin kar\u015f\u0131land\u0131\u011f\u0131ndan emin olmak i\u00e7in beklenen \u00e7al\u0131\u015fma y\u00fcklerine dayal\u0131 kapsaml\u0131 hesaplamalar gerektirir.<\/p>\n<h3>S\u0131zd\u0131rmazl\u0131k Performans\u0131<\/h3>\n<p>Hidrolik sistemlerde s\u0131v\u0131 s\u0131z\u0131nt\u0131lar\u0131n\u0131 \u00f6nlemek ve bas\u0131nc\u0131 korumak i\u00e7in etkili s\u0131zd\u0131rmazl\u0131k \u00e7ok \u00f6nemlidir. Dayan\u0131kl\u0131l\u0131\u011f\u0131 art\u0131rmak i\u00e7in poli\u00fcretan ve nitril kau\u00e7uk gibi y\u00fcksek kaliteli s\u0131zd\u0131rmazl\u0131k malzemeleri se\u00e7ilmelidir. S\u0131zd\u0131rmazl\u0131k bile\u015fenlerinin hassas tasar\u0131m\u0131, uzun \u00f6m\u00fcrl\u00fc performans sa\u011flar ve bak\u0131m ihtiya\u00e7lar\u0131n\u0131 en aza indirir.<\/p>\n<h3>Dayan\u0131kl\u0131l\u0131k<\/h3>\n<p>Bom silindirleri zorlu ko\u015fullar alt\u0131nda \u00e7al\u0131\u015ft\u0131\u011f\u0131 i\u00e7in dayan\u0131kl\u0131l\u0131k \u00f6nemli bir fakt\u00f6rd\u00fcr. Malzemeler a\u015f\u0131nmaya ve y\u0131pranmaya kar\u015f\u0131 dayan\u0131kl\u0131 olmal\u0131 ve korozyona kar\u015f\u0131 koruyucu kaplamalar i\u00e7eren tasar\u0131mlara sahip olmal\u0131d\u0131r. Bu husus, silindirin \u00f6mr\u00fcn\u00fc \u00f6nemli \u00f6l\u00e7\u00fcde uzat\u0131r ve de\u011fi\u015ftirme s\u0131kl\u0131\u011f\u0131n\u0131 azalt\u0131r.<\/p>\n<h3>G\u00fcvenlik \u00d6zellikleri<\/h3>\n<p>A\u015f\u0131r\u0131 y\u00fcklenmeyi ve olas\u0131 ar\u0131zalar\u0131 \u00f6nlemek i\u00e7in bas\u0131n\u00e7 tahliye vanalar\u0131 gibi g\u00fcvenlik \u00f6zelliklerinin dahil edilmesi \u015fartt\u0131r. Tasar\u0131m, a\u011f\u0131r makinelerin g\u00fcvenli \u00e7al\u0131\u015fmas\u0131n\u0131 sa\u011flayacak ve daha g\u00fcvenli bir \u00e7al\u0131\u015fma ortam\u0131na katk\u0131da bulunacak mekanizmalar i\u00e7ermelidir.<\/p>\n<h3>Bak\u0131m Eri\u015filebilirli\u011fi<\/h3>\n<p>Bom silindirlerinin bak\u0131m kolayl\u0131\u011f\u0131 g\u00f6z \u00f6n\u00fcnde bulundurularak tasarlanmas\u0131 \u00e7ok \u00f6nemlidir. Bile\u015fenlere d\u00fczenli bak\u0131m i\u00e7in kolayca eri\u015filebilmeli, bu da zaman\u0131nda inceleme ve onar\u0131mlar\u0131 kolayla\u015ft\u0131rmal\u0131d\u0131r. Bu eri\u015filebilirlik, makinenin hizmet \u00f6mr\u00fcn\u00fc ve operasyonel verimlili\u011fini uzatmaya yard\u0131mc\u0131 olur.<\/p>\n<p><img decoding=\"async\" src=\"https:\/\/www.hydraulic-cylinders.net\/wp-content\/uploads\/2025\/04\/songte-oil-pipes-and-spare-parts.webp\" alt=\"Hidrolik Silindir Bile\u015fenleri\"><\/p>\n<h2>S\u0131zd\u0131rmazl\u0131k ve Ya\u011flama<\/h2>\n<p>Bom silindirlerinin etkili \u00e7al\u0131\u015fmas\u0131 i\u00e7in uygun s\u0131zd\u0131rmazl\u0131k ve ya\u011flama \u015fartt\u0131r. Hidrolik s\u0131v\u0131 s\u0131z\u0131nt\u0131s\u0131n\u0131 \u00f6nlemek i\u00e7in piston contalar\u0131 ve mil contalar\u0131 gibi \u00e7e\u015fitli s\u0131zd\u0131rmazl\u0131k elemanlar\u0131 kullan\u0131l\u0131r. Poli\u00fcretan ve nitril kau\u00e7uk gibi a\u015f\u0131nmaya dayan\u0131kl\u0131 malzemelerden yap\u0131lan contalar, dayan\u0131kl\u0131l\u0131klar\u0131 ve etkinlikleri nedeniyle tercih edilir.<\/p>\n<p>Silindir g\u00f6vdesi ve di\u015fli u\u00e7 y\u00fczeyleri, a\u015f\u0131nma direncini art\u0131rmak i\u00e7in titiz bir \u015fekilde i\u015flenir. S\u00fcrt\u00fcnmeyi en aza indirmek ve bile\u015fenlerin sorunsuz \u00e7al\u0131\u015fmas\u0131n\u0131 sa\u011flamak i\u00e7in hidrolik ya\u011f ile d\u00fczenli ya\u011flama gereklidir. Ya\u011flama i\u00e7in bir rutin olu\u015fturmak, optimum performans\u0131 korumaya ve silindirin \u00e7al\u0131\u015fma \u00f6mr\u00fcn\u00fc uzatmaya yard\u0131mc\u0131 olur.<\/p>\n<h2>D\u00fczenli Muayene ve \u00d6nleyici Bak\u0131m<\/h2>\n<ul>\n<li><strong>G\u00f6rsel Muayeneler:<\/strong> Bom silindirini d\u00fczenli olarak g\u00f6zle g\u00f6r\u00fcl\u00fcr hasar, s\u0131z\u0131nt\u0131 veya a\u015f\u0131nma belirtileri a\u00e7\u0131s\u0131ndan kontrol edin. Sorunlar\u0131n erken tespiti, daha fazla hasar\u0131 ve maliyetli onar\u0131mlar\u0131 \u00f6nleyebilir.<\/li>\n<li><strong>Ya\u011flama Kontrolleri:<\/strong> Hidrolik ya\u011f seviyelerinin yeterli oldu\u011fundan ve ya\u011f\u0131n kirleticilerden ar\u0131nd\u0131r\u0131lm\u0131\u015f oldu\u011fundan emin olun. Uygun ya\u011flama, sorunsuz \u00e7al\u0131\u015fma i\u00e7in \u00e7ok \u00f6nemlidir.<\/li>\n<li><strong>Conta De\u011fi\u015fimi:<\/strong> S\u0131z\u0131nt\u0131lar\u0131 \u00f6nlemek ve hidrolik bas\u0131nc\u0131 korumak i\u00e7in contalar\u0131n durumunu izleyin ve gerekti\u011finde de\u011fi\u015ftirin.<\/li>\n<\/ul>\n<h2>Kurulum Talimatlar\u0131<\/h2>\n<p>Bom silindirinin do\u011fru montaj\u0131, performans\u0131 ve uzun \u00f6mr\u00fc i\u00e7in \u00e7ok \u00f6nemlidir. \u0130\u015fleme, silindiri makinenin montaj noktalar\u0131yla do\u011fru \u015fekilde hizalayarak ba\u015flay\u0131n. \u00c7al\u0131\u015fma s\u0131ras\u0131nda stabiliteyi sa\u011flamak ve yanl\u0131\u015f hizalamay\u0131 \u00f6nlemek i\u00e7in uygun montaj braketlerinin kullan\u0131lmas\u0131 \u015fiddetle tavsiye edilir.<\/p>\n<p>\u00c7al\u0131\u015ft\u0131rmadan \u00f6nce t\u00fcm hidrolik ba\u011flant\u0131lar\u0131n sa\u011flam oldu\u011fundan emin olun ve olas\u0131 s\u0131z\u0131nt\u0131lar\u0131 kontrol edin. Tork ayarlar\u0131 ve montaj prosed\u00fcrleri i\u00e7in \u00fcreticinin spesifikasyonlar\u0131na uymak \u00e7ok \u00f6nemlidir. Silindirin do\u011fru hizalanmas\u0131 ve sa\u011flam bir \u015fekilde sabitlenmesi, performans\u0131n\u0131 art\u0131racak ve a\u015f\u0131nmay\u0131 en aza indirecektir.<\/p>\n<h2>Yayg\u0131n Bak\u0131m G\u00f6revleri<\/h2>\n<ul>\n<li><strong>D\u00fczenli Kontroller:<\/strong> A\u015f\u0131nma belirtilerini veya olas\u0131 ar\u0131zalar\u0131 erken tespit etmek i\u00e7in periyodik kontroller yap\u0131n. Bu uygulama, zaman\u0131nda m\u00fcdahale edilmesini ve b\u00fcy\u00fck ar\u0131zalar\u0131n \u00f6nlenmesini sa\u011flar.<\/li>\n<li><strong>Uygun Ya\u011flama:<\/strong> T\u00fcm hareketli par\u00e7alar\u0131n yeterince ya\u011flanmas\u0131n\u0131 sa\u011flamak i\u00e7in d\u00fczenli bir ya\u011flama program\u0131 uygulay\u0131n. Bu, a\u015f\u0131r\u0131 a\u015f\u0131nmay\u0131 \u00f6nler ve silindirin \u00f6mr\u00fcn\u00fc uzat\u0131r.<\/li>\n<li><strong>Conta De\u011fi\u015fimi:<\/strong> Contalar\u0131 d\u00fczenli olarak kontrol edin ve a\u015f\u0131nma belirtileri g\u00f6sterdiklerinde de\u011fi\u015ftirin. Bu basit i\u015flem, s\u0131z\u0131nt\u0131lar\u0131 \u00f6nleyebilir ve hidrolik sistemin b\u00fct\u00fcnl\u00fc\u011f\u00fcn\u00fc koruyabilir.<\/li>\n<\/ul>\n<h2>G\u00fcvenlik Hususlar\u0131 ve \u00c7evresel Fakt\u00f6rler<\/h2>\n<p>Hidrolik makinelerin \u00e7al\u0131\u015ft\u0131r\u0131lmas\u0131nda g\u00fcvenlik \u00f6nlemleri \u00e7ok \u00f6nemlidir. Riskleri en aza indirmek i\u00e7in operat\u00f6rler do\u011fru kullan\u0131m ve g\u00fcvenlik protokolleri konusunda e\u011fitilmelidir. Makinenin s\u0131n\u0131rlamalar\u0131n\u0131 anlamak ve \u00f6nerilen \u00e7al\u0131\u015ft\u0131rma prosed\u00fcrlerine uymak, kazalar\u0131 \u00f6nlemek i\u00e7in \u015fartt\u0131r.<\/p>\n<h2>Sorun Giderme ve Yayg\u0131n Sorunlar<\/h2>\n<ul>\n<li><strong>Yava\u015f Hareket:<\/strong> Bu durum, hidrolik s\u0131v\u0131 seviyesinin d\u00fc\u015f\u00fck oldu\u011funu veya sistemde hava bulundu\u011funu g\u00f6sterebilir. Sorunu \u00e7\u00f6zmek i\u00e7in s\u0131v\u0131 seviyelerini kontrol edin ve sistemi havaland\u0131r\u0131n.<\/li>\n<li><strong>S\u0131z\u0131nt\u0131:<\/strong> Contalar\u0131 ve ba\u011flant\u0131lar\u0131 a\u015f\u0131nma veya hasar a\u00e7\u0131s\u0131ndan kontrol edin. Bas\u0131nc\u0131 korumak ve s\u0131z\u0131nt\u0131lar\u0131 \u00f6nlemek i\u00e7in gerekti\u011finde contalar\u0131 de\u011fi\u015ftirin.<\/li>\n<li><strong>Hareket Yok:<\/strong> Bu durum elektriksel sorunlardan veya hidrolik hatlardaki t\u0131kan\u0131kl\u0131klardan kaynaklanabilir. Hidrolik devreyi ar\u0131za a\u00e7\u0131s\u0131ndan iyice inceleyin.<\/li>\n<\/ul>\n<h2>Etkili Sorun Giderme \u0130pu\u00e7lar\u0131<\/h2>\n<p>Bom silindirindeki sorunlar\u0131 te\u015fhis ederken, \u00f6ncelikle g\u00f6rsel incelemelerle belirgin sorunlar\u0131 tespit edin. D\u00fczenli bak\u0131m uygulamalar\u0131, s\u0131z\u0131nt\u0131lar ve yava\u015f \u00e7al\u0131\u015fma gibi bir\u00e7ok yayg\u0131n sorunun \u00f6nlenmesine yard\u0131mc\u0131 olabilir. Ayr\u0131nt\u0131l\u0131 bir bak\u0131m kayd\u0131 tutmak, tekrarlayan sorunlar\u0131n belirlenmesine ve onar\u0131mlar i\u00e7in daha iyi planlama yap\u0131lmas\u0131na yard\u0131mc\u0131 olabilir.<\/p>\n<p><img decoding=\"async\" src=\"https:\/\/www.hydraulic-cylinders.net\/wp-content\/uploads\/2025\/04\/songte-bushings-with-all-kinds-of-excavator-models.webp\" alt=\"Ekskavat\u00f6r Modelleri\"><\/p>\n<h2>\u015eirketimiz Hakk\u0131nda<\/h2>\n<p>\u00d6nde gelen yedek hidrolik silindir \u00fcreticisiyiz ve kapsaml\u0131 bir \u00fcr\u00fcn yelpazesi sunuyoruz. \u015eirketimiz, hem yurt i\u00e7i hem de uluslararas\u0131 pazarlarda \u00f6nde gelen bir hidrolik silindir \u00fcreticisi ve toptan da\u011f\u0131t\u0131c\u0131s\u0131 olarak kendini kan\u0131tlam\u0131\u015ft\u0131r. \u00dcst\u00fcn kalite standartlar\u0131na ba\u011fl\u0131 kal\u0131yor ve geli\u015fmi\u015f bir \u00fcretim y\u00f6netim stratejisi uyguluyoruz.<\/p>\n<p>Yetenekli profesyonellerin, geli\u015fmi\u015f dijital \u00fcretim ekipmanlar\u0131n\u0131n ve \u00f6zel test sistemlerinin kullan\u0131m\u0131yla \u00fcretim kapasitemizi s\u00fcrekli olarak geli\u015ftiriyoruz. Kaliteye olan ba\u011fl\u0131l\u0131\u011f\u0131m\u0131z, \u00e7e\u015fitli m\u00fc\u015fteri ihtiya\u00e7lar\u0131n\u0131 kar\u015f\u0131lamakla kalm\u0131yor, ayn\u0131 zamanda pazar konumumuzu da g\u00fc\u00e7lendiriyor.<\/p>\n<p><img decoding=\"async\" src=\"https:\/\/www.hydraulic-cylinders.net\/wp-content\/uploads\/2025\/04\/songte-company-4.webp\" alt=\"\u015eirket Genel Bak\u0131\u015f\u0131\"><br \/>\n<img decoding=\"async\" src=\"https:\/\/www.hydraulic-cylinders.net\/wp-content\/uploads\/2025\/04\/songte-company-3.webp\" alt=\"\u00dcretim Tesisi\"><\/p>\n<p>M\u00fc\u015fterilerimizin en iyi kalite ve hizmeti almas\u0131n\u0131 sa\u011flamak i\u00e7in profesyonelli\u011fimiz, uluslararas\u0131 sertifikalar\u0131m\u0131z, \u00f6zelle\u015ftirilebilir hizmetlerimiz ve m\u00fckemmel sat\u0131\u015f sonras\u0131 deste\u011fimizle gurur duyuyoruz.<\/p>\n<p>Yazar: lyl<\/p>","protected":false},"excerpt":{"rendered":"<p>Boom Cylinder For Kato Small Excavator HD550-1-7 Understanding the Boom Cylinder The boom cylinder is a hydraulic cylinder specifically designed for controlling the movement of the boom on various heavy machinery, such as excavators, backhoe loaders, and front-end loaders. This essential component allows the boom to lift, lower, and tilt, facilitating efficient material handling tasks. [&hellip;]<\/p>","protected":false},"featured_media":17875,"comment_status":"open","ping_status":"closed","template":"","meta":{"_et_pb_use_builder":"","_et_pb_old_content":"","_et_gb_content_width":""},"product_brand":[],"product_cat":[1546],"product_tag":[1547,1496],"class_list":{"0":"post-19732","1":"product","2":"type-product","3":"status-publish","4":"has-post-thumbnail","6":"product_cat-boom-cylinders","7":"product_tag-boom-cylinders","8":"product_tag-hydraulic-cylinders","10":"first","11":"instock","12":"shipping-taxable","13":"product-type-simple"},"amp_enabled":true,"_links":{"self":[{"href":"https:\/\/www.hydraulic-cylinders.net\/tr\/wp-json\/wp\/v2\/product\/19732","targetHints":{"allow":["GET"]}}],"collection":[{"href":"https:\/\/www.hydraulic-cylinders.net\/tr\/wp-json\/wp\/v2\/product"}],"about":[{"href":"https:\/\/www.hydraulic-cylinders.net\/tr\/wp-json\/wp\/v2\/types\/product"}],"replies":[{"embeddable":true,"href":"https:\/\/www.hydraulic-cylinders.net\/tr\/wp-json\/wp\/v2\/comments?post=19732"}],"wp:featuredmedia":[{"embeddable":true,"href":"https:\/\/www.hydraulic-cylinders.net\/tr\/wp-json\/wp\/v2\/media\/17875"}],"wp:attachment":[{"href":"https:\/\/www.hydraulic-cylinders.net\/tr\/wp-json\/wp\/v2\/media?parent=19732"}],"wp:term":[{"taxonomy":"product_brand","embeddable":true,"href":"https:\/\/www.hydraulic-cylinders.net\/tr\/wp-json\/wp\/v2\/product_brand?post=19732"},{"taxonomy":"product_cat","embeddable":true,"href":"https:\/\/www.hydraulic-cylinders.net\/tr\/wp-json\/wp\/v2\/product_cat?post=19732"},{"taxonomy":"product_tag","embeddable":true,"href":"https:\/\/www.hydraulic-cylinders.net\/tr\/wp-json\/wp\/v2\/product_tag?post=19732"}],"curies":[{"name":"wp","href":"https:\/\/api.w.org\/{rel}","templated":true}]}}