{"id":19733,"date":"2025-04-07T07:04:37","date_gmt":"2025-04-07T07:04:37","guid":{"rendered":"https:\/\/www.hydraulic-cylinders.net\/product\/boom-cylinder-for-kato-small-excavator-hd820-3\/"},"modified":"2025-04-07T07:04:39","modified_gmt":"2025-04-07T07:04:39","slug":"boom-cylinder-for-kato-small-excavator-hd820-3","status":"publish","type":"product","link":"https:\/\/www.hydraulic-cylinders.net\/tr\/urun\/boom-cylinder-for-kato-small-excavator-hd820-3\/","title":{"rendered":"Kato HD820-3 K\u00fc\u00e7\u00fck Ekskavat\u00f6r \u0130\u00e7in Bom Silindiri"},"content":{"rendered":"<h1>Kato HD820-3 K\u00fc\u00e7\u00fck Ekskavat\u00f6r \u0130\u00e7in Bom Silindiri<\/h1>\n<h2>Bom Silindirlerine Giri\u015f<\/h2>\n<p>Kato HD820-3 k\u00fc\u00e7\u00fck ekskavat\u00f6r i\u00e7in tasarlanm\u0131\u015f bom silindiri, ekskavat\u00f6rler, beko y\u00fckleyiciler ve \u00f6n y\u00fckleyiciler de dahil olmak \u00fczere \u00e7e\u015fitli a\u011f\u0131r makinelerde kep\u00e7elerin hareketini kontrol etmek i\u00e7in \u00f6zel olarak tasarlanm\u0131\u015f \u00f6nemli bir hidrolik bile\u015fendir. Bu hidrolik silindirler, kep\u00e7enin kald\u0131r\u0131lmas\u0131n\u0131, indirilmesini ve e\u011filmesini kolayla\u015ft\u0131rarak in\u015faat ve kaz\u0131 i\u015flemlerinde malzeme ta\u015f\u0131ma g\u00f6revleri i\u00e7in hayati \u00f6nem ta\u015f\u0131r.<\/p>\n<p>Bu cihazlar\u0131n temelinde, hareket olu\u015fturmak i\u00e7in bas\u0131n\u00e7l\u0131 s\u0131v\u0131 kullanan hidrolik sistem bulunur. Hidrolik silindir t\u00fcr\u00fc olan kova silindiri, a\u011f\u0131r kald\u0131rma ve ta\u015f\u0131ma s\u0131ras\u0131nda olu\u015fan a\u015f\u0131r\u0131 kuvvetleri kald\u0131racak \u015fekilde tasarlanm\u0131\u015ft\u0131r. Sa\u011flam yap\u0131s\u0131, zorlu \u00e7al\u0131\u015fma ortamlar\u0131nda bile g\u00fcvenilirlik ve performans sa\u011flar.<\/p>\n<p><img decoding=\"async\" src=\"https:\/\/www.hydraulic-cylinders.net\/wp-content\/uploads\/2025\/04\/songte-company-1.webp\" alt=\"Kato K\u00fc\u00e7\u00fck Ekskavat\u00f6r i\u00e7in Bom Silindiri\"><\/p>\n<h3>Bom Silindirinin \u00d6zellikleri<\/h3>\n<ul>\n<li><strong>Y\u00fcksek Dayan\u0131kl\u0131l\u0131k ve Dayan\u0131kl\u0131l\u0131k:<\/strong> Y\u00fcksek mukavemetli \u00e7elik veya al\u00fcminyumdan \u00fcretilen bu silindirler, y\u00fcksek bas\u0131nca ve a\u011f\u0131r y\u00fcklere dayanabilir, bu da onlar\u0131 zorlu \u00e7al\u0131\u015fma ko\u015fullar\u0131 i\u00e7in uygun hale getirir.<\/li>\n<li><strong>Verimli Hidrolik \u00c7al\u0131\u015fma:<\/strong> Silindirin sorunsuz bir \u015fekilde uzat\u0131l\u0131p geri \u00e7ekilmesi hidrolik ya\u011f bas\u0131nc\u0131 sayesinde sa\u011flan\u0131r; bu da kontrol komutlar\u0131na h\u0131zl\u0131 yan\u0131t verilmesini ve g\u00fc\u00e7l\u00fc itme ve \u00e7ekme kuvvetlerinin sa\u011flanmas\u0131n\u0131 m\u00fcmk\u00fcn k\u0131lar.<\/li>\n<li><strong>\u00c7e\u015fitli T\u00fcrler:<\/strong> Bom silindirleri, \u00e7e\u015fitli operasyonel ihtiya\u00e7lar\u0131 kar\u015f\u0131lamak i\u00e7in hem tek etkili hem de \u00e7ift etkili tasar\u0131mlarda mevcuttur. Baz\u0131 modeller teleskopiktir ve d\u0131\u015f boyutlar\u0131 art\u0131rmadan daha fazla uzatmaya olanak tan\u0131r; bu da alan k\u0131s\u0131tlamal\u0131 uygulamalar i\u00e7in idealdir.<\/li>\n<li><strong>Uyumluluk:<\/strong> \u00dcr\u00fcnlerimiz, mevcut hidrolik silindirlerin yerini m\u00fckemmel bir \u015fekilde alacak \u015fekilde tasarlanm\u0131\u015ft\u0131r ve mevcut makinelerle sorunsuz bir entegrasyon sa\u011flar.<\/li>\n<li><strong>Bak\u0131m\u0131 Kolay Tasar\u0131m:<\/strong> Bu silindirler kolay bak\u0131m i\u00e7in tasarlanm\u0131\u015ft\u0131r, bu da uzun \u00f6m\u00fcrl\u00fc performans ve daha az ar\u0131za s\u00fcresi sa\u011flar.<\/li>\n<\/ul>\n<p><img decoding=\"async\" src=\"https:\/\/www.hydraulic-cylinders.net\/wp-content\/uploads\/2025\/04\/songte-cylinder-head-with-all-kinds-excavator-models.webp\" alt=\"Ekskavat\u00f6r Modelleri Uyumlulu\u011fu\"><\/p>\n<h2>Bom Silindirinin Uygulamalar\u0131<\/h2>\n<h3>\u0130n\u015faat Ekipmanlar\u0131<\/h3>\n<p>In construction equipment, particularly excavators, boom cylinders are crucial for digging, loading, and moving dirt or debris. They provide the necessary force to penetrate the ground, allowing operators to excavate efficiently. In backhoe loaders, these cylinders assist not only in digging but also in lifting materials, enhancing the machine&#8217;s versatility and effectiveness in various tasks.<\/p>\n<h3>Tar\u0131m Makinalar\u0131<\/h3>\n<p>Tar\u0131m makinelerinde, \u00f6n y\u00fckleyiciler toprak, saman ve di\u011fer malzemeleri kep\u00e7elemek, kald\u0131rmak ve ta\u015f\u0131mak i\u00e7in bom silindirleri kullan\u0131r. Bu hidrolik silindirler, tar\u0131msal ortamlarda verimlilik i\u00e7in hayati \u00f6nem ta\u015f\u0131yan h\u0131zl\u0131 malzeme ta\u015f\u0131ma ve elle\u00e7leme olana\u011f\u0131 sa\u011flayarak tar\u0131m i\u015flemlerinin verimlili\u011fini art\u0131rmada \u00f6nemli bir rol oynar.<\/p>\n<h3>Ekskavat\u00f6rler<\/h3>\n<p>Ekskavat\u00f6rlerde, bom silindiri kep\u00e7enin topra\u011fa n\u00fcfuz etmesini sa\u011flayarak etkili kaz\u0131 i\u015flemlerini kolayla\u015ft\u0131r\u0131r. Bu silindirlerin sa\u011flad\u0131\u011f\u0131 hidrolik g\u00fc\u00e7, ekskavat\u00f6rlerin hendek kazmadan temel kazmaya kadar \u00e7e\u015fitli i\u015fleri hassasiyet ve kolayl\u0131kla ger\u00e7ekle\u015ftirmesini sa\u011flar. Bu yetenek, derin kaz\u0131 gerektiren in\u015faat projeleri i\u00e7in \u00e7ok \u00f6nemlidir.<\/p>\n<h3>Y\u00fckleyiciler<\/h3>\n<p>\u00d6n y\u00fckleyicilerde, bom silindirleri y\u00fcklerin etkin bir \u015fekilde kald\u0131r\u0131lmas\u0131na ve bo\u015falt\u0131lmas\u0131na yard\u0131mc\u0131 olur. A\u011f\u0131r malzemeleri kald\u0131rmak i\u00e7in gerekli kald\u0131rma kuvvetini sa\u011flarlar ve kontroll\u00fc bo\u015faltmay\u0131 garanti ederek in\u015faat ve peyzaj faaliyetlerinde malzeme ta\u015f\u0131ma verimlili\u011fini art\u0131r\u0131rlar.<\/p>\n<h2>Bom Silindirleri \u0130\u00e7in Tasar\u0131m Hususlar\u0131<\/h2>\n<h3>Y\u00fck Kapasitesi<\/h3>\n<p>Bom silindirlerinin tasar\u0131m\u0131nda y\u00fck ta\u015f\u0131ma kapasitesi kritik bir fakt\u00f6rd\u00fcr. Silindir, g\u00fcvenlik veya performanstan \u00f6d\u00fcn vermeden beklenen maksimum y\u00fck\u00fc ta\u015f\u0131yabilmelidir. M\u00fchendisler, silindirin hizmet verece\u011fi \u00f6zel uygulamalara g\u00f6re gerekli y\u00fck ta\u015f\u0131ma kapasitesini hesaplayarak, end\u00fcstri standartlar\u0131n\u0131 kar\u015f\u0131lamas\u0131n\u0131 veya a\u015fmas\u0131n\u0131 sa\u011flarlar.<\/p>\n<h3>S\u0131zd\u0131rmazl\u0131k ve Dayan\u0131kl\u0131l\u0131k<\/h3>\n<p>Hidrolik silindirlerde s\u0131z\u0131nt\u0131lar\u0131 \u00f6nlemek ve bas\u0131nc\u0131 korumak i\u00e7in etkili s\u0131zd\u0131rmazl\u0131k hayati \u00f6nem ta\u015f\u0131r. Poli\u00fcretan ve nitril kau\u00e7uk gibi dayan\u0131kl\u0131 malzemelerden \u00fcretilen y\u00fcksek kaliteli contalar, uzun \u00f6m\u00fcrl\u00fcl\u00fc\u011f\u00fc ve g\u00fcvenilirli\u011fi art\u0131rmak i\u00e7in kullan\u0131l\u0131r. Tasar\u0131mda ayr\u0131ca a\u015f\u0131nma ve y\u0131pranma potansiyeli de g\u00f6z \u00f6n\u00fcnde bulundurulmal\u0131 ve contalar\u0131n \u00e7al\u0131\u015fma ko\u015fullar\u0131na dayanabilmesi sa\u011flanmal\u0131d\u0131r.<\/p>\n<h3>G\u00fcvenlik \u00d6zellikleri<\/h3>\n<p>Bom silindirlerinin tasar\u0131m\u0131nda g\u00fcvenlik en \u00f6nemli unsurdur. Bas\u0131n\u00e7 tahliye vanalar\u0131 ve ar\u0131za emniyet mekanizmalar\u0131 gibi g\u00fcvenlik \u00f6zelliklerinin entegre edilmesi, ekipman\u0131n g\u00fcvenli parametreler i\u00e7inde \u00e7al\u0131\u015fmas\u0131n\u0131 sa\u011flar. D\u00fczenli g\u00fcvenlik denetimleri ve g\u00fcvenlik standartlar\u0131na uyulmas\u0131, kazalar\u0131 ve ekipman ar\u0131zalar\u0131n\u0131 \u00f6nlemek i\u00e7in \u00e7ok \u00f6nemlidir.<\/p>\n<h3>Bak\u0131m Eri\u015filebilirli\u011fi<\/h3>\n<p>Bom silindirlerinin optimum durumda kalmas\u0131 i\u00e7in bak\u0131m eri\u015filebilirli\u011fine y\u00f6nelik tasar\u0131m \u015fartt\u0131r. Ya\u011flama ve inceleme i\u00e7in kolay eri\u015fim noktalar\u0131 gibi \u00f6zellikler, ar\u0131za s\u00fcrelerini \u00f6nemli \u00f6l\u00e7\u00fcde azaltabilir. D\u00fc\u015f\u00fcnceli tasar\u0131m, d\u00fczenli bak\u0131m kontrollerini kolayla\u015ft\u0131rarak silindirin \u00f6mr\u00fcn\u00fc uzat\u0131r ve genel performans\u0131 art\u0131r\u0131r.<\/p>\n<p><img decoding=\"async\" src=\"https:\/\/www.hydraulic-cylinders.net\/wp-content\/uploads\/2025\/04\/songte-oil-pipes-and-spare-parts.webp\" alt=\"Hidrolik Borular ve Yedek Par\u00e7alar\"><\/p>\n<h2>Bom Silindirlerinin S\u0131zd\u0131rmazl\u0131\u011f\u0131 ve Ya\u011flanmas\u0131<\/h2>\n<p>Bom silindirleri i\u00e7indeki hidrolik bas\u0131nc\u0131n korunmas\u0131 i\u00e7in etkili s\u0131zd\u0131rmazl\u0131k \u00e7ok \u00f6nemlidir. Hidrolik s\u0131v\u0131 s\u0131z\u0131nt\u0131lar\u0131n\u0131 \u00f6nlemek i\u00e7in piston contalar\u0131 ve mil contalar\u0131 da dahil olmak \u00fczere \u00e7e\u015fitli contalar kullan\u0131l\u0131r. Contalar genellikle dayan\u0131kl\u0131l\u0131klar\u0131 ve a\u015f\u0131r\u0131 ko\u015fullara dayanabilme yetenekleri nedeniyle se\u00e7ilen poli\u00fcretan ve nitril kau\u00e7uk gibi a\u015f\u0131nmaya dayan\u0131kl\u0131 malzemelerden yap\u0131l\u0131r.<\/p>\n<p>The surface of the cylinder body and threaded end are meticulously processed to enhance wear resistance, ensuring longevity and performance. Regular lubrication is also necessary; operators should ensure that an adequate amount of hydraulic oil is added periodically to maintain the cylinder&#8217;s functionality and prevent wear.<\/p>\n<h2>D\u00fczenli Muayene ve \u00d6nleyici Bak\u0131m<\/h2>\n<ul>\n<li><strong>Rutin Denetimler:<\/strong> S\u0131z\u0131nt\u0131lar\u0131, a\u015f\u0131nmay\u0131 veya hasar\u0131 tespit etmek i\u00e7in d\u00fczenli kontroller planlay\u0131n. Sorunlar\u0131n erken tespiti, maliyetli onar\u0131mlar\u0131 ve ar\u0131za s\u00fcrelerini \u00f6nleyebilir.<\/li>\n<li><strong>Uygun Ya\u011flama:<\/strong> S\u00fcrt\u00fcnmeyi ve a\u015f\u0131nmay\u0131 azaltmak i\u00e7in t\u00fcm hareketli par\u00e7alar\u0131n uygun hidrolik ya\u011f ile yeterince ya\u011fland\u0131\u011f\u0131ndan emin olun.<\/li>\n<li><strong>Conta De\u011fi\u015fimi:<\/strong> Hidrolik verimlili\u011fi korumak ve s\u0131z\u0131nt\u0131lar\u0131 \u00f6nlemek i\u00e7in contalar\u0131 d\u00fczenli olarak a\u015f\u0131nma belirtileri a\u00e7\u0131s\u0131ndan kontrol edin ve gerekti\u011finde de\u011fi\u015ftirin.<\/li>\n<\/ul>\n<h2>Bom Silindirleri \u0130\u00e7in Montaj K\u0131lavuzu<\/h2>\n<p>Bom silindirinin montaj\u0131, d\u00fczg\u00fcn \u00e7al\u0131\u015fmas\u0131 ve uzun \u00f6m\u00fcrl\u00fc olmas\u0131 i\u00e7in detaylara dikkat edilmesini gerektirir. \u015eu y\u00f6nergeleri izleyin:<\/p>\n<ul>\n<li><strong>Haz\u0131rl\u0131k:<\/strong> Kurulumdan \u00f6nce, \u00e7al\u0131\u015fma alan\u0131n\u0131n temiz ve kal\u0131nt\u0131lardan ar\u0131nd\u0131r\u0131lm\u0131\u015f oldu\u011fundan emin olun. Gerekli t\u00fcm alet ve bile\u015fenleri toplay\u0131n.<\/li>\n<li><strong>Hizalama:<\/strong> Proper alignment of the cylinder with the mounting points is crucial. Use a level to ensure the cylinder is straight and aligned with the machine&#8217;s structure.<\/li>\n<li><strong>G\u00fcvenli Montaj:<\/strong> Silindiri sa\u011flam bir \u015fekilde yerine sabitlemek i\u00e7in uygun montaj braketlerini kullan\u0131n. \u00c7al\u0131\u015fma s\u0131ras\u0131nda hareket etmesini \u00f6nlemek i\u00e7in t\u00fcm c\u0131vatalar\u0131n \u00fcreticinin belirtti\u011fi \u00f6zelliklere g\u00f6re s\u0131k\u0131ld\u0131\u011f\u0131ndan emin olun.<\/li>\n<li><strong>Hidrolik Ba\u011flant\u0131:<\/strong> Hidrolik hatlar\u0131, b\u00fck\u00fclme veya k\u0131vr\u0131lma olmad\u0131\u011f\u0131ndan emin olarak dikkatlice ba\u011flay\u0131n. Mevcut hidrolik sistemlerle uyumlulu\u011funu kontrol edin.<\/li>\n<li><strong>Test:<\/strong> Kurulumdan sonra, silindirin sorunsuz ve s\u0131z\u0131nt\u0131s\u0131z \u00e7al\u0131\u015ft\u0131\u011f\u0131n\u0131 do\u011frulamak i\u00e7in bir test \u00e7al\u0131\u015fmas\u0131 yap\u0131n. \u0130lk \u00e7al\u0131\u015ft\u0131rmalar s\u0131ras\u0131nda performans\u0131 yak\u0131ndan izleyin.<\/li>\n<\/ul>\n<p><img decoding=\"async\" src=\"https:\/\/www.hydraulic-cylinders.net\/wp-content\/uploads\/2025\/04\/songte-chushion-collar.webp\" alt=\"Yast\u0131k Yaka\"><\/p>\n<h2>G\u00fcvenlik Hususlar\u0131 ve \u00c7evresel Fakt\u00f6rler<\/h2>\n<p>Hidrolik silindirler kullan\u0131l\u0131rken, kazalar\u0131 \u00f6nlemek i\u00e7in g\u00fcvenlik \u00f6nlemlerine uyulmas\u0131 hayati \u00f6nem ta\u015f\u0131r. Operat\u00f6rler, do\u011fru kullan\u0131m teknikleri ve ki\u015fisel koruyucu ekipman (KKD) kullan\u0131m\u0131 konusunda e\u011fitilmelidir. G\u00fcvenlik standartlar\u0131na ve y\u00f6netmeliklerine uyumu sa\u011flamak i\u00e7in d\u00fczenli g\u00fcvenlik denetimleri yap\u0131lmal\u0131d\u0131r.<\/p>\n<p>Ayr\u0131ca, hidrolik s\u0131v\u0131 s\u0131z\u0131nt\u0131lar\u0131n\u0131n y\u00f6netimi gibi \u00e7evresel hususlar da \u00e7ok \u00f6nemlidir. Hidrolik s\u0131v\u0131lar i\u00e7in s\u0131z\u0131nt\u0131 \u00f6nleme \u00f6nlemlerinin ve uygun bertaraf protokollerinin uygulanmas\u0131, hidrolik sistemlerin \u00e7evresel etkisini \u00f6nemli \u00f6l\u00e7\u00fcde azaltabilir.<\/p>\n<h2>Ar\u0131za Te\u015fhisi ve Yayg\u0131n Sorunlar<\/h2>\n<ul>\n<li><strong>Hidrolik S\u0131z\u0131nt\u0131lar:<\/strong> S\u0131z\u0131nt\u0131lar, contalar\u0131n a\u015f\u0131nmas\u0131 ve y\u0131pranmas\u0131 nedeniyle meydana gelebilir. Bu sorunu \u00f6nlemek i\u00e7in d\u00fczenli bak\u0131m gereklidir.<\/li>\n<li><strong>D\u00fc\u015f\u00fck Performans:<\/strong> Silindir h\u0131zl\u0131 tepki vermiyorsa veya g\u00fcc\u00fc azalm\u0131\u015fsa, bu hidrolik sistemde hava oldu\u011funu veya s\u0131v\u0131 seviyesinin d\u00fc\u015f\u00fck oldu\u011funu g\u00f6sterebilir.<\/li>\n<li><strong>A\u015f\u0131r\u0131 Is\u0131nma:<\/strong> Yeterli so\u011futma olmadan s\u00fcrekli \u00e7al\u0131\u015fma, a\u015f\u0131r\u0131 \u0131s\u0131nmaya yol a\u00e7arak hidrolik s\u0131v\u0131n\u0131n viskozitesini ve performans\u0131n\u0131 etkileyebilir.<\/li>\n<\/ul>\n<p>Bu sorunlar\u0131 te\u015fhis ederken, hidrolik sistemin s\u0131z\u0131nt\u0131lar, s\u0131v\u0131 seviyeleri ve contalar\u0131n ve hortumlar\u0131n sa\u011flaml\u0131\u011f\u0131 a\u00e7\u0131s\u0131ndan iyice incelenmesi \u015fartt\u0131r. D\u00fczenli \u00f6nleyici tedbirler, potansiyel sorunlar\u0131 \u00f6nemli \u00f6l\u00e7\u00fcde azaltabilir ve hidrolik silindirlerin \u00f6mr\u00fcn\u00fc uzatabilir.<\/p>\n<p><img decoding=\"async\" src=\"https:\/\/www.hydraulic-cylinders.net\/wp-content\/uploads\/2025\/04\/songte-bushings-with-all-kinds-of-excavator-models.webp\" alt=\"Ekskavat\u00f6r Modelleri i\u00e7in Bur\u00e7lar\"><\/p>\n<h2>\u00c7\u00f6z\u00fcm<\/h2>\n<p>Firmam\u0131z, y\u00fcksek kaliteli yedek hidrolik silindirler \u00fcretme konusunda uzmanla\u015fm\u0131\u015f olup, hem yurt i\u00e7i hem de uluslararas\u0131 pazarlarda \u00f6nde gelen \u00fcretici ve toptanc\u0131lardan biri olarak kendini kan\u0131tlam\u0131\u015ft\u0131r. Geli\u015fmi\u015f \u00fcretim stratejileri ve \u00fcst d\u00fczey dijital ekipmanlardan yararlanarak \u00fcst\u00fcn kalite standartlar\u0131na ba\u011fl\u0131 kal\u0131yoruz. \u00dcretim s\u00fcre\u00e7lerinde ve \u00fcr\u00fcn kalitesinde s\u00fcrekli iyile\u015ftirmeye olan ba\u011fl\u0131l\u0131\u011f\u0131m\u0131z, \u00e7e\u015fitli m\u00fc\u015fteri ihtiya\u00e7lar\u0131n\u0131 verimli ve do\u011fru bir \u015fekilde kar\u015f\u0131lamam\u0131z\u0131 sa\u011flamaktad\u0131r.<\/p>\n<p>\u00d6zelle\u015ftirilmi\u015f hizmetler, uluslararas\u0131 sertifikalar ve g\u00fc\u00e7l\u00fc bir sat\u0131\u015f sonras\u0131 destek sistemi sunuyoruz. Geli\u015fmi\u015f \u00fcretim ekipmanlar\u0131m\u0131z, \u00fcr\u00fcnlerimizde y\u00fcksek hassasiyet ve verimlilik sa\u011flamam\u0131za ve \u00e7e\u015fitli uygulama ve \u00f6zelliklere uygun \u00e7\u00f6z\u00fcmler sunmam\u0131za olanak tan\u0131r.<\/p>\n<p><img decoding=\"async\" src=\"https:\/\/www.hydraulic-cylinders.net\/wp-content\/uploads\/2025\/04\/songte-company-4.webp\" alt=\"\u015eirket Genel Bak\u0131\u015f\u0131\"><br \/>\n<img decoding=\"async\" src=\"https:\/\/www.hydraulic-cylinders.net\/wp-content\/uploads\/2025\/04\/songte-company-3.webp\" alt=\"\u015eirket Tesisleri\"><\/p>\n<p>Yazar: lyl<\/p>","protected":false},"excerpt":{"rendered":"<p>Boom Cylinder For Kato Small Excavator HD820-3 Introduction to Boom Cylinders The Boom Cylinder for Kato Small Excavator HD820-3 is an essential hydraulic component designed specifically for controlling the movement of buckets in various heavy machinery, including excavators, backhoe loaders, and front loaders. These hydraulic cylinders facilitate the lifting, lowering, and tilting of the bucket, [&hellip;]<\/p>","protected":false},"featured_media":17876,"comment_status":"open","ping_status":"closed","template":"","meta":{"_et_pb_use_builder":"","_et_pb_old_content":"","_et_gb_content_width":""},"product_brand":[],"product_cat":[1546],"product_tag":[1547,1496],"class_list":{"0":"post-19733","1":"product","2":"type-product","3":"status-publish","4":"has-post-thumbnail","6":"product_cat-boom-cylinders","7":"product_tag-boom-cylinders","8":"product_tag-hydraulic-cylinders","10":"first","11":"instock","12":"shipping-taxable","13":"product-type-simple"},"amp_enabled":true,"_links":{"self":[{"href":"https:\/\/www.hydraulic-cylinders.net\/tr\/wp-json\/wp\/v2\/product\/19733","targetHints":{"allow":["GET"]}}],"collection":[{"href":"https:\/\/www.hydraulic-cylinders.net\/tr\/wp-json\/wp\/v2\/product"}],"about":[{"href":"https:\/\/www.hydraulic-cylinders.net\/tr\/wp-json\/wp\/v2\/types\/product"}],"replies":[{"embeddable":true,"href":"https:\/\/www.hydraulic-cylinders.net\/tr\/wp-json\/wp\/v2\/comments?post=19733"}],"wp:featuredmedia":[{"embeddable":true,"href":"https:\/\/www.hydraulic-cylinders.net\/tr\/wp-json\/wp\/v2\/media\/17876"}],"wp:attachment":[{"href":"https:\/\/www.hydraulic-cylinders.net\/tr\/wp-json\/wp\/v2\/media?parent=19733"}],"wp:term":[{"taxonomy":"product_brand","embeddable":true,"href":"https:\/\/www.hydraulic-cylinders.net\/tr\/wp-json\/wp\/v2\/product_brand?post=19733"},{"taxonomy":"product_cat","embeddable":true,"href":"https:\/\/www.hydraulic-cylinders.net\/tr\/wp-json\/wp\/v2\/product_cat?post=19733"},{"taxonomy":"product_tag","embeddable":true,"href":"https:\/\/www.hydraulic-cylinders.net\/tr\/wp-json\/wp\/v2\/product_tag?post=19733"}],"curies":[{"name":"wp","href":"https:\/\/api.w.org\/{rel}","templated":true}]}}