{"id":19736,"date":"2025-04-07T07:04:44","date_gmt":"2025-04-07T07:04:44","guid":{"rendered":"https:\/\/www.hydraulic-cylinders.net\/product\/boom-cylinder-for-kato-small-excavator-hd250-7\/"},"modified":"2025-04-07T07:04:46","modified_gmt":"2025-04-07T07:04:46","slug":"boom-cylinder-for-kato-small-excavator-hd250-7","status":"publish","type":"product","link":"https:\/\/www.hydraulic-cylinders.net\/tr\/urun\/boom-cylinder-for-kato-small-excavator-hd250-7\/","title":{"rendered":"Kato K\u00fc\u00e7\u00fck Ekskavat\u00f6r HD250-7 i\u00e7in Bom Silindiri"},"content":{"rendered":"<h1>Kato K\u00fc\u00e7\u00fck Ekskavat\u00f6r HD250-7 i\u00e7in Bom Silindiri<\/h1>\n<h2>\u00dcr\u00fcn Genel Bak\u0131\u015f\u0131<\/h2>\n<p>Kato HD250-7 k\u00fc\u00e7\u00fck ekskavat\u00f6r i\u00e7in kova silindiri, in\u015faat makinelerindeki hidrolik sistemlerin \u00e7al\u0131\u015fmas\u0131nda kritik bir rol oynayan \u00f6nemli bir bile\u015fendir. Ekskavat\u00f6rler, beko y\u00fckleyiciler ve \u00f6n y\u00fckleyiciler gibi a\u011f\u0131r ekipmanlarda kovalar\u0131n hareketini kontrol etmek i\u00e7in \u00f6zel olarak tasarlanm\u0131\u015f olan kova silindiri, kovan\u0131n kald\u0131r\u0131lmas\u0131n\u0131, indirilmesini ve e\u011filmesini sa\u011flar. Bu i\u015flevsellik, verimli malzeme ta\u015f\u0131ma g\u00f6revleri i\u00e7in \u00e7ok \u00f6nemlidir.<\/p>\n<p><img decoding=\"async\" src=\"https:\/\/www.hydraulic-cylinders.net\/wp-content\/uploads\/2025\/04\/songte-company-1.webp\" alt=\"Bom Silindiri G\u00f6r\u00fcnt\u00fcs\u00fc\" \/><\/p>\n<p>Hidrolik ya\u011f bas\u0131nc\u0131n\u0131 kullanan kova silindirleri, hem i\u015f sahas\u0131nda verimlilik hem de g\u00fcvenlik i\u00e7in hayati \u00f6nem ta\u015f\u0131yan sorunsuz ve verimli bir \u00e7al\u0131\u015fma sa\u011flar. Sunduklar\u0131 hassas kontrol, operat\u00f6rlerin a\u011f\u0131r malzemeleri kolayl\u0131kla manevra etmelerini sa\u011flayarak, in\u015faattan tar\u0131msal faaliyetlere kadar \u00e7e\u015fitli uygulamalarda vazge\u00e7ilmez hale getirir.<\/p>\n<h2>Bom Silindirinin \u00d6zellikleri<\/h2>\n<ul>\n<li><strong>Y\u00fcksek Dayan\u0131kl\u0131l\u0131k ve Dayan\u0131kl\u0131l\u0131k:<\/strong> Y\u00fcksek mukavemetli \u00e7elik veya al\u00fcminyumdan \u00fcretilen bu silindir, y\u00fcksek bas\u0131nca ve a\u011f\u0131r y\u00fcklere dayanabilir, bu da onu zorlu \u00e7al\u0131\u015fma ortamlar\u0131 i\u00e7in uygun hale getirir. Ayr\u0131ca a\u015f\u0131nma direnci ve korozyon korumas\u0131 da g\u00f6z \u00f6n\u00fcnde bulundurularak tasarlanm\u0131\u015ft\u0131r, bu da kullan\u0131m \u00f6mr\u00fcn\u00fc uzat\u0131r.<\/li>\n<li><strong>Verimli Hidrolik \u00c7al\u0131\u015fma:<\/strong> Silindir, d\u00fczg\u00fcn uzama ve geri \u00e7ekilme sa\u011flamak i\u00e7in hidrolik ya\u011f bas\u0131nc\u0131ndan yararlan\u0131r; bu da operat\u00f6r komutlar\u0131na h\u0131zl\u0131 yan\u0131t vermeyi ve \u00f6nemli bir kald\u0131rma kuvveti sa\u011flamay\u0131 m\u00fcmk\u00fcn k\u0131lar, a\u011f\u0131r ve karma\u015f\u0131k i\u015flerin \u00fcstesinden gelmek i\u00e7in olduk\u00e7a uygundur.<\/li>\n<li><strong>\u00c7e\u015fitli Tipler Mevcuttur:<\/strong> Operasyonel ihtiya\u00e7lara ba\u011fl\u0131 olarak, m\u00fc\u015fteriler tek etkili (tek y\u00f6nde hidrolik hareket) veya \u00e7ift etkili (iki y\u00f6nde hidrolik hareket) silindirler aras\u0131nda se\u00e7im yapabilirler. Baz\u0131 modellerde teleskopik tasar\u0131m bulunur ve bu da d\u0131\u015f boyutlar\u0131 art\u0131rmadan daha fazla eri\u015fim imkan\u0131 sunarak s\u0131n\u0131rl\u0131 alana sahip uygulamalar i\u00e7in idealdir.<\/li>\n<li><strong>\u00d6zel \u00dcretim:<\/strong> \u00dcretim kapasitemiz, mevcut hidrolik silindirlerin yerine m\u00fckemmel \u015fekilde ge\u00e7ebilen ve \u00e7e\u015fitli makinelerde uyumluluk ve performans sa\u011flayan silindirler \u00fcretmemize olanak tan\u0131r.<\/li>\n<li><strong>\u00c7ok Y\u00f6nl\u00fc Uygulamalar:<\/strong> Bu silindir tek bir makine t\u00fcr\u00fcyle s\u0131n\u0131rl\u0131 de\u011fildir; \u00e7e\u015fitli a\u011f\u0131r ekipman modellerine uyarlanabilir olmas\u0131, onu bir\u00e7ok sekt\u00f6rde de\u011ferli bir varl\u0131k haline getirmektedir.<\/li>\n<\/ul>\n<p><img decoding=\"async\" src=\"https:\/\/www.hydraulic-cylinders.net\/wp-content\/uploads\/2025\/04\/songte-cylinder-head-with-all-kinds-excavator-models.webp\" alt=\"Ekskavat\u00f6r Modelleri G\u00f6rseli\" \/><\/p>\n<h2>Bom Silindirinin Uygulamalar\u0131<\/h2>\n<h3>\u0130n\u015faat Ekipmanlar\u0131<\/h3>\n<p>Ekskavat\u00f6rlerde, bom silindirleri kazma, y\u00fckleme ve toprak veya moloz ta\u015f\u0131ma i\u015flemlerinde hayati \u00f6neme sahiptir. \u00d6zellikle hendek a\u00e7ma ve saha haz\u0131rl\u0131\u011f\u0131 gibi i\u015fler i\u00e7in gerekli olan kep\u00e7enin hareketini kolayla\u015ft\u0131r\u0131rlar. Kaz\u0131c\u0131 y\u00fckleyicilerde ise kep\u00e7e silindiri hem kazma hem de kald\u0131rma i\u015flemlerine yard\u0131mc\u0131 olarak, ekipman de\u011fi\u015ftirmeden \u00e7ok \u00e7e\u015fitli i\u015flerin yap\u0131lmas\u0131n\u0131 sa\u011flar.<\/p>\n<h3>Tar\u0131m Makinalar\u0131<\/h3>\n<p>\u00d6n y\u00fckleyicilerde, bom silindirleri toprak, saman ve di\u011fer malzemelerin kep\u00e7elenmesi, kald\u0131r\u0131lmas\u0131 ve ta\u015f\u0131nmas\u0131 i\u00e7in hayati \u00f6neme sahiptir. G\u00fc\u00e7leri ve verimlilikleri, a\u011f\u0131r y\u00fcklerin s\u0131k s\u0131k ta\u015f\u0131nmas\u0131n\u0131n gerekti\u011fi tar\u0131msal i\u015fler i\u00e7in onlar\u0131 ideal hale getirir.<\/p>\n<h3>Ekskavat\u00f6rler<\/h3>\n<p>Ekskavat\u00f6rlerin zemine etkili bir \u015fekilde n\u00fcfuz etmesini sa\u011flayan bom silindirleri, kazma i\u015fleminin hassas bir \u015fekilde ger\u00e7ekle\u015ftirilmesine olanak tan\u0131r. Sert topra\u011f\u0131 k\u0131rmak i\u00e7in gerekli g\u00fcc\u00fc sa\u011flarlar ve bu da onlar\u0131 in\u015faat ve peyzaj \u00e7al\u0131\u015fmalar\u0131nda hayati bir bile\u015fen haline getirir.<\/p>\n<h3>Y\u00fckleyiciler<\/h3>\n<p>\u00d6n y\u00fckleyicilerde, bom silindirleri y\u00fcklerin verimli bir \u015fekilde kald\u0131r\u0131lmas\u0131na ve bo\u015falt\u0131lmas\u0131na yard\u0131mc\u0131 olur. Tasar\u0131mlar\u0131, operat\u00f6rlerin malzemeleri minimum \u00e7aba ile hareket ettirip bo\u015faltmas\u0131n\u0131 sa\u011flayarak \u015fantiye verimlili\u011fini art\u0131r\u0131r.<\/p>\n<h2>Tasar\u0131m Hususlar\u0131 ve Se\u00e7im Kriterleri<\/h2>\n<h3>Y\u00fck Kapasitesi<\/h3>\n<p>Bir bom silindiri se\u00e7erken, y\u00fck ta\u015f\u0131ma kapasitesi en \u00f6nemli hususlardan biridir. Silindir, g\u00fcvenlik veya performanstan \u00f6d\u00fcn vermeden, operasyonlar s\u0131ras\u0131nda beklenen maksimum y\u00fck\u00fc kald\u0131rabilmelidir. Bu, g\u00fcvenilirli\u011fi sa\u011flamak i\u00e7in kapsaml\u0131 hesaplamalar ve testler gerektirir. M\u00fchendisler, ta\u015f\u0131nan malzemenin a\u011f\u0131rl\u0131\u011f\u0131n\u0131, operasyon s\u0131ras\u0131nda uygulanan kuvveti ve ar\u0131zay\u0131 \u00f6nlemek i\u00e7in gerekli g\u00fcvenlik fakt\u00f6rlerini de\u011ferlendirmelidir.<\/p>\n<h3>S\u0131zd\u0131rmazl\u0131k B\u00fct\u00fcnl\u00fc\u011f\u00fc<\/h3>\n<p>Etkili s\u0131zd\u0131rmazl\u0131k, hidrolik silindirler i\u00e7in s\u0131z\u0131nt\u0131lar\u0131 \u00f6nledi\u011fi ve sistem i\u00e7indeki bas\u0131nc\u0131 korudu\u011fu i\u00e7in \u00e7ok \u00f6nemlidir. Poli\u00fcretan ve nitril kau\u00e7uk gibi dayan\u0131kl\u0131 malzemelerden yap\u0131lm\u0131\u015f y\u00fcksek kaliteli contalar, \u00e7al\u0131\u015fma ko\u015fullar\u0131na dayanmak i\u00e7in gereklidir. Contalar\u0131n d\u00fczenli olarak kontrol edilmesi ve gerekirse de\u011fi\u015ftirilmesi, silindirin \u00e7al\u0131\u015fma \u00f6mr\u00fcn\u00fc uzatabilir ve tutarl\u0131 performans sa\u011flayabilir.<\/p>\n<h3>Dayan\u0131kl\u0131l\u0131k<\/h3>\n<p>Bom silindirlerinin tasar\u0131m\u0131nda dayan\u0131kl\u0131l\u0131k \u00f6nemli bir fakt\u00f6rd\u00fcr. Bu silindirler, toz, nem ve kimyasallar da dahil olmak \u00fczere zorlu ortamlara dayanmak zorundad\u0131r. Korozyona ve a\u015f\u0131nmaya kar\u015f\u0131 diren\u00e7li malzemelerin se\u00e7ilmesi, silindirin \u00f6mr\u00fcn\u00fc uzat\u0131r ve bak\u0131m maliyetlerini d\u00fc\u015f\u00fcr\u00fcr. M\u00fchendisler ayr\u0131ca, kullan\u0131m s\u0131ras\u0131nda kar\u015f\u0131la\u015f\u0131lan darbelere ve a\u015f\u0131nd\u0131r\u0131c\u0131 malzemelere kar\u015f\u0131 direnci art\u0131ran tasar\u0131m \u00f6zelliklerini de dahil ederler.<\/p>\n<h3>G\u00fcvenlik \u00d6zellikleri<\/h3>\n<p>Hidrolik silindirlerin tasar\u0131m\u0131nda g\u00fcvenlik asla g\u00f6z ard\u0131 edilmemelidir. Bas\u0131n\u00e7 tahliye vanalar\u0131 gibi \u00f6zelliklerin eklenmesi, felaketle sonu\u00e7lanabilecek ar\u0131zalara yol a\u00e7abilecek a\u015f\u0131r\u0131 bas\u0131n\u00e7lanmay\u0131 \u00f6nlemeye yard\u0131mc\u0131 olur. Ayr\u0131ca, yedek sistemlerin ve d\u00fczenli bak\u0131m kontrollerinin entegre edilmesi, sahada operasyonel g\u00fcvenli\u011fe katk\u0131da bulunur.<\/p>\n<h3>Bak\u0131m kolayl\u0131\u011f\u0131<\/h3>\n<p>Bak\u0131m kolayl\u0131\u011f\u0131, tasar\u0131m\u0131n temel bir y\u00f6n\u00fcd\u00fcr. Silindirler, h\u0131zl\u0131 inceleme ve onar\u0131mlara olanak sa\u011flayacak \u015fekilde eri\u015filebilirlik g\u00f6z \u00f6n\u00fcnde bulundurularak tasarlanmal\u0131d\u0131r. De\u011fi\u015ftirilebilir par\u00e7alar\u0131n dahil edilmesi, ar\u0131za s\u00fcresini ve bak\u0131m maliyetlerini azaltarak operat\u00f6rlerin ekipman\u0131 optimum durumda tutmas\u0131n\u0131 kolayla\u015ft\u0131r\u0131r.<\/p>\n<p><img decoding=\"async\" src=\"https:\/\/www.hydraulic-cylinders.net\/wp-content\/uploads\/2025\/04\/songte-oil-pipes-and-spare-parts.webp\" alt=\"Petrol Borular\u0131 ve Yedek Par\u00e7alar\u0131\" \/><\/p>\n<h2>Silindirin S\u0131zd\u0131rmazl\u0131\u011f\u0131 ve Ya\u011flanmas\u0131<\/h2>\n<p>Etkili s\u0131zd\u0131rmazl\u0131k ve ya\u011flama, hidrolik silindirlerin performans\u0131 ve uzun \u00f6m\u00fcrl\u00fcl\u00fc\u011f\u00fc i\u00e7in kritik bile\u015fenlerdir. Piston contalar\u0131 ve mil contalar\u0131 gibi \u00e7e\u015fitli contalar, hidrolik s\u0131v\u0131n\u0131n silindir i\u00e7inde kalmas\u0131n\u0131 sa\u011flayarak s\u0131z\u0131nt\u0131lar\u0131 \u00f6nler ve bas\u0131nc\u0131 korur. A\u015f\u0131nmaya dayan\u0131kl\u0131 poli\u00fcretan ve nitril kau\u00e7uk dahil olmak \u00fczere conta malzemelerinin se\u00e7imi, a\u015f\u0131nmaya ve \u00e7evresel fakt\u00f6rlere kar\u015f\u0131 dayan\u0131kl\u0131l\u0131\u011f\u0131 sa\u011flamak i\u00e7in \u00e7ok \u00f6nemlidir.<\/p>\n<p>Ayr\u0131ca, silindir g\u00f6vdesi ve di\u015fli u\u00e7lar, a\u015f\u0131nma direncini art\u0131rmak i\u00e7in hassas i\u015fleme tabi tutulmal\u0131d\u0131r. D\u00fczenli ya\u011flama da gereklidir; operat\u00f6rler, optimum performans\u0131 korumak i\u00e7in hidrolik ya\u011f\u0131 periyodik olarak kontrol etmeli ve doldurmal\u0131d\u0131r. Do\u011fru ya\u011flama, s\u00fcrt\u00fcnmeyi azalt\u0131r, hidrolik sistemin verimlili\u011fini art\u0131r\u0131r ve contalar\u0131n ve t\u00fcm hidrolik silindirin \u00f6mr\u00fcn\u00fc uzat\u0131r.<\/p>\n<h2>D\u00fczenli Muayene ve \u00d6nleyici Bak\u0131m<\/h2>\n<ul>\n<li><strong>Planl\u0131 Denetimler:<\/strong> Bom silindirini d\u00fczenli olarak a\u015f\u0131nma, hasar veya s\u0131z\u0131nt\u0131 belirtileri a\u00e7\u0131s\u0131ndan kontrol edin. Sorunlar\u0131n erken tespiti, ilerleyen zamanlarda daha b\u00fcy\u00fck sorunlar\u0131 ve maliyetli onar\u0131mlar\u0131 \u00f6nleyebilir.<\/li>\n<li><strong>Ya\u011flama:<\/strong> T\u00fcm hareketli par\u00e7alar\u0131n yeterince ya\u011flanmas\u0131n\u0131 sa\u011flamak i\u00e7in d\u00fczenli bir ya\u011flama program\u0131 uygulay\u0131n. Bu, a\u015f\u0131nmay\u0131 en aza indirerek hidrolik sistemin genel performans\u0131n\u0131 art\u0131r\u0131r.<\/li>\n<li><strong>Conta De\u011fi\u015fimi:<\/strong> S\u0131zd\u0131rmazl\u0131k elemanlar\u0131n\u0131n durumunu izleyin ve gerekti\u011finde de\u011fi\u015ftirin. A\u015f\u0131nm\u0131\u015f s\u0131zd\u0131rmazl\u0131k elemanlar\u0131 s\u0131v\u0131 s\u0131z\u0131nt\u0131lar\u0131na yol a\u00e7arak hidrolik sistemin verimlili\u011fini d\u00fc\u015f\u00fcrebilir ve ekipman ar\u0131zas\u0131 riskini art\u0131rabilir.<\/li>\n<\/ul>\n<h2>Kurulum Talimatlar\u0131<\/h2>\n<p>Bom silindirinin do\u011fru montaj\u0131, optimum performans ve g\u00fcvenlik i\u00e7in \u00e7ok \u00f6nemlidir. \u00d6ncelikle montaj alan\u0131n\u0131 haz\u0131rlay\u0131n ve t\u00fcm bile\u015fenlerin temiz ve kal\u0131nt\u0131lardan ar\u0131nd\u0131r\u0131lm\u0131\u015f oldu\u011fundan emin olun. Silindiri montaj braketleriyle do\u011fru \u015fekilde hizalay\u0131n ve yerine sabitlemek i\u00e7in uygun montaj donan\u0131m\u0131n\u0131 kullan\u0131n. Silindire zarar vermemek i\u00e7in, ba\u011flant\u0131 elemanlar\u0131n\u0131n tork ayarlar\u0131yla ilgili olarak \u00fcreticinin spesifikasyonlar\u0131na uymak \u00e7ok \u00f6nemlidir.<\/p>\n<p>Hidrolik hatlar\u0131n do\u011fru \u015fekilde ba\u011fland\u0131\u011f\u0131ndan ve ak\u0131\u015f yolunda herhangi bir engel bulunmad\u0131\u011f\u0131ndan emin olun. Montajdan sonra, performans\u0131 etkileyebilecek hava ceplerini gidermek i\u00e7in hidrolik sistemi havaland\u0131r\u0131n. Son olarak, t\u00fcm bile\u015fenlerin g\u00fcvenli bir \u015fekilde sabitlendi\u011fini ve sorunsuz \u00e7al\u0131\u015ft\u0131\u011f\u0131n\u0131 do\u011frulamak i\u00e7in monte edilmi\u015f silindiri iyice inceleyin.<\/p>\n<h2>Yayg\u0131n Bak\u0131m G\u00f6revleri<\/h2>\n<ul>\n<li><strong>D\u00fczenli Denetimler:<\/strong> A\u015f\u0131nma veya hasar belirtilerini kontrol etmek i\u00e7in d\u00fczenli denetimler planlay\u0131n. Tutarl\u0131 izleme, potansiyel sorunlar\u0131n b\u00fcy\u00fcmeden \u00f6nce belirlenmesine yard\u0131mc\u0131 olarak bom silindirinin ve destekledi\u011fi makinelerin uzun \u00f6m\u00fcrl\u00fc olmas\u0131n\u0131 sa\u011flar.<\/li>\n<li><strong>Uygun Ya\u011flama:<\/strong> Hidrolik sistem i\u00e7in uygun bir ya\u011flama program\u0131 uygulay\u0131n. Do\u011fru tip ve miktarda hidrolik ya\u011f kullanmak, sorunsuz ve verimli \u00e7al\u0131\u015fma i\u00e7in hayati \u00f6nem ta\u015f\u0131r. A\u015f\u0131r\u0131 veya yetersiz ya\u011flama ciddi ar\u0131zalara yol a\u00e7abilir.<\/li>\n<li><strong>Conta De\u011fi\u015fimi ve Kalibrasyon Kontrolleri:<\/strong> Contalar\u0131n a\u015f\u0131nma durumunu d\u00fczenli olarak kontrol edin ve gerekti\u011finde de\u011fi\u015ftirin. Hidrolik sistemin kalibrasyonu, t\u00fcm bile\u015fenlerin tasarlanm\u0131\u015f parametreler dahilinde \u00e7al\u0131\u015ft\u0131\u011f\u0131ndan emin olman\u0131z\u0131 sa\u011flar; bu da g\u00fcvenli ve etkili \u00e7al\u0131\u015fma i\u00e7in hayati \u00f6nem ta\u015f\u0131r.<\/li>\n<\/ul>\n<p>Montaj s\u0131ras\u0131nda, bile\u015fenler \u00fczerinde gereksiz gerilim olu\u015fmas\u0131n\u0131 \u00f6nlemek i\u00e7in silindirin do\u011fru \u015fekilde hizalanmas\u0131 \u00f6nemlidir. Silindiri sabitlemek i\u00e7in uygun montaj braketleri kullan\u0131n. \u00d6nerilen inceleme, onar\u0131m ve de\u011fi\u015ftirme prosed\u00fcrlerini takip etmek, bom silindirinin \u00f6mr\u00fcn\u00fc uzatmaya ve operasyonel verimlili\u011fi art\u0131rmaya yard\u0131mc\u0131 olacakt\u0131r.<\/p>\n<p><img decoding=\"async\" src=\"https:\/\/www.hydraulic-cylinders.net\/wp-content\/uploads\/2025\/04\/songte-chushion-collar.webp\" alt=\"Yast\u0131k Yaka\" \/><\/p>\n<h2>G\u00fcvenlik Hususlar\u0131 ve \u00c7evresel Fakt\u00f6rler<\/h2>\n<p>Hidrolik ekipman kullan\u0131rken g\u00fcvenlik \u00f6nlemleri son derece \u00f6nemlidir. Operat\u00f6rler uygun ki\u015fisel koruyucu ekipman (KKD) giymeli ve g\u00fcvenli \u00e7al\u0131\u015fma prosed\u00fcrleri konusunda e\u011fitim almal\u0131d\u0131r. D\u00fczenli e\u011fitim seanslar\u0131, personelin hidrolik sistemlerle ilgili riskler ve a\u011f\u0131r makinelerin \u00e7al\u0131\u015ft\u0131r\u0131lmas\u0131 i\u00e7in en iyi uygulamalar hakk\u0131nda bilgi sahibi olmas\u0131na yard\u0131mc\u0131 olabilir. Ayr\u0131ca, \u00e7al\u0131\u015fma ortam\u0131n\u0131n s\u0131cakl\u0131\u011f\u0131 ve nemi gibi \u00e7evresel fakt\u00f6rler hidrolik performans\u0131 etkileyebilir. T\u00fcm bile\u015fenlerin beklenen ko\u015fullar i\u00e7in derecelendirilmi\u015f olmas\u0131n\u0131 sa\u011flamak, riskleri azaltmaya yard\u0131mc\u0131 olur.<\/p>\n<h2>Ar\u0131za Te\u015fhisi ve Yayg\u0131n Sorunlar<\/h2>\n<ul>\n<li><strong>S\u0131zd\u0131ran Contalar:<\/strong> Hidrolik silindirlerde en s\u0131k kar\u015f\u0131la\u015f\u0131lan sorunlardan biri de contalar\u0131n s\u0131zd\u0131rmas\u0131d\u0131r. Bu durum genellikle silindirin etraf\u0131nda hidrolik s\u0131v\u0131 bulunmas\u0131yla anla\u015f\u0131labilir. Performans\u0131n korunmas\u0131 i\u00e7in d\u00fczenli kontrol ve a\u015f\u0131nm\u0131\u015f contalar\u0131n derhal de\u011fi\u015ftirilmesi \u00e7ok \u00f6nemlidir.<\/li>\n<li><strong>Silindir H\u0131z\u0131n\u0131n Azalt\u0131lmas\u0131:<\/strong> Bom silindirinin normalden daha yava\u015f \u00e7al\u0131\u015fmas\u0131, hidrolik hatlarda t\u0131kan\u0131kl\u0131k veya d\u00fc\u015f\u00fck hidrolik s\u0131v\u0131 seviyesine i\u015faret edebilir. S\u0131v\u0131 seviyelerini kontrol etmek ve hatlar\u0131n a\u00e7\u0131k oldu\u011fundan emin olmak bu sorunu \u00e7\u00f6zebilir.<\/li>\n<li><strong>Tutarl\u0131 Olmayan Hareket:<\/strong> Silindir d\u00fczg\u00fcn bir \u015fekilde uzam\u0131yor veya geri \u00e7ekilmiyorsa, bunun nedeni hidrolik sistemde hava s\u0131k\u0131\u015fmas\u0131 olabilir. Sistemin havas\u0131n\u0131n al\u0131nmas\u0131 genellikle bu sorunu \u00e7\u00f6zerek d\u00fczg\u00fcn \u00e7al\u0131\u015fmay\u0131 yeniden sa\u011flar.<\/li>\n<\/ul>\n<h2>Sorun Giderme \u0130pu\u00e7lar\u0131 ve \u00c7\u00f6z\u00fcmleri<\/h2>\n<p>Sorunlar\u0131 etkili bir \u015fekilde te\u015fhis etmek ve gidermek i\u00e7in operat\u00f6rlerin hidrolik sistemin \u00e7al\u0131\u015fmas\u0131 hakk\u0131nda net bir anlay\u0131\u015fa sahip olmalar\u0131 gerekir. Ar\u0131za giderme teknikleri konusunda d\u00fczenli e\u011fitim, personelin sorunlar\u0131 verimli bir \u015fekilde belirlemesine ve \u00e7\u00f6zmesine olanak tan\u0131r. \u00d6rne\u011fin, s\u0131z\u0131nt\u0131lar tespit edilirse, contalar\u0131n ve ba\u011flant\u0131lar\u0131n incelenmesi genellikle sorunun kayna\u011f\u0131n\u0131 belirlemeye yard\u0131mc\u0131 olabilir. Performans sorunlar\u0131 ortaya \u00e7\u0131karsa, hidrolik s\u0131v\u0131 seviyelerinin ve hortumlar\u0131n ve ba\u011flant\u0131 par\u00e7alar\u0131n\u0131n durumunun kontrol edilmesi, nedeni belirlemeye yard\u0131mc\u0131 olabilir.<\/p>\n<p>Rutin bak\u0131m ve kontroller gibi \u00f6nleyici tedbirler, sorunlar\u0131n ortaya \u00e7\u0131kma olas\u0131l\u0131\u011f\u0131n\u0131 \u00f6nemli \u00f6l\u00e7\u00fcde azaltabilir. D\u00fczenli kontrolleri, ya\u011flamay\u0131 ve conta de\u011fi\u015fimini kapsayan kapsaml\u0131 bir bak\u0131m program\u0131 olu\u015fturmak, potansiyel sorunlar\u0131 en aza indirmeye ve hidrolik sistemin sorunsuz \u00e7al\u0131\u015fmas\u0131n\u0131 sa\u011flamaya yard\u0131mc\u0131 olacakt\u0131r.<\/p>\n<p><img decoding=\"async\" src=\"https:\/\/www.hydraulic-cylinders.net\/wp-content\/uploads\/2025\/04\/songte-bushings-with-all-kinds-of-excavator-models.webp\" alt=\"Ekskavat\u00f6r Modellerinde Bur\u00e7lar\" \/><\/p>\n<h2>\u015eirket Profili<\/h2>\n<p>\u00d6nde gelen bir yedek hidrolik silindir \u00fcreticisi olarak, kapsaml\u0131 \u00fcr\u00fcn yelpazemizle hem yerel hem de uluslararas\u0131 pazarlarda \u00f6nemli bir oyuncu konumunday\u0131z. M\u00fckemmelli\u011fe olan ba\u011fl\u0131l\u0131\u011f\u0131m\u0131z, \u00fcst d\u00fczey dijital \u00fcretim ekipmanlar\u0131 ve \u00f6zel test sistemlerinden yararlanan titiz \u00fcretim y\u00f6netim stratejilerimizde kendini g\u00f6stermektedir.<\/p>\n<p>Alan\u0131nda uzman profesyonellerden olu\u015fan ekibimiz, y\u00fcksek verimlilik, hassasiyet ve kaliteyi sa\u011flamak i\u00e7in \u00fcretim platformumuzu s\u00fcrekli olarak geli\u015ftiriyor. Uluslararas\u0131 standartlara ve sertifikalara ba\u011fl\u0131 kalarak, \u00e7e\u015fitli m\u00fc\u015fteri ihtiya\u00e7lar\u0131n\u0131 kar\u015f\u0131lamak i\u00e7in \u00f6zelle\u015ftirilmi\u015f hizmetler sunuyoruz.<\/p>\n<p>M\u00fc\u015fteri memnuniyetine olan ba\u011fl\u0131l\u0131\u011f\u0131m\u0131z sat\u0131\u015f\u0131n \u00f6tesine uzanmaktad\u0131r; \u00fcr\u00fcnlerimizin sahada g\u00fcvenilirli\u011fini ve performans\u0131n\u0131 sa\u011flamak i\u00e7in g\u00fc\u00e7l\u00fc sat\u0131\u015f sonras\u0131 destek sunuyoruz.<\/p>\n<p><img decoding=\"async\" src=\"https:\/\/www.hydraulic-cylinders.net\/wp-content\/uploads\/2025\/04\/songte-company-4.webp\" alt=\"\u015eirket G\u00f6rseli 1\" \/><br \/>\n<img decoding=\"async\" src=\"https:\/\/www.hydraulic-cylinders.net\/wp-content\/uploads\/2025\/04\/songte-company-3.webp\" alt=\"\u015eirket G\u00f6rseli 2\" \/><\/p>\n<p>Yazar: lyl<\/p>","protected":false},"excerpt":{"rendered":"<p>Boom Cylinder For Kato Small Excavator HD250-7 Product Overview The Boom Cylinder for Kato Small Excavator HD250-7 is an essential component that plays a critical role in the operation of hydraulic systems in construction machinery. A bucket cylinder, specifically designed for controlling the movement of buckets in heavy equipment such as excavators, backhoe loaders, and [&hellip;]<\/p>","protected":false},"featured_media":17879,"comment_status":"open","ping_status":"closed","template":"","meta":{"_et_pb_use_builder":"","_et_pb_old_content":"","_et_gb_content_width":""},"product_brand":[],"product_cat":[1546],"product_tag":[1547,1496],"class_list":{"0":"post-19736","1":"product","2":"type-product","3":"status-publish","4":"has-post-thumbnail","6":"product_cat-boom-cylinders","7":"product_tag-boom-cylinders","8":"product_tag-hydraulic-cylinders","10":"first","11":"instock","12":"shipping-taxable","13":"product-type-simple"},"amp_enabled":true,"_links":{"self":[{"href":"https:\/\/www.hydraulic-cylinders.net\/tr\/wp-json\/wp\/v2\/product\/19736","targetHints":{"allow":["GET"]}}],"collection":[{"href":"https:\/\/www.hydraulic-cylinders.net\/tr\/wp-json\/wp\/v2\/product"}],"about":[{"href":"https:\/\/www.hydraulic-cylinders.net\/tr\/wp-json\/wp\/v2\/types\/product"}],"replies":[{"embeddable":true,"href":"https:\/\/www.hydraulic-cylinders.net\/tr\/wp-json\/wp\/v2\/comments?post=19736"}],"wp:featuredmedia":[{"embeddable":true,"href":"https:\/\/www.hydraulic-cylinders.net\/tr\/wp-json\/wp\/v2\/media\/17879"}],"wp:attachment":[{"href":"https:\/\/www.hydraulic-cylinders.net\/tr\/wp-json\/wp\/v2\/media?parent=19736"}],"wp:term":[{"taxonomy":"product_brand","embeddable":true,"href":"https:\/\/www.hydraulic-cylinders.net\/tr\/wp-json\/wp\/v2\/product_brand?post=19736"},{"taxonomy":"product_cat","embeddable":true,"href":"https:\/\/www.hydraulic-cylinders.net\/tr\/wp-json\/wp\/v2\/product_cat?post=19736"},{"taxonomy":"product_tag","embeddable":true,"href":"https:\/\/www.hydraulic-cylinders.net\/tr\/wp-json\/wp\/v2\/product_tag?post=19736"}],"curies":[{"name":"wp","href":"https:\/\/api.w.org\/{rel}","templated":true}]}}