{"id":19737,"date":"2025-04-07T07:04:46","date_gmt":"2025-04-07T07:04:46","guid":{"rendered":"https:\/\/www.hydraulic-cylinders.net\/product\/boom-cylinder-for-kato-small-excavator-hd450-5-7\/"},"modified":"2025-04-07T07:04:48","modified_gmt":"2025-04-07T07:04:48","slug":"boom-cylinder-for-kato-small-excavator-hd450-5-7","status":"publish","type":"product","link":"https:\/\/www.hydraulic-cylinders.net\/tr\/urun\/boom-cylinder-for-kato-small-excavator-hd450-5-7\/","title":{"rendered":"Kato K\u00fc\u00e7\u00fck Ekskavat\u00f6r HD450-5-7 i\u00e7in Bom Silindiri"},"content":{"rendered":"<h1>Kato K\u00fc\u00e7\u00fck Ekskavat\u00f6r HD450-5-7 i\u00e7in Bom Silindiri<\/h1>\n<h2>\u00dcr\u00fcn Genel Bak\u0131\u015f\u0131<\/h2>\n<p>Kato K\u00fc\u00e7\u00fck Ekskavat\u00f6r HD450-5-7 Bom Silindiri, ekskavat\u00f6rlerin hidrolik sisteminde \u00f6nemli bir bile\u015fendir. Ekskavat\u00f6rler, beko-y\u00fckleyiciler ve \u00f6n y\u00fckleyiciler gibi \u00e7e\u015fitli a\u011f\u0131r makine uygulamalar\u0131nda bomun hareketini kontrol etmek i\u00e7in \u00f6zel olarak tasarlanm\u0131\u015f bir hidrolik silindirdir. Bu silindir, bomun kald\u0131rma, indirme ve yat\u0131rma i\u015flemlerini ger\u00e7ekle\u015ftirerek verimli malzeme ta\u015f\u0131ma g\u00f6revlerini kolayla\u015ft\u0131r\u0131r.<\/p>\n<p>Kova silindiri, esasen bas\u0131n\u00e7l\u0131 hidrolik s\u0131v\u0131 kullanarak hareket yaratan bir hidrolik silindir t\u00fcr\u00fcd\u00fcr. \u0130n\u015faat ve a\u011f\u0131r i\u015f makinelerinde kullan\u0131m\u0131 kritik \u00f6neme sahiptir ve hassas kontrol, geli\u015fmi\u015f verimlilik ve geli\u015fmi\u015f operasyonel kabiliyetler sa\u011flar. Bom silindirinin sa\u011flam tasar\u0131m\u0131 ve g\u00fcvenilir performans\u0131, onu her t\u00fcrl\u00fc kaz\u0131 ekipman\u0131n\u0131n vazge\u00e7ilmez bir par\u00e7as\u0131 haline getirir.<\/p>\n<p><img decoding=\"async\" src=\"https:\/\/www.hydraulic-cylinders.net\/wp-content\/uploads\/2025\/04\/songte-company-1.webp\" alt=\"Bom Silindiri G\u00f6r\u00fcnt\u00fcs\u00fc\"><\/p>\n<h2>Temel \u00d6zellikler<\/h2>\n<ul>\n<li><strong>Y\u00fcksek Dayan\u0131kl\u0131l\u0131k ve Dayan\u0131kl\u0131l\u0131k:<\/strong> Y\u00fcksek mukavemetli \u00e7elik veya al\u00fcminyumdan \u00fcretilen bu silindir, y\u00fcksek bas\u0131n\u00e7 ve a\u011f\u0131r y\u00fcklere dayan\u0131kl\u0131d\u0131r. Tasar\u0131m\u0131, a\u015f\u0131nma ve korozyon direncini g\u00f6z \u00f6n\u00fcnde bulundurarak kullan\u0131m \u00f6mr\u00fcn\u00fc uzat\u0131r.<\/li>\n<li><strong>Verimli Hidrolik \u00c7al\u0131\u015fma:<\/strong> Silindir, p\u00fcr\u00fczs\u00fcz uzatma ve geri \u00e7ekme sa\u011flamak i\u00e7in hidrolik ya\u011f bas\u0131nc\u0131n\u0131 kullan\u0131r, operat\u00f6r komutlar\u0131na h\u0131zl\u0131 yan\u0131t verir ve g\u00fc\u00e7l\u00fc itme ve \u00e7ekme kuvveti sa\u011flar, a\u011f\u0131r nesneleri ve karma\u015f\u0131k g\u00f6revleri ta\u015f\u0131mak i\u00e7in idealdir.<\/li>\n<li><strong>\u00c7e\u015fitli T\u00fcrler:<\/strong> \u00c7e\u015fitli operasyonel gereksinimleri kar\u015f\u0131lamak i\u00e7in hem tek etkili (tek y\u00f6nde hidrolik bas\u0131n\u00e7 kullanan) hem de \u00e7ift etkili (her iki y\u00f6nde hidrolik bas\u0131n\u00e7 kullanan) konfig\u00fcrasyonlarda mevcuttur. Baz\u0131 modeller teleskopiktir ve d\u0131\u015f boyutlar\u0131 art\u0131rmadan daha fazla uzatma sa\u011flar, alan k\u0131s\u0131tlamas\u0131 olan uygulamalar i\u00e7in uygundur.<\/li>\n<li><strong>Uyumluluk:<\/strong> \u00dcr\u00fcnlerimiz \u00e7e\u015fitli hidrolik silindirlerin yerini m\u00fckemmel \u015fekilde alacak \u015fekilde tasarlanm\u0131\u015ft\u0131r ve mevcut makinelerle kusursuz entegrasyon sa\u011flar.<\/li>\n<li><strong>Kalite G\u00fcvencesi:<\/strong> Her silindir, sahada g\u00fcvenilirlik ve performans\u0131 garanti alt\u0131na almak i\u00e7in uluslararas\u0131 kalite standartlar\u0131n\u0131 kar\u015f\u0131lamak \u00fczere s\u0131k\u0131 testlerden ge\u00e7irilir.<\/li>\n<\/ul>\n<p><img decoding=\"async\" src=\"https:\/\/www.hydraulic-cylinders.net\/wp-content\/uploads\/2025\/04\/songte-cylinder-head-with-all-kinds-excavator-models.webp\" alt=\"Ekskavat\u00f6r Modelleri G\u00f6rseli\"><\/p>\n<h2>Bom Silindirinin Uygulamalar\u0131<\/h2>\n<h3>\u0130n\u015faat Ekipmanlar\u0131<\/h3>\n<p>Ekskavat\u00f6rlerde bom silindirleri, kazma, y\u00fckleme ve toprak veya moloz ta\u015f\u0131ma i\u00e7in hayati \u00f6nem ta\u015f\u0131r. Bomu kald\u0131rmak i\u00e7in gerekli kuvveti sa\u011flayarak operat\u00f6rlerin verimli bir \u015fekilde kaz\u0131 yapmas\u0131n\u0131 sa\u011flar. Beko-loderlerde ise bom silindiri hem kazma hem de kald\u0131rma i\u015flemlerinde yard\u0131mc\u0131 olarak \u00e7e\u015fitli in\u015faat i\u015fleri i\u00e7in vazge\u00e7ilmez bir ara\u00e7t\u0131r.<\/p>\n<h3>Tar\u0131m Makinalar\u0131<\/h3>\n<p>\u00d6n y\u00fckleyicilerde bom silindirleri, toprak, saman ve di\u011fer malzemeleri kep\u00e7elemek, kald\u0131rmak ve ta\u015f\u0131mak i\u00e7in kullan\u0131l\u0131r. Operat\u00f6rlerin tar\u0131msal g\u00f6revleri verimli bir \u015fekilde ger\u00e7ekle\u015ftirmelerini sa\u011flayarak \u00e7iftliklerde ve tar\u0131m alanlar\u0131nda \u00fcretkenli\u011fi art\u0131r\u0131r.<\/p>\n<h3>Ekskavat\u00f6rler<\/h3>\n<p>Ekskavat\u00f6rlerde bom silindiri, kep\u00e7enin topra\u011fa etkili bir \u015fekilde n\u00fcfuz etmesini sa\u011flayarak kazma i\u015flemini kolayla\u015ft\u0131r\u0131r. Bu \u00f6zellik, b\u00fcy\u00fck hacimli topraklar\u0131n ta\u015f\u0131nmas\u0131nda hassasiyet ve g\u00fcc\u00fcn gerekli oldu\u011fu kaz\u0131 projeleri i\u00e7in hayati \u00f6nem ta\u015f\u0131r.<\/p>\n<h3>Y\u00fckleyiciler<\/h3>\n<p>\u00d6n y\u00fckleyicilerde bom silindirleri, y\u00fcklerin verimli bir \u015fekilde kald\u0131r\u0131lmas\u0131na ve bo\u015falt\u0131lmas\u0131na yard\u0131mc\u0131 olur. A\u011f\u0131r malzemeleri kald\u0131rmak i\u00e7in gereken g\u00fcc\u00fc sa\u011flar ve operat\u00f6rlerin g\u00f6revlerini g\u00fcvenli ve etkili bir \u015fekilde yerine getirmelerini sa\u011flar.<\/p>\n<h2>Tasar\u0131m Hususlar\u0131 ve Se\u00e7im Kriterleri<\/h2>\n<h3>Y\u00fck Kapasitesi<\/h3>\n<p>Bir bom silindiri se\u00e7erken, y\u00fck kapasitesi \u00f6ncelikli bir husustur. Bu kapasite, silindirin g\u00fcvenli bir \u015fekilde kald\u0131rabilece\u011fi maksimum a\u011f\u0131rl\u0131\u011f\u0131 belirlerken, kaz\u0131 makinelerinin performans\u0131n\u0131 da garanti eder. \u0130yi tasarlanm\u0131\u015f bir silindir, ar\u0131za riski olmadan uygulamalar\u0131n \u00f6zel y\u00fck gereksinimlerini kar\u015f\u0131lamal\u0131d\u0131r.<\/p>\n<h3>S\u0131zd\u0131rmazl\u0131k B\u00fct\u00fcnl\u00fc\u011f\u00fc<\/h3>\n<p>Bir hidrolik silindirin s\u0131zd\u0131rmazl\u0131k sistemi, verimlili\u011fi ve uzun \u00f6m\u00fcrl\u00fcl\u00fc\u011f\u00fc i\u00e7in hayati \u00f6nem ta\u015f\u0131r. Y\u00fcksek kaliteli contalar, hidrolik s\u0131v\u0131 s\u0131z\u0131nt\u0131s\u0131n\u0131 \u00f6nleyerek bas\u0131nc\u0131 ve performans\u0131 korur. Uygun s\u0131zd\u0131rmazl\u0131k ayr\u0131ca bak\u0131m ihtiya\u00e7lar\u0131n\u0131 azalt\u0131r ve operasyonel g\u00fcvenilirli\u011fi art\u0131r\u0131r; bu da onu tasar\u0131m a\u015famas\u0131nda vazge\u00e7ilmez k\u0131lar.<\/p>\n<h3>Dayan\u0131kl\u0131l\u0131k<\/h3>\n<p>Dayan\u0131kl\u0131 bir tasar\u0131m, \u00f6zellikle zorlu \u00e7al\u0131\u015fma ortamlar\u0131nda hidrolik silindirler i\u00e7in kritik \u00f6neme sahiptir. Kullan\u0131lan malzemeler, zaman i\u00e7inde a\u015f\u0131nmaya, korozyona ve yorgunlu\u011fa kar\u015f\u0131 dayan\u0131kl\u0131 olmal\u0131 ve silindirin zorlu ko\u015fullarda bile i\u015flevselli\u011fini korumas\u0131n\u0131 sa\u011flamal\u0131d\u0131r. Dayan\u0131kl\u0131l\u0131k, ekipman\u0131n bak\u0131m s\u0131kl\u0131\u011f\u0131n\u0131 ve genel ya\u015fam d\u00f6ng\u00fcs\u00fc maliyetlerini do\u011frudan etkiler.<\/p>\n<h3>G\u00fcvenlik \u00d6zellikleri<\/h3>\n<p>Hidrolik silindirlerin tasar\u0131m\u0131na g\u00fcvenlik \u00f6zelliklerinin dahil edilmesi, kazalar\u0131 ve ar\u0131zalar\u0131 \u00f6nlemek i\u00e7in \u00e7ok \u00f6nemlidir. Bas\u0131n\u00e7 tahliye valfleri ve a\u015f\u0131r\u0131 y\u00fck korumalar\u0131 gibi g\u00fcvenlik mekanizmalar\u0131, \u00f6zellikle d\u00fczg\u00fcn y\u00f6netilmedi\u011finde risk olu\u015fturabilecek a\u011f\u0131r makinelerle \u00e7al\u0131\u015f\u0131rken g\u00fcvenli operasyonlar sa\u011flar.<\/p>\n<h3>Bak\u0131m kolayl\u0131\u011f\u0131<\/h3>\n<p>Bak\u0131m kolayl\u0131\u011f\u0131 sa\u011flayan tasar\u0131mlar, ar\u0131za s\u00fcrelerini en aza indirmede hayati \u00f6nem ta\u015f\u0131yan daha kolay onar\u0131m ve par\u00e7a de\u011fi\u015fimine olanak tan\u0131r. Eri\u015filebilir bile\u015fenler ve kullan\u0131c\u0131 dostu tasar\u0131mlar, hidrolik sistemlerin \u00f6mr\u00fcn\u00fc ve g\u00fcvenilirli\u011fini \u00f6nemli \u00f6l\u00e7\u00fcde art\u0131rarak operat\u00f6rlerin ekipman\u0131 en iyi durumda tutmas\u0131n\u0131 kolayla\u015ft\u0131r\u0131r.<\/p>\n<p><img decoding=\"async\" src=\"https:\/\/www.hydraulic-cylinders.net\/wp-content\/uploads\/2025\/04\/songte-oil-pipes-and-spare-parts.webp\" alt=\"Petrol Borular\u0131 ve Yedek Par\u00e7a G\u00f6rseli\"><\/p>\n<h2>S\u0131zd\u0131rmazl\u0131k ve Ya\u011flama<\/h2>\n<p>Etkili s\u0131zd\u0131rmazl\u0131k ve ya\u011flama, hidrolik silindirler i\u00e7in hayati \u00f6nem ta\u015f\u0131r. Piston contalar\u0131 ve piston kolu contalar\u0131 gibi \u00e7e\u015fitli s\u0131zd\u0131rmazl\u0131k bile\u015fenleri, hidrolik sistemlerin b\u00fct\u00fcnl\u00fc\u011f\u00fcn\u00fcn korunmas\u0131nda \u00f6nemli rol oynar. Poli\u00fcretan ve nitril kau\u00e7uk gibi malzemelerden \u00fcretilen contalar, a\u015f\u0131nma direnci ve dayan\u0131kl\u0131l\u0131klar\u0131 nedeniyle tercih edilir.<\/p>\n<p>Ayr\u0131ca, silindir g\u00f6vdesinin y\u00fczeyleri ve di\u015fli u\u00e7lar\u0131 a\u015f\u0131nma direncini art\u0131rmak i\u00e7in \u00f6zenle i\u015flenmi\u015ftir. S\u00fcrt\u00fcnmeyi ve a\u015f\u0131nmay\u0131 azaltmak, sorunsuz \u00e7al\u0131\u015fmay\u0131 sa\u011flamak ve silindirin \u00f6mr\u00fcn\u00fc uzatmak i\u00e7in uygun hidrolik ya\u011f ile d\u00fczenli ya\u011flama \u015fartt\u0131r.<\/p>\n<h2>\u00d6nleyici Bak\u0131m \u00d6nlemleri<\/h2>\n<ul>\n<li><strong>D\u00fczenli Denetimler:<\/strong> Silindirin d\u00fczg\u00fcn \u00e7al\u0131\u015ft\u0131\u011f\u0131ndan emin olmak i\u00e7in rutin olarak s\u0131z\u0131nt\u0131, a\u015f\u0131nma ve hasar belirtilerini kontrol edin.<\/li>\n<li><strong>Uygun Ya\u011flama:<\/strong> S\u00fcrt\u00fcnmeyi ve a\u015f\u0131r\u0131 \u0131s\u0131nmay\u0131 \u00f6nlemek i\u00e7in uygun ya\u011flama seviyelerini koruyun; bu, erken a\u015f\u0131nmaya yol a\u00e7abilir.<\/li>\n<li><strong>Conta De\u011fi\u015fimi:<\/strong> S\u0131z\u0131nt\u0131lar\u0131 \u00f6nlemek ve hidrolik verimlili\u011fi korumak i\u00e7in contalar\u0131 d\u00fczenli olarak a\u015f\u0131nma a\u00e7\u0131s\u0131ndan kontrol edin ve gerekti\u011finde de\u011fi\u015ftirin.<\/li>\n<\/ul>\n<h2>Kurulum Talimatlar\u0131<\/h2>\n<p>Optimum performans i\u00e7in bom silindirinin do\u011fru montaj\u0131 \u00e7ok \u00f6nemlidir. \u00d6ncelikle t\u00fcm montaj braketlerinin ve ba\u011flant\u0131 par\u00e7alar\u0131n\u0131n temiz ve kal\u0131nt\u0131lardan ar\u0131nd\u0131r\u0131lm\u0131\u015f oldu\u011fundan emin olun. Silindir \u00fczerinde a\u015f\u0131r\u0131 bask\u0131 olu\u015fmas\u0131n\u0131 \u00f6nlemek i\u00e7in silindiri montaj noktalar\u0131yla do\u011fru bir \u015fekilde hizalay\u0131n. Silindiri sabitlemek ve \u00e7al\u0131\u015fma s\u0131ras\u0131nda hareketi en aza indirmek i\u00e7in uygun montaj braketlerinin kullan\u0131lmas\u0131 \u00f6nerilir.<\/p>\n<p>Montaj s\u0131ras\u0131nda, hidrolik hatlar\u0131n g\u00fcvenli bir \u015fekilde ba\u011fland\u0131\u011f\u0131ndan ve ak\u0131\u015f\u0131 k\u0131s\u0131tlayabilecek k\u0131vr\u0131mlardan ar\u0131nd\u0131r\u0131ld\u0131\u011f\u0131ndan emin olun. Montajdan sonra, silindirin sorunsuz \u00e7al\u0131\u015ft\u0131\u011f\u0131ndan emin olmak i\u00e7in hidrolik sistemin havas\u0131n\u0131 al\u0131n. Son olarak, kurulumun sa\u011flaml\u0131\u011f\u0131n\u0131 do\u011frulamak i\u00e7in silindiri y\u00fck ko\u015fullar\u0131 alt\u0131nda test edin.<\/p>\n<h2>Bak\u0131m G\u00f6revleri<\/h2>\n<ul>\n<li><strong>D\u00fczenli Denetimler:<\/strong> Olas\u0131 sorunlar\u0131 daha da b\u00fcy\u00fcmeden tespit etmek i\u00e7in g\u00f6rsel incelemeler yap\u0131n. A\u015f\u0131nma, y\u0131pranma, s\u0131z\u0131nt\u0131 ve gev\u015fek ba\u011flant\u0131 belirtilerine dikkat edin.<\/li>\n<li><strong>Uygun Ya\u011flama:<\/strong> \u00dcreticinin talimatlar\u0131na dikkat ederek silindirin do\u011fru hidrolik ya\u011f ile yeterli \u015fekilde ya\u011fland\u0131\u011f\u0131ndan emin olun.<\/li>\n<li><strong>Conta De\u011fi\u015fimi:<\/strong> Verimlili\u011fi korumak ve hidrolik s\u0131v\u0131 s\u0131z\u0131nt\u0131lar\u0131n\u0131 \u00f6nlemek i\u00e7in contalar\u0131 d\u00fczenli olarak a\u015f\u0131nma a\u00e7\u0131s\u0131ndan kontrol edin ve gerekirse de\u011fi\u015ftirin.<\/li>\n<\/ul>\n<h2>G\u00fcvenlik Hususlar\u0131<\/h2>\n<p>Hidrolik silindirlerin \u00e7al\u0131\u015fmas\u0131 s\u0131ras\u0131nda g\u00fcvenlik protokollerinin uygulanmas\u0131 son derece \u00f6nemlidir. Operat\u00f6rler, hidrolik ekipmanlarla ili\u015fkili riskleri azaltmak i\u00e7in her zaman uygun ki\u015fisel koruyucu ekipman (KKD) giymeli ve g\u00fcvenli \u00e7al\u0131\u015fma prosed\u00fcrlerini takip etmelidir. D\u00fczenli e\u011fitim oturumlar\u0131, t\u00fcm personelin hidrolik sistemlerle \u00e7al\u0131\u015f\u0131rken gereken \u00f6zel g\u00fcvenlik \u00f6nlemleri hakk\u0131nda bilgi sahibi olmas\u0131n\u0131 sa\u011flamaya yard\u0131mc\u0131 olabilir.<\/p>\n<h2>Ar\u0131za Te\u015fhisi ve Yayg\u0131n Sorunlar<\/h2>\n<ul>\n<li><strong>S\u0131z\u0131nt\u0131:<\/strong> A\u015f\u0131nm\u0131\u015f contalar\u0131 veya hasarl\u0131 bile\u015fenleri g\u00f6sterebilecek yayg\u0131n bir sorun. Operat\u00f6rler, s\u0131z\u0131nt\u0131lar\u0131 d\u00fczenli olarak kontrol etmeli ve hasarl\u0131 contalar\u0131 derhal de\u011fi\u015ftirmelidir.<\/li>\n<li><strong>Yava\u015f \u00c7al\u0131\u015fma:<\/strong> Silindir normalden daha yava\u015f \u00e7al\u0131\u015f\u0131yorsa, bu durum hidrolik s\u0131v\u0131s\u0131nda bir sorun oldu\u011funu veya sistemde acil m\u00fcdahale gerektiren bir t\u0131kan\u0131kl\u0131k oldu\u011funu g\u00f6sterebilir.<\/li>\n<li><strong>Al\u0131\u015f\u0131lmad\u0131k Sesler:<\/strong> \u00d6\u011f\u00fctme veya tak\u0131rt\u0131 sesleri, silindir veya hidrolik sistem i\u00e7erisinde kapsaml\u0131 inceleme gerektiren mekanik sorunlara i\u015faret ediyor olabilir.<\/li>\n<\/ul>\n<h2>Sorun Giderme \u0130pu\u00e7lar\u0131<\/h2>\n<p>Sorunlar\u0131 etkili bir \u015fekilde te\u015fhis edip \u00e7\u00f6zmek i\u00e7in operat\u00f6rler sistematik bir yakla\u015f\u0131m izlemelidir. \u00d6ncelikle belirtileri belirleyip hidrolik s\u0131v\u0131 seviyelerini ve durumunu kontrol edin. T\u00fcm ba\u011flant\u0131lar\u0131n s\u0131k\u0131 ve s\u0131z\u0131nt\u0131s\u0131z oldu\u011fundan emin olun. Kal\u0131c\u0131 sorunlar i\u00e7in, \u00fcreticinin talimatlar\u0131na ba\u015fvurmak veya profesyonel yard\u0131m almak, altta yatan sorunlara dair fikir verebilir.<\/p>\n<p><img decoding=\"async\" src=\"https:\/\/www.hydraulic-cylinders.net\/wp-content\/uploads\/2025\/04\/songte-bushings-with-all-kinds-of-excavator-models.webp\" alt=\"Ekskavat\u00f6r Modellerinde Bur\u00e7lar\"><\/p>\n<h2>\u015eirket Profili<\/h2>\n<p>Hem yurt i\u00e7i hem de yurt d\u0131\u015f\u0131 pazarlar\u0131n \u00e7e\u015fitli ihtiya\u00e7lar\u0131n\u0131 kar\u015f\u0131lamak \u00fczere tasarlanm\u0131\u015f kapsaml\u0131 bir \u00fcr\u00fcn yelpazesi sunan, lider bir yedek hidrolik silindir \u00fcreticisiyiz. M\u00fckemmelli\u011fe olan ba\u011fl\u0131l\u0131\u011f\u0131m\u0131z, kalite odakl\u0131 yakla\u015f\u0131m\u0131m\u0131z ve geli\u015fmi\u015f \u00fcretim stratejilerimize olan g\u00fcvenimizde kendini g\u00f6stermektedir.<\/p>\n<p>Geli\u015fmi\u015f dijital \u00fcretim ekipmanlar\u0131 ve profesyonel test sistemleri kullanarak, y\u00fcksek kalite kontrol standartlar\u0131n\u0131 garanti alt\u0131na al\u0131rken \u00fcretim kapasitemizi s\u00fcrekli geli\u015ftiriyoruz. Ekibimiz, m\u00fc\u015fterilerimizin \u00e7e\u015fitli ihtiya\u00e7lar\u0131n\u0131 kar\u015f\u0131lamaya kendini adam\u0131\u015f yetenekli teknik personelden olu\u015fmaktad\u0131r.<\/p>\n<p>M\u00fc\u015fterilerimize hidrolik ihtiya\u00e7lar\u0131 i\u00e7in g\u00fcvenilir \u00e7\u00f6z\u00fcmler sunmak \u00fczere tasarlanm\u0131\u015f \u00f6zelle\u015ftirilmi\u015f hizmetler, uluslararas\u0131 sertifikasyonlar ve g\u00fc\u00e7l\u00fc sat\u0131\u015f sonras\u0131 destek sunuyoruz.<\/p>\n<p><img decoding=\"async\" src=\"https:\/\/www.hydraulic-cylinders.net\/wp-content\/uploads\/2025\/04\/songte-company-4.webp\" alt=\"\u015eirket G\u00f6rseli 1\"><br \/>\n<img decoding=\"async\" src=\"https:\/\/www.hydraulic-cylinders.net\/wp-content\/uploads\/2025\/04\/songte-company-3.webp\" alt=\"\u015eirket G\u00f6rseli 2\"><\/p>\n<p>Yazar: lyl<\/p>","protected":false},"excerpt":{"rendered":"<p>Boom Cylinder For Kato Small Excavator HD450-5-7 Product Overview The Boom Cylinder for Kato Small Excavator HD450-5-7 is a crucial component in the hydraulic system of excavators. It is a hydraulic cylinder specifically designed to control the movement of the boom in various heavy machinery applications, such as excavators, backhoe loaders, and front loaders. This [&hellip;]<\/p>","protected":false},"featured_media":17880,"comment_status":"open","ping_status":"closed","template":"","meta":{"_et_pb_use_builder":"","_et_pb_old_content":"","_et_gb_content_width":""},"product_brand":[],"product_cat":[1546],"product_tag":[1547,1496],"class_list":{"0":"post-19737","1":"product","2":"type-product","3":"status-publish","4":"has-post-thumbnail","6":"product_cat-boom-cylinders","7":"product_tag-boom-cylinders","8":"product_tag-hydraulic-cylinders","10":"first","11":"instock","12":"shipping-taxable","13":"product-type-simple"},"amp_enabled":true,"_links":{"self":[{"href":"https:\/\/www.hydraulic-cylinders.net\/tr\/wp-json\/wp\/v2\/product\/19737","targetHints":{"allow":["GET"]}}],"collection":[{"href":"https:\/\/www.hydraulic-cylinders.net\/tr\/wp-json\/wp\/v2\/product"}],"about":[{"href":"https:\/\/www.hydraulic-cylinders.net\/tr\/wp-json\/wp\/v2\/types\/product"}],"replies":[{"embeddable":true,"href":"https:\/\/www.hydraulic-cylinders.net\/tr\/wp-json\/wp\/v2\/comments?post=19737"}],"wp:featuredmedia":[{"embeddable":true,"href":"https:\/\/www.hydraulic-cylinders.net\/tr\/wp-json\/wp\/v2\/media\/17880"}],"wp:attachment":[{"href":"https:\/\/www.hydraulic-cylinders.net\/tr\/wp-json\/wp\/v2\/media?parent=19737"}],"wp:term":[{"taxonomy":"product_brand","embeddable":true,"href":"https:\/\/www.hydraulic-cylinders.net\/tr\/wp-json\/wp\/v2\/product_brand?post=19737"},{"taxonomy":"product_cat","embeddable":true,"href":"https:\/\/www.hydraulic-cylinders.net\/tr\/wp-json\/wp\/v2\/product_cat?post=19737"},{"taxonomy":"product_tag","embeddable":true,"href":"https:\/\/www.hydraulic-cylinders.net\/tr\/wp-json\/wp\/v2\/product_tag?post=19737"}],"curies":[{"name":"wp","href":"https:\/\/api.w.org\/{rel}","templated":true}]}}