{"id":19740,"date":"2025-04-07T07:04:54","date_gmt":"2025-04-07T07:04:54","guid":{"rendered":"https:\/\/www.hydraulic-cylinders.net\/product\/boom-cylinder-for-kato-small-excavator-hd1023\/"},"modified":"2025-04-07T07:04:56","modified_gmt":"2025-04-07T07:04:56","slug":"boom-cylinder-for-kato-small-excavator-hd1023","status":"publish","type":"product","link":"https:\/\/www.hydraulic-cylinders.net\/tr\/urun\/boom-cylinder-for-kato-small-excavator-hd1023\/","title":{"rendered":"Kato K\u00fc\u00e7\u00fck Ekskavat\u00f6r HD1023 i\u00e7in Bom Silindiri"},"content":{"rendered":"<h1>Kato K\u00fc\u00e7\u00fck Ekskavat\u00f6r HD1023 i\u00e7in Bom Silindiri<\/h1>\n<h2>\u00dcr\u00fcn Genel Bak\u0131\u015f\u0131<\/h2>\n<p>Kato HD1023 k\u00fc\u00e7\u00fck ekskavat\u00f6r i\u00e7in bom silindiri, \u00e7e\u015fitli a\u011f\u0131r makinelerin \u00e7al\u0131\u015fma kapasitesini art\u0131rmak i\u00e7in tasarlanm\u0131\u015f hayati bir bile\u015fendir. \u00d6zellikle, kova silindiri, ekskavat\u00f6rlerde, kaz\u0131c\u0131 y\u00fckleyicilerde ve \u00f6n y\u00fckleyicilerde kovan\u0131n hareketini kontrol etmede \u00e7ok \u00f6nemli bir rol oynayan bir hidrolik silindir t\u00fcr\u00fcd\u00fcr. Bu silindir, kovan\u0131n kalkmas\u0131n\u0131, al\u00e7almas\u0131n\u0131 ve e\u011filmesini sa\u011flayarak verimli malzeme ta\u015f\u0131ma g\u00f6revlerini kolayla\u015ft\u0131r\u0131r.<\/p>\n<p><img decoding=\"async\" src=\"https:\/\/www.hydraulic-cylinders.net\/wp-content\/uploads\/2025\/04\/songte-company-1.webp\" alt=\"Kato K\u00fc\u00e7\u00fck Ekskavat\u00f6r\" \/><\/p>\n<h3>Tan\u0131m ve \u0130\u015flev<\/h3>\n<p>Kep\u00e7e silindiri, in\u015faat ve tar\u0131mda kullan\u0131lan hidrolik sistemlerin \u00f6nemli bir par\u00e7as\u0131d\u0131r. Bu silindirler y\u00fcksek bas\u0131n\u00e7 alt\u0131nda \u00e7al\u0131\u015facak \u015fekilde tasarlanm\u0131\u015f ve zorlu \u00e7al\u0131\u015fma ortamlar\u0131na dayanacak \u015fekilde \u00fcretilmi\u015ftir. Kazma, kald\u0131rma ve malzeme ta\u015f\u0131ma gibi i\u015fler i\u00e7in kritik \u00f6neme sahip olan kep\u00e7enin d\u00fczg\u00fcn ve hassas hareketini sa\u011flarlar. \u0130yi \u00e7al\u0131\u015fan bir bom silindiri, verimlili\u011fi art\u0131r\u0131r ve \u00e7al\u0131\u015fma s\u0131ras\u0131nda mekanik ar\u0131za riskini azalt\u0131r.<\/p>\n<h2>Temel \u00d6zellikler<\/h2>\n<ul>\n<li><strong>Y\u00fcksek Dayan\u0131kl\u0131l\u0131k ve Dayan\u0131kl\u0131l\u0131k:<\/strong> Y\u00fcksek mukavemetli \u00e7elik veya al\u00fcminyumdan \u00fcretilen bu silindirler, y\u00fcksek bas\u0131nca ve a\u011f\u0131r y\u00fcklere dayanabilir, bu da onlar\u0131 zorlu \u00e7al\u0131\u015fma ortamlar\u0131 i\u00e7in uygun hale getirir. \u00d6m\u00fcrlerini uzatmak i\u00e7in a\u015f\u0131nma ve korozyon direnci g\u00f6z \u00f6n\u00fcnde bulundurularak tasarlanm\u0131\u015flard\u0131r.<\/li>\n<li><strong>Verimli Hidrolik \u00c7al\u0131\u015fma:<\/strong> Hidrolik ya\u011f bas\u0131nc\u0131n\u0131n kullan\u0131m\u0131, d\u00fczg\u00fcn uzatma ve geri \u00e7ekme hareketlerine olanak tan\u0131yarak kontrol komutlar\u0131na h\u0131zl\u0131 yan\u0131t verilmesini sa\u011flar ve a\u011f\u0131r ve karma\u015f\u0131k i\u015flerin \u00fcstesinden gelmek i\u00e7in ideal olan \u00f6nemli bir itme ve \u00e7ekme g\u00fcc\u00fc sunar.<\/li>\n<li><strong>\u00c7e\u015fitli T\u00fcrler:<\/strong> Kullan\u0131c\u0131lar, operasyonel ihtiya\u00e7lara ba\u011fl\u0131 olarak tek etkili (hidrolik kuvveti yaln\u0131zca tek y\u00f6nde kullanan) veya \u00e7ift etkili (hidrolik kuvveti her iki y\u00f6nde de kullanan) silindirler aras\u0131ndan se\u00e7im yapabilirler. Baz\u0131 modeller teleskopiktir ve d\u0131\u015f boyutlar\u0131 art\u0131rmadan daha fazla uzatmaya olanak tan\u0131yarak, alan k\u0131s\u0131tlamal\u0131 uygulamalar i\u00e7in uygundur.<\/li>\n<li><strong>\u00d6zel \u00dcretim:<\/strong> \u00dcr\u00fcnlerimiz, \u00e7e\u015fitli hidrolik silindirlerin yerine sorunsuz bir \u015fekilde ge\u00e7ecek \u015fekilde tasarlanm\u0131\u015ft\u0131r ve uyumluluk ile optimum performans sa\u011flar.<\/li>\n<li><strong>Kalite G\u00fcvencesi:<\/strong> Hidrolik silindirlerimizin g\u00fcvenilirli\u011fini ve verimlili\u011fini garanti alt\u0131na almak i\u00e7in titiz test standartlar\u0131 uyguluyoruz.<\/li>\n<\/ul>\n<p><img decoding=\"async\" src=\"https:\/\/www.hydraulic-cylinders.net\/wp-content\/uploads\/2025\/04\/songte-cylinder-head-with-all-kinds-excavator-models.webp\" alt=\"Ekskavat\u00f6r Modelleri\" \/><\/p>\n<h2>Bom Silindirinin Uygulamalar\u0131<\/h2>\n<h3>\u0130n\u015faat Ekipmanlar\u0131<\/h3>\n<p>Ekskavat\u00f6rlerde, bom silindirleri topra\u011f\u0131 veya molozu kazma, y\u00fckleme ve ta\u015f\u0131ma i\u015flemlerinde kritik \u00f6neme sahiptir. Hidrolik kuvvet, kep\u00e7enin zemine etkili bir \u015fekilde n\u00fcfuz etmesini sa\u011flayarak kaz\u0131 i\u015flerini h\u0131zl\u0131 ve verimli hale getirir. Kaz\u0131c\u0131 y\u00fckleyicilerde ise kep\u00e7e silindiri sadece kazmada de\u011fil, ayn\u0131 zamanda malzemelerin kald\u0131r\u0131lmas\u0131 ve ta\u015f\u0131nmas\u0131nda da yard\u0131mc\u0131 olarak makinenin \u00e7ok y\u00f6nl\u00fcl\u00fc\u011f\u00fcn\u00fc art\u0131r\u0131r.<\/p>\n<h3>Tar\u0131m Makinalar\u0131<\/h3>\n<p>\u00d6n y\u00fckleyicilerde, bom silindirleri toprak, saman ve di\u011fer malzemelerin kep\u00e7elenmesi, kald\u0131r\u0131lmas\u0131 ve ta\u015f\u0131nmas\u0131 i\u00e7in hayati \u00f6neme sahiptir. Hidrolik \u00e7al\u0131\u015fma, bu makinelerin \u00e7e\u015fitli tar\u0131msal i\u015fleri verimli bir \u015fekilde y\u00f6netebilmesini sa\u011flayarak tar\u0131m faaliyetlerinde verimlili\u011fe \u00f6nemli \u00f6l\u00e7\u00fcde katk\u0131da bulunur.<\/p>\n<h3>Ekskavat\u00f6rler<\/h3>\n<p>Kaz\u0131c\u0131 makinelerde, kep\u00e7e silindiri, kep\u00e7enin topra\u011fa etkili bir \u015fekilde n\u00fcfuz etmesini sa\u011flayarak kazma i\u015flemini kolayla\u015ft\u0131r\u0131r. Bu \u00f6zellik, \u00e7e\u015fitli kaz\u0131 projeleri i\u00e7in hayati \u00f6neme sahiptir ve i\u015flerin makineye a\u015f\u0131r\u0131 y\u00fck bindirmeden verimli bir \u015fekilde tamamlanmas\u0131n\u0131 sa\u011flar.<\/p>\n<h3>Y\u00fckleyiciler<\/h3>\n<p>\u00d6n y\u00fckleyicilerde, bom silindirleri malzemelerin etkili bir \u015fekilde kald\u0131r\u0131lmas\u0131na ve bo\u015falt\u0131lmas\u0131na yard\u0131mc\u0131 olur. Hidrolik \u00e7al\u0131\u015fma, y\u00fcklerin hassas bir \u015fekilde ta\u015f\u0131nmas\u0131n\u0131 sa\u011flayarak malzemelerin do\u011fru bir \u015fekilde hareket ettirilmesini ve yerle\u015ftirilmesini garanti eder.<\/p>\n<h2>Tasar\u0131m Hususlar\u0131 ve Se\u00e7im Kriterleri<\/h2>\n<h3>Y\u00fck Kapasitesi<\/h3>\n<p>Bir bom silindiri se\u00e7erken, belirli uygulama i\u00e7in gereken y\u00fck kapasitesini dikkate almak \u00e7ok \u00f6nemlidir. Silindir, ta\u015f\u0131nan malzemelerin maksimum a\u011f\u0131rl\u0131\u011f\u0131n\u0131 ar\u0131za riski olmadan kald\u0131rabilmelidir. Sa\u011flam bir tasar\u0131m, silindirin a\u011f\u0131r y\u00fcklerin stresi alt\u0131nda performans g\u00f6sterebilmesini sa\u011flayarak, operasyonlar s\u0131ras\u0131nda g\u00fcvenilirlik ve g\u00fcvenlik sunar.<\/p>\n<h3>S\u0131zd\u0131rmazl\u0131k<\/h3>\n<p>Hidrolik silindirin s\u0131zd\u0131rmazl\u0131k sistemi, bas\u0131nc\u0131 korumak ve s\u0131z\u0131nt\u0131lar\u0131 \u00f6nlemek i\u00e7in \u00e7ok \u00f6nemlidir. Piston contalar\u0131 ve mil contalar\u0131 gibi y\u00fcksek kaliteli contalar, a\u015f\u0131nmaya ve y\u0131pranmaya dayan\u0131kl\u0131 poli\u00fcretan veya nitril kau\u00e7uk gibi malzemelerden yap\u0131lmal\u0131d\u0131r. Do\u011fru s\u0131zd\u0131rmazl\u0131k, silindirin performans\u0131n\u0131 art\u0131rmakla kalmaz, ayn\u0131 zamanda s\u0131v\u0131 kayb\u0131n\u0131 ve kirlenmeyi \u00f6nleyerek \u00f6mr\u00fcn\u00fc de uzat\u0131r.<\/p>\n<h3>Dayan\u0131kl\u0131l\u0131k<\/h3>\n<p>Bom silindiri se\u00e7erken dayan\u0131kl\u0131l\u0131k \u00f6nemli bir fakt\u00f6rd\u00fcr. Kullan\u0131lan malzemenin, zorlu ortamlarda uzun s\u00fcreli kullan\u0131m sa\u011flamak i\u00e7in a\u015f\u0131nmaya, darbeye ve korozyona kar\u015f\u0131 dayan\u0131kl\u0131 olmas\u0131 gerekir. Dayan\u0131kl\u0131 bir silindir, bak\u0131m maliyetlerini ve ar\u0131za s\u00fcrelerini azaltarak verimlili\u011fi art\u0131r\u0131r.<\/p>\n<h3>Emniyet<\/h3>\n<p>Hidrolik i\u015flemlerin her a\u015famas\u0131nda g\u00fcvenlik en \u00f6nemli \u00f6nceliktir. Bom silindirinin tasar\u0131m\u0131nda, a\u015f\u0131r\u0131 y\u00fcklenmeyi \u00f6nlemek ve kontroll\u00fc \u00e7al\u0131\u015fmay\u0131 sa\u011flamak i\u00e7in bas\u0131n\u00e7 tahliye vanalar\u0131 gibi g\u00fcvenlik \u00f6zellikleri bulunmal\u0131d\u0131r. D\u00fczenli g\u00fcvenlik denetimleri ve g\u00fcvenlik protokollerine uyulmas\u0131, hidrolik makinelerle ili\u015fkili riskleri azaltmak i\u00e7in \u015fartt\u0131r.<\/p>\n<h3>Bak\u0131m kolayl\u0131\u011f\u0131<\/h3>\n<p>Hidrolik silindirlerin tasar\u0131m\u0131nda bak\u0131m kolayl\u0131\u011f\u0131 hayati bir husustur. Ar\u0131za s\u00fcrelerini en aza indirmek i\u00e7in bile\u015fenlere kolayca eri\u015filebilmeli ve yedek par\u00e7alar kolayca bulunabilmelidir. \u0130yi tasarlanm\u0131\u015f bir silindir, d\u00fczenli bak\u0131m kontrollerini kolayla\u015ft\u0131rarak ekipman\u0131n her zaman verimli ve g\u00fcvenli bir \u015fekilde \u00e7al\u0131\u015fmas\u0131n\u0131 sa\u011flar.<\/p>\n<p><img decoding=\"async\" src=\"https:\/\/www.hydraulic-cylinders.net\/wp-content\/uploads\/2025\/04\/songte-oil-pipes-and-spare-parts.webp\" alt=\"Petrol Borular\u0131 ve Yedek Par\u00e7alar\u0131\" \/><\/p>\n<h2>S\u0131zd\u0131rmazl\u0131k ve Ya\u011flama<\/h2>\n<p>Hidrolik silindirlerin performans\u0131 i\u00e7in etkili s\u0131zd\u0131rmazl\u0131k ve ya\u011flama \u00e7ok \u00f6nemlidir. Bas\u0131nc\u0131 korumak ve s\u0131z\u0131nt\u0131lar\u0131 \u00f6nlemek i\u00e7in piston contalar\u0131 ve mil contalar\u0131 gibi \u00e7e\u015fitli contalar kullan\u0131l\u0131r. Contalar, a\u015f\u0131nmaya ve y\u0131pranmaya kar\u015f\u0131 diren\u00e7 g\u00f6steren poli\u00fcretan veya nitril kau\u00e7uk gibi dayan\u0131kl\u0131 malzemelerden yap\u0131lmal\u0131d\u0131r. Ayr\u0131ca, silindir g\u00f6vdesi ve di\u015fli u\u00e7lar\u0131 a\u015f\u0131nma direncini art\u0131rmak i\u00e7in ince bir \u015fekilde i\u015flenmelidir. Silindirin sorunsuz \u00e7al\u0131\u015fmas\u0131n\u0131 sa\u011flamak ve \u00f6mr\u00fcn\u00fc uzatmak i\u00e7in uygun hidrolik ya\u011f ile d\u00fczenli ya\u011flama gereklidir.<\/p>\n<h2>D\u00fczenli Muayene ve \u00d6nleyici Bak\u0131m<\/h2>\n<ul>\n<li><strong>Planl\u0131 Denetimler:<\/strong> A\u015f\u0131nma, s\u0131z\u0131nt\u0131 veya hasar belirtilerini tespit etmek i\u00e7in d\u00fczenli kontroller yap\u0131lmal\u0131d\u0131r. Sorunlar\u0131n zaman\u0131nda tespit edilmesi, maliyetli onar\u0131mlar\u0131 \u00f6nleyebilir ve g\u00fcvenli \u00e7al\u0131\u015fmay\u0131 sa\u011flayabilir.<\/li>\n<li><strong>Ya\u011flama:<\/strong> Sorunsuz \u00e7al\u0131\u015fma sa\u011flamak ve a\u015f\u0131nmaya yol a\u00e7abilecek s\u00fcrt\u00fcnmeyi \u00f6nlemek i\u00e7in uygun ya\u011flama seviyelerini korumak \u00e7ok \u00f6nemlidir. Hidrolik ya\u011f\u0131 d\u00fczenli olarak kontrol edin ve gerekti\u011finde tamamlay\u0131n.<\/li>\n<li><strong>Conta De\u011fi\u015fimi:<\/strong> Contalar\u0131 a\u015f\u0131nma veya hasar belirtileri a\u00e7\u0131s\u0131ndan kontrol edin. Contalar\u0131n zaman\u0131nda de\u011fi\u015ftirilmesi, bas\u0131nc\u0131 korumaya ve s\u0131z\u0131nt\u0131lar\u0131 \u00f6nlemeye yard\u0131mc\u0131 olarak hidrolik silindirin \u00f6mr\u00fcn\u00fc uzatacakt\u0131r.<\/li>\n<\/ul>\n<h2>Kurulum Talimatlar\u0131<\/h2>\n<p>Bom silindirinin do\u011fru montaj\u0131, optimum performans i\u00e7in \u00e7ok \u00f6nemlidir. \u00d6ncelikle montaj y\u00fczeylerinin temiz ve kal\u0131nt\u0131lardan ar\u0131nd\u0131r\u0131lm\u0131\u015f oldu\u011fundan emin olun. Yanl\u0131\u015f hizalamay\u0131 \u00f6nlemek ve erken a\u015f\u0131nmay\u0131 engellemek i\u00e7in silindiri do\u011fru \u015fekilde hizalay\u0131n. Silindiri yerine sabitlemek i\u00e7in uygun montaj braketleri kullan\u0131n. G\u00fcvenli ba\u011flant\u0131lar sa\u011flamak i\u00e7in \u00fcreticinin tork ayarlar\u0131 spesifikasyonlar\u0131n\u0131 izleyin. Montajdan sonra, silindirin sorunsuz \u00e7al\u0131\u015ft\u0131\u011f\u0131n\u0131 do\u011frulamak i\u00e7in bir fonksiyonel test ger\u00e7ekle\u015ftirin. Kurulumu yap\u0131lan modele ili\u015fkin \u00f6zel talimatlar i\u00e7in her zaman kurulum k\u0131lavuzuna bak\u0131n.<\/p>\n<h2>Yayg\u0131n Bak\u0131m G\u00f6revleri<\/h2>\n<ul>\n<li><strong>D\u00fczenli Kontroller:<\/strong> Hidrolik sistemde s\u0131z\u0131nt\u0131, hasar veya a\u015f\u0131nma belirtileri olup olmad\u0131\u011f\u0131n\u0131 kontrol etmek i\u00e7in d\u00fczenli bir kontrol program\u0131 uygulay\u0131n. Sorunlar b\u00fcy\u00fcmeden \u00f6nce ar\u0131za gidermeye \u00f6ncelik verin.<\/li>\n<li><strong>Uygun Ya\u011flama:<\/strong> Hidrolik ya\u011f seviyelerinin yeterli oldu\u011fundan emin olun ve optimum performans\u0131 korumak ve gereksiz s\u00fcrt\u00fcnmeyi \u00f6nlemek i\u00e7in d\u00fczenli olarak do\u011fru tipte ya\u011f kullan\u0131n.<\/li>\n<li><strong>Conta De\u011fi\u015fimi ve Kalibrasyonu:<\/strong> S\u0131zd\u0131rmazl\u0131k elemanlar\u0131n\u0131n durumunu izleyin ve gerekti\u011finde de\u011fi\u015ftirin. Verimlilik i\u00e7in belirtilen parametreler dahilinde \u00e7al\u0131\u015ft\u0131\u011f\u0131ndan emin olmak amac\u0131yla hidrolik sistemi d\u00fczenli olarak kalibre edin.<\/li>\n<\/ul>\n<h2>G\u00fcvenlik Hususlar\u0131 ve \u00c7evresel Fakt\u00f6rler<\/h2>\n<p>Hidrolik sistemlerle \u00e7al\u0131\u015f\u0131rken g\u00fcvenlik \u00f6nlemleri son derece \u00f6nemlidir. Hidrolik makinelerle ili\u015fkili riskleri en aza indirmek i\u00e7in operat\u00f6rlere uygun e\u011fitim verilmelidir. Her zaman uygun ki\u015fisel koruyucu ekipman (KKD) giyin ve acil durum kapatma vanalar\u0131 gibi g\u00fcvenlik \u00f6zelliklerinin \u00e7al\u0131\u015f\u0131r durumda oldu\u011fundan emin olun. Ayr\u0131ca, hidrolik s\u0131v\u0131 s\u0131z\u0131nt\u0131lar\u0131n\u0131n \u00e7evresel etkisini g\u00f6z \u00f6n\u00fcnde bulundurun; biyolojik olarak par\u00e7alanabilir hidrolik ya\u011flar kullanmak \u00e7evresel endi\u015feleri azaltmaya yard\u0131mc\u0131 olabilir.<\/p>\n<h2>Sorun Giderme ve Yayg\u0131n Sorunlar<\/h2>\n<ul>\n<li><strong>S\u0131v\u0131 S\u0131z\u0131nt\u0131lar\u0131:<\/strong> Contalar ve ba\u011flant\u0131 par\u00e7alar\u0131 \u00e7evresinde s\u0131z\u0131nt\u0131 olup olmad\u0131\u011f\u0131n\u0131 kontrol edin. S\u0131z\u0131nt\u0131 varsa, contalar\u0131 a\u015f\u0131nma a\u00e7\u0131s\u0131ndan inceleyin ve gerekirse de\u011fi\u015ftirin.<\/li>\n<li><strong>Tepkisiz Silindir:<\/strong> Silindir tepki vermiyorsa, hidrolik s\u0131v\u0131 seviyesini kontrol edin ve pompan\u0131n do\u011fru \u00e7al\u0131\u015ft\u0131\u011f\u0131ndan emin olun.<\/li>\n<li><strong>Yava\u015f Hareket:<\/strong> Yava\u015f \u00e7al\u0131\u015fma, hidrolik s\u0131v\u0131s\u0131n\u0131n d\u00fc\u015f\u00fck oldu\u011funu veya sistemde hava s\u0131k\u0131\u015ft\u0131\u011f\u0131n\u0131 g\u00f6sterebilir. Sistemi havas\u0131n\u0131 al\u0131n ve gerekirse s\u0131v\u0131 ekleyin.<\/li>\n<\/ul>\n<p>Sorun giderme ipu\u00e7lar\u0131 sa\u011flamak, kullan\u0131c\u0131lar\u0131n yayg\u0131n sorunlar\u0131 etkili bir \u015fekilde te\u015fhis etmelerine ve \u00e7\u00f6zmelerine yard\u0131mc\u0131 olacakt\u0131r. D\u00fczenli bak\u0131m ve kontroller, potansiyel sorunlar\u0131 en aza indirmeye ve ekipman\u0131n g\u00fcvenilirli\u011fini art\u0131rmaya yard\u0131mc\u0131 olabilir.<\/p>\n<p><img decoding=\"async\" src=\"https:\/\/www.hydraulic-cylinders.net\/wp-content\/uploads\/2025\/04\/songte-bushings-with-all-kinds-of-excavator-models.webp\" alt=\"Ekskavat\u00f6r Modelleri\" \/><\/p>\n<h2>\u015eirket Genel Bak\u0131\u015f\u0131<\/h2>\n<p>Hidrolik silindir yedek par\u00e7alar\u0131 konusunda uzmanla\u015fm\u0131\u015f, kapsaml\u0131 bir \u00fcr\u00fcn yelpazesi sunan bir \u00fcreticiyiz. \u015eirketimiz, hem yurt i\u00e7i hem de uluslararas\u0131 pazarlarda hidrolik silindirlerin \u00f6nde gelen \u00fcreticilerinden ve toptanc\u0131lar\u0131ndan biri haline gelmi\u015ftir. At\u00f6lyelerimizde rafine bir \u00fcretim y\u00f6netim stratejisi kullanarak, kalite m\u00fckemmelli\u011fi ilkesine ba\u011fl\u0131 kal\u0131yoruz. Yetenekli teknik personel, geli\u015fmi\u015f dijital \u00fcretim ekipmanlar\u0131 ve profesyonel bir test sistemi kullanarak, \u00fcretim platformumuzu s\u00fcrekli olarak geli\u015ftiriyor ve \u00fcr\u00fcn kalitesi \u00fcretim s\u00fcre\u00e7lerimizi iyile\u015ftiriyoruz. G\u00fc\u00e7l\u00fc yarat\u0131c\u0131 yeteneklerimiz, \u00e7e\u015fitli m\u00fc\u015fteri ihtiya\u00e7lar\u0131n\u0131 y\u00fcksek verimlilik, hassasiyet ve kaliteyle kar\u015f\u0131lamam\u0131z\u0131 sa\u011fl\u0131yor.<\/p>\n<p><img decoding=\"async\" src=\"https:\/\/www.hydraulic-cylinders.net\/wp-content\/uploads\/2025\/04\/songte-company-4.webp\" alt=\"\u015eirket Genel Bak\u0131\u015f\u0131\" \/><br \/>\n<img decoding=\"async\" src=\"https:\/\/www.hydraulic-cylinders.net\/wp-content\/uploads\/2025\/04\/songte-company-3.webp\" alt=\"\u015eirket Genel Bak\u0131\u015f\u0131\" \/><\/p>\n<h2>\u00c7\u00f6z\u00fcm<\/h2>\n<p>Sonu\u00e7 olarak, Kato HD1023 k\u00fc\u00e7\u00fck ekskavat\u00f6r i\u00e7in bom silindiri, a\u011f\u0131r makinelerin performans\u0131n\u0131 ve verimlili\u011fini art\u0131rmak i\u00e7in \u00f6nemli bir bile\u015fendir. \u00d6zelliklerini, uygulamalar\u0131n\u0131 ve bak\u0131m y\u00f6ntemlerini anlamak, \u00e7e\u015fitli \u00e7al\u0131\u015fma ortamlar\u0131nda uzun \u00f6m\u00fcrl\u00fcl\u00fck ve g\u00fcvenilirlik sa\u011flamak i\u00e7in \u00e7ok \u00f6nemlidir. Y\u00fcksek kaliteli hidrolik silindirler se\u00e7erek, kullan\u0131c\u0131lar optimum performansa ula\u015fabilir ve ar\u0131za s\u00fcrelerini en aza indirebilirler.<\/p>\n<p>Yazar: lyl<\/p>","protected":false},"excerpt":{"rendered":"<p>Boom Cylinder For Kato Small Excavator HD1023 Product Overview The Boom Cylinder for Kato Small Excavator HD1023 is a vital component designed to enhance the operational capabilities of various heavy machinery. Specifically, the bucket cylinder is a type of hydraulic cylinder that plays a crucial role in controlling the movement of the bucket in excavators, [&hellip;]<\/p>","protected":false},"featured_media":17868,"comment_status":"open","ping_status":"closed","template":"","meta":{"_et_pb_use_builder":"","_et_pb_old_content":"","_et_gb_content_width":""},"product_brand":[],"product_cat":[1546],"product_tag":[1547,1496],"class_list":{"0":"post-19740","1":"product","2":"type-product","3":"status-publish","4":"has-post-thumbnail","6":"product_cat-boom-cylinders","7":"product_tag-boom-cylinders","8":"product_tag-hydraulic-cylinders","10":"first","11":"instock","12":"shipping-taxable","13":"product-type-simple"},"amp_enabled":true,"_links":{"self":[{"href":"https:\/\/www.hydraulic-cylinders.net\/tr\/wp-json\/wp\/v2\/product\/19740","targetHints":{"allow":["GET"]}}],"collection":[{"href":"https:\/\/www.hydraulic-cylinders.net\/tr\/wp-json\/wp\/v2\/product"}],"about":[{"href":"https:\/\/www.hydraulic-cylinders.net\/tr\/wp-json\/wp\/v2\/types\/product"}],"replies":[{"embeddable":true,"href":"https:\/\/www.hydraulic-cylinders.net\/tr\/wp-json\/wp\/v2\/comments?post=19740"}],"wp:featuredmedia":[{"embeddable":true,"href":"https:\/\/www.hydraulic-cylinders.net\/tr\/wp-json\/wp\/v2\/media\/17868"}],"wp:attachment":[{"href":"https:\/\/www.hydraulic-cylinders.net\/tr\/wp-json\/wp\/v2\/media?parent=19740"}],"wp:term":[{"taxonomy":"product_brand","embeddable":true,"href":"https:\/\/www.hydraulic-cylinders.net\/tr\/wp-json\/wp\/v2\/product_brand?post=19740"},{"taxonomy":"product_cat","embeddable":true,"href":"https:\/\/www.hydraulic-cylinders.net\/tr\/wp-json\/wp\/v2\/product_cat?post=19740"},{"taxonomy":"product_tag","embeddable":true,"href":"https:\/\/www.hydraulic-cylinders.net\/tr\/wp-json\/wp\/v2\/product_tag?post=19740"}],"curies":[{"name":"wp","href":"https:\/\/api.w.org\/{rel}","templated":true}]}}