{"id":19741,"date":"2025-04-07T07:04:57","date_gmt":"2025-04-07T07:04:57","guid":{"rendered":"https:\/\/www.hydraulic-cylinders.net\/product\/boom-cylinder-for-kato-small-excavator-hd1430r\/"},"modified":"2025-04-07T07:04:59","modified_gmt":"2025-04-07T07:04:59","slug":"boom-cylinder-for-kato-small-excavator-hd1430r","status":"publish","type":"product","link":"https:\/\/www.hydraulic-cylinders.net\/tr\/urun\/boom-cylinder-for-kato-small-excavator-hd1430r\/","title":{"rendered":"Kato K\u00fc\u00e7\u00fck Ekskavat\u00f6r HD1430R i\u00e7in Bom Silindiri"},"content":{"rendered":"<h1>Kato K\u00fc\u00e7\u00fck Ekskavat\u00f6r HD1430R i\u00e7in Bom Silindiri<\/h1>\n<h2>\u00dcr\u00fcn Genel Bak\u0131\u015f\u0131<\/h2>\n<p>Kato HD1430R k\u00fc\u00e7\u00fck ekskavat\u00f6r i\u00e7in bom silindiri, ekskavat\u00f6rler gibi a\u011f\u0131r makineler i\u00e7in \u00f6zel olarak tasarlanm\u0131\u015f hayati bir hidrolik bile\u015fendir. Bu tip hidrolik silindir, ekskavat\u00f6r\u00fcn bomunun hareketini kontrol ederek kep\u00e7enin hassas bir \u015fekilde kald\u0131r\u0131lmas\u0131n\u0131, indirilmesini ve e\u011filmesini sa\u011flar. Hidrolik sistemin hayati bir par\u00e7as\u0131 olan bom silindiri, sorunsuz ve verimli \u00e7al\u0131\u015fma sa\u011flamak i\u00e7in hidrolik bas\u0131nc\u0131 kullan\u0131r ve bu da onu \u00e7e\u015fitli malzeme ta\u015f\u0131ma g\u00f6revleri i\u00e7in vazge\u00e7ilmez k\u0131lar.<\/p>\n<p><img decoding=\"async\" src=\"https:\/\/www.hydraulic-cylinders.net\/wp-content\/uploads\/2025\/04\/songte-company-1.webp\" alt=\"Bom Silindiri Genel Bak\u0131\u015f\"><\/p>\n<h3>Tan\u0131m ve \u0130\u015flev<\/h3>\n<p>Kep\u00e7e silindiri, ekskavat\u00f6rler, kaz\u0131c\u0131 y\u00fckleyiciler ve \u00f6n y\u00fckleyiciler gibi a\u011f\u0131r makinelerde kep\u00e7enin hareketini kontrol etmede \u00f6nemli rol oynayan \u00f6zel bir hidrolik bile\u015fendir. Bu hidrolik silindir, kep\u00e7enin yukar\u0131 ve a\u015fa\u011f\u0131 hareket etmesini ve e\u011filmesini sa\u011flayarak malzemelerin etkili bir \u015fekilde ta\u015f\u0131nmas\u0131n\u0131 kolayla\u015ft\u0131r\u0131r. \u00c7al\u0131\u015fma prensibi hidrolik ilkelere dayan\u0131r; burada hareket olu\u015fturmak i\u00e7in s\u0131v\u0131 bas\u0131nc\u0131 kullan\u0131l\u0131r ve a\u011f\u0131r kald\u0131rma ve hassas manevra i\u00e7in gerekli kuvveti sa\u011flar.<\/p>\n<h2>Bom Silindirinin \u00d6zellikleri<\/h2>\n<ul>\n<li><strong>Y\u00fcksek Dayan\u0131kl\u0131l\u0131k ve Dayan\u0131kl\u0131l\u0131k:<\/strong> Y\u00fcksek bas\u0131nca ve a\u011f\u0131r y\u00fcklere dayanacak \u015fekilde y\u00fcksek mukavemetli \u00e7elik veya al\u00fcminyumdan \u00fcretilmi\u015f, zorlu \u00e7al\u0131\u015fma ortamlar\u0131 i\u00e7in tasarlanm\u0131\u015f, kullan\u0131m \u00f6mr\u00fcn\u00fc uzatmak i\u00e7in a\u015f\u0131nma direnci ve korozyon korumas\u0131na odaklan\u0131lm\u0131\u015ft\u0131r.<\/li>\n<li><strong>Verimli Hidrolik \u00c7al\u0131\u015fma:<\/strong> Hidrolik s\u0131v\u0131 bas\u0131nc\u0131n\u0131 kullanarak d\u00fczg\u00fcn uzatma ve geri \u00e7ekme hareketi sa\u011flar, operasyonel komutlara h\u0131zl\u0131 yan\u0131t verirken a\u011f\u0131r y\u00fcklerin ta\u015f\u0131nmas\u0131 i\u00e7in uygun g\u00fc\u00e7l\u00fc itme ve \u00e7ekme kuvvetleri sunar.<\/li>\n<li><strong>\u00c7e\u015fitli T\u00fcrler:<\/strong> \u00c7e\u015fitli operasyonel ihtiya\u00e7lar\u0131 kar\u015f\u0131lamak \u00fczere tek etkili (tek y\u00f6nde hidrolik hareket) veya \u00e7ift etkili (iki y\u00f6nde hidrolik hareket) konfig\u00fcrasyonlarda mevcuttur; baz\u0131 modeller, d\u0131\u015f boyutlar\u0131 art\u0131rmadan daha fazla uzatma i\u00e7in teleskopik \u00f6zellikler sunmaktad\u0131r.<\/li>\n<\/ul>\n<p>Bu \u00fcr\u00fcn\u00fc biz \u00fcretiyoruz ve silindirlerimiz bu hidrolik silindirlerin yerine m\u00fckemmel \u015fekilde ge\u00e7ebilir.<\/p>\n<p><img decoding=\"async\" src=\"https:\/\/www.hydraulic-cylinders.net\/wp-content\/uploads\/2025\/04\/songte-cylinder-head-with-all-kinds-excavator-models.webp\" alt=\"Bom Silindir Tipleri\"><\/p>\n<h2>Uygulama Senaryolar\u0131<\/h2>\n<h3>\u0130n\u015faat Ekipmanlar\u0131<\/h3>\n<p>\u0130n\u015faat sekt\u00f6r\u00fcnde, ekskavat\u00f6rlerde bulunan bom silindirleri, toprak veya moloz kazma, y\u00fckleme ve ta\u015f\u0131ma i\u015flemlerinde hayati bir rol oynar. Kep\u00e7enin zemine etkili bir \u015fekilde n\u00fcfuz etmesini sa\u011flayarak verimli kaz\u0131 s\u00fcre\u00e7lerini kolayla\u015ft\u0131r\u0131r. Kaz\u0131c\u0131 y\u00fckleyicilerde ise bom silindiri sadece kaz\u0131 i\u015flemlerine yard\u0131mc\u0131 olmakla kalmaz, ayn\u0131 zamanda kald\u0131rma i\u015flemlerine de yard\u0131mc\u0131 olarak \u015fantiyelerde \u00e7ok y\u00f6nl\u00fcl\u00fc\u011f\u00fc art\u0131r\u0131r.<\/p>\n<h3>Tar\u0131m Makinalar\u0131<\/h3>\n<p>Tar\u0131m uygulamalar\u0131nda, bom silindirleri, toprak, saman ve di\u011fer malzemeleri kep\u00e7eyle almak, kald\u0131rmak ve ta\u015f\u0131mak i\u00e7in kullan\u0131lan \u00f6n y\u00fckleyicilerin ayr\u0131lmaz bir par\u00e7as\u0131d\u0131r. G\u00fc\u00e7leri ve hassasiyetleri, yem y\u00fckleme, d\u00f6k\u00fcnt\u00fc temizleme ve \u00e7e\u015fitli \u00e7iftlik i\u015flerini yapma gibi g\u00f6revler i\u00e7in hayati \u00f6neme sahiptir ve bu da onlar\u0131 modern tar\u0131mda vazge\u00e7ilmez k\u0131lmaktad\u0131r.<\/p>\n<h3>Ekskavat\u00f6rler<\/h3>\n<p>Kaz\u0131c\u0131 makinelerde, kep\u00e7e silindirleri, kep\u00e7enin topra\u011fa zahmetsizce n\u00fcfuz etmesini sa\u011flayarak kazma i\u015flemini m\u00fcmk\u00fcn k\u0131lar. Bu \u00f6zellik, in\u015faat ve peyzaj projelerinde, bina veya bitki dikimi i\u00e7in alanlar\u0131n haz\u0131rlanmas\u0131nda hassas ve verimli kazman\u0131n gerekli oldu\u011fu durumlarda \u00e7ok \u00f6nemlidir.<\/p>\n<h3>Y\u00fckleyiciler<\/h3>\n<p>\u00d6n y\u00fckleyicilerde, bom silindirleri malzemelerin etkin bir \u015fekilde kald\u0131r\u0131lmas\u0131na ve bo\u015falt\u0131lmas\u0131na katk\u0131da bulunur. Y\u00fckleyicinin a\u011f\u0131r y\u00fckleri kamyon kasalar\u0131n\u0131 veya depolama konteynerlerini ge\u00e7ecek kadar y\u00fckse\u011fe kald\u0131rma yetene\u011fini art\u0131rarak in\u015faat ve peyzaj i\u015flerinde verimlili\u011fi y\u00fckseltir.<\/p>\n<h2>Tasar\u0131m Hususlar\u0131 ve Se\u00e7im Kriterleri<\/h2>\n<h3>Y\u00fck Kapasitesi<\/h3>\n<p>Bir bom silindirinin y\u00fck ta\u015f\u0131ma kapasitesi, performans\u0131n\u0131n temelini olu\u015fturur. G\u00fcvenlik ve g\u00fcvenilirli\u011fi sa\u011flarken, beklenen maksimum y\u00fckleri kald\u0131racak \u015fekilde tasarlanmal\u0131d\u0131r. M\u00fchendisler, optimum y\u00fck ta\u015f\u0131ma kapasitesini belirlemek i\u00e7in malzeme dayan\u0131m\u0131, silindir boyutlar\u0131 ve \u00e7al\u0131\u015fma bas\u0131nc\u0131 gibi fakt\u00f6rleri dikkate al\u0131rlar.<\/p>\n<h3>S\u0131zd\u0131rmazl\u0131k<\/h3>\n<p>Etkili s\u0131zd\u0131rmazl\u0131k, hidrolik bas\u0131nc\u0131n korunmas\u0131 ve s\u0131z\u0131nt\u0131lar\u0131n \u00f6nlenmesi i\u00e7in \u00e7ok \u00f6nemlidir. Silindirin uzun \u00f6m\u00fcrl\u00fc olmas\u0131 i\u00e7in y\u00fcksek kaliteli contalar \u015fartt\u0131r. Piston contalar\u0131 ve mil contalar\u0131 da dahil olmak \u00fczere \u00e7e\u015fitli conta tipleri, zorlu \u00e7al\u0131\u015fma ko\u015fullar\u0131na dayanma ve zaman i\u00e7inde performanslar\u0131n\u0131 koruma yeteneklerine g\u00f6re se\u00e7ilir.<\/p>\n<h3>Dayan\u0131kl\u0131l\u0131k<\/h3>\n<p>Hidrolik silindirlerin tasar\u0131m\u0131nda dayan\u0131kl\u0131l\u0131k \u00f6nemli bir husustur. Y\u00fcksek s\u0131cakl\u0131klar, bas\u0131n\u00e7 dalgalanmalar\u0131 ve kir ile yabanc\u0131 maddelere maruz kalma gibi a\u015f\u0131r\u0131 ko\u015fullara dayanmalar\u0131 gerekir. Sa\u011flam malzemeler se\u00e7mek ve koruyucu kaplamalar uygulamak, bom silindirlerinin dayan\u0131kl\u0131l\u0131\u011f\u0131n\u0131 \u00f6nemli \u00f6l\u00e7\u00fcde art\u0131rabilir.<\/p>\n<h3>Emniyet<\/h3>\n<p>Hidrolik silindir tasar\u0131m\u0131nda g\u00fcvenlik her \u015feyden \u00f6nemlidir. Bu, bas\u0131n\u00e7 tahliye vanalar\u0131 ve a\u015f\u0131r\u0131 y\u00fck korumas\u0131 gibi silindir ar\u0131zas\u0131n\u0131 \u00f6nleyecek g\u00fcvenlik \u00f6zelliklerinin entegre edilmesini i\u00e7erir. D\u00fczenli bak\u0131m ve g\u00fcvenlik standartlar\u0131na uyulmas\u0131, sahada g\u00fcvenli \u00e7al\u0131\u015fma sa\u011flamak i\u00e7in \u015fartt\u0131r.<\/p>\n<h3>Bak\u0131m kolayl\u0131\u011f\u0131<\/h3>\n<p>Bak\u0131m kolayl\u0131\u011f\u0131, hidrolik silindirin ne kadar kolay bak\u0131m ve onar\u0131m yap\u0131labilece\u011fini ifade eder. Tasar\u0131mda, incelemeler i\u00e7in eri\u015filebilirlik, conta de\u011fi\u015fiminin kolayl\u0131\u011f\u0131 ve yedek par\u00e7a bulunabilirli\u011fi dikkate al\u0131nmal\u0131d\u0131r. D\u00fczenli bak\u0131m\u0131 kolayla\u015ft\u0131ran bir tasar\u0131m, bom silindirinin \u00f6mr\u00fcn\u00fc uzatabilir ve operasyonel ar\u0131za s\u00fcrelerini azaltabilir.<\/p>\n<p><img decoding=\"async\" src=\"https:\/\/www.hydraulic-cylinders.net\/wp-content\/uploads\/2025\/04\/songte-oil-pipes-and-spare-parts.webp\" alt=\"Hidrolik Silindir Bile\u015fenleri\"><\/p>\n<h2>S\u0131zd\u0131rmazl\u0131k ve Ya\u011flama<\/h2>\n<p>Hidrolik silindirlerin performans\u0131 i\u00e7in etkili s\u0131zd\u0131rmazl\u0131k ve ya\u011flama \u00e7ok \u00f6nemlidir. Piston contalar\u0131 ve mil contalar\u0131 gibi \u00e7e\u015fitli contalar kullan\u0131l\u0131r ve bunlar genellikle a\u015f\u0131nma direncini sa\u011flamak i\u00e7in poli\u00fcretan ve nitril kau\u00e7uk gibi dayan\u0131kl\u0131 malzemelerden yap\u0131l\u0131r. Silindir g\u00f6vdesi ve di\u015fli u\u00e7lar\u0131, a\u015f\u0131nma direncini art\u0131rmak i\u00e7in ince bir \u015fekilde i\u015flenir. S\u00fcrt\u00fcnmeyi ve a\u015f\u0131nmay\u0131 azaltmak, sorunsuz \u00e7al\u0131\u015fmay\u0131 sa\u011flamak ve silindirin \u00f6mr\u00fcn\u00fc uzatmak i\u00e7in hidrolik ya\u011f ile d\u00fczenli ya\u011flama gereklidir.<\/p>\n<h2>D\u00fczenli Muayene ve \u00d6nleyici Bak\u0131m<\/h2>\n<ul>\n<li><strong>D\u00fczenli Denetimler:<\/strong> Rutin kontroller yapmak, a\u015f\u0131nma veya hasar belirtilerini erken tespit etmek i\u00e7in \u00e7ok \u00f6nemlidir. Bu, \u00e7al\u0131\u015fma s\u0131ras\u0131nda s\u0131z\u0131nt\u0131lar\u0131, korozyonu ve ola\u011fand\u0131\u015f\u0131 sesleri kontrol etmeyi i\u00e7erir.<\/li>\n<li><strong>Uygun Ya\u011flama:<\/strong> Hidrolik silindirin do\u011fru tip ve miktarda hidrolik ya\u011f ile yeterince ya\u011flanmas\u0131 \u00e7ok \u00f6nemlidir. Bu, s\u00fcrt\u00fcnmeyi ve a\u015f\u0131r\u0131 \u0131s\u0131nmay\u0131 en aza indirmeye yard\u0131mc\u0131 olur; bu da erken ar\u0131zaya yol a\u00e7abilir.<\/li>\n<li><strong>Conta De\u011fi\u015fimi:<\/strong> Hidrolik bas\u0131nc\u0131 korumak ve s\u0131z\u0131nt\u0131lar\u0131 \u00f6nlemek i\u00e7in contalar\u0131n d\u00fczenli olarak de\u011fi\u015ftirilmesi gereklidir. Belirli uygulama ve \u00e7al\u0131\u015fma ko\u015fullar\u0131na uygun, y\u00fcksek kaliteli contalar kullanmak \u00f6nemlidir.<\/li>\n<\/ul>\n<h2>Kurulum K\u0131lavuzu<\/h2>\n<p>Bom silindirinin do\u011fru montaj\u0131, optimum performans i\u00e7in \u00e7ok \u00f6nemlidir. \u00d6ncelikle \u00e7al\u0131\u015fma alan\u0131n\u0131n temiz ve kal\u0131nt\u0131lardan ar\u0131nd\u0131r\u0131lm\u0131\u015f oldu\u011fundan emin olun. Gerekirse uygun montaj aparatlar\u0131 kullanarak hidrolik silindiri montaj braketleriyle do\u011fru \u015fekilde hizalay\u0131n. \u00c7al\u0131\u015fma s\u0131ras\u0131nda hareketi \u00f6nlemek i\u00e7in t\u00fcm c\u0131vata ve ba\u011flant\u0131 elemanlar\u0131n\u0131n \u00fcreticinin spesifikasyonlar\u0131na g\u00f6re s\u0131k\u0131ld\u0131\u011f\u0131ndan emin olun. Ayr\u0131ca, sisteme bas\u0131n\u00e7 uygulamadan \u00f6nce s\u0131z\u0131nt\u0131 olup olmad\u0131\u011f\u0131n\u0131 kontrol ederek hidrolik hatlar\u0131 g\u00fcvenli bir \u015fekilde ba\u011flamak da \u00e7ok \u00f6nemlidir. Bu ad\u0131mlar\u0131 izlemek, silindirin do\u011fru ve verimli bir \u015fekilde \u00e7al\u0131\u015fmas\u0131n\u0131 sa\u011flayacakt\u0131r.<\/p>\n<h2>Bak\u0131m G\u00f6revleri<\/h2>\n<ul>\n<li><strong>D\u00fczenli Denetimler:<\/strong> S\u0131k kontroller, sorunlar b\u00fcy\u00fck problemlere d\u00f6n\u00fc\u015fmeden \u00f6nce tespit edilmesine yard\u0131mc\u0131 olabilir. Bu, s\u0131z\u0131nt\u0131 olup olmad\u0131\u011f\u0131n\u0131 kontrol etmeyi ve t\u00fcm c\u0131vatalar\u0131n sa\u011flam bir \u015fekilde s\u0131k\u0131ld\u0131\u011f\u0131ndan emin olmay\u0131 i\u00e7erir.<\/li>\n<li><strong>Uygun Ya\u011flama:<\/strong> Silindirin sorunsuz \u00e7al\u0131\u015fmas\u0131n\u0131 sa\u011flamak i\u00e7in d\u00fczenli olarak ya\u011flama yap\u0131lmal\u0131 ve do\u011fru tip ve miktarda hidrolik s\u0131v\u0131 kullan\u0131lmal\u0131d\u0131r.<\/li>\n<li><strong>Conta De\u011fi\u015fimi:<\/strong> Hidrolik s\u0131v\u0131 s\u0131z\u0131nt\u0131lar\u0131n\u0131 \u00f6nlemek ve performans\u0131 korumak i\u00e7in contalar\u0131n zaman\u0131nda de\u011fi\u015ftirilmesi \u00e7ok \u00f6nemlidir. Contalar\u0131 d\u00fczenli olarak a\u015f\u0131nma ve hasar a\u00e7\u0131s\u0131ndan kontrol edin ve gerekti\u011finde de\u011fi\u015ftirin.<\/li>\n<\/ul>\n<h2>G\u00fcvenlik Hususlar\u0131 ve \u00c7evresel Fakt\u00f6rler<\/h2>\n<p>Hidrolik silindirlerle \u00e7al\u0131\u015f\u0131rken, kazalar\u0131 ve yaralanmalar\u0131 \u00f6nlemek i\u00e7in g\u00fcvenlik \u00f6nlemleri \u015fartt\u0131r. Operat\u00f6rler uygun koruyucu ekipman giymeli ve kurulum ve bak\u0131m s\u0131ras\u0131nda t\u00fcm g\u00fcvenlik protokollerine uyulmal\u0131d\u0131r. Ayr\u0131ca, \u00e7evresel etkiyi en aza indirmek i\u00e7in hidrolik s\u0131v\u0131lar\u0131n ve eski par\u00e7alar\u0131n uygun \u015fekilde imha edilmesi gibi \u00e7evresel fakt\u00f6rleri de dikkate almak \u00f6nemlidir.<\/p>\n<h2>Ar\u0131za Te\u015fhisi ve Yayg\u0131n Sorunlar<\/h2>\n<ul>\n<li><strong>S\u0131z\u0131nt\u0131lar:<\/strong> Hidrolik s\u0131v\u0131 s\u0131z\u0131nt\u0131lar\u0131, conta ar\u0131zas\u0131n\u0131 veya silindir g\u00f6vdesinde hasar\u0131 g\u00f6sterebilir. D\u00fczenli kontroller, s\u0131z\u0131nt\u0131lar\u0131 erken tespit etmeye yard\u0131mc\u0131 olabilir.<\/li>\n<li><strong>Zay\u0131f Performans:<\/strong> Silindirin d\u00fczg\u00fcn bir \u015fekilde uzamas\u0131 veya geri \u00e7ekilmesi, ya\u011flama sorunlar\u0131na veya i\u00e7 hasara i\u015faret edebilir.<\/li>\n<li><strong>G\u00fcr\u00fclt\u00fcl\u00fc \u00c7al\u0131\u015fma:<\/strong> \u00c7al\u0131\u015fma s\u0131ras\u0131nda duyulan ola\u011fand\u0131\u015f\u0131 sesler, i\u00e7 a\u015f\u0131nma veya yetersiz ya\u011flamaya i\u015faret edebilir ve acil m\u00fcdahale gerektirir.<\/li>\n<\/ul>\n<p>Sorun giderme ipu\u00e7lar\u0131 ve \u00e7\u00f6z\u00fcmleri sunmak, okuyucular\u0131n hidrolik silindirlerindeki sorunlar\u0131 etkili bir \u015fekilde te\u015fhis etmelerine ve \u00e7\u00f6zmelerine yard\u0131mc\u0131 olabilir. Rutin bak\u0131m ve kontroller gibi \u00f6nleyici tedbirler, sorunlar\u0131n ortaya \u00e7\u0131kma olas\u0131l\u0131\u011f\u0131n\u0131 \u00f6nemli \u00f6l\u00e7\u00fcde azaltabilir.<\/p>\n<p><img decoding=\"async\" src=\"https:\/\/www.hydraulic-cylinders.net\/wp-content\/uploads\/2025\/04\/songte-bushings-with-all-kinds-of-excavator-models.webp\" alt=\"Ar\u0131za Te\u015fhisi\"><\/p>\n<h2>\u015eirketimiz Hakk\u0131nda<\/h2>\n<p>\u00d6nde gelen yedek hidrolik silindir \u00fcreticisiyiz ve hem yurt i\u00e7i hem de uluslararas\u0131 pazarlarda en iyi \u00fcretici ve toptanc\u0131lardan biri olarak kendimizi kan\u0131tlam\u0131\u015f geni\u015f bir \u00fcr\u00fcn yelpazesi sunuyoruz. M\u00fckemmelli\u011fe olan ba\u011fl\u0131l\u0131\u011f\u0131m\u0131z, ince ayarlanm\u0131\u015f bir \u00fcretim y\u00f6netim stratejisiyle desteklenmektedir. Nitelikli personelimiz, geli\u015fmi\u015f dijital \u00fcretim ekipmanlar\u0131m\u0131z ve profesyonel test sistemlerimiz sayesinde, \u00fcretim platformumuzu s\u00fcrekli olarak geli\u015ftiriyor ve \u00fcr\u00fcn kalitemizi iyile\u015ftiriyoruz. G\u00fc\u00e7l\u00fc inovasyon yetene\u011fimiz, y\u00fcksek verimlilik, hassasiyet ve kalite ile birle\u015ferek m\u00fc\u015fterilerimizin \u00e7e\u015fitli ihtiya\u00e7lar\u0131n\u0131 kar\u015f\u0131lamam\u0131z\u0131 sa\u011fl\u0131yor.<\/p>\n<p><img decoding=\"async\" src=\"https:\/\/www.hydraulic-cylinders.net\/wp-content\/uploads\/2025\/04\/songte-company-4.webp\" alt=\"\u015eirket Genel Bak\u0131\u015f\u0131\"><br \/>\n<img decoding=\"async\" src=\"https:\/\/www.hydraulic-cylinders.net\/wp-content\/uploads\/2025\/04\/songte-company-3.webp\" alt=\"\u015eirket Tesisleri\"><\/p>\n<p>Yazar: lyl<\/p>","protected":false},"excerpt":{"rendered":"<p>Boom Cylinder For Kato Small Excavator HD1430R Product Overview The Boom Cylinder for Kato Small Excavator HD1430R is a crucial hydraulic component designed specifically for heavy machinery such as excavators. This type of hydraulic cylinder controls the movement of the excavator&#8217;s boom, allowing for precise lifting, lowering, and tilting of the bucket. As a vital [&hellip;]<\/p>","protected":false},"featured_media":17869,"comment_status":"open","ping_status":"closed","template":"","meta":{"_et_pb_use_builder":"","_et_pb_old_content":"","_et_gb_content_width":""},"product_brand":[],"product_cat":[1546],"product_tag":[1547,1496],"class_list":{"0":"post-19741","1":"product","2":"type-product","3":"status-publish","4":"has-post-thumbnail","6":"product_cat-boom-cylinders","7":"product_tag-boom-cylinders","8":"product_tag-hydraulic-cylinders","10":"first","11":"instock","12":"shipping-taxable","13":"product-type-simple"},"amp_enabled":true,"_links":{"self":[{"href":"https:\/\/www.hydraulic-cylinders.net\/tr\/wp-json\/wp\/v2\/product\/19741","targetHints":{"allow":["GET"]}}],"collection":[{"href":"https:\/\/www.hydraulic-cylinders.net\/tr\/wp-json\/wp\/v2\/product"}],"about":[{"href":"https:\/\/www.hydraulic-cylinders.net\/tr\/wp-json\/wp\/v2\/types\/product"}],"replies":[{"embeddable":true,"href":"https:\/\/www.hydraulic-cylinders.net\/tr\/wp-json\/wp\/v2\/comments?post=19741"}],"wp:featuredmedia":[{"embeddable":true,"href":"https:\/\/www.hydraulic-cylinders.net\/tr\/wp-json\/wp\/v2\/media\/17869"}],"wp:attachment":[{"href":"https:\/\/www.hydraulic-cylinders.net\/tr\/wp-json\/wp\/v2\/media?parent=19741"}],"wp:term":[{"taxonomy":"product_brand","embeddable":true,"href":"https:\/\/www.hydraulic-cylinders.net\/tr\/wp-json\/wp\/v2\/product_brand?post=19741"},{"taxonomy":"product_cat","embeddable":true,"href":"https:\/\/www.hydraulic-cylinders.net\/tr\/wp-json\/wp\/v2\/product_cat?post=19741"},{"taxonomy":"product_tag","embeddable":true,"href":"https:\/\/www.hydraulic-cylinders.net\/tr\/wp-json\/wp\/v2\/product_tag?post=19741"}],"curies":[{"name":"wp","href":"https:\/\/api.w.org\/{rel}","templated":true}]}}