{"id":19743,"date":"2025-04-07T07:05:01","date_gmt":"2025-04-07T07:05:01","guid":{"rendered":"https:\/\/www.hydraulic-cylinders.net\/product\/boom-cylinder-for-kato-small-excavator-hd512\/"},"modified":"2025-04-07T07:05:04","modified_gmt":"2025-04-07T07:05:04","slug":"boom-cylinder-for-kato-small-excavator-hd512","status":"publish","type":"product","link":"https:\/\/www.hydraulic-cylinders.net\/tr\/urun\/boom-cylinder-for-kato-small-excavator-hd512\/","title":{"rendered":"Kato K\u00fc\u00e7\u00fck Ekskavat\u00f6r HD512 i\u00e7in Bom Silindiri"},"content":{"rendered":"<h1>Kato K\u00fc\u00e7\u00fck Ekskavat\u00f6r HD512 i\u00e7in Bom Silindiri<\/h1>\n<h2>\u00dcr\u00fcn Genel Bak\u0131\u015f\u0131<\/h2>\n<p>Kato K\u00fc\u00e7\u00fck Ekskavat\u00f6r HD512 i\u00e7in Bom Silindiri, ekskavat\u00f6rler, beko-y\u00fckleyiciler ve \u00f6n y\u00fckleyiciler dahil olmak \u00fczere \u00e7e\u015fitli a\u011f\u0131r makinelerdeki kep\u00e7enin hareketini kontrol etmek i\u00e7in tasarlanm\u0131\u015f \u00f6zel bir hidrolik silindirdir. Bu silindirler, kep\u00e7enin kald\u0131rma, indirme ve yat\u0131rma i\u015flemlerini ger\u00e7ekle\u015ftirerek malzeme ta\u015f\u0131ma g\u00f6revlerini verimli bir \u015fekilde kolayla\u015ft\u0131r\u0131r. Hidrolik silindirler, in\u015faat ve tar\u0131m sekt\u00f6rlerinde zorlu g\u00f6revleri yerine getirmek i\u00e7in gerekli kuvveti sa\u011flayarak a\u011f\u0131r makinelerin hidrolik sistemlerinde \u00f6nemli bir rol oynar.<\/p>\n<p><img decoding=\"async\" src=\"https:\/\/www.hydraulic-cylinders.net\/wp-content\/uploads\/2025\/04\/songte-company-1.webp\" alt=\"Ekskavat\u00f6rler i\u00e7in Bom Silindiri\"><\/p>\n<h2>Bom Silindirinin \u00d6zellikleri<\/h2>\n<ul>\n<li><strong>Y\u00fcksek Dayan\u0131kl\u0131l\u0131k ve Dayan\u0131kl\u0131l\u0131k:<\/strong> Y\u00fcksek bas\u0131n\u00e7 ve a\u011f\u0131r y\u00fcklere dayan\u0131kl\u0131, y\u00fcksek mukavemetli \u00e7elik veya al\u00fcminyumdan \u00fcretilmi\u015f, a\u015f\u0131nma ve korozyona dayan\u0131kl\u0131 \u00f6zellikleriyle zorlu \u00e7al\u0131\u015fma ortamlar\u0131 i\u00e7in tasarlanm\u0131\u015ft\u0131r.<\/li>\n<li><strong>Verimli Hidrolik \u00c7al\u0131\u015fma:<\/strong> Hidrolik ya\u011f bas\u0131nc\u0131n\u0131 kullanarak d\u00fczg\u00fcn uzatma ve geri \u00e7ekme sa\u011flar, kontrol komutlar\u0131na h\u0131zl\u0131 tepki verir ve a\u011f\u0131r ve karma\u015f\u0131k g\u00f6revlerin \u00fcstesinden gelmeye uygun g\u00fc\u00e7l\u00fc itme-\u00e7ekme kuvveti sa\u011flar.<\/li>\n<li><strong>\u00c7e\u015fitli T\u00fcrler:<\/strong> \u00c7e\u015fitli operasyonel ihtiya\u00e7lar\u0131 kar\u015f\u0131lamak i\u00e7in tek etkili (bir y\u00f6nde hidrolik bas\u0131n\u00e7 kullanan) veya \u00e7ift etkili (her iki y\u00f6nde hidrolik bas\u0131n\u00e7 kullanan) silindirler halinde mevcuttur; baz\u0131 modeller teleskopiktir ve harici boyutlar\u0131 artt\u0131rmadan daha fazla uzatmaya izin verir, alan k\u0131s\u0131tl\u0131 uygulamalar i\u00e7in idealdir.<\/li>\n<\/ul>\n<p>\u00dcr\u00fcn\u00fcm\u00fcz bu hidrolik silindirlerin yerine m\u00fckemmel bir \u015fekilde ge\u00e7ebilmektedir.<\/p>\n<p><img decoding=\"async\" src=\"https:\/\/www.hydraulic-cylinders.net\/wp-content\/uploads\/2025\/04\/songte-cylinder-head-with-all-kinds-excavator-models.webp\" alt=\"Ekskavat\u00f6r Hidrolik Silindiri\"><\/p>\n<h2>Uygulama Senaryolar\u0131<\/h2>\n<h3>\u0130n\u015faat Ekipmanlar\u0131<\/h3>\n<p>Ekskavat\u00f6rlerde bom silindirleri, kazma, y\u00fckleme ve toprak veya molozu verimli bir \u015fekilde ta\u015f\u0131ma a\u00e7\u0131s\u0131ndan hayati \u00f6nem ta\u015f\u0131r. Tasar\u0131mlar\u0131, hassasiyet ve g\u00fc\u00e7 gerektiren g\u00f6revler i\u00e7in olmazsa olmaz olan kep\u00e7enin hareketi \u00fczerinde optimum kontrol sa\u011flar. Bu silindirlerin \u00e7ok y\u00f6nl\u00fcl\u00fc\u011f\u00fc, ekskavat\u00f6r\u00fcn \u00e7e\u015fitli arazi ve ko\u015fullarda performans kabiliyetini art\u0131rarak onlar\u0131 in\u015faat projeleri i\u00e7in vazge\u00e7ilmez k\u0131lar.<\/p>\n<h3>Tar\u0131m Makinalar\u0131<\/h3>\n<p>\u00d6n y\u00fckleyicilerde bom silindirleri, toprak, saman ve di\u011fer malzemelerin kald\u0131r\u0131lmas\u0131n\u0131, kep\u00e7elenmesini ve ta\u015f\u0131nmas\u0131n\u0131 kolayla\u015ft\u0131r\u0131r. Sa\u011flam tasar\u0131mlar\u0131, tar\u0131msal ortamlarda s\u0131kl\u0131kla kar\u015f\u0131la\u015f\u0131lan a\u011f\u0131r y\u00fckleri kald\u0131rabilmelerini sa\u011flayarak \u00fcretkenli\u011fi ve verimlili\u011fi art\u0131r\u0131r. Y\u00fck\u00fc hassas bir \u015fekilde idare edebilme yetene\u011fi, operat\u00f6rlerin g\u00f6revlerini daha y\u00fcksek do\u011fruluk ve g\u00fcvenlikle ger\u00e7ekle\u015ftirmelerini sa\u011flar.<\/p>\n<h3>Ekskavat\u00f6rler<\/h3>\n<p>Kova silindiri, kovan\u0131n topra\u011fa n\u00fcfuz etmesini sa\u011flayarak etkili kaz\u0131 i\u015flemlerine olanak tan\u0131r. Bu \u00f6zellik, hendek a\u00e7ma ve tesviye gibi \u00e7e\u015fitli kaz\u0131 i\u015fleri i\u00e7in hayati \u00f6nem ta\u015f\u0131r. Silindirin sa\u011flad\u0131\u011f\u0131 hidrolik g\u00fc\u00e7, gerekli kaz\u0131 derinliklerine ula\u015fmak ve operasyonel verimlili\u011fi korumak i\u00e7in olmazsa olmazd\u0131r.<\/p>\n<h3>Y\u00fckleyiciler<\/h3>\n<p>\u00d6n y\u00fckleyicilerde bu silindirler, malzemelerin etkili bir \u015fekilde kald\u0131r\u0131lmas\u0131na ve bo\u015falt\u0131lmas\u0131na yard\u0131mc\u0131 olur. G\u00fc\u00e7leri ve g\u00fcvenilirlikleri, operat\u00f6rlerin kald\u0131rma g\u00f6revlerini kolayl\u0131kla ger\u00e7ekle\u015ftirmelerini sa\u011flayarak \u015fantiyelerdeki genel verimlili\u011fi art\u0131r\u0131r. Y\u00fck\u00fc hassas bir \u015fekilde kontrol edebilme yetene\u011fi, d\u00f6k\u00fclmeleri \u00f6nlemek ve operasyonlar s\u0131ras\u0131nda g\u00fcvenli\u011fi sa\u011flamak i\u00e7in olmazsa olmazd\u0131r.<\/p>\n<h2>Tasar\u0131m Hususlar\u0131 ve Se\u00e7im Kriterleri<\/h2>\n<h3>Y\u00fck Kapasitesi<\/h3>\n<p>Bir hidrolik silindirin y\u00fck kapasitesi kritik bir husustur. Silindirin kald\u0131rabilece\u011fi veya itebilece\u011fi maksimum a\u011f\u0131rl\u0131\u011f\u0131 belirler. Uygun y\u00fck kapasitesine sahip bir silindir se\u00e7mek, g\u00fcvenli \u00e7al\u0131\u015fma ve uzun \u00f6m\u00fcr sa\u011flar. Silindir ar\u0131zalar\u0131n\u0131 ve olas\u0131 kazalar\u0131 \u00f6nlemek i\u00e7in ekipman \u00e7al\u0131\u015fmas\u0131 s\u0131ras\u0131nda beklenen y\u00fckleri g\u00f6z \u00f6n\u00fcnde bulundurmak \u00e7ok \u00f6nemlidir.<\/p>\n<h3>S\u0131zd\u0131rmazl\u0131k<\/h3>\n<p>Silindir i\u00e7indeki hidrolik bas\u0131nc\u0131n korunmas\u0131 i\u00e7in etkili s\u0131zd\u0131rmazl\u0131k hayati \u00f6nem ta\u015f\u0131r. Y\u00fcksek kaliteli contalar, hidrolik s\u0131v\u0131 s\u0131z\u0131nt\u0131s\u0131n\u0131 \u00f6nler ve bu da performans d\u00fc\u015f\u00fc\u015f\u00fcne ve \u00e7evresel tehlikelere yol a\u00e7abilir. Poli\u00fcretan veya nitril kau\u00e7uk gibi s\u0131zd\u0131rmazl\u0131k malzemelerinin se\u00e7imi, hidrolik silindirin \u00f6mr\u00fcn\u00fc ve g\u00fcvenilirli\u011fini \u00f6nemli \u00f6l\u00e7\u00fcde etkiler ve bu da onu \u00f6nemli bir tasar\u0131m unsuru haline getirir.<\/p>\n<h3>Dayan\u0131kl\u0131l\u0131k<\/h3>\n<p>Dayan\u0131kl\u0131l\u0131k, hidrolik silindirin zaman i\u00e7inde a\u015f\u0131nma ve y\u0131pranmaya dayanma kabiliyetini ifade eder. Malzeme se\u00e7imi, tasar\u0131m ve \u00e7evresel dayan\u0131kl\u0131l\u0131k gibi fakt\u00f6rler genel dayan\u0131kl\u0131l\u0131\u011fa katk\u0131da bulunur. Dayan\u0131kl\u0131 bir silindir, bak\u0131m maliyetlerini ve ar\u0131za s\u00fcrelerini en aza indirerek zorlu uygulamalarda tutarl\u0131 performans ve g\u00fcvenlik sa\u011flar.<\/p>\n<h3>Emniyet<\/h3>\n<p>Hidrolik silindir tasar\u0131m\u0131nda g\u00fcvenlik \u00f6zellikleri olmazsa olmazd\u0131r. Bu \u00f6zellikler aras\u0131nda a\u015f\u0131r\u0131 y\u00fck korumas\u0131, bas\u0131n\u00e7 tahliye mekanizmalar\u0131 ve felaket niteli\u011findeki ar\u0131zalar\u0131 \u00f6nlemek i\u00e7in sa\u011flam yap\u0131 gibi hususlar yer al\u0131r. \u00dcreticiler, g\u00fcvenlik standartlar\u0131na uyarak ve g\u00fcvenlik \u00f6zelliklerini entegre ederek, \u00e7e\u015fitli uygulamalarda hidrolik silindirlerin \u00e7al\u0131\u015fma g\u00fcvenli\u011fini art\u0131rabilirler.<\/p>\n<h3>Bak\u0131m<\/h3>\n<p>Bak\u0131m unsurlar\u0131 aras\u0131nda muayene i\u00e7in kolay eri\u015fim, ya\u011flama noktalar\u0131 ve a\u015f\u0131nm\u0131\u015f bile\u015fenlerin kolayca de\u011fi\u015ftirilebilmesi yer al\u0131r. \u0130yi tasarlanm\u0131\u015f bir hidrolik silindir, bak\u0131m s\u00fcre\u00e7lerini basitle\u015ftirir, ar\u0131za s\u00fcresini azalt\u0131r ve uzun vadeli operasyonel verimlilik sa\u011flar. Mod\u00fcler tasar\u0131m ve standartla\u015ft\u0131r\u0131lm\u0131\u015f bile\u015fenler gibi fakt\u00f6rler, bak\u0131m uygulamalar\u0131n\u0131n iyile\u015ftirilmesine katk\u0131da bulunur.<\/p>\n<p><img decoding=\"async\" src=\"https:\/\/www.hydraulic-cylinders.net\/wp-content\/uploads\/2025\/04\/songte-oil-pipes-and-spare-parts.webp\" alt=\"Hidrolik Silindir Par\u00e7alar\u0131\"><\/p>\n<h2>Silindirin S\u0131zd\u0131rmazl\u0131\u011f\u0131 ve Ya\u011flanmas\u0131<\/h2>\n<p>Piston ke\u00e7eleri ve piston kolu ke\u00e7eleri gibi \u00e7e\u015fitli s\u0131zd\u0131rmazl\u0131k bile\u015fenlerinin kullan\u0131m\u0131, hidrolik sistemin d\u00fczg\u00fcn \u00e7al\u0131\u015fmas\u0131 i\u00e7in olmazsa olmazd\u0131r. Poli\u00fcretan ve nitril kau\u00e7uk gibi a\u015f\u0131nmaya dayan\u0131kl\u0131 malzemelerden \u00fcretilen ke\u00e7elerin se\u00e7imi, dayan\u0131kl\u0131l\u0131\u011f\u0131 ve performans\u0131 art\u0131r\u0131r. Silindir g\u00f6vdesi ve di\u015fli u\u00e7 y\u00fczeyleri, a\u015f\u0131nma direncini art\u0131rmak i\u00e7in hassas bir i\u015fleme tabi tutulur ve bu da s\u0131v\u0131 s\u0131z\u0131nt\u0131s\u0131n\u0131 en aza indiren s\u0131k\u0131 bir s\u0131zd\u0131rmazl\u0131k sa\u011flar. Uygun hidrolik ya\u011f ile d\u00fczenli ya\u011flama, optimum \u00e7al\u0131\u015fmay\u0131 s\u00fcrd\u00fcrmek ve hareketli par\u00e7alarda a\u015f\u0131nmay\u0131 \u00f6nlemek i\u00e7in \u00e7ok \u00f6nemlidir.<\/p>\n<h2>D\u00fczenli Muayene ve \u00d6nleyici Bak\u0131m \u00d6nlemleri<\/h2>\n<ul>\n<li><strong>G\u00f6rsel Muayene:<\/strong> Hidrolik silindirde a\u015f\u0131nma, hasar veya s\u0131z\u0131nt\u0131 belirtilerini d\u00fczenli olarak kontrol edin. Sorunlar\u0131n erken tespiti, maliyetli onar\u0131mlar\u0131 \u00f6nleyebilir ve operasyonel verimlili\u011fi sa\u011flayabilir.<\/li>\n<li><strong>Ya\u011flama:<\/strong> S\u00fcrt\u00fcnmeyi azaltmak ve erken a\u015f\u0131nmay\u0131 \u00f6nlemek i\u00e7in t\u00fcm hareketli par\u00e7alar\u0131n yeterli ya\u011fa sahip oldu\u011fundan emin olun. Optimum performans i\u00e7in \u00fcreticinin \u00f6nerdi\u011fi hidrolik ya\u011f\u0131 kullan\u0131n.<\/li>\n<li><strong>Conta De\u011fi\u015fimi:<\/strong> Hidrolik bas\u0131nc\u0131 korumak ve s\u0131z\u0131nt\u0131lar\u0131 \u00f6nlemek i\u00e7in contalar\u0131n durumunu izleyin ve gerekti\u011finde de\u011fi\u015ftirin. Contalar\u0131n d\u00fczenli olarak de\u011fi\u015ftirilmesi, silindirin uzun \u00f6m\u00fcrl\u00fc olmas\u0131 i\u00e7in kritik \u00f6neme sahiptir.<\/li>\n<\/ul>\n<h2>Kurulum Talimatlar\u0131<\/h2>\n<p>Bom Silindirinin do\u011fru montaj\u0131, optimum performans i\u00e7in \u00e7ok \u00f6nemlidir. \u00d6ncelikle montaj braketlerinin g\u00fcvenli bir \u015fekilde tak\u0131ld\u0131\u011f\u0131ndan ve do\u011fru hizaland\u0131\u011f\u0131ndan emin olun. Montaj s\u0131ras\u0131nda silindiri sabitlemek i\u00e7in uygun montaj destekleri kullan\u0131n. Silindirin hasar g\u00f6rmesini \u00f6nlemek i\u00e7in tork ayarlar\u0131 konusunda \u00fcreticinin talimatlar\u0131na uymak \u00f6nemlidir. Montajdan sonra, s\u0131z\u0131nt\u0131 olmad\u0131\u011f\u0131ndan ve silindirin sorunsuz \u00e7al\u0131\u015ft\u0131\u011f\u0131ndan emin olmak i\u00e7in hidrolik sistemi test edin. S\u00fcrekli performans sa\u011flamak i\u00e7in montaj donan\u0131m\u0131n\u0131n hizalamas\u0131n\u0131 ve s\u0131k\u0131l\u0131\u011f\u0131n\u0131 d\u00fczenli olarak kontrol edin.<\/p>\n<h2>Yayg\u0131n Bak\u0131m G\u00f6revleri<\/h2>\n<ul>\n<li><strong>D\u00fczenli Muayene:<\/strong> Olas\u0131 sorunlar\u0131 erken tespit etmek i\u00e7in rutin bir muayene program\u0131 olu\u015fturun. A\u015f\u0131nma, s\u0131z\u0131nt\u0131 ve hizalama hatalar\u0131na dikkat edin. Bu fakt\u00f6rleri g\u00f6z \u00f6n\u00fcnde bulundurmak, hidrolik silindirin \u00f6mr\u00fcn\u00fc \u00f6nemli \u00f6l\u00e7\u00fcde uzatabilir.<\/li>\n<li><strong>Uygun Ya\u011flama:<\/strong> Sorunsuz \u00e7al\u0131\u015fmas\u0131n\u0131 sa\u011flamak i\u00e7in t\u00fcm hareketli par\u00e7alar\u0131 uygun hidrolik s\u0131v\u0131yla d\u00fczenli olarak ya\u011flay\u0131n. Do\u011fru ya\u011flama, hidrolik sistemin verimlili\u011finin korunmas\u0131 i\u00e7in kritik \u00f6neme sahip olan s\u00fcrt\u00fcnme ve a\u015f\u0131nmay\u0131 azalt\u0131r.<\/li>\n<li><strong>Conta De\u011fi\u015fimi:<\/strong> Contalar\u0131 d\u00fczenli olarak kontrol edin ve a\u015f\u0131nma veya hasar belirtileri g\u00f6r\u00fcld\u00fc\u011f\u00fcnde de\u011fi\u015ftirin. Y\u00fcksek kaliteli contalar kullanmak ve \u00fcreticinin talimatlar\u0131na uymak, s\u0131z\u0131nt\u0131lar\u0131 \u00f6nleyebilir ve hidrolik bas\u0131nc\u0131 koruyabilir.<\/li>\n<\/ul>\n<h2>G\u00fcvenlik Hususlar\u0131 ve \u00c7evresel Fakt\u00f6rler<\/h2>\n<p>Hidrolik silindirleri \u00e7al\u0131\u015ft\u0131r\u0131rken g\u00fcvenlik \u00f6nlemleri \u00e7ok \u00f6nemlidir. Operat\u00f6rler, koruyucu ekipman giymek ve bak\u0131mdan \u00f6nce hidrolik sistemin bas\u0131nc\u0131n\u0131n d\u00fc\u015f\u00fcr\u00fclmesi gibi g\u00fcvenlik protokollerine uymal\u0131d\u0131r. Ayr\u0131ca, s\u0131cakl\u0131k ve nem gibi \u00e7evresel fakt\u00f6rlere dikkat etmek, hidrolik s\u0131v\u0131 performans\u0131 ve silindir b\u00fct\u00fcnl\u00fc\u011f\u00fcyle ilgili sorunlar\u0131n \u00f6nlenmesine yard\u0131mc\u0131 olabilir.<\/p>\n<h2>Sorun Giderme ve Yayg\u0131n Sorunlar<\/h2>\n<ul>\n<li><strong>D\u00fc\u015f\u00fck Performans:<\/strong> Bu durum, yetersiz hidrolik s\u0131v\u0131s\u0131 seviyelerinden veya sistemdeki s\u0131z\u0131nt\u0131lardan kaynaklanabilir. Sorunu \u00e7\u00f6zmek i\u00e7in s\u0131v\u0131 seviyelerini kontrol edin ve s\u0131z\u0131nt\u0131 olup olmad\u0131\u011f\u0131n\u0131 inceleyin.<\/li>\n<li><strong>M\u00fch\u00fcr Ar\u0131zalar\u0131:<\/strong> S\u0131v\u0131 s\u0131z\u0131nt\u0131s\u0131 belirtileri conta a\u015f\u0131nmas\u0131na i\u015faret edebilir. Silindir performans\u0131n\u0131 korumak i\u00e7in contalar\u0131 d\u00fczenli olarak kontrol edin ve gerekti\u011finde de\u011fi\u015ftirin.<\/li>\n<li><strong>\u00c7al\u0131\u015fma S\u0131ras\u0131nda G\u00fcr\u00fclt\u00fc:<\/strong> A\u015f\u0131r\u0131 g\u00fcr\u00fclt\u00fc, hidrolik s\u0131v\u0131s\u0131nda kavitasyon veya hava oldu\u011funun bir i\u015fareti olabilir. S\u0131k\u0131\u015fan havay\u0131 gidermek ve optimum \u00e7al\u0131\u015fma sa\u011flamak i\u00e7in sistemin havas\u0131n\u0131 al\u0131n.<\/li>\n<\/ul>\n<h2>Sorun Giderme \u0130pu\u00e7lar\u0131 ve \u00c7\u00f6z\u00fcmleri<\/h2>\n<p>Hidrolik silindir sorunlar\u0131n\u0131 etkili bir \u015fekilde te\u015fhis edip \u00e7\u00f6zmek i\u00e7in operat\u00f6rler, performans ve bak\u0131m faaliyetlerinin ayr\u0131nt\u0131l\u0131 bir kayd\u0131n\u0131 tutmal\u0131d\u0131r. Hidrolik s\u0131v\u0131 seviyelerini d\u00fczenli olarak kontrol etmek, s\u0131z\u0131nt\u0131lar\u0131 denetlemek ve do\u011fru hizalamay\u0131 sa\u011flamak, bir\u00e7ok yayg\u0131n sorunun \u00f6nlenmesine yard\u0131mc\u0131 olabilir. Belirli sorunlar\u0131 gidermek ve \u00f6nleyici tedbirleri proaktif olarak uygulamak i\u00e7in \u00fcreticinin y\u00f6nergelerine ba\u015fvurman\u0131z \u00f6nerilir.<\/p>\n<p><img decoding=\"async\" src=\"https:\/\/www.hydraulic-cylinders.net\/wp-content\/uploads\/2025\/04\/songte-bushings-with-all-kinds-of-excavator-models.webp\" alt=\"Ekskavat\u00f6r Bile\u015fenleri\"><\/p>\n<h2>\u015eirket Genel Bak\u0131\u015f\u0131<\/h2>\n<p>\u00c7e\u015fitli uygulamalar i\u00e7in y\u00fcksek kaliteli alternatifler \u00fcretme konusunda uzmanla\u015fm\u0131\u015f, lider bir hidrolik silindir \u00fcreticisi ve toptanc\u0131s\u0131y\u0131z. Geni\u015f \u00fcr\u00fcn yelpazemiz, bizi hem yurt i\u00e7i hem de yurt d\u0131\u015f\u0131 pazarlarda \u00f6nemli bir oyuncu haline getirmi\u015ftir. Kalitede m\u00fckemmellik ilkelerine ba\u011fl\u0131 kalarak, geli\u015fmi\u015f \u00fcretim stratejileri ve ileri teknolojiden yararlan\u0131yoruz. Nitelikli i\u015f g\u00fcc\u00fcm\u00fcz, ileri teknoloji dijital \u00fcretim ekipmanlar\u0131 ve profesyonel test sistemleriyle bir araya gelerek \u00fcretim kapasitemizi s\u00fcrekli olarak geli\u015ftiriyor. Y\u00fcksek verimlilik, hassasiyet ve kaliteye olan ba\u011fl\u0131l\u0131\u011f\u0131m\u0131zla, \u00f6zelle\u015ftirilmi\u015f \u00e7\u00f6z\u00fcmlerle \u00e7e\u015fitli m\u00fc\u015fteri ihtiya\u00e7lar\u0131n\u0131 kar\u015f\u0131l\u0131yoruz.<\/p>\n<p><img decoding=\"async\" src=\"https:\/\/www.hydraulic-cylinders.net\/wp-content\/uploads\/2025\/04\/songte-company-4.webp\" alt=\"\u015eirket \u00dcretimi\"><br \/>\n<img decoding=\"async\" src=\"https:\/\/www.hydraulic-cylinders.net\/wp-content\/uploads\/2025\/04\/songte-company-3.webp\" alt=\"\u015eirket Tesisleri\"><\/p>\n<p>Yazar: lyl<\/p>","protected":false},"excerpt":{"rendered":"<p>Boom Cylinder For Kato Small Excavator HD512 Product Overview The Boom Cylinder for the Kato Small Excavator HD512 is a specialized hydraulic cylinder designed to control the movement of the bucket on various heavy machinery, including excavators, backhoe loaders, and front-end loaders. These cylinders enable the bucket to lift, lower, and tilt, facilitating material handling [&hellip;]<\/p>","protected":false},"featured_media":17871,"comment_status":"open","ping_status":"closed","template":"","meta":{"_et_pb_use_builder":"","_et_pb_old_content":"","_et_gb_content_width":""},"product_brand":[],"product_cat":[1546],"product_tag":[1547,1496],"class_list":{"0":"post-19743","1":"product","2":"type-product","3":"status-publish","4":"has-post-thumbnail","6":"product_cat-boom-cylinders","7":"product_tag-boom-cylinders","8":"product_tag-hydraulic-cylinders","10":"first","11":"instock","12":"shipping-taxable","13":"product-type-simple"},"amp_enabled":true,"_links":{"self":[{"href":"https:\/\/www.hydraulic-cylinders.net\/tr\/wp-json\/wp\/v2\/product\/19743","targetHints":{"allow":["GET"]}}],"collection":[{"href":"https:\/\/www.hydraulic-cylinders.net\/tr\/wp-json\/wp\/v2\/product"}],"about":[{"href":"https:\/\/www.hydraulic-cylinders.net\/tr\/wp-json\/wp\/v2\/types\/product"}],"replies":[{"embeddable":true,"href":"https:\/\/www.hydraulic-cylinders.net\/tr\/wp-json\/wp\/v2\/comments?post=19743"}],"wp:featuredmedia":[{"embeddable":true,"href":"https:\/\/www.hydraulic-cylinders.net\/tr\/wp-json\/wp\/v2\/media\/17871"}],"wp:attachment":[{"href":"https:\/\/www.hydraulic-cylinders.net\/tr\/wp-json\/wp\/v2\/media?parent=19743"}],"wp:term":[{"taxonomy":"product_brand","embeddable":true,"href":"https:\/\/www.hydraulic-cylinders.net\/tr\/wp-json\/wp\/v2\/product_brand?post=19743"},{"taxonomy":"product_cat","embeddable":true,"href":"https:\/\/www.hydraulic-cylinders.net\/tr\/wp-json\/wp\/v2\/product_cat?post=19743"},{"taxonomy":"product_tag","embeddable":true,"href":"https:\/\/www.hydraulic-cylinders.net\/tr\/wp-json\/wp\/v2\/product_tag?post=19743"}],"curies":[{"name":"wp","href":"https:\/\/api.w.org\/{rel}","templated":true}]}}