{"id":19744,"date":"2025-04-07T07:05:04","date_gmt":"2025-04-07T07:05:04","guid":{"rendered":"https:\/\/www.hydraulic-cylinders.net\/product\/boom-cylinder-for-kato-small-excavator-hd512-3\/"},"modified":"2025-04-07T07:05:07","modified_gmt":"2025-04-07T07:05:07","slug":"boom-cylinder-for-kato-small-excavator-hd512-3","status":"publish","type":"product","link":"https:\/\/www.hydraulic-cylinders.net\/tr\/urun\/boom-cylinder-for-kato-small-excavator-hd512-3\/","title":{"rendered":"Kato K\u00fc\u00e7\u00fck Ekskavat\u00f6r HD512-3 i\u00e7in Bom Silindiri"},"content":{"rendered":"<h1>Kato K\u00fc\u00e7\u00fck Ekskavat\u00f6r HD512-3 i\u00e7in Bom Silindiri<\/h1>\n<h2>Bom Silindirine Genel Bak\u0131\u015f<\/h2>\n<p>Bom silindiri, ekskavat\u00f6rler, beko-loderler ve \u00f6n y\u00fckleyiciler gibi \u00e7e\u015fitli a\u011f\u0131r makinelerdeki kep\u00e7elerin hareketini kontrol etmek i\u00e7in tasarlanm\u0131\u015f hidrolik sistemlerde \u00f6nemli bir bile\u015fendir. Bu hidrolik silindir, kep\u00e7enin kald\u0131rma, indirme ve yat\u0131rma i\u015flemlerini ger\u00e7ekle\u015ftirerek malzeme ta\u015f\u0131ma g\u00f6revlerini verimli bir \u015fekilde kolayla\u015ft\u0131r\u0131r. Bom silindiri, in\u015faat ekipmanlar\u0131n\u0131n performans\u0131nda ve \u00e7ok y\u00f6nl\u00fcl\u00fc\u011f\u00fcnde \u00f6nemli bir rol oynar ve a\u011f\u0131r y\u00fcklerin hassas bir \u015fekilde kontrol edilmesini ve hareket ettirilmesini sa\u011flayarak in\u015faat ve kaz\u0131 \u00e7al\u0131\u015fmalar\u0131nda vazge\u00e7ilmezdir.<\/p>\n<p><img decoding=\"async\" src=\"https:\/\/www.hydraulic-cylinders.net\/wp-content\/uploads\/2025\/04\/songte-company-1.webp\" alt=\"Ekskavat\u00f6r i\u00e7in Bom Silindiri\" \/><\/p>\n<h2>Bom Silindirimizin \u00d6zellikleri<\/h2>\n<ul>\n<li>\n<h3>Y\u00fcksek G\u00fc\u00e7 ve Dayan\u0131kl\u0131l\u0131k<\/h3>\n<p>Y\u00fcksek mukavemetli \u00e7elik veya al\u00fcminyumdan \u00fcretilen bom silindirlerimiz, zorlu \u00e7al\u0131\u015fma ortamlar\u0131na uyum sa\u011flarken y\u00fcksek bas\u0131n\u00e7 ve a\u011f\u0131r y\u00fcklere dayanacak \u015fekilde tasarlanm\u0131\u015ft\u0131r. Tasar\u0131mda a\u015f\u0131nma ve korozyon direnci g\u00f6z \u00f6n\u00fcnde bulundurularak \u00fcr\u00fcn\u00fcn kullan\u0131m \u00f6mr\u00fc uzat\u0131lm\u0131\u015ft\u0131r.<\/p>\n<\/li>\n<li>\n<h3>Verimli Hidrolik \u00c7al\u0131\u015fma<\/h3>\n<p>Hidrolik s\u0131v\u0131 bas\u0131nc\u0131n\u0131 kullanan silindirlerimiz, operat\u00f6r komutlar\u0131na h\u0131zl\u0131 yan\u0131t vermeyi garantileyen ve g\u00fc\u00e7l\u00fc itme ve \u00e7ekme kuvveti sa\u011flayan d\u00fczg\u00fcn uzatma ve geri \u00e7ekme sa\u011flar; a\u011f\u0131r ve karma\u015f\u0131k operasyonel g\u00f6revlerin \u00fcstesinden gelmek i\u00e7in idealdir.<\/p>\n<\/li>\n<li>\n<h3>\u00c7e\u015fitli T\u00fcrler<\/h3>\n<p>Bom silindirlerimiz, tek etkili (tek y\u00f6nde \u00e7al\u0131\u015fan) ve \u00e7ift etkili (her iki y\u00f6nde \u00e7al\u0131\u015fan) olmak \u00fczere \u00e7e\u015fitli modellerde mevcuttur. Baz\u0131 modeller teleskopik olup, d\u0131\u015f boyutlar\u0131 art\u0131rmadan daha geni\u015f bir eri\u015fim alan\u0131 sa\u011flayarak, s\u0131n\u0131rl\u0131 alana sahip uygulamalar i\u00e7in uygundur.<\/p>\n<\/li>\n<li>\n<h3>Hassas M\u00fchendislik<\/h3>\n<p>Her silindir, zorlu ortamlarda g\u00fcvenilir performans ve uzun \u00f6m\u00fcr sa\u011flamak i\u00e7in s\u0131k\u0131 testlerden ve kalite kontrol\u00fcnden ge\u00e7er.<\/p>\n<\/li>\n<li>\n<h3>\u00c7ok Y\u00f6nl\u00fc Uygulamalar<\/h3>\n<p>\u00c7e\u015fitli ekskavat\u00f6r modelleriyle uyumlu olacak \u015fekilde tasarlanan silindirlerimiz, OEM par\u00e7alar\u0131n\u0131n yerini sorunsuz bir \u015fekilde alabilir ve optimum performans sa\u011flar.<\/p>\n<\/li>\n<\/ul>\n<p><img decoding=\"async\" src=\"https:\/\/www.hydraulic-cylinders.net\/wp-content\/uploads\/2025\/04\/songte-cylinder-head-with-all-kinds-excavator-models.webp\" alt=\"Ekskavat\u00f6r Modelleri Uyumlulu\u011fu\" \/><\/p>\n<h2>Uygulama Senaryolar\u0131<\/h2>\n<ul>\n<li>\n<h3>\u0130n\u015faat Ekipmanlar\u0131<\/h3>\n<p>Ekskavat\u00f6rlerde bom silindirleri, kazma, y\u00fckleme ve toprak veya moloz ta\u015f\u0131ma i\u00e7in hayati \u00f6nem ta\u015f\u0131r. \u0130\u015flevsellikleri, a\u011f\u0131r kald\u0131rma ve malzemelerin hassas bir \u015fekilde yerle\u015ftirilmesini gerektiren \u015fantiyelerdeki g\u00f6revler i\u00e7in hayati \u00f6nem ta\u015f\u0131r.<\/p>\n<\/li>\n<li>\n<h3>Tar\u0131m Makinalar\u0131<\/h3>\n<p>\u00d6n y\u00fckleyicilerde kullan\u0131lan bu silindirler, toprak, saman ve di\u011fer malzemelerin kep\u00e7elenmesi, kald\u0131r\u0131lmas\u0131 ve ta\u015f\u0131nmas\u0131nda \u00f6nemli rol oynar. Verimli \u00e7al\u0131\u015fmalar\u0131, tar\u0131m faaliyetlerinde verimlili\u011fi art\u0131r\u0131r.<\/p>\n<\/li>\n<li>\n<h3>Ekskavat\u00f6rler<\/h3>\n<p>Bom silindirleri, kep\u00e7enin zemine etkili bir \u015fekilde n\u00fcfuz etmesini sa\u011flayarak, kaz\u0131 g\u00f6revleri i\u00e7in hayati \u00f6nem ta\u015f\u0131yan verimli kaz\u0131 eylemlerini garanti alt\u0131na al\u0131r.<\/p>\n<\/li>\n<li>\n<h3>Y\u00fckleyiciler<\/h3>\n<p>\u00d6n y\u00fckleyicilerde bom silindirleri, y\u00fcklerin etkili bir \u015fekilde kald\u0131r\u0131lmas\u0131na ve bo\u015falt\u0131lmas\u0131na yard\u0131mc\u0131 olur ve bu da onlar\u0131 malzeme ta\u015f\u0131ma ve in\u015faat s\u00fcre\u00e7lerinde vazge\u00e7ilmez ara\u00e7lar haline getirir.<\/p>\n<\/li>\n<\/ul>\n<h2>Tasar\u0131m Hususlar\u0131 ve Se\u00e7im Kriterleri<\/h2>\n<ul>\n<li>\n<h3>Y\u00fck Kapasitesi<\/h3>\n<p>Bom silindiri se\u00e7erken y\u00fck kapasitesi kritik \u00f6neme sahiptir. Bom silindiri, beklenen y\u00fckleri ar\u0131zalanmadan kald\u0131rabilmelidir. Bu, \u00e7al\u0131\u015fma s\u0131ras\u0131ndaki hem statik hem de dinamik y\u00fcklerin dikkate al\u0131nmas\u0131n\u0131 gerektirir.<\/p>\n<\/li>\n<li>\n<h3>S\u0131zd\u0131rmazl\u0131k<\/h3>\n<p>Performans kayb\u0131na ve \u00e7evresel tehlikelere yol a\u00e7abilen hidrolik s\u0131v\u0131 s\u0131z\u0131nt\u0131s\u0131n\u0131 \u00f6nlemek i\u00e7in etkili s\u0131zd\u0131rmazl\u0131k hayati \u00f6nem ta\u015f\u0131r. Y\u00fcksek kaliteli contalar, uzun vadeli g\u00fcvenilirlik ve minimum bak\u0131m sa\u011flar.<\/p>\n<\/li>\n<li>\n<h3>Dayan\u0131kl\u0131l\u0131k<\/h3>\n<p>Silindirin malzemesi ve yap\u0131s\u0131 dayan\u0131kl\u0131l\u0131\u011f\u0131n\u0131 etkiler. A\u015f\u0131nma ve korozyona dayan\u0131kl\u0131 malzemelerin se\u00e7ilmesi, \u00fcr\u00fcn\u00fcn \u00f6mr\u00fcn\u00fc uzat\u0131r ve de\u011fi\u015ftirme s\u0131kl\u0131\u011f\u0131n\u0131 azalt\u0131r.<\/p>\n<\/li>\n<li>\n<h3>Emniyet<\/h3>\n<p>Bas\u0131n\u00e7 tahliye vanalar\u0131 gibi g\u00fcvenlik \u00f6zelliklerinin dahil edilmesi, in\u015faat sahalar\u0131 gibi y\u00fcksek riskli ortamlarda hayati \u00f6nem ta\u015f\u0131yan de\u011fi\u015fken ko\u015fullar alt\u0131nda g\u00fcvenli \u00e7al\u0131\u015fmay\u0131 sa\u011flar.<\/p>\n<\/li>\n<li>\n<h3>Bak\u0131m kolayl\u0131\u011f\u0131<\/h3>\n<p>Silindirlerin bak\u0131m kolayl\u0131\u011f\u0131 sa\u011flayacak \u015fekilde tasarlanmas\u0131 hayati \u00f6nem ta\u015f\u0131r. Muayene ve bak\u0131m i\u00e7in temel bile\u015fenlere eri\u015filebilirli\u011fin dikkate al\u0131nmas\u0131, ar\u0131za s\u00fcrelerini \u00f6nemli \u00f6l\u00e7\u00fcde azaltabilir.<\/p>\n<\/li>\n<\/ul>\n<p><img decoding=\"async\" src=\"https:\/\/www.hydraulic-cylinders.net\/wp-content\/uploads\/2025\/04\/songte-oil-pipes-and-spare-parts.webp\" alt=\"Hidrolik Par\u00e7alar ve Bak\u0131m\" \/><\/p>\n<h2>S\u0131zd\u0131rmazl\u0131k ve Ya\u011flama<\/h2>\n<p>Hidrolik silindirlerin uzun \u00f6m\u00fcrl\u00fc olmas\u0131 i\u00e7in uygun s\u0131zd\u0131rmazl\u0131k ve ya\u011flama olmazsa olmazd\u0131r. Piston ke\u00e7eleri ve piston kolu ke\u00e7eleri gibi \u00e7e\u015fitli ke\u00e7eler, m\u00fckemmel a\u015f\u0131nma direnci sa\u011flayan poli\u00fcretan ve nitril kau\u00e7uk gibi dayan\u0131kl\u0131 malzemelerden \u00fcretilmi\u015ftir. Silindir g\u00f6vdesinin hassas i\u015flenmi\u015f y\u00fczeyleri ve di\u015fli u\u00e7lar\u0131 dayan\u0131kl\u0131l\u0131\u011f\u0131 art\u0131r\u0131r ve a\u015f\u0131nmay\u0131 azalt\u0131r. Optimum performans\u0131 korumak ve erken ar\u0131zaya yol a\u00e7abilecek kuru \u00e7al\u0131\u015fma ko\u015fullar\u0131n\u0131 \u00f6nlemek i\u00e7in yeterli miktarda hidrolik ya\u011f eklenerek d\u00fczenli ya\u011flama gereklidir.<\/p>\n<h2>\u00d6nleyici Bak\u0131m \u00d6nlemleri<\/h2>\n<ul>\n<li>\n<h3>D\u00fczenli Denetimler<\/h3>\n<p>Hidrolik silindirlerde s\u0131z\u0131nt\u0131, a\u015f\u0131nma ve di\u011fer bozulma belirtileri a\u00e7\u0131s\u0131ndan rutin kontroller yapmak, sorunlar\u0131n ciddi sorunlara d\u00f6n\u00fc\u015fmeden \u00f6nce belirlenmesine yard\u0131mc\u0131 olabilir.<\/p>\n<\/li>\n<li>\n<h3>Uygun Ya\u011flama<\/h3>\n<p>D\u00fczg\u00fcn \u00e7al\u0131\u015fma ve hareketli par\u00e7alar aras\u0131ndaki s\u00fcrt\u00fcnmeyi en aza indirmek i\u00e7in uygun ya\u011flama seviyelerini korumak ve do\u011fru tipte hidrolik ya\u011f kullanmak kritik \u00f6neme sahiptir.<\/p>\n<\/li>\n<li>\n<h3>Conta De\u011fi\u015fimi<\/h3>\n<p>Contalar\u0131n d\u00fczenli olarak kontrol edilmesi ve gerekti\u011finde de\u011fi\u015ftirilmesi, hidrolik bas\u0131nc\u0131n korunmas\u0131na yard\u0131mc\u0131 olur ve s\u0131z\u0131nt\u0131lar\u0131 \u00f6nleyerek sistemin verimli bir \u015fekilde \u00e7al\u0131\u015fmas\u0131n\u0131 sa\u011flar.<\/p>\n<\/li>\n<\/ul>\n<h2>Kurulum Talimatlar\u0131<\/h2>\n<p>Bom silindirinin do\u011fru montaj\u0131, performans\u0131 ve uzun \u00f6m\u00fcrl\u00fcl\u00fc\u011f\u00fc i\u00e7in \u00e7ok \u00f6nemlidir. \u00d6ncelikle, silindirin ekskavat\u00f6rdeki ba\u011flant\u0131 noktalar\u0131yla do\u011fru \u015fekilde hizaland\u0131\u011f\u0131ndan emin olun. Silindiri s\u0131k\u0131ca yerine sabitlemek i\u00e7in uygun montaj braketleri kullanman\u0131z \u00f6nerilir. \u00c7al\u0131\u015fma s\u0131ras\u0131nda herhangi bir gev\u015femeyi \u00f6nlemek i\u00e7in t\u00fcm donan\u0131mlar\u0131n \u00fcreticinin talimatlar\u0131na g\u00f6re s\u0131k\u0131ld\u0131\u011f\u0131ndan emin olun. Ayr\u0131ca, hidrolik ba\u011flant\u0131larda s\u0131z\u0131nt\u0131 olup olmad\u0131\u011f\u0131n\u0131 kontrol edin ve silindirin i\u015flevselli\u011fini test etmeden \u00f6nce hidrolik ya\u011f\u0131n do\u011fru seviyeye kadar dolduruldu\u011funu do\u011frulay\u0131n. Optimum performans sa\u011flamak i\u00e7in daima \u00fcreticinin montaj talimatlar\u0131n\u0131 dikkatlice izleyin.<\/p>\n<h2>Yayg\u0131n Bak\u0131m G\u00f6revleri<\/h2>\n<ul>\n<li>\n<h3>D\u00fczenli Kontroller<\/h3>\n<p>Hidrolik sistemin bas\u0131n\u00e7 ve performans\u0131n\u0131 s\u0131k s\u0131k kontrol edin. Herhangi bir d\u00fczensizli\u011fin izlenmesi, k\u00fc\u00e7\u00fck sorunlar\u0131n b\u00fcy\u00fck ar\u0131zalara yol a\u00e7madan \u00f6nce derhal giderilmesini sa\u011flar.<\/p>\n<\/li>\n<li>\n<h3>Uygun Ya\u011flama<\/h3>\n<p>Silindir par\u00e7alar\u0131ndaki a\u015f\u0131nma ve y\u0131pranmay\u0131 en aza indirmek i\u00e7in y\u00fcksek kaliteli hidrolik ya\u011f kullanarak ve \u00f6nerilen aral\u0131klarla uygulayarak uygun ya\u011flamay\u0131 sa\u011flay\u0131n.<\/p>\n<\/li>\n<li>\n<h3>Conta De\u011fi\u015fimi ve Kalibrasyonu<\/h3>\n<p>Hidrolik i\u015flemlerin do\u011frulu\u011funu korumak i\u00e7in a\u015f\u0131nm\u0131\u015f contalar\u0131 d\u00fczenli olarak de\u011fi\u015ftirin ve kalibrasyon kontrolleri yap\u0131n. Bu, sistemin g\u00fcvenilirli\u011fini ve verimlili\u011fini art\u0131racakt\u0131r.<\/p>\n<\/li>\n<\/ul>\n<p><img decoding=\"async\" src=\"https:\/\/www.hydraulic-cylinders.net\/wp-content\/uploads\/2025\/04\/songte-chushion-collar.webp\" alt=\"Silindir Yast\u0131klama\" \/><\/p>\n<h2>G\u00fcvenlik Hususlar\u0131 ve \u00c7evresel Fakt\u00f6rler<\/h2>\n<p>Hidrolik silindirleri \u00e7al\u0131\u015ft\u0131r\u0131rken, personeli ve ekipman\u0131 korumak i\u00e7in g\u00fcvenlik \u00f6nlemleri son derece \u00f6nemlidir. G\u00fcvenlik \u00f6nlemlerinin her zaman yerinde oldu\u011fundan ve operat\u00f6rlerin do\u011fru kullan\u0131m teknikleri konusunda e\u011fitildi\u011finden emin olun. A\u015f\u0131r\u0131 s\u0131cakl\u0131klar ve a\u015f\u0131nd\u0131r\u0131c\u0131 maddelere maruz kalma gibi \u00e7evresel fakt\u00f6rler de silindir performans\u0131n\u0131 ve \u00f6mr\u00fcn\u00fc etkileyebilece\u011finden dikkate al\u0131nmal\u0131d\u0131r. G\u00fcvenlik protokolleri ve \u00e7evre bilinci konusunda d\u00fczenli e\u011fitim, kaza ve ekipman ar\u0131zas\u0131 riskini \u00f6nemli \u00f6l\u00e7\u00fcde azaltabilir.<\/p>\n<h2>Ar\u0131za Te\u015fhisi ve Yayg\u0131n Sorunlar<\/h2>\n<ul>\n<li>\n<h3>Hidrolik S\u0131z\u0131nt\u0131lar<\/h3>\n<p>S\u0131z\u0131nt\u0131lar genellikle a\u015f\u0131nm\u0131\u015f contalar\u0131n veya hasarl\u0131 bile\u015fenlerin g\u00f6stergesidir. Sistemi d\u00fczenli olarak s\u0131v\u0131 kayb\u0131 belirtileri a\u00e7\u0131s\u0131ndan inceleyin ve operasyonel ar\u0131zalar\u0131 \u00f6nlemek i\u00e7in sorunu derhal giderin.<\/p>\n<\/li>\n<li>\n<h3>D\u00fczensiz Hareket<\/h3>\n<p>Silindir d\u00fczensiz hareket ediyorsa veya tepki vermiyorsa, bunun nedeni d\u00fc\u015f\u00fck hidrolik s\u0131v\u0131 seviyeleri veya sistemdeki hava olabilir. S\u0131v\u0131 seviyelerini kontrol edin ve d\u00fczg\u00fcn \u00e7al\u0131\u015fmas\u0131n\u0131 sa\u011flamak i\u00e7in hatlardaki havay\u0131 bo\u015falt\u0131n.<\/p>\n<\/li>\n<li>\n<h3>A\u015f\u0131r\u0131 \u0131s\u0131nma<\/h3>\n<p>A\u015f\u0131r\u0131 \u0131s\u0131, a\u015f\u0131r\u0131 y\u00fcklenme veya yetersiz ya\u011flaman\u0131n bir i\u015fareti olabilir. Silindirin kapasitesinin \u00fczerinde y\u00fcke maruz kalmad\u0131\u011f\u0131ndan ve uygun ya\u011flaman\u0131n sa\u011fland\u0131\u011f\u0131ndan emin olun.<\/p>\n<\/li>\n<\/ul>\n<h2>Sorun Giderme ve \u00d6nleyici Tedbirler \u0130\u00e7in \u0130pu\u00e7lar\u0131<\/h2>\n<p>Etkili ar\u0131za te\u015fhisi i\u00e7in, hidrolik sistemde yap\u0131lan t\u00fcm sorunlar\u0131n ve onar\u0131mlar\u0131n kayd\u0131n\u0131 tutun. D\u00fczenli bak\u0131m kontrolleri ve a\u015f\u0131nma belirtilerine an\u0131nda m\u00fcdahale, ciddi sorun olas\u0131l\u0131\u011f\u0131n\u0131 b\u00fcy\u00fck \u00f6l\u00e7\u00fcde azaltabilir. Rutin muayene ve bak\u0131mlar\u0131 i\u00e7eren bir \u00f6nleyici bak\u0131m program\u0131 uygulamak, bom silindirinin g\u00fcvenilirli\u011fini art\u0131racak ve \u00f6mr\u00fcn\u00fc uzatacakt\u0131r.<\/p>\n<p><img decoding=\"async\" src=\"https:\/\/www.hydraulic-cylinders.net\/wp-content\/uploads\/2025\/04\/songte-bushings-with-all-kinds-of-excavator-models.webp\" alt=\"Ekskavat\u00f6rler i\u00e7in Bur\u00e7lar\" \/><\/p>\n<h2>\u015eirket Tan\u0131t\u0131m\u0131<\/h2>\n<p>Alternatif hidrolik silindirlerin lider \u00fcreticisiyiz ve bizi hem yurt i\u00e7i hem de yurt d\u0131\u015f\u0131 pazarlarda en iyi toptanc\u0131lar aras\u0131nda konumland\u0131ran kapsaml\u0131 bir \u00fcr\u00fcn yelpazesi sunuyoruz. Kalitede m\u00fckemmellik ilkelerine ba\u011fl\u0131 kalarak, rafine \u00fcretim s\u00fcre\u00e7lerini vurgulayan bir end\u00fcstriyel \u00fcretim y\u00f6netimi stratejisinden yararlan\u0131yoruz. \u015eirketimiz, \u00fcretim kapasitemizi s\u00fcrekli olarak geli\u015ftirmek i\u00e7in yetenekli teknik personele, son teknoloji dijital \u00fcretim ekipmanlar\u0131na ve \u00f6zel test sistemlerine yat\u0131r\u0131m yapmaktad\u0131r. Verimlilik, hassasiyet ve kaliteye b\u00fcy\u00fck \u00f6nem vererek, \u00f6zelle\u015ftirilmi\u015f \u00e7\u00f6z\u00fcmler ve g\u00fc\u00e7l\u00fc sat\u0131\u015f sonras\u0131 destek arac\u0131l\u0131\u011f\u0131yla \u00e7e\u015fitli m\u00fc\u015fteri ihtiya\u00e7lar\u0131n\u0131 kar\u015f\u0131lamaya kendimizi adad\u0131k.<\/p>\n<p><img decoding=\"async\" src=\"https:\/\/www.hydraulic-cylinders.net\/wp-content\/uploads\/2025\/04\/songte-company-4.webp\" alt=\"\u015eirket Genel Bak\u0131\u015f\u0131\" \/><br \/>\n<img decoding=\"async\" src=\"https:\/\/www.hydraulic-cylinders.net\/wp-content\/uploads\/2025\/04\/songte-company-3.webp\" alt=\"\u00dcretim Tesisi\" \/><\/p>\n<p>Yazar: lyl<\/p>","protected":false},"excerpt":{"rendered":"<p>Boom Cylinder For Kato Small Excavator HD512-3 Overview of Boom Cylinder The boom cylinder is an essential component in hydraulic systems, primarily designed to control the movement of buckets in various heavy machinery, such as excavators, backhoe loaders, and front loaders. This hydraulic cylinder enables the bucket to lift, lower, and tilt, facilitating material handling [&hellip;]<\/p>","protected":false},"featured_media":17872,"comment_status":"open","ping_status":"closed","template":"","meta":{"_et_pb_use_builder":"","_et_pb_old_content":"","_et_gb_content_width":""},"product_brand":[],"product_cat":[1546],"product_tag":[1547,1496],"class_list":{"0":"post-19744","1":"product","2":"type-product","3":"status-publish","4":"has-post-thumbnail","6":"product_cat-boom-cylinders","7":"product_tag-boom-cylinders","8":"product_tag-hydraulic-cylinders","10":"first","11":"instock","12":"shipping-taxable","13":"product-type-simple"},"amp_enabled":true,"_links":{"self":[{"href":"https:\/\/www.hydraulic-cylinders.net\/tr\/wp-json\/wp\/v2\/product\/19744","targetHints":{"allow":["GET"]}}],"collection":[{"href":"https:\/\/www.hydraulic-cylinders.net\/tr\/wp-json\/wp\/v2\/product"}],"about":[{"href":"https:\/\/www.hydraulic-cylinders.net\/tr\/wp-json\/wp\/v2\/types\/product"}],"replies":[{"embeddable":true,"href":"https:\/\/www.hydraulic-cylinders.net\/tr\/wp-json\/wp\/v2\/comments?post=19744"}],"wp:featuredmedia":[{"embeddable":true,"href":"https:\/\/www.hydraulic-cylinders.net\/tr\/wp-json\/wp\/v2\/media\/17872"}],"wp:attachment":[{"href":"https:\/\/www.hydraulic-cylinders.net\/tr\/wp-json\/wp\/v2\/media?parent=19744"}],"wp:term":[{"taxonomy":"product_brand","embeddable":true,"href":"https:\/\/www.hydraulic-cylinders.net\/tr\/wp-json\/wp\/v2\/product_brand?post=19744"},{"taxonomy":"product_cat","embeddable":true,"href":"https:\/\/www.hydraulic-cylinders.net\/tr\/wp-json\/wp\/v2\/product_cat?post=19744"},{"taxonomy":"product_tag","embeddable":true,"href":"https:\/\/www.hydraulic-cylinders.net\/tr\/wp-json\/wp\/v2\/product_tag?post=19744"}],"curies":[{"name":"wp","href":"https:\/\/api.w.org\/{rel}","templated":true}]}}