{"id":19746,"date":"2025-04-07T07:05:10","date_gmt":"2025-04-07T07:05:10","guid":{"rendered":"https:\/\/www.hydraulic-cylinders.net\/product\/boom-cylinder-for-kato-small-excavator-hd820r820v\/"},"modified":"2025-04-07T07:05:23","modified_gmt":"2025-04-07T07:05:23","slug":"boom-cylinder-for-kato-small-excavator-hd820r820v","status":"publish","type":"product","link":"https:\/\/www.hydraulic-cylinders.net\/tr\/urun\/boom-cylinder-for-kato-small-excavator-hd820r820v\/","title":{"rendered":"Kato K\u00fc\u00e7\u00fck Ekskavat\u00f6r HD820R820V i\u00e7in Bom Silindiri"},"content":{"rendered":"<h1>Kato K\u00fc\u00e7\u00fck Ekskavat\u00f6r HD820R820V i\u00e7in Bom Silindiri<\/h1>\n<h2>Bom Silindirine Giri\u015f<\/h2>\n<p>Bom silindiri, \u00f6zellikle ekskavat\u00f6rler gibi a\u011f\u0131r makinelerde hidrolik sistemlerde kritik bir bile\u015fendir. Kovalar gibi \u00e7e\u015fitli ata\u015fmanlar\u0131n hareketini kontrol etmede hayati bir rol oynar ve kald\u0131rma, indirme ve yat\u0131rma i\u015flemlerini kolayla\u015ft\u0131r\u0131r. Kato k\u00fc\u00e7\u00fck ekskavat\u00f6r gibi makineler i\u00e7in \u00f6zel olarak tasarlanan bom silindiri, malzeme ta\u015f\u0131ma g\u00f6revleri i\u00e7in gerekli olan hassas hareketleri sa\u011flar. Kova silindiri, ekskavat\u00f6rlerin, kaz\u0131c\u0131 y\u00fckleyicilerin ve \u00f6n y\u00fckleyicilerin \u00e7al\u0131\u015fmas\u0131 i\u00e7in hayati \u00f6nem ta\u015f\u0131yan bir hidrolik silindir t\u00fcr\u00fcd\u00fcr. Kovan\u0131n kald\u0131rma, indirme ve yat\u0131rma gibi eylemleri ger\u00e7ekle\u015ftirmesini sa\u011flayarak malzeme ta\u015f\u0131ma g\u00f6revini basitle\u015ftirir. Bu i\u015flevsellik, \u00e7e\u015fitli in\u015faat ve tar\u0131m uygulamalar\u0131nda verimli \u00e7al\u0131\u015fma i\u00e7in olmazsa olmazd\u0131r.<\/p>\n<p><img decoding=\"async\" src=\"https:\/\/www.hydraulic-cylinders.net\/wp-content\/uploads\/2025\/04\/songte-company-1.webp\" alt=\"Kato K\u00fc\u00e7\u00fck Ekskavat\u00f6r i\u00e7in Bom Silindiri\" \/><\/p>\n<h2>Bom Silindirinin \u00d6zellikleri<\/h2>\n<ul>\n<li><strong>Y\u00fcksek Dayan\u0131kl\u0131l\u0131k ve Dayan\u0131kl\u0131l\u0131k:<\/strong> Y\u00fcksek mukavemetli \u00e7elik veya al\u00fcminyumdan \u00fcretilen bu bom silindiri, y\u00fcksek bas\u0131nca ve a\u011f\u0131r y\u00fcklere dayanabilir ve bu sayede zorlu \u00e7al\u0131\u015fma ortamlar\u0131 i\u00e7in uygundur. Tasar\u0131m\u0131, a\u015f\u0131nma ve korozyon direncini g\u00f6z \u00f6n\u00fcnde bulundurarak \u00f6mr\u00fcn\u00fc \u00f6nemli \u00f6l\u00e7\u00fcde uzat\u0131r.<\/li>\n<li><strong>Verimli Hidrolik \u00c7al\u0131\u015fma:<\/strong> Bom silindiri, p\u00fcr\u00fczs\u00fcz uzatma ve geri \u00e7ekme sa\u011flamak i\u00e7in hidrolik ya\u011f bas\u0131nc\u0131n\u0131 kullan\u0131r, kontrol komutlar\u0131na h\u0131zl\u0131 tepki vermeyi ve g\u00fc\u00e7l\u00fc itme ve \u00e7ekme kuvvetleri sa\u011flamay\u0131 m\u00fcmk\u00fcn k\u0131lar; a\u011f\u0131r ve karma\u015f\u0131k g\u00f6revlerin \u00fcstesinden gelmek i\u00e7in idealdir.<\/li>\n<li><strong>\u00c7e\u015fitli T\u00fcrler:<\/strong> Tek etkili (tek y\u00f6nde \u00e7al\u0131\u015fan) veya \u00e7ift etkili (her iki y\u00f6nde \u00e7al\u0131\u015fan) konfig\u00fcrasyonlarda sunulan bom silindiri, \u00e7e\u015fitli operasyonel ihtiya\u00e7lar\u0131 kar\u015f\u0131layabilir. Baz\u0131 modeller teleskopiktir ve harici boyutu art\u0131rmadan daha fazla uzatma sa\u011flar; bu da s\u0131n\u0131rl\u0131 alana sahip uygulamalar i\u00e7in m\u00fckemmeldir.<\/li>\n<li><strong>\u00d6zel \u00dcretim:<\/strong> Bu \u00fcr\u00fcn\u00fc hassasiyetle \u00fcretiyoruz ve silindirlerimizin mevcut hidrolik silindirlerin yerini m\u00fckemmel bir \u015fekilde almas\u0131n\u0131, \u00fcst\u00fcn performans ve g\u00fcvenilirlik sunmas\u0131n\u0131 sa\u011fl\u0131yoruz.<\/li>\n<\/ul>\n<p><img decoding=\"async\" src=\"https:\/\/www.hydraulic-cylinders.net\/wp-content\/uploads\/2025\/04\/songte-cylinder-head-with-all-kinds-excavator-models.webp\" alt=\"Hidrolik Silindir Se\u00e7enekleri\" \/><\/p>\n<h2>Bom Silindirinin Uygulama Senaryolar\u0131<\/h2>\n<h3>\u0130n\u015faat Ekipmanlar\u0131<\/h3>\n<p>Ekskavat\u00f6rlerde bom silindirleri, kazma, y\u00fckleme ve toprak veya moloz ta\u015f\u0131ma i\u00e7in hayati \u00f6nem ta\u015f\u0131r. Sadece kazma i\u015flevini sa\u011flamakla kalmaz, ayn\u0131 zamanda kald\u0131rma i\u015flemlerine de yard\u0131mc\u0131 olarak makinenin zorlu in\u015faat g\u00f6revlerinde verimli bir performans g\u00f6stermesini sa\u011flar. Kovan\u0131n konumunu do\u011fru bir \u015fekilde kontrol edebilme \u00f6zelli\u011fi, \u015fantiyede operasyonel verimlili\u011fi ve g\u00fcvenli\u011fi art\u0131r\u0131r.<\/p>\n<h3>Tar\u0131m Makinalar\u0131<\/h3>\n<p>\u00d6n y\u00fckleyicilerde bom silindirleri, toprak, saman ve di\u011fer malzemelerin kep\u00e7elenmesi, kald\u0131r\u0131lmas\u0131 ve ta\u015f\u0131nmas\u0131nda \u00f6nemli bir rol oynar. Sa\u011flam tasar\u0131mlar\u0131, \u00fcretkenlik i\u00e7in bu makinelere g\u00fcvenen \u00e7ift\u00e7iler i\u00e7in olmazsa olmaz olan verimlili\u011fi korurken, zorlu tar\u0131m i\u015flerinin \u00fcstesinden gelmelerini sa\u011flar.<\/p>\n<h3>Ekskavat\u00f6rler<\/h3>\n<p>Kova silindiri, ekskavat\u00f6rlerin topra\u011fa etkili bir \u015fekilde n\u00fcfuz etmesini sa\u011flayarak kazma i\u015flemini kolayla\u015ft\u0131r\u0131r. Bu i\u015flevsellik, b\u00fcy\u00fck miktarda toprak veya molozu h\u0131zl\u0131 bir \u015fekilde ta\u015f\u0131mak i\u00e7in hassasiyet ve g\u00fcc\u00fcn gerekli oldu\u011fu kaz\u0131 projeleri i\u00e7in olmazsa olmazd\u0131r.<\/p>\n<h3>Y\u00fckleyiciler<\/h3>\n<p>\u00d6n y\u00fckleyicilerde bom silindirleri, y\u00fcklerin verimli bir \u015fekilde kald\u0131r\u0131lmas\u0131na ve bo\u015falt\u0131lmas\u0131na yard\u0131mc\u0131 olur. Hidrolik sistemin tepkiselli\u011fi, operat\u00f6rlerin y\u00fck\u00fcn hareketini hassas bir \u015fekilde kontrol etmelerini sa\u011flayarak sahadaki verimlili\u011fi art\u0131r\u0131r ve kaza riskini azalt\u0131r.<\/p>\n<h2>Tasar\u0131m Hususlar\u0131 ve Se\u00e7im Kriterleri<\/h2>\n<h3>Y\u00fck Kapasitesi<\/h3>\n<p>Bir bom silindirinin y\u00fck kapasitesi kritik bir tasar\u0131m unsurudur. G\u00fcvenlik veya performanstan \u00f6d\u00fcn vermeden beklenen maksimum y\u00fck\u00fc kald\u0131rabilecek yeterlilikte olmal\u0131d\u0131r. M\u00fchendisler, gerekli g\u00fc\u00e7 ve dengeyi sa\u011flayacak bir silindir se\u00e7mek i\u00e7in makinenin \u00f6zelliklerini ve ger\u00e7ekle\u015ftirmeyi ama\u00e7lad\u0131\u011f\u0131 g\u00f6revleri de\u011ferlendirmelidir.<\/p>\n<h3>S\u0131zd\u0131rmazl\u0131k Performans\u0131<\/h3>\n<p>Etkili s\u0131zd\u0131rmazl\u0131k, verimsizliklere ve g\u00fcvenlik tehlikelerine yol a\u00e7abilen hidrolik s\u0131v\u0131 s\u0131z\u0131nt\u0131lar\u0131n\u0131 \u00f6nlemek i\u00e7in olmazsa olmazd\u0131r. Piston contalar\u0131 ve piston kolu contalar\u0131 da dahil olmak \u00fczere y\u00fcksek kaliteli s\u0131zd\u0131rmazl\u0131k \u00e7\u00f6z\u00fcmlerinin se\u00e7imi, hidrolik sistemin optimum performans\u0131n\u0131 ve uzun \u00f6m\u00fcrl\u00fcl\u00fc\u011f\u00fcn\u00fc sa\u011flamak i\u00e7in hayati \u00f6nem ta\u015f\u0131r.<\/p>\n<h3>Dayan\u0131kl\u0131l\u0131k<\/h3>\n<p>Dayan\u0131kl\u0131l\u0131k, bom silindirlerinin tasar\u0131m\u0131nda \u00f6nemli bir fakt\u00f6rd\u00fcr. A\u011f\u0131r makine operasyonlar\u0131n\u0131n zorlu ko\u015fullar\u0131na, zorlu ortamlara ve a\u011f\u0131r y\u00fcklere maruz kalmaya dayan\u0131kl\u0131 olmal\u0131d\u0131rlar. A\u015f\u0131nma ve korozyona dayan\u0131kl\u0131 malzemeler se\u00e7ilmeli ve zorlu ko\u015fullarda bile uzun hizmet \u00f6mr\u00fc sa\u011flanmal\u0131d\u0131r.<\/p>\n<h3>G\u00fcvenlik \u00d6zellikleri<\/h3>\n<p>Hidrolik silindirler tasarlan\u0131rken g\u00fcvenlik en \u00f6nemli unsurdur. Bas\u0131n\u00e7 tahliye valfleri ve sa\u011flam montaj sistemleri gibi \u00f6zelliklerin entegre edilmesi, kazalar\u0131 \u00f6nleyebilir ve operat\u00f6r\u00fcn makineyi kullan\u0131rken g\u00fcvenli\u011fini sa\u011flayabilir. D\u00fczenli bak\u0131m ve g\u00fcvenlik standartlar\u0131na uyum da operasyonel g\u00fcvenlik a\u00e7\u0131s\u0131ndan hayati \u00f6nem ta\u015f\u0131r.<\/p>\n<h3>Bak\u0131m Eri\u015filebilirli\u011fi<\/h3>\n<p>Tasar\u0131mc\u0131lar, bom silindirleri tasarlarken bak\u0131m kolayl\u0131\u011f\u0131n\u0131 g\u00f6z \u00f6n\u00fcnde bulundurmal\u0131d\u0131r. Bu, contalar\u0131n ve di\u011fer bile\u015fenlerin muayene ve de\u011fi\u015fim i\u00e7in kolayca eri\u015filebilir olmas\u0131n\u0131 sa\u011flamay\u0131 da i\u00e7erir. \u0130yi tasarlanm\u0131\u015f bir silindir, ar\u0131za s\u00fcresini ve bak\u0131m maliyetlerini \u00f6nemli \u00f6l\u00e7\u00fcde azaltarak genel verimlili\u011fi art\u0131rabilir.<\/p>\n<p><img decoding=\"async\" src=\"https:\/\/www.hydraulic-cylinders.net\/wp-content\/uploads\/2025\/04\/songte-oil-pipes-and-spare-parts.webp\" alt=\"Hidrolik Silindir Bak\u0131m Par\u00e7alar\u0131\" \/><\/p>\n<h2>Hidrolik Silindirin S\u0131zd\u0131rmazl\u0131\u011f\u0131 ve Ya\u011flanmas\u0131<\/h2>\n<p>Hidrolik silindirlerin s\u0131zd\u0131rmazl\u0131\u011f\u0131 ve ya\u011flanmas\u0131, optimum performans\u0131n korunmas\u0131 i\u00e7in hayati \u00f6nem ta\u015f\u0131r. S\u0131z\u0131nt\u0131lar\u0131 ve kirlenmeyi \u00f6nlemek i\u00e7in piston ke\u00e7eleri ve piston kolu ke\u00e7eleri gibi \u00e7e\u015fitli s\u0131zd\u0131rmazl\u0131k elemanlar\u0131 kullan\u0131l\u0131r. Poli\u00fcretan ve nitril kau\u00e7uk gibi dayan\u0131kl\u0131 malzemelerden \u00fcretilen ke\u00e7eler, a\u015f\u0131nmaya kar\u015f\u0131 diren\u00e7leri nedeniyle tercih edilir. Ayr\u0131ca, silindir g\u00f6vdesi ve di\u015fli u\u00e7lar\u0131 dayan\u0131kl\u0131l\u0131\u011f\u0131 art\u0131rmak i\u00e7in hassas bir \u015fekilde i\u015flenmi\u015ftir. Sorunsuz \u00e7al\u0131\u015fma sa\u011flamak ve zamanla a\u015f\u0131nmay\u0131 \u00f6nlemek i\u00e7in hidrolik ya\u011f ile d\u00fczenli ya\u011flama gereklidir.<\/p>\n<h2>\u00d6nleyici Bak\u0131m \u00d6nlemleri<\/h2>\n<ul>\n<li><strong>D\u00fczenli Denetimler:<\/strong> Herhangi bir a\u015f\u0131nma veya hasar belirtisi olup olmad\u0131\u011f\u0131n\u0131 tespit etmek i\u00e7in rutin kontroller yap\u0131n. Erken tespit, b\u00fcy\u00fck ar\u0131zalar\u0131 \u00f6nleyebilir ve silindirin \u00f6mr\u00fcn\u00fc uzatabilir.<\/li>\n<li><strong>Ya\u011flama:<\/strong> Hidrolik ya\u011f seviyelerinin korundu\u011fundan ve s\u00fcrt\u00fcnme ve a\u015f\u0131nmay\u0131 en aza indirmek i\u00e7in yeterli ya\u011flaman\u0131n uyguland\u0131\u011f\u0131ndan emin olun.<\/li>\n<li><strong>Conta De\u011fi\u015fimi:<\/strong> Contalar\u0131 a\u015f\u0131nma belirtilerine kar\u015f\u0131 izleyin ve s\u0131v\u0131 s\u0131z\u0131nt\u0131lar\u0131n\u0131 \u00f6nlemek ve verimlili\u011fi sa\u011flamak i\u00e7in gerekti\u011finde de\u011fi\u015ftirin.<\/li>\n<\/ul>\n<h2>Kurulum Talimatlar\u0131<\/h2>\n<p>Bom silindirinin do\u011fru montaj\u0131, performans\u0131 ve uzun \u00f6m\u00fcrl\u00fcl\u00fc\u011f\u00fc i\u00e7in \u00e7ok \u00f6nemlidir. \u00d6ncelikle t\u00fcm montaj y\u00fczeylerinin temiz ve kal\u0131nt\u0131lardan ar\u0131nd\u0131r\u0131lm\u0131\u015f oldu\u011fundan emin olun. Silindiri s\u0131k\u0131ca sabitlemek i\u00e7in uygun montaj braketlerini kullan\u0131n. Bile\u015fenler \u00fczerinde bask\u0131 olu\u015fmas\u0131n\u0131 \u00f6nlemek i\u00e7in silindiri do\u011fru \u015fekilde hizalay\u0131n ve herhangi bir engel olmadan sorunsuz \u00e7al\u0131\u015ft\u0131\u011f\u0131ndan emin olun. Montajdan sonra, makineyi \u00e7al\u0131\u015ft\u0131rmadan \u00f6nce t\u00fcm ba\u011flant\u0131lar\u0131n s\u0131z\u0131nt\u0131 ve d\u00fczg\u00fcn \u00e7al\u0131\u015f\u0131p \u00e7al\u0131\u015fmad\u0131\u011f\u0131n\u0131 tekrar kontrol edin.<\/p>\n<h2>Yayg\u0131n Bak\u0131m G\u00f6revleri<\/h2>\n<ul>\n<li><strong>D\u00fczenli Denetimler:<\/strong> Olas\u0131 sorunlar\u0131 erken tespit etmek i\u00e7in rutin denetimler planlay\u0131n. Bu, s\u0131z\u0131nt\u0131lar\u0131 kontrol etmeyi, do\u011fru hizalamay\u0131 sa\u011flamay\u0131 ve contalar\u0131n ve ba\u011flant\u0131lar\u0131n b\u00fct\u00fcnl\u00fc\u011f\u00fcn\u00fc do\u011frulamay\u0131 i\u00e7erir.<\/li>\n<li><strong>Uygun Ya\u011flama:<\/strong> Hidrolik ya\u011f seviyelerini yeterli seviyede tutun ve t\u00fcm hareketli par\u00e7alara \u00f6nerildi\u011fi gibi ya\u011flay\u0131c\u0131 uygulay\u0131n. Bu, a\u015f\u0131nmay\u0131 azaltmak ve sorunsuz \u00e7al\u0131\u015fmay\u0131 sa\u011flamak i\u00e7in kritik \u00f6neme sahiptir.<\/li>\n<li><strong>Conta De\u011fi\u015fimi ve Kalibrasyon Kontrolleri:<\/strong> Bozulma belirtileri g\u00f6steren contalar\u0131 de\u011fi\u015ftirin ve silindirin belirtilen parametreler dahilinde \u00e7al\u0131\u015ft\u0131\u011f\u0131ndan emin olmak i\u00e7in kalibrasyon kontrolleri yap\u0131n. Optimum performans\u0131n korunmas\u0131 i\u00e7in do\u011fru ayarlama \u00e7ok \u00f6nemlidir.<\/li>\n<\/ul>\n<p><img decoding=\"async\" src=\"https:\/\/www.hydraulic-cylinders.net\/wp-content\/uploads\/2025\/04\/songte-chushion-collar.webp\" alt=\"Hidrolik Silindirin Do\u011fru Montaj\u0131\" \/><\/p>\n<h2>G\u00fcvenlik Hususlar\u0131 ve \u00c7evresel Fakt\u00f6rler<\/h2>\n<p>Hidrolik bile\u015fenleri kullan\u0131rken g\u00fcvenlik \u00f6nlemlerinin uygulanmas\u0131 son derece \u00f6nemlidir. Operat\u00f6rler g\u00fcvenli kullan\u0131m uygulamalar\u0131 konusunda e\u011fitilmeli ve makinelerin \u00e7al\u0131\u015fma s\u0131n\u0131rlar\u0131n\u0131n fark\u0131nda olmal\u0131d\u0131r. Ayr\u0131ca, yasal gereklilikleri kar\u015f\u0131lamak ve \u00e7evreyi korumak i\u00e7in hidrolik s\u0131v\u0131lar\u0131n \u00e7evresel etkilerine ve at\u0131k malzemelerin bertaraf\u0131na dikkat edilmelidir.<\/p>\n<h2>Sorun Giderme ve Yayg\u0131n Sorunlar<\/h2>\n<ul>\n<li><strong>S\u0131z\u0131nt\u0131:<\/strong> S\u0131z\u0131nt\u0131lar\u0131n yayg\u0131n nedenleri aras\u0131nda a\u015f\u0131nm\u0131\u015f contalar veya hasarl\u0131 bile\u015fenler bulunur. Contalar\u0131 inceleyin ve i\u015flevselli\u011fini geri kazand\u0131rmak i\u00e7in gerekirse de\u011fi\u015ftirin.<\/li>\n<li><strong>G\u00fc\u00e7 Kayb\u0131:<\/strong> Bom silindiri beklendi\u011fi gibi tepki vermiyorsa, hidrolik s\u0131v\u0131 seviyelerini ve sistemdeki olas\u0131 t\u0131kan\u0131kl\u0131klar\u0131 kontrol edin.<\/li>\n<li><strong>A\u015f\u0131r\u0131 Is\u0131nma:<\/strong> Hidrolik s\u0131v\u0131lar\u0131n s\u0131cakl\u0131\u011f\u0131n\u0131 kontrol edin; a\u015f\u0131r\u0131 \u0131s\u0131, daha iyi so\u011futmaya veya s\u0131v\u0131 seviyelerinin kontrol edilmesine ihtiya\u00e7 duyuldu\u011funu g\u00f6sterebilir.<\/li>\n<\/ul>\n<h2>Ar\u0131za Y\u00f6netimi \u0130pu\u00e7lar\u0131<\/h2>\n<p>Bom silindirindeki sorunlar\u0131 etkili bir \u015fekilde te\u015fhis edip \u00e7\u00f6zmek i\u00e7in operat\u00f6rler sistematik bir yakla\u015f\u0131m izlemelidir: \u00f6nce sorunun belirtilerini belirlemeli, ard\u0131ndan hidrolik sistemi s\u0131v\u0131 s\u0131z\u0131nt\u0131lar\u0131 veya t\u0131kan\u0131kl\u0131klar gibi olas\u0131 nedenler a\u00e7\u0131s\u0131ndan de\u011ferlendirmelidir. D\u00fczenli bak\u0131m ve i\u015fletme y\u00f6nergelerine uyum da dahil olmak \u00fczere riskleri en aza indirmek i\u00e7in \u00f6nleyici tedbirler al\u0131nmal\u0131d\u0131r.<\/p>\n<p><img decoding=\"async\" src=\"https:\/\/www.hydraulic-cylinders.net\/wp-content\/uploads\/2025\/04\/songte-bushings-with-all-kinds-of-excavator-models.webp\" alt=\"Hidrolik Silindir Ar\u0131za Giderme\" \/><\/p>\n<h2>\u015eirketimiz Hakk\u0131nda<\/h2>\n<p>Yedek hidrolik silindirlerin lider \u00fcreticisi ve toptan da\u011f\u0131t\u0131c\u0131s\u0131 olarak, kapsaml\u0131 bir \u00fcr\u00fcn yelpazesi sunuyoruz. Kalite ve \u00fcretim s\u00fcre\u00e7lerindeki m\u00fckemmelli\u011fe olan ba\u011fl\u0131l\u0131\u011f\u0131m\u0131z, bizi hem yurt i\u00e7i hem de yurt d\u0131\u015f\u0131 pazarlarda \u00f6nemli bir oyuncu konumuna getirmi\u015ftir. \u00dcretim platformumuzu geli\u015ftirmek i\u00e7in yetenekli teknik personel, geli\u015fmi\u015f dijital \u00fcretim ekipmanlar\u0131 ve profesyonel test sistemleri kullanarak, rafine bir \u00fcretim y\u00f6netimi stratejisi uyguluyoruz. Yeteneklerimiz, \u00e7e\u015fitli m\u00fc\u015fteri ihtiya\u00e7lar\u0131n\u0131 y\u00fcksek verimlilik, hassasiyet ve kaliteyle kar\u015f\u0131lamam\u0131z\u0131 sa\u011fl\u0131yor.<\/p>\n<p><img decoding=\"async\" src=\"https:\/\/www.hydraulic-cylinders.net\/wp-content\/uploads\/2025\/04\/songte-company-4.webp\" alt=\"\u015eirket Genel Bak\u0131\u015f\u0131\" \/><br \/>\n<img decoding=\"async\" src=\"https:\/\/www.hydraulic-cylinders.net\/wp-content\/uploads\/2025\/04\/songte-company-3.webp\" alt=\"\u00dcretim Tesisleri\" \/><\/p>\n<p>Yazar: lyl<\/p>","protected":false},"excerpt":{"rendered":"<p>Boom Cylinder For Kato Small Excavator HD820R820V Introduction to Boom Cylinder The boom cylinder is a critical component in hydraulic systems, especially in heavy machinery like excavators. It plays a vital role in controlling the movement of various attachments, such as buckets, facilitating lifting, lowering, and tilting operations. Designed specifically for machines like the Kato [&hellip;]<\/p>","protected":false},"featured_media":17874,"comment_status":"open","ping_status":"closed","template":"","meta":{"_et_pb_use_builder":"","_et_pb_old_content":"","_et_gb_content_width":""},"product_brand":[],"product_cat":[1546],"product_tag":[1547,1496],"class_list":{"0":"post-19746","1":"product","2":"type-product","3":"status-publish","4":"has-post-thumbnail","6":"product_cat-boom-cylinders","7":"product_tag-boom-cylinders","8":"product_tag-hydraulic-cylinders","10":"first","11":"instock","12":"shipping-taxable","13":"product-type-simple"},"amp_enabled":true,"_links":{"self":[{"href":"https:\/\/www.hydraulic-cylinders.net\/tr\/wp-json\/wp\/v2\/product\/19746","targetHints":{"allow":["GET"]}}],"collection":[{"href":"https:\/\/www.hydraulic-cylinders.net\/tr\/wp-json\/wp\/v2\/product"}],"about":[{"href":"https:\/\/www.hydraulic-cylinders.net\/tr\/wp-json\/wp\/v2\/types\/product"}],"replies":[{"embeddable":true,"href":"https:\/\/www.hydraulic-cylinders.net\/tr\/wp-json\/wp\/v2\/comments?post=19746"}],"wp:featuredmedia":[{"embeddable":true,"href":"https:\/\/www.hydraulic-cylinders.net\/tr\/wp-json\/wp\/v2\/media\/17874"}],"wp:attachment":[{"href":"https:\/\/www.hydraulic-cylinders.net\/tr\/wp-json\/wp\/v2\/media?parent=19746"}],"wp:term":[{"taxonomy":"product_brand","embeddable":true,"href":"https:\/\/www.hydraulic-cylinders.net\/tr\/wp-json\/wp\/v2\/product_brand?post=19746"},{"taxonomy":"product_cat","embeddable":true,"href":"https:\/\/www.hydraulic-cylinders.net\/tr\/wp-json\/wp\/v2\/product_cat?post=19746"},{"taxonomy":"product_tag","embeddable":true,"href":"https:\/\/www.hydraulic-cylinders.net\/tr\/wp-json\/wp\/v2\/product_tag?post=19746"}],"curies":[{"name":"wp","href":"https:\/\/api.w.org\/{rel}","templated":true}]}}