{"id":19750,"date":"2025-04-07T07:05:31","date_gmt":"2025-04-07T07:05:31","guid":{"rendered":"https:\/\/www.hydraulic-cylinders.net\/product\/boom-cylinder-for-kato-small-excavator-hd512r\/"},"modified":"2025-04-07T07:05:33","modified_gmt":"2025-04-07T07:05:33","slug":"boom-cylinder-for-kato-small-excavator-hd512r","status":"publish","type":"product","link":"https:\/\/www.hydraulic-cylinders.net\/tr\/urun\/boom-cylinder-for-kato-small-excavator-hd512r\/","title":{"rendered":"Kato K\u00fc\u00e7\u00fck Ekskavat\u00f6r HD512R i\u00e7in Bom Silindiri"},"content":{"rendered":"<h1>Kato K\u00fc\u00e7\u00fck Ekskavat\u00f6r HD512R i\u00e7in Bom Silindiri<\/h1>\n<h2>Bom Silindirinin Genel G\u00f6r\u00fcn\u00fcm\u00fc<\/h2>\n<p>Bom silindiri, \u00f6zellikle ekskavat\u00f6rlerde olmak \u00fczere, in\u015faat makinelerinin hidrolik sisteminde \u00e7ok \u00f6nemli bir rol oynar. Kep\u00e7enin hareketini kontrol etmek i\u00e7in \u00f6zel olarak tasarlanm\u0131\u015ft\u0131r ve \u00e7e\u015fitli a\u011f\u0131r i\u015f uygulamalar\u0131 i\u00e7in vazge\u00e7ilmezdir. Bom silindiri, kep\u00e7enin kald\u0131r\u0131lmas\u0131n\u0131, indirilmesini ve e\u011filmesini sa\u011flayarak verimli malzeme ta\u015f\u0131ma i\u015flemlerini kolayla\u015ft\u0131r\u0131r. Bu hidrolik silindir, ekskavat\u00f6rler, beko y\u00fckleyiciler ve \u00f6n y\u00fckleyiciler gibi makinelerde kullan\u0131l\u0131r ve zorlu \u00e7al\u0131\u015fma ortamlar\u0131nda optimum performans ve verimlilik sa\u011flar.<\/p>\n<p><img decoding=\"async\" src=\"https:\/\/www.hydraulic-cylinders.net\/wp-content\/uploads\/2025\/04\/songte-company-1.webp\" alt=\"Bom Silindiri\" \/><\/p>\n<h2>Bom Silindirinin \u00d6zellikleri<\/h2>\n<ul>\n<li><strong>Y\u00fcksek Dayan\u0131kl\u0131l\u0131k ve Dayan\u0131kl\u0131l\u0131k:<\/strong> Y\u00fcksek mukavemetli \u00e7elik veya al\u00fcminyumdan \u00fcretilen bu silindir, y\u00fcksek bas\u0131n\u00e7lara ve a\u011f\u0131r y\u00fcklere dayanabilir, bu da onu zorlu \u00e7al\u0131\u015fma ko\u015fullar\u0131 i\u00e7in uygun hale getirir.<\/li>\n<li><strong>Verimli Hidrolik \u00c7al\u0131\u015fma:<\/strong> Hidrolik ya\u011f bas\u0131nc\u0131n\u0131 kullanarak sorunsuz uzatma ve geri \u00e7ekme hareketi sa\u011flar, kontrol komutlar\u0131na h\u0131zl\u0131 yan\u0131t verir ve g\u00fc\u00e7l\u00fc itme ve \u00e7ekme yetenekleri sunar.<\/li>\n<li><strong>\u00c7e\u015fitli T\u00fcrler:<\/strong> \u00c7e\u015fitli operasyonel ihtiya\u00e7lar\u0131 kar\u015f\u0131lamak \u00fczere tek etkili (hidrolik g\u00fcc\u00fc tek y\u00f6nde kullanan) veya \u00e7ift etkili (hidrolik g\u00fcc\u00fc her iki y\u00f6nde kullanan) konfig\u00fcrasyonlarda mevcuttur.<\/li>\n<li><strong>Kompakt Tasar\u0131m:<\/strong> Baz\u0131 modellerde, d\u0131\u015f boyutlar\u0131 art\u0131rmadan daha fazla uzamaya olanak tan\u0131yan teleskopik tasar\u0131mlar bulunur; bu da dar alanlardaki uygulamalar i\u00e7in idealdir.<\/li>\n<li><strong>Bak\u0131m\u0131 Kolay:<\/strong> Kolay bak\u0131m ve de\u011fi\u015ftirme i\u00e7in tasarlanm\u0131\u015ft\u0131r, b\u00f6ylece operasyonlar s\u0131ras\u0131nda minimum kesinti s\u00fcresi sa\u011flan\u0131r.<\/li>\n<\/ul>\n<h2>\u00dcretim Kapasitesi<\/h2>\n<p>Bu \u00fcr\u00fcn\u00fc \u00fcretme kapasitemiz mevcut olup, hidrolik silindirlerimizin piyasadaki mevcut modellerin yerini m\u00fckemmel bir \u015fekilde alabilece\u011fini garanti ediyoruz.<\/p>\n<p><img decoding=\"async\" src=\"https:\/\/www.hydraulic-cylinders.net\/wp-content\/uploads\/2025\/04\/songte-cylinder-head-with-all-kinds-excavator-models.webp\" alt=\"Silindir \u00dcretimi\" \/><\/p>\n<h2>Uygulama Senaryolar\u0131<\/h2>\n<h3>\u0130n\u015faat Ekipmanlar\u0131<\/h3>\n<p>Ekskavat\u00f6rlerde, bom silindirleri topra\u011f\u0131 veya molozu kazma, y\u00fckleme ve ta\u015f\u0131ma i\u015flemlerinde hayati \u00f6neme sahiptir. Kep\u00e7enin zemine etkili bir \u015fekilde n\u00fcfuz etmesini sa\u011flayarak operat\u00f6rlerin g\u00f6revleri verimli bir \u015fekilde yerine getirmesine olanak tan\u0131r. Kaz\u0131c\u0131 y\u00fckleyicilerde ise bom silindiri hem kazma hem de kald\u0131rma i\u015flemlerine yard\u0131mc\u0131 olarak \u015fantiyede \u00e7ok y\u00f6nl\u00fcl\u00fck sa\u011flar.<\/p>\n<h3>Tar\u0131m Makinalar\u0131<\/h3>\n<p>\u00d6n y\u00fckleyicilerde kullan\u0131lan bom silindirleri, toprak, saman ve di\u011fer malzemelerin kep\u00e7elenmesi, kald\u0131r\u0131lmas\u0131 ve ta\u015f\u0131nmas\u0131nda yard\u0131mc\u0131 olarak tar\u0131msal ortamlarda paha bi\u00e7ilmez bir \u00f6neme sahiptir. Sa\u011flaml\u0131klar\u0131 ve g\u00fcvenilirlikleri, \u00e7ift\u00e7ilerin i\u015flerini kesintisiz bir \u015fekilde yapabilmelerini sa\u011flar.<\/p>\n<h3>Ekskavat\u00f6rler<\/h3>\n<p>Bom silindirleri, kep\u00e7enin topra\u011fa n\u00fcfuz etmesini sa\u011flayarak kazma hareketini kolayla\u015ft\u0131r\u0131r. Bu \u00f6zellik, ekskavat\u00f6rlerin in\u015faat ve peyzaj i\u015flerinde etkili bir \u015fekilde \u00e7al\u0131\u015fmas\u0131 ve \u00e7e\u015fitli arazilerde optimum performans sa\u011flamas\u0131 i\u00e7in \u00e7ok \u00f6nemlidir.<\/p>\n<h3>Y\u00fckleyiciler<\/h3>\n<p>\u00d6n y\u00fckleyicilerde, bom silindirleri y\u00fckleri etkili bir \u015fekilde kald\u0131rmaktan ve bo\u015faltmaktan sorumludur. Kald\u0131rma i\u015flemlerindeki performanslar\u0131, malzeme ta\u015f\u0131ma a\u00e7\u0131s\u0131ndan kritik \u00f6neme sahiptir ve mallar\u0131n verimli bir \u015fekilde ta\u015f\u0131nmas\u0131n\u0131 ve depolanmas\u0131n\u0131 sa\u011flar.<\/p>\n<h2>Tasar\u0131m Hususlar\u0131 ve Se\u00e7im Kriterleri<\/h2>\n<ul>\n<li><strong>Y\u00fck Kapasitesi:<\/strong> Tasar\u0131m, silindirin ta\u015f\u0131yabilece\u011fi maksimum y\u00fck\u00fc dikkate almal\u0131d\u0131r. Bu, g\u00fcvenli\u011fi tehlikeye atmadan \u00e7al\u0131\u015fma taleplerine dayanabilecek malzemelerin se\u00e7ilmesini gerektirir.<\/li>\n<li><strong>S\u0131zd\u0131rmazl\u0131k B\u00fct\u00fcnl\u00fc\u011f\u00fc:<\/strong> Hidrolik s\u0131v\u0131 s\u0131z\u0131nt\u0131s\u0131n\u0131 \u00f6nlemek i\u00e7in etkili s\u0131zd\u0131rmazl\u0131k \u00e7ok \u00f6nemlidir. Bas\u0131nc\u0131 korumak ve \u00e7al\u0131\u015fma verimlili\u011fini sa\u011flamak i\u00e7in y\u00fcksek kaliteli contalar kullan\u0131lmal\u0131d\u0131r.<\/li>\n<li><strong>Dayan\u0131kl\u0131l\u0131k:<\/strong> Se\u00e7ilen malzemeler a\u015f\u0131nmaya ve y\u0131pranmaya kar\u015f\u0131 dayan\u0131kl\u0131 olmal\u0131 ve zorlu ko\u015fullarda bile uzun \u00f6m\u00fcrl\u00fc olmas\u0131n\u0131 sa\u011flamal\u0131d\u0131r. Bu, korozyon \u00f6nleyici i\u015flemlerin de dikkate al\u0131nmas\u0131n\u0131 i\u00e7erir.<\/li>\n<li><strong>G\u00fcvenlik \u00d6zellikleri:<\/strong> Bas\u0131n\u00e7 tahliye vanalar\u0131 gibi g\u00fcvenlik \u00f6nlemlerinin entegre edilmesi, kazalar\u0131 \u00f6nleyebilir ve a\u011f\u0131r i\u015flemler s\u0131ras\u0131nda operat\u00f6r g\u00fcvenli\u011fini art\u0131rabilir.<\/li>\n<li><strong>Bak\u0131m Eri\u015filebilirli\u011fi:<\/strong> Tasar\u0131m, ar\u0131za s\u00fcrelerini ve operasyonel aksamalar\u0131 azaltarak, inceleme ve bak\u0131m i\u00e7in \u00f6nemli bile\u015fenlere kolay eri\u015fim sa\u011flamal\u0131d\u0131r.<\/li>\n<\/ul>\n<p><img decoding=\"async\" src=\"https:\/\/www.hydraulic-cylinders.net\/wp-content\/uploads\/2025\/04\/songte-oil-pipes-and-spare-parts.webp\" alt=\"Yedek par\u00e7a\" \/><\/p>\n<h2>S\u0131zd\u0131rmazl\u0131k ve Ya\u011flama<\/h2>\n<p>Piston contalar\u0131 ve mil contalar\u0131 gibi \u00e7e\u015fitli s\u0131zd\u0131rmazl\u0131k elemanlar\u0131n\u0131n kullan\u0131lmas\u0131, hidrolik silindirlerin b\u00fct\u00fcnl\u00fc\u011f\u00fcn\u00fc korumak i\u00e7in \u00e7ok \u00f6nemlidir. Poli\u00fcretan ve nitril kau\u00e7uk gibi dayan\u0131kl\u0131 malzemelerden yap\u0131lan contalar, a\u015f\u0131nma direncini ve uzun \u00f6mr\u00fc sa\u011flar. Silindir g\u00f6vdesi ve di\u015fli u\u00e7 y\u00fczeyleri, a\u015f\u0131nma direncini art\u0131rmak i\u00e7in hassas bir \u015fekilde i\u015flenmi\u015ftir. Sorunsuz \u00e7al\u0131\u015fma sa\u011flamak ve hareketli par\u00e7alarda a\u015f\u0131nmay\u0131 \u00f6nlemek i\u00e7in uygun miktarda hidrolik ya\u011f ile d\u00fczenli ya\u011flama gereklidir.<\/p>\n<h2>D\u00fczenli Muayene ve \u00d6nleyici Bak\u0131m \u00d6nlemleri<\/h2>\n<ul>\n<li><strong>Rutin Kontrollerin Planlanmas\u0131:<\/strong> D\u00fczenli kontroller, a\u015f\u0131nma ve y\u0131pranman\u0131n \u00f6nemli sorunlara yol a\u00e7madan \u00f6nce tespit edilmesini sa\u011flayabilir. S\u0131z\u0131nt\u0131 belirtilerine, ola\u011fand\u0131\u015f\u0131 seslere ve performans d\u00fc\u015f\u00fc\u015flerine dikkat edin.<\/li>\n<li><strong>Ya\u011flama Protokollerini Uygulay\u0131n:<\/strong> T\u00fcm hareketli par\u00e7alar\u0131n ya\u011flanmas\u0131 i\u00e7in bir program olu\u015fturun. Bu, sorunsuz \u00e7al\u0131\u015fmay\u0131 sa\u011flamaya ve s\u00fcrt\u00fcnmeden kaynaklanan a\u015f\u0131nmay\u0131 azaltmaya yard\u0131mc\u0131 olacakt\u0131r.<\/li>\n<li><strong>Conta De\u011fi\u015fimi ve Kalibrasyon Kontrolleri:<\/strong> Contalar\u0131n durumunu d\u00fczenli olarak de\u011ferlendirin ve gerekti\u011finde de\u011fi\u015ftirin. Kalibrasyon kontrolleri, hidrolik sistemlerin optimum bas\u0131n\u00e7 seviyelerinde \u00e7al\u0131\u015fmas\u0131n\u0131 sa\u011flayarak performans\u0131 ve g\u00fcvenli\u011fi art\u0131r\u0131r.<\/li>\n<\/ul>\n<h2>Do\u011fru \u00dcr\u00fcn Kurulum Y\u00f6nergeleri<\/h2>\n<p>Bom silindirinin do\u011fru montaj\u0131, performans\u0131 ve uzun \u00f6mr\u00fc i\u00e7in \u00e7ok \u00f6nemlidir. \u00d6ncelikle montaj y\u00fczeylerinin temiz ve kal\u0131nt\u0131lardan ar\u0131nd\u0131r\u0131lm\u0131\u015f oldu\u011fundan emin olun. Montaj s\u0131ras\u0131nda uygun hizalama kullan\u0131n; yanl\u0131\u015f hizalama erken a\u015f\u0131nmaya veya ar\u0131zaya neden olabilir. Silindiri g\u00fcvenli bir \u015fekilde sabitlemek i\u00e7in uygun montaj braketleri kullan\u0131n. Montaj tamamland\u0131ktan sonra, tam \u00f6l\u00e7ekli kullan\u0131mdan \u00f6nce do\u011fru \u00e7al\u0131\u015fmay\u0131 sa\u011flamak i\u00e7in kapsaml\u0131 bir fonksiyonel test ger\u00e7ekle\u015ftirin. Ayr\u0131ca, daha sonra sorun ya\u015famamak i\u00e7in montaj s\u0131ras\u0131nda \u00fcreticinin tork ayarlar\u0131yla ilgili spesifikasyonlar\u0131na a\u015fina olun.<\/p>\n<h2>Yayg\u0131n Bak\u0131m G\u00f6revleri<\/h2>\n<ul>\n<li><strong>D\u00fczenli Denetimler:<\/strong> S\u0131k kontroller, sorunlar\u0131n erken tespit edilmesine ve zaman\u0131nda m\u00fcdahale ve onar\u0131mlar\u0131n yap\u0131lmas\u0131na yard\u0131mc\u0131 olur. Bu proaktif yakla\u015f\u0131m, ar\u0131za s\u00fcresini en aza indirir ve silindir \u00f6mr\u00fcn\u00fc uzat\u0131r.<\/li>\n<li><strong>Uygun Ya\u011flama:<\/strong> Silindirin sorunsuz \u00e7al\u0131\u015fmas\u0131 i\u00e7in d\u00fczenli ya\u011flama \u015fartt\u0131r. \u00dcretici taraf\u0131ndan \u00f6nerilen hidrolik ya\u011f\u0131 kulland\u0131\u011f\u0131n\u0131zdan ve ya\u011flama program\u0131na titizlikle uydu\u011funuzdan emin olun.<\/li>\n<li><strong>Conta De\u011fi\u015fimi ve Kalibrasyon Kontrolleri:<\/strong> Zamanla contalar a\u015f\u0131nabilir ve s\u0131z\u0131nt\u0131lar\u0131 \u00f6nlemek i\u00e7in de\u011fi\u015ftirilmeleri gerekir. Kalibrasyon kontrolleri, hidrolik silindirlerin istenen bas\u0131n\u00e7ta \u00e7al\u0131\u015fmas\u0131n\u0131 sa\u011flayarak verimlili\u011fi korur.<\/li>\n<\/ul>\n<h2>G\u00fcvenlik Hususlar\u0131 ve \u00c7evresel Fakt\u00f6rler<\/h2>\n<p>Hidrolik silindirlerin \u00e7al\u0131\u015ft\u0131r\u0131lmas\u0131nda g\u00fcvenlik \u00f6nlemlerine \u00f6ncelik vermek son derece \u00f6nemlidir. Bu, operat\u00f6rlerin g\u00fcvenli kullan\u0131m prosed\u00fcrleri konusunda e\u011fitilmesini ve t\u00fcm ekipmanlar\u0131n d\u00fczenli olarak kontrol edilip bak\u0131m\u0131n\u0131n yap\u0131lmas\u0131n\u0131 i\u00e7erir. \u00c7evresel hususlar da rol oynar; \u00e7evre dostu hidrolik s\u0131v\u0131lar\u0131n kullan\u0131lmas\u0131, \u00e7evredeki ekosisteme olan olumsuz etkileri azaltabilir ve operasyonlarda s\u00fcrd\u00fcr\u00fclebilirli\u011fe olan ba\u011fl\u0131l\u0131\u011f\u0131 g\u00f6sterir.<\/p>\n<h2>Sorun Giderme ve Yayg\u0131n Sorunlar<\/h2>\n<ul>\n<li><strong>S\u0131z\u0131nt\u0131:<\/strong> Genellikle a\u015f\u0131nm\u0131\u015f contalardan veya hasar g\u00f6rm\u00fc\u015f silindir g\u00f6vdelerinden kaynaklan\u0131r. D\u00fczenli kontroller, s\u0131z\u0131nt\u0131lar\u0131 erken tespit etmeye ve s\u0131v\u0131 kayb\u0131n\u0131 \u00f6nlemeye yard\u0131mc\u0131 olabilir.<\/li>\n<li><strong>Yava\u015f \u00c7al\u0131\u015fma:<\/strong> Bu durum, hidrolik s\u0131v\u0131 seviyesinin d\u00fc\u015f\u00fck oldu\u011funu veya s\u0131k\u0131\u015fm\u0131\u015f havay\u0131 gidermek i\u00e7in sistemin havas\u0131n\u0131n al\u0131nmas\u0131 gerekti\u011fini g\u00f6sterebilir. \u0130\u015flevi eski haline getirmek i\u00e7in bu sorunlar\u0131 derhal giderin.<\/li>\n<li><strong>Al\u0131\u015f\u0131lmad\u0131k Sesler:<\/strong> G\u0131c\u0131rdama veya vurma sesleri, mekanik ar\u0131za veya sistemde biriken kal\u0131nt\u0131lar\u0131n bir i\u015fareti olabilir. Daha fazla hasar\u0131 \u00f6nlemek i\u00e7in derhal inceleme yap\u0131n.<\/li>\n<\/ul>\n<p>D\u00fczenli bak\u0131m kontrolleri gibi \u00f6nleyici tedbirlerin uygulanmas\u0131 ve operat\u00f6rlerin do\u011fru kullan\u0131m konusunda e\u011fitilmesi, potansiyel sorunlar\u0131 en aza indirebilir ve bom silindirinin kullan\u0131m \u00f6mr\u00fcn\u00fc uzatabilir.<\/p>\n<p><img decoding=\"async\" src=\"https:\/\/www.hydraulic-cylinders.net\/wp-content\/uploads\/2025\/04\/songte-bushings-with-all-kinds-of-excavator-models.webp\" alt=\"Ekskavat\u00f6r Modelleri\" \/><\/p>\n<h2>\u015eirketimiz Hakk\u0131nda<\/h2>\n<p>\u00d6nde gelen bir yedek hidrolik silindir \u00fcreticisi ve toptan da\u011f\u0131t\u0131c\u0131s\u0131y\u0131z ve hem yerel hem de uluslararas\u0131 pazarlara hitap eden geni\u015f bir \u00fcr\u00fcn yelpazesi sunuyoruz. M\u00fckemmelli\u011fe olan ba\u011fl\u0131l\u0131\u011f\u0131m\u0131z, teknik yetenek, geli\u015fmi\u015f dijital \u00fcretim ekipmanlar\u0131 ve profesyonel test sistemlerinden yararlanan rafine \u00fcretim stratejilerimize yans\u0131maktad\u0131r. \u00dcretim platformumuzun s\u00fcrekli iyile\u015ftirilmesi, kaliteli \u00fcretim sa\u011flayarak, \u00e7e\u015fitli m\u00fc\u015fteri ihtiya\u00e7lar\u0131n\u0131 y\u00fcksek verimlilik, hassasiyet ve kaliteyle kar\u015f\u0131lamam\u0131za olanak tan\u0131r.<\/p>\n<h3>Profesyonel Avantaj\u0131m\u0131z<\/h3>\n<ul>\n<li><strong>Uzmanl\u0131k:<\/strong> Ekibimiz, hidrolik silindir \u00fcretiminde geni\u015f deneyime sahip yetenekli profesyonellerden olu\u015fmakta olup, en \u00fcst d\u00fczey kalite ve performans\u0131 garanti etmektedir.<\/li>\n<li><strong>Uluslararas\u0131 Sertifikalar:<\/strong> \u00c7e\u015fitli uluslararas\u0131 standartlara uyarak \u00fcr\u00fcnlerimizin kalitesini ve g\u00fcvenilirli\u011fini g\u00fcvence alt\u0131na al\u0131yoruz.<\/li>\n<li><strong>\u00d6zel \u00c7\u00f6z\u00fcmler:<\/strong> M\u00fc\u015fterilerimizin \u00f6zel gereksinimlerini kar\u015f\u0131lamak \u00fczere \u00f6zel hizmetler sunuyoruz ve \u00fcr\u00fcnlerimizin operasyonel ihtiya\u00e7lar\u0131yla m\u00fckemmel bir uyum i\u00e7inde olmas\u0131n\u0131 sa\u011fl\u0131yoruz.<\/li>\n<li><strong>Geli\u015fmi\u015f \u00dcretim Ekipmanlar\u0131:<\/strong> Son teknolojiyle donat\u0131lm\u0131\u015f modern \u00fcretim tesislerimiz, y\u00fcksek kaliteli hidrolik silindirleri verimli bir \u015fekilde \u00fcretmemizi sa\u011flamaktad\u0131r.<\/li>\n<li><strong>Sat\u0131\u015f Sonras\u0131 Destek:<\/strong> \u00dcr\u00fcn ya\u015fam d\u00f6ng\u00fcs\u00fc boyunca m\u00fc\u015fteri memnuniyetini ve deste\u011fini sa\u011flayan g\u00fc\u00e7l\u00fc sat\u0131\u015f sonras\u0131 hizmetler sunuyoruz.<\/li>\n<\/ul>\n<p><img decoding=\"async\" src=\"https:\/\/www.hydraulic-cylinders.net\/wp-content\/uploads\/2025\/04\/songte-company-4.webp\" alt=\"\u015eirket Genel Bak\u0131\u015f\u0131\" \/><br \/>\n<img decoding=\"async\" src=\"https:\/\/www.hydraulic-cylinders.net\/wp-content\/uploads\/2025\/04\/songte-company-3.webp\" alt=\"\u015eirket Tesisleri\" \/><\/p>\n<p>Yazar: lyl<\/p>","protected":false},"excerpt":{"rendered":"<p>Boom Cylinder For Kato Small Excavator HD512R Overview of the Boom Cylinder The boom cylinder plays a crucial role in the hydraulic system of construction machinery, particularly in excavators. It is specifically designed to control the movement of the bucket and is essential for various heavy-duty applications. The boom cylinder allows the bucket to lift, [&hellip;]<\/p>","protected":false},"featured_media":17878,"comment_status":"open","ping_status":"closed","template":"","meta":{"_et_pb_use_builder":"","_et_pb_old_content":"","_et_gb_content_width":""},"product_brand":[],"product_cat":[1546],"product_tag":[1547,1496],"class_list":{"0":"post-19750","1":"product","2":"type-product","3":"status-publish","4":"has-post-thumbnail","6":"product_cat-boom-cylinders","7":"product_tag-boom-cylinders","8":"product_tag-hydraulic-cylinders","10":"first","11":"instock","12":"shipping-taxable","13":"product-type-simple"},"amp_enabled":true,"_links":{"self":[{"href":"https:\/\/www.hydraulic-cylinders.net\/tr\/wp-json\/wp\/v2\/product\/19750","targetHints":{"allow":["GET"]}}],"collection":[{"href":"https:\/\/www.hydraulic-cylinders.net\/tr\/wp-json\/wp\/v2\/product"}],"about":[{"href":"https:\/\/www.hydraulic-cylinders.net\/tr\/wp-json\/wp\/v2\/types\/product"}],"replies":[{"embeddable":true,"href":"https:\/\/www.hydraulic-cylinders.net\/tr\/wp-json\/wp\/v2\/comments?post=19750"}],"wp:featuredmedia":[{"embeddable":true,"href":"https:\/\/www.hydraulic-cylinders.net\/tr\/wp-json\/wp\/v2\/media\/17878"}],"wp:attachment":[{"href":"https:\/\/www.hydraulic-cylinders.net\/tr\/wp-json\/wp\/v2\/media?parent=19750"}],"wp:term":[{"taxonomy":"product_brand","embeddable":true,"href":"https:\/\/www.hydraulic-cylinders.net\/tr\/wp-json\/wp\/v2\/product_brand?post=19750"},{"taxonomy":"product_cat","embeddable":true,"href":"https:\/\/www.hydraulic-cylinders.net\/tr\/wp-json\/wp\/v2\/product_cat?post=19750"},{"taxonomy":"product_tag","embeddable":true,"href":"https:\/\/www.hydraulic-cylinders.net\/tr\/wp-json\/wp\/v2\/product_tag?post=19750"}],"curies":[{"name":"wp","href":"https:\/\/api.w.org\/{rel}","templated":true}]}}