{"id":20089,"date":"2025-05-09T01:07:59","date_gmt":"2025-05-09T01:07:59","guid":{"rendered":"https:\/\/www.hydraulic-cylinders.net\/?post_type=product&#038;p=20089"},"modified":"2025-05-12T05:29:34","modified_gmt":"2025-05-12T05:29:34","slug":"support-cylinder-for-scissor-type-aerial-work-vehicles","status":"publish","type":"product","link":"https:\/\/www.hydraulic-cylinders.net\/tr\/urun\/support-cylinder-for-scissor-type-aerial-work-vehicles\/","title":{"rendered":"Makas Tipi Hava \u0130\u015f Ara\u00e7lar\u0131 \u0130\u00e7in Destek Silindiri"},"content":{"rendered":"<h1 style=\"text-align: center;\"><strong>Makas Tipi Hava \u0130\u015f Ara\u00e7lar\u0131 \u0130\u00e7in Destek Silindiri<\/strong><\/h1>\n<p><img loading=\"lazy\" decoding=\"async\" class=\"wp-image-20090 aligncenter\" src=\"https:\/\/www.hydraulic-cylinders.net\/wp-content\/uploads\/2025\/04\/support-hydraulic-cylinders-for-scissor-type-aerial-work-vehicle.jpg\" alt=\"\" width=\"500\" height=\"500\" srcset=\"https:\/\/www.hydraulic-cylinders.net\/wp-content\/uploads\/2025\/04\/support-hydraulic-cylinders-for-scissor-type-aerial-work-vehicle.jpg 500w, https:\/\/www.hydraulic-cylinders.net\/wp-content\/uploads\/2025\/04\/support-hydraulic-cylinders-for-scissor-type-aerial-work-vehicle-480x480.jpg 480w\" sizes=\"(min-width: 0px) and (max-width: 480px) 480px, (min-width: 481px) 500px, 100vw\" \/><\/p>\n<h2><strong>Makasl\u0131 Tip Haval\u0131 \u00c7al\u0131\u015fma Ara\u00e7lar\u0131 i\u00e7in Destek Silindiri <\/strong><strong>Teknik \u00d6zellikler:<\/strong><\/h2>\n<p>\u0130\u015flevi: Arac\u0131n devrilmesini \u00f6nlemek i\u00e7in merkezini dengelemek.<br \/>\nSilindir \u00e7ap\u0131: 70 mm-90 mm<br \/>\n\u00c7ubuk \u00e7ap\u0131: 50 mm-700 mm<br \/>\nHareket mesafesi: 477 mm - 754 mm<br \/>\nMaksimum bas\u0131n\u00e7: 20 MPa<br \/>\nAzami itme g\u00fcc\u00fc: 127 kN<\/p>\n<section id=\"features\">\n<h2><strong>Makasl\u0131 tip platformlu i\u015f ara\u00e7lar\u0131 i\u00e7in destek silindirinin ba\u015fl\u0131ca \u00f6zellikleri:<\/strong><\/h2>\n<ul>\n<li><strong>A\u011f\u0131r Y\u00fckler \u0130\u00e7in Sa\u011flam Destek:<\/strong>\u00a0Makasl\u0131 tip platformlu i\u015f ara\u00e7lar\u0131 i\u00e7in destek silindiri, a\u011f\u0131r y\u00fckleri kald\u0131racak \u015fekilde sa\u011flam bir tasar\u0131mla \u00fcretilmi\u015ftir ve \u00e7al\u0131\u015fma s\u0131ras\u0131nda makasl\u0131 platformlara istikrarl\u0131 destek sa\u011flar. Bu hidrolik silindir, sallanmay\u0131 azalt\u0131r ve g\u00fcvenli\u011fi art\u0131r\u0131r; bu da onu in\u015faat veya bak\u0131m i\u015flerinde makasl\u0131 tip platformlu i\u015f ara\u00e7lar\u0131 i\u00e7in en iyi destek silindiri se\u00e7ene\u011fi haline getirir.<\/li>\n<li><strong>Zorlu Ko\u015fullar \u0130\u00e7in Dayan\u0131kl\u0131 Yap\u0131:<\/strong>\u00a0Y\u00fcksek mukavemetli ala\u015f\u0131ml\u0131 \u00e7elikten ve korozyon \u00f6nleyici kaplamadan \u00fcretilen bu makasl\u0131 platform destek hidrolik silindiri, toz, nem ve a\u015f\u0131r\u0131 s\u0131cakl\u0131klar gibi zorlu ortamlara dayan\u0131kl\u0131d\u0131r. Depolama veya end\u00fcstriyel bak\u0131m gibi zorlu uygulamalarda uzun \u00f6m\u00fcrl\u00fc performans sa\u011flayarak ar\u0131za s\u00fcrelerini en aza indirir.<\/li>\n<li><strong>Makasl\u0131 platform modelleriyle kusursuz uyumluluk:<\/strong>\u00a0Genie GS-2632, JLG 4069LE ve Skyjack SJIII 4626 makasl\u0131 platformlu i\u015f ara\u00e7lar\u0131 (2015-2025) i\u00e7in tasarlanan bu destek silindiri, m\u00fckemmel uyum ve g\u00fcvenilir kald\u0131rma performans\u0131 sa\u011flar. Makasl\u0131 platformlar i\u00e7in bu y\u00fcksek performansl\u0131 destek silindiri, platformunuzun verimlili\u011fini art\u0131rarak y\u00fcksekte yap\u0131lan i\u015flerde g\u00fcvenli \u00e7al\u0131\u015fmay\u0131 destekler.<\/li>\n<li><strong>Verimli \u00c7al\u0131\u015fma ve Azalt\u0131lm\u0131\u015f Bak\u0131m:<\/strong>\u00a0Geli\u015fmi\u015f s\u0131zd\u0131rmazl\u0131k teknolojisi ve optimize edilmi\u015f ya\u011flama kanallar\u0131na sahip bu destek silindiri, daha sorunsuz \u00e7al\u0131\u015fma sa\u011flar ve kritik bile\u015fenlerdeki a\u015f\u0131nmay\u0131 azalt\u0131r. Bak\u0131m maliyetlerini d\u00fc\u015f\u00fcr\u00fcr ve makasl\u0131 platformlu i\u015f arac\u0131n\u0131z\u0131n kullan\u0131m \u00f6mr\u00fcn\u00fc uzat\u0131r; yo\u011fun kald\u0131rma uygulamalar\u0131 i\u00e7in m\u00fckemmel bir makasl\u0131 platform destek silindiri alternatifi sunar.<\/li>\n<\/ul>\n<\/section>\n<section id=\"applications\">\n<h2><strong>Makasl\u0131 Tip Hava \u0130\u015f Ara\u00e7lar\u0131nda Destek Silindirinin Uygulama Alanlar\u0131:<\/strong><\/h2>\n<ul>\n<li><strong>\u0130n\u015faat ve Y\u00fcksek Binalar\u0131n Bak\u0131m\u0131:<\/strong>\u00a0Makasl\u0131 platformlar i\u00e7in destek silindiri, in\u015faat projelerinde makasl\u0131 platformlara g\u00fcvenilir destek sa\u011flayarak i\u015f\u00e7ilerin pencere montaj\u0131 veya yap\u0131 onar\u0131m\u0131 gibi i\u015fler i\u00e7in y\u00fcksek katl\u0131 alanlara eri\u015fmelerini m\u00fcmk\u00fcn k\u0131lar. Makasl\u0131 platform deste\u011fi i\u00e7in hidrolik silindiri, istikrarl\u0131 bir y\u00fckseklik sa\u011flayarak \u015fantiyede g\u00fcvenli\u011fi ve verimlili\u011fi art\u0131r\u0131r.<\/li>\n<li><strong>Depolama ve Stok Y\u00f6netimi:<\/strong>\u00a0Depolarda kullan\u0131lan makasl\u0131 platformlu i\u015f ara\u00e7lar\u0131 i\u00e7in tasarlanan bu destek silindiri, \u00e7e\u015fitli y\u00fcksekliklerde envanter stoklama ve alma i\u015flemlerinde verimli kald\u0131rma sa\u011flar. Y\u00fcksek performansl\u0131 makasl\u0131 platform destek silindiri, operat\u00f6rlerin yo\u011fun lojistik ortamlar\u0131nda verimliliklerini korumalar\u0131na yard\u0131mc\u0131 olarak sorunsuz \u00e7al\u0131\u015fma imkan\u0131 sunar.<\/li>\n<li><strong>End\u00fcstriyel Ekipman Bak\u0131m\u0131:<\/strong>\u00a0End\u00fcstriyel ortamlarda kullan\u0131lan makasl\u0131 platformlar i\u00e7in ideal olan Makasl\u0131 Tip Hava \u0130\u015f Ara\u00e7lar\u0131 Destek Silindiri, bak\u0131m g\u00f6revleri i\u00e7in makinelere veya tavan sistemlerine g\u00fcvenli eri\u015fimi destekler. Dayan\u0131kl\u0131 hidrolik silindir tasar\u0131m\u0131, tutarl\u0131 performans sa\u011flayarak, zorlu ko\u015fullarda s\u0131k kullan\u0131mda g\u00fcvenilir bir makasl\u0131 platform destek silindiri alternatifi g\u00f6revi g\u00f6r\u00fcr.<\/li>\n<\/ul>\n<h2><strong>Destek silindirinin maksimum \u00e7al\u0131\u015fma bas\u0131nc\u0131 nedir?<\/strong><\/h2>\n<p dir=\"auto\">The maximum working pressure of the Support Cylinder for Scissor Type Aerial Work Vehicles is 280 bar, making it a high-performance hydraulic cylinder for scissor lift support. This robust pressure capacity ensures the support cylinder can handle heavy loads and demanding conditions, providing stable and safe lifting for scissor lifts in applications like construction, warehousing, and industrial maintenance. Whether you&#8217;re operating a scissor type aerial work vehicle on a busy construction site or in a high-altitude maintenance task, this hydraulic cylinder for scissor lift support delivers consistent performance without compromising safety.<\/p>\n<p dir=\"auto\">Ayr\u0131ca, silindirin tasar\u0131m\u0131, s\u0131k kullan\u0131mda bile s\u0131z\u0131nt\u0131lar\u0131 \u00f6nlemek ve bas\u0131n\u00e7 b\u00fct\u00fcnl\u00fc\u011f\u00fcn\u00fc korumak i\u00e7in geli\u015fmi\u015f s\u0131zd\u0131rmazl\u0131k teknolojisi i\u00e7erir. Y\u00fcksek bas\u0131n\u00e7l\u0131 ortamlara dayanabilen bir makasl\u0131 platform destek silindiri de\u011fi\u015fimine ihtiyac\u0131n\u0131z varsa, bu hava i\u015f platformu destek silindiri ideal bir se\u00e7imdir. Bu y\u00fcksek performansl\u0131 makasl\u0131 platform destek silindirinin \u00f6zel ihtiya\u00e7lar\u0131n\u0131z\u0131 nas\u0131l kar\u015f\u0131layabilece\u011fi hakk\u0131nda daha fazla bilgi i\u00e7in ekibimizle ileti\u015fime ge\u00e7mekten \u00e7ekinmeyin!<\/p>\n<h2><strong>Hidrolik Silindir \u00dcretim Alan\u0131:<\/strong><\/h2>\n<h2><img loading=\"lazy\" decoding=\"async\" class=\"alignnone size-full wp-image-16972\" src=\"https:\/\/www.hydraulic-cylinders.net\/wp-content\/uploads\/2025\/01\/hydraulic-cylinder-factory-1-scaled.webp\" alt=\"\" width=\"2016\" height=\"2560\" srcset=\"https:\/\/www.hydraulic-cylinders.net\/wp-content\/uploads\/2025\/01\/hydraulic-cylinder-factory-1-scaled.webp 2016w, https:\/\/www.hydraulic-cylinders.net\/wp-content\/uploads\/2025\/01\/hydraulic-cylinder-factory-1-1280x1625.webp 1280w, https:\/\/www.hydraulic-cylinders.net\/wp-content\/uploads\/2025\/01\/hydraulic-cylinder-factory-1-980x1244.webp 980w, https:\/\/www.hydraulic-cylinders.net\/wp-content\/uploads\/2025\/01\/hydraulic-cylinder-factory-1-480x610.webp 480w\" sizes=\"(min-width: 0px) and (max-width: 480px) 480px, (min-width: 481px) and (max-width: 980px) 980px, (min-width: 981px) and (max-width: 1280px) 1280px, (min-width: 1281px) 2016px, 100vw\" \/><\/h2>\n<p>Montaja adanm\u0131\u015f, son teknoloji \u00fcr\u00fcn\u00fc ba\u011f\u0131ms\u0131z bir Ar-Ge platformuna sahip olmam\u0131z, \u00fcretim s\u00fcre\u00e7lerimizde en \u00fcst d\u00fczey inovasyon ve kaliteyi garanti alt\u0131na almaktad\u0131r. Forklift silindiri \u00fcretim at\u00f6lyemizde, toplamda y\u0131lda bir milyon adede kadar \u00fcnite \u00fcretecek \u015fekilde tasarlanm\u0131\u015f d\u00f6rt adet yar\u0131 otomatik kald\u0131rma silindiri montaj hatt\u0131 ve tam otomatik bir devirme silindiri montaj hatt\u0131 bulunmaktad\u0131r.<\/p>\n<p>Ayr\u0131ca, \u00f6zel silindir at\u00f6lyemiz, y\u0131ll\u0131k 200.000 adet \u00fcretim kapasitesine sahip, \u00e7e\u015fitli \u00f6zelliklere g\u00f6re uyarlanm\u0131\u015f yar\u0131 otomatik temizleme ve montaj sistemleriyle donat\u0131lm\u0131\u015ft\u0131r. Y\u00fcksek hassasiyetli silindir i\u015fleme i\u00e7in tan\u0131nm\u0131\u015f CNC ekipmanlar\u0131, i\u015fleme merkezleri ve \u00f6zel aletler kullan\u0131yoruz. Tesisimizde ayr\u0131ca geli\u015fmi\u015f robotik kaynak makineleri, otomatik temizleme sistemleri ve tam otomatik silindir montaj ve boyama hatlar\u0131 bulunmaktad\u0131r. 300'den fazla \u00f6nemli ekipman\u0131m\u0131zla, kaynak tahsisini optimize ediyor ve verimli kullan\u0131m sa\u011flayarak, s\u0131k\u0131 hassasiyet ve kalite standartlar\u0131n\u0131 kar\u015f\u0131l\u0131yoruz.<\/p>\n<h2><img loading=\"lazy\" decoding=\"async\" class=\"alignnone size-full wp-image-16973\" src=\"https:\/\/www.hydraulic-cylinders.net\/wp-content\/uploads\/2025\/01\/hydraulic-cylinder-factory-2-scaled.webp\" alt=\"\" width=\"2011\" height=\"2560\" srcset=\"https:\/\/www.hydraulic-cylinders.net\/wp-content\/uploads\/2025\/01\/hydraulic-cylinder-factory-2-scaled.webp 2011w, https:\/\/www.hydraulic-cylinders.net\/wp-content\/uploads\/2025\/01\/hydraulic-cylinder-factory-2-1280x1629.webp 1280w, https:\/\/www.hydraulic-cylinders.net\/wp-content\/uploads\/2025\/01\/hydraulic-cylinder-factory-2-980x1248.webp 980w, https:\/\/www.hydraulic-cylinders.net\/wp-content\/uploads\/2025\/01\/hydraulic-cylinder-factory-2-480x611.webp 480w\" sizes=\"(min-width: 0px) and (max-width: 480px) 480px, (min-width: 481px) and (max-width: 980px) 980px, (min-width: 981px) and (max-width: 1280px) 1280px, (min-width: 1281px) 2011px, 100vw\" \/><\/h2>\n<p>K\u00fc\u00e7\u00fck ve orta boy silindirler i\u00e7in \u00f6zel olarak tasarlanm\u0131\u015f, otomatik y\u00fckleme, bo\u015faltma ve p\u00fcsk\u00fcrtme robotlar\u0131na sahip, tam otomatik su bazl\u0131 boya kaplama hatt\u0131m\u0131z bulunmaktad\u0131r. Bu son teknoloji sistem, vardiya ba\u015f\u0131na 4.000 adet \u00fcretim kapasitesine sahiptir. Ayr\u0131ca, b\u00fcy\u00fck \u00f6l\u00e7ekli silindirler i\u00e7in zincir tahrikli, vardiya ba\u015f\u0131na 60 kasa tasar\u0131m kapasitesine sahip yar\u0131 otomatik bir boyama hatt\u0131m\u0131z da bulunmaktad\u0131r.<\/p>\n<p>Ayr\u0131ca, hidrolik sistemlerimizin g\u00fcvenli\u011fini sa\u011flamak i\u00e7in ya\u011f s\u0131cakl\u0131\u011f\u0131, s\u0131v\u0131 seviyesi ve filtre cihaz\u0131 durumu gibi temel performans parametreleri i\u00e7in durum izleme sistemi uyguluyoruz. Hidrolik silindir test stand\u0131m\u0131z, hassas \u00f6l\u00e7\u00fcmler arac\u0131l\u0131\u011f\u0131yla \"y\u00fck verimlili\u011fi\" ve \"i\u00e7 s\u0131z\u0131nt\u0131\" de\u011ferlerini de\u011ferlendirebilir. Ayr\u0131ca, hidrolik silindir \u00fcr\u00fcnleri i\u00e7in t\u00fcm test gerekliliklerine uyumu garanti eden ulusal standartlar\u0131 kar\u015f\u0131layan bir \u0131zgara cetveli \u00f6l\u00e7\u00fcm cihaz\u0131 ile donat\u0131lm\u0131\u015ft\u0131r.<\/p>\n<p>&nbsp;<\/p>\n<\/section>","protected":false},"excerpt":{"rendered":"<p>Support Cylinder For Scissor Type Aerial Work Vehicles Support Cylinder for Scissor Type Aerial Work Vehicles Technical Specifications: Function: Balance the center of the car to prevent it from tilting Cylinder diameter: 70mm-90mm Rod diameter: 50mm-700mm Travel: 477 mm- 754 mm Maximum pressure: 20MPa Maximum thrust: 127KN Key Features of the Support Cylinder for Scissor [&hellip;]<\/p>","protected":false},"featured_media":20091,"comment_status":"open","ping_status":"closed","template":"","meta":{"_et_pb_use_builder":"","_et_pb_old_content":"","_et_gb_content_width":""},"product_brand":[],"product_cat":[1376],"product_tag":[],"class_list":{"0":"post-20089","1":"product","2":"type-product","3":"status-publish","4":"has-post-thumbnail","6":"product_cat-hydraulic-cylinder","8":"first","9":"instock","10":"shipping-taxable","11":"product-type-simple"},"amp_enabled":true,"_links":{"self":[{"href":"https:\/\/www.hydraulic-cylinders.net\/tr\/wp-json\/wp\/v2\/product\/20089","targetHints":{"allow":["GET"]}}],"collection":[{"href":"https:\/\/www.hydraulic-cylinders.net\/tr\/wp-json\/wp\/v2\/product"}],"about":[{"href":"https:\/\/www.hydraulic-cylinders.net\/tr\/wp-json\/wp\/v2\/types\/product"}],"replies":[{"embeddable":true,"href":"https:\/\/www.hydraulic-cylinders.net\/tr\/wp-json\/wp\/v2\/comments?post=20089"}],"wp:featuredmedia":[{"embeddable":true,"href":"https:\/\/www.hydraulic-cylinders.net\/tr\/wp-json\/wp\/v2\/media\/20091"}],"wp:attachment":[{"href":"https:\/\/www.hydraulic-cylinders.net\/tr\/wp-json\/wp\/v2\/media?parent=20089"}],"wp:term":[{"taxonomy":"product_brand","embeddable":true,"href":"https:\/\/www.hydraulic-cylinders.net\/tr\/wp-json\/wp\/v2\/product_brand?post=20089"},{"taxonomy":"product_cat","embeddable":true,"href":"https:\/\/www.hydraulic-cylinders.net\/tr\/wp-json\/wp\/v2\/product_cat?post=20089"},{"taxonomy":"product_tag","embeddable":true,"href":"https:\/\/www.hydraulic-cylinders.net\/tr\/wp-json\/wp\/v2\/product_tag?post=20089"}],"curies":[{"name":"wp","href":"https:\/\/api.w.org\/{rel}","templated":true}]}}