{"id":20144,"date":"2025-05-11T14:42:32","date_gmt":"2025-05-11T14:42:32","guid":{"rendered":"https:\/\/www.hydraulic-cylinders.net\/?post_type=product&#038;p=20144"},"modified":"2025-05-12T05:30:31","modified_gmt":"2025-05-12T05:30:31","slug":"power-pin-hydraulic-cylinders-for-crawler-crane","status":"publish","type":"product","link":"https:\/\/www.hydraulic-cylinders.net\/tr\/urun\/power-pin-hydraulic-cylinders-for-crawler-crane\/","title":{"rendered":"Paletli Vin\u00e7ler i\u00e7in G\u00fc\u00e7 Pimi Hidrolik Silindirleri"},"content":{"rendered":"<h1 style=\"text-align: center;\"><strong>Paletli Vin\u00e7ler i\u00e7in G\u00fc\u00e7 Pimi Hidrolik Silindirleri<\/strong><\/h1>\n<p><img loading=\"lazy\" decoding=\"async\" class=\"wp-image-20152 aligncenter\" src=\"https:\/\/www.hydraulic-cylinders.net\/wp-content\/uploads\/2025\/05\/pin-shaft-hydraulic-cylinders-for-crawler-crane-2-scaled.webp\" alt=\"\" width=\"500\" height=\"500\" \/><\/p>\n<p>Ever-Power Huachang Hydraulic taraf\u0131ndan gururla \u00fcretilen Paletli Vin\u00e7ler i\u00e7in Pim \u015eaftl\u0131 Hidrolik Silindirler, paletli vin\u00e7 operasyonlar\u0131nda a\u011f\u0131r kald\u0131rma i\u015flemlerinin zorlu talepleri i\u00e7in \u00f6zel olarak tasarlanm\u0131\u015f sa\u011flam bir pim \u015faftl\u0131 silindir olarak m\u00fchendislik m\u00fckemmelli\u011finin zirvesini temsil etmektedir. \u00d6nde gelen modellerle uyumlu olan bu pim \u015faftl\u0131 hidrolik silindir, benzersiz bir stabilite ve hassasiyet sunarak in\u015faat sahalar\u0131, madencilik operasyonlar\u0131 ve b\u00fcy\u00fck \u00f6l\u00e7ekli end\u00fcstriyel projeler i\u00e7in ideal bir paletli vin\u00e7 silindiri haline gelmektedir. Y\u00fcksek mukavemetli ala\u015f\u0131ml\u0131 \u00e7elik ve geli\u015fmi\u015f korozyon \u00f6nleyici kaplama ile tasarlanan a\u011f\u0131r hizmet tipi hidrolik silindir, tozlu araziler, nemli k\u0131y\u0131 b\u00f6lgeleri veya y\u00fcksek rak\u0131ml\u0131 \u00e7al\u0131\u015fma alanlar\u0131 gibi en zorlu ortamlarda bile dayan\u0131kl\u0131l\u0131k ve g\u00fcvenilirlik sa\u011flar. Paletli vin\u00e7ler i\u00e7in tasarlanm\u0131\u015f bu pim \u015faftl\u0131 hidrolik silindir, y\u00fck da\u011f\u0131l\u0131m\u0131n\u0131 optimize eden ve kald\u0131rma i\u015flemleri s\u0131ras\u0131nda g\u00fcvenli\u011fi art\u0131ran benzersiz bir pim \u015faft mekanizmas\u0131na sahiptir. \u00d6zelle\u015ftirilebilir i\u00e7 \u00e7aplar\u0131 (180 mm ila 300 mm) ve strok uzunluklar\u0131 (1000 mm ila 4000 mm) ise \u00e7e\u015fitli operasyonel ihtiya\u00e7lar\u0131 kar\u015f\u0131lamak \u00fczere uyarlanm\u0131\u015f performans sa\u011flar. Son teknoloji \u00fcretim tesisimiz ve titiz test standartlar\u0131m\u0131zla desteklenen bu a\u011f\u0131r hizmet tipi pim \u015faftl\u0131 hidrolik silindir, kaliteye olan ba\u011fl\u0131l\u0131\u011f\u0131m\u0131z\u0131n bir kan\u0131t\u0131 olarak, verimlili\u011fi en \u00fcst d\u00fczeye \u00e7\u0131karmak ve ar\u0131za s\u00fcrelerini en aza indirmek isteyen operat\u00f6rler i\u00e7in g\u00fcvenilir bir \u00e7\u00f6z\u00fcm sunmaktad\u0131r.<\/p>\n<section id=\"specifications\">\n<h2><strong>Teknik \u00d6zellikler:<\/strong><\/h2>\n<p><strong>\u0130\u015flev:<\/strong>\u00a0Kol \u00e7er\u00e7evesinin hareketini kontrol edin.<br \/>\n<strong>Silindir \u00c7ap\u0131:<\/strong>\u00a050 mm\u2013125 mm<br \/>\n<strong>\u00c7ubuk \u00c7ap\u0131:<\/strong>\u00a025 mm\u201375 mm<br \/>\n<strong>Seyahat:<\/strong>\u00a0160 mm\u2013390 mm<br \/>\n<strong>Maksimum Bas\u0131n\u00e7:<\/strong>\u00a025 MPa<br \/>\n<strong>Maksimum \u0130tme Kuvveti:<\/strong>\u00a0307KN<\/p>\n<\/section>\n<section id=\"features\">\n<h2><strong>Paletli Vin\u00e7ler i\u00e7in Pim \u015eaftl\u0131 Hidrolik Silindirlerin Ba\u015fl\u0131ca \u00d6zellikleri:<\/strong><\/h2>\n<ul>\n<li><strong>Geli\u015ftirilmi\u015f Pim Mili Stabilitesi:<\/strong>\u00a0Paletli vin\u00e7ler i\u00e7in pim \u015faftl\u0131 hidrolik silindirler, y\u00fck da\u011f\u0131l\u0131m\u0131n\u0131 iyile\u015ftiren ve a\u011f\u0131r kald\u0131rma i\u015flemleri s\u0131ras\u0131nda stabilite sa\u011flayan bir pim \u015faftl\u0131 silindir tasar\u0131m\u0131na sahiptir.<\/li>\n<li><strong>Korozyona Dayan\u0131kl\u0131 Yap\u0131:<\/strong>\u00a0Y\u00fcksek mukavemetli ala\u015f\u0131ml\u0131 \u00e7elikten ve korozyon \u00f6nleyici kaplamadan \u00fcretilen bu a\u011f\u0131r hizmet tipi hidrolik silindir, tozlu alanlar ve nemli ko\u015fullar gibi zorlu ortamlara kar\u015f\u0131 dayan\u0131kl\u0131d\u0131r.<\/li>\n<li><strong>Hassas Y\u00fck Ta\u015f\u0131ma:<\/strong>\u00a0Pim \u015faftl\u0131 hidrolik silindir tasar\u0131m\u0131, hassas hareket kontrol\u00fc sa\u011flayarak zorlu end\u00fcstriyel g\u00f6revler i\u00e7in g\u00fcvenilir bir paletli vin\u00e7 silindiri haline gelir.<\/li>\n<li><strong>D\u00fc\u015f\u00fck Bak\u0131m Gerektiren Dayan\u0131kl\u0131l\u0131k:<\/strong>\u00a0Geli\u015fmi\u015f s\u0131zd\u0131rmazl\u0131k teknolojisine sahip bu pim \u015faftl\u0131 hidrolik silindir, a\u015f\u0131nmay\u0131 en aza indirerek paletli vin\u00e7 uygulamalar\u0131nda bak\u0131m ihtiyac\u0131n\u0131 azalt\u0131r.<\/li>\n<\/ul>\n<\/section>\n<section id=\"applications\">\n<h2><strong>Paletli Vin\u00e7lerde Pim \u015eaftl\u0131 Hidrolik Silindirlerin Uygulama Alanlar\u0131:<\/strong><\/h2>\n<p><img loading=\"lazy\" decoding=\"async\" class=\"size-full wp-image-20167 aligncenter\" src=\"https:\/\/www.hydraulic-cylinders.net\/wp-content\/uploads\/2025\/05\/Power-Pin-Hydraulic-Cylinders-for-Crawler-Crane-application.webp\" alt=\"\" width=\"1643\" height=\"945\" srcset=\"https:\/\/www.hydraulic-cylinders.net\/wp-content\/uploads\/2025\/05\/Power-Pin-Hydraulic-Cylinders-for-Crawler-Crane-application.webp 1643w, https:\/\/www.hydraulic-cylinders.net\/wp-content\/uploads\/2025\/05\/Power-Pin-Hydraulic-Cylinders-for-Crawler-Crane-application-1280x736.webp 1280w, https:\/\/www.hydraulic-cylinders.net\/wp-content\/uploads\/2025\/05\/Power-Pin-Hydraulic-Cylinders-for-Crawler-Crane-application-980x564.webp 980w, https:\/\/www.hydraulic-cylinders.net\/wp-content\/uploads\/2025\/05\/Power-Pin-Hydraulic-Cylinders-for-Crawler-Crane-application-480x276.webp 480w\" sizes=\"(min-width: 0px) and (max-width: 480px) 480px, (min-width: 481px) and (max-width: 980px) 980px, (min-width: 981px) and (max-width: 1280px) 1280px, (min-width: 1281px) 1643px, 100vw\" \/><\/p>\n<ul>\n<li><strong>\u0130n\u015faat Alanlar\u0131:<\/strong>\u00a0A\u011f\u0131r y\u00fck kald\u0131rma i\u00e7in tasarlanm\u0131\u015f pim \u015faftl\u0131 hidrolik silindir, paletli vin\u00e7 silindirleri kullan\u0131larak in\u015faat projelerinde \u00e7elik kiri\u015flerin ve beton plakalar\u0131n g\u00fcvenli ve istikrarl\u0131 bir \u015fekilde kald\u0131r\u0131lmas\u0131n\u0131 sa\u011flar.<\/li>\n<li><strong>Madencilik Faaliyetleri:<\/strong>\u00a0Madencilik uygulamalar\u0131 i\u00e7in tasarlanan bu pim \u015faftl\u0131 hidrolik silindir, engebeli arazilerde cevher ve ekipmanlar\u0131n verimli bir \u015fekilde ta\u015f\u0131nmas\u0131n\u0131 destekler.<\/li>\n<li><strong>End\u00fcstriyel A\u011f\u0131r Kald\u0131rma:<\/strong>\u00a0End\u00fcstriyel ortamlar i\u00e7in ideal olan a\u011f\u0131r hizmet tipi pim \u015faftl\u0131 hidrolik silindir, fabrikalarda ve hassas vin\u00e7 operasyonlar\u0131 gerektiren b\u00fcy\u00fck \u00f6l\u00e7ekli projelerde performans\u0131 art\u0131r\u0131r.<\/li>\n<\/ul>\n<\/section>\n<section id=\"explore-more\">\n<h2><strong>Daha Fazla Paletli Vin\u00e7 Silindirini Ke\u015ffedin:<\/strong><\/h2>\n<p>Ayr\u0131ca, \u00e7e\u015fitli kald\u0131rma ihtiya\u00e7lar\u0131n\u0131 kar\u015f\u0131lamak i\u00e7in farkl\u0131 paletli vin\u00e7 silindirleri de sunuyoruz. \u0130ster a\u011f\u0131r kald\u0131rma i\u00e7in pim \u015faftl\u0131 bir silindire, ister paletli vin\u00e7 silindiri de\u011fi\u015fimine ihtiyac\u0131n\u0131z olsun, Ever-Power Huachang Hydraulic size \u00e7\u00f6z\u00fcm sunuyor. \u00dcr\u00fcn yelpazemizin tamam\u0131na g\u00f6z at\u0131n. <a href=\"https:\/\/www.hydraulic-cylinders.net\/tr\/mobile-crane-hydraulic-cylinders\/\">paletli vin\u00e7 silindirleri<\/a>.<\/p>\n<\/section>\n<h2 dir=\"auto\"><strong>Paletli vin\u00e7ler i\u00e7in pim \u015faftl\u0131 hidrolik silindirleri a\u011f\u0131r kald\u0131rma i\u015flerinde uygun k\u0131lan nedir?<\/strong><\/h2>\n<p dir=\"auto\">Paletli vin\u00e7ler i\u00e7in pim \u015faftl\u0131 hidrolik silindirler, geli\u015fmi\u015f m\u00fchendislik \u00f6zellikleri ve paletli vin\u00e7 operasyonlar\u0131n\u0131n zorlu gereksinimlerine g\u00f6re uyarlanm\u0131\u015f sa\u011flam malzeme se\u00e7imlerinin birle\u015fimi sayesinde a\u011f\u0131r kald\u0131rma i\u015flemleri i\u00e7in son derece uygundur. Tasar\u0131m\u0131n\u0131n \u00f6z\u00fcnde, pim \u015faftl\u0131 silindir konfig\u00fcrasyonu, kald\u0131rma s\u0131ras\u0131nda gerilim yo\u011funla\u015fmalar\u0131n\u0131 en aza indiren stabil bir pivot noktas\u0131 sa\u011flayarak y\u00fck da\u011f\u0131l\u0131m\u0131n\u0131 iyile\u015ftirir ve paletli vin\u00e7 i\u00e7in hidrolik silindirin yap\u0131sal b\u00fct\u00fcnl\u00fc\u011f\u00fcnden \u00f6d\u00fcn vermeden \u00f6nemli y\u00fckleri (genellikle birka\u00e7 ton) kald\u0131rabilmesini sa\u011flar. Teknik detaylarda belirtildi\u011fi gibi maksimum 350 bar \u00e7al\u0131\u015fma bas\u0131nc\u0131na sahip bu pim \u015faftl\u0131 hidrolik silindir, in\u015faat projelerinde \u00e7elik kiri\u015fler veya beton levhalar gibi a\u011f\u0131r malzemelerin yan\u0131 s\u0131ra madencilik operasyonlar\u0131nda cevher ve ekipman kald\u0131rmak i\u00e7in gerekli kuvveti sa\u011flar.<\/p>\n<p dir=\"auto\">Y\u00fcksek mukavemetli ala\u015f\u0131ml\u0131 \u00e7eli\u011fin korozyon \u00f6nleyici kaplama ile birle\u015ftirilmesi, bu a\u011f\u0131r hizmet tipi hidrolik silindirin tozlu \u015fantiyeler, nemli k\u0131y\u0131 b\u00f6lgeleri veya y\u00fcksek rak\u0131ml\u0131 end\u00fcstriyel projeler gibi zorlu \u00e7evre ko\u015fullar\u0131na dayanmas\u0131n\u0131 sa\u011flayarak tutarl\u0131 performans ve uzun \u00f6m\u00fcrl\u00fcl\u00fck sunar. Ayr\u0131ca, pim \u015faftl\u0131 hidrolik silindir tasar\u0131m\u0131, hassas hareket kontrol\u00fc sa\u011flayarak vin\u00e7 operasyonlar\u0131 s\u0131ras\u0131nda y\u00fck sal\u0131n\u0131m\u0131 veya yanl\u0131\u015f hizalama riskini azalt\u0131r; bu da a\u011f\u0131r kald\u0131rma i\u015flerinde g\u00fcvenlik ve verimlilik i\u00e7in kritik \u00f6neme sahiptir. Paletli vin\u00e7 silindirine entegre edilen geli\u015fmi\u015f s\u0131zd\u0131rmazl\u0131k teknolojisi, i\u00e7 s\u0131z\u0131nt\u0131y\u0131 ve a\u015f\u0131nmay\u0131 en aza indirerek dayan\u0131kl\u0131l\u0131\u011f\u0131 art\u0131r\u0131r ve bak\u0131m s\u0131kl\u0131\u011f\u0131n\u0131 azalt\u0131r; bu da pim mekanizmal\u0131 g\u00fcvenilir bir paletli vin\u00e7 silindiri arayan operat\u00f6rler i\u00e7in \u00f6nemli bir husustur.<\/p>\n<p dir=\"auto\">Ayr\u0131ca, \u00f6zelle\u015ftirilebilir i\u00e7 \u00e7ap (180 mm ila 300 mm) ve strok uzunluklar\u0131 (1000 mm ila 4000 mm), a\u011f\u0131r hizmet tipi pim \u015faftl\u0131 hidrolik silindirin belirli kald\u0131rma gereksinimlerine g\u00f6re uyarlanmas\u0131na olanak tan\u0131yarak Liebherr LR 1300 ve Manitowoc 14000 gibi \u00e7e\u015fitli paletli vin\u00e7 modellerinde optimum performans sa\u011flar. Ever-Power Huachang Hydraulic'in en son teknoloji \u00fcr\u00fcn\u00fc \u00fcretim ve y\u00fck verimlili\u011fi ve i\u00e7 s\u0131z\u0131nt\u0131 de\u011ferlendirmeleri de dahil olmak \u00fczere titiz test standartlar\u0131yla desteklenen bu a\u011f\u0131r kald\u0131rma pim \u015faftl\u0131 silindir, end\u00fcstriyel uygulamalar i\u00e7in g\u00fcvenilir bir \u00e7\u00f6z\u00fcm olarak \u00f6ne \u00e7\u0131kar ve operasyonel verimlili\u011fi ve g\u00fcvenli\u011fi en \u00fcst d\u00fczeye \u00e7\u0131karmak i\u00e7in hem hassasiyet hem de dayan\u0131kl\u0131l\u0131k sunar.<\/p>\n<section id=\"company-introduction\">\n<h2><strong>Ever-Power Huachang Hidrolik Hakk\u0131nda:<\/strong><\/h2>\n<h2><img loading=\"lazy\" decoding=\"async\" class=\"alignnone size-full wp-image-16972\" src=\"https:\/\/www.hydraulic-cylinders.net\/wp-content\/uploads\/2025\/01\/hydraulic-cylinder-factory-1-scaled.webp\" alt=\"\" width=\"2016\" height=\"2560\" srcset=\"https:\/\/www.hydraulic-cylinders.net\/wp-content\/uploads\/2025\/01\/hydraulic-cylinder-factory-1-scaled.webp 2016w, https:\/\/www.hydraulic-cylinders.net\/wp-content\/uploads\/2025\/01\/hydraulic-cylinder-factory-1-1280x1625.webp 1280w, https:\/\/www.hydraulic-cylinders.net\/wp-content\/uploads\/2025\/01\/hydraulic-cylinder-factory-1-980x1244.webp 980w, https:\/\/www.hydraulic-cylinders.net\/wp-content\/uploads\/2025\/01\/hydraulic-cylinder-factory-1-480x610.webp 480w\" sizes=\"(min-width: 0px) and (max-width: 480px) 480px, (min-width: 481px) and (max-width: 980px) 980px, (min-width: 981px) and (max-width: 1280px) 1280px, (min-width: 1281px) 2016px, 100vw\" \/><\/h2>\n<p>Montaja adanm\u0131\u015f, son teknoloji \u00fcr\u00fcn\u00fc ba\u011f\u0131ms\u0131z bir Ar-Ge platformuna sahip olmam\u0131z, \u00fcretim s\u00fcre\u00e7lerimizde en \u00fcst d\u00fczey inovasyon ve kaliteyi garanti alt\u0131na almaktad\u0131r. Forklift silindiri \u00fcretim at\u00f6lyemizde, toplamda y\u0131lda bir milyon adede kadar \u00fcnite \u00fcretecek \u015fekilde tasarlanm\u0131\u015f d\u00f6rt adet yar\u0131 otomatik kald\u0131rma silindiri montaj hatt\u0131 ve tam otomatik bir devirme silindiri montaj hatt\u0131 bulunmaktad\u0131r.<\/p>\n<p>Tala\u015fl\u0131 imalat at\u00f6lyemizde \u00f6zel e\u011fimli k\u0131lavuz rayl\u0131 torna tezgahlar\u0131, i\u015fleme merkezleri, y\u00fcksek h\u0131zl\u0131 honlama makineleri, kaynak robotlar\u0131 ve di\u011fer temel ekipmanlar bulunmaktad\u0131r. Bu kurulum, maksimum i\u00e7 \u00e7ap\u0131 400 mm ve uzunlu\u011fu 6 metreye kadar olan silindir borular\u0131n\u0131n i\u015flenmesini sa\u011flayarak \u00fcretim kapasitemizi daha da art\u0131rmam\u0131z\u0131 sa\u011flar.<\/p>\n<p>K\u00fc\u00e7\u00fck ve orta boy silindirler i\u00e7in \u00f6zel olarak tasarlanm\u0131\u015f, otomatik y\u00fckleme, bo\u015faltma ve p\u00fcsk\u00fcrtme robotlar\u0131na sahip, tam otomatik su bazl\u0131 boya kaplama hatt\u0131m\u0131z bulunmaktad\u0131r. Bu son teknoloji sistem, vardiya ba\u015f\u0131na 4.000 adet \u00fcretim kapasitesine sahiptir. Ayr\u0131ca, b\u00fcy\u00fck \u00f6l\u00e7ekli silindirler i\u00e7in zincir tahrikli, vardiya ba\u015f\u0131na 60 kasa tasar\u0131m kapasitesine sahip yar\u0131 otomatik bir boyama hatt\u0131m\u0131z da bulunmaktad\u0131r.<\/p>\n<h2><img loading=\"lazy\" decoding=\"async\" class=\"alignnone size-full wp-image-16973\" src=\"https:\/\/www.hydraulic-cylinders.net\/wp-content\/uploads\/2025\/01\/hydraulic-cylinder-factory-2-scaled.webp\" alt=\"\" width=\"2011\" height=\"2560\" srcset=\"https:\/\/www.hydraulic-cylinders.net\/wp-content\/uploads\/2025\/01\/hydraulic-cylinder-factory-2-scaled.webp 2011w, https:\/\/www.hydraulic-cylinders.net\/wp-content\/uploads\/2025\/01\/hydraulic-cylinder-factory-2-1280x1629.webp 1280w, https:\/\/www.hydraulic-cylinders.net\/wp-content\/uploads\/2025\/01\/hydraulic-cylinder-factory-2-980x1248.webp 980w, https:\/\/www.hydraulic-cylinders.net\/wp-content\/uploads\/2025\/01\/hydraulic-cylinder-factory-2-480x611.webp 480w\" sizes=\"(min-width: 0px) and (max-width: 480px) 480px, (min-width: 481px) and (max-width: 980px) 980px, (min-width: 981px) and (max-width: 1280px) 1280px, (min-width: 1281px) 2011px, 100vw\" \/><\/h2>\n<p>\u00dcr\u00fcn performans\u0131n\u0131 art\u0131rmak ve hidrolik silindir sekt\u00f6r\u00fcndeki liderli\u011fimizi peki\u015ftirmek i\u00e7in, hidrolik silindirler, valfler ve pompalara \u00f6zel kapsaml\u0131 bir performans laboratuvar\u0131 kurmak \u00fczere ZJIMEE ile ortakl\u0131k kurduk. Bu geli\u015fmi\u015f laboratuvar, elektro-hidrolik teknolojili bilgisayar destekli testler kullanarak, do\u011frulu\u011fu ve sistem \u00e7ok y\u00f6nl\u00fcl\u00fc\u011f\u00fcn\u00fc art\u0131ran \u00f6nceden ayarlanm\u0131\u015f test ko\u015fullar\u0131 sunar. Otomatik veri toplama s\u00fcreci, i\u00e7 s\u0131z\u0131nt\u0131 ve y\u00fck verimlili\u011fi gibi \u00e7\u0131kt\u0131 verilerini toplamak i\u00e7in sens\u00f6rler kullan\u0131r ve bu veriler daha sonra bir bilgisayar taraf\u0131ndan i\u015flenerek standart birimlere (ml\/dak%) d\u00f6n\u00fc\u015ft\u00fcr\u00fcl\u00fcr.<\/p>\n<p>Paletli vin\u00e7ler i\u00e7in tasarlanm\u0131\u015f, \u00f6zellikle Liebherr, Manitowoc ve Kobelco modelleri i\u00e7in a\u011f\u0131r hizmet tipi hidrolik silindirler olan pim \u015faftl\u0131 hidrolik silindirlerimiz, kalite ve performansa olan ba\u011fl\u0131l\u0131\u011f\u0131m\u0131z\u0131 sergiliyor. D\u00fcnya \u00e7ap\u0131ndaki b\u00fcy\u00fck ekipman \u00fcreticileri taraf\u0131ndan g\u00fcvenilen \u00fcr\u00fcnlerimiz, g\u00fcvenilirlik konusunda g\u00fc\u00e7l\u00fc bir \u00fcne sahip olup, Ever-Power Huachang Hydraulic hidrolik silindir \u00fcretiminde lider olarak tan\u0131nmaktad\u0131r.<\/p>\n<\/section>","protected":false},"excerpt":{"rendered":"<p>Power Pin Hydraulic Cylinders for Crawler Crane The Pin Shaft Hydraulic Cylinders for Crawler Crane, proudly crafted by Ever-Power Huachang Hydraulic, represent a pinnacle of engineering excellence as a robust pin shaft cylinder designed specifically for the rigorous demands of heavy lifting in crawler crane operations. Compatible with leading models , this hydraulic cylinder with [&hellip;]<\/p>","protected":false},"featured_media":20159,"comment_status":"open","ping_status":"closed","template":"","meta":{"_et_pb_use_builder":"","_et_pb_old_content":"","_et_gb_content_width":""},"product_brand":[],"product_cat":[1514],"product_tag":[],"class_list":{"0":"post-20144","1":"product","2":"type-product","3":"status-publish","4":"has-post-thumbnail","6":"product_cat-mobile-crane-hydraulic-cylinders","8":"first","9":"instock","10":"shipping-taxable","11":"product-type-simple"},"amp_enabled":true,"_links":{"self":[{"href":"https:\/\/www.hydraulic-cylinders.net\/tr\/wp-json\/wp\/v2\/product\/20144","targetHints":{"allow":["GET"]}}],"collection":[{"href":"https:\/\/www.hydraulic-cylinders.net\/tr\/wp-json\/wp\/v2\/product"}],"about":[{"href":"https:\/\/www.hydraulic-cylinders.net\/tr\/wp-json\/wp\/v2\/types\/product"}],"replies":[{"embeddable":true,"href":"https:\/\/www.hydraulic-cylinders.net\/tr\/wp-json\/wp\/v2\/comments?post=20144"}],"wp:featuredmedia":[{"embeddable":true,"href":"https:\/\/www.hydraulic-cylinders.net\/tr\/wp-json\/wp\/v2\/media\/20159"}],"wp:attachment":[{"href":"https:\/\/www.hydraulic-cylinders.net\/tr\/wp-json\/wp\/v2\/media?parent=20144"}],"wp:term":[{"taxonomy":"product_brand","embeddable":true,"href":"https:\/\/www.hydraulic-cylinders.net\/tr\/wp-json\/wp\/v2\/product_brand?post=20144"},{"taxonomy":"product_cat","embeddable":true,"href":"https:\/\/www.hydraulic-cylinders.net\/tr\/wp-json\/wp\/v2\/product_cat?post=20144"},{"taxonomy":"product_tag","embeddable":true,"href":"https:\/\/www.hydraulic-cylinders.net\/tr\/wp-json\/wp\/v2\/product_tag?post=20144"}],"curies":[{"name":"wp","href":"https:\/\/api.w.org\/{rel}","templated":true}]}}