{"id":20145,"date":"2025-05-11T15:02:40","date_gmt":"2025-05-11T15:02:40","guid":{"rendered":"https:\/\/www.hydraulic-cylinders.net\/?post_type=product&#038;p=20145"},"modified":"2025-05-12T05:30:46","modified_gmt":"2025-05-12T05:30:46","slug":"arm-anti-tilt-hydraulic-cylinders-for-crawler-crane-2","status":"publish","type":"product","link":"https:\/\/www.hydraulic-cylinders.net\/tr\/urun\/arm-anti-tilt-hydraulic-cylinders-for-crawler-crane-2\/","title":{"rendered":"Paletli Vin\u00e7ler i\u00e7in Kol Anti Devrilme Hidrolik Silindirleri"},"content":{"rendered":"<h1 style=\"text-align: center;\"><strong>Paletli Vin\u00e7ler i\u00e7in Kol Anti Devrilme Hidrolik Silindirleri<\/strong><\/h1>\n<p><img loading=\"lazy\" decoding=\"async\" class=\"wp-image-20149 aligncenter\" src=\"https:\/\/www.hydraulic-cylinders.net\/wp-content\/uploads\/2025\/05\/arm-anti-tilt-hydraulic-cylinders-for-crawler-crane.webp\" alt=\"\" width=\"500\" height=\"500\" srcset=\"https:\/\/www.hydraulic-cylinders.net\/wp-content\/uploads\/2025\/05\/arm-anti-tilt-hydraulic-cylinders-for-crawler-crane.webp 500w, https:\/\/www.hydraulic-cylinders.net\/wp-content\/uploads\/2025\/05\/arm-anti-tilt-hydraulic-cylinders-for-crawler-crane-480x480.webp 480w\" sizes=\"(min-width: 0px) and (max-width: 480px) 480px, (min-width: 481px) 500px, 100vw\" \/><\/p>\n<section id=\"introduction\">Ever-Power Huachang Hydraulic taraf\u0131ndan uzmanca tasarlanan Paletli Vin\u00e7ler i\u00e7in Kol Devrilme \u00d6nleyici Hidrolik Silindirleri, a\u011f\u0131r kald\u0131rma operasyonlar\u0131 s\u0131ras\u0131nda vin\u00e7 stabilitesini ve g\u00fcvenli\u011fini art\u0131rmak \u00fczere tasarlanm\u0131\u015ft\u0131r ve modellerle uyumludur. Paletli vin\u00e7 kolu i\u00e7in bu hidrolik silindir, vin\u00e7 kolunun istenmeyen \u015fekilde devrilmesini \u00f6nleyen geli\u015fmi\u015f bir devrilme \u00f6nleyici silindir mekanizmas\u0131n\u0131 entegre ederek, engebeli araziler veya \u015fiddetli r\u00fczgarlar gibi zorlu ko\u015fullarda bile hassas y\u00fck kontrol\u00fc sa\u011flar. Y\u00fcksek mukavemetli ala\u015f\u0131ml\u0131 \u00e7elik ve korozyona dayan\u0131kl\u0131 kaplama ile \u00fcretilen bu a\u011f\u0131r hizmet tipi hidrolik silindir, tozlu \u015fantiyeler, nemli k\u0131y\u0131 b\u00f6lgeleri veya engebeli maden sahalar\u0131 gibi zorlu ortamlara dayan\u0131r ve zorlu uygulamalar i\u00e7in g\u00fcvenilir performans sunar. \u00d6zelle\u015ftirilebilir delik boyutlar\u0131 (180 mm ila 300 mm) ve strok uzunluklar\u0131 (1000 mm ila 4000 mm) ile Paletli Vin\u00e7ler i\u00e7in Kol Devrilme \u00d6nleyici Hidrolik Silindirleri, \u00e7e\u015fitli operasyonel ihtiya\u00e7lar\u0131 kar\u015f\u0131lamak i\u00e7in \u00f6zel \u00e7\u00f6z\u00fcmler sunarak in\u015faat, madencilik ve end\u00fcstriyel projelerde y\u00fck kontrol\u00fc i\u00e7in vazge\u00e7ilmez bir paletli vin\u00e7 silindiri haline getirir. Son teknoloji \u00fcretim ve titiz test standartlar\u0131m\u0131zla desteklenen bu vin\u00e7 stabilitesi anti-e\u011fim silindiri, minimum kesinti s\u00fcresi ve maksimum verimlilik sa\u011flar.<\/section>\n<section id=\"specifications\">\n<h2><strong>Teknik \u00d6zellikler:<\/strong><\/h2>\n<p><strong>\u0130\u015flev:<\/strong> Kol \u00e7er\u00e7evesinin hareketini kontrol edin<br \/>\n<strong>Silindir \u00e7ap\u0131:<\/strong> 100mm-320mm<br \/>\n<strong>\u00c7ubuk \u00e7ap\u0131:<\/strong> 85mm-220mm<br \/>\n<strong>Seyahat:<\/strong> 1200mm-3550mm<br \/>\n<strong>Maksimum bas\u0131n\u00e7:<\/strong> 31,5 MPa<br \/>\n<strong>Maksimum itme:<\/strong> 2533KN<\/p>\n<\/section>\n<section id=\"features\">\n<h2><strong>Paletli Vin\u00e7ler i\u00e7in Anti Tilt Hidrolik Silindirlerinin Temel \u00d6zellikleri:<\/strong><\/h2>\n<ul>\n<li><strong>Geli\u015fmi\u015f Anti Tilt Mekanizmas\u0131:<\/strong>\u00a0Paletli Vin\u00e7ler i\u00e7in Kol Anti-E\u011fim Hidrolik Silindirleri, vin\u00e7 kolunun stabilitesini sa\u011flayan bir anti-e\u011fim silindirine sahiptir ve bu da onu a\u011f\u0131r kald\u0131rma s\u0131ras\u0131nda y\u00fck kontrol\u00fc i\u00e7in g\u00fcvenilir bir paletli vin\u00e7 silindiri yapar.<\/li>\n<li><strong>Sa\u011flam Dayan\u0131kl\u0131l\u0131k:<\/strong>\u00a0Y\u00fcksek mukavemetli ala\u015f\u0131ml\u0131 \u00e7elik ve korozyona dayan\u0131kl\u0131 kaplama ile \u00fcretilen bu a\u011f\u0131r hizmet tipi hidrolik silindir, zorlu ko\u015fullara dayan\u0131kl\u0131d\u0131r ve zorlu ortamlarda uzun s\u00fcreli performans sa\u011flar.<\/li>\n<li><strong>Hassas Y\u00fck Kontrol\u00fc:<\/strong>\u00a0Paletli vin\u00e7 kolu i\u00e7in hidrolik silindir, vin\u00e7 stabilitesi i\u00e7in devrilme \u00f6nleyici silindir ile zorlu end\u00fcstriyel g\u00f6revlerde g\u00fcvenli\u011fi ve verimlili\u011fi art\u0131rarak hassas hareket kontrol\u00fc sa\u011flar.<\/li>\n<li><strong>D\u00fc\u015f\u00fck Bak\u0131m Gerektiren Tasar\u0131m:<\/strong>\u00a0Geli\u015fmi\u015f s\u0131zd\u0131rmazl\u0131k teknolojisiyle donat\u0131lan bu a\u011f\u0131r hizmet tipi devrilme \u00f6nleyici hidrolik silindir, a\u015f\u0131nmay\u0131 en aza indirerek paletli vin\u00e7 uygulamalar\u0131nda bak\u0131m maliyetlerini azalt\u0131r.<\/li>\n<li><\/li>\n<\/ul>\n<\/section>\n<section id=\"applications\">\n<h2><strong>Paletli Vin\u00e7ler \u0130\u00e7in Anti Devrilme Hidrolik Silindirlerinin Uygulamalar\u0131:<\/strong><\/h2>\n<p><img loading=\"lazy\" decoding=\"async\" class=\"size-full wp-image-20164 aligncenter\" src=\"https:\/\/www.hydraulic-cylinders.net\/wp-content\/uploads\/2025\/05\/arm-anti-tilt-hydrauilc-cylinder-application.webp\" alt=\"\" width=\"1648\" height=\"939\" srcset=\"https:\/\/www.hydraulic-cylinders.net\/wp-content\/uploads\/2025\/05\/arm-anti-tilt-hydrauilc-cylinder-application.webp 1648w, https:\/\/www.hydraulic-cylinders.net\/wp-content\/uploads\/2025\/05\/arm-anti-tilt-hydrauilc-cylinder-application-1280x729.webp 1280w, https:\/\/www.hydraulic-cylinders.net\/wp-content\/uploads\/2025\/05\/arm-anti-tilt-hydrauilc-cylinder-application-980x558.webp 980w, https:\/\/www.hydraulic-cylinders.net\/wp-content\/uploads\/2025\/05\/arm-anti-tilt-hydrauilc-cylinder-application-480x273.webp 480w\" sizes=\"(min-width: 0px) and (max-width: 480px) 480px, (min-width: 481px) and (max-width: 980px) 980px, (min-width: 981px) and (max-width: 1280px) 1280px, (min-width: 1281px) 1648px, 100vw\" \/><\/p>\n<ul>\n<li><strong>\u0130n\u015faat Projeleri:<\/strong>\u00a0Arm Anti Tilt Hidrolik Silindir, y\u00fck kontrol\u00fc i\u00e7in paletli vin\u00e7 silindiri taraf\u0131ndan desteklenen, in\u015faatta \u00e7elik kiri\u015fler ve beton d\u00f6\u015femeler gibi a\u011f\u0131r malzemelerin dengeli bir \u015fekilde kald\u0131r\u0131lmas\u0131n\u0131 sa\u011flar.<\/li>\n<li><strong>Madencilik Faaliyetleri:<\/strong>\u00a0Madencilik i\u00e7in tasarlanan paletli vin\u00e7 kolu i\u00e7in bu hidrolik silindir, cevher gibi a\u011f\u0131r y\u00fckleri ta\u015f\u0131rken dengeyi korur ve vincin dengelenmesi i\u00e7in devrilme \u00f6nleyici silindirle g\u00fc\u00e7lendirilmi\u015ftir.<\/li>\n<li><strong>End\u00fcstriyel A\u011f\u0131r Kald\u0131rma:<\/strong>\u00a0End\u00fcstriyel ortamlar i\u00e7in ideal olan a\u011f\u0131r hizmet tipi devrilme \u00f6nleyici hidrolik silindir, paletli vin\u00e7 operasyonlar\u0131 gerektiren fabrikalarda ve b\u00fcy\u00fck \u00f6l\u00e7ekli projelerde hassas y\u00fck elle\u00e7leme sa\u011flar.<\/li>\n<\/ul>\n<\/section>\n<h2 dir=\"auto\"><strong>Kol Anti Tilt Hidrolik Silindiri Paletli Vin\u00e7 G\u00fcvenli\u011fini Nas\u0131l Art\u0131r\u0131r?<\/strong><\/h2>\n<section id=\"applications\">\n<p dir=\"auto\">Kol Devrilme \u00d6nleyici Hidrolik Silindir, zorlu ortamlarda a\u011f\u0131r kald\u0131rma ile ili\u015fkili do\u011fal riskleri ele almak \u00fczere tasarlanm\u0131\u015f \u00f6zel tasar\u0131m\u0131 ve geli\u015fmi\u015f m\u00fchendisli\u011fi sayesinde paletli vin\u00e7 g\u00fcvenli\u011fini \u00f6nemli \u00f6l\u00e7\u00fcde art\u0131r\u0131r. Paletli vin\u00e7 kolu i\u00e7in bu hidrolik silindir, \u00f6z\u00fcnde, engebeli arazilerde, \u015fiddetli r\u00fczgarlarda veya merkezden uzak y\u00fcklerin ta\u015f\u0131nmas\u0131 s\u0131ras\u0131nda yayg\u0131n bir tehlike olan vin\u00e7 kolunun istenmeyen devrilmesini aktif olarak \u00f6nleyen yenilik\u00e7i bir devrilme \u00f6nleyici silindir mekanizmas\u0131 i\u00e7erir. Kolun stabilitesini koruyarak, Paletli Vin\u00e7 i\u00e7in Kol Devrilme \u00d6nleyici Hidrolik Silindirleri hassas y\u00fck kontrol\u00fc sa\u011flayarak, ani y\u00fck kaymalar\u0131 veya vin\u00e7 devrilme riskini en aza indirir; bu kritik fakt\u00f6rler, aksi takdirde in\u015faat sahalar\u0131 ve maden sahalar\u0131 gibi y\u00fcksek riskli ortamlarda kazalara, ekipman hasar\u0131na veya operasyonel duru\u015flara yol a\u00e7abilir.<\/p>\n<p dir=\"auto\">A\u011f\u0131r hizmet tipi hidrolik silindir, y\u00fcksek mukavemetli ala\u015f\u0131ml\u0131 \u00e7elik ve korozyona dayan\u0131kl\u0131 kaplama ile \u00fcretilmi\u015ftir. Bu sayede, yap\u0131sal b\u00fct\u00fcnl\u00fc\u011f\u00fcn\u00fc korurken zorlu ko\u015fullara dayanabilir ve zaman i\u00e7inde tutarl\u0131 performans sa\u011flayarak g\u00fcvenli\u011fi daha da art\u0131r\u0131r. 350 bar maksimum \u00e7al\u0131\u015fma bas\u0131nc\u0131, \u00f6zelle\u015ftirilebilir delik \u00e7aplar\u0131 (180 mm ila 300 mm) ve strok uzunluklar\u0131 (1000 mm ila 4000 mm) ile y\u00fck kontrol\u00fc sa\u011flayan bu paletli vin\u00e7 silindiri, de\u011fi\u015fen operasyonel taleplere uyum sa\u011flayarak maksimum y\u00fck kapasitelerinde bile g\u00fcvenilir denge sa\u011flar. Ayr\u0131ca, vin\u00e7 stabilitesi i\u00e7in kullan\u0131lan devrilme \u00f6nleyici silindir, hidrolik s\u0131v\u0131 s\u0131z\u0131nt\u0131lar\u0131n\u0131 \u00f6nleyen geli\u015fmi\u015f s\u0131zd\u0131rmazl\u0131k teknolojisine sahiptir ve g\u00fcvenli\u011fi tehlikeye atabilecek beklenmedik ar\u0131zalar olmadan sorunsuz ve \u00f6ng\u00f6r\u00fclebilir bir \u00e7al\u0131\u015fma sa\u011flar.<\/p>\n<p dir=\"auto\">Tasar\u0131m, kritik bile\u015fenlerdeki a\u015f\u0131nmay\u0131 azaltarak, g\u00fcvenli bir \u00e7al\u0131\u015fma ortam\u0131 sa\u011flamak i\u00e7in olmazsa olmaz olan \u00e7al\u0131\u015fma s\u0131ras\u0131nda mekanik sorun olas\u0131l\u0131\u011f\u0131n\u0131 d\u00fc\u015f\u00fcr\u00fcr. Liebherr LR 1300, Manitowoc 14000 ve Kobelco CKE2500 gibi \u00f6nde gelen paletli vin\u00e7 modelleriyle uyumlu olan bu a\u011f\u0131r hizmet tipi devrilme \u00f6nleyici hidrolik silindir, Ever-Power Huachang Hydraulic'in performans laboratuvar\u0131nda y\u00fck verimlili\u011fi ve i\u00e7 s\u0131z\u0131nt\u0131 a\u00e7\u0131s\u0131ndan titizlikle test edilmi\u015f ve ulusal g\u00fcvenlik standartlar\u0131na uygunlu\u011fu garanti alt\u0131na al\u0131nm\u0131\u015ft\u0131r. Devrilmeyle ilgili riskleri azaltarak ve operasyonel g\u00fcvenilirli\u011fi garanti alt\u0131na alarak, Arm Devrilme \u00d6nleyici Hidrolik Silindir, paletli vin\u00e7 operat\u00f6rlerine \u00e7e\u015fitli end\u00fcstriyel uygulamalarda a\u011f\u0131r y\u00fckleri g\u00fcvenli ve verimli bir \u015fekilde ta\u015f\u0131ma konusunda g\u00fcven verir.<\/p>\n<\/section>\n<section id=\"explore-more\">\n<h2><strong>Daha Fazla Paletli Vin\u00e7 Silindirini Ke\u015ffedin:<\/strong><\/h2>\n<p>\u00c7e\u015fitli kald\u0131rma ihtiya\u00e7lar\u0131n\u0131z\u0131 kar\u015f\u0131lamak i\u00e7in \u00e7e\u015fitli paletli vin\u00e7 silindirleri de sunuyoruz. \u0130ster paletli vin\u00e7 kolu i\u00e7in bir hidrolik silindire, ister denge i\u00e7in a\u011f\u0131r hizmet tipi bir \u00e7\u00f6z\u00fcme ihtiyac\u0131n\u0131z olsun, Ever-Power Huachang Hidrolik \u00e7\u00f6z\u00fcm sunar. T\u00fcm \u00fcr\u00fcn yelpazemize g\u00f6z at\u0131n. <a href=\"https:\/\/www.hydraulic-cylinders.net\/tr\/mobile-crane-hydraulic-cylinders\/\">paletli vin\u00e7 silindirleri<\/a>.<\/p>\n<\/section>\n<section id=\"company-introduction\">\n<h2><strong>Ever-Power Huachang Hidrolik Hakk\u0131nda:<\/strong><\/h2>\n<h2><img loading=\"lazy\" decoding=\"async\" class=\"alignnone size-full wp-image-16972\" src=\"https:\/\/www.hydraulic-cylinders.net\/wp-content\/uploads\/2025\/01\/hydraulic-cylinder-factory-1-scaled.webp\" alt=\"\" width=\"2016\" height=\"2560\" srcset=\"https:\/\/www.hydraulic-cylinders.net\/wp-content\/uploads\/2025\/01\/hydraulic-cylinder-factory-1-scaled.webp 2016w, https:\/\/www.hydraulic-cylinders.net\/wp-content\/uploads\/2025\/01\/hydraulic-cylinder-factory-1-1280x1625.webp 1280w, https:\/\/www.hydraulic-cylinders.net\/wp-content\/uploads\/2025\/01\/hydraulic-cylinder-factory-1-980x1244.webp 980w, https:\/\/www.hydraulic-cylinders.net\/wp-content\/uploads\/2025\/01\/hydraulic-cylinder-factory-1-480x610.webp 480w\" sizes=\"(min-width: 0px) and (max-width: 480px) 480px, (min-width: 481px) and (max-width: 980px) 980px, (min-width: 981px) and (max-width: 1280px) 1280px, (min-width: 1281px) 2016px, 100vw\" \/><\/h2>\n<p>Montaja adanm\u0131\u015f, son teknoloji \u00fcr\u00fcn\u00fc ba\u011f\u0131ms\u0131z bir Ar-Ge platformuna sahip olmam\u0131z, \u00fcretim s\u00fcre\u00e7lerimizde en \u00fcst d\u00fczey inovasyon ve kaliteyi garanti alt\u0131na almaktad\u0131r. Forklift silindiri \u00fcretim at\u00f6lyemizde, toplamda y\u0131lda bir milyon adede kadar \u00fcnite \u00fcretecek \u015fekilde tasarlanm\u0131\u015f d\u00f6rt adet yar\u0131 otomatik kald\u0131rma silindiri montaj hatt\u0131 ve tam otomatik bir devirme silindiri montaj hatt\u0131 bulunmaktad\u0131r.<\/p>\n<p>Ayr\u0131ca, \u00f6zel silindir at\u00f6lyemiz, y\u0131ll\u0131k 200.000 adet \u00fcretim kapasitesine sahip, \u00e7e\u015fitli \u00f6zelliklere g\u00f6re uyarlanm\u0131\u015f yar\u0131 otomatik temizleme ve montaj sistemleriyle donat\u0131lm\u0131\u015ft\u0131r. Y\u00fcksek hassasiyetli hidrolik silindir i\u015fleme i\u00e7in tan\u0131nm\u0131\u015f CNC ekipmanlar\u0131, i\u015fleme merkezleri ve \u00f6zel aletler kullan\u0131yoruz. Tesisimizde ayr\u0131ca geli\u015fmi\u015f robotik kaynak makineleri, otomatik temizleme sistemleri ve tam otomatik silindir montaj ve boyama hatlar\u0131 bulunmaktad\u0131r. 300'den fazla \u00f6nemli ekipman\u0131m\u0131zla, kaynak tahsisini optimize ediyor ve verimli kullan\u0131m sa\u011flayarak, s\u0131k\u0131 hassasiyet ve kalite standartlar\u0131n\u0131 kar\u015f\u0131l\u0131yoruz.<\/p>\n<h2><img loading=\"lazy\" decoding=\"async\" class=\"alignnone size-full wp-image-16973\" src=\"https:\/\/www.hydraulic-cylinders.net\/wp-content\/uploads\/2025\/01\/hydraulic-cylinder-factory-2-scaled.webp\" alt=\"\" width=\"2011\" height=\"2560\" srcset=\"https:\/\/www.hydraulic-cylinders.net\/wp-content\/uploads\/2025\/01\/hydraulic-cylinder-factory-2-scaled.webp 2011w, https:\/\/www.hydraulic-cylinders.net\/wp-content\/uploads\/2025\/01\/hydraulic-cylinder-factory-2-1280x1629.webp 1280w, https:\/\/www.hydraulic-cylinders.net\/wp-content\/uploads\/2025\/01\/hydraulic-cylinder-factory-2-980x1248.webp 980w, https:\/\/www.hydraulic-cylinders.net\/wp-content\/uploads\/2025\/01\/hydraulic-cylinder-factory-2-480x611.webp 480w\" sizes=\"(min-width: 0px) and (max-width: 480px) 480px, (min-width: 481px) and (max-width: 980px) 980px, (min-width: 981px) and (max-width: 1280px) 1280px, (min-width: 1281px) 2011px, 100vw\" \/><\/h2>\n<p>K\u00fc\u00e7\u00fck ve orta boy silindirler i\u00e7in \u00f6zel olarak tasarlanm\u0131\u015f, otomatik y\u00fckleme, bo\u015faltma ve p\u00fcsk\u00fcrtme robotlar\u0131na sahip, tam otomatik su bazl\u0131 boya kaplama hatt\u0131m\u0131z bulunmaktad\u0131r. Bu son teknoloji sistem, vardiya ba\u015f\u0131na 4.000 adet \u00fcretim kapasitesine sahiptir. Ayr\u0131ca, b\u00fcy\u00fck \u00f6l\u00e7ekli silindirler i\u00e7in zincir tahrikli, vardiya ba\u015f\u0131na 60 kasa tasar\u0131m kapasitesine sahip yar\u0131 otomatik bir boyama hatt\u0131m\u0131z da bulunmaktad\u0131r.<\/p>\n<p>\u00dcr\u00fcn performans\u0131n\u0131 art\u0131rmak ve hidrolik silindir sekt\u00f6r\u00fcndeki liderli\u011fimizi peki\u015ftirmek i\u00e7in, hidrolik silindirler, valfler ve pompalara \u00f6zel kapsaml\u0131 bir performans laboratuvar\u0131 kurmak \u00fczere ZJIMEE ile ortakl\u0131k kurduk. Bu geli\u015fmi\u015f laboratuvar, elektro-hidrolik teknolojili bilgisayar destekli testler kullanarak, do\u011frulu\u011fu ve sistem \u00e7ok y\u00f6nl\u00fcl\u00fc\u011f\u00fcn\u00fc art\u0131ran \u00f6nceden ayarlanm\u0131\u015f test ko\u015fullar\u0131 sunar. Otomatik veri toplama s\u00fcreci, i\u00e7 s\u0131z\u0131nt\u0131 ve y\u00fck verimlili\u011fi gibi \u00e7\u0131kt\u0131 verilerini toplamak i\u00e7in sens\u00f6rler kullan\u0131r ve bu veriler daha sonra bir bilgisayar taraf\u0131ndan i\u015flenerek standart birimlere (ml\/dak%) d\u00f6n\u00fc\u015ft\u00fcr\u00fcl\u00fcr.<\/p>\n<p>Paletli Vin\u00e7ler i\u00e7in Anti Devrilme Hidrolik Silindirleri, \u00f6zellikle Liebherr, Manitowoc ve Kobelco modelleri i\u00e7in paletli vin\u00e7 kolu stabilitesini sa\u011flayan a\u011f\u0131r hizmet tipi bir hidrolik silindir olarak tasarlanm\u0131\u015f olup, kalite ve performansa olan ba\u011fl\u0131l\u0131\u011f\u0131m\u0131z\u0131 ortaya koymaktad\u0131r. D\u00fcnya \u00e7ap\u0131ndaki b\u00fcy\u00fck ekipman \u00fcreticileri taraf\u0131ndan g\u00fcvenilen \u00fcr\u00fcnlerimiz, g\u00fcvenilirlik konusunda g\u00fc\u00e7l\u00fc bir \u00fcne kavu\u015fmu\u015ftur ve Ever-Power Huachang Hydraulic, hidrolik silindir \u00fcretiminde lider olarak kabul edilmektedir.<\/p>\n<\/section>\n<p>&nbsp;<\/p>","protected":false},"excerpt":{"rendered":"<p>Arm Anti Tilt Hydraulic Cylinders for Crawler Crane The Arm Anti Tilt Hydraulic Cylinders for Crawler Crane, expertly engineered by Ever-Power Huachang Hydraulic, are designed to enhance crane stability and safety during heavy lifting operations, compatible with models. This hydraulic cylinder for crawler crane arm integrates an advanced anti tilt cylinder mechanism that prevents unwanted [&hellip;]<\/p>","protected":false},"featured_media":20156,"comment_status":"open","ping_status":"closed","template":"","meta":{"_et_pb_use_builder":"","_et_pb_old_content":"","_et_gb_content_width":""},"product_brand":[],"product_cat":[1514],"product_tag":[],"class_list":{"0":"post-20145","1":"product","2":"type-product","3":"status-publish","4":"has-post-thumbnail","6":"product_cat-mobile-crane-hydraulic-cylinders","8":"first","9":"instock","10":"shipping-taxable","11":"product-type-simple"},"amp_enabled":true,"_links":{"self":[{"href":"https:\/\/www.hydraulic-cylinders.net\/tr\/wp-json\/wp\/v2\/product\/20145","targetHints":{"allow":["GET"]}}],"collection":[{"href":"https:\/\/www.hydraulic-cylinders.net\/tr\/wp-json\/wp\/v2\/product"}],"about":[{"href":"https:\/\/www.hydraulic-cylinders.net\/tr\/wp-json\/wp\/v2\/types\/product"}],"replies":[{"embeddable":true,"href":"https:\/\/www.hydraulic-cylinders.net\/tr\/wp-json\/wp\/v2\/comments?post=20145"}],"wp:featuredmedia":[{"embeddable":true,"href":"https:\/\/www.hydraulic-cylinders.net\/tr\/wp-json\/wp\/v2\/media\/20156"}],"wp:attachment":[{"href":"https:\/\/www.hydraulic-cylinders.net\/tr\/wp-json\/wp\/v2\/media?parent=20145"}],"wp:term":[{"taxonomy":"product_brand","embeddable":true,"href":"https:\/\/www.hydraulic-cylinders.net\/tr\/wp-json\/wp\/v2\/product_brand?post=20145"},{"taxonomy":"product_cat","embeddable":true,"href":"https:\/\/www.hydraulic-cylinders.net\/tr\/wp-json\/wp\/v2\/product_cat?post=20145"},{"taxonomy":"product_tag","embeddable":true,"href":"https:\/\/www.hydraulic-cylinders.net\/tr\/wp-json\/wp\/v2\/product_tag?post=20145"}],"curies":[{"name":"wp","href":"https:\/\/api.w.org\/{rel}","templated":true}]}}