{"id":20148,"date":"2025-05-11T15:14:28","date_gmt":"2025-05-11T15:14:28","guid":{"rendered":"https:\/\/www.hydraulic-cylinders.net\/?post_type=product&#038;p=20148"},"modified":"2025-05-11T15:20:33","modified_gmt":"2025-05-11T15:20:33","slug":"lift-hydraulic-cylinders-for-crawler-crane","status":"publish","type":"product","link":"https:\/\/www.hydraulic-cylinders.net\/tr\/urun\/lift-hydraulic-cylinders-for-crawler-crane\/","title":{"rendered":"Paletli Vin\u00e7ler i\u00e7in Kald\u0131rma Hidrolik Silindirleri"},"content":{"rendered":"<h1 style=\"text-align: center;\"><strong>Paletli Vin\u00e7ler i\u00e7in Kald\u0131rma Hidrolik Silindirleri<\/strong><\/h1>\n<p><img loading=\"lazy\" decoding=\"async\" class=\"wp-image-20151 aligncenter\" src=\"https:\/\/www.hydraulic-cylinders.net\/wp-content\/uploads\/2025\/05\/lift-hydraulic-cylinders-for-crawler-crane.webp\" alt=\"\" width=\"500\" height=\"500\" srcset=\"https:\/\/www.hydraulic-cylinders.net\/wp-content\/uploads\/2025\/05\/lift-hydraulic-cylinders-for-crawler-crane.webp 500w, https:\/\/www.hydraulic-cylinders.net\/wp-content\/uploads\/2025\/05\/lift-hydraulic-cylinders-for-crawler-crane-480x480.webp 480w\" sizes=\"(min-width: 0px) and (max-width: 480px) 480px, (min-width: 481px) 500px, 100vw\" \/><\/p>\n<section id=\"introduction\">Ever-Power Huachang Hydraulic taraf\u0131ndan \u00f6zenle tasarlanan Paletli Vin\u00e7ler i\u00e7in Kald\u0131rma Hidrolik Silindirleri, Liebherr LR 1300, Manitowoc 14000 ve Kobelco CKE2500 gibi modellerle uyumlu, paletli vin\u00e7 operasyonlar\u0131 i\u00e7in ola\u011fan\u00fcst\u00fc kald\u0131rma g\u00fcc\u00fc ve hassasiyet sa\u011flamak \u00fczere tasarlanm\u0131\u015ft\u0131r. Paletli vin\u00e7 bomu i\u00e7in bu hidrolik silindir, a\u011f\u0131r y\u00fcklerin sorunsuz ve kontroll\u00fc bir \u015fekilde kald\u0131r\u0131lmas\u0131n\u0131 sa\u011flayarak, \u015fantiyeler, madencilik operasyonlar\u0131 ve end\u00fcstriyel projeler gibi zorlu ortamlarda a\u011f\u0131r kald\u0131rma i\u00e7in ideal bir paletli vin\u00e7 kald\u0131rma silindiri haline gelir. Y\u00fcksek mukavemetli ala\u015f\u0131ml\u0131 \u00e7elik ve korozyona dayan\u0131kl\u0131 bir kaplama ile \u00fcretilen bu a\u011f\u0131r hizmet tipi hidrolik silindir, g\u00fcvenilir performans\u0131n\u0131 korurken tozlu araziler veya nemli k\u0131y\u0131 b\u00f6lgeleri gibi zorlu ko\u015fullara dayan\u0131r. 350 bar maksimum \u00e7al\u0131\u015fma bas\u0131nc\u0131, \u00f6zelle\u015ftirilebilir delik boyutlar\u0131 (180 mm ila 300 mm) ve strok uzunluklar\u0131 (1000 mm ila 4000 mm) ile hassas kald\u0131rma sa\u011flayan paletli vin\u00e7 silindiri, \u00e7e\u015fitli operasyonel talepleri kar\u015f\u0131layarak g\u00fcvenlik ve verimlilik sa\u011flar. Geli\u015fmi\u015f \u00fcretim ve titiz test standartlar\u0131m\u0131zla desteklenen bu asans\u00f6r hidrolik silindiri, dayan\u0131kl\u0131l\u0131k ve minimum kesinti s\u00fcresini garanti eder.<\/section>\n<section id=\"specifications\">\n<h2><strong>Teknik \u00d6zellikler:<\/strong><\/h2>\n<p><strong>\u0130\u015flev:<\/strong> Ana kolun hareketini kontrol edin<br \/>\n<strong>Silindir \u00e7ap\u0131:<\/strong> 280mm -400mm<br \/>\n<strong>\u00c7ubuk \u00e7ap\u0131:<\/strong> 160 mm<br \/>\n<strong>Seyahat:<\/strong> 1800mm-3000mm<br \/>\n<strong>Maksimum bas\u0131n\u00e7:<\/strong> 31,5 MPa<br \/>\n<strong>Maksimum itme:<\/strong> 3958KN<\/p>\n<\/section>\n<section id=\"features\">\n<h2><strong>Paletli Vin\u00e7ler i\u00e7in Kald\u0131rma Hidrolik Silindirlerinin Temel \u00d6zellikleri:<\/strong><\/h2>\n<ul>\n<li><strong>G\u00fc\u00e7l\u00fc Kald\u0131rma Kapasitesi:<\/strong>\u00a0Paletli Vin\u00e7ler i\u00e7in Kald\u0131rma Hidrolik Silindirleri, a\u011f\u0131r y\u00fckleri destekleyen sa\u011flam bir kald\u0131rma hidrolik silindir tasar\u0131m\u0131na sahiptir ve bu da onu zorlu operasyonlarda a\u011f\u0131r kald\u0131rma i\u00e7in g\u00fcvenilir bir paletli vin\u00e7 kald\u0131rma silindiri yapar.<\/li>\n<li><strong>Dayan\u0131kl\u0131 Yap\u0131:<\/strong>\u00a0Y\u00fcksek mukavemetli ala\u015f\u0131ml\u0131 \u00e7elik ve korozyona dayan\u0131kl\u0131 kaplama ile \u00fcretilen bu a\u011f\u0131r hizmet tipi hidrolik silindir, paletli vin\u00e7 uygulamalar\u0131 i\u00e7in zorlu ortamlarda uzun s\u00fcreli performans sa\u011flar.<\/li>\n<li><strong>Hassas Y\u00fck Kontrol\u00fc:<\/strong>\u00a0Paletli vin\u00e7 bomu i\u00e7in hidrolik silindir, end\u00fcstriyel g\u00f6revlerde hassas kald\u0131rma i\u00e7in paletli vin\u00e7 silindiri olarak hassas kald\u0131rma kontrol\u00fc sa\u011flayarak g\u00fcvenli\u011fi ve verimlili\u011fi art\u0131r\u0131r.<\/li>\n<li><strong>D\u00fc\u015f\u00fck Bak\u0131m Gerektiren Tasar\u0131m:<\/strong>\u00a0Geli\u015fmi\u015f s\u0131zd\u0131rmazl\u0131k teknolojisiyle donat\u0131lan bu a\u011f\u0131r hizmet tipi kald\u0131rma hidrolik silindiri, a\u015f\u0131nmay\u0131 en aza indirerek paletli vin\u00e7 operasyonlar\u0131nda bak\u0131m maliyetlerini ve duru\u015f s\u00fcrelerini azalt\u0131r.<\/li>\n<\/ul>\n<\/section>\n<section id=\"applications\">\n<h2><strong>Paletli Vin\u00e7lerde Kald\u0131rma Hidrolik Silindirlerinin Uygulamalar\u0131:<img loading=\"lazy\" decoding=\"async\" class=\"size-full wp-image-20169 aligncenter\" src=\"https:\/\/www.hydraulic-cylinders.net\/wp-content\/uploads\/2025\/05\/support-hydraulic-cylinder-for-crawler-crane-application.webp\" alt=\"\" width=\"1631\" height=\"931\" srcset=\"https:\/\/www.hydraulic-cylinders.net\/wp-content\/uploads\/2025\/05\/support-hydraulic-cylinder-for-crawler-crane-application.webp 1631w, https:\/\/www.hydraulic-cylinders.net\/wp-content\/uploads\/2025\/05\/support-hydraulic-cylinder-for-crawler-crane-application-1280x731.webp 1280w, https:\/\/www.hydraulic-cylinders.net\/wp-content\/uploads\/2025\/05\/support-hydraulic-cylinder-for-crawler-crane-application-980x559.webp 980w, https:\/\/www.hydraulic-cylinders.net\/wp-content\/uploads\/2025\/05\/support-hydraulic-cylinder-for-crawler-crane-application-480x274.webp 480w\" sizes=\"(min-width: 0px) and (max-width: 480px) 480px, (min-width: 481px) and (max-width: 980px) 980px, (min-width: 981px) and (max-width: 1280px) 1280px, (min-width: 1281px) 1631px, 100vw\" \/><\/strong><\/h2>\n<ul>\n<li><strong>\u0130n\u015faat Projeleri:<\/strong>\u00a0Kald\u0131rma Hidrolik Silindiri, in\u015faatta \u00e7elik kiri\u015fler ve beton levhalar gibi a\u011f\u0131r malzemelerin hassas bir \u015fekilde kald\u0131r\u0131lmas\u0131n\u0131 sa\u011flar ve a\u011f\u0131r kald\u0131rma i\u00e7in paletli vin\u00e7 kald\u0131rma silindiri ile desteklenir.<\/li>\n<li><strong>Madencilik Faaliyetleri:<\/strong>\u00a0Madencilik i\u00e7in tasarlanan paletli vin\u00e7 bomu i\u00e7in bu hidrolik silindir, cevher gibi a\u011f\u0131r y\u00fckleri kald\u0131r\u0131rken hassasiyeti korur ve hassas kald\u0131rma i\u00e7in paletli vin\u00e7 silindiri ile g\u00fc\u00e7lendirilmi\u015ftir.<\/li>\n<li><strong>End\u00fcstriyel A\u011f\u0131r Kald\u0131rma:<\/strong>\u00a0End\u00fcstriyel ortamlar i\u00e7in ideal olan a\u011f\u0131r hizmet tipi kald\u0131rma hidrolik silindiri, paletli vin\u00e7 operasyonlar\u0131 gerektiren fabrikalarda ve b\u00fcy\u00fck \u00f6l\u00e7ekli projelerde g\u00fcvenilir y\u00fck kald\u0131rma sa\u011flar.<\/li>\n<\/ul>\n<\/section>\n<section id=\"explore-more\">\n<h2><strong>Daha Fazla Paletli Vin\u00e7 Silindirini Ke\u015ffedin:<\/strong><\/h2>\n<p>\u00c7e\u015fitli kald\u0131rma ihtiya\u00e7lar\u0131n\u0131z\u0131 kar\u015f\u0131lamak i\u00e7in \u00e7e\u015fitli paletli vin\u00e7 silindirleri de sunuyoruz. \u0130ster paletli vin\u00e7 bomu i\u00e7in bir hidrolik silindire, ister hassas kald\u0131rma i\u00e7in a\u011f\u0131r hizmet tipi bir \u00e7\u00f6z\u00fcme ihtiyac\u0131n\u0131z olsun, Ever-Power Huachang Hidrolik \u00e7\u00f6z\u00fcm sunar. T\u00fcm \u00fcr\u00fcn yelpazemize g\u00f6z at\u0131n. <a href=\"https:\/\/www.hydraulic-cylinders.net\/tr\/mobile-crane-hydraulic-cylinders\/\">paletli vin\u00e7 silindirleri<\/a>.<\/p>\n<h2 dir=\"auto\"><strong>Paletli Vin\u00e7lerde Kald\u0131rma Hidrolik Silindirleri Kald\u0131rma Verimlili\u011fini Nas\u0131l Art\u0131r\u0131r?<\/strong><\/h2>\n<p dir=\"auto\">Paletli Vin\u00e7ler i\u00e7in Kald\u0131rma Hidrolik Silindirleri, geli\u015fmi\u015f tasar\u0131m \u00f6zellikleri ve y\u00fcksek performansl\u0131 kald\u0131rma operasyonlar\u0131 i\u00e7in \u00f6zel olarak tasarlanm\u0131\u015f sa\u011flam m\u00fchendisli\u011fin birle\u015fimiyle kald\u0131rma verimlili\u011fini art\u0131r\u0131r. Bu kald\u0131rma hidrolik silindirleri, hassas ve g\u00fc\u00e7l\u00fc bir kald\u0131rma sa\u011flamak \u00fczere tasarlanm\u0131\u015ft\u0131r ve paletli vin\u00e7 bomu i\u00e7in hidrolik silindirin, \u00e7elik kiri\u015fler, beton levhalar veya maden cevheri gibi a\u011f\u0131r y\u00fckleri minimum enerji kayb\u0131yla kald\u0131rmas\u0131n\u0131 sa\u011flar; bu da in\u015faat, madencilik ve end\u00fcstriyel ortamlarda verimlili\u011fi art\u0131rmak i\u00e7in kritik \u00f6neme sahiptir.<\/p>\n<p dir=\"auto\">A\u011f\u0131r kald\u0131rma i\u00e7in paletli vin\u00e7 kald\u0131rma silindiri, korozyona dayan\u0131kl\u0131 kaplamal\u0131 y\u00fcksek mukavemetli ala\u015f\u0131ml\u0131 \u00e7elik konstr\u00fcksiyona sahiptir ve tozlu araziler veya nemli k\u0131y\u0131 b\u00f6lgeleri gibi zorlu ortamlarda bile dayan\u0131kl\u0131l\u0131k ve tutarl\u0131 performans sa\u011flayarak bak\u0131m veya a\u015f\u0131nmadan kaynaklanan ar\u0131za s\u00fcrelerini azalt\u0131r. Maksimum 350 bar \u00e7al\u0131\u015fma bas\u0131nc\u0131 ve delik \u00e7aplar\u0131 (180 mm ila 300 mm) ve strok uzunluklar\u0131 (1000 mm ila 4000 mm) gibi \u00f6zelle\u015ftirilebilir se\u00e7eneklerle bu a\u011f\u0131r hizmet tipi hidrolik silindir, \u00f6zel kald\u0131rma gereksinimlerine uyum sa\u011flayarak kuvvet uygulamas\u0131n\u0131 optimize eder ve hassas kald\u0131rma i\u00e7in paletli vin\u00e7 silindirinin \u00e7evrim s\u00fcrelerini azalt\u0131r. Geli\u015fmi\u015f s\u0131zd\u0131rmazl\u0131k teknolojisinin entegrasyonu, i\u00e7 s\u0131z\u0131nt\u0131y\u0131 ve s\u00fcrt\u00fcnmeyi en aza indirerek, hidrolik s\u0131v\u0131 b\u00fct\u00fcnl\u00fc\u011f\u00fcn\u00fc koruyarak ve farkl\u0131 ko\u015fullarda sorunsuz \u00e7al\u0131\u015farak verimlili\u011fi daha da art\u0131r\u0131r.<\/p>\n<p dir=\"auto\">Liebherr LR 1300, Manitowoc 14000 ve Kobelco CKE2500 gibi modellerle uyumlu olan bu silindirler, Ever-Power Huachang Hydraulic'in performans laboratuvar\u0131nda y\u00fck verimlili\u011fi ve i\u00e7 s\u0131z\u0131nt\u0131 a\u00e7\u0131s\u0131ndan titizlikle test edilmi\u015f ve en y\u00fcksek \u00e7al\u0131\u015fma performans\u0131n\u0131 garanti alt\u0131na alm\u0131\u015ft\u0131r. Ayr\u0131ca, a\u011f\u0131r hizmet tipi kald\u0131rma hidrolik silindirinin hassas kontrol\u00fc, a\u015f\u0131r\u0131 uzamay\u0131 veya y\u00fck sal\u0131n\u0131m\u0131n\u0131 azaltarak operat\u00f6rlerin kald\u0131rma i\u015flemlerini daha h\u0131zl\u0131 ve g\u00fcvenli bir \u015fekilde tamamlamas\u0131n\u0131 sa\u011flarken, dayan\u0131kl\u0131 malzemeler ve contalarla desteklenen d\u00fc\u015f\u00fck bak\u0131m gerektiren tasar\u0131m\u0131, uzun hizmet \u00f6mr\u00fc ve kesintisiz i\u015f ak\u0131\u015f\u0131 sa\u011flar. Bu g\u00fc\u00e7, hassasiyet ve g\u00fcvenilirlik sinerjisi, Paletli Vin\u00e7ler i\u00e7in Kald\u0131rma Hidrolik Silindirlerini zorlu uygulamalarda kald\u0131rma verimlili\u011fini en \u00fcst d\u00fczeye \u00e7\u0131karmak i\u00e7in \u00fcst\u00fcn bir se\u00e7im haline getirir.<\/p>\n<\/section>\n<section id=\"company-introduction\">\n<h2><strong>Ever-Power Huachang Hidrolik Hakk\u0131nda:<\/strong><\/h2>\n<h2><img loading=\"lazy\" decoding=\"async\" class=\"alignnone size-full wp-image-16972\" src=\"https:\/\/www.hydraulic-cylinders.net\/wp-content\/uploads\/2025\/01\/hydraulic-cylinder-factory-1-scaled.webp\" alt=\"\" width=\"2016\" height=\"2560\" srcset=\"https:\/\/www.hydraulic-cylinders.net\/wp-content\/uploads\/2025\/01\/hydraulic-cylinder-factory-1-scaled.webp 2016w, https:\/\/www.hydraulic-cylinders.net\/wp-content\/uploads\/2025\/01\/hydraulic-cylinder-factory-1-1280x1625.webp 1280w, https:\/\/www.hydraulic-cylinders.net\/wp-content\/uploads\/2025\/01\/hydraulic-cylinder-factory-1-980x1244.webp 980w, https:\/\/www.hydraulic-cylinders.net\/wp-content\/uploads\/2025\/01\/hydraulic-cylinder-factory-1-480x610.webp 480w\" sizes=\"(min-width: 0px) and (max-width: 480px) 480px, (min-width: 481px) and (max-width: 980px) 980px, (min-width: 981px) and (max-width: 1280px) 1280px, (min-width: 1281px) 2016px, 100vw\" \/><\/h2>\n<p>Montaja adanm\u0131\u015f, son teknoloji \u00fcr\u00fcn\u00fc ba\u011f\u0131ms\u0131z bir Ar-Ge platformuna sahip olmam\u0131z, \u00fcretim s\u00fcre\u00e7lerimizde en \u00fcst d\u00fczey inovasyon ve kaliteyi garanti alt\u0131na almaktad\u0131r. Forklift silindiri \u00fcretim at\u00f6lyemizde, toplamda y\u0131lda bir milyon adede kadar \u00fcnite \u00fcretecek \u015fekilde tasarlanm\u0131\u015f d\u00f6rt adet yar\u0131 otomatik kald\u0131rma silindiri montaj hatt\u0131 ve tam otomatik bir devirme silindiri montaj hatt\u0131 bulunmaktad\u0131r.<\/p>\n<p>Ayr\u0131ca, \u00f6zel silindir at\u00f6lyemiz, y\u0131ll\u0131k 200.000 adet \u00fcretim kapasitesine sahip, \u00e7e\u015fitli \u00f6zelliklere g\u00f6re uyarlanm\u0131\u015f yar\u0131 otomatik temizleme ve montaj sistemleriyle donat\u0131lm\u0131\u015ft\u0131r. Y\u00fcksek hassasiyetli hidrolik silindir i\u015fleme i\u00e7in tan\u0131nm\u0131\u015f CNC ekipmanlar\u0131, i\u015fleme merkezleri ve \u00f6zel aletler kullan\u0131yoruz. Tesisimizde ayr\u0131ca geli\u015fmi\u015f robotik kaynak makineleri, otomatik temizleme sistemleri ve tam otomatik silindir montaj ve boyama hatlar\u0131 bulunmaktad\u0131r. 300'den fazla \u00f6nemli ekipman\u0131m\u0131zla, kaynak tahsisini optimize ediyor ve verimli kullan\u0131m sa\u011flayarak, s\u0131k\u0131 hassasiyet ve kalite standartlar\u0131n\u0131 kar\u015f\u0131l\u0131yoruz.<\/p>\n<p>Tala\u015fl\u0131 imalat at\u00f6lyemizde \u00f6zel e\u011fimli k\u0131lavuz rayl\u0131 torna tezgahlar\u0131, i\u015fleme merkezleri, y\u00fcksek h\u0131zl\u0131 honlama makineleri, kaynak robotlar\u0131 ve di\u011fer temel ekipmanlar bulunmaktad\u0131r. Bu kurulum, maksimum i\u00e7 \u00e7ap\u0131 400 mm ve uzunlu\u011fu 6 metreye kadar olan silindir borular\u0131n\u0131n i\u015flenmesini sa\u011flayarak \u00fcretim kapasitemizi daha da art\u0131rmam\u0131z\u0131 sa\u011flar.<\/p>\n<p>K\u00fc\u00e7\u00fck ve orta boy silindirler i\u00e7in \u00f6zel olarak tasarlanm\u0131\u015f, otomatik y\u00fckleme, bo\u015faltma ve p\u00fcsk\u00fcrtme robotlar\u0131na sahip, tam otomatik su bazl\u0131 boya kaplama hatt\u0131m\u0131z bulunmaktad\u0131r. Bu son teknoloji sistem, vardiya ba\u015f\u0131na 4.000 adet \u00fcretim kapasitesine sahiptir. Ayr\u0131ca, b\u00fcy\u00fck \u00f6l\u00e7ekli silindirler i\u00e7in zincir tahrikli, vardiya ba\u015f\u0131na 60 kasa tasar\u0131m kapasitesine sahip yar\u0131 otomatik bir boyama hatt\u0131m\u0131z da bulunmaktad\u0131r.<\/p>\n<h2><img loading=\"lazy\" decoding=\"async\" class=\"alignnone size-full wp-image-16973\" src=\"https:\/\/www.hydraulic-cylinders.net\/wp-content\/uploads\/2025\/01\/hydraulic-cylinder-factory-2-scaled.webp\" alt=\"\" width=\"2011\" height=\"2560\" srcset=\"https:\/\/www.hydraulic-cylinders.net\/wp-content\/uploads\/2025\/01\/hydraulic-cylinder-factory-2-scaled.webp 2011w, https:\/\/www.hydraulic-cylinders.net\/wp-content\/uploads\/2025\/01\/hydraulic-cylinder-factory-2-1280x1629.webp 1280w, https:\/\/www.hydraulic-cylinders.net\/wp-content\/uploads\/2025\/01\/hydraulic-cylinder-factory-2-980x1248.webp 980w, https:\/\/www.hydraulic-cylinders.net\/wp-content\/uploads\/2025\/01\/hydraulic-cylinder-factory-2-480x611.webp 480w\" sizes=\"(min-width: 0px) and (max-width: 480px) 480px, (min-width: 481px) and (max-width: 980px) 980px, (min-width: 981px) and (max-width: 1280px) 1280px, (min-width: 1281px) 2011px, 100vw\" \/><\/h2>\n<p>\u00dcr\u00fcn performans\u0131n\u0131 art\u0131rmak ve hidrolik silindir sekt\u00f6r\u00fcndeki liderli\u011fimizi peki\u015ftirmek i\u00e7in, hidrolik silindirler, valfler ve pompalara \u00f6zel kapsaml\u0131 bir performans laboratuvar\u0131 kurmak \u00fczere ZJIMEE ile ortakl\u0131k kurduk. Bu geli\u015fmi\u015f laboratuvar, elektro-hidrolik teknolojili bilgisayar destekli testler kullanarak, do\u011frulu\u011fu ve sistem \u00e7ok y\u00f6nl\u00fcl\u00fc\u011f\u00fcn\u00fc art\u0131ran \u00f6nceden ayarlanm\u0131\u015f test ko\u015fullar\u0131 sunar. Otomatik veri toplama s\u00fcreci, i\u00e7 s\u0131z\u0131nt\u0131 ve y\u00fck verimlili\u011fi gibi \u00e7\u0131kt\u0131 verilerini toplamak i\u00e7in sens\u00f6rler kullan\u0131r ve bu veriler daha sonra bir bilgisayar taraf\u0131ndan i\u015flenerek standart birimlere (ml\/dak%) d\u00f6n\u00fc\u015ft\u00fcr\u00fcl\u00fcr.<\/p>\n<p>Ayr\u0131ca, hidrolik sistemlerimizin g\u00fcvenli\u011fini sa\u011flamak i\u00e7in ya\u011f s\u0131cakl\u0131\u011f\u0131, s\u0131v\u0131 seviyesi ve filtre cihaz\u0131 durumu gibi temel performans parametreleri i\u00e7in durum izleme sistemi uyguluyoruz. Hidrolik silindir test stand\u0131m\u0131z, hassas \u00f6l\u00e7\u00fcmler arac\u0131l\u0131\u011f\u0131yla \"y\u00fck verimlili\u011fi\" ve \"i\u00e7 s\u0131z\u0131nt\u0131\" de\u011ferlerini de\u011ferlendirebilir. Ayr\u0131ca, hidrolik silindir \u00fcr\u00fcnleri i\u00e7in t\u00fcm test gerekliliklerine uyumu garanti eden ulusal standartlar\u0131 kar\u015f\u0131layan bir \u0131zgara cetveli \u00f6l\u00e7\u00fcm cihaz\u0131 ile donat\u0131lm\u0131\u015ft\u0131r.<\/p>\n<p>Paletli Vin\u00e7ler i\u00e7in Kald\u0131rma Hidrolik Silindirleri, \u00f6zellikle Liebherr, Manitowoc ve Kobelco modelleri i\u00e7in paletli vin\u00e7 bom kald\u0131rmada a\u011f\u0131r hizmet tipi bir hidrolik silindir olarak tasarlanm\u0131\u015f olup, kalite ve performansa olan ba\u011fl\u0131l\u0131\u011f\u0131m\u0131z\u0131 ortaya koymaktad\u0131r. D\u00fcnya \u00e7ap\u0131ndaki b\u00fcy\u00fck ekipman \u00fcreticileri taraf\u0131ndan g\u00fcvenilen \u00fcr\u00fcnlerimiz, g\u00fcvenilirlik konusunda g\u00fc\u00e7l\u00fc bir \u00fcne kavu\u015fmu\u015ftur ve Ever-Power Huachang Hydraulic, hidrolik silindir \u00fcretiminde lider olarak kabul edilmektedir.<\/p>\n<\/section>","protected":false},"excerpt":{"rendered":"<p>Lift Hydraulic Cylinders for Crawler Crane The Lift Hydraulic Cylinders for Crawler Crane, meticulously designed by Ever-Power Huachang Hydraulic, are engineered to deliver exceptional lifting power and precision for crawler crane operations, compatible with models like Liebherr LR 1300, Manitowoc 14000, and Kobelco CKE2500. This hydraulic cylinder for crawler crane boom ensures seamless and controlled [&hellip;]<\/p>","protected":false},"featured_media":20158,"comment_status":"open","ping_status":"closed","template":"","meta":{"_et_pb_use_builder":"","_et_pb_old_content":"","_et_gb_content_width":""},"product_brand":[],"product_cat":[1514],"product_tag":[],"class_list":{"0":"post-20148","1":"product","2":"type-product","3":"status-publish","4":"has-post-thumbnail","6":"product_cat-mobile-crane-hydraulic-cylinders","8":"first","9":"instock","10":"shipping-taxable","11":"product-type-simple"},"amp_enabled":true,"_links":{"self":[{"href":"https:\/\/www.hydraulic-cylinders.net\/tr\/wp-json\/wp\/v2\/product\/20148","targetHints":{"allow":["GET"]}}],"collection":[{"href":"https:\/\/www.hydraulic-cylinders.net\/tr\/wp-json\/wp\/v2\/product"}],"about":[{"href":"https:\/\/www.hydraulic-cylinders.net\/tr\/wp-json\/wp\/v2\/types\/product"}],"replies":[{"embeddable":true,"href":"https:\/\/www.hydraulic-cylinders.net\/tr\/wp-json\/wp\/v2\/comments?post=20148"}],"wp:featuredmedia":[{"embeddable":true,"href":"https:\/\/www.hydraulic-cylinders.net\/tr\/wp-json\/wp\/v2\/media\/20158"}],"wp:attachment":[{"href":"https:\/\/www.hydraulic-cylinders.net\/tr\/wp-json\/wp\/v2\/media?parent=20148"}],"wp:term":[{"taxonomy":"product_brand","embeddable":true,"href":"https:\/\/www.hydraulic-cylinders.net\/tr\/wp-json\/wp\/v2\/product_brand?post=20148"},{"taxonomy":"product_cat","embeddable":true,"href":"https:\/\/www.hydraulic-cylinders.net\/tr\/wp-json\/wp\/v2\/product_cat?post=20148"},{"taxonomy":"product_tag","embeddable":true,"href":"https:\/\/www.hydraulic-cylinders.net\/tr\/wp-json\/wp\/v2\/product_tag?post=20148"}],"curies":[{"name":"wp","href":"https:\/\/api.w.org\/{rel}","templated":true}]}}