{"id":20179,"date":"2025-05-12T03:33:34","date_gmt":"2025-05-12T03:33:34","guid":{"rendered":"https:\/\/www.hydraulic-cylinders.net\/?post_type=product&#038;p=20179"},"modified":"2025-05-12T05:20:15","modified_gmt":"2025-05-12T05:20:15","slug":"counterweight-hydraulic-cylinders-for-car-crane","status":"publish","type":"product","link":"https:\/\/www.hydraulic-cylinders.net\/tr\/urun\/counterweight-hydraulic-cylinders-for-car-crane\/","title":{"rendered":"Araba Vin\u00e7leri i\u00e7in Kar\u015f\u0131 A\u011f\u0131rl\u0131kl\u0131 Hidrolik Silindirler"},"content":{"rendered":"<h1 style=\"text-align: center;\"><strong>Araba Vin\u00e7leri i\u00e7in Kar\u015f\u0131 A\u011f\u0131rl\u0131kl\u0131 Hidrolik Silindirler<\/strong><\/h1>\n<p><img loading=\"lazy\" decoding=\"async\" class=\"wp-image-20180 aligncenter\" src=\"https:\/\/www.hydraulic-cylinders.net\/wp-content\/uploads\/2025\/05\/counterweight-hydraulic-cylinder-for-car-crane-scaled.webp\" alt=\"Otomobil Vinci i\u00e7in Kar\u015f\u0131 A\u011f\u0131rl\u0131k Hidrolik Silindiri\" width=\"500\" height=\"500\" \/><\/p>\n<section id=\"introduction\">The counterweight hydraulic cylinders for car crane, crafted by Ever-Power Huachang Hydraulic, are precision-engineered balance cylinders that ensure optimal stability and safety during heavy lifting operations. Designed for seamless compatibility with leading car crane models, this hydraulic cylinder for car crane enhances load management in urban construction, logistics, and industrial environments. As a heavy-duty hydraulic cylinder, it withstands high-pressure conditions up to 320 bar, providing reliable performance for lifting tasks while minimizing the risk of tipping. Whether you&#8217;re handling steel structures or heavy machinery, this car crane cylinder delivers unmatched durability and control for your crane operations.<\/section>\n<section id=\"specifications\">\n<h2><strong>Teknik \u00d6zellikler:<\/strong><\/h2>\n<p><strong>\u0130\u015flev:<\/strong> Kar\u015f\u0131 a\u011f\u0131rl\u0131\u011f\u0131n hareketini kontrol edin.<br \/>\n<strong>Silindir \u00c7ap\u0131:<\/strong> 160mm-180mm<br \/>\n<strong>\u00c7ubuk \u00c7ap\u0131:<\/strong> 90mm-150mm<br \/>\n<strong>Seyahat:<\/strong> 180 mm - 400 mm<br \/>\n<strong>Maksimum Bas\u0131n\u00e7:<\/strong> 25 MPa<br \/>\n<strong>Maksimum \u0130tme Kuvveti:<\/strong> 1540KN<\/p>\n<\/section>\n<section id=\"features\">\n<h2><strong>Otomobil vin\u00e7leri i\u00e7in kar\u015f\u0131 a\u011f\u0131rl\u0131k hidrolik silindirlerinin ba\u015fl\u0131ca \u00f6zellikleri:<\/strong><\/h2>\n<ul>\n<li><strong>\u00dcst\u00fcn Y\u00fck Dengeleme Hassasiyeti:<\/strong> Ara\u00e7 vin\u00e7leri i\u00e7in tasarlanm\u0131\u015f kar\u015f\u0131 a\u011f\u0131rl\u0131kl\u0131 hidrolik silindirler, e\u015fit a\u011f\u0131rl\u0131k da\u011f\u0131l\u0131m\u0131n\u0131 sa\u011flayan geli\u015fmi\u015f bir denge silindiri tasar\u0131m\u0131na sahiptir ve bu sayede kentsel ortamlarda y\u00fcksek kapasiteli kald\u0131rma i\u015flemleri s\u0131ras\u0131nda ara\u00e7 vin\u00e7 silindirlerinin \u00e7al\u0131\u015fmas\u0131 i\u00e7in ola\u011fan\u00fcst\u00fc bir denge sa\u011flar.<\/li>\n<li><strong>Y\u00fcksek Dayan\u0131kl\u0131l\u0131kta Yap\u0131:<\/strong>\u00a0Y\u00fcksek mukavemetli \u00e7elikten \u00fcretilmi\u015f ve korozyon \u00f6nleyici i\u015flem g\u00f6rm\u00fc\u015f bu hidrolik silindir, nem ve toz gibi zorlu hava ko\u015fullar\u0131na kar\u015f\u0131 dayan\u0131kl\u0131d\u0131r ve bu sayede zorlu ko\u015fullarda vin\u00e7ler i\u00e7in g\u00fcvenilir, a\u011f\u0131r hizmet tipi bir kar\u015f\u0131 a\u011f\u0131rl\u0131k silindiri g\u00f6revi g\u00f6r\u00fcr.<\/li>\n<li><strong>\u00c7e\u015fitli \u0130htiya\u00e7lara G\u00f6re \u00d6zelle\u015ftirilebilir:<\/strong>\u00a0Ayarlanabilir i\u00e7 \u00e7ap ve strok uzunluklar\u0131yla, y\u00fck dengeleme i\u00e7in kullan\u0131lan bu ara\u00e7 vinci silindiri, belirli kald\u0131rma gereksinimlerine g\u00f6re uyarlanabilir ve in\u015faattan lojisti\u011fe kadar \u00e7e\u015fitli vin\u00e7 modelleri ve uygulamalar\u0131 i\u00e7in esneklik sunar.<\/li>\n<li><strong>Y\u00fcksek Bas\u0131n\u00e7 Performans\u0131 \u0130\u00e7in Optimize Edilmi\u015ftir:<\/strong>\u00a0320 bar'a kadar verimli \u00e7al\u0131\u015facak \u015fekilde tasarlanan bu kar\u015f\u0131 a\u011f\u0131rl\u0131kl\u0131 hidrolik silindir, minimum enerji kayb\u0131yla tutarl\u0131 g\u00fc\u00e7 sa\u011flayarak sorunsuz ve g\u00fcvenli kald\u0131rma i\u015flemleri ger\u00e7ekle\u015ftirir ve i\u015fletme maliyetlerini d\u00fc\u015f\u00fcr\u00fcr.<\/li>\n<li><strong>D\u00fc\u015f\u00fck Bak\u0131m Gerektirir ve Uzun \u00d6m\u00fcrl\u00fcd\u00fcr:<\/strong>\u00a0Geli\u015fmi\u015f s\u0131zd\u0131rmazl\u0131k teknolojisi ve hassas i\u015fleme \u00f6zelliklerine sahip bu a\u011f\u0131r hizmet tipi hidrolik silindir, s\u0131z\u0131nt\u0131lar\u0131 ve a\u015f\u0131nmay\u0131 en aza indirerek bak\u0131m ihtiya\u00e7lar\u0131n\u0131 azalt\u0131r ve s\u0131k kullan\u0131mda bile ara\u00e7 vincinizin kullan\u0131m \u00f6mr\u00fcn\u00fc uzat\u0131r.<\/li>\n<\/ul>\n<\/section>\n<section id=\"applications\">\n<h2><strong>Otomobil vin\u00e7lerinde kar\u015f\u0131 a\u011f\u0131rl\u0131k hidrolik silindirlerinin uygulama alanlar\u0131:<\/strong><\/h2>\n<h2><strong><img loading=\"lazy\" decoding=\"async\" class=\"alignnone size-full wp-image-20183\" src=\"https:\/\/www.hydraulic-cylinders.net\/wp-content\/uploads\/2025\/05\/counterweight-hydraulic-cylinder-for-car-crane-application.webp\" alt=\"\" width=\"1080\" height=\"617\" srcset=\"https:\/\/www.hydraulic-cylinders.net\/wp-content\/uploads\/2025\/05\/counterweight-hydraulic-cylinder-for-car-crane-application.webp 1080w, https:\/\/www.hydraulic-cylinders.net\/wp-content\/uploads\/2025\/05\/counterweight-hydraulic-cylinder-for-car-crane-application-980x560.webp 980w, https:\/\/www.hydraulic-cylinders.net\/wp-content\/uploads\/2025\/05\/counterweight-hydraulic-cylinder-for-car-crane-application-480x274.webp 480w\" sizes=\"(min-width: 0px) and (max-width: 480px) 480px, (min-width: 481px) and (max-width: 980px) 980px, (min-width: 981px) 1080px, 100vw\" \/><\/strong><\/h2>\n<ul>\n<li><strong>Y\u00fcksek Katl\u0131 Projeler i\u00e7in Kentsel \u0130n\u015faat:<\/strong> Ara\u00e7 vin\u00e7leri i\u00e7in denge a\u011f\u0131rl\u0131\u011f\u0131 hidrolik silindirleri, y\u00fcksek binalar i\u00e7in \u00e7elik iskeletlerin montaj\u0131 veya prefabrik panellerin yerle\u015ftirilmesi gibi kentsel in\u015faat i\u015fleri i\u00e7in idealdir. Ara\u00e7 vin\u00e7 operasyonlar\u0131 i\u00e7in bu denge silindiri, dar alanlarda hassas y\u00fck y\u00f6netimi sa\u011flayarak g\u00fcvenli\u011fi art\u0131r\u0131r ve a\u011f\u0131r kald\u0131rmalar s\u0131ras\u0131nda devrilme riskini azalt\u0131r.<\/li>\n<li><strong>Lojistik ve A\u011f\u0131r Y\u00fck Ta\u015f\u0131ma:<\/strong>\u00a0Lojistik operasyonlar\u0131nda, ara\u00e7 vincinin dengelenmesi i\u00e7in kullan\u0131lan bu hidrolik silindir, depolarda veya limanlarda konteynerler ve b\u00fcy\u00fck paletler gibi a\u011f\u0131r y\u00fcklerin g\u00fcvenli ve verimli bir \u015fekilde ta\u015f\u0131nmas\u0131n\u0131 destekler. Y\u00fck dengeleme i\u00e7in kullan\u0131lan ara\u00e7 vinci silindiri, vin\u00e7 manevra kabiliyetini art\u0131rarak h\u0131zl\u0131 tempolu ortamlarda verimlili\u011fi y\u00fckseltir.<\/li>\n<li><strong>\u00dcretim Tesislerinde End\u00fcstriyel Montaj:<\/strong>\u00a0Otomotiv veya makine imalat\u0131 gibi end\u00fcstriyel ortamlara m\u00fckemmel uyum sa\u011flayan bu hidrolik kar\u015f\u0131 a\u011f\u0131rl\u0131k silindiri, montaj hatt\u0131 presleri veya motor bloklar\u0131 gibi a\u011f\u0131r par\u00e7alar\u0131n hassas konumland\u0131r\u0131lmas\u0131n\u0131 kolayla\u015ft\u0131r\u0131r. Vin\u00e7ler i\u00e7in a\u011f\u0131r hizmet tipi bir kar\u015f\u0131 a\u011f\u0131rl\u0131k silindiri olarak, istikrarl\u0131 ve kontroll\u00fc kald\u0131rmalar sa\u011flayarak fabrika i\u015f ak\u0131\u015flar\u0131n\u0131 kolayla\u015ft\u0131r\u0131r.<\/li>\n<\/ul>\n<\/section>\n<section id=\"explore-more\">\n<h2><strong>Daha Fazla Ara\u00e7 Vin\u00e7 Silindiri Ke\u015ffedin:<\/strong><\/h2>\n<p>\u00c7e\u015fitli kald\u0131rma ihtiya\u00e7lar\u0131n\u0131 kar\u015f\u0131lamak i\u00e7in geni\u015f bir yelpazede ara\u00e7 vinci silindirleri sunuyoruz. \u0130ster ara\u00e7 vinci stabilitesi i\u00e7in hidrolik silindir, ister vin\u00e7ler i\u00e7in a\u011f\u0131r hizmet tipi kar\u015f\u0131 a\u011f\u0131rl\u0131k silindiri olsun, Ever-Power Huachang Hydraulic \u00f6zelle\u015ftirilmi\u015f \u00e7\u00f6z\u00fcmler sunar. T\u00fcm koleksiyonumuzu ke\u015ffedin. <a href=\"https:\/\/www.hydraulic-cylinders.net\/tr\/mobile-crane-hydraulic-cylinders\/\">araba vinci silindirleri<\/a>.<\/p>\n<\/section>\n<div class=\"container-hfX5E8 flow-markdown-body theme-samantha-yJEgBp\" dir=\"ltr\" data-testid=\"message_text_content\" data-show-indicator=\"false\">\n<h2 class=\"header-jfw95c auto-hide-last-sibling-br\"><strong>Vin\u00e7lerde kar\u015f\u0131 a\u011f\u0131rl\u0131k hidrolik silindiri kullanman\u0131n ba\u015fl\u0131ca avantajlar\u0131 nelerdir?<\/strong><\/h2>\n<div class=\"auto-hide-last-sibling-br paragraph-qzbcQC paragraph-element br-paragraph-space\">Vin\u00e7lerde kar\u015f\u0131 a\u011f\u0131rl\u0131k hidrolik silindirinin kullan\u0131lmas\u0131 bir\u00e7ok \u00f6nemli avantaj sunmaktad\u0131r:<\/div>\n<h3><strong>Geli\u015fmi\u015f Stabilite<\/strong>:<\/h3>\n<h3><img loading=\"lazy\" decoding=\"async\" class=\"aligncenter wp-image-20184 size-full\" src=\"https:\/\/www.hydraulic-cylinders.net\/wp-content\/uploads\/2025\/05\/counterweight-hydraulic-cylinder-for-car-crane-1-1.webp\" alt=\"\" width=\"580\" height=\"326\" srcset=\"https:\/\/www.hydraulic-cylinders.net\/wp-content\/uploads\/2025\/05\/counterweight-hydraulic-cylinder-for-car-crane-1-1.webp 580w, https:\/\/www.hydraulic-cylinders.net\/wp-content\/uploads\/2025\/05\/counterweight-hydraulic-cylinder-for-car-crane-1-1-480x270.webp 480w\" sizes=\"(min-width: 0px) and (max-width: 480px) 480px, (min-width: 481px) 580px, 100vw\" \/><\/h3>\n<p>A counterweight hydraulic cylinder helps to balance the load on the crane. By adjusting the position and force of the counterweight, it can counteract the torque generated by the lifted load. This reduces the risk of the crane tipping over during heavy &#8211; lift operations. For example, when a crane is lifting a large and heavy pre &#8211; cast concrete panel in a high &#8211; rise construction project, the counterweight hydraulic cylinder can be adjusted to keep the crane stable.<\/p>\n<\/div>\n<div class=\"container-hfX5E8 flow-markdown-body theme-samantha-yJEgBp\" dir=\"ltr\" data-testid=\"message_text_content\" data-show-indicator=\"false\">\n<h3><strong>Hassas Y\u00fck Y\u00f6netimi<\/strong>:<\/h3>\n<p>It allows for precise control of the counterweight, which in turn enables more accurate load management. The hydraulic cylinder can be adjusted in real &#8211; time according to the weight and position of the load. In a logistics operation where a crane is moving shipping containers of different weights, the counterweight hydraulic cylinder can be fine &#8211; tuned to ensure smooth and safe lifting and placement of the containers.<\/p>\n<\/div>\n<div>\n<div class=\"image-box-grid-DI7Zd9\" data-finished=\"true\" data-testid=\"message_image_content\">\n<div class=\"image-box-grid-item-hjZBGw\">\n<div class=\"relative w-fit inline-flex\">\n<div class=\"container-pveQEn\"><\/div>\n<\/div>\n<\/div>\n<\/div>\n<\/div>\n<div class=\"container-hfX5E8 flow-markdown-body theme-samantha-yJEgBp\" dir=\"ltr\" data-testid=\"message_text_content\" data-show-indicator=\"false\">\n<h3><strong>Art\u0131r\u0131lm\u0131\u015f Manevra Kabiliyeti<\/strong>:<\/h3>\n<h3><img loading=\"lazy\" decoding=\"async\" class=\"alignnone size-full wp-image-20185\" src=\"https:\/\/www.hydraulic-cylinders.net\/wp-content\/uploads\/2025\/05\/counterweight-hydraulic-cylinder-for-car-crane-2.webp\" alt=\"\" width=\"2048\" height=\"1152\" srcset=\"https:\/\/www.hydraulic-cylinders.net\/wp-content\/uploads\/2025\/05\/counterweight-hydraulic-cylinder-for-car-crane-2.webp 2048w, https:\/\/www.hydraulic-cylinders.net\/wp-content\/uploads\/2025\/05\/counterweight-hydraulic-cylinder-for-car-crane-2-1280x720.webp 1280w, https:\/\/www.hydraulic-cylinders.net\/wp-content\/uploads\/2025\/05\/counterweight-hydraulic-cylinder-for-car-crane-2-980x551.webp 980w, https:\/\/www.hydraulic-cylinders.net\/wp-content\/uploads\/2025\/05\/counterweight-hydraulic-cylinder-for-car-crane-2-480x270.webp 480w\" sizes=\"(min-width: 0px) and (max-width: 480px) 480px, (min-width: 481px) and (max-width: 980px) 980px, (min-width: 981px) and (max-width: 1280px) 1280px, (min-width: 1281px) 2048px, 100vw\" \/><\/h3>\n<p>In confined spaces such as urban construction sites or manufacturing plants, the counterweight hydraulic cylinder improves the crane&#8217;s maneuverability. It can quickly adjust the counterweight to adapt to different working conditions and spaces. For instance, in an automotive manufacturing plant where a crane is used to position engine blocks on the assembly line, the counterweight hydraulic cylinder allows the crane to move and operate more freely in the limited space.<\/p>\n<\/div>\n<div class=\"container-hfX5E8 flow-markdown-body theme-samantha-yJEgBp\" dir=\"ltr\" data-testid=\"message_text_content\" data-show-indicator=\"false\">\n<h3><strong>Geli\u015ftirilmi\u015f G\u00fcvenlik<\/strong>:<\/h3>\n<p>By ensuring stability and precise load management, the counterweight hydraulic cylinder significantly enhances the safety of crane operations. It reduces the likelihood of accidents such as load drops or crane collapses, protecting both the operators and the surrounding environment. Whether it is in a high &#8211; risk construction project or a busy logistics center, the use of a counterweight hydraulic cylinder is crucial for maintaining a safe working environment.<\/p>\n<\/div>\n<section id=\"company-introduction\">\n<h2><strong>Ever-Power Huachang Hidrolik Hakk\u0131nda:<\/strong><\/h2>\n<h2><img loading=\"lazy\" decoding=\"async\" class=\"alignnone size-full wp-image-16972\" src=\"https:\/\/www.hydraulic-cylinders.net\/wp-content\/uploads\/2025\/01\/hydraulic-cylinder-factory-1-scaled.webp\" alt=\"\" width=\"2016\" height=\"2560\" srcset=\"https:\/\/www.hydraulic-cylinders.net\/wp-content\/uploads\/2025\/01\/hydraulic-cylinder-factory-1-scaled.webp 2016w, https:\/\/www.hydraulic-cylinders.net\/wp-content\/uploads\/2025\/01\/hydraulic-cylinder-factory-1-1280x1625.webp 1280w, https:\/\/www.hydraulic-cylinders.net\/wp-content\/uploads\/2025\/01\/hydraulic-cylinder-factory-1-980x1244.webp 980w, https:\/\/www.hydraulic-cylinders.net\/wp-content\/uploads\/2025\/01\/hydraulic-cylinder-factory-1-480x610.webp 480w\" sizes=\"(min-width: 0px) and (max-width: 480px) 480px, (min-width: 481px) and (max-width: 980px) 980px, (min-width: 981px) and (max-width: 1280px) 1280px, (min-width: 1281px) 2016px, 100vw\" \/><\/h2>\n<p dir=\"auto\">Ever-Power Huachang Hydraulic, uzman m\u00fchendislerinin otomobil vin\u00e7leri ve a\u011f\u0131r hizmet ekipmanlar\u0131 da dahil olmak \u00fczere end\u00fcstriyel uygulamalar i\u00e7in y\u00fcksek performansl\u0131 \u00e7\u00f6z\u00fcmler tasarlad\u0131\u011f\u0131 son teknoloji Ar-Ge tesisiyle hidrolik silindir inovasyonuna \u00f6nc\u00fcl\u00fck ediyor.<\/p>\n<p dir=\"auto\">Geli\u015fmi\u015f \u00fcretim tesisimiz, otomatik montaj ve hassas i\u015fleme \u00f6zelliklerine sahip olup, Terex ve Grove gibi modelleri destekleyerek verimlili\u011fi ve kat\u0131 end\u00fcstri standartlar\u0131na uyumu sa\u011flamak i\u00e7in ak\u0131ll\u0131 teknolojiyle \u00f6zelle\u015ftirilmi\u015f silindirler \u00fcretmektedir.<\/p>\n<h2><img loading=\"lazy\" decoding=\"async\" class=\"alignnone size-full wp-image-16973\" src=\"https:\/\/www.hydraulic-cylinders.net\/wp-content\/uploads\/2025\/01\/hydraulic-cylinder-factory-2-scaled.webp\" alt=\"\" width=\"2011\" height=\"2560\" srcset=\"https:\/\/www.hydraulic-cylinders.net\/wp-content\/uploads\/2025\/01\/hydraulic-cylinder-factory-2-scaled.webp 2011w, https:\/\/www.hydraulic-cylinders.net\/wp-content\/uploads\/2025\/01\/hydraulic-cylinder-factory-2-1280x1629.webp 1280w, https:\/\/www.hydraulic-cylinders.net\/wp-content\/uploads\/2025\/01\/hydraulic-cylinder-factory-2-980x1248.webp 980w, https:\/\/www.hydraulic-cylinders.net\/wp-content\/uploads\/2025\/01\/hydraulic-cylinder-factory-2-480x611.webp 480w\" sizes=\"(min-width: 0px) and (max-width: 480px) 480px, (min-width: 481px) and (max-width: 980px) 980px, (min-width: 981px) and (max-width: 1280px) 1280px, (min-width: 1281px) 2011px, 100vw\" \/><\/h2>\n<p>Son teknoloji test merkezimiz arac\u0131l\u0131\u011f\u0131yla kaliteyi koruyor, geli\u015fmi\u015f te\u015fhis y\u00f6ntemleriyle performans\u0131 do\u011fruluyor ve dayan\u0131kl\u0131l\u0131\u011f\u0131 art\u0131rmak i\u00e7in \u00e7evre dostu kaplamalar kullan\u0131yoruz. Sekt\u00f6r lideri olarak, yapay zeka destekli ara\u015ft\u0131rmalardan yararlanarak, d\u00fcnya \u00e7ap\u0131nda g\u00fcvenilen, a\u011f\u0131r hizmet tipi hidrolik silindirler sunuyoruz.<\/p>\n<\/section>","protected":false},"excerpt":{"rendered":"<p>Counterweight Hydraulic Cylinders for Car Crane The counterweight hydraulic cylinders for car crane, crafted by Ever-Power Huachang Hydraulic, are precision-engineered balance cylinders that ensure optimal stability and safety during heavy lifting operations. Designed for seamless compatibility with leading car crane models, this hydraulic cylinder for car crane enhances load management in urban construction, logistics, and [&hellip;]<\/p>","protected":false},"featured_media":20181,"comment_status":"open","ping_status":"closed","template":"","meta":{"_et_pb_use_builder":"","_et_pb_old_content":"","_et_gb_content_width":""},"product_brand":[],"product_cat":[1514],"product_tag":[],"class_list":{"0":"post-20179","1":"product","2":"type-product","3":"status-publish","4":"has-post-thumbnail","6":"product_cat-mobile-crane-hydraulic-cylinders","8":"first","9":"instock","10":"shipping-taxable","11":"product-type-simple"},"amp_enabled":true,"_links":{"self":[{"href":"https:\/\/www.hydraulic-cylinders.net\/tr\/wp-json\/wp\/v2\/product\/20179","targetHints":{"allow":["GET"]}}],"collection":[{"href":"https:\/\/www.hydraulic-cylinders.net\/tr\/wp-json\/wp\/v2\/product"}],"about":[{"href":"https:\/\/www.hydraulic-cylinders.net\/tr\/wp-json\/wp\/v2\/types\/product"}],"replies":[{"embeddable":true,"href":"https:\/\/www.hydraulic-cylinders.net\/tr\/wp-json\/wp\/v2\/comments?post=20179"}],"wp:featuredmedia":[{"embeddable":true,"href":"https:\/\/www.hydraulic-cylinders.net\/tr\/wp-json\/wp\/v2\/media\/20181"}],"wp:attachment":[{"href":"https:\/\/www.hydraulic-cylinders.net\/tr\/wp-json\/wp\/v2\/media?parent=20179"}],"wp:term":[{"taxonomy":"product_brand","embeddable":true,"href":"https:\/\/www.hydraulic-cylinders.net\/tr\/wp-json\/wp\/v2\/product_brand?post=20179"},{"taxonomy":"product_cat","embeddable":true,"href":"https:\/\/www.hydraulic-cylinders.net\/tr\/wp-json\/wp\/v2\/product_cat?post=20179"},{"taxonomy":"product_tag","embeddable":true,"href":"https:\/\/www.hydraulic-cylinders.net\/tr\/wp-json\/wp\/v2\/product_tag?post=20179"}],"curies":[{"name":"wp","href":"https:\/\/api.w.org\/{rel}","templated":true}]}}