{"id":20699,"date":"2025-05-27T06:21:17","date_gmt":"2025-05-27T06:21:17","guid":{"rendered":"https:\/\/www.hydraulic-cylinders.net\/product\/20176b-02000-forklift-truck-support-hydraulic-cylinder\/"},"modified":"2025-05-27T06:21:20","modified_gmt":"2025-05-27T06:21:20","slug":"20176b-02000-forklift-truck-support-hydraulic-cylinder","status":"publish","type":"product","link":"https:\/\/www.hydraulic-cylinders.net\/tr\/urun\/20176b-02000-forklift-truck-support-hydraulic-cylinder\/","title":{"rendered":"20176B-02000 Forklift Destek Hidrolik Silindiri"},"content":{"rendered":"<h1>20176B-02000 Forklift Destek Hidrolik Silindiri<\/h1>\n<h2>\u00dcr\u00fcn Tan\u0131t\u0131m\u0131<\/h2>\n<p>20176B-02000 Forklift Destek Hidrolik Silindiri, forkliftlerin operasyonel verimlili\u011fini ve g\u00fcvenli\u011fini art\u0131rmak i\u00e7in tasarlanm\u0131\u015f \u00f6nemli bir bile\u015fendir. Bu hidrolik silindir, y\u00fckleri kald\u0131rma ve indirme gibi temel bir i\u015flevi yerine getirerek a\u011f\u0131r nesneleri desteklemek i\u00e7in gerekli kuvveti sa\u011flar. Hidrolik mekanizmas\u0131 sorunsuz \u00e7al\u0131\u015fmas\u0131n\u0131 sa\u011flayarak bir\u00e7ok end\u00fcstriyel uygulaman\u0131n vazge\u00e7ilmez bir par\u00e7as\u0131d\u0131r. Hassas yap\u0131s\u0131yla bu silindir, de\u011fi\u015fen y\u00fck ko\u015fullar\u0131nda g\u00fcvenilir performans sa\u011flayarak kald\u0131rma operasyonlar\u0131n\u0131n genel verimlili\u011fine katk\u0131da bulunur. Yo\u011fun \u00e7al\u0131\u015fma ortamlar\u0131nda hayati \u00f6nem ta\u015f\u0131yan malzeme ta\u015f\u0131mada hayati bir rol oynar ve g\u00f6revleri daha h\u0131zl\u0131 ve g\u00fcvenli hale getirir.<\/p>\n<h2>\u00dcr\u00fcn \u00d6zellikleri<\/h2>\n<h3>Silindir Parametreleri<\/h3>\n<ul>\n<li>Silindir \u00c7ap\u0131: 50mm<\/li>\n<li>\u00c7ubuk \u00c7ap\u0131: 45mm<\/li>\n<li>Seyahat: 125 mm<\/li>\n<li>Kurulum Mesafesi: 364mm<\/li>\n<\/ul>\n<p>20176B-02000 hidrolik silindirinin her parametresi, end\u00fcstriyel uygulamalar\u0131n zorlu gereksinimlerini kar\u015f\u0131lamak \u00fczere titizlikle tasarlanm\u0131\u015ft\u0131r. 50 mm'lik silindir \u00e7ap\u0131, y\u00fcksek bas\u0131n\u00e7lara dayanabilen sa\u011flam bir yap\u0131 sunarken, 45 mm'lik \u00e7ubuk \u00e7ap\u0131, operasyonlarda dayan\u0131kl\u0131l\u0131k ve sa\u011flaml\u0131k sa\u011flar. 125 mm'lik hareket mesafesi, \u00e7ok y\u00f6nl\u00fc kald\u0131rma kabiliyeti sa\u011flayarak \u00e7e\u015fitli g\u00f6revler i\u00e7in uygundur. 364 mm'lik montaj mesafesi, mevcut forklift sistemlerine kolay entegrasyon i\u00e7in optimize edilmi\u015f olup, sorunsuz i\u015flevsellik sa\u011flar.<\/p>\n<h2>\u00dcr\u00fcn \u00d6zellikleri<\/h2>\n<ul>\n<li>Y\u00fcksek Kaliteli Malzemeler: Geli\u015fmi\u015f dayan\u0131kl\u0131l\u0131k i\u00e7in birinci s\u0131n\u0131f malzemelerden \u00fcretilmi\u015ftir.<\/li>\n<li>Verimli Performans: Sorunsuz hidrolik \u00e7al\u0131\u015fma i\u00e7in optimize edilmi\u015f tasar\u0131m.<\/li>\n<li>\u00d6zelle\u015ftirilebilir Se\u00e7enekler: Belirli ihtiya\u00e7lar\u0131 kar\u015f\u0131lamak i\u00e7in \u00e7e\u015fitli \u00f6zelliklerde mevcuttur.<\/li>\n<li>Uyumluluk: Mevcut hidrolik silindirleri kolayl\u0131kla m\u00fckemmel \u015fekilde de\u011fi\u015ftirir.<\/li>\n<li>G\u00fcvenlik Standartlar\u0131: Ar\u0131zalar\u0131 \u00f6nleyecek g\u00fcvenlik \u00f6zellikleriyle tasarlanm\u0131\u015ft\u0131r.<\/li>\n<\/ul>\n<p>\u00dcretim kapasitemiz, bu hidrolik silindiri tam olarak belirtilen \u00f6zelliklere uygun olarak \u00fcretmemize olanak tan\u0131r ve \u00fcr\u00fcnlerimizin mevcut hidrolik sistemlerin yerini kusursuz bir \u015fekilde almas\u0131n\u0131, performans\u0131n\u0131 ve \u00f6mr\u00fcn\u00fc art\u0131rmas\u0131n\u0131 sa\u011flar.<\/p>\n<h2>Uygulama Senaryolar\u0131<\/h2>\n<ul>\n<li><strong>Malzeme Ta\u015f\u0131ma:<\/strong> Depolarda ve da\u011f\u0131t\u0131m merkezlerinde, a\u011f\u0131r paletlerin kald\u0131r\u0131lmas\u0131 ve verimli y\u00fckleme-bo\u015faltma s\u00fcre\u00e7lerinin sa\u011flanmas\u0131 i\u00e7in hidrolik silindirler olmazsa olmazd\u0131r. Sa\u011flaml\u0131\u011f\u0131 ve g\u00fcvenilirli\u011fi, operasyonel verimlili\u011fe \u00f6nemli \u00f6l\u00e7\u00fcde katk\u0131da bulunarak, duru\u015f s\u00fcrelerini en aza indirir ve malzeme ta\u015f\u0131ma s\u0131ras\u0131nda g\u00fcvenli\u011fi art\u0131r\u0131r.<\/li>\n<li><strong>\u0130n\u015faat Alanlar\u0131:<\/strong> \u0130n\u015faat sekt\u00f6r\u00fcnde, bu silindirler yap\u0131 malzemelerini ta\u015f\u0131mak i\u00e7in forkliftlerde kullan\u0131l\u0131r. B\u00fcy\u00fck a\u011f\u0131rl\u0131klar\u0131 g\u00fcvenli ve emniyetli bir \u015fekilde kald\u0131rabilme yetene\u011fi, i\u015f ak\u0131\u015f\u0131 verimlili\u011finin korunmas\u0131 ve \u015fantiyede \u00e7al\u0131\u015fan g\u00fcvenli\u011finin sa\u011flanmas\u0131 a\u00e7\u0131s\u0131ndan hayati \u00f6nem ta\u015f\u0131r.<\/li>\n<li><strong>Tar\u0131msal Uygulamalar:<\/strong> Tar\u0131mda, forkliftlerde balya, kasa ve di\u011fer a\u011f\u0131r y\u00fckleri ta\u015f\u0131mak i\u00e7in hidrolik silindirler kullan\u0131l\u0131r. A\u011f\u0131r e\u015fyalar\u0131 kald\u0131rma ve indirmedeki g\u00fcvenilirlikleri, operasyonlar\u0131 kolayla\u015ft\u0131rarak mallar\u0131n h\u0131zl\u0131 ve verimli bir \u015fekilde ta\u015f\u0131nmas\u0131n\u0131 sa\u011flar.<\/li>\n<li><strong>\u00dcretim S\u00fcre\u00e7leri:<\/strong> Hidrolik silindirler, a\u011f\u0131r par\u00e7alar\u0131n kald\u0131r\u0131lmas\u0131 ve konumland\u0131r\u0131lmas\u0131 i\u00e7in \u00fcretim tesislerinde vazge\u00e7ilmezdir. Hassasiyetleri ve g\u00fc\u00e7leri, \u00fcretim s\u00fcrecini geli\u015ftirerek \u00fcretkenli\u011fi art\u0131r\u0131r ve i\u015f\u00e7ilik maliyetlerini d\u00fc\u015f\u00fcr\u00fcr.<\/li>\n<li><strong>Lojistik Operasyonlar\u0131:<\/strong> Lojistikte hidrolik silindirler, depolar i\u00e7inde ve nakliye s\u0131ras\u0131nda mallar\u0131n hareketine yard\u0131mc\u0131 olur. Bu silindirlerin sa\u011flad\u0131\u011f\u0131 verimlilik, mal ak\u0131\u015f\u0131n\u0131n s\u00fcrd\u00fcr\u00fclmesinde, zaman\u0131nda teslimatlar\u0131n sa\u011flanmas\u0131nda ve optimize edilmi\u015f envanter y\u00f6netiminde hayati bir rol oynar.<\/li>\n<\/ul>\n<h2>Tasar\u0131m Hususlar\u0131 ve Se\u00e7im Kriterleri<\/h2>\n<h3>Y\u00fck Kapasitesi<\/h3>\n<p>Hidrolik silindir se\u00e7erken y\u00fck kapasitesi \u00e7ok \u00f6nemlidir. 20176B-02000 silindir, \u00f6nemli a\u011f\u0131rl\u0131klar\u0131 g\u00fcvenli bir \u015fekilde kald\u0131racak \u015fekilde tasarlanm\u0131\u015ft\u0131r ve \u00e7e\u015fitli kald\u0131rma uygulamalar\u0131n\u0131n gereksinimlerini kar\u015f\u0131lar. Maksimum y\u00fck gereksinimlerinin anla\u015f\u0131lmas\u0131, silindirin g\u00fcvenli s\u0131n\u0131rlar i\u00e7inde \u00e7al\u0131\u015fmas\u0131n\u0131 sa\u011flayarak \u00e7al\u0131\u015fma s\u0131ras\u0131nda ar\u0131za ve kazalar\u0131 \u00f6nler. Yeterli y\u00fck kapasitesine sahip bir silindir se\u00e7mek, yaln\u0131zca performans\u0131 art\u0131rmakla kalmaz, ayn\u0131 zamanda ekipman\u0131n \u00f6mr\u00fcn\u00fc de uzat\u0131r.<\/p>\n<h3>S\u0131zd\u0131rmazl\u0131k B\u00fct\u00fcnl\u00fc\u011f\u00fc<\/h3>\n<p>Hidrolik sistemlerde s\u0131zd\u0131rmazl\u0131k, s\u0131v\u0131 s\u0131z\u0131nt\u0131s\u0131n\u0131 \u00f6nlemek ve bas\u0131nc\u0131 korumak i\u00e7in kritik \u00f6neme sahiptir. 20176B-02000 hidrolik silindir, optimum performans sa\u011flamak i\u00e7in geli\u015fmi\u015f s\u0131zd\u0131rmazl\u0131k teknolojileri kullan\u0131r. Etkili s\u0131zd\u0131rmazl\u0131klar, sistem verimsizli\u011fine yol a\u00e7abilen kirlenme ve s\u0131v\u0131 kayb\u0131 riskini en aza indirir. Tasar\u0131m, a\u015f\u0131nma ve bozulmaya dayan\u0131kl\u0131 malzemeler kullanarak \u00e7e\u015fitli \u00e7al\u0131\u015fma ko\u015fullar\u0131nda uzun s\u00fcreli b\u00fct\u00fcnl\u00fck sa\u011flar. Bu husus, hidrolik verimlili\u011fi ve sistem g\u00fcvenilirli\u011fini korumak i\u00e7in \u00e7ok \u00f6nemlidir.<\/p>\n<h3>Dayan\u0131kl\u0131l\u0131k<\/h3>\n<p>Bir hidrolik silindirin dayan\u0131kl\u0131l\u0131\u011f\u0131, uzun \u00f6m\u00fcrl\u00fcl\u00fc\u011f\u00fc ve g\u00fcvenilirli\u011fi i\u00e7in olmazsa olmazd\u0131r. 20176B-02000, a\u011f\u0131r hizmet uygulamalar\u0131n\u0131n zorluklar\u0131na dayanacak \u015fekilde tasarlanm\u0131\u015f y\u00fcksek mukavemetli malzemeler kullan\u0131larak \u00fcretilmi\u015ftir. Bu dayan\u0131kl\u0131l\u0131k, y\u00fcksek operasyonel taleplerin oldu\u011fu ortamlarda kilit \u00f6neme sahiptir, \u00e7\u00fcnk\u00fc s\u0131k s\u0131k de\u011fi\u015ftirme ve bak\u0131m ihtiyac\u0131n\u0131 azaltarak uzun vadede maliyet tasarrufu sa\u011flar. Dayan\u0131kl\u0131 bir silindir, operasyonlar\u0131n minimum kesintiyle sorunsuz bir \u015fekilde devam etmesini sa\u011flar.<\/p>\n<h3>G\u00fcvenlik \u00d6zellikleri<\/h3>\n<p>Hidrolik sistemlerde g\u00fcvenlik en \u00f6nemli \u00f6nceliktir. 20176B-02000 hidrolik silindir, g\u00fcvenli \u00e7al\u0131\u015fmay\u0131 garanti alt\u0131na almak i\u00e7in bir\u00e7ok g\u00fcvenlik \u00f6zelli\u011fiyle tasarlanm\u0131\u015ft\u0131r. Bu \u00f6zellikler aras\u0131nda, felaketle sonu\u00e7lanabilecek ar\u0131zalara yol a\u00e7abilecek a\u015f\u0131r\u0131 bas\u0131n\u00e7 olu\u015fumunu \u00f6nleyen bas\u0131n\u00e7 tahliye valfleri ve ar\u0131za emniyet mekanizmalar\u0131 bulunur. Sa\u011flam g\u00fcvenlik \u00f6nlemlerinin uygulanmas\u0131, yaln\u0131zca ekipman\u0131 korumakla kalmaz, ayn\u0131 zamanda operat\u00f6rleri ve \u00e7evredeki personeli de \u00e7al\u0131\u015fma s\u0131ras\u0131nda olu\u015fabilecek olas\u0131 tehlikelerden korur.<\/p>\n<h3>Bak\u0131m kolayl\u0131\u011f\u0131<\/h3>\n<p>Hidrolik silindirlerin tasar\u0131m\u0131nda bak\u0131m kolayl\u0131\u011f\u0131 \u00f6nemli bir fakt\u00f6rd\u00fcr. 20176B-02000, kullan\u0131c\u0131lar\u0131n uzun s\u00fcreli ar\u0131zalar ya\u015famadan d\u00fczenli kontrol ve bak\u0131m yapabilmelerini sa\u011flayan basit bak\u0131m prosed\u00fcrleri i\u00e7in tasarlanm\u0131\u015ft\u0131r. Tasar\u0131m, kritik bile\u015fenlere kolay eri\u015fim sa\u011flayarak gerekti\u011finde h\u0131zl\u0131 onar\u0131m ve de\u011fi\u015fim olana\u011f\u0131 sunar. Bak\u0131m kolayl\u0131\u011f\u0131na verilen \u00f6nem, silindirin kullan\u0131m \u00f6mr\u00fcn\u00fc uzat\u0131r ve genel sistem verimlili\u011fini art\u0131r\u0131r.<\/p>\n<h2>S\u0131zd\u0131rmazl\u0131k ve Ya\u011flama<\/h2>\n<p>Hidrolik silindirlerin optimum performans\u0131 i\u00e7in uygun s\u0131zd\u0131rmazl\u0131k ve ya\u011flama hayati \u00f6nem ta\u015f\u0131r. 20176B-02000, poli\u00fcretan ve nitril kau\u00e7uk gibi dayan\u0131kl\u0131 malzemelerden \u00fcretilen piston contalar\u0131 ve piston kolu contalar\u0131 gibi \u00e7e\u015fitli s\u0131zd\u0131rmazl\u0131k bile\u015fenleri kullan\u0131r. Bu malzemeler, a\u015f\u0131nmaya kar\u015f\u0131 diren\u00e7leri ve bas\u0131n\u00e7 alt\u0131nda s\u0131zd\u0131rmazl\u0131k b\u00fct\u00fcnl\u00fc\u011f\u00fcn\u00fc koruma kabiliyetleri nedeniyle se\u00e7ilmi\u015ftir. Ayr\u0131ca, silindir g\u00f6vdesi ve di\u015fli u\u00e7lar\u0131, a\u015f\u0131nma direncini art\u0131rmak ve uzun \u00f6m\u00fcr sa\u011flamak i\u00e7in hassas i\u015fleme s\u00fcre\u00e7lerine tabi tutulmu\u015ftur.<\/p>\n<p>Hidrolik silindirin i\u015flevselli\u011fini korumak i\u00e7in d\u00fczenli ya\u011flama da gereklidir. Kullan\u0131c\u0131lar\u0131n, sorunsuz \u00e7al\u0131\u015fmas\u0131n\u0131 sa\u011flamak ve hareketli par\u00e7alarda a\u015f\u0131nmay\u0131 \u00f6nlemek i\u00e7in hidrolik ya\u011f\u0131 periyodik olarak kontrol etmeleri ve doldurmalar\u0131 \u00f6nerilir. Yeterli ya\u011flama, s\u00fcrt\u00fcnmeyi azaltmaya yard\u0131mc\u0131 olarak hidrolik sistemin verimlili\u011fini art\u0131r\u0131r ve silindirin \u00f6mr\u00fcn\u00fc uzat\u0131r.<\/p>\n<h2>D\u00fczenli Muayene ve \u00d6nleyici Bak\u0131m<\/h2>\n<ul>\n<li><strong>Rutin Denetimler:<\/strong> Hidrolik silindirde a\u015f\u0131nma, s\u0131z\u0131nt\u0131 veya hasar belirtileri olup olmad\u0131\u011f\u0131n\u0131 kontrol etmek i\u00e7in rutin kontroller yap\u0131n. Sorunlar\u0131n erken tespiti, daha ciddi sorunlar\u0131n \u00f6nlenmesine ve operasyonel g\u00fcvenli\u011fin sa\u011flanmas\u0131na yard\u0131mc\u0131 olabilir.<\/li>\n<li><strong>Ya\u011flama Kontrolleri:<\/strong> Optimum performans\u0131 korumak i\u00e7in ya\u011flama seviyelerini d\u00fczenli olarak kontrol edin ve gerekti\u011finde hidrolik ya\u011f\u0131 doldurun. Do\u011fru ya\u011flama, a\u015f\u0131nmay\u0131 azalt\u0131r ve verimlili\u011fi art\u0131r\u0131r.<\/li>\n<li><strong>Conta De\u011fi\u015fimi:<\/strong> S\u0131z\u0131nt\u0131lar\u0131 \u00f6nlemek ve bas\u0131n\u00e7 b\u00fct\u00fcnl\u00fc\u011f\u00fcn\u00fc korumak i\u00e7in contalar\u0131n durumunu izleyin ve gerekti\u011finde de\u011fi\u015ftirin. A\u015f\u0131nm\u0131\u015f contalar\u0131n de\u011fi\u015ftirilmesi, silindirin \u00f6mr\u00fcn\u00fc \u00f6nemli \u00f6l\u00e7\u00fcde uzatabilir.<\/li>\n<\/ul>\n<h2>Kurulum Talimatlar\u0131<\/h2>\n<p>20176B-02000 hidrolik silindirinin etkili \u00e7al\u0131\u015fmas\u0131 i\u00e7in do\u011fru montaj \u00e7ok \u00f6nemlidir. \u00d6ncelikle, montaj alan\u0131n\u0131n temiz ve kal\u0131nt\u0131lardan ar\u0131nd\u0131r\u0131lm\u0131\u015f oldu\u011fundan emin olun. Do\u011fru hizalama \u00e7ok \u00f6nemlidir; silindir, stres ve erken a\u015f\u0131nmay\u0131 \u00f6nlemek i\u00e7in montaj noktalar\u0131yla do\u011fru \u015fekilde hizalanmal\u0131d\u0131r. Silindiri yerinde sabitlemek i\u00e7in uygun montaj braketlerini kullan\u0131n ve \u00e7al\u0131\u015fma s\u0131ras\u0131nda herhangi bir hareket olmadan s\u0131k\u0131ca sabitlendi\u011finden emin olun. Hidrolik hatlar\u0131 ba\u011flarken, t\u00fcm ba\u011flant\u0131 par\u00e7alar\u0131n\u0131n s\u0131k\u0131 ve s\u0131zd\u0131rmaz oldu\u011fundan emin olun.<\/p>\n<p>Silindiri takarken tork ayarlar\u0131 i\u00e7in \u00fcreticinin teknik \u00f6zelliklerine ba\u015fvurman\u0131z da \u00f6nerilir. Takt\u0131ktan sonra, herhangi bir hizalama sorunu veya s\u0131z\u0131nt\u0131 olup olmad\u0131\u011f\u0131n\u0131 kontrol etmek i\u00e7in kapsaml\u0131 bir inceleme yap\u0131n. Son olarak, silindirin herhangi bir ola\u011fand\u0131\u015f\u0131 ses veya ar\u0131za olmadan sorunsuz \u00e7al\u0131\u015ft\u0131\u011f\u0131n\u0131 do\u011frulamak i\u00e7in bir test \u00e7al\u0131\u015ft\u0131rmas\u0131 yap\u0131n. Do\u011fru montaj, performans\u0131 art\u0131rman\u0131n yan\u0131 s\u0131ra \u00e7al\u0131\u015fma s\u0131ras\u0131nda g\u00fcvenli\u011fi de sa\u011flar.<\/p>\n<h2>Yayg\u0131n Bak\u0131m G\u00f6revleri<\/h2>\n<ul>\n<li><strong>D\u00fczenli Denetimler:<\/strong> Olas\u0131 sorunlar\u0131 daha da b\u00fcy\u00fcmeden tespit etmek i\u00e7in s\u0131k s\u0131k kontroller yapmak \u00e7ok \u00f6nemlidir. T\u00fcm bile\u015fenlerin sa\u011flam ve d\u00fczg\u00fcn \u00e7al\u0131\u015ft\u0131\u011f\u0131ndan emin olun ve a\u015f\u0131nma veya hasar belirtilerini derhal giderin.<\/li>\n<li><strong>Uygun Ya\u011flama:<\/strong> Sorunsuz \u00e7al\u0131\u015fma i\u00e7in do\u011fru ya\u011flama seviyelerini korumak kritik \u00f6neme sahiptir. Hidrolik ya\u011f\u0131 d\u00fczenli olarak kontrol edin ve doldurun; \u00e7\u00fcnk\u00fc yetersiz ya\u011flama, s\u00fcrt\u00fcnme ve a\u015f\u0131nmay\u0131 art\u0131rarak ar\u0131zalara yol a\u00e7abilir.<\/li>\n<li><strong>Conta De\u011fi\u015fimi:<\/strong> Contalar kontrol edilmeli ve a\u015f\u0131nma belirtileri g\u00f6sterdi\u011finde de\u011fi\u015ftirilmelidir. Contalar\u0131n d\u00fczenli olarak de\u011fi\u015ftirilmesi, s\u0131z\u0131nt\u0131lar\u0131 \u00f6nleyebilir, sistem bas\u0131nc\u0131n\u0131 koruyabilir ve optimum performans sa\u011flayabilir.<\/li>\n<\/ul>\n<p>Bu bak\u0131m i\u015flemlerine ek olarak, ilk kurulum s\u0131ras\u0131nda do\u011fru montaj ve hizalaman\u0131n sa\u011flanmas\u0131 hayati \u00f6nem ta\u015f\u0131r. Hizalama hatalar\u0131, d\u00fczensiz a\u015f\u0131nmaya ve operasyonel verimsizliklere yol a\u00e7abilir. Kullan\u0131c\u0131lar ayr\u0131ca, onar\u0131m ve de\u011fi\u015ftirme i\u015flemleri i\u00e7in \u00f6nerilen prosed\u00fcrleri izlemeli ve gerekirse profesyonel yard\u0131m almal\u0131d\u0131r. Bu bak\u0131m uygulamalar\u0131na uyulmas\u0131, hidrolik silindirin \u00f6mr\u00fcn\u00fc ve verimlili\u011fini \u00f6nemli \u00f6l\u00e7\u00fcde art\u0131rabilir.<\/p>\n<h2>G\u00fcvenlik Hususlar\u0131 ve \u00c7evresel Fakt\u00f6rler<\/h2>\n<p>Hidrolik sistemleri \u00e7al\u0131\u015ft\u0131r\u0131rken g\u00fcvenlik \u00f6nlemleri son derece \u00f6nemlidir. 20176B-02000 hidrolik silindir, hidrolik i\u015flemlerle ili\u015fkili riskleri azaltan \u00f6zelliklerle kullan\u0131c\u0131 g\u00fcvenli\u011fi g\u00f6z \u00f6n\u00fcnde bulundurularak tasarlanm\u0131\u015ft\u0131r. Operat\u00f6rler, silindirin \u00e7al\u0131\u015fma s\u0131n\u0131rlar\u0131n\u0131 anlamak da dahil olmak \u00fczere hidrolik ekipman\u0131n do\u011fru kullan\u0131m\u0131 konusunda e\u011fitilmelidir. Potansiyel tehlikelere kar\u015f\u0131 korunmak i\u00e7in ki\u015fisel koruyucu ekipman (KKD) kullan\u0131m\u0131 da \u00f6nemlidir.<\/p>\n<p>Hidrolik silindirlerin \u00e7al\u0131\u015fmas\u0131nda \u00e7evresel hususlar \u00f6nemli bir rol oynar. Kullan\u0131c\u0131lar, \u00e7evre \u00fczerinde zararl\u0131 etkilere yol a\u00e7abilen hidrolik s\u0131v\u0131 s\u0131z\u0131nt\u0131lar\u0131n\u0131n potansiyelinin fark\u0131nda olmal\u0131d\u0131r. D\u00fczenli bak\u0131m ve denetimler, bu t\u00fcr riskleri azaltmaya yard\u0131mc\u0131 olarak hidrolik sistemin \u00e7evre dostu kalmas\u0131n\u0131 sa\u011flar. Hidrolik s\u0131v\u0131lar\u0131n ve bile\u015fenlerin bertaraf\u0131 i\u00e7in en iyi uygulamalar\u0131 benimsemek, hidrolik operasyonlar\u0131n \u00e7evresel s\u00fcrd\u00fcr\u00fclebilirli\u011fini daha da art\u0131rabilir.<\/p>\n<h2>Sorun Giderme ve Yayg\u0131n Sorunlar<\/h2>\n<ul>\n<li><strong>S\u0131z\u0131nt\u0131:<\/strong> S\u0131z\u0131nt\u0131 tespit edilirse, contalar\u0131 ve ba\u011flant\u0131 par\u00e7alar\u0131n\u0131 a\u015f\u0131nma veya hasar a\u00e7\u0131s\u0131ndan kontrol edin. Ar\u0131zal\u0131 contalar\u0131n de\u011fi\u015ftirilmesi genellikle sorunu \u00e7\u00f6zer.<\/li>\n<li><strong>Yetersiz Kald\u0131rma G\u00fcc\u00fc:<\/strong> Silindir d\u00fczg\u00fcn \u015fekilde kald\u0131r\u0131lm\u0131yorsa, hidrolik sistemin do\u011fru \u015fekilde bas\u0131n\u00e7land\u0131r\u0131ld\u0131\u011f\u0131ndan ve sistemde herhangi bir t\u0131kan\u0131kl\u0131k olmad\u0131\u011f\u0131ndan emin olun.<\/li>\n<li><strong>Al\u0131\u015f\u0131lmad\u0131k Sesler:<\/strong> \u00c7al\u0131\u015fma s\u0131ras\u0131nda al\u0131\u015f\u0131lmad\u0131k sesler duyarsan\u0131z, hizalama hatas\u0131 veya hasarl\u0131 bile\u015fenler olup olmad\u0131\u011f\u0131n\u0131 kontrol edin. Bu sorunlar\u0131n derhal giderilmesi, daha fazla hasar\u0131n \u00f6nlenmesine yard\u0131mc\u0131 olabilir.<\/li>\n<\/ul>\n<p>Etkili sorun giderme i\u00e7in operat\u00f6rler, belirli belirti ve \u00e7\u00f6z\u00fcmler i\u00e7in \u00fcreticinin y\u00f6nergelerine ba\u015fvurmal\u0131d\u0131r. Yayg\u0131n sorunlar\u0131 belirleme ve \u00e7\u00f6zme konusunda d\u00fczenli e\u011fitim, hidrolik sistemin operasyonel verimlili\u011fini art\u0131rabilir. Hidrolik sistemin davran\u0131\u015f\u0131n\u0131 anlamak ve zaman\u0131nda bak\u0131m yapmak, sorun ya\u015fama olas\u0131l\u0131\u011f\u0131n\u0131 \u00f6nemli \u00f6l\u00e7\u00fcde azaltabilir.<\/p>\n<p>Etkili bir \u00e7al\u0131\u015fma i\u00e7in, olas\u0131 sorunlar\u0131 en aza indirecek \u00f6nleyici tedbirlerin uygulanmas\u0131 \u00e7ok \u00f6nemlidir. Zaman\u0131nda yap\u0131lan kontroller ve ya\u011flama gibi d\u00fczenli bak\u0131m uygulamalar\u0131, hidrolik sistemin verimlili\u011finin korunmas\u0131na yard\u0131mc\u0131 olarak beklenmedik ar\u0131za olas\u0131l\u0131\u011f\u0131n\u0131 azalt\u0131r. Personelin do\u011fru kullan\u0131m ve acil durum prosed\u00fcrleri konusunda e\u011fitilmesi, g\u00fcvenlik ve operasyonel s\u00fcreklili\u011fin sa\u011flanmas\u0131 a\u00e7\u0131s\u0131ndan hayati \u00f6nem ta\u015f\u0131r.<\/p>\n<p><img decoding=\"async\" src=\"https:\/\/www.hydraulic-cylinders.net\/wp-content\/uploads\/2025\/05\/hydraulic-cylinder-all-2.webp\" alt=\"Hidrolik Silindir\" \/><\/p>\n<h2>\u015eirketimiz Hakk\u0131nda<\/h2>\n<p>Kapsaml\u0131 \u00fcr\u00fcn yelpazemiz ve kaliteye olan ba\u011fl\u0131l\u0131\u011f\u0131m\u0131zla tan\u0131nan lider bir hidrolik silindir \u00fcreticisiyiz. Uzmanl\u0131\u011f\u0131m\u0131z, bizi hem yurt i\u00e7i hem de uluslararas\u0131 pazarlarda kilit bir oyuncu konumuna getirerek, \u00e7e\u015fitli end\u00fcstriyel ihtiya\u00e7lar\u0131 kar\u015f\u0131layan yenilik\u00e7i \u00e7\u00f6z\u00fcmler sunmaktad\u0131r. M\u00fckemmellik taahh\u00fcd\u00fcm\u00fcz, profesyonel \u00fcretim s\u00fcre\u00e7lerimize ve uluslararas\u0131 sertifikalara olan ba\u011fl\u0131l\u0131\u011f\u0131m\u0131za yans\u0131r.<\/p>\n<p>\u00dcretim tesislerimiz, en son teknolojiyle donat\u0131lm\u0131\u015f olup, m\u00fc\u015fteri ihtiya\u00e7lar\u0131na \u00f6zel \u00f6zelle\u015ftirilmi\u015f hizmetler sunmam\u0131z\u0131 sa\u011flar. Zamana meydan okuyan y\u00fcksek kaliteli \u00fcr\u00fcnler sunmaktan gurur duyuyoruz. Ayr\u0131ca, \u00f6zel sat\u0131\u015f sonras\u0131 hizmetimiz, m\u00fc\u015fterilerimizin sat\u0131n alma i\u015flemlerinden sonra bile destek almalar\u0131n\u0131 sa\u011flayarak genel deneyimlerini ve memnuniyetlerini art\u0131r\u0131r.<\/p>\n<p><img decoding=\"async\" src=\"https:\/\/www.hydraulic-cylinders.net\/wp-content\/uploads\/2025\/05\/xinxin-hydraulic-cylinder-factory-1.webp\" alt=\"Hidrolik Silindir Fabrikas\u0131\" \/><\/p>\n<p>Yazar: lyl<\/p>","protected":false},"excerpt":{"rendered":"<p>20176B-02000 Forklift Truck Support Hydraulic Cylinder Product Introduction The 20176B-02000 Forklift Truck Support Hydraulic Cylinder is a crucial component designed to enhance the operational efficiency and safety of forklift trucks. This hydraulic cylinder serves the essential function of lifting and lowering loads, providing the necessary force to support heavy objects. The hydraulic mechanism allows for [&hellip;]<\/p>","protected":false},"featured_media":20597,"comment_status":"open","ping_status":"closed","template":"","meta":{"_et_pb_use_builder":"","_et_pb_old_content":"","_et_gb_content_width":""},"product_brand":[],"product_cat":[1483,1556],"product_tag":[],"class_list":{"0":"post-20699","1":"product","2":"type-product","3":"status-publish","4":"has-post-thumbnail","6":"product_cat-construction-machinery-hydraulic-cylinders","7":"product_cat-forklift-hydraulic-cylinders-2","9":"first","10":"instock","11":"shipping-taxable","12":"product-type-simple"},"amp_enabled":true,"_links":{"self":[{"href":"https:\/\/www.hydraulic-cylinders.net\/tr\/wp-json\/wp\/v2\/product\/20699","targetHints":{"allow":["GET"]}}],"collection":[{"href":"https:\/\/www.hydraulic-cylinders.net\/tr\/wp-json\/wp\/v2\/product"}],"about":[{"href":"https:\/\/www.hydraulic-cylinders.net\/tr\/wp-json\/wp\/v2\/types\/product"}],"replies":[{"embeddable":true,"href":"https:\/\/www.hydraulic-cylinders.net\/tr\/wp-json\/wp\/v2\/comments?post=20699"}],"wp:featuredmedia":[{"embeddable":true,"href":"https:\/\/www.hydraulic-cylinders.net\/tr\/wp-json\/wp\/v2\/media\/20597"}],"wp:attachment":[{"href":"https:\/\/www.hydraulic-cylinders.net\/tr\/wp-json\/wp\/v2\/media?parent=20699"}],"wp:term":[{"taxonomy":"product_brand","embeddable":true,"href":"https:\/\/www.hydraulic-cylinders.net\/tr\/wp-json\/wp\/v2\/product_brand?post=20699"},{"taxonomy":"product_cat","embeddable":true,"href":"https:\/\/www.hydraulic-cylinders.net\/tr\/wp-json\/wp\/v2\/product_cat?post=20699"},{"taxonomy":"product_tag","embeddable":true,"href":"https:\/\/www.hydraulic-cylinders.net\/tr\/wp-json\/wp\/v2\/product_tag?post=20699"}],"curies":[{"name":"wp","href":"https:\/\/api.w.org\/{rel}","templated":true}]}}