{"id":20700,"date":"2025-05-27T06:21:22","date_gmt":"2025-05-27T06:21:22","guid":{"rendered":"https:\/\/www.hydraulic-cylinders.net\/product\/ls-hczd30n-03-forklift-truck-steering-cylinder\/"},"modified":"2025-05-27T06:21:24","modified_gmt":"2025-05-27T06:21:24","slug":"ls-hczd30n-03-forklift-truck-steering-cylinder","status":"publish","type":"product","link":"https:\/\/www.hydraulic-cylinders.net\/tr\/urun\/ls-hczd30n-03-forklift-truck-steering-cylinder\/","title":{"rendered":"LS-HCZD30N-03 Forklift Direksiyon Silindiri"},"content":{"rendered":"<h1>LS-HCZD30N-03 Forklift Direksiyon Silindiri<\/h1>\n<h2>\u00dcr\u00fcn Genel Bak\u0131\u015f\u0131<\/h2>\n<p>LS-HCZD30N-03 Forklift Direksiyon Silindiri, forkliftlerin direksiyon mekanizmas\u0131n\u0131 iyile\u015ftirmek ve sorunsuz ve verimli \u00e7al\u0131\u015fma sa\u011flamak i\u00e7in tasarlanm\u0131\u015f hayati bir bile\u015fendir. Bu hidrolik silindir, a\u011f\u0131r y\u00fckleri manevra ederken hassas kontrol ve denge sa\u011flamak \u00fczere tasarlanm\u0131\u015ft\u0131r. Sa\u011flam yap\u0131s\u0131 ve g\u00fcvenilir performans\u0131 ile forkliftin direksiyon sistemindeki y\u00fck\u00fc \u00f6nemli \u00f6l\u00e7\u00fcde azaltmaya yard\u0131mc\u0131 olur ve \u00e7e\u015fitli \u00e7al\u0131\u015fma ortamlar\u0131nda daha iyi kullan\u0131m ve g\u00fcvenlik sa\u011flar.<\/p>\n<p>Bu y\u00fcksek kaliteli hidrolik silindir, 65 mm silindir \u00e7ap\u0131, 40 mm piston kolu \u00e7ap\u0131 ve 187,2 mm hareket uzunlu\u011fu ile \u00e7e\u015fitli forklift uygulamalar\u0131 i\u00e7in m\u00fckemmel bir se\u00e7imdir. 676 mm'lik montaj mesafesi, \u00e7ok \u00e7e\u015fitli forklift modelleriyle uyumlulu\u011fu sa\u011flayarak, mallar\u0131n kald\u0131r\u0131lmas\u0131 ve ta\u015f\u0131nmas\u0131 i\u00e7in \u00e7ok y\u00f6nl\u00fc bir \u00e7\u00f6z\u00fcm sunar.<\/p>\n<h2>\u00dcr\u00fcn \u00d6zellikleri<\/h2>\n<h3>Temel Parametreler<\/h3>\n<ul>\n<li><strong>Silindir \u00c7ap\u0131:<\/strong> 65 mm<\/li>\n<li><strong>\u00c7ubuk \u00c7ap\u0131:<\/strong> 40 mm<\/li>\n<li><strong>Seyahat:<\/strong> 187,2 mm<\/li>\n<li><strong>Kurulum Mesafesi:<\/strong> 676 mm<\/li>\n<\/ul>\n<p>Bu \u00f6zellikler, silindirin bas\u0131n\u00e7 alt\u0131nda yap\u0131sal b\u00fct\u00fcnl\u00fc\u011f\u00fcn\u00fc korurken \u00e7e\u015fitli kald\u0131rma g\u00f6revlerini yerine getirme kabiliyetini vurgulamaktad\u0131r. Silindir \u00e7ap\u0131 ve \u00e7ubuk \u00e7ap\u0131, y\u00fck ta\u015f\u0131ma kapasitesini belirlemede \u00f6nemliyken, hareket uzunlu\u011fu silindirin verimli bir \u015fekilde uzama ve geri \u00e7ekilme yetene\u011fini etkiler.<\/p>\n<h2>LS-HCZD30N-03'\u00fcn \u00d6zellikleri<\/h2>\n<ul>\n<li>Y\u00fcksek mukavemet ve dayan\u0131kl\u0131l\u0131k sayesinde uzun kullan\u0131m \u00f6mr\u00fc.<\/li>\n<li>Geli\u015fmi\u015f performans i\u00e7in hassas i\u015fleme.<\/li>\n<li>\u00c7e\u015fitli forklift modelleriyle uyumludur.<\/li>\n<li>S\u0131z\u0131nt\u0131lar\u0131 \u00f6nlemek i\u00e7in etkili conta tasar\u0131m\u0131.<\/li>\n<li>Kolay bak\u0131m imkan\u0131 sunan, uygun maliyetli \u00e7\u00f6z\u00fcm.<\/li>\n<\/ul>\n<p>Bu \u00fcr\u00fcn\u00fcn \u00fcretiminde uzmanla\u015ft\u0131k ve her bir hidrolik silindirin mevcut modellerin yerini m\u00fckemmel bir \u015fekilde almas\u0131n\u0131 sa\u011flayarak genel performans\u0131 ve g\u00fcvenilirli\u011fi art\u0131r\u0131yoruz.<\/p>\n<h2>Uygulamalar<\/h2>\n<h3>Depo Operasyonlar\u0131<\/h3>\n<p>Depo ortamlar\u0131nda, LS-HCZD30N-03 Direksiyon Silindiri ile donat\u0131lm\u0131\u015f forkliftler, dar alanlarda kolayca hareket edebilir ve a\u011f\u0131r y\u00fckleri rahatl\u0131kla ta\u015f\u0131yabilir. Hassas direksiyon kontrol\u00fc, operat\u00f6rlerin h\u0131zl\u0131 manevra yapmas\u0131n\u0131 sa\u011flayarak kaza riskini azalt\u0131r ve y\u00fckleme-bo\u015faltma i\u015flemlerinde verimlili\u011fi art\u0131r\u0131r.<\/p>\n<h3>\u0130n\u015faat Alanlar\u0131<\/h3>\n<p>\u015eantiyelerde bu hidrolik silindir, malzemelerin verimli bir \u015fekilde ta\u015f\u0131nmas\u0131nda hayati bir rol oynar. Sa\u011flam yap\u0131s\u0131 zorlu ko\u015fullara dayan\u0131r ve forkliftlerin a\u011f\u0131r ekipman ve malzemeleri g\u00fcvenle ta\u015f\u0131mas\u0131na olanak tan\u0131yarak verimlili\u011fi art\u0131r\u0131r.<\/p>\n<h3>Da\u011f\u0131t\u0131m Merkezleri<\/h3>\n<p>Da\u011f\u0131t\u0131m merkezlerinde, LS-HCZD30N-03 Direksiyon Silindiri, sorunsuz lojistik ve envanter y\u00f6netimi sa\u011flar. Forkliftler koridorlarda h\u0131zla hareket ederek zaman\u0131nda teslimatlar\u0131 ve depolama alan\u0131 kullan\u0131m\u0131nda optimizasyonu garanti eder; bu da operasyonel verimlilik i\u00e7in kritik \u00f6neme sahiptir.<\/p>\n<h3>\u00dcretim Tesisleri<\/h3>\n<p>\u00dcretim tesislerinde, bu hidrolik silindir, hassasiyet ve h\u0131z\u0131n son derece \u00f6nemli oldu\u011fu montaj hatt\u0131 i\u015flemlerine yard\u0131mc\u0131 olur. Silindirin g\u00fcvenilirli\u011fi, sorunsuz \u00e7al\u0131\u015fmaya katk\u0131da bulunur, ar\u0131za s\u00fcrelerini en aza indirir ve \u00fcretim hedeflerine s\u00fcrekli olarak ula\u015f\u0131lmas\u0131n\u0131 sa\u011flar.<\/p>\n<h3>Tar\u0131msal Uygulamalar<\/h3>\n<p>Tar\u0131m alanlar\u0131nda, LS-HCZD30N-03 Direksiyon Silindiri bulunan forkliftler, yem ve ekipman gibi malzemelerin ta\u015f\u0131nmas\u0131nda \u00e7ok \u00f6nemli bir rol oynar. Geli\u015ftirilmi\u015f direksiyon kabiliyeti, \u00e7ift\u00e7ilerin forkliftleri \u00e7e\u015fitli arazilerde verimli bir \u015fekilde kullanmalar\u0131n\u0131 sa\u011flayarak, operasyonlar s\u0131ras\u0131nda kullan\u0131m kolayl\u0131\u011f\u0131n\u0131 ve g\u00fcvenli\u011fi art\u0131r\u0131r.<\/p>\n<h2>Tasar\u0131m Hususlar\u0131 ve Se\u00e7im Kriterleri<\/h2>\n<h3>Y\u00fck Ta\u015f\u0131ma Kapasitesi<\/h3>\n<p>LS-HCZD30N-03'\u00fcn ta\u015f\u0131ma kapasitesi, tasar\u0131m\u0131nda kritik bir fakt\u00f6rd\u00fcr. \u00d6nemli a\u011f\u0131rl\u0131klar\u0131 destekleyecek \u015fekilde tasarlanm\u0131\u015ft\u0131r ve bu da onu a\u011f\u0131r hizmet uygulamalar\u0131 i\u00e7in uygun hale getirir. Malzeme se\u00e7imi ve silindirin yap\u0131sal b\u00fct\u00fcnl\u00fc\u011f\u00fc, deformasyon veya ar\u0131za olmadan y\u00fcksek bas\u0131nca dayanabilmesini sa\u011flar; bu da g\u00fcvenlik ve verimlilik i\u00e7in \u00e7ok \u00f6nemlidir.<\/p>\n<h3>M\u00fch\u00fcr B\u00fct\u00fcnl\u00fc\u011f\u00fc<\/h3>\n<p>Hidrolik sistemlerde s\u0131zd\u0131rmazl\u0131k b\u00fct\u00fcnl\u00fc\u011f\u00fc son derece \u00f6nemlidir. LS-HCZD30N-03, hidrolik s\u0131v\u0131 s\u0131z\u0131nt\u0131lar\u0131n\u0131 \u00f6nlemek i\u00e7in y\u00fcksek kaliteli contalarla tasarlanm\u0131\u015ft\u0131r. Bu, performans kayb\u0131n\u0131 \u00f6nler ve hidrolik sistemin verimli \u00e7al\u0131\u015fmas\u0131n\u0131 sa\u011flar; bu da ekipman\u0131n uzun \u00f6m\u00fcrl\u00fc olmas\u0131 i\u00e7in hayati \u00f6nem ta\u015f\u0131r.<\/p>\n<h3>Dayan\u0131kl\u0131l\u0131k<\/h3>\n<p>LS-HCZD30N-03'\u00fcn tasar\u0131m\u0131nda dayan\u0131kl\u0131l\u0131k hayati bir unsurdur. A\u015f\u0131nmaya ve y\u0131pranmaya kar\u015f\u0131 dayan\u0131kl\u0131 y\u00fcksek mukavemetli malzemelerden \u00fcretilmi\u015ftir ve bu da silindirin zorlu ortamlarda etkili bir \u015fekilde \u00e7al\u0131\u015fmas\u0131n\u0131 sa\u011flar. Bu uzun \u00f6m\u00fcr, daha d\u00fc\u015f\u00fck bak\u0131m maliyetleri ve daha az yedek par\u00e7a ihtiyac\u0131 anlam\u0131na gelir ve i\u015fletmeler i\u00e7in uygun maliyetli bir yat\u0131r\u0131m olmas\u0131n\u0131 sa\u011flar.<\/p>\n<h3>G\u00fcvenlik \u00d6zellikleri<\/h3>\n<p>Hidrolik silindirlerin tasar\u0131m\u0131nda g\u00fcvenlik temel bir husustur. LS-HCZD30N-03 modeli, a\u015f\u0131r\u0131 y\u00fck korumas\u0131 ve patlamaya dayan\u0131kl\u0131 yap\u0131 da dahil olmak \u00fczere \u00e7e\u015fitli g\u00fcvenlik \u00f6zelliklerini b\u00fcnyesinde bar\u0131nd\u0131r\u0131r. Bu \u00f6zellikler, silindirin \u00e7e\u015fitli ko\u015fullar alt\u0131nda g\u00fcvenli bir \u015fekilde \u00e7al\u0131\u015fmas\u0131n\u0131 sa\u011flayarak i\u015f yerinde kaza ve yaralanma riskini azalt\u0131r.<\/p>\n<h3>Bak\u0131m ve Onar\u0131m Kolayl\u0131\u011f\u0131<\/h3>\n<p>Kolay bak\u0131m ve onar\u0131m, ar\u0131za s\u00fcrelerini en aza indirmek i\u00e7in \u00e7ok \u00f6nemlidir. LS-HCZD30N-03, h\u0131zl\u0131 inceleme ve onar\u0131mlara olanak tan\u0131yan eri\u015filebilir bile\u015fenleriyle, kolay bak\u0131m i\u00e7in tasarlanm\u0131\u015ft\u0131r. Bu tasar\u0131m \u00f6zelli\u011fi, operat\u00f6rlerin minimum \u00e7abayla optimum performans\u0131 koruyabilmelerini sa\u011flar.<\/p>\n<h2>S\u0131zd\u0131rmazl\u0131k ve Ya\u011flama<\/h2>\n<p>Piston contalar\u0131 ve mil contalar\u0131 gibi \u00e7e\u015fitli s\u0131zd\u0131rmazl\u0131k bile\u015fenlerinin kullan\u0131m\u0131, hidrolik silindirlerin performans\u0131 i\u00e7in kritik \u00f6neme sahiptir. LS-HCZD30N-03 modeli, a\u015f\u0131nmaya dayan\u0131kl\u0131 ve s\u0131z\u0131nt\u0131lara kar\u015f\u0131 g\u00fcvenilir bir bariyer sa\u011flayan poli\u00fcretan ve nitril kau\u00e7uk gibi dayan\u0131kl\u0131 malzemelerden yap\u0131lm\u0131\u015f contalar kullan\u0131r.<\/p>\n<p>Silindir g\u00f6vdesi ve di\u015fli u\u00e7lar\u0131 hassas i\u015fleme tabi tutularak dayan\u0131kl\u0131l\u0131klar\u0131 ve a\u015f\u0131nmaya kar\u015f\u0131 diren\u00e7leri art\u0131r\u0131l\u0131r. Sorunsuz \u00e7al\u0131\u015fma sa\u011flamak ve contalar\u0131n ve hareketli par\u00e7alar\u0131n erken a\u015f\u0131nmas\u0131n\u0131 \u00f6nlemek i\u00e7in d\u00fczenli olarak hidrolik ya\u011f ile ya\u011flama gereklidir. Bu d\u00fczenli bak\u0131m rutini, hidrolik silindirin \u00f6mr\u00fcn\u00fc uzat\u0131r ve performans\u0131n\u0131 art\u0131r\u0131r.<\/p>\n<h2>\u00d6nleyici Bak\u0131m \u00d6nlemleri<\/h2>\n<ul>\n<li><strong>D\u00fczenli Denetimler:<\/strong> Silindirde a\u015f\u0131nma veya hasar belirtilerini tespit etmek i\u00e7in d\u00fczenli kontroller yap\u0131n. Erken tespit, \u00f6nemli ar\u0131zalar\u0131 \u00f6nleyebilir.<\/li>\n<li><strong>Ya\u011flama Kontrolleri:<\/strong> Silindirin d\u00fczg\u00fcn \u00e7al\u0131\u015fmas\u0131n\u0131 sa\u011flamak ve par\u00e7a a\u015f\u0131nmas\u0131n\u0131 \u00f6nlemek i\u00e7in uygun hidrolik ya\u011f ile yeterince ya\u011fland\u0131\u011f\u0131ndan emin olun.<\/li>\n<li><strong>Conta De\u011fi\u015fimi:<\/strong> S\u0131z\u0131nt\u0131lar\u0131 \u00f6nlemek ve hidrolik bas\u0131nc\u0131 korumak i\u00e7in contalar\u0131n durumunu izleyin ve gerekti\u011finde de\u011fi\u015ftirin.<\/li>\n<\/ul>\n<h2>Kurulum Talimatlar\u0131<\/h2>\n<p>LS-HCZD30N-03'\u00fcn do\u011fru montaj\u0131, optimum performans i\u00e7in \u00e7ok \u00f6nemlidir. \u00d6ncelikle montaj alan\u0131n\u0131n temiz ve kal\u0131nt\u0131lardan ar\u0131nd\u0131r\u0131lm\u0131\u015f oldu\u011fundan emin olun. Silindiri yerine sabitlemek i\u00e7in uygun montaj braketlerini kullan\u0131n ve hidrolik sistemle do\u011fru \u015fekilde hizaland\u0131\u011f\u0131ndan emin olun. Montaj s\u0131ras\u0131nda silindire zarar vermemek i\u00e7in \u00fcreticinin tork ayarlar\u0131yla ilgili spesifikasyonlar\u0131n\u0131 izleyin. Montajdan sonra, sistemi \u00e7al\u0131\u015ft\u0131rmadan \u00f6nce s\u0131z\u0131nt\u0131 olmad\u0131\u011f\u0131ndan emin olmak i\u00e7in hidrolik ba\u011flant\u0131lar\u0131 iyice kontrol edin.<\/p>\n<h2>Yayg\u0131n Bak\u0131m G\u00f6revleri<\/h2>\n<h3>D\u00fczenli Denetimler<\/h3>\n<p>Potansiyel sorunlar\u0131n \u00f6nemli problemlere d\u00f6n\u00fc\u015fmeden \u00f6nce tespit edilmesi i\u00e7in d\u00fczenli kontroller hayati \u00f6nem ta\u015f\u0131r. Hidrolik hatlar\u0131 ve ba\u011flant\u0131lar\u0131 a\u015f\u0131nma, s\u0131z\u0131nt\u0131 veya hasar belirtileri a\u00e7\u0131s\u0131ndan inceleyin. Silindirin belirtilen bas\u0131n\u00e7 aral\u0131\u011f\u0131nda \u00e7al\u0131\u015fmas\u0131n\u0131 sa\u011flamak, uzun \u00f6m\u00fcrl\u00fcl\u00fc\u011f\u00fcne ve verimli performans\u0131na katk\u0131da bulunacakt\u0131r.<\/p>\n<h3>Uygun Ya\u011flama<\/h3>\n<p>Hidrolik silindirin \u00f6mr\u00fc i\u00e7in uygun ya\u011flama \u015fartt\u0131r. Ya\u011f seviyelerini d\u00fczenli olarak kontrol edin ve hidrolik ya\u011f\u0131n temiz ve kirleticilerden ar\u0131nd\u0131r\u0131lm\u0131\u015f oldu\u011fundan emin olun. Bu, hareketli par\u00e7alar aras\u0131ndaki s\u00fcrt\u00fcnmeyi en aza indirerek performans\u0131 art\u0131rmaya ve a\u015f\u0131nmay\u0131 azaltmaya yard\u0131mc\u0131 olur.<\/p>\n<h3>Conta De\u011fi\u015fimi ve Kalibrasyonu<\/h3>\n<p>Hidrolik verimlili\u011fin korunmas\u0131 i\u00e7in contalar\u0131n de\u011fi\u015ftirilmesi ve kalibrasyon kontrollerinin yap\u0131lmas\u0131 \u00e7ok \u00f6nemlidir. S\u0131z\u0131nt\u0131lar\u0131 \u00f6nlemek i\u00e7in a\u015f\u0131nm\u0131\u015f veya hasar g\u00f6rm\u00fc\u015f contalar\u0131n derhal de\u011fi\u015ftirilmesi gerekir. D\u00fczenli kalibrasyon kontrolleri, silindirin do\u011fru ve etkili bir \u015fekilde \u00e7al\u0131\u015fmas\u0131n\u0131 sa\u011flayarak genel sistem g\u00fcvenilirli\u011fine katk\u0131da bulunur.<\/p>\n<h2>G\u00fcvenlik Hususlar\u0131 ve \u00c7evresel Etki<\/h2>\n<p>Hidrolik silindirlerin kullan\u0131m\u0131 s\u0131ras\u0131nda g\u00fcvenlik \u00f6nlemlerinin \u00f6nemi asla g\u00f6z ard\u0131 edilemez. Operat\u00f6rler, do\u011fru kald\u0131rma teknikleri ve acil durum prosed\u00fcrleri de dahil olmak \u00fczere g\u00fcvenli \u00e7al\u0131\u015fma uygulamalar\u0131 konusunda e\u011fitilmelidir. \u00c7evresel hususlar da \u00f6nemlidir; kirlenmeyi \u00f6nlemek i\u00e7in hidrolik s\u0131v\u0131lar\u0131n uygun \u015fekilde bertaraf edildi\u011finden emin olunmal\u0131d\u0131r.<\/p>\n<h2>Sorun Giderme ve Yayg\u0131n Sorunlar<\/h2>\n<ul>\n<li><strong>S\u0131z\u0131nt\u0131:<\/strong> S\u0131z\u0131nt\u0131 tespit edilirse, contalar\u0131 ve ba\u011flant\u0131lar\u0131 hasar a\u00e7\u0131s\u0131ndan kontrol edin ve gerekirse de\u011fi\u015ftirin.<\/li>\n<li><strong>Yava\u015f \u00c7al\u0131\u015fma:<\/strong> Yava\u015f hareket, hidrolik s\u0131v\u0131 seviyesinin d\u00fc\u015f\u00fck oldu\u011funu veya sistemde hava bulundu\u011funu g\u00f6sterebilir; gerekirse sistemi kontrol edin, doldurun veya havas\u0131n\u0131 al\u0131n.<\/li>\n<li><strong>Al\u0131\u015f\u0131lmad\u0131k Sesler:<\/strong> Sesler i\u00e7 hasara i\u015faret edebilir; silindiri inceleyin ve gerekirse bir teknisyene dan\u0131\u015f\u0131n.<\/li>\n<\/ul>\n<h2>Sorun Giderme \u0130pu\u00e7lar\u0131 ve \u00d6nleyici Tedbirler<\/h2>\n<p>LS-HCZD30N-03 ile ilgili sorunlar\u0131 etkili bir \u015fekilde gidermek i\u00e7in \u00f6ncelikle belirtileri belirleyin. Hidrolik s\u0131v\u0131 seviyelerini kontrol edin ve sistemde s\u0131z\u0131nt\u0131 olmad\u0131\u011f\u0131ndan emin olun. Detayl\u0131 incelemeler, zaman\u0131nda ya\u011flama ve conta de\u011fi\u015fimi gibi d\u00fczenli bak\u0131m uygulamalar\u0131, potansiyel sorunlar\u0131 azaltmaya, daha sorunsuz \u00e7al\u0131\u015fmaya ve hidrolik silindirin \u00f6mr\u00fcn\u00fc uzatmaya yard\u0131mc\u0131 olur.<\/p>\n<p><img decoding=\"async\" src=\"https:\/\/www.hydraulic-cylinders.net\/wp-content\/uploads\/2025\/05\/hydraulic-cylinder-all-2.webp\" alt=\"Hidrolik Silindir G\u00f6r\u00fcnt\u00fcs\u00fc\" \/><\/p>\n<h2>\u015eirketimiz Hakk\u0131nda<\/h2>\n<p>\u00d6nde gelen bir hidrolik silindir \u00fcreticisiyiz ve hem yurt i\u00e7i hem de uluslararas\u0131 pazarlarda lider tedarik\u00e7i olarak kendimizi kan\u0131tlam\u0131\u015f, geni\u015f bir \u00fcr\u00fcn yelpazesi sunuyoruz. \u00dcretimdeki uzmanl\u0131\u011f\u0131m\u0131z, \u00fcr\u00fcnlerimizin en y\u00fcksek kalite standartlar\u0131n\u0131 kar\u015f\u0131lamas\u0131n\u0131 sa\u011flayan uluslararas\u0131 sertifikalarla desteklenmektedir.<\/p>\n<p>M\u00fc\u015fterilerimizin \u00f6zel gereksinimlerini kar\u015f\u0131lamak i\u00e7in \u00f6zelle\u015ftirilmi\u015f hizmetler sunuyoruz ve \u00fcretim verimlili\u011fini ve kalitesini art\u0131rmak i\u00e7in geli\u015fmi\u015f \u00fcretim ekipmanlar\u0131na yat\u0131r\u0131m yapt\u0131k. Ola\u011fan\u00fcst\u00fc sat\u0131\u015f sonras\u0131 hizmete olan ba\u011fl\u0131l\u0131\u011f\u0131m\u0131z, m\u00fc\u015fterilerimizin s\u00fcrekli destek ve yard\u0131m almas\u0131n\u0131 sa\u011flayarak hidrolik \u00e7\u00f6z\u00fcmler alan\u0131nda g\u00fcvenilir bir ortak olarak itibar\u0131m\u0131z\u0131 peki\u015ftiriyor.<\/p>\n<p><img decoding=\"async\" src=\"https:\/\/www.hydraulic-cylinders.net\/wp-content\/uploads\/2025\/05\/xinxin-hydraulic-cylinder-factory-1.webp\" alt=\"\u015eirketimizin G\u00f6rseli\" \/><\/p>\n<p>Yazar: lyl<\/p>","protected":false},"excerpt":{"rendered":"<p>LS-HCZD30N-03 Forklift Truck Steering Cylinder Product Overview The LS-HCZD30N-03 Forklift Truck Steering Cylinder is a vital component designed for enhancing the steering mechanism of forklifts, ensuring smooth and efficient operation. This hydraulic cylinder is engineered to provide precise control and stability while maneuvering heavy loads. With its robust construction and reliable performance, it helps in [&hellip;]<\/p>","protected":false},"featured_media":20626,"comment_status":"open","ping_status":"closed","template":"","meta":{"_et_pb_use_builder":"","_et_pb_old_content":"","_et_gb_content_width":""},"product_brand":[],"product_cat":[1483,1556],"product_tag":[],"class_list":{"0":"post-20700","1":"product","2":"type-product","3":"status-publish","4":"has-post-thumbnail","6":"product_cat-construction-machinery-hydraulic-cylinders","7":"product_cat-forklift-hydraulic-cylinders-2","9":"first","10":"instock","11":"shipping-taxable","12":"product-type-simple"},"amp_enabled":true,"_links":{"self":[{"href":"https:\/\/www.hydraulic-cylinders.net\/tr\/wp-json\/wp\/v2\/product\/20700","targetHints":{"allow":["GET"]}}],"collection":[{"href":"https:\/\/www.hydraulic-cylinders.net\/tr\/wp-json\/wp\/v2\/product"}],"about":[{"href":"https:\/\/www.hydraulic-cylinders.net\/tr\/wp-json\/wp\/v2\/types\/product"}],"replies":[{"embeddable":true,"href":"https:\/\/www.hydraulic-cylinders.net\/tr\/wp-json\/wp\/v2\/comments?post=20700"}],"wp:featuredmedia":[{"embeddable":true,"href":"https:\/\/www.hydraulic-cylinders.net\/tr\/wp-json\/wp\/v2\/media\/20626"}],"wp:attachment":[{"href":"https:\/\/www.hydraulic-cylinders.net\/tr\/wp-json\/wp\/v2\/media?parent=20700"}],"wp:term":[{"taxonomy":"product_brand","embeddable":true,"href":"https:\/\/www.hydraulic-cylinders.net\/tr\/wp-json\/wp\/v2\/product_brand?post=20700"},{"taxonomy":"product_cat","embeddable":true,"href":"https:\/\/www.hydraulic-cylinders.net\/tr\/wp-json\/wp\/v2\/product_cat?post=20700"},{"taxonomy":"product_tag","embeddable":true,"href":"https:\/\/www.hydraulic-cylinders.net\/tr\/wp-json\/wp\/v2\/product_tag?post=20700"}],"curies":[{"name":"wp","href":"https:\/\/api.w.org\/{rel}","templated":true}]}}