{"id":20702,"date":"2025-05-27T06:21:27","date_gmt":"2025-05-27T06:21:27","guid":{"rendered":"https:\/\/www.hydraulic-cylinders.net\/product\/forklift-truck-steering-cylinder\/"},"modified":"2025-05-27T06:21:36","modified_gmt":"2025-05-27T06:21:36","slug":"forklift-truck-steering-cylinder","status":"publish","type":"product","link":"https:\/\/www.hydraulic-cylinders.net\/tr\/urun\/forklift-truck-steering-cylinder\/","title":{"rendered":"Forklift Kamyon Direksiyon Silindiri"},"content":{"rendered":"<h1>Forklift Kamyon Direksiyon Silindiri<\/h1>\n<h2>\u00dcr\u00fcn Genel Bak\u0131\u015f\u0131<\/h2>\n<p>Forklift direksiyon silindiri, forkliftlerin hidrolik direksiyon sisteminde kritik bir bile\u015fendir. Birincil i\u015flevi, hidrolik enerjiyi mekanik kuvvete d\u00f6n\u00fc\u015ft\u00fcrerek hassas direksiyon kontrol\u00fc sa\u011flamakt\u0131r. Bu hidrolik silindir y\u00fcksek bas\u0131n\u00e7 alt\u0131nda \u00e7al\u0131\u015farak, \u00f6zellikle dar alanlarda veya a\u011f\u0131r kald\u0131rma i\u015flemlerinde forkliftin sorunsuz manevra kabiliyetini sa\u011flar. Forkliftin verimlili\u011fi b\u00fcy\u00fck \u00f6l\u00e7\u00fcde direksiyon silindirinin performans\u0131na ba\u011fl\u0131d\u0131r ve bu da g\u00fcvenlik ve operasyonel etkinli\u011fi sa\u011flar. Performans, dayan\u0131kl\u0131l\u0131k ve g\u00fcvenilirli\u011fe \u00f6zel \u00f6nem verilerek tasarlanan bu \u00fcr\u00fcn, \u00e7e\u015fitli end\u00fcstriyel uygulamalar\u0131n zorlu taleplerini kar\u015f\u0131lamak \u00fczere \u00fcretilmi\u015ftir.<\/p>\n<h2>\u00dcr\u00fcn \u00d6zellikleri<\/h2>\n<h3>Temel Parametreler<\/h3>\n<ul>\n<li><strong>Silindir \u00c7ap\u0131:<\/strong> 70 mm<\/li>\n<li><strong>\u00c7ubuk \u00c7ap\u0131:<\/strong> 40 mm<\/li>\n<li><strong>Seyahat:<\/strong> 178 mm<\/li>\n<li><strong>Kurulum Mesafesi:<\/strong> 766 mm<\/li>\n<\/ul>\n<p>Bu \u00f6zellikler, farkl\u0131 forklift modelleriyle uyumlulu\u011fu sa\u011flamak i\u00e7in hayati \u00f6nem ta\u015f\u0131yan silindirin boyutlar\u0131n\u0131 ve yeteneklerini vurgulamaktad\u0131r. Silindir \u00e7ap\u0131, optimum hidrolik ak\u0131\u015f i\u00e7in tasarlanm\u0131\u015ft\u0131r, piston \u00e7ap\u0131 ise a\u011f\u0131r hizmet uygulamalar\u0131 i\u00e7in gereken mukavemet ve dayan\u0131kl\u0131l\u0131\u011fa katk\u0131da bulunur. Hareket mesafesi, silindirin yeterli direksiyon tepkisi sa\u011flamas\u0131 i\u00e7in \u00e7ok \u00f6nemlidir ve montaj mesafesi, \u00e7e\u015fitli forklift konfig\u00fcrasyonlar\u0131nda do\u011fru uyumu sa\u011flar.<\/p>\n<h2>Forklift Direksiyon Silindirinin \u00d6zellikleri<\/h2>\n<ul>\n<li>Y\u00fcksek dayan\u0131kl\u0131l\u0131k ve a\u015f\u0131nmaya kar\u015f\u0131 diren\u00e7<\/li>\n<li>En iyi performans i\u00e7in hassas bir \u015fekilde tasarlanm\u0131\u015ft\u0131r.<\/li>\n<li>Hidrolik s\u0131v\u0131 s\u0131z\u0131nt\u0131s\u0131n\u0131 \u00f6nlemek i\u00e7in s\u0131zd\u0131rmaz tasar\u0131m.<\/li>\n<li>\u00c7e\u015fitli forklift modelleriyle uyumludur.<\/li>\n<li>Kolay kurulum ve bak\u0131m \u00f6zellikleri<\/li>\n<\/ul>\n<p>Bu hidrolik silindirin \u00fcretiminde uzmanla\u015fm\u0131\u015f olup, \u00fcr\u00fcnlerimizin piyasadaki mevcut direksiyon silindirlerinin yerini m\u00fckemmel bir \u015fekilde almas\u0131n\u0131 sa\u011fl\u0131yoruz. Kaliteye olan ba\u011fl\u0131l\u0131\u011f\u0131m\u0131z, forkliftleriniz i\u00e7in g\u00fcvenilir ve verimli bir bile\u015fen alman\u0131z\u0131 garanti eder.<\/p>\n<h2>Forklift Direksiyon Silindirinin Uygulamalar\u0131<\/h2>\n<h3>End\u00fcstriyel Depolama<\/h3>\n<p>End\u00fcstriyel depolamada, forklift direksiyon silindiri, a\u011f\u0131r y\u00fcklerin dar koridorlarda manevra yapmas\u0131nda hayati bir rol oynar. Bu hidrolik bile\u015fen taraf\u0131ndan sa\u011flanan hassas direksiyon kontrol\u00fc, forkliftlerin dar alanlarda hareket edebilmesini sa\u011flayarak operasyonel verimlili\u011fi ve g\u00fcvenli\u011fi art\u0131r\u0131r. Zaman ve alan\u0131n \u00e7ok \u00f6nemli oldu\u011fu ortamlarda, dengeyi kaybetmeden y\u00f6n\u00fc h\u0131zla de\u011fi\u015ftirebilme yetene\u011fi \u00e7ok \u00f6nemlidir.<\/p>\n<h3>\u0130n\u015faat Alanlar\u0131<\/h3>\n<p>\u015eantiyelerde, g\u00fcvenilir direksiyon silindirleriyle donat\u0131lm\u0131\u015f forkliftler, malzemelerin \u00e7e\u015fitli yerlere ta\u015f\u0131nmas\u0131 i\u00e7in olmazsa olmazd\u0131r. Direksiyon silindirinin sa\u011flaml\u0131\u011f\u0131, a\u011f\u0131r y\u00fcklerin engebeli arazide hareket ettirilmesine olanak tan\u0131yarak, hem ekipmana hem de ta\u015f\u0131nan malzemelere gelebilecek kazalar\u0131 ve hasarlar\u0131 \u00f6nlemek i\u00e7in gerekli kontrol\u00fc sa\u011flar.<\/p>\n<h3>Perakende Ortamlar\u0131<\/h3>\n<p>Perakende ortamlar\u0131nda, \u00f6zellikle depolarda ve da\u011f\u0131t\u0131m merkezlerinde, forkliftlerin stoklar\u0131 verimli bir \u015fekilde y\u00f6netebilmesi i\u00e7in etkili bir direksiyon sistemine ihtiya\u00e7 duyulmaktad\u0131r. Direksiyon silindiri, stoklar\u0131n depolama alanlar\u0131ndan y\u00fckleme rampalar\u0131na h\u0131zl\u0131 bir \u015fekilde ta\u015f\u0131nmas\u0131n\u0131 sa\u011flayarak operasyonlarda sorunsuz bir ak\u0131\u015f sa\u011flar. Bu verimlilik, m\u00fc\u015fteri hizmetleri ve envanter y\u00f6netiminin h\u0131z\u0131n\u0131 do\u011frudan etkiler.<\/p>\n<h2>Tasar\u0131m Hususlar\u0131 ve Se\u00e7im Kriterleri<\/h2>\n<h3>Y\u00fck Kapasitesi<\/h3>\n<p>Forklift direksiyon silindiri tasarlan\u0131rken y\u00fck ta\u015f\u0131ma kapasitesi son derece \u00f6nemlidir. Silindir, kar\u015f\u0131la\u015faca\u011f\u0131 maksimum a\u011f\u0131rl\u0131\u011fa dayanacak \u015fekilde tasarlanmal\u0131 ve ar\u0131za riski olmadan etkili bir \u015fekilde \u00e7al\u0131\u015fmas\u0131 sa\u011flanmal\u0131d\u0131r. Bu, y\u00fcksek gerilime deforme olmadan veya k\u0131r\u0131lmadan dayanabilen malzemelerin dikkatli bir \u015fekilde hesaplanmas\u0131n\u0131 ve se\u00e7ilmesini gerektirir.<\/p>\n<h3>S\u0131zd\u0131rmazl\u0131k B\u00fct\u00fcnl\u00fc\u011f\u00fc<\/h3>\n<p>Hidrolik silindirler i\u00e7in s\u0131zd\u0131rmazl\u0131k b\u00fct\u00fcnl\u00fc\u011f\u00fc \u00e7ok \u00f6nemli bir tasar\u0131m unsurudur. Etkili contalar, bas\u0131nc\u0131 ve performans\u0131 korumak i\u00e7in hayati \u00f6nem ta\u015f\u0131yan hidrolik s\u0131v\u0131 s\u0131z\u0131nt\u0131s\u0131n\u0131 \u00f6nler. Poli\u00fcretan veya nitril kau\u00e7uk gibi s\u0131zd\u0131rmazl\u0131k malzemelerinin se\u00e7imi, end\u00fcstriyel uygulamalarda s\u0131kl\u0131kla kar\u015f\u0131la\u015f\u0131lan y\u00fcksek bas\u0131n\u00e7lara ve zorlu ko\u015fullara dayanabilmek i\u00e7in \u00e7ok \u00f6nemlidir.<\/p>\n<h3>Dayan\u0131kl\u0131l\u0131k<\/h3>\n<p>Dayan\u0131kl\u0131l\u0131k da bir di\u011fer kritik husustur. Direksiyon silindiri, zorlu ortamlarda s\u00fcrekli kullan\u0131ma dayanabilmeli ve bozulmamal\u0131d\u0131r. Bu, y\u00fcksek kaliteli malzemelerin se\u00e7ilmesini ve a\u015f\u0131nma direncini art\u0131rmak ve silindirin \u00e7al\u0131\u015fma \u00f6mr\u00fcn\u00fc uzatmak i\u00e7in geli\u015fmi\u015f \u00fcretim tekniklerinin kullan\u0131lmas\u0131n\u0131 gerektirir.<\/p>\n<h3>G\u00fcvenlik \u00d6zellikleri<\/h3>\n<p>Hidrolik bile\u015fenlerin tasar\u0131m\u0131nda g\u00fcvenlik her \u015feyden \u00f6nemlidir. Bas\u0131n\u00e7 tahliye vanalar\u0131 ve sa\u011flam yap\u0131 gibi g\u00fcvenlik \u00f6zelliklerinin entegre edilmesi, hidrolik ar\u0131zalarla ili\u015fkili riskleri azaltmaya yard\u0131mc\u0131 olur. Bu g\u00fcvenlik \u00f6nlemlerinin al\u0131nmas\u0131, yaln\u0131zca ekipman\u0131 de\u011fil, ayn\u0131 zamanda onunla \u00e7al\u0131\u015fan operat\u00f6rleri de korur.<\/p>\n<h3>Bak\u0131m Eri\u015filebilirli\u011fi<\/h3>\n<p>Bak\u0131m eri\u015filebilirli\u011fini g\u00f6z \u00f6n\u00fcnde bulunduran tasar\u0131m, d\u00fczenli denetim ve servis i\u015flemlerinin verimli bir \u015fekilde ger\u00e7ekle\u015ftirilebilmesini sa\u011flar. Bu husus, kullan\u0131c\u0131lar\u0131n hidrolik sistemi optimum durumda tutmalar\u0131na, ar\u0131za s\u00fcrelerini en aza indirmelerine ve ekipman\u0131n \u00f6mr\u00fcn\u00fc uzatmalar\u0131na yard\u0131mc\u0131 olur.<\/p>\n<h2>S\u0131zd\u0131rmazl\u0131k ve Ya\u011flama<\/h2>\n<p>Forklift direksiyon silindirinin uzun \u00f6mr\u00fc ve verimlili\u011fi i\u00e7in uygun s\u0131zd\u0131rmazl\u0131k ve ya\u011flama hayati \u00f6nem ta\u015f\u0131r. Piston contalar\u0131 ve mil contalar\u0131 gibi \u00e7e\u015fitli s\u0131zd\u0131rmazl\u0131k bile\u015fenleri, s\u0131z\u0131nt\u0131lar\u0131 \u00f6nlerken hidrolik bas\u0131nc\u0131 korumak i\u00e7in kritik \u00f6neme sahiptir. Poli\u00fcretan ve nitril kau\u00e7uk gibi dayan\u0131kl\u0131 malzemelerin kullan\u0131lmas\u0131, contalar\u0131n \u00e7al\u0131\u015ft\u0131klar\u0131 zorlu ko\u015fullara dayanabilmesini sa\u011flar.<\/p>\n<p>Silindir g\u00f6vdesinin ve di\u015fli u\u00e7lar\u0131n\u0131n y\u00fczeyi, a\u015f\u0131nma direncini art\u0131rmak ve contalar\u0131n genel etkinli\u011fine katk\u0131da bulunmak i\u00e7in hassas bir \u015fekilde i\u015flenmelidir. S\u00fcrt\u00fcnmeyi ve a\u015f\u0131nmay\u0131 azaltmak, sorunsuz \u00e7al\u0131\u015fmay\u0131 sa\u011flamak ve silindirin kullan\u0131m \u00f6mr\u00fcn\u00fc uzatmak i\u00e7in uygun hidrolik ya\u011f ile d\u00fczenli ya\u011flama gereklidir. Operat\u00f6rler, ya\u011flama sorunlar\u0131n\u0131 \u00f6nlemek i\u00e7in s\u0131v\u0131 seviyelerini kontrol etme ve gerekti\u011finde takviye etme konusunda bir rutin olu\u015fturmal\u0131d\u0131r.<\/p>\n<h2>\u00d6nleyici Bak\u0131m \u00d6nlemleri<\/h2>\n<ul>\n<li><strong>D\u00fczenli Denetimler:<\/strong> Hidrolik sistemde a\u015f\u0131nma veya hasar belirtileri olup olmad\u0131\u011f\u0131n\u0131 d\u00fczenli olarak kontrol edin. Bu, silindirin s\u0131z\u0131nt\u0131 a\u00e7\u0131s\u0131ndan incelenmesini ve t\u00fcm contalar\u0131n sa\u011flam oldu\u011fundan emin olunmas\u0131n\u0131 i\u00e7erir.<\/li>\n<li><strong>Ya\u011flama:<\/strong> Sorunsuz \u00e7al\u0131\u015fmay\u0131 s\u00fcrd\u00fcrmek i\u00e7in hidrolik ya\u011f\u0131n d\u00fczenli olarak tamamland\u0131\u011f\u0131ndan ve ya\u011flama noktalar\u0131n\u0131n yeterince bak\u0131m\u0131n\u0131n yap\u0131ld\u0131\u011f\u0131ndan emin olun.<\/li>\n<li><strong>Conta De\u011fi\u015fimi:<\/strong> S\u0131z\u0131nt\u0131lar\u0131 \u00f6nlemek ve hidrolik sistemin verimli \u00e7al\u0131\u015fmas\u0131n\u0131 sa\u011flamak i\u00e7in d\u00fczenli olarak conta de\u011fi\u015fimi planlay\u0131n.<\/li>\n<\/ul>\n<p>Bu \u00f6nleyici bak\u0131m \u00f6nlemlerinin uygulanmas\u0131, forklift direksiyon silindirinin g\u00fcvenilir \u00e7al\u0131\u015fmas\u0131n\u0131 sa\u011flamak i\u00e7in \u00e7ok \u00f6nemlidir. D\u00fczenli de\u011ferlendirmelere ve zaman\u0131nda m\u00fcdahalelere odaklanarak, operat\u00f6rler beklenmedik ar\u0131zalar\u0131n ve maliyetli onar\u0131mlar\u0131n risklerini azaltabilirler.<\/p>\n<h2>Kurulum Talimatlar\u0131<\/h2>\n<p>Forklift direksiyon silindirinin do\u011fru montaj\u0131, optimum performans i\u00e7in kritik \u00f6neme sahiptir. \u00d6ncelikle montaj alan\u0131n\u0131n temiz ve kal\u0131nt\u0131lardan ar\u0131nd\u0131r\u0131lm\u0131\u015f oldu\u011fundan emin olun. Silindiri forkliftin hidrolik sistemiyle do\u011fru \u015fekilde hizalay\u0131n ve t\u00fcm montaj noktalar\u0131n\u0131n do\u011fru \u015fekilde e\u015fle\u015fti\u011finden emin olun. \u00c7al\u0131\u015fma s\u0131ras\u0131nda stabilite sa\u011flamak i\u00e7in silindiri yerinde sabitlemek \u00fczere uygun montaj braketleri kullanmak \u00e7ok \u00f6nemlidir. T\u00fcm c\u0131vatalar\u0131 \u00fcreticinin spesifikasyonlar\u0131na g\u00f6re s\u0131k\u0131n ve silindire gereksiz stres binmesini \u00f6nlemek i\u00e7in hizalamay\u0131 iki kez kontrol edin.<\/p>\n<p>Kurulum tamamland\u0131ktan sonra, s\u0131v\u0131 ak\u0131\u015f\u0131n\u0131 engelleyebilecek keskin k\u0131vr\u0131mlardan ka\u00e7\u0131narak hidrolik hatlar\u0131 dikkatlice ba\u011flay\u0131n. Ba\u011flant\u0131lar g\u00fcvenli bir \u015fekilde yap\u0131ld\u0131ktan sonra, hidrolik sisteme \u00f6nerilen ya\u011f\u0131 doldurun ve sorunsuz \u00e7al\u0131\u015fma sa\u011flamak i\u00e7in sistemdeki havay\u0131 bo\u015falt\u0131n. Son olarak, silindirin do\u011fru \u00e7al\u0131\u015ft\u0131\u011f\u0131n\u0131 ve direksiyon giri\u015fine teredd\u00fct etmeden yan\u0131t verdi\u011fini do\u011frulamak i\u00e7in bir test \u00e7al\u0131\u015fmas\u0131 yap\u0131n. S\u00fcrekli performans sa\u011flamak i\u00e7in kurulumu d\u00fczenli olarak s\u0131z\u0131nt\u0131 veya yanl\u0131\u015f hizalama belirtileri a\u00e7\u0131s\u0131ndan izleyin.<\/p>\n<h2>Yayg\u0131n Bak\u0131m G\u00f6revleri<\/h2>\n<h3>D\u00fczenli Denetimler<\/h3>\n<p>Potansiyel sorunlar\u0131n b\u00fcy\u00fcmeden \u00f6nce tespit edilmesi i\u00e7in d\u00fczenli kontroller \u00e7ok \u00f6nemlidir. Operat\u00f6rler, direksiyon silindirinde ve \u00e7evresindeki bile\u015fenlerde a\u015f\u0131nma, s\u0131z\u0131nt\u0131 veya hasar belirtilerini g\u00f6rsel olarak kontrol etmelidir. Bu proaktif yakla\u015f\u0131m, zaman\u0131nda m\u00fcdahale edilmesini sa\u011flayarak beklenmedik ar\u0131za s\u00fcrelerini ve maliyetli onar\u0131mlar\u0131 \u00f6nler.<\/p>\n<h3>Uygun Ya\u011flama<\/h3>\n<p>Hidrolik sistemin sorunsuz \u00e7al\u0131\u015fmas\u0131 i\u00e7in uygun ya\u011flama seviyelerinin korunmas\u0131 \u015fartt\u0131r. Hidrolik s\u0131v\u0131 seviyelerini d\u00fczenli olarak kontrol edin ve taze ve temiz oldu\u011fundan emin olun. Kirlenmi\u015f veya d\u00fc\u015f\u00fck s\u0131v\u0131 seviyeleri, a\u015f\u0131nman\u0131n artmas\u0131na ve operasyonel verimsizliklere yol a\u00e7abilir.<\/p>\n<h3>Conta De\u011fi\u015fimi<\/h3>\n<p>Zamanla, s\u00fcrekli hidrolik s\u0131v\u0131ya maruz kalma ve bas\u0131n\u00e7 dalgalanmalar\u0131 nedeniyle contalar bozulabilir. Contalar\u0131n d\u00fczenli olarak de\u011fi\u015ftirilmesi s\u0131z\u0131nt\u0131lar\u0131 \u00f6nleyebilir ve hidrolik sistemin verimlili\u011fini koruyabilir. Kullan\u0131m ve \u00e7evresel ko\u015fullara ba\u011fl\u0131 olarak contalar\u0131n kontrol\u00fc ve de\u011fi\u015ftirilmesi i\u00e7in bir rutin olu\u015fturun.<\/p>\n<h2>G\u00fcvenlik Hususlar\u0131 ve \u00c7evresel Fakt\u00f6rler<\/h2>\n<p>Hidrolik sistemlerle \u00e7al\u0131\u015f\u0131rken g\u00fcvenlik \u00f6nlemleri son derece \u00f6nemlidir. Operat\u00f6rler, hidrolik s\u0131v\u0131lar\u0131n g\u00fcvenli kullan\u0131m\u0131 konusunda e\u011fitilmeli ve hidrolik ar\u0131zalarla ili\u015fkili potansiyel risklerin fark\u0131nda olmal\u0131d\u0131r. Koruyucu ekipman giymek ve \u00e7al\u0131\u015fma alanlar\u0131nda uygun havaland\u0131rmay\u0131 sa\u011flamak gibi g\u00fcvenlik protokollerinin uygulanmas\u0131, personelin g\u00fcvenli\u011fini sa\u011flamak i\u00e7in \u015fartt\u0131r.<\/p>\n<p>\u00c7evresel hususlar da hidrolik sistem y\u00f6netiminde rol oynar. Hidrolik s\u0131v\u0131lar\u0131n ve bak\u0131m at\u0131klar\u0131n\u0131n uygun \u015fekilde bertaraf edilmesi, \u00e7evresel kirlenmeyi \u00f6nlemek i\u00e7in \u00e7ok \u00f6nemlidir. Tehlikeli maddelerle ilgili yerel d\u00fczenlemelere uyulmas\u0131, mevzuata uygunlu\u011fu sa\u011flar ve \u00e7evredeki ekosistemi korur.<\/p>\n<h2>Ar\u0131za Te\u015fhisi ve Yayg\u0131n Sorunlar<\/h2>\n<h3>S\u0131z\u0131nt\u0131<\/h3>\n<p>Hidrolik silindirlerde en s\u0131k kar\u015f\u0131la\u015f\u0131lan sorunlardan biri s\u0131z\u0131nt\u0131d\u0131r. Bu durum, a\u015f\u0131nm\u0131\u015f contalar, yanl\u0131\u015f montaj veya silindirin hasar g\u00f6rmesi nedeniyle meydana gelebilir. Operat\u00f6rler, s\u0131v\u0131 kayb\u0131 belirtileri a\u00e7\u0131s\u0131ndan silindiri d\u00fczenli olarak g\u00f6rsel olarak incelemeli ve herhangi bir s\u0131z\u0131nt\u0131y\u0131 derhal gidermelidir.<\/p>\n<h3>Azalt\u0131lm\u0131\u015f Performans<\/h3>\n<p>Direksiyon silindirinin performans\u0131nda azalma g\u00f6r\u00fclmesi, hidrolik s\u0131v\u0131 seviyelerinde sorun veya hidrolik hatlarda t\u0131kan\u0131kl\u0131k oldu\u011funu g\u00f6sterebilir. Operat\u00f6rler s\u0131v\u0131 seviyelerini kontrol etmeli ve t\u00fcm hatlar\u0131n a\u00e7\u0131k ve t\u0131kan\u0131kl\u0131klardan ar\u0131nm\u0131\u015f oldu\u011fundan emin olmal\u0131d\u0131r.<\/p>\n<h3>Al\u0131\u015f\u0131lmad\u0131k Sesler<\/h3>\n<p>\u00c7al\u0131\u015fma s\u0131ras\u0131nda ola\u011fand\u0131\u015f\u0131 sesler, hidrolik sistemde sorunlara i\u015faret edebilir. Bu durum, sistemde hava s\u0131k\u0131\u015fmas\u0131 veya a\u015f\u0131nm\u0131\u015f par\u00e7alar olabilece\u011fini g\u00f6sterir. Kapsaml\u0131 bir inceleme yapmak ve gerekirse sistemi havas\u0131n\u0131 almak, bu sorunlar\u0131n \u00e7\u00f6z\u00fclmesine yard\u0131mc\u0131 olabilir.<\/p>\n<h2>Sorun Giderme \u0130pu\u00e7lar\u0131<\/h2>\n<p>Forklift direksiyon silindirindeki sorunlar\u0131 etkili bir \u015fekilde te\u015fhis etmek ve \u00e7\u00f6zmek i\u00e7in operat\u00f6rler sistematik bir yakla\u015f\u0131m izlemelidir. \u00d6ncelikle hidrolik s\u0131v\u0131 seviyelerini kontrol ederek \u00f6nerilen aral\u0131kta olduklar\u0131ndan emin olunmal\u0131d\u0131r. Ard\u0131ndan, contalarda ve silindir y\u00fczeylerinde g\u00f6zle g\u00f6r\u00fcl\u00fcr hasar veya a\u015f\u0131nma belirtileri olup olmad\u0131\u011f\u0131 incelenmelidir.<\/p>\n<p>\u00d6nleyici tedbirler kapsam\u0131nda, d\u00fczenli bak\u0131m rutinleri olu\u015fturulmal\u0131 ve bu rutinler kontrol, ya\u011flama ve zaman\u0131nda conta de\u011fi\u015fimine odaklanmal\u0131d\u0131r. Bu uygulamalar, ar\u0131za s\u00fcrelerini en aza indirmeye ve direksiyon silindirinin \u00f6mr\u00fcn\u00fc uzatmaya yard\u0131mc\u0131 olacakt\u0131r.<\/p>\n<p><img decoding=\"async\" src=\"https:\/\/www.hydraulic-cylinders.net\/wp-content\/uploads\/2025\/05\/hydraulic-cylinder-all-2.webp\" alt=\"Hidrolik Silindir G\u00f6r\u00fcnt\u00fcs\u00fc\"><\/p>\n<h2>\u015eirketimiz Hakk\u0131nda<\/h2>\n<p>\u00d6nde gelen hidrolik silindir \u00fcreticilerinden biriyiz ve \u00e7e\u015fitli sekt\u00f6rlerin ihtiya\u00e7lar\u0131n\u0131 kar\u015f\u0131lamak \u00fczere tasarlanm\u0131\u015f geni\u015f bir \u00fcr\u00fcn yelpazesine sahibiz. M\u00fckemmelli\u011fe olan ba\u011fl\u0131l\u0131\u011f\u0131m\u0131z, bizi hem yurt i\u00e7i hem de uluslararas\u0131 pazarlarda \u00f6nde gelen hidrolik silindir \u00fcreticilerinden ve toptanc\u0131lar\u0131ndan biri haline getirmi\u015ftir. Profesyonel uzmanl\u0131\u011f\u0131m\u0131z, uluslararas\u0131 sertifikalar\u0131m\u0131z ve m\u00fc\u015fterilerimizin \u00f6zel gereksinimlerine uygun \u00f6zelle\u015ftirilmi\u015f hizmetler sunabilme yetene\u011fimizle gurur duyuyoruz.<\/p>\n<p>Son teknoloji \u00fcretim ekipmanlar\u0131m\u0131z, \u00fcretim s\u00fcre\u00e7lerimizin tamam\u0131nda en y\u00fcksek kalite standartlar\u0131n\u0131 korumam\u0131z\u0131 sa\u011flar. Ayr\u0131ca, m\u00fc\u015fteri memnuniyetinin en \u00f6ncelikli konu olmas\u0131n\u0131 sa\u011flamak amac\u0131yla, sat\u0131\u015f sonras\u0131 hizmet ekibimiz her zaman m\u00fc\u015fterilerimizin sorular\u0131na ve ihtiya\u00e7 duyabilecekleri deste\u011fe yard\u0131mc\u0131 olmak i\u00e7in haz\u0131rd\u0131r.<\/p>\n<p><img decoding=\"async\" src=\"https:\/\/www.hydraulic-cylinders.net\/wp-content\/uploads\/2025\/05\/xinxin-hydraulic-cylinder-factory-1.webp\" alt=\"\u015eirket Fabrika G\u00f6r\u00fcnt\u00fcs\u00fc\"><\/p>\n<p>Yazar: lyl<\/p>","protected":false},"excerpt":{"rendered":"<p>Forklift Truck Steering Cylinder Product Overview The Forklift Truck Steering Cylinder is a critical component in the hydraulic steering system of forklifts. Its primary function is to convert hydraulic energy into mechanical force, allowing for precise steering control. This hydraulic cylinder operates under high pressure, enabling seamless maneuverability of the forklift, particularly in tight spaces [&hellip;]<\/p>","protected":false},"featured_media":20609,"comment_status":"open","ping_status":"closed","template":"","meta":{"_et_pb_use_builder":"","_et_pb_old_content":"","_et_gb_content_width":""},"product_brand":[],"product_cat":[1483,1556],"product_tag":[],"class_list":{"0":"post-20702","1":"product","2":"type-product","3":"status-publish","4":"has-post-thumbnail","6":"product_cat-construction-machinery-hydraulic-cylinders","7":"product_cat-forklift-hydraulic-cylinders-2","9":"first","10":"instock","11":"shipping-taxable","12":"product-type-simple"},"amp_enabled":true,"_links":{"self":[{"href":"https:\/\/www.hydraulic-cylinders.net\/tr\/wp-json\/wp\/v2\/product\/20702","targetHints":{"allow":["GET"]}}],"collection":[{"href":"https:\/\/www.hydraulic-cylinders.net\/tr\/wp-json\/wp\/v2\/product"}],"about":[{"href":"https:\/\/www.hydraulic-cylinders.net\/tr\/wp-json\/wp\/v2\/types\/product"}],"replies":[{"embeddable":true,"href":"https:\/\/www.hydraulic-cylinders.net\/tr\/wp-json\/wp\/v2\/comments?post=20702"}],"wp:featuredmedia":[{"embeddable":true,"href":"https:\/\/www.hydraulic-cylinders.net\/tr\/wp-json\/wp\/v2\/media\/20609"}],"wp:attachment":[{"href":"https:\/\/www.hydraulic-cylinders.net\/tr\/wp-json\/wp\/v2\/media?parent=20702"}],"wp:term":[{"taxonomy":"product_brand","embeddable":true,"href":"https:\/\/www.hydraulic-cylinders.net\/tr\/wp-json\/wp\/v2\/product_brand?post=20702"},{"taxonomy":"product_cat","embeddable":true,"href":"https:\/\/www.hydraulic-cylinders.net\/tr\/wp-json\/wp\/v2\/product_cat?post=20702"},{"taxonomy":"product_tag","embeddable":true,"href":"https:\/\/www.hydraulic-cylinders.net\/tr\/wp-json\/wp\/v2\/product_tag?post=20702"}],"curies":[{"name":"wp","href":"https:\/\/api.w.org\/{rel}","templated":true}]}}