{"id":20704,"date":"2025-05-27T06:21:44","date_gmt":"2025-05-27T06:21:44","guid":{"rendered":"https:\/\/www.hydraulic-cylinders.net\/product\/csyg2075b-micro-digging-bucket-arm-cylinder\/"},"modified":"2025-05-27T06:21:46","modified_gmt":"2025-05-27T06:21:46","slug":"csyg2075b-micro-digging-bucket-arm-cylinder","status":"publish","type":"product","link":"https:\/\/www.hydraulic-cylinders.net\/tr\/urun\/csyg2075b-micro-digging-bucket-arm-cylinder\/","title":{"rendered":"CSYG2075B Mikro Kazma Kovas\u0131 Kol Silindiri"},"content":{"rendered":"<h1>CSYG2075B Mikro Kazma Kovas\u0131 Kol Silindiri<\/h1>\n<h2>\u00dcr\u00fcn Genel Bak\u0131\u015f\u0131<\/h2>\n<p>CSYG2075B Mikro Kaz\u0131 Kovas\u0131 Kol Silindiri, \u00e7e\u015fitli kaz\u0131 uygulamalar\u0131 i\u00e7in tasarlanm\u0131\u015f temel bir hidrolik bile\u015fendir. Bu hidrolik silindir, hassas ve verimli bir \u015fekilde \u00e7al\u0131\u015farak operat\u00f6rlerin kaz\u0131 kovalar\u0131n\u0131 kolayca manevra etmelerini sa\u011flar. Dar alanlarda kaz\u0131 i\u015flemlerini kolayla\u015ft\u0131rmak i\u00e7in \u00f6zel olarak tasarlanm\u0131\u015ft\u0131r ve bu da onu mini ekskavat\u00f6rler ve di\u011fer kompakt makineler i\u00e7in ideal hale getirir. Silindir, dayan\u0131kl\u0131l\u0131k ve uzun \u00f6m\u00fcrl\u00fc performans sa\u011flayan sa\u011flam bir tasar\u0131ma sahiptir ve bu da onu in\u015faat ve kaz\u0131 projeleri i\u00e7in g\u00fcvenilir bir se\u00e7enek haline getirir.<\/p>\n<h2>\u00dcr\u00fcn \u00d6zellikleri<\/h2>\n<ul>\n<li><strong>Silindir \u00c7ap\u0131:<\/strong> 50 mm<\/li>\n<li><strong>\u00c7ubuk \u00c7ap\u0131:<\/strong> 30 mm<\/li>\n<li><strong>Seyahat:<\/strong> 325 mm<\/li>\n<li><strong>Kurulum Mesafesi:<\/strong> 535 mm<\/li>\n<\/ul>\n<p>Bu \u00f6zellikler, silindirin kompakt boyutunu ve operasyonel yeteneklerini vurgulayarak, onu alan ve g\u00fcc\u00fcn kritik \u00f6nem ta\u015f\u0131d\u0131\u011f\u0131 \u00e7e\u015fitli uygulamalar i\u00e7in uygun hale getiriyor.<\/p>\n<h2>Temel \u00d6zellikler<\/h2>\n<ul>\n<li>Kaliteli malzeme se\u00e7imi sayesinde y\u00fcksek dayan\u0131kl\u0131l\u0131k<\/li>\n<li>Dar alanlarda kullan\u0131ma olanak tan\u0131yan kompakt tasar\u0131m<\/li>\n<li>S\u0131z\u0131nt\u0131lar\u0131 \u00f6nleyen g\u00fcvenilir s\u0131zd\u0131rmazl\u0131k teknolojisi<\/li>\n<li>Standart ba\u011flant\u0131 par\u00e7alar\u0131yla kolay kurulum<\/li>\n<li>\u00c7e\u015fitli makinelerde \u00e7ok y\u00f6nl\u00fc uygulamalar<\/li>\n<\/ul>\n<p>Bu \u00fcr\u00fcn\u00fc, makinelerinizdeki mevcut hidrolik silindirlerin yerini m\u00fckemmel \u015fekilde alacak \u015fekilde \u00fcretiyoruz, b\u00f6ylece kusursuz entegrasyon ve optimum performans sa\u011fl\u0131yoruz.<\/p>\n<h2>Uygulama Senaryolar\u0131<\/h2>\n<h3>\u0130n\u015faat Alanlar\u0131<\/h3>\n<p>CSYG2075B Mikro Kaz\u0131 Kova Kolu Silindiri, \u015fantiyelerde hendek a\u00e7ma ve temel \u00e7al\u0131\u015fmalar\u0131 gibi g\u00f6revlerde mini ekskavat\u00f6rlerde kullan\u0131l\u0131r. Kompakt tasar\u0131m\u0131, operat\u00f6rlerin dar alanlarda manevra yaparak hassas kaz\u0131 i\u015flemleri ger\u00e7ekle\u015ftirmesini sa\u011flar. Silindirin g\u00fcvenilirli\u011fi, zorlu g\u00f6revlerin \u00fcstesinden tutarl\u0131 bir \u015fekilde gelebilmesini ve duru\u015f s\u00fcresini en aza indirmesini sa\u011flayarak, onu m\u00fcteahhitler i\u00e7in vazge\u00e7ilmez bir ara\u00e7 haline getirir.<\/p>\n<h3>Peyzaj Projeleri<\/h3>\n<p>Peyzajc\u0131lar, bu hidrolik silindiri k\u00fc\u00e7\u00fck ekskavat\u00f6rlerde a\u011fa\u00e7 dikmek, g\u00f6let kazmak veya peyzaj \u015fekillendirmek i\u00e7in kullanarak fayda sa\u011flarlar. 325 mm'lik hareket mesafesi \u00e7e\u015fitli g\u00f6revler i\u00e7in yeterli eri\u015fim sa\u011flarken, sa\u011flaml\u0131\u011f\u0131 da farkl\u0131 toprak ko\u015fullar\u0131nda kazman\u0131n getirdi\u011fi bask\u0131lara dayanabilmesini sa\u011flar.<\/p>\n<h3>Yol Bak\u0131m\u0131<\/h3>\n<p>Yol bak\u0131m\u0131 i\u00e7in bu hidrolik silindir, asfalt veya topra\u011f\u0131 kald\u0131ran ata\u015fmanlar\u0131 \u00e7al\u0131\u015ft\u0131rarak altyap\u0131 onar\u0131m\u0131na yard\u0131mc\u0131 olur. Dar alanlardaki verimlili\u011fi, h\u0131zl\u0131 onar\u0131mlara olanak tan\u0131r, yol g\u00fcvenli\u011fini ve uzun \u00f6m\u00fcrl\u00fcl\u00fc\u011f\u00fcn\u00fc art\u0131r\u0131r.<\/p>\n<h2>Tasar\u0131m Hususlar\u0131 ve Se\u00e7im Kriterleri<\/h2>\n<h3>Y\u00fck Kapasitesi<\/h3>\n<p>CSYG2075B'nin y\u00fck kapasitesi, \u00e7e\u015fitli ko\u015fullar alt\u0131nda etkili bir \u015fekilde \u00e7al\u0131\u015fmas\u0131n\u0131 sa\u011flamak i\u00e7in \u00e7ok \u00f6nemlidir. A\u011f\u0131r y\u00fckleri kald\u0131racak \u015fekilde tasarlanm\u0131\u015ft\u0131r ve bu da onu a\u011f\u0131r hizmet uygulamalar\u0131 i\u00e7in g\u00fcvenilir k\u0131lar. Bir hidrolik silindir se\u00e7erken, uyumluluk ve g\u00fcvenli\u011fi sa\u011flamak i\u00e7in birlikte kullan\u0131laca\u011f\u0131 makinenin y\u00fck gereksinimlerini de\u011ferlendirmek \u00f6nemlidir.<\/p>\n<h3>S\u0131zd\u0131rmazl\u0131k B\u00fct\u00fcnl\u00fc\u011f\u00fc<\/h3>\n<p>S\u0131zd\u0131rmazl\u0131k, hidrolik silindirlerin tasar\u0131m\u0131nda kritik bir fakt\u00f6rd\u00fcr. CSYG2075B, s\u0131z\u0131nt\u0131y\u0131 en aza indiren ve hidrolik bas\u0131nc\u0131 koruyarak verimli \u00e7al\u0131\u015fmay\u0131 garantileyen geli\u015fmi\u015f s\u0131zd\u0131rmazl\u0131k teknolojisine sahiptir. Do\u011fru s\u0131zd\u0131rmazl\u0131k, silindirin \u00f6mr\u00fcn\u00fc uzat\u0131r ve bak\u0131m maliyetlerini azalt\u0131r. Performans sorunlar\u0131n\u0131 \u00f6nlemek i\u00e7in contalar\u0131n d\u00fczenli olarak kontrol edilmesi gerekir.<\/p>\n<h3>Dayan\u0131kl\u0131l\u0131k ve Uzun \u00d6m\u00fcr<\/h3>\n<p>Dayan\u0131kl\u0131l\u0131k, CSYG2075B'nin tasar\u0131m\u0131nda \u00f6nemli bir husustur. A\u015f\u0131nma ve y\u0131pranmaya dayan\u0131kl\u0131 y\u00fcksek kaliteli malzemelerden \u00fcretilmi\u015ftir. Bu, zorlu kullan\u0131m ko\u015fullar\u0131nda bile daha uzun bir kullan\u0131m \u00f6mr\u00fc sa\u011flar. Hidrolik silindir se\u00e7erken, s\u0131k s\u0131k de\u011fi\u015ftirme ve buna ba\u011fl\u0131 maliyetlerden ka\u00e7\u0131nmak i\u00e7in dayan\u0131kl\u0131l\u0131k bir \u00f6ncelik olmal\u0131d\u0131r.<\/p>\n<h3>G\u00fcvenlik \u00d6zellikleri<\/h3>\n<p>Hidrolik silindirlerin tasar\u0131m\u0131na g\u00fcvenlik \u00f6zelliklerinin dahil edilmesi \u00e7ok \u00f6nemlidir. CSYG2075B, a\u015f\u0131r\u0131 uzamay\u0131 \u00f6nleyen ve istikrarl\u0131 \u00e7al\u0131\u015fmay\u0131 garantileyen mekanizmalar i\u00e7erir. Operat\u00f6rler, kullan\u0131mdan \u00f6nce talimatlar\u0131 izleyerek ve ekipman\u0131n d\u00fczg\u00fcn \u00e7al\u0131\u015f\u0131r durumda oldu\u011fundan emin olarak her zaman g\u00fcvenli\u011fe \u00f6ncelik vermelidir.<\/p>\n<h3>Bak\u0131m ve Servis Kolayl\u0131\u011f\u0131<\/h3>\n<p>Bak\u0131m kolayl\u0131\u011f\u0131 i\u00e7in tasar\u0131m da bir di\u011fer \u00f6nemli husustur. CSYG2075B, bak\u0131m s\u0131ras\u0131nda kolay eri\u015fim sa\u011flayacak \u015fekilde tasarlanm\u0131\u015ft\u0131r ve h\u0131zl\u0131 inceleme ve onar\u0131mlara olanak tan\u0131r. S\u00fcrekli performans ve g\u00fcvenli\u011fi sa\u011flamak i\u00e7in d\u00fczenli bak\u0131m hayati \u00f6nem ta\u015f\u0131r ve bu \u00f6zellik \u00f6nemli bir avantajd\u0131r.<\/p>\n<h2>S\u0131zd\u0131rmazl\u0131k ve Ya\u011flama<\/h2>\n<p>Etkili s\u0131zd\u0131rmazl\u0131k ve ya\u011flama, hidrolik silindirlerin performans\u0131 ve uzun \u00f6m\u00fcrl\u00fcl\u00fc\u011f\u00fc i\u00e7in hayati \u00f6nem ta\u015f\u0131r. CSYG2075B, poli\u00fcretan ve nitril kau\u00e7uk gibi a\u015f\u0131nmaya dayan\u0131kl\u0131 malzemelerden yap\u0131lm\u0131\u015f piston contalar\u0131 ve piston kolu contalar\u0131 gibi \u00e7e\u015fitli s\u0131zd\u0131rmazl\u0131k bile\u015fenleri kullan\u0131r. Bu malzemeler, zorlu \u00e7al\u0131\u015fma ko\u015fullar\u0131na kar\u015f\u0131 m\u00fckemmel dayan\u0131kl\u0131l\u0131k sa\u011flar. Silindir g\u00f6vdesi ve di\u015fli u\u00e7lar\u0131, a\u015f\u0131nma direncini art\u0131rmak ve sorunsuz \u00e7al\u0131\u015fma sa\u011flamak i\u00e7in hassas bir i\u015flemden ge\u00e7irilir.<\/p>\n<p>Performans\u0131n korunmas\u0131 i\u00e7in uygun hidrolik ya\u011f ile d\u00fczenli ya\u011flama gereklidir. S\u00fcrt\u00fcnme ve a\u015f\u0131nmay\u0131 \u00f6nlemek i\u00e7in hidrolik ya\u011f\u0131n periyodik olarak kontrol edilmesi ve doldurulmas\u0131 \u00f6nerilir; bu, erken ar\u0131zaya yol a\u00e7abilir.<\/p>\n<h2>\u00d6nleyici Bak\u0131m \u00d6nlemleri<\/h2>\n<ul>\n<li>Contalar\u0131n a\u015f\u0131nma ve hasar a\u00e7\u0131s\u0131ndan d\u00fczenli olarak kontrol edilmesi<\/li>\n<li>Hidrolik s\u0131v\u0131 seviyeleri ve kalitesi i\u00e7in rutin kontroller<\/li>\n<li>Ba\u011flant\u0131lar\u0131n \u00e7evresinde herhangi bir s\u0131z\u0131nt\u0131 belirtisi olup olmad\u0131\u011f\u0131n\u0131n izlenmesi<\/li>\n<\/ul>\n<p>Bu \u00f6nleyici bak\u0131m \u00f6nlemlerinin uygulanmas\u0131, ar\u0131za riskini \u00f6nemli \u00f6l\u00e7\u00fcde azaltabilir ve hidrolik silindirin \u00f6mr\u00fcn\u00fc uzatabilir.<\/p>\n<h2>Kurulum K\u0131lavuzu<\/h2>\n<p>CSYG2075B Mikro Kazma Kovas\u0131 Kol Silindirinin montaj\u0131, optimum performans\u0131n sa\u011flanmas\u0131 i\u00e7in ayr\u0131nt\u0131lara dikkat edilmesini gerektirir:<\/p>\n<ul>\n<li>Kurulumdan \u00f6nce t\u00fcm bile\u015fenlerin temiz ve kal\u0131nt\u0131lardan ar\u0131nd\u0131r\u0131lm\u0131\u015f oldu\u011fundan emin olun.<\/li>\n<li>Silindiri ba\u011flant\u0131 noktalar\u0131yla do\u011fru \u015fekilde hizalayarak hizalama hatalar\u0131n\u0131 \u00f6nleyin.<\/li>\n<li>Silindiri yerinde sabitlemek i\u00e7in uygun montaj braketlerini kullan\u0131n.<\/li>\n<li>G\u00fcvenli bir \u015fekilde oturmas\u0131n\u0131 sa\u011flamak i\u00e7in c\u0131vatalar\u0131 \u00fcreticinin belirtti\u011fi torka s\u0131k\u0131n.<\/li>\n<li>Sistemi tam olarak \u00e7al\u0131\u015ft\u0131rmadan \u00f6nce s\u0131z\u0131nt\u0131lar\u0131 kontrol etmek i\u00e7in d\u00fc\u015f\u00fck bas\u0131n\u00e7 alt\u0131nda test edin.<\/li>\n<\/ul>\n<p>Hidrolik sistemin performans\u0131 ve g\u00fcvenli\u011fi a\u00e7\u0131s\u0131ndan do\u011fru montaj kritik \u00f6neme sahiptir.<\/p>\n<h2>Yayg\u0131n Bak\u0131m G\u00f6revleri<\/h2>\n<h3>D\u00fczenli denetimler<\/h3>\n<p>Olas\u0131 sorunlar\u0131n ciddile\u015fmeden \u00f6nce tespit edilmesi i\u00e7in d\u00fczenli kontroller \u015fartt\u0131r. Contalarda a\u015f\u0131nma, s\u0131z\u0131nt\u0131 belirtileri ve hidrolik s\u0131v\u0131 seviyelerini kontrol edin. Bu proaktif yakla\u015f\u0131m, sistem b\u00fct\u00fcnl\u00fc\u011f\u00fcn\u00fcn ve performans\u0131n\u0131n korunmas\u0131na yard\u0131mc\u0131 olur.<\/p>\n<h3>Uygun ya\u011flama<\/h3>\n<p>Hareketli par\u00e7alardaki a\u015f\u0131nmay\u0131 \u00f6nlemek i\u00e7in ya\u011flama hayati \u00f6nem ta\u015f\u0131r. Silindirin \u00fcreticinin talimatlar\u0131na uygun olarak ya\u011fland\u0131\u011f\u0131ndan ve hidrolik s\u0131v\u0131s\u0131n\u0131n temiz oldu\u011fundan emin olun. Bu, performans\u0131 art\u0131racak ve silindirin \u00f6mr\u00fcn\u00fc uzatacakt\u0131r.<\/p>\n<h3>Conta de\u011fi\u015fimi ve kalibrasyon kontrolleri<\/h3>\n<p>Zamanla contalar a\u015f\u0131narak s\u0131z\u0131nt\u0131lara ve performans d\u00fc\u015f\u00fckl\u00fc\u011f\u00fcne yol a\u00e7abilir. Contalar\u0131 d\u00fczenli olarak kontrol edin ve gerekti\u011finde de\u011fi\u015ftirin. Ayr\u0131ca, kalibrasyon kontrolleri, silindirin belirtilen bas\u0131n\u00e7 ve hareket parametreleri dahilinde \u00e7al\u0131\u015fmas\u0131n\u0131 sa\u011flar.<\/p>\n<h2>G\u00fcvenlik Hususlar\u0131 ve \u00c7evresel Fakt\u00f6rler<\/h2>\n<p>CSYG2075B kullan\u0131l\u0131rken g\u00fcvenlik \u00f6nlemleri \u00e7ok \u00f6nemlidir. Operat\u00f6rler, kaza ve yaralanmalar\u0131 \u00f6nlemek i\u00e7in g\u00fcvenlik protokollerine uymal\u0131d\u0131r. Bu, silindirin y\u00fck kapasitesi dahilinde kullan\u0131lmas\u0131n\u0131 ve t\u00fcm g\u00fcvenlik \u00f6zelliklerinin do\u011fru \u015fekilde \u00e7al\u0131\u015fmas\u0131n\u0131 sa\u011flamay\u0131 i\u00e7erir. A\u015f\u0131r\u0131 ko\u015fullara maruz kalma silindir performans\u0131n\u0131 etkileyebilece\u011finden, operasyonel ortamlarda \u00e7evresel fakt\u00f6rler de dikkate al\u0131nmal\u0131d\u0131r.<\/p>\n<h2>Ar\u0131za Te\u015fhisi ve Yayg\u0131n Sorunlar<\/h2>\n<ul>\n<li><strong>Hidrolik S\u0131z\u0131nt\u0131lar:<\/strong> Conta ve ba\u011flant\u0131larda a\u015f\u0131nma olup olmad\u0131\u011f\u0131n\u0131 kontrol edin.<\/li>\n<li><strong>D\u00fc\u015f\u00fck Performans:<\/strong> Uygun ya\u011flama ve s\u0131v\u0131 seviyelerini sa\u011flay\u0131n.<\/li>\n<li><strong>Hizalama hatas\u0131:<\/strong> \u0130\u015fletme sorunlar\u0131n\u0131 \u00f6nlemek i\u00e7in kurulumu d\u00fczenli olarak denetleyin.<\/li>\n<\/ul>\n<p>Bu yayg\u0131n sorunlar\u0131n erken tespit edilmesi, ileride olu\u015fabilecek komplikasyonlar\u0131n \u00f6nlenmesini ve makinelerin \u00e7al\u0131\u015fmaya devam etmesini sa\u011flayabilir.<\/p>\n<h3>Sorun Giderme \u0130pu\u00e7lar\u0131<\/h3>\n<p>CSYG2075B ile ilgili sorunlarla kar\u015f\u0131la\u015f\u0131rsan\u0131z, a\u015fa\u011f\u0131daki sorun giderme ipu\u00e7lar\u0131n\u0131 g\u00f6z \u00f6n\u00fcnde bulundurun:<\/p>\n<ul>\n<li>Hidrolik s\u0131v\u0131 seviyelerini ve kalitesini kontrol edin.<\/li>\n<li>Contalar\u0131 a\u015f\u0131nma belirtileri a\u00e7\u0131s\u0131ndan inceleyin ve gerekirse de\u011fi\u015ftirin.<\/li>\n<li>T\u00fcm ba\u011flant\u0131lar\u0131n s\u0131k\u0131 ve s\u0131zd\u0131rmaz oldu\u011fundan emin olun.<\/li>\n<\/ul>\n<p>Bu \u00f6nleyici tedbirlerin al\u0131nmas\u0131, olas\u0131 sorunlar\u0131 en aza indirebilir ve verimli bir \u00e7al\u0131\u015fma sa\u011flayabilir.<\/p>\n<p><img decoding=\"async\" src=\"https:\/\/www.hydraulic-cylinders.net\/wp-content\/uploads\/2025\/05\/hydraulic-cylinder-all-2.webp\" alt=\"Hidrolik Silindir\"><\/p>\n<h2>\u015eirketimiz Hakk\u0131nda<\/h2>\n<p>Yurt i\u00e7i ve yurt d\u0131\u015f\u0131 pazarlar\u0131n ihtiya\u00e7lar\u0131n\u0131 kar\u015f\u0131lamak \u00fczere geni\u015f bir \u00fcr\u00fcn yelpazesi sunan lider bir hidrolik silindir \u00fcreticisiyiz. Hidrolik teknolojisindeki uzmanl\u0131\u011f\u0131m\u0131z, bizi sekt\u00f6rdeki en iyi toptan distrib\u00fct\u00f6r ve \u00fcretici konumuna getirmektedir.<\/p>\n<p>Profesyonelli\u011fe olan ba\u011fl\u0131l\u0131\u011f\u0131m\u0131z, \u00fcr\u00fcnlerimizin s\u0131k\u0131 kalite standartlar\u0131n\u0131 kar\u015f\u0131lamas\u0131n\u0131 sa\u011flayan uluslararas\u0131 alanda tan\u0131nan sertifikalar\u0131m\u0131zla kan\u0131tlanmaktad\u0131r. Ayr\u0131ca, \u00fcretim kapasitemizi art\u0131ran son teknoloji \u00fcretim ekipmanlar\u0131yla desteklenen, \u00f6zel m\u00fc\u015fteri gereksinimlerini kar\u015f\u0131layacak \u015fekilde tasarlanm\u0131\u015f \u00f6zel hizmetler de sunuyoruz.<\/p>\n<p>Sat\u0131\u015f sonras\u0131 servisimiz, s\u00fcrekli destek ve bak\u0131m sa\u011flayarak m\u00fc\u015fteri memnuniyetini ve uzun vadeli ortakl\u0131klar\u0131 garanti alt\u0131na almaya adanm\u0131\u015ft\u0131r.<\/p>\n<p><img decoding=\"async\" src=\"https:\/\/www.hydraulic-cylinders.net\/wp-content\/uploads\/2025\/05\/xinxin-hydraulic-cylinder-factory-1.webp\" alt=\"Hidrolik Silindir Fabrikas\u0131\"><\/p>\n<p>Yazar: lyl<\/p>","protected":false},"excerpt":{"rendered":"<p>CSYG2075B Micro Digging Bucket Arm Cylinder Product Overview The CSYG2075B Micro Digging Bucket Arm Cylinder is an essential hydraulic component designed for various digging applications. This hydraulic cylinder operates with precision and efficiency, allowing operators to maneuver digging buckets with ease. It is specifically engineered to facilitate digging operations in tight spaces, making it ideal [&hellip;]<\/p>","protected":false},"featured_media":20603,"comment_status":"open","ping_status":"closed","template":"","meta":{"_et_pb_use_builder":"","_et_pb_old_content":"","_et_gb_content_width":""},"product_brand":[],"product_cat":[1483,1557],"product_tag":[],"class_list":{"0":"post-20704","1":"product","2":"type-product","3":"status-publish","4":"has-post-thumbnail","6":"product_cat-construction-machinery-hydraulic-cylinders","7":"product_cat-micro-digging-side-hydraulic-cylinders","9":"first","10":"instock","11":"shipping-taxable","12":"product-type-simple"},"amp_enabled":true,"_links":{"self":[{"href":"https:\/\/www.hydraulic-cylinders.net\/tr\/wp-json\/wp\/v2\/product\/20704","targetHints":{"allow":["GET"]}}],"collection":[{"href":"https:\/\/www.hydraulic-cylinders.net\/tr\/wp-json\/wp\/v2\/product"}],"about":[{"href":"https:\/\/www.hydraulic-cylinders.net\/tr\/wp-json\/wp\/v2\/types\/product"}],"replies":[{"embeddable":true,"href":"https:\/\/www.hydraulic-cylinders.net\/tr\/wp-json\/wp\/v2\/comments?post=20704"}],"wp:featuredmedia":[{"embeddable":true,"href":"https:\/\/www.hydraulic-cylinders.net\/tr\/wp-json\/wp\/v2\/media\/20603"}],"wp:attachment":[{"href":"https:\/\/www.hydraulic-cylinders.net\/tr\/wp-json\/wp\/v2\/media?parent=20704"}],"wp:term":[{"taxonomy":"product_brand","embeddable":true,"href":"https:\/\/www.hydraulic-cylinders.net\/tr\/wp-json\/wp\/v2\/product_brand?post=20704"},{"taxonomy":"product_cat","embeddable":true,"href":"https:\/\/www.hydraulic-cylinders.net\/tr\/wp-json\/wp\/v2\/product_cat?post=20704"},{"taxonomy":"product_tag","embeddable":true,"href":"https:\/\/www.hydraulic-cylinders.net\/tr\/wp-json\/wp\/v2\/product_tag?post=20704"}],"curies":[{"name":"wp","href":"https:\/\/api.w.org\/{rel}","templated":true}]}}