{"id":20706,"date":"2025-05-27T06:21:49","date_gmt":"2025-05-27T06:21:49","guid":{"rendered":"https:\/\/www.hydraulic-cylinders.net\/product\/csyg2076-micro-digging-bucket-cylinder\/"},"modified":"2025-05-27T06:21:51","modified_gmt":"2025-05-27T06:21:51","slug":"csyg2076-micro-digging-bucket-cylinder","status":"publish","type":"product","link":"https:\/\/www.hydraulic-cylinders.net\/tr\/urun\/csyg2076-micro-digging-bucket-cylinder\/","title":{"rendered":"CSYG2076 Mikro Kaz\u0131c\u0131 Kova Silindiri"},"content":{"rendered":"<h1>CSYG2076 Mikro Kaz\u0131c\u0131 Kova Silindiri<\/h1>\n<h2>\u00dcr\u00fcn Genel Bak\u0131\u015f\u0131<\/h2>\n<p>CSYG2076 Mikro Kaz\u0131c\u0131 Kova Silindiri, \u00f6zellikle in\u015faat ve kaz\u0131 alanlar\u0131nda \u00e7e\u015fitli hidrolik uygulamalar i\u00e7in tasarlanm\u0131\u015f \u00f6nemli bir bile\u015fendir. Bu hidrolik silindir, hidrolik enerjiyi mekanik kuvvete d\u00f6n\u00fc\u015ft\u00fcrmede kritik bir rol oynayarak, makinelerdeki kaz\u0131c\u0131 kovalar\u0131n verimli hareketini ve kontrol\u00fcn\u00fc sa\u011flar. 50 mm \u00e7ap\u0131nda ve 30 mm piston \u00e7ap\u0131na sahip bu silindir, dayan\u0131kl\u0131l\u0131k ve hassasiyet i\u00e7in tasarlanm\u0131\u015ft\u0131r. 230 mm hareket mesafesi, kompakt alanlarda geli\u015fmi\u015f performans sa\u011flayarak mini ekskavat\u00f6rler ve benzeri ekipmanlar i\u00e7in idealdir. 475 mm montaj mesafesi, farkl\u0131 makinelerle entegrasyonda \u00e7ok y\u00f6nl\u00fcl\u00fck sa\u011flayarak operat\u00f6rlerin hidrolik sistemlerinde optimum i\u015flevsellik elde etmelerini sa\u011flar.<\/p>\n<h2>\u00d6zellikler<\/h2>\n<h3>Temel Parametreler<\/h3>\n<ul>\n<li>Silindir \u00c7ap\u0131: 50mm<\/li>\n<li>\u00c7ubuk \u00c7ap\u0131: 30 mm<\/li>\n<li>Hareket mesafesi: 230 mm<\/li>\n<li>Montaj Mesafesi: 475 mm<\/li>\n<\/ul>\n<p>Bu \u00f6zellikler, silindirin \u00e7e\u015fitli uygulamalarda verimli bir \u015fekilde \u00e7al\u0131\u015fabilme yetene\u011fini yans\u0131t\u0131r. Silindir \u00e7ap\u0131 ve piston kolu \u00e7ap\u0131, silindirin y\u00fck ta\u015f\u0131ma kapasitesini ve genel dayan\u0131kl\u0131l\u0131\u011f\u0131n\u0131 belirlemede kritik \u00f6neme sahipken, hareket mesafesi do\u011frudan ba\u011fland\u0131\u011f\u0131 makinenin eri\u015fimini ve \u00e7al\u0131\u015fmas\u0131n\u0131 etkiler. Montaj mesafesi, mevcut sistemlerle uyumlulu\u011fu sa\u011flamak i\u00e7in hayati \u00f6neme sahiptir ve bu da CSYG2076'y\u0131 hidrolik yeteneklerini geli\u015ftirmek isteyen operat\u00f6rler i\u00e7in \u00e7ok y\u00f6nl\u00fc bir se\u00e7enek haline getirir.<\/p>\n<h2>\u00d6zellikler<\/h2>\n<ul>\n<li>Uzun \u00f6m\u00fcr i\u00e7in y\u00fcksek kaliteli yap\u0131.<\/li>\n<li>Dar alanlar i\u00e7in uygun, kompakt tasar\u0131m.<\/li>\n<li>Minimum s\u0131z\u0131nt\u0131 ile verimli hidrolik performans.<\/li>\n<li>Kolay kurulum ve \u00e7e\u015fitli makinelerle uyumluluk.<\/li>\n<li>Belirli uygulamalar i\u00e7in \u00f6zelle\u015ftirilebilir se\u00e7enekler mevcuttur.<\/li>\n<\/ul>\n<p>Firmam\u0131z bu \u00fcr\u00fcn\u00fcn \u00fcretiminde uzmanla\u015fm\u0131\u015ft\u0131r ve silindirlerimizin kalite veya performanstan \u00f6d\u00fcn vermeden mevcut hidrolik sistemlerin yerini m\u00fckemmel bir \u015fekilde almas\u0131n\u0131 sa\u011flamaktad\u0131r.<\/p>\n<h2>Uygulama Senaryolar\u0131<\/h2>\n<h3>\u0130n\u015faat Alanlar\u0131<\/h3>\n<p>\u0130n\u015faat sahalar\u0131nda, CSYG2076 Mikro Kaz\u0131c\u0131 Kova Silindiri, kazma, kald\u0131rma ve toprak ta\u015f\u0131ma gibi i\u015fler i\u00e7in vazge\u00e7ilmezdir. Sa\u011flam tasar\u0131m\u0131, a\u011f\u0131r y\u00fckleri ta\u015f\u0131yabilmesini sa\u011flarken, dar alanlarda karma\u015f\u0131k i\u015flerin y\u00fcr\u00fct\u00fclmesi i\u00e7in gerekli olan hassas kontrol\u00fc de sunar. Silindirin performans\u0131, verimlili\u011fi art\u0131rarak, g\u00fcvenlik veya verimlilikten \u00f6d\u00fcn vermeden projelerin daha h\u0131zl\u0131 tamamlanmas\u0131n\u0131 sa\u011flar.<\/p>\n<h3>Tar\u0131m Ekipmanlar\u0131<\/h3>\n<p>Bu hidrolik silindir, kompakt trakt\u00f6rler ve y\u00fckleyiciler gibi tar\u0131m makinelerinde de yayg\u0131n olarak kullan\u0131lmaktad\u0131r. Pulluk veya kep\u00e7e gibi \u00e7e\u015fitli ata\u015fmanlar\u0131 kullanabilme \u00f6zelli\u011fi, onu inan\u0131lmaz derecede \u00e7ok y\u00f6nl\u00fc k\u0131lmaktad\u0131r. \u00c7ift\u00e7iler, toprak i\u015fleme veya malzeme ta\u015f\u0131ma gibi i\u015flerin daha verimli bir \u015fekilde tamamlanmas\u0131n\u0131 sa\u011flayarak ekipmanlar\u0131n\u0131n i\u015flevsel kapasitesini art\u0131rmak i\u00e7in bu \u00fcr\u00fcne g\u00fcvenmektedir.<\/p>\n<h3>Peyzaj Makineleri<\/h3>\n<p>Peyzaj \u00e7al\u0131\u015fmalar\u0131nda, CSYG2076 silindiri, dikim, tesviye ve di\u011fer peyzaj i\u015flerinde kullan\u0131lan makinelerin hareketini kolayla\u015ft\u0131r\u0131r. Kompakt boyutu, daha b\u00fcy\u00fck ekipmanlar\u0131n \u00e7al\u0131\u015famad\u0131\u011f\u0131 konut bah\u00e7elerinde kullan\u0131m\u0131na olanak tan\u0131r ve peyzajc\u0131lara toprak b\u00fct\u00fcnl\u00fc\u011f\u00fcnden \u00f6d\u00fcn vermeden detayl\u0131 i\u015fler yapabilmeleri i\u00e7in gerekli g\u00fcc\u00fc sa\u011flar.<\/p>\n<h3>Madencilik Ekipmanlar\u0131<\/h3>\n<p>CSYG2076'n\u0131n g\u00fc\u00e7l\u00fc \u00f6zellikleri, kaz\u0131 ve malzeme ta\u015f\u0131ma i\u015flemlerinde hidrolik sistemlerin kritik \u00f6nem ta\u015f\u0131d\u0131\u011f\u0131 madencilik operasyonlar\u0131nda b\u00fcy\u00fck fayda sa\u011flar. Dayan\u0131kl\u0131 yap\u0131s\u0131, zorlu ko\u015fullarda bile g\u00fcvenilirli\u011fi garanti ederek, ekipman ar\u0131zas\u0131na ba\u011fl\u0131 kesintileri en aza indirirken kesintisiz operasyonlar\u0131n s\u00fcrd\u00fcr\u00fclmesine yard\u0131mc\u0131 olur.<\/p>\n<h3>Malzeme Ta\u015f\u0131ma Ekipmanlar\u0131<\/h3>\n<p>CSYG2076'n\u0131n verimlili\u011fi, depolarda ve \u015fantiyelerde a\u011f\u0131r mallar\u0131n kald\u0131r\u0131lmas\u0131 ve ta\u015f\u0131nmas\u0131na yard\u0131mc\u0131 olarak malzeme elle\u00e7leme alan\u0131na da uzanmaktad\u0131r. G\u00fcvenilir performans sa\u011flayarak, bu silindir genel i\u015f ak\u0131\u015f\u0131n\u0131 iyile\u015ftirir ve mallar\u0131n do\u011fru ve g\u00fcvenli bir \u015fekilde elle\u00e7lenmesini sa\u011flar.<\/p>\n<h2>Tasar\u0131m Hususlar\u0131 ve Se\u00e7im Kriterleri<\/h2>\n<h3>Y\u00fck Ta\u015f\u0131ma Kapasitesi<\/h3>\n<p>Hidrolik silindir se\u00e7erken, ta\u015f\u0131ma kapasitesi son derece \u00f6nemlidir. CSYG2076, \u00f6nemli a\u011f\u0131rl\u0131klar\u0131 kald\u0131racak \u015fekilde tasarlanm\u0131\u015ft\u0131r ve bu da onu \u00e7e\u015fitli zorlu uygulamalar i\u00e7in uygun hale getirir. Bu \u00f6zellik, silindirin performans\u0131n\u0131 ve \u00e7al\u0131\u015fma g\u00fcvenli\u011fini belirledi\u011fi i\u00e7in \u00e7ok \u00f6nemlidir. M\u00fchendisler, silindirin ar\u0131za olmadan beklenen maksimum y\u00fckleri kar\u015f\u0131layabildi\u011finden emin olmal\u0131d\u0131r; aksi takdirde \u00e7al\u0131\u015fma kesintileri ve maliyet art\u0131\u015flar\u0131 ya\u015fanabilir.<\/p>\n<h3>S\u0131zd\u0131rmazl\u0131k Performans\u0131<\/h3>\n<p>S\u0131zd\u0131rmazl\u0131k, hidrolik silindir tasar\u0131m\u0131n\u0131n bir di\u011fer kritik y\u00f6n\u00fcd\u00fcr. CSYG2076, s\u0131v\u0131 s\u0131z\u0131nt\u0131s\u0131n\u0131 \u00f6nlemek ve tutarl\u0131 performans sa\u011flamak i\u00e7in geli\u015fmi\u015f s\u0131zd\u0131rmazl\u0131k teknolojilerini b\u00fcnyesinde bar\u0131nd\u0131r\u0131r. Etkili contalar, silindir i\u00e7indeki bas\u0131nc\u0131 korumak ve i\u00e7 bile\u015fenlerdeki a\u015f\u0131nmay\u0131 azaltmak i\u00e7in gereklidir. S\u0131zd\u0131rmazl\u0131k malzemelerinin se\u00e7imi de \u00f6nemlidir, \u00e7\u00fcnk\u00fc \u00f6zellikle kirleticilere maruz kalan ortamlarda silindirin \u00f6mr\u00fcn\u00fc ve verimlili\u011fini etkiler.<\/p>\n<h3>Dayan\u0131kl\u0131l\u0131k<\/h3>\n<p>Hidrolik silindir tasar\u0131m\u0131nda dayan\u0131kl\u0131l\u0131k \u00f6nemli bir husustur. CSYG2076, zorlu ko\u015fullara ve yo\u011fun kullan\u0131ma dayanabilen y\u00fcksek mukavemetli malzemelerden \u00fcretilmi\u015ftir. Bu dayan\u0131kl\u0131l\u0131k, s\u0131k s\u0131k de\u011fi\u015ftirme ve onar\u0131m ihtiyac\u0131n\u0131 en aza indirerek uzun vadede daha d\u00fc\u015f\u00fck i\u015fletme maliyetlerine katk\u0131da bulunur. Tasar\u0131m ayr\u0131ca korozyona ve a\u015f\u0131nmaya kar\u015f\u0131 direnci de dikkate almal\u0131 ve silindirin zaman i\u00e7inde i\u015flevsel kalmas\u0131n\u0131 sa\u011flamal\u0131d\u0131r.<\/p>\n<h3>G\u00fcvenlik \u00d6zellikleri<\/h3>\n<p>Hidrolik sistemlerde g\u00fcvenlik her \u015feyden \u00f6nemlidir. CSYG2076, a\u015f\u0131r\u0131 y\u00fcklenmeyi \u00f6nlemek ve g\u00fcvenli \u00e7al\u0131\u015fmay\u0131 sa\u011flamak i\u00e7in bas\u0131n\u00e7 tahliye vanalar\u0131 gibi g\u00fcvenlik \u00f6zelliklerini i\u00e7erir. Bu \u00f6zellikler, hem ekipman\u0131 hem de operat\u00f6rleri korumak, yaralanmalara veya ekipman hasar\u0131na yol a\u00e7abilecek kazalar\u0131n riskini azaltmak a\u00e7\u0131s\u0131ndan hayati \u00f6neme sahiptir.<\/p>\n<h3>Bak\u0131m Eri\u015filebilirli\u011fi<\/h3>\n<p>Bak\u0131m eri\u015filebilirli\u011fine y\u00f6nelik tasar\u0131m \u00f6nemlidir, \u00e7\u00fcnk\u00fc bu sayede incelemeler ve onar\u0131mlar kolayla\u015f\u0131r. CSYG2076, bak\u0131m i\u015flemlerini basitle\u015ftirmek ve kritik bile\u015fenlere kolayca eri\u015filebilmesini sa\u011flamak \u00fczere tasarlanm\u0131\u015ft\u0131r. Bak\u0131ma odaklanma, ar\u0131za s\u00fcrelerini azalt\u0131r ve operat\u00f6rlerin ortaya \u00e7\u0131kan sorunlar\u0131 h\u0131zl\u0131 bir \u015fekilde \u00e7\u00f6zebilmesini sa\u011flayarak genel verimlili\u011fi art\u0131r\u0131r.<\/p>\n<h2>S\u0131zd\u0131rmazl\u0131k ve Ya\u011flama<\/h2>\n<p>CSYG2076 Mikro Kaz\u0131c\u0131 Kova Silindirinin performans\u0131 i\u00e7in etkili s\u0131zd\u0131rmazl\u0131k ve ya\u011flama \u015fartt\u0131r. Optimum \u00e7al\u0131\u015fma sa\u011flamak i\u00e7in piston contalar\u0131 ve mil contalar\u0131 dahil olmak \u00fczere \u00e7e\u015fitli s\u0131zd\u0131rmazl\u0131k bile\u015fenleri kullan\u0131r. Poli\u00fcretan ve nitril kau\u00e7uk gibi malzemelerin se\u00e7imi, silindir b\u00fct\u00fcnl\u00fc\u011f\u00fcn\u00fcn zaman i\u00e7inde korunmas\u0131nda hayati \u00f6nem ta\u015f\u0131yan dayan\u0131kl\u0131l\u0131\u011f\u0131 ve a\u015f\u0131nma direncini art\u0131r\u0131r. Silindir g\u00f6vdesi ve di\u015fli u\u00e7lar\u0131, a\u015f\u0131nma direncini art\u0131rmak i\u00e7in hassas i\u015fleme tabi tutularak, silindirin zorlu ortamlarda etkili bir \u015fekilde \u00e7al\u0131\u015fabilmesi sa\u011flan\u0131r.<\/p>\n<p>Hidrolik silindirin a\u015f\u0131nmas\u0131n\u0131 \u00f6nlemek ve \u00f6mr\u00fcn\u00fc uzatmak i\u00e7in d\u00fczenli olarak hidrolik ya\u011f ile ya\u011flama yap\u0131lmas\u0131 gereklidir. Operat\u00f6rler, uygun hidrolik bas\u0131nc\u0131 korumak ve yetersiz ya\u011flamadan kaynaklanabilecek olas\u0131 hasarlar\u0131 \u00f6nlemek i\u00e7in do\u011fru miktarda ya\u011f kullan\u0131ld\u0131\u011f\u0131ndan emin olmal\u0131d\u0131r. Bu uygulama yaln\u0131zca performans\u0131 art\u0131rmakla kalmaz, ayn\u0131 zamanda maliyetli onar\u0131mlar\u0131n olas\u0131l\u0131\u011f\u0131n\u0131 da en aza indirir.<\/p>\n<h2>Bak\u0131m ve \u00d6nleyici Tedbirler<\/h2>\n<ul>\n<li>D\u00fczenli Denetimler<\/li>\n<li>Uygun Ya\u011flama<\/li>\n<li>Conta De\u011fi\u015fimi<\/li>\n<\/ul>\n<p>D\u00fczenli kontroller yapmak, a\u015f\u0131nma ve y\u0131pranman\u0131n \u00f6nemli sorunlara yol a\u00e7madan \u00f6nce tespit edilmesine yard\u0131mc\u0131 olabilir. Operat\u00f6rler, \u00e7al\u0131\u015fma s\u0131ras\u0131nda herhangi bir s\u0131z\u0131nt\u0131, korozyon veya ola\u011fand\u0131\u015f\u0131 ses belirtisi olup olmad\u0131\u011f\u0131n\u0131 kontrol etmelidir.<\/p>\n<p>Do\u011fru ya\u011flama, sorunsuz \u00e7al\u0131\u015fma i\u00e7in \u00e7ok \u00f6nemlidir. Operat\u00f6rler, verimlili\u011fi korumak ve hasar\u0131 \u00f6nlemek i\u00e7in hidrolik ya\u011f t\u00fcr\u00fc ve ya\u011flama s\u0131kl\u0131\u011f\u0131 konusunda \u00fcretici tavsiyelerine uymal\u0131d\u0131r.<\/p>\n<p>Conta de\u011fi\u015fimi, rutin bak\u0131m\u0131n bir par\u00e7as\u0131 olarak yap\u0131lmal\u0131d\u0131r. Zamanla contalar a\u015f\u0131nabilir ve etkilerini kaybederek s\u0131z\u0131nt\u0131lara ve performans d\u00fc\u015f\u00fc\u015f\u00fcne yol a\u00e7abilir. Contalar\u0131n d\u00fczenli olarak kontrol edilmesi ve gerekti\u011finde de\u011fi\u015ftirilmesi, silindirin performans\u0131n\u0131 koruyacakt\u0131r.<\/p>\n<h2>Kurulum Talimatlar\u0131<\/h2>\n<p>CSYG2076 Mikro Kaz\u0131c\u0131 Kova Silindirinin do\u011fru montaj\u0131, optimum performans i\u00e7in \u00e7ok \u00f6nemlidir. \u00d6ncelikle montaj y\u00fczeyinin temiz ve kal\u0131nt\u0131lardan ar\u0131nd\u0131r\u0131lm\u0131\u015f oldu\u011fundan emin olun. Silindirin tak\u0131ld\u0131\u011f\u0131 makineyle do\u011fru \u015fekilde hizaland\u0131\u011f\u0131ndan emin olmak i\u00e7in uygun hizalama ara\u00e7lar\u0131 kullan\u0131n. Bu ad\u0131m, \u00e7al\u0131\u015fma s\u0131ras\u0131nda silindirde gereksiz gerilme ve a\u015f\u0131nmay\u0131 \u00f6nlemek i\u00e7in hayati \u00f6nem ta\u015f\u0131r.<\/p>\n<p>Silindiri sabitlerken, g\u00fcvenli bir ba\u011flant\u0131 sa\u011flamak i\u00e7in \u00f6nerilen montaj braketlerini ve donan\u0131m\u0131n\u0131 kullan\u0131n. Yanl\u0131\u015f monte edilmi\u015f silindirler, hizalama sorunlar\u0131na yol a\u00e7arak performans d\u00fc\u015f\u00fc\u015f\u00fcne ve potansiyel hasara neden olabilir. Montajdan sonra, t\u00fcm ba\u011flant\u0131lar\u0131n ve rakorlar\u0131n s\u0131k\u0131 ve do\u011fru \u015fekilde yerle\u015ftirildi\u011finden emin olun.<\/p>\n<p>Kurulum tamamland\u0131ktan sonra, s\u0131z\u0131nt\u0131 olmad\u0131\u011f\u0131ndan ve silindirin sorunsuz \u00e7al\u0131\u015ft\u0131\u011f\u0131ndan emin olmak i\u00e7in kapsaml\u0131 bir sistem kontrol\u00fc yap\u0131n. Sistemi tamamen devreye almadan \u00f6nce, kurulumun ba\u015far\u0131l\u0131 oldu\u011funu do\u011frulamak i\u00e7in ba\u015flang\u0131\u00e7ta makineyi d\u00fc\u015f\u00fck bas\u0131n\u00e7ta \u00e7al\u0131\u015ft\u0131rman\u0131z \u00f6nerilir.<\/p>\n<h2>Bak\u0131m G\u00f6revleri<\/h2>\n<h3>D\u00fczenli Denetimler<\/h3>\n<p>Hidrolik silindirin g\u00fcvenli \u00e7al\u0131\u015fmas\u0131n\u0131n devaml\u0131l\u0131\u011f\u0131n\u0131 sa\u011flamak i\u00e7in d\u00fczenli kontroller \u00e7ok \u00f6nemlidir. Operat\u00f6rler, silindir g\u00f6vdesindeki \u00e7atlaklar ve s\u0131z\u0131nt\u0131 belirtileri de dahil olmak \u00fczere a\u015f\u0131nma veya hasar belirtilerine dikkat etmelidir. D\u00fczenli bir kontrol program\u0131 olu\u015fturmak, sorunlar\u0131 erken tespit etmeye, maliyetli onar\u0131mlar\u0131 ve ar\u0131za s\u00fcrelerini \u00f6nlemeye yard\u0131mc\u0131 olabilir.<\/p>\n<h3>Uygun Ya\u011flama<\/h3>\n<p>CSYG2076'n\u0131n performans\u0131n\u0131 korumak i\u00e7in uygun ya\u011flama \u015fartt\u0131r. Operat\u00f6rler d\u00fczenli olarak hidrolik s\u0131v\u0131 seviyelerini kontrol etmeli ve do\u011fru ya\u011f t\u00fcr\u00fcn\u00fcn kullan\u0131ld\u0131\u011f\u0131ndan emin olmal\u0131d\u0131r. Yetersiz ya\u011flama, s\u00fcrt\u00fcnmeyi, a\u015f\u0131nmay\u0131 ve bile\u015fenlerin potansiyel ar\u0131zas\u0131n\u0131 art\u0131rabilir; bu nedenle, \u00fcreticinin ya\u011flama s\u0131kl\u0131\u011f\u0131 ve miktar\u0131 hakk\u0131ndaki y\u00f6nergelerine uymak hayati \u00f6nem ta\u015f\u0131r.<\/p>\n<h3>Conta De\u011fi\u015fimi ve Kalibrasyon Kontrolleri<\/h3>\n<p>S\u0131z\u0131nt\u0131lar\u0131 \u00f6nlemek ve verimli \u00e7al\u0131\u015fmay\u0131 sa\u011flamak i\u00e7in conta de\u011fi\u015fimi bak\u0131m rutininin bir par\u00e7as\u0131 olmal\u0131d\u0131r. Hidrolik silindirin do\u011fru \u00e7al\u0131\u015fmas\u0131n\u0131 s\u00fcrd\u00fcrmek i\u00e7in d\u00fczenli kalibrasyon kontrolleri de \u015fartt\u0131r. Do\u011fru kalibre edilmi\u015f sistemler, silindirin en iyi performans\u0131n\u0131 sergilemesini sa\u011flayarak verimlili\u011fi ve g\u00fcvenli\u011fi en \u00fcst d\u00fczeye \u00e7\u0131kar\u0131r.<\/p>\n<h2>G\u00fcvenlik Hususlar\u0131 ve \u00c7evresel Fakt\u00f6rler<\/h2>\n<p>CSYG2076 dahil olmak \u00fczere hidrolik silindirlerle \u00e7al\u0131\u015f\u0131rken g\u00fcvenlik \u00f6nlemleri kritik \u00f6neme sahiptir. Operat\u00f6rler, kazalar\u0131 \u00f6nlemek i\u00e7in uygun koruyucu ekipman giymek ve \u00e7al\u0131\u015fma alan\u0131n\u0131n tehlikelerden ar\u0131nd\u0131r\u0131lm\u0131\u015f oldu\u011fundan emin olmak da dahil olmak \u00fczere t\u00fcm g\u00fcvenlik protokollerine uymal\u0131d\u0131r. Bas\u0131n\u00e7l\u0131 s\u0131v\u0131 s\u0131z\u0131nt\u0131lar\u0131 gibi hidrolik sistemlerle ili\u015fkili potansiyel riskleri anlamak, operasyonlarda g\u00fcvenli\u011fi sa\u011flamak i\u00e7in hayati \u00f6nem ta\u015f\u0131r.<\/p>\n<h2>Ar\u0131za Te\u015fhisi ve Yayg\u0131n Sorunlar<\/h2>\n<ul>\n<li>Contalar\u0131n etraf\u0131nda s\u0131z\u0131nt\u0131<\/li>\n<li>\u00c7al\u0131\u015fma s\u0131ras\u0131nda ola\u011fand\u0131\u015f\u0131 sesler<\/li>\n<li>Bas\u0131n\u00e7 kayb\u0131<\/li>\n<\/ul>\n<p>S\u0131zd\u0131rmazl\u0131k elemanlar\u0131n\u0131n etraf\u0131ndaki s\u0131z\u0131nt\u0131lar, acil m\u00fcdahale gerektiren a\u015f\u0131nma veya hasar\u0131n g\u00f6stergesi olabilir. Operat\u00f6rler, s\u0131v\u0131 kayb\u0131n\u0131 \u00f6nlemek ve performans\u0131 korumak i\u00e7in s\u0131zd\u0131rmazl\u0131k elemanlar\u0131n\u0131 d\u00fczenli olarak kontrol etmeli ve gerekti\u011finde de\u011fi\u015ftirmelidir.<\/p>\n<p>\u00c7al\u0131\u015fma s\u0131ras\u0131nda duyulan ola\u011fand\u0131\u015f\u0131 sesler, muhtemelen yetersiz ya\u011flama veya i\u00e7 bile\u015fenlerin a\u015f\u0131nmas\u0131yla ilgili bir soruna i\u015faret edebilir. Daha fazla hasar\u0131 \u00f6nlemek i\u00e7in sorunun h\u0131zl\u0131 bir \u015fekilde te\u015fhis edilmesi ve giderilmesi i\u00e7in gerekli \u00f6nlemler al\u0131nmal\u0131d\u0131r.<\/p>\n<p>Bas\u0131n\u00e7 kayb\u0131, hidrolik sistemin verimlili\u011fini etkileyebilir ve sistem i\u00e7inde s\u0131z\u0131nt\u0131 veya t\u0131kan\u0131kl\u0131k oldu\u011funu g\u00f6sterebilir. Altta yatan nedeni belirlemek ve gidermek i\u00e7in t\u00fcm sistemin kapsaml\u0131 bir \u015fekilde incelenmesi gereklidir.<\/p>\n<h2>Sorun Giderme \u0130pu\u00e7lar\u0131 ve \u00c7\u00f6z\u00fcmleri<\/h2>\n<p>CSYG2076 ile ilgili sorunlar\u0131 etkili bir \u015fekilde te\u015fhis etmek ve \u00e7\u00f6zmek i\u00e7in operat\u00f6rler \u00f6ncelikle a\u015f\u0131nma veya hasar belirtileri a\u00e7\u0131s\u0131ndan g\u00f6rsel incelemeler yapmal\u0131d\u0131r. K\u00fc\u00e7\u00fck sorunlar\u0131n derhal giderilmesi, bunlar\u0131n daha ciddi sorunlara d\u00f6n\u00fc\u015fmesini \u00f6nleyebilir.<\/p>\n<p>T\u00fcm bak\u0131m faaliyetlerinin, muayene ve onar\u0131mlar da dahil olmak \u00fczere, kay\u0131t alt\u0131na al\u0131nmas\u0131 \u00e7ok \u00f6nemlidir. Bu dok\u00fcmantasyon, tekrarlayan sorunlar\u0131n belirlenmesine ve gelecekteki bak\u0131m stratejilerinin olu\u015fturulmas\u0131na yard\u0131mc\u0131 olabilir. D\u00fczenli ya\u011flama ve conta de\u011fi\u015fimi gibi \u00f6nleyici tedbirler, potansiyel sorun riskini \u00f6nemli \u00f6l\u00e7\u00fcde azaltarak hidrolik silindirin uzun \u00f6m\u00fcrl\u00fcl\u00fc\u011f\u00fcn\u00fc ve performans\u0131n\u0131 sa\u011flar.<\/p>\n<p><img decoding=\"async\" src=\"https:\/\/www.hydraulic-cylinders.net\/wp-content\/uploads\/2025\/05\/hydraulic-cylinder-all-2.webp\" alt=\"Hidrolik Silindir\"><\/p>\n<h2>\u015eirketimiz Hakk\u0131nda<\/h2>\n<p>Biz, yerel ve uluslararas\u0131 pazarlar\u0131n ihtiya\u00e7lar\u0131n\u0131 kar\u015f\u0131layan kapsaml\u0131 bir \u00fcr\u00fcn yelpazesi sunan, \u00f6nde gelen bir hidrolik silindir \u00fcreticisiyiz. Hidrolik sistemlerdeki uzmanl\u0131\u011f\u0131m\u0131z, bizi \u00fcretim ve toptan da\u011f\u0131t\u0131mda g\u00fcvenilir bir isim haline getirmi\u015ftir. End\u00fcstri standartlar\u0131n\u0131 garanti eden uluslararas\u0131 sertifikalarla desteklenen \u00fcr\u00fcnlerimizin kalitesiyle gurur duyuyoruz.<\/p>\n<p>\u00d6zelle\u015ftirme hizmetlerimiz, m\u00fc\u015fterilerimizin \u00fcr\u00fcnlerimizi kendi \u00f6zel gereksinimlerine g\u00f6re uyarlamalar\u0131na ve uygulamalar\u0131nda optimum performans sa\u011flamalar\u0131na olanak tan\u0131r. Geli\u015fmi\u015f \u00fcretim ekipmanlar\u0131m\u0131z ve alan\u0131nda uzman profesyonellerden olu\u015fan ekibimizle, her silindirin en y\u00fcksek standartlarda \u00fcretilmesini sa\u011fl\u0131yoruz. Sat\u0131\u015f sonras\u0131 hizmetimiz, m\u00fc\u015fterilerimizi sat\u0131n al\u0131mdan \u00e7ok sonra da desteklemek, ortaya \u00e7\u0131kabilecek her t\u00fcrl\u00fc soru veya sorunda yard\u0131mc\u0131 olmak \u00fczere tasarlanm\u0131\u015ft\u0131r.<\/p>\n<p><img decoding=\"async\" src=\"https:\/\/www.hydraulic-cylinders.net\/wp-content\/uploads\/2025\/05\/xinxin-hydraulic-cylinder-factory-1.webp\" alt=\"Hidrolik Silindir Fabrikas\u0131\"><\/p>\n<p>Yazar: lyl<\/p>","protected":false},"excerpt":{"rendered":"<p>CSYG2076 Micro Digging Bucket Cylinder Product Overview The CSYG2076 Micro Digging Bucket Cylinder is a key component designed for various hydraulic applications, particularly in construction and excavation. This hydraulic cylinder plays a crucial role in converting hydraulic energy into mechanical force, allowing for efficient movement and control of digging buckets in machinery. With a diameter [&hellip;]<\/p>","protected":false},"featured_media":20604,"comment_status":"open","ping_status":"closed","template":"","meta":{"_et_pb_use_builder":"","_et_pb_old_content":"","_et_gb_content_width":""},"product_brand":[],"product_cat":[1483,1557],"product_tag":[],"class_list":{"0":"post-20706","1":"product","2":"type-product","3":"status-publish","4":"has-post-thumbnail","6":"product_cat-construction-machinery-hydraulic-cylinders","7":"product_cat-micro-digging-side-hydraulic-cylinders","9":"first","10":"instock","11":"shipping-taxable","12":"product-type-simple"},"amp_enabled":true,"_links":{"self":[{"href":"https:\/\/www.hydraulic-cylinders.net\/tr\/wp-json\/wp\/v2\/product\/20706","targetHints":{"allow":["GET"]}}],"collection":[{"href":"https:\/\/www.hydraulic-cylinders.net\/tr\/wp-json\/wp\/v2\/product"}],"about":[{"href":"https:\/\/www.hydraulic-cylinders.net\/tr\/wp-json\/wp\/v2\/types\/product"}],"replies":[{"embeddable":true,"href":"https:\/\/www.hydraulic-cylinders.net\/tr\/wp-json\/wp\/v2\/comments?post=20706"}],"wp:featuredmedia":[{"embeddable":true,"href":"https:\/\/www.hydraulic-cylinders.net\/tr\/wp-json\/wp\/v2\/media\/20604"}],"wp:attachment":[{"href":"https:\/\/www.hydraulic-cylinders.net\/tr\/wp-json\/wp\/v2\/media?parent=20706"}],"wp:term":[{"taxonomy":"product_brand","embeddable":true,"href":"https:\/\/www.hydraulic-cylinders.net\/tr\/wp-json\/wp\/v2\/product_brand?post=20706"},{"taxonomy":"product_cat","embeddable":true,"href":"https:\/\/www.hydraulic-cylinders.net\/tr\/wp-json\/wp\/v2\/product_cat?post=20706"},{"taxonomy":"product_tag","embeddable":true,"href":"https:\/\/www.hydraulic-cylinders.net\/tr\/wp-json\/wp\/v2\/product_tag?post=20706"}],"curies":[{"name":"wp","href":"https:\/\/api.w.org\/{rel}","templated":true}]}}