{"id":20710,"date":"2025-05-27T06:21:58","date_gmt":"2025-05-27T06:21:58","guid":{"rendered":"https:\/\/www.hydraulic-cylinders.net\/product\/sanitation-vehicle-locking-hook-hydraulic-cylinder\/"},"modified":"2025-05-27T06:22:00","modified_gmt":"2025-05-27T06:22:00","slug":"sanitation-vehicle-locking-hook-hydraulic-cylinder","status":"publish","type":"product","link":"https:\/\/www.hydraulic-cylinders.net\/tr\/urun\/sanitation-vehicle-locking-hook-hydraulic-cylinder\/","title":{"rendered":"Temizlik Arac\u0131 Kilitleme Kancas\u0131 Hidrolik Silindiri"},"content":{"rendered":"<h1>Temizlik Arac\u0131 Kilitleme Kancas\u0131 Hidrolik Silindiri<\/h1>\n<h2>Hidrolik Silindire Giri\u015f<\/h2>\n<p>Temizlik ara\u00e7lar\u0131n\u0131n i\u015flevselli\u011fini art\u0131rmak i\u00e7in tasarlanm\u0131\u015f, kritik \u00f6neme sahip bir bile\u015fen olan Temizlik Arac\u0131 Kilitleme Kancas\u0131 Hidrolik Silindiri, s\u0131v\u0131 bas\u0131nc\u0131n\u0131 mekanik kuvvete d\u00f6n\u00fc\u015ft\u00fcrerek \u00e7al\u0131\u015f\u0131r ve etkili y\u00fck y\u00f6netimi i\u00e7in kilitleme ve kilit a\u00e7ma mekanizmalar\u0131n\u0131 etkinle\u015ftirir. Silindir, ekipman ve ata\u015fmanlar\u0131n sabitlenmesinde hayati bir rol oynayarak operasyonlar s\u0131ras\u0131nda g\u00fcvenlik ve g\u00fcvenilirlik sa\u011flar. 40 mm silindir \u00e7ap\u0131 ve 22 mm \u00e7ubuk \u00e7ap\u0131 ile bu hidrolik \u00fcnite, 50 mm hareket uzunlu\u011funa sahiptir ve bu da onu temizlik ara\u00e7lar\u0131ndaki \u00e7e\u015fitli uygulamalar i\u00e7in ideal hale getirir. 305 mm montaj mesafesi, mevcut sistemlere \u00e7ok y\u00f6nl\u00fc entegrasyona olanak tan\u0131yarak modern temizlik operasyonlar\u0131n\u0131n taleplerini kar\u015f\u0131lamas\u0131n\u0131 sa\u011flar.<\/p>\n<h2>\u00dcr\u00fcn \u00d6zellikleri<\/h2>\n<h3>Temel Parametreler<\/h3>\n<ul>\n<li><strong>Silindir \u00c7ap\u0131:<\/strong> 40 mm<\/li>\n<li><strong>\u00c7ubuk \u00c7ap\u0131:<\/strong> 22 mm<\/li>\n<li><strong>Seyahat S\u00fcresi:<\/strong> 50 mm<\/li>\n<li><strong>Kurulum Mesafesi:<\/strong> 305 mm<\/li>\n<\/ul>\n<p>Bu \u00f6zellikler, hidrolik silindirin boyutlar\u0131n\u0131 ve kapasitesini vurgulayarak, temizlik ara\u00e7lar\u0131ndaki \u00e7e\u015fitli kilitleme mekanizmalar\u0131 i\u00e7in sa\u011flam bir \u00e7\u00f6z\u00fcm sunmaktad\u0131r.<\/p>\n<h2>Hidrolik Silindirin \u00d6zellikleri<\/h2>\n<ul>\n<li>Y\u00fcksek dayan\u0131kl\u0131l\u0131k: Zorlu \u00e7al\u0131\u015fma ko\u015fullar\u0131na dayanacak \u015fekilde tasarlanm\u0131\u015ft\u0131r.<\/li>\n<li>Hassas m\u00fchendislik: Tutarl\u0131 performans ve g\u00fcvenilirlik sa\u011flar.<\/li>\n<li>Kolay kurulum: Standart montaj konfig\u00fcrasyonlar\u0131yla uyumludur.<\/li>\n<li>M\u00fckemmel s\u0131zd\u0131rmazl\u0131k: S\u0131v\u0131 s\u0131z\u0131nt\u0131s\u0131n\u0131 \u00f6nleyerek verimlili\u011fi art\u0131r\u0131r.<\/li>\n<li>\u00d6zelle\u015ftirilebilir se\u00e7enekler: M\u00fc\u015fterinin \u00f6zel gereksinimlerini kar\u015f\u0131layacak \u015fekilde uyarlanm\u0131\u015ft\u0131r.<\/li>\n<\/ul>\n<p>Mevcut modellerin yerini m\u00fckemmel \u015fekilde alan, sorunsuz entegrasyon ve optimum performans sa\u011flayan y\u00fcksek kaliteli hidrolik silindirlerin \u00fcretiminde uzmanla\u015fm\u0131\u015f bulunuyoruz.<\/p>\n<h2>Hidrolik Silindirin Uygulamalar\u0131<\/h2>\n<h3>1. Temizlik Arac\u0131 Operasyonlar\u0131<\/h3>\n<p>Bu hidrolik silindir, \u00f6ncelikle at\u0131k konteynerlerini sabitleyen kilitleme kancalar\u0131n\u0131 \u00e7al\u0131\u015ft\u0131rmak i\u00e7in temizlik ara\u00e7lar\u0131nda kullan\u0131l\u0131r. Konteynerlerin ta\u015f\u0131ma s\u0131ras\u0131nda g\u00fcvenli bir \u015fekilde kilitlenmesini sa\u011flayarak d\u00f6k\u00fclmeyi \u00f6nler ve hem s\u00fcr\u00fcc\u00fcler hem de yayalar i\u00e7in g\u00fcvenli\u011fi art\u0131r\u0131r. Konteynerlerin h\u0131zl\u0131 bir \u015fekilde a\u00e7\u0131l\u0131p kilitlenmesini kolayla\u015ft\u0131rarak at\u0131k toplama s\u00fcre\u00e7lerinde operasyonel verimlili\u011fi art\u0131r\u0131r.<\/p>\n<h3>2. \u00c7\u00f6p Toplama Sistemleri<\/h3>\n<p>\u00c7\u00f6p toplama sistemlerinde, hidrolik silindir, konteynerlerin toplama arac\u0131na kald\u0131r\u0131lmas\u0131 ve bo\u015falt\u0131lmas\u0131 mekanizmas\u0131na yard\u0131mc\u0131 olur. G\u00fcvenilir i\u015flevi, kald\u0131rma i\u015fleminin sorunsuz olmas\u0131n\u0131 sa\u011flayarak hem ara\u00e7 hem de konteyner \u00fczerindeki a\u015f\u0131nmay\u0131 azalt\u0131r. Bu, d\u00f6k\u00fclmeyi en aza indirerek ve t\u00fcm at\u0131klar\u0131n etkili bir \u015fekilde toplanmas\u0131n\u0131 sa\u011flayarak daha \u00e7evre dostu bir i\u015fletmeye katk\u0131da bulunur.<\/p>\n<h3>3. Geri D\u00f6n\u00fc\u015f\u00fcm Programlar\u0131<\/h3>\n<p>Geri d\u00f6n\u00fc\u015f\u00fcm programlar\u0131nda, hidrolik silindir, geri d\u00f6n\u00fc\u015ft\u00fcr\u00fclebilir malzemeleri ay\u0131rma ve ta\u015f\u0131ma mekanizmalar\u0131n\u0131 \u00e7al\u0131\u015ft\u0131rmak i\u00e7in kullan\u0131l\u0131r. Hassasiyeti ve g\u00fcvenilirli\u011fi, malzeme ak\u0131\u015f\u0131n\u0131n y\u00f6netilmesine yard\u0131mc\u0131 olarak geri d\u00f6n\u00fc\u015f\u00fcm s\u00fcrecinin verimli ve etkili kalmas\u0131n\u0131 sa\u011flar ve b\u00f6ylece at\u0131k y\u00f6netiminde s\u00fcrd\u00fcr\u00fclebilirli\u011fi destekler.<\/p>\n<h2>Tasar\u0131m Hususlar\u0131 ve Se\u00e7im Kriterleri<\/h2>\n<h3>1. Y\u00fck Kapasitesi<\/h3>\n<p>Hidrolik silindirin y\u00fck ta\u015f\u0131ma kapasitesi, ar\u0131za yapmadan g\u00fcvenli bir \u015fekilde ne kadar a\u011f\u0131rl\u0131k ta\u015f\u0131yabilece\u011fini belirleyen kritik bir fakt\u00f6rd\u00fcr. Bu, \u00e7al\u0131\u015fma s\u0131ras\u0131nda uygulanacak maksimum y\u00fck\u00fc dikkate almay\u0131 ve silindirin ilgili gerilmelere dayanacak kadar sa\u011flam olmas\u0131n\u0131 sa\u011flamay\u0131 i\u00e7erir. Do\u011fru y\u00fck hesaplamalar\u0131, erken a\u015f\u0131nmay\u0131 \u00f6nler ve silindirin \u00f6mr\u00fcn\u00fc uzat\u0131r.<\/p>\n<h3>2. S\u0131zd\u0131rmazl\u0131k Performans\u0131<\/h3>\n<p>Hidrolik silindirlerde bas\u0131nc\u0131 korumak ve s\u0131z\u0131nt\u0131y\u0131 \u00f6nlemek i\u00e7in etkili s\u0131zd\u0131rmazl\u0131k \u015fartt\u0131r. Poli\u00fcretan veya nitril kau\u00e7uk gibi s\u0131zd\u0131rmazl\u0131k malzemelerinin se\u00e7imi, uzun vadeli performans\u0131n sa\u011flanmas\u0131nda \u00f6nemli bir rol oynar. Bu malzemeler, \u00e7al\u0131\u015fma bas\u0131n\u00e7lar\u0131 alt\u0131nda s\u0131k\u0131 bir s\u0131zd\u0131rmazl\u0131k sa\u011flarken a\u015f\u0131nmaya ve y\u0131pranmaya kar\u015f\u0131 m\u00fckemmel diren\u00e7 g\u00f6sterir.<\/p>\n<h3>3. Dayan\u0131kl\u0131l\u0131k ve Uzun \u00d6m\u00fcr<\/h3>\n<p>Dayan\u0131kl\u0131l\u0131k hususlar\u0131, zorlu \u00e7evre ko\u015fullar\u0131na dayanabilen y\u00fcksek kaliteli malzemelerin ve koruyucu kaplamalar\u0131n se\u00e7ilmesini i\u00e7erir. Bu, \u00f6zellikle a\u015f\u0131nd\u0131r\u0131c\u0131 maddelere maruz kalman\u0131n yayg\u0131n oldu\u011fu sanitasyon uygulamalar\u0131nda \u00f6nemlidir. \u0130yi tasarlanm\u0131\u015f bir silindir, hizmet \u00f6mr\u00fcn\u00fc en \u00fcst d\u00fczeye \u00e7\u0131karmak ve s\u0131k de\u011fi\u015ftirme ihtiyac\u0131n\u0131 azaltmak i\u00e7in sa\u011flam bir yap\u0131ya sahip olacakt\u0131r.<\/p>\n<h3>4. G\u00fcvenlik \u00d6zellikleri<\/h3>\n<p>Hidrolik sistemlerde g\u00fcvenlik her \u015feyden \u00f6nemlidir. Tasar\u0131m, bas\u0131n\u00e7 tahliye vanalar\u0131 ve ar\u0131za emniyet mekanizmalar\u0131 gibi ar\u0131za risklerini en aza indiren \u00f6zellikler i\u00e7ermelidir. Bu bile\u015fenler, bir ar\u0131za durumunda sistemin bas\u0131nc\u0131 g\u00fcvenli bir \u015fekilde tahliye edebilmesini ve \u00e7al\u0131\u015fma s\u0131ras\u0131nda kazalar\u0131 \u00f6nlemesini sa\u011flar.<\/p>\n<h3>5. Bak\u0131m ve Onar\u0131m Hususlar\u0131<\/h3>\n<p>Hidrolik silindirlerin uzun \u00f6m\u00fcrl\u00fc olmas\u0131 i\u00e7in bak\u0131m \u00e7ok \u00f6nemlidir. Tasar\u0131mda, contalar ve ya\u011flama noktalar\u0131 da dahil olmak \u00fczere bile\u015fenlere kolay eri\u015fim ve bak\u0131m sa\u011flanmas\u0131 ama\u00e7lanmal\u0131d\u0131r. Mod\u00fcler bile\u015fenlerin kullan\u0131m\u0131, onar\u0131mlar\u0131 basitle\u015ftirir ve ar\u0131za s\u00fcrelerini azaltarak sistemin \u00e7al\u0131\u015f\u0131r durumda kalmas\u0131n\u0131 sa\u011flar.<\/p>\n<h2>S\u0131zd\u0131rmazl\u0131k ve Ya\u011flama<\/h2>\n<p>Hidrolik silindirlerin verimli \u00e7al\u0131\u015fmas\u0131 i\u00e7in uygun s\u0131zd\u0131rmazl\u0131k ve ya\u011flama hayati \u00f6nem ta\u015f\u0131r. Piston ve mil contalar\u0131 gibi \u00e7e\u015fitli s\u0131zd\u0131rmazl\u0131k bile\u015fenleri, silindir i\u00e7inde s\u0131k\u0131 bir s\u0131zd\u0131rmazl\u0131k sa\u011flamak i\u00e7in kullan\u0131l\u0131r. Poli\u00fcretan ve nitril kau\u00e7uk gibi y\u00fcksek a\u015f\u0131nmaya dayan\u0131kl\u0131 malzemelerden yap\u0131lan contalar, a\u015f\u0131nmaya ve \u00e7evresel fakt\u00f6rlere kar\u015f\u0131 m\u00fckemmel diren\u00e7 sa\u011flar.<\/p>\n<p>Silindir g\u00f6vdesi ve di\u015fli u\u00e7 y\u00fczeyleri, a\u015f\u0131nma direncini art\u0131rmak i\u00e7in titizlikle i\u015flenmi\u015ftir. D\u00fczenli bak\u0131m, s\u00fcrt\u00fcnmeyi en aza indirmek ve sorunsuz \u00e7al\u0131\u015fmay\u0131 sa\u011flamak i\u00e7in periyodik olarak hidrolik ya\u011f ile ya\u011flama gerektirir. Bu, yaln\u0131zca contalar\u0131n \u00f6mr\u00fcn\u00fc uzatmakla kalmaz, ayn\u0131 zamanda genel sistem performans\u0131n\u0131 da art\u0131r\u0131r.<\/p>\n<h2>D\u00fczenli Muayene ve \u00d6nleyici Bak\u0131m<\/h2>\n<ul>\n<li><strong>Rutin Denetimler:<\/strong> A\u015f\u0131nma, s\u0131z\u0131nt\u0131 veya hasar belirtileri i\u00e7in d\u00fczenli g\u00f6rsel incelemeler yap\u0131n. Sorunlar\u0131n erken tespiti, b\u00fcy\u00fck ar\u0131zalar\u0131n \u00f6nlenmesine yard\u0131mc\u0131 olabilir.<\/li>\n<li><strong>Ya\u011flama Program\u0131:<\/strong> S\u0131zd\u0131rmazl\u0131k elemanlar\u0131n\u0131n ve hareketli par\u00e7alar\u0131n yeterince ya\u011flanmas\u0131n\u0131 sa\u011flamak, performans\u0131 art\u0131rmak ve a\u015f\u0131nmay\u0131 azaltmak i\u00e7in bir ya\u011flama program\u0131 olu\u015fturun.<\/li>\n<li><strong>Conta De\u011fi\u015fimi:<\/strong> S\u0131zd\u0131rmazl\u0131k performans\u0131n\u0131 en \u00fcst d\u00fczeyde tutmak ve s\u0131v\u0131 kayb\u0131n\u0131 \u00f6nlemek i\u00e7in contalar\u0131 d\u00fczenli olarak a\u015f\u0131nma belirtileri a\u00e7\u0131s\u0131ndan kontrol edin ve gerekti\u011finde de\u011fi\u015ftirin.<\/li>\n<\/ul>\n<p>\u00d6nleyici bak\u0131m \u00f6nlemleri, hidrolik silindirin etkili ve g\u00fcvenli bir \u015fekilde \u00e7al\u0131\u015fmas\u0131n\u0131 sa\u011flamak ve beklenmedik ar\u0131za riskini en aza indirmek i\u00e7in \u015fartt\u0131r.<\/p>\n<h2>Kurulum Talimatlar\u0131<\/h2>\n<p>Hidrolik silindirin do\u011fru montaj\u0131, optimum performans i\u00e7in \u00e7ok \u00f6nemlidir. \u00d6ncelikle montaj y\u00fczeylerinin temiz ve kal\u0131nt\u0131lardan ar\u0131nd\u0131r\u0131lm\u0131\u015f oldu\u011fundan emin olun. Silindiri montaj braketleriyle do\u011fru bir \u015fekilde hizalay\u0131n ve \u00f6nerilen c\u0131vata ve ba\u011flant\u0131 elemanlar\u0131n\u0131 kullanarak sabitleyin. Yanl\u0131\u015f hizalamay\u0131 \u00f6nlemek i\u00e7in uygun montaj braketleri kullanmak \u00f6nemlidir; aksi takdirde erken a\u015f\u0131nma veya ar\u0131za meydana gelebilir.<\/p>\n<p>Montaj s\u0131ras\u0131nda, par\u00e7alar\u0131 a\u015f\u0131r\u0131 s\u0131k\u0131\u015ft\u0131rmadan do\u011fru s\u0131k\u0131l\u0131\u011f\u0131 sa\u011flamak i\u00e7in \u00fcreticinin tork spesifikasyonlar\u0131 y\u00f6nergelerini izleyin. Montajdan sonra, do\u011fru hizalamay\u0131 kontrol edin ve gerekirse ayarlay\u0131n. Son olarak, montaj tamamland\u0131ktan sonra, silindirin sistem i\u00e7inde sorunsuz ve etkili bir \u015fekilde \u00e7al\u0131\u015ft\u0131\u011f\u0131ndan emin olmak i\u00e7in fonksiyonel bir test ger\u00e7ekle\u015ftirin.<\/p>\n<h2>Yayg\u0131n Bak\u0131m G\u00f6revleri<\/h2>\n<h3>1. D\u00fczenli Denetimler<\/h3>\n<p>Potansiyel sorunlar\u0131n b\u00fcy\u00fcmeden \u00f6nce tespit edilmesi i\u00e7in d\u00fczenli kontroller yapmak hayati \u00f6nem ta\u015f\u0131r. Contalar\u0131n etraf\u0131nda herhangi bir s\u0131z\u0131nt\u0131 belirtisi olup olmad\u0131\u011f\u0131n\u0131 kontrol edin, hareketli par\u00e7alar\u0131n sorunsuz \u00e7al\u0131\u015ft\u0131\u011f\u0131n\u0131 do\u011frulay\u0131n ve silindirin genel durumunu de\u011ferlendirin. Erken m\u00fcdahale, maliyetli onar\u0131mlar\u0131 ve ar\u0131za s\u00fcrelerini \u00f6nleyebilir.<\/p>\n<h3>2. Uygun Ya\u011flama<\/h3>\n<p>Hidrolik silindirin yeterince ya\u011flanmas\u0131, optimum performans\u0131n korunmas\u0131 i\u00e7in \u00e7ok \u00f6nemlidir. \u00d6nerilen hidrolik ya\u011flar\u0131 kullan\u0131n ve bunlar\u0131 uygun contalara ve hareketli par\u00e7alara uygulay\u0131n. Do\u011fru ya\u011flama, s\u00fcrt\u00fcnmeyi ve a\u015f\u0131nmay\u0131 azaltarak silindirin \u00f6mr\u00fcn\u00fc uzat\u0131r.<\/p>\n<h3>3. Conta De\u011fi\u015fimi ve Kalibrasyon Kontrolleri<\/h3>\n<p>S\u0131z\u0131nt\u0131lar\u0131 \u00f6nlemek ve sistem i\u00e7indeki bas\u0131nc\u0131 korumak i\u00e7in bak\u0131m rutininin bir par\u00e7as\u0131 olarak contalar\u0131 d\u00fczenli olarak de\u011fi\u015ftirin. Silindirin belirtilen parametreler dahilinde \u00e7al\u0131\u015fmas\u0131n\u0131, do\u011fru performans sa\u011flamas\u0131n\u0131 ve ar\u0131zalar\u0131 \u00f6nlemesini sa\u011flamak i\u00e7in kalibrasyon kontrolleri de ayn\u0131 derecede \u00f6nemlidir.<\/p>\n<h2>G\u00fcvenlik Hususlar\u0131 ve \u00c7evresel Fakt\u00f6rler<\/h2>\n<p>Hidrolik silindirlerle \u00e7al\u0131\u015f\u0131rken g\u00fcvenlik \u00f6nlemleri \u00e7ok \u00f6nemlidir. T\u00fcm personelin hidrolik sistemlerin g\u00fcvenli kullan\u0131m\u0131 ve i\u015fletimi konusunda e\u011fitildi\u011finden emin olun. Bak\u0131m veya \u00e7al\u0131\u015fma s\u0131ras\u0131nda kazara serbest kalmalar\u0131 \u00f6nlemek i\u00e7in bu hidrolik silindirdeki kilitleme kancas\u0131 gibi uygun kilitleme mekanizmalar\u0131n\u0131 uygulay\u0131n. Ayr\u0131ca, d\u00f6k\u00fclmeleri ve kirlenmeyi \u00f6nlemek i\u00e7in hidrolik s\u0131v\u0131n\u0131n sorumlu bir \u015fekilde y\u00f6netilmesini sa\u011flayarak \u00e7evresel fakt\u00f6rleri de g\u00f6z \u00f6n\u00fcnde bulundurun.<\/p>\n<h2>Sorun Giderme ve Yayg\u0131n Sorunlar<\/h2>\n<ul>\n<li><strong>S\u0131z\u0131nt\u0131:<\/strong> Silindirden hidrolik s\u0131v\u0131s\u0131 s\u0131z\u0131nt\u0131s\u0131 fark ederseniz, contalar\u0131 a\u015f\u0131nma a\u00e7\u0131s\u0131ndan kontrol edin ve gerekirse de\u011fi\u015ftirin.<\/li>\n<li><strong>Bas\u0131n\u00e7 Kayb\u0131:<\/strong> Bas\u0131n\u00e7 kayb\u0131, sistemde bir t\u0131kan\u0131kl\u0131k veya s\u0131z\u0131nt\u0131 oldu\u011funu g\u00f6sterebilir. Borular\u0131 ve ba\u011flant\u0131lar\u0131 herhangi bir hasar belirtisi a\u00e7\u0131s\u0131ndan kontrol edin.<\/li>\n<li><strong>Yap\u0131\u015fma veya S\u0131k\u0131\u015fma:<\/strong> Silindir d\u00fczg\u00fcn hareket etmiyorsa, sistemde biriken kal\u0131nt\u0131lar\u0131 kontrol edin ve yeterince ya\u011fland\u0131\u011f\u0131ndan emin olun.<\/li>\n<\/ul>\n<p>Bu yayg\u0131n sorunlar\u0131n derhal ele al\u0131nmas\u0131, hidrolik i\u015flemlerin verimlili\u011finin ve g\u00fcvenli\u011finin korunmas\u0131na yard\u0131mc\u0131 olabilir.<\/p>\n<p>Etkili sorun giderme i\u00e7in, her zaman \u00fcreticinin k\u0131lavuzuna ba\u015fvurun ve daha fazla m\u00fcdahale gerektirebilecek kal\u0131plar\u0131 belirlemek i\u00e7in tekrarlayan sorunlar\u0131n kayd\u0131n\u0131 tutun.<\/p>\n<p><img decoding=\"async\" src=\"https:\/\/www.hydraulic-cylinders.net\/wp-content\/uploads\/2025\/05\/hydraulic-cylinder-all-2.webp\" alt=\"Hidrolik Silindir\" \/><\/p>\n<h2>\u015eirketimiz Hakk\u0131nda<\/h2>\n<p>\u00d6nde gelen bir hidrolik silindir \u00fcreticisi olarak, \u00e7e\u015fitli uygulamalar i\u00e7in geni\u015f bir yelpazede y\u00fcksek kaliteli \u00fcr\u00fcnler sunuyoruz. M\u00fckemmelli\u011fe olan ba\u011fl\u0131l\u0131\u011f\u0131m\u0131z, bizi hem yerel hem de uluslararas\u0131 pazarlarda \u00f6nc\u00fc konumuna getirmi\u015ftir. G\u00fcvenilirlik ve g\u00fcvenli\u011fi sa\u011flayan uluslararas\u0131 sertifikalarla desteklenen profesyonel d\u00fczeyde hidrolik \u00e7\u00f6z\u00fcmler sunmaktan gurur duyuyoruz.<\/p>\n<p>\u00dcretim tesisimiz, m\u00fc\u015fterilerimizin \u00f6zel gereksinimlerini kar\u015f\u0131layacak \u015fekilde \u00f6zelle\u015ftirilebilir \u00e7\u00f6z\u00fcmler sunmam\u0131z\u0131 sa\u011flayan son teknoloji \u00fcr\u00fcn\u00fc makinelerle donat\u0131lm\u0131\u015ft\u0131r. Ayr\u0131ca, kapsaml\u0131 sat\u0131\u015f sonras\u0131 destek sa\u011flayarak, m\u00fc\u015fterilerimizin \u00fcr\u00fcnlerimizin ya\u015fam d\u00f6ng\u00fcs\u00fc boyunca ihtiya\u00e7 duyduklar\u0131 yard\u0131m\u0131 almalar\u0131n\u0131 sa\u011fl\u0131yoruz.<\/p>\n<p><img decoding=\"async\" src=\"https:\/\/www.hydraulic-cylinders.net\/wp-content\/uploads\/2025\/05\/xinxin-hydraulic-cylinder-factory-1.webp\" alt=\"Hidrolik Silindir Fabrikas\u0131\" \/><\/p>\n<p>Yazar: lyl<\/p>","protected":false},"excerpt":{"rendered":"<p>Sanitation Vehicle Locking Hook Hydraulic Cylinder Introduction to the Hydraulic Cylinder The Sanitation Vehicle Locking Hook Hydraulic Cylinder is a crucial component designed to enhance the functionality of sanitation vehicles. This hydraulic cylinder operates by converting fluid pressure into mechanical force, enabling the locking and unlocking mechanisms for effective load management. The cylinder plays a [&hellip;]<\/p>","protected":false},"featured_media":20625,"comment_status":"open","ping_status":"closed","template":"","meta":{"_et_pb_use_builder":"","_et_pb_old_content":"","_et_gb_content_width":""},"product_brand":[],"product_cat":[1483,1558],"product_tag":[],"class_list":{"0":"post-20710","1":"product","2":"type-product","3":"status-publish","4":"has-post-thumbnail","6":"product_cat-construction-machinery-hydraulic-cylinders","7":"product_cat-sanitation-machinery-hydraulic-cylinders-2","9":"first","10":"instock","11":"shipping-taxable","12":"product-type-simple"},"amp_enabled":true,"_links":{"self":[{"href":"https:\/\/www.hydraulic-cylinders.net\/tr\/wp-json\/wp\/v2\/product\/20710","targetHints":{"allow":["GET"]}}],"collection":[{"href":"https:\/\/www.hydraulic-cylinders.net\/tr\/wp-json\/wp\/v2\/product"}],"about":[{"href":"https:\/\/www.hydraulic-cylinders.net\/tr\/wp-json\/wp\/v2\/types\/product"}],"replies":[{"embeddable":true,"href":"https:\/\/www.hydraulic-cylinders.net\/tr\/wp-json\/wp\/v2\/comments?post=20710"}],"wp:featuredmedia":[{"embeddable":true,"href":"https:\/\/www.hydraulic-cylinders.net\/tr\/wp-json\/wp\/v2\/media\/20625"}],"wp:attachment":[{"href":"https:\/\/www.hydraulic-cylinders.net\/tr\/wp-json\/wp\/v2\/media?parent=20710"}],"wp:term":[{"taxonomy":"product_brand","embeddable":true,"href":"https:\/\/www.hydraulic-cylinders.net\/tr\/wp-json\/wp\/v2\/product_brand?post=20710"},{"taxonomy":"product_cat","embeddable":true,"href":"https:\/\/www.hydraulic-cylinders.net\/tr\/wp-json\/wp\/v2\/product_cat?post=20710"},{"taxonomy":"product_tag","embeddable":true,"href":"https:\/\/www.hydraulic-cylinders.net\/tr\/wp-json\/wp\/v2\/product_tag?post=20710"}],"curies":[{"name":"wp","href":"https:\/\/api.w.org\/{rel}","templated":true}]}}