{"id":20711,"date":"2025-05-27T06:22:00","date_gmt":"2025-05-27T06:22:00","guid":{"rendered":"https:\/\/www.hydraulic-cylinders.net\/product\/sanitation-vehicle-top-cover-hydraulic-cylinder\/"},"modified":"2025-05-27T06:22:02","modified_gmt":"2025-05-27T06:22:02","slug":"sanitation-vehicle-top-cover-hydraulic-cylinder","status":"publish","type":"product","link":"https:\/\/www.hydraulic-cylinders.net\/tr\/urun\/sanitation-vehicle-top-cover-hydraulic-cylinder\/","title":{"rendered":"Sanitasyon Ara\u00e7 \u00dcst Kapa\u011f\u0131 Hidrolik Silindiri"},"content":{"rendered":"<h1>Sanitasyon Ara\u00e7 \u00dcst Kapa\u011f\u0131 Hidrolik Silindiri<\/h1>\n<h2>\u00dcr\u00fcn Genel Bak\u0131\u015f\u0131<\/h2>\n<p>Kanalizasyon Arac\u0131 \u00dcst Kapak Hidrolik Silindiri, kanalizasyon ara\u00e7lar\u0131n\u0131n verimli \u00e7al\u0131\u015fmas\u0131 i\u00e7in tasarlanm\u0131\u015f temel bir bile\u015fendir. Bu hidrolik silindir, \u00fcst kapa\u011f\u0131n kald\u0131r\u0131l\u0131p indirilmesinden sorumlu olup at\u0131k y\u00f6netim s\u00fcre\u00e7lerinin sorunsuz bir \u015fekilde y\u00fcr\u00fct\u00fclmesini sa\u011flar. Y\u00fcksek kaliteli malzemelerden \u00fcretilen bu silindir, kanalizasyon sekt\u00f6r\u00fcndeki \u00e7e\u015fitli uygulamalar i\u00e7in g\u00fcvenilir bir \u00e7\u00f6z\u00fcm sunar. Hidrolik silindir, ak\u0131\u015fkan g\u00fcc\u00fcn\u00fc mekanik enerjiye d\u00f6n\u00fc\u015ft\u00fcrerek sorunsuz hareket ve kontrol sa\u011flar. Sa\u011flam yap\u0131s\u0131 dayan\u0131kl\u0131l\u0131k sa\u011flar ve a\u011f\u0131r hizmet tipi g\u00f6revler i\u00e7in uygundur. 63 mm \u00e7ap\u0131nda ve 35 mm \u00e7ubuk \u00e7ap\u0131nda olan silindir, 140 mm hareket mesafesi ve 405 mm montaj mesafesiyle farkl\u0131 kanalizasyon arac\u0131 tasar\u0131mlar\u0131 i\u00e7in \u00e7ok y\u00f6nl\u00fcd\u00fcr.<\/p>\n<h2>\u00dcr\u00fcn \u00d6zellikleri<\/h2>\n<h3>\u00d6zelliklere Genel Bak\u0131\u015f<\/h3>\n<ul>\n<li>Silindir \u00c7ap\u0131: 63mm<\/li>\n<li>\u00c7ubuk \u00c7ap\u0131: 35mm<\/li>\n<li>Seyahat: 140 mm<\/li>\n<li>Kurulum Mesafesi: 405mm<\/li>\n<\/ul>\n<p>Bu \u00f6zellikler, hidrolik silindirin verimlili\u011fi korurken \u00f6nemli y\u00fckleri kald\u0131rabilme kapasitesini vurgulamaktad\u0131r. Belirli boyutlar, \u00e7e\u015fitli temizlik arac\u0131 modelleriyle uyumlulu\u011fu sa\u011flayarak optimum performans i\u00e7in hassas bir uyum sunar.<\/p>\n<h2>Temel \u00d6zellikler<\/h2>\n<ul>\n<li>A\u011f\u0131r sanitasyon g\u00f6revleri i\u00e7in y\u00fcksek y\u00fck kapasitesi.<\/li>\n<li>S\u0131z\u0131nt\u0131y\u0131 \u00f6nleyen etkili s\u0131zd\u0131rmazl\u0131k sistemi.<\/li>\n<li>Uzun \u00f6m\u00fcrl\u00fc performans i\u00e7in dayan\u0131kl\u0131 yap\u0131.<\/li>\n<li>H\u0131zl\u0131 kapak hareketine yard\u0131mc\u0131 olan duyarl\u0131 \u00e7al\u0131\u015fma.<\/li>\n<li>Belirli ihtiya\u00e7lara y\u00f6nelik \u00f6zelle\u015ftirilebilir se\u00e7enekler mevcuttur.<\/li>\n<\/ul>\n<p>\u00dcretim kapasitemiz, bu hidrolik silindiri \u00fcretmemize olanak tan\u0131yarak, mevcut \u00fcnitelerin yerini daha iyi performans ve g\u00fcvenilirlikle almas\u0131n\u0131 sa\u011flar.<\/p>\n<h2>Uygulama Senaryolar\u0131<\/h2>\n<h3>At\u0131k Y\u00f6netim Ara\u00e7lar\u0131<\/h3>\n<p>Bu hidrolik silindir, \u00f6ncelikle at\u0131k y\u00f6netim ara\u00e7lar\u0131nda kullan\u0131l\u0131r ve \u00fcst kapa\u011f\u0131n kald\u0131r\u0131l\u0131p indirilmesini kolayla\u015ft\u0131r\u0131r. Silindirin verimli \u00e7al\u0131\u015fmas\u0131, at\u0131klar\u0131n nakliye s\u0131ras\u0131nda g\u00fcvenli bir \u015fekilde muhafaza edilmesini, d\u00f6k\u00fclme ve koku olu\u015fumunun en aza indirilmesini sa\u011flamada \u00e7ok \u00f6nemlidir. Bu ara\u00e7lar, at\u0131k b\u00f6lmesine h\u0131zl\u0131 eri\u015fim i\u00e7in hidrolik silindire g\u00fcvenir ve operat\u00f6rlerin at\u0131klar\u0131 verimli bir \u015fekilde y\u00f6netmesini kolayla\u015ft\u0131r\u0131r. Silindirin g\u00fcvenilir i\u015flevi, at\u0131k toplama s\u00fcre\u00e7lerinin genel verimlili\u011fine katk\u0131da bulunur.<\/p>\n<h3>Geri D\u00f6n\u00fc\u015f\u00fcm Kamyonlar\u0131<\/h3>\n<p>Geri d\u00f6n\u00fc\u015f\u00fcm operasyonlar\u0131nda hidrolik silindir, geri d\u00f6n\u00fc\u015f\u00fcm kamyonlar\u0131n\u0131n kapaklar\u0131n\u0131n a\u00e7\u0131l\u0131p kapanmas\u0131nda hayati bir rol oynar. Bu, farkl\u0131 malzemelerin nakliye s\u0131ras\u0131nda uygun \u015fekilde ayr\u0131l\u0131p y\u00f6netilebilmesini sa\u011flar. \u00c7e\u015fitli ko\u015fullar alt\u0131nda sorunsuz \u00e7al\u0131\u015fabilme yetene\u011fi, geri d\u00f6n\u00fc\u015ft\u00fcr\u00fclebilir malzemelerin b\u00fct\u00fcnl\u00fc\u011f\u00fcn\u00fc korumak i\u00e7in olmazsa olmazd\u0131r. \u00c7evresel endi\u015feler artt\u0131k\u00e7a, bu uygulamalar kentsel ortamlarda s\u00fcrd\u00fcr\u00fclebilir uygulamalar\u0131 te\u015fvik etmede giderek daha \u00f6nemli hale gelmektedir.<\/p>\n<h3>Kompakt\u00f6r Kamyonlar\u0131<\/h3>\n<p>S\u0131k\u0131\u015ft\u0131rma kamyonlar\u0131 da hidrolik silindirin i\u015flevselli\u011finden faydalan\u0131r. Bu mekanizma, at\u0131klar\u0131 verimli bir \u015fekilde s\u0131k\u0131\u015ft\u0131rmak ve kamyon i\u00e7indeki alan\u0131n en iyi \u015fekilde kullan\u0131lmas\u0131n\u0131 sa\u011flamak i\u00e7in kritik \u00f6neme sahiptir. Silindirin tasar\u0131m\u0131, a\u011f\u0131r y\u00fcklerle bile ba\u015fa \u00e7\u0131karken sa\u011flam performans sa\u011flayarak s\u0131k\u0131\u015ft\u0131rma i\u015fleminin etkili olmas\u0131n\u0131 garanti eder. Bu verimlilik, yaln\u0131zca at\u0131k toplama i\u015flemlerini iyile\u015ftirmekle kalmaz, ayn\u0131 zamanda y\u00fck kapasitesini en \u00fcst d\u00fczeye \u00e7\u0131kararak yak\u0131t tasarrufunu da art\u0131r\u0131r.<\/p>\n<h2>Tasar\u0131m Hususlar\u0131<\/h2>\n<h3>Y\u00fck Kapasitesi<\/h3>\n<p>Hidrolik silindirler tasarlan\u0131rken y\u00fck kapasitesi \u00f6ncelikli bir husustur. Silindir, yap\u0131sal b\u00fct\u00fcnl\u00fc\u011f\u00fcnden \u00f6d\u00fcn vermeden \u00f6nemli kuvvetlere dayanmal\u0131d\u0131r. \u0130yi tasarlanm\u0131\u015f bir silindir, g\u00fcvenilirlik sa\u011flayarak, kanalizasyon ara\u00e7lar\u0131nda s\u0131kl\u0131kla kar\u015f\u0131la\u015f\u0131lan a\u011f\u0131r \u00e7al\u0131\u015fma gerilimleri alt\u0131nda performans g\u00f6sterebilmesini sa\u011flar.<\/p>\n<h3>S\u0131zd\u0131rmazl\u0131k Verimlili\u011fi<\/h3>\n<p>Hidrolik s\u0131v\u0131 s\u0131z\u0131nt\u0131s\u0131n\u0131 \u00f6nlemek i\u00e7in etkili s\u0131zd\u0131rmazl\u0131k \u00e7ok \u00f6nemlidir. Silindirin performans\u0131n\u0131 ve \u00f6mr\u00fcn\u00fc art\u0131rmak i\u00e7in poli\u00fcretan ve nitril kau\u00e7uk gibi y\u00fcksek kaliteli s\u0131zd\u0131rmazl\u0131k malzemeleri kullan\u0131l\u0131r. Bu contalar, hidrolik sistemlerde tipik olan y\u00fcksek bas\u0131n\u00e7lara ve de\u011fi\u015fken s\u0131cakl\u0131klara dayanacak \u015fekilde tasarlanarak operasyonel verimlilik sa\u011flar.<\/p>\n<h3>Dayan\u0131kl\u0131l\u0131k<\/h3>\n<p>Hidrolik silindirin dayan\u0131kl\u0131l\u0131\u011f\u0131, \u00f6zellikle zorlu uygulamalarda son derece \u00f6nemlidir. Y\u00fcksek kaliteli malzemelerin ve hassas m\u00fchendislik tekniklerinin kullan\u0131m\u0131, \u00fcr\u00fcn\u00fcn \u00f6mr\u00fcn\u00fc uzat\u0131r. Dayan\u0131kl\u0131l\u0131k, silindirin zaman i\u00e7inde tutarl\u0131 bir performans g\u00f6stermesini sa\u011flayarak, de\u011fi\u015ftirme ve bak\u0131m s\u0131kl\u0131\u011f\u0131n\u0131 azalt\u0131r.<\/p>\n<h3>G\u00fcvenlik \u00d6zellikleri<\/h3>\n<p>Hidrolik silindir tasar\u0131m\u0131na g\u00fcvenlik \u00f6zelliklerinin dahil edilmesi, operat\u00f6rleri ve ekipman\u0131 korumak i\u00e7in \u00e7ok \u00f6nemlidir. Bas\u0131n\u00e7 tahliye valfleri ve a\u015f\u0131r\u0131 y\u00fck koruma mekanizmalar\u0131 gibi \u00f6zellikler, kazalar\u0131 \u00f6nlemede ve g\u00fcvenli \u00e7al\u0131\u015fmay\u0131 sa\u011flamada hayati \u00f6nem ta\u015f\u0131r. Bu husus, \u00f6zellikle y\u00fcksek y\u00fcklerin ve hidrolik bas\u0131n\u00e7lar\u0131n yayg\u0131n oldu\u011fu ortamlarda \u00f6nemlidir.<\/p>\n<h3>Bak\u0131m ve Servis Kolayl\u0131\u011f\u0131<\/h3>\n<p>Hidrolik silindirlerin kolay bak\u0131m i\u00e7in tasarlanmas\u0131, ar\u0131za s\u00fcrelerini en aza indirmek i\u00e7in \u00e7ok \u00f6nemlidir. Kolay eri\u015filebilir contalar ve ya\u011flama noktalar\u0131 gibi \u00f6zellikler, kolay bak\u0131m imkan\u0131 sa\u011flar. Bu tasar\u0131m stratejisi, d\u00fczenli bak\u0131m\u0131n \u00f6zel aletler veya a\u015f\u0131r\u0131 s\u00f6kme i\u015flemleri olmadan ger\u00e7ekle\u015ftirilebilmesini sa\u011flar.<\/p>\n<h2>S\u0131zd\u0131rmazl\u0131k ve Ya\u011flama<\/h2>\n<p>Hidrolik silindirlerin s\u0131zd\u0131rmazl\u0131\u011f\u0131 ve ya\u011flanmas\u0131, performanslar\u0131 ve uzun \u00f6m\u00fcrleri i\u00e7in kritik \u00f6neme sahiptir. Sistem bas\u0131nc\u0131n\u0131 korumak i\u00e7in piston contalar\u0131 ve piston kolu contalar\u0131 da dahil olmak \u00fczere \u00e7e\u015fitli contalar kullan\u0131l\u0131r. Poli\u00fcretan ve nitril kau\u00e7uk gibi conta malzemelerinin se\u00e7imi, a\u015f\u0131nma direncini ve dayan\u0131kl\u0131l\u0131\u011f\u0131 art\u0131rarak contalar\u0131n zorlu \u00e7al\u0131\u015fma ko\u015fullar\u0131na dayanmas\u0131n\u0131 sa\u011flar.<\/p>\n<p>Silindir g\u00f6vdesi ve di\u015fli u\u00e7 y\u00fczeyleri, a\u015f\u0131nma direncini art\u0131rmak i\u00e7in titiz bir i\u015flemden ge\u00e7irilir. Bu i\u015flem, conta de\u011fi\u015ftirme s\u0131kl\u0131\u011f\u0131n\u0131 azaltt\u0131\u011f\u0131 ve genel performans\u0131 art\u0131rd\u0131\u011f\u0131 i\u00e7in hayati \u00f6nem ta\u015f\u0131r. S\u00fcrt\u00fcnmeyi ve a\u015f\u0131nmay\u0131 en aza indirmek, sorunsuz \u00e7al\u0131\u015fmay\u0131 sa\u011flamak ve silindirin \u00f6mr\u00fcn\u00fc uzatmak i\u00e7in uygun hidrolik ya\u011f ile d\u00fczenli ya\u011flama \u015fartt\u0131r.<\/p>\n<h2>\u00d6nleyici Bak\u0131m \u00d6nlemleri<\/h2>\n<ul>\n<li>S\u0131z\u0131nt\u0131 ve a\u015f\u0131nmalara kar\u015f\u0131 d\u00fczenli kontroller yap\u0131n.<\/li>\n<li>Hareketli par\u00e7alar\u0131n uygun \u015fekilde ya\u011fland\u0131\u011f\u0131ndan emin olun.<\/li>\n<li>Contalar\u0131 d\u00fczenli olarak hasar veya a\u015f\u0131nma belirtileri a\u00e7\u0131s\u0131ndan kontrol edin.<\/li>\n<\/ul>\n<p>Bu \u00f6nleyici tedbirlerin uygulanmas\u0131, hidrolik silindirin optimum performans\u0131n\u0131n korunmas\u0131na yard\u0131mc\u0131 olur ve \u00f6mr\u00fcn\u00fc uzat\u0131r. D\u00fczenli kontroller, olas\u0131 sorunlar\u0131 daha fazla b\u00fcy\u00fcmeden tespit ederek, b\u00fcy\u00fck onar\u0131mlarla ili\u015fkili zaman ve maliyetlerden tasarruf sa\u011flar.<\/p>\n<h2>Kurulum Talimatlar\u0131<\/h2>\n<p>Hidrolik silindirin do\u011fru montaj\u0131, performans\u0131 i\u00e7in kritik \u00f6neme sahiptir. \u00d6ncelikle t\u00fcm bile\u015fenlerin temiz ve kal\u0131nt\u0131lardan ar\u0131nd\u0131r\u0131lm\u0131\u015f oldu\u011fundan emin olun. Silindiri, uygun ba\u011flant\u0131 elemanlar\u0131 kullanarak montaj braketleriyle do\u011fru bir \u015fekilde hizalay\u0131n ve yerine sabitleyin. T\u00fcm hidrolik ba\u011flant\u0131lar\u0131n s\u0131k\u0131 ve s\u0131z\u0131nt\u0131s\u0131z oldu\u011fundan emin olmak \u00e7ok \u00f6nemlidir.<\/p>\n<p>Montaj s\u0131ras\u0131nda, tork ayarlar\u0131 ve di\u011fer parametreler i\u00e7in \u00fcreticinin teknik \u00f6zelliklerine bak\u0131n. Montajdan sonra, silindirin hareket aral\u0131\u011f\u0131 boyunca sorunsuz \u00e7al\u0131\u015ft\u0131\u011f\u0131ndan emin olmak i\u00e7in kapsaml\u0131 bir kontrol yap\u0131n. Titre\u015fimler ve di\u011fer fakt\u00f6rler zamanla gev\u015femeye yol a\u00e7abilece\u011finden, t\u00fcm montaj noktalar\u0131n\u0131 ve ba\u011flant\u0131lar\u0131 d\u00fczenli olarak inceleyin.<\/p>\n<h2>Bak\u0131m G\u00f6revleri<\/h2>\n<h3>D\u00fczenli Denetimler<\/h3>\n<p>Olas\u0131 sorunlar\u0131 erken tespit etmek i\u00e7in d\u00fczenli kontroller yapmak hayati \u00f6nem ta\u015f\u0131r. Onar\u0131m veya de\u011fi\u015ftirme ihtiyac\u0131n\u0131 g\u00f6sterebilecek a\u015f\u0131nma, korozyon ve s\u0131v\u0131 s\u0131z\u0131nt\u0131s\u0131 belirtilerine dikkat edin. Kontroller, \u00f6zellikle uzun \u00e7al\u0131\u015fma s\u00fcrelerinden sonra, planl\u0131 aral\u0131klarla yap\u0131lmal\u0131d\u0131r.<\/p>\n<h3>Uygun Ya\u011flama<\/h3>\n<p>Ya\u011flama, hareketli par\u00e7alardaki a\u015f\u0131nma ve y\u0131pranmay\u0131 \u00f6nlemede hayati \u00f6nem ta\u015f\u0131r. Kullan\u0131lan hidrolik ya\u011f\u0131n silindirle uyumlu oldu\u011fundan emin olun ve uygun seviyeleri korumak i\u00e7in gerekti\u011finde ya\u011f doldurun. \u0130yi ya\u011flanm\u0131\u015f bir silindir daha verimli \u00e7al\u0131\u015f\u0131r ve daha uzun \u00f6m\u00fcrl\u00fcd\u00fcr.<\/p>\n<h3>Conta De\u011fi\u015fimi ve Kalibrasyonu<\/h3>\n<p>A\u015f\u0131nm\u0131\u015f contalar\u0131n de\u011fi\u015ftirilmesi, silindirin performans\u0131n\u0131 korumak i\u00e7in \u00e7ok \u00f6nemlidir. Hidrolik s\u0131v\u0131 s\u0131z\u0131nt\u0131s\u0131n\u0131 \u00f6nlemek i\u00e7in contalar\u0131 d\u00fczenli olarak a\u015f\u0131nma belirtileri a\u00e7\u0131s\u0131ndan kontrol edin ve gerekti\u011finde de\u011fi\u015ftirin. Silindirin belirtilen parametreler dahilinde \u00e7al\u0131\u015ft\u0131\u011f\u0131ndan ve optimum performans\u0131 korudu\u011fundan emin olmak i\u00e7in kalibrasyon kontrolleri de yap\u0131lmal\u0131d\u0131r.<\/p>\n<h2>G\u00fcvenlik Hususlar\u0131 ve \u00c7evresel Fakt\u00f6rler<\/h2>\n<p>Hidrolik silindirler kullan\u0131l\u0131rken g\u00fcvenlik \u00f6nlemlerine kesinlikle uyulmal\u0131d\u0131r. Operat\u00f6rler, riskleri azaltmak i\u00e7in do\u011fru kullan\u0131m prosed\u00fcrleri konusunda e\u011fitilmelidir. Bu, bas\u0131n\u00e7 alt\u0131ndaki hidrolik s\u0131v\u0131yla ili\u015fkili potansiyel tehlikelerin ve uygun ki\u015fisel koruyucu ekipman\u0131n (KKD) \u00f6neminin anla\u015f\u0131lmas\u0131n\u0131 i\u00e7erir. T\u00fcm g\u00fcvenlik mekanizmalar\u0131n\u0131n do\u011fru \u015fekilde \u00e7al\u0131\u015ft\u0131\u011f\u0131ndan emin olmak, g\u00fcvenli \u00e7al\u0131\u015fma i\u00e7in \u00e7ok \u00f6nemlidir.<\/p>\n<h2>Ar\u0131za Te\u015fhisi ve Yayg\u0131n Sorunlar<\/h2>\n<ul>\n<li>Performans Sorunlar\u0131n\u0131 Belirleme<\/li>\n<li>S\u0131z\u0131nt\u0131 Tespit Teknikleri<\/li>\n<li>Yayg\u0131n Conta Ar\u0131zalar\u0131<\/li>\n<\/ul>\n<p>Hidrolik silindirlerdeki ar\u0131zalar\u0131 te\u015fhis etmek metodik bir yakla\u015f\u0131m gerektirir. Azalm\u0131\u015f kald\u0131rma kapasitesi veya d\u00fczensiz hareketler gibi performans sorunlar\u0131n\u0131 g\u00f6zlemleyerek ba\u015flay\u0131n. S\u0131z\u0131nt\u0131 tespit edilirse, contalar\u0131 ve ba\u011flant\u0131lar\u0131 a\u015f\u0131nma veya hasar a\u00e7\u0131s\u0131ndan de\u011ferlendirin. Yayg\u0131n conta ar\u0131zalar\u0131 genellikle yanl\u0131\u015f montaj veya uyumsuz malzeme kullan\u0131m\u0131ndan kaynaklanabilir ve dikkatli se\u00e7im ve d\u00fczenli bak\u0131m gerektirir.<\/p>\n<h2>Sorun Giderme \u0130pu\u00e7lar\u0131<\/h2>\n<p>Hidrolik silindir sorunlar\u0131n\u0131 etkili bir \u015fekilde gidermek i\u00e7in, t\u00fcm bak\u0131m g\u00f6revlerinin ve performans de\u011fi\u015fikliklerinin bir kayd\u0131n\u0131 tutun. Bu bilgiler, altta yatan sorunlara i\u015faret eden kal\u0131plar\u0131 belirlemeye yard\u0131mc\u0131 olabilir. Operat\u00f6rlere ar\u0131zan\u0131n erken belirtilerini tan\u0131ma konusunda d\u00fczenli e\u011fitim verilmesi, zaman\u0131nda m\u00fcdahalelere ve daha fazla sorunun \u00f6nlenmesine yol a\u00e7abilir.<\/p>\n<p><img decoding=\"async\" src=\"https:\/\/www.hydraulic-cylinders.net\/wp-content\/uploads\/2025\/05\/hydraulic-cylinder-all-2.webp\" alt=\"Hidrolik Silindir G\u00f6r\u00fcnt\u00fcs\u00fc\"><\/p>\n<h2>\u015eirketimiz Hakk\u0131nda<\/h2>\n<p>Hidrolik silindir \u00fcretiminde lider bir \u00fcretici olan firmam\u0131z, hem yurt i\u00e7i hem de yurt d\u0131\u015f\u0131 pazarlar\u0131n ihtiya\u00e7lar\u0131n\u0131 kar\u015f\u0131layacak \u015fekilde tasarlanm\u0131\u015f kapsaml\u0131 bir \u00fcr\u00fcn yelpazesi sunma konusunda uzmand\u0131r. Hidrolik sistemlerdeki uzmanl\u0131\u011f\u0131m\u0131z, sekt\u00f6r standartlar\u0131na uygun, y\u00fcksek kaliteli \u00e7\u00f6z\u00fcmler sunmam\u0131z\u0131 sa\u011flar.<\/p>\n<p>Kalite g\u00fcvence s\u00fcre\u00e7lerimizi do\u011frulayan uluslararas\u0131 sertifikalarla profesyonel yakla\u015f\u0131m\u0131m\u0131zla gurur duyuyoruz. \u00d6zel hizmetlerimiz, her \u00fcr\u00fcn\u00fcn benzersiz operasyonel ihtiya\u00e7lar\u0131 kar\u015f\u0131layacak \u015fekilde tasarlanmas\u0131n\u0131 sa\u011flayarak, m\u00fc\u015fterilerin \u00f6zel gereksinimlerine hitap ediyor.<\/p>\n<p>Geli\u015fmi\u015f \u00fcretim tesislerimizle, zamana meydan okuyan hidrolik silindirler \u00fcretmek i\u00e7in en son teknolojiyi kullan\u0131yoruz. \u00d6zel sat\u0131\u015f sonras\u0131 servis ekibimiz, hidrolik sistemlerinde sorun giderme ve optimizasyon konusunda m\u00fc\u015fterilerimize her zaman yard\u0131mc\u0131 olmak i\u00e7in haz\u0131rd\u0131r.<\/p>\n<p><img decoding=\"async\" src=\"https:\/\/www.hydraulic-cylinders.net\/wp-content\/uploads\/2025\/05\/xinxin-hydraulic-cylinder-factory-1.webp\" alt=\"\u015eirket Fabrika G\u00f6r\u00fcnt\u00fcs\u00fc\"><\/p>\n<p>Yazar: lyl<\/p>","protected":false},"excerpt":{"rendered":"<p>Sanitation Vehicle Top Cover Hydraulic Cylinder Product Overview The Sanitation Vehicle Top Cover Hydraulic Cylinder is an essential component designed for the efficient operation of sanitation vehicles. This hydraulic cylinder is responsible for the lifting and lowering of the top cover, ensuring that waste management processes are carried out seamlessly. Made with high-quality materials, it [&hellip;]<\/p>","protected":false},"featured_media":20663,"comment_status":"open","ping_status":"closed","template":"","meta":{"_et_pb_use_builder":"","_et_pb_old_content":"","_et_gb_content_width":""},"product_brand":[],"product_cat":[1483,1558],"product_tag":[],"class_list":{"0":"post-20711","1":"product","2":"type-product","3":"status-publish","4":"has-post-thumbnail","6":"product_cat-construction-machinery-hydraulic-cylinders","7":"product_cat-sanitation-machinery-hydraulic-cylinders-2","9":"first","10":"instock","11":"shipping-taxable","12":"product-type-simple"},"amp_enabled":true,"_links":{"self":[{"href":"https:\/\/www.hydraulic-cylinders.net\/tr\/wp-json\/wp\/v2\/product\/20711","targetHints":{"allow":["GET"]}}],"collection":[{"href":"https:\/\/www.hydraulic-cylinders.net\/tr\/wp-json\/wp\/v2\/product"}],"about":[{"href":"https:\/\/www.hydraulic-cylinders.net\/tr\/wp-json\/wp\/v2\/types\/product"}],"replies":[{"embeddable":true,"href":"https:\/\/www.hydraulic-cylinders.net\/tr\/wp-json\/wp\/v2\/comments?post=20711"}],"wp:featuredmedia":[{"embeddable":true,"href":"https:\/\/www.hydraulic-cylinders.net\/tr\/wp-json\/wp\/v2\/media\/20663"}],"wp:attachment":[{"href":"https:\/\/www.hydraulic-cylinders.net\/tr\/wp-json\/wp\/v2\/media?parent=20711"}],"wp:term":[{"taxonomy":"product_brand","embeddable":true,"href":"https:\/\/www.hydraulic-cylinders.net\/tr\/wp-json\/wp\/v2\/product_brand?post=20711"},{"taxonomy":"product_cat","embeddable":true,"href":"https:\/\/www.hydraulic-cylinders.net\/tr\/wp-json\/wp\/v2\/product_cat?post=20711"},{"taxonomy":"product_tag","embeddable":true,"href":"https:\/\/www.hydraulic-cylinders.net\/tr\/wp-json\/wp\/v2\/product_tag?post=20711"}],"curies":[{"name":"wp","href":"https:\/\/api.w.org\/{rel}","templated":true}]}}