{"id":20773,"date":"2025-05-28T05:32:13","date_gmt":"2025-05-28T05:32:13","guid":{"rendered":"https:\/\/www.hydraulic-cylinders.net\/product\/qj1254-31-021-steering-cylinder\/"},"modified":"2025-05-28T05:32:16","modified_gmt":"2025-05-28T05:32:16","slug":"qj1254-31-021-steering-cylinder","status":"publish","type":"product","link":"https:\/\/www.hydraulic-cylinders.net\/tr\/urun\/qj1254-31-021-steering-cylinder\/","title":{"rendered":"QJ1254 31 021 Direksiyon Silindiri"},"content":{"rendered":"<h1>ZY254 31F 019A Direksiyon Silindiri<\/h1>\n<p><img decoding=\"async\" src=\"https:\/\/www.hydraulic-cylinders.net\/wp-content\/uploads\/2025\/05\/zy254-31f-019a-hydraulic-cylinder-1.webp\" alt=\"ZY254 31F 019A Direksiyon Silindiri\" \/><\/p>\n<h2><strong>Direksiyon Silindirine Giri\u015f<\/strong><\/h2>\n<p>ZY254 31F 019A direksiyon silindiri, ara\u00e7lar\u0131n verimlili\u011fini ve tepkisini art\u0131rmak i\u00e7in tasarlanm\u0131\u015f, hidrolik direksiyon sistemlerinde olmazsa olmaz bir bile\u015fendir. Bu hidrolik direksiyon silindiri, \u00fcst\u00fcn kontrol ve hassasiyet sunarak otomotiv direksiyon mekanizmalar\u0131 i\u00e7in g\u00fcvenilir bir \u00e7\u00f6z\u00fcm sunar. 40 mm silindir \u00e7ap\u0131, 25 mm rot \u00e7ap\u0131, 140 mm hareket mesafesi ve 385 mm montaj mesafesiyle \u00e7e\u015fitli uygulamalarda optimum performans sa\u011flar. Bu direksiyon silindirinin kullan\u0131m\u0131n\u0131n avantajlar\u0131 aras\u0131nda geli\u015fmi\u015f manevra kabiliyeti, azalt\u0131lm\u0131\u015f direksiyon eforu ve s\u00fcr\u00fcc\u00fcler i\u00e7in art\u0131r\u0131lm\u0131\u015f g\u00fcvenlik yer al\u0131r ve bu da onu her direksiyon sisteminin vazge\u00e7ilmez bir par\u00e7as\u0131 haline getirir.<\/p>\n<h2><strong>ZY254 31F 019A Direksiyon Silindirinin \u00d6zellikleri<\/strong><\/h2>\n<ul>\n<li><strong>Y\u00fcksek Verimlilik:<\/strong> Bu hidrolik direksiyon silindiri direksiyon tepkisini optimize ederek arac\u0131n daha yumu\u015fak ve hassas bir \u015fekilde kullan\u0131lmas\u0131n\u0131 sa\u011flar.<\/li>\n<li><strong>Dayan\u0131kl\u0131 Yap\u0131:<\/strong> Y\u00fcksek kaliteli malzemelerle \u00fcretilen bu \u00fcr\u00fcn, zorlu ko\u015fullarda uzun s\u00fcreli performans sa\u011flar.<\/li>\n<li><strong>Kompakt Tasar\u0131m:<\/strong> Kompakt montaj mesafesiyle \u00e7e\u015fitli otomotiv tasar\u0131mlar\u0131na m\u00fckemmel uyum sa\u011flar ve alan verimlili\u011fini korur.<\/li>\n<li><strong>\u00c7ok Y\u00f6nl\u00fc Uygulamalar:<\/strong> Otomotiv direksiyon sistemleri, tar\u0131m makineleri ve end\u00fcstriyel ekipmanlar i\u00e7in idealdir.<\/li>\n<li><strong>Geli\u015fmi\u015f G\u00fcvenlik:<\/strong> G\u00fcvenilir direksiyon kontrol\u00fc sa\u011flayarak direksiyon ar\u0131zalar\u0131ndan kaynaklanan kaza riskini \u00f6nemli \u00f6l\u00e7\u00fcde azalt\u0131r.<\/li>\n<\/ul>\n<h2><strong>\u00c7e\u015fitli End\u00fcstrilerdeki Uygulamalar<\/strong><\/h2>\n<p>ZY254 31F 019A direksiyon silindiri a\u015fa\u011f\u0131dakiler de dahil olmak \u00fczere bir\u00e7ok sekt\u00f6rde uygulama alan\u0131 bulmaktad\u0131r:<\/p>\n<ul>\n<li><strong>Tar\u0131m:<\/strong> Trakt\u00f6r ve di\u011fer i\u015f makinelerinde kullan\u0131l\u0131r, tarlada daha iyi manevra kabiliyeti i\u00e7in hassas direksiyon kontrol\u00fc sa\u011flar.<\/li>\n<li><strong>Otomotiv:<\/strong> Otomobil ve kamyonlarda verimli direksiyon sistemleri i\u00e7in olmazsa olmazd\u0131r ve arac\u0131n genel i\u015flevselli\u011fini art\u0131r\u0131r.<\/li>\n<li><strong>End\u00fcstriyel Makineler:<\/strong> Hassas kontrol ve g\u00fcc\u00fcn gerekli oldu\u011fu \u00e7e\u015fitli makine tiplerini destekler.<\/li>\n<\/ul>\n<p><img decoding=\"async\" src=\"https:\/\/www.hydraulic-cylinders.net\/wp-content\/uploads\/2025\/05\/steering-cylinder-application.webp\" alt=\"Direksiyon Silindiri Uygulamas\u0131\" \/><\/p>\n<h2><strong>Tasar\u0131m Hususlar\u0131 ve Se\u00e7im Kriterleri<\/strong><\/h2>\n<h3>Y\u00fck Kapasitesi<\/h3>\n<p>Direksiyon hidrolik silindiri se\u00e7erken, y\u00fck kapasitesini anlamak \u00e7ok \u00f6nemlidir. ZY254 31F 019A, performanstan \u00f6d\u00fcn vermeden \u00e7al\u0131\u015fma s\u0131ras\u0131nda uygulanan kuvvetleri y\u00f6netebilmesini sa\u011flayacak \u015fekilde tasarlanm\u0131\u015ft\u0131r. Sa\u011flam tasar\u0131m\u0131, y\u00fcksek y\u00fck ko\u015fullar\u0131nda g\u00fcvenli \u00e7al\u0131\u015fma sa\u011flayarak a\u011f\u0131r hizmet uygulamalar\u0131 i\u00e7in uygundur.<\/p>\n<h3>S\u0131zd\u0131rmazl\u0131k Mekanizmalar\u0131<\/h3>\n<p>Etkili s\u0131zd\u0131rmazl\u0131k, performans d\u00fc\u015f\u00fc\u015f\u00fcne ve olas\u0131 ar\u0131zalara yol a\u00e7abilen hidrolik s\u0131v\u0131 s\u0131z\u0131nt\u0131s\u0131n\u0131 \u00f6nlemek i\u00e7in hayati \u00f6nem ta\u015f\u0131r. ZY254, poli\u00fcretan ve nitril kau\u00e7uk gibi malzemeler kullanan geli\u015fmi\u015f s\u0131zd\u0131rmazl\u0131k teknolojilerini b\u00fcnyesinde bar\u0131nd\u0131rarak dayan\u0131kl\u0131l\u0131k ve a\u015f\u0131nma direnci sa\u011flar. Bu tasar\u0131m anlay\u0131\u015f\u0131, silindirin \u00f6mr\u00fcn\u00fc uzat\u0131r ve bak\u0131m maliyetlerini azalt\u0131r.<\/p>\n<h3>Dayan\u0131kl\u0131l\u0131k<\/h3>\n<p>Direksiyon pistonunun dayan\u0131kl\u0131l\u0131\u011f\u0131, tasar\u0131m\u0131nda \u00f6nemli bir fakt\u00f6rd\u00fcr. ZY254, s\u0131cakl\u0131k dalgalanmalar\u0131, nem ve toz gibi \u00e7evresel zorluklara dayan\u0131kl\u0131 y\u00fcksek mukavemetli malzemelerden \u00fcretilmi\u015ftir. Bu dayan\u0131kl\u0131l\u0131k, \u00e7e\u015fitli \u00e7al\u0131\u015fma ko\u015fullar\u0131nda tutarl\u0131 performans\u0131n korunmas\u0131 i\u00e7in \u00f6nemlidir.<\/p>\n<h3>G\u00fcvenlik \u00d6zellikleri<\/h3>\n<p>Hidrolik sistemlerde g\u00fcvenlik en \u00f6nemli unsurdur. ZY254 direksiyon silindiri, a\u015f\u0131r\u0131 bas\u0131nc\u0131 \u00f6nleyen ve g\u00fcvenilir \u00e7al\u0131\u015fma sa\u011flayan g\u00fcvenlik \u00f6zellikleriyle donat\u0131lm\u0131\u015ft\u0131r. Bu tasar\u0131m anlay\u0131\u015f\u0131, sistemin g\u00fcnl\u00fck kullan\u0131mda g\u00fcvenli kalmas\u0131n\u0131 sa\u011flayarak hidrolik ar\u0131zalarla ili\u015fkili olas\u0131 tehlikeleri azalt\u0131r.<\/p>\n<h3>Bak\u0131m ve Onar\u0131m Kolayl\u0131\u011f\u0131<\/h3>\n<p>Son olarak, direksiyon silindirinin uzun vadeli i\u015flevselli\u011fi i\u00e7in bak\u0131m hususlar\u0131 kritik \u00f6neme sahiptir. ZY254, rutin kontrol veya onar\u0131m gerektirebilecek bile\u015fenlere kolay eri\u015fim sa\u011flayacak \u015fekilde tasarlanm\u0131\u015ft\u0131r; bu da verimli bak\u0131m prosed\u00fcrlerini kolayla\u015ft\u0131r\u0131r ve ar\u0131za s\u00fcresini en aza indirir.<\/p>\n<h2><strong>Direksiyon Silindirinin S\u0131zd\u0131rmazl\u0131\u011f\u0131 ve Ya\u011flanmas\u0131<\/strong><\/h2>\n<p>S\u0131zd\u0131rmazl\u0131k ve ya\u011flama, ZY254 31F 019A direksiyon silindirinin optimum performans\u0131 i\u00e7in olmazsa olmazd\u0131r. Piston contalar\u0131 ve piston kolu contalar\u0131 dahil olmak \u00fczere \u00e7e\u015fitli s\u0131zd\u0131rmazl\u0131k bile\u015fenlerinin kullan\u0131m\u0131, hidrolik s\u0131v\u0131n\u0131n silindir i\u00e7inde kalmas\u0131n\u0131 sa\u011flayarak s\u0131z\u0131nt\u0131lar\u0131 \u00f6nler. Poli\u00fcretan ve nitril kau\u00e7uk gibi y\u00fcksek kaliteli malzemelerin se\u00e7ilmesi, bu contalar\u0131n dayan\u0131kl\u0131l\u0131\u011f\u0131n\u0131 art\u0131rarak hidrolik bas\u0131nc\u0131n ve \u00e7evresel etkilerin zorluklar\u0131na dayanmalar\u0131n\u0131 sa\u011flar.<\/p>\n<p>Silindir g\u00f6vdesi ve di\u015fli u\u00e7lar\u0131n\u0131n y\u00fczey i\u015flemleri, a\u015f\u0131nma direncini art\u0131rmak i\u00e7in titizlikle yap\u0131lm\u0131\u015ft\u0131r. Contalar\u0131n performans\u0131n\u0131 ve silindirin d\u00fczg\u00fcn \u00e7al\u0131\u015fmas\u0131n\u0131 korumak i\u00e7in uygun hidrolik s\u0131v\u0131 ile d\u00fczenli ya\u011flama gereklidir. Bu bak\u0131m uygulamas\u0131, s\u00fcrt\u00fcnme ve a\u015f\u0131nmay\u0131 azaltarak direksiyon pistonunun \u00f6mr\u00fcn\u00fc uzat\u0131r.<\/p>\n<h2><strong>\u00d6nleyici Bak\u0131m \u00d6nlemleri<\/strong><\/h2>\n<ul>\n<li><strong>D\u00fczenli Denetimler:<\/strong> A\u015f\u0131nma veya hasar belirtilerini kontrol etmek i\u00e7in rutin kontroller yap\u0131n. Bu, contalar\u0131n etraf\u0131nda s\u0131z\u0131nt\u0131 olup olmad\u0131\u011f\u0131n\u0131 kontrol etmeyi ve t\u00fcm ba\u011flant\u0131lar\u0131n sa\u011flam oldu\u011fundan emin olmay\u0131 i\u00e7erir.<\/li>\n<li><strong>Ya\u011flama:<\/strong> Silindirin \u00f6nerilen hidrolik ya\u011f ile yeterli \u015fekilde ya\u011fland\u0131\u011f\u0131ndan emin olun. \u0130\u00e7 s\u00fcrt\u00fcnmeyi ve a\u015f\u0131nmay\u0131 \u00f6nlemek i\u00e7in d\u00fczenli ya\u011flama \u00e7ok \u00f6nemlidir.<\/li>\n<li><strong>Conta De\u011fi\u015fimi:<\/strong> Hidrolik b\u00fct\u00fcnl\u00fc\u011f\u00fc korumak i\u00e7in contalar\u0131 gerekti\u011fi gibi de\u011fi\u015ftirin. D\u00fczenli kontroller, conta bozulmas\u0131n\u0131 erken tespit ederek s\u0131v\u0131 s\u0131z\u0131nt\u0131lar\u0131n\u0131 \u00f6nlemeye yard\u0131mc\u0131 olabilir.<\/li>\n<\/ul>\n<h2><strong>ZY254 31F 019A Direksiyon Silindiri i\u00e7in Kurulum Talimatlar\u0131<\/strong><\/h2>\n<p>ZY254 31F 019A direksiyon silindirinin do\u011fru montaj\u0131, i\u015flevselli\u011fi ve uzun \u00f6m\u00fcrl\u00fcl\u00fc\u011f\u00fc i\u00e7in hayati \u00f6nem ta\u015f\u0131r. \u00d6ncelikle montaj y\u00fczeylerinin temiz ve kal\u0131nt\u0131lardan ar\u0131nd\u0131r\u0131lm\u0131\u015f oldu\u011fundan emin olun. Silindiri direksiyon sistemiyle do\u011fru \u015fekilde hizalay\u0131n ve \u00e7al\u0131\u015fma s\u0131ras\u0131nda gerilimi \u00f6nlemek i\u00e7in do\u011fru a\u00e7\u0131da konumland\u0131r\u0131ld\u0131\u011f\u0131ndan emin olun. Silindiri yerinde sabitlemek i\u00e7in uygun montaj braketlerini kullan\u0131n.<\/p>\n<p>Hizaland\u0131ktan sonra, t\u00fcm ba\u011flant\u0131 elemanlar\u0131n\u0131 \u00fcreticinin talimatlar\u0131na g\u00f6re s\u0131k\u0131n ve sa\u011flam bir ba\u011flant\u0131 sa\u011flay\u0131n. Hasara yol a\u00e7abilecek a\u015f\u0131r\u0131 s\u0131kmalardan ka\u00e7\u0131nmak \u00e7ok \u00f6nemlidir. Kurulumdan sonra, sistemi bas\u0131n\u00e7 alt\u0131nda test ederek olas\u0131 s\u0131z\u0131nt\u0131lar\u0131 kontrol edin. Son olarak, silindirin sistem i\u00e7inde sorunsuz \u00e7al\u0131\u015ft\u0131\u011f\u0131ndan emin olmak i\u00e7in silindirin hareketini ve tepkisini kontrol edin.<\/p>\n<h2><strong>Direksiyon Silindiri Bak\u0131m G\u00f6revleri<\/strong><\/h2>\n<ul>\n<li><strong>D\u00fczenli Denetimler:<\/strong> Olas\u0131 sorunlar\u0131 daha da b\u00fcy\u00fcmeden tespit etmek i\u00e7in d\u00fczenli denetimler yapmak \u00e7ok \u00f6nemlidir. Optimum performans\u0131 korumak i\u00e7in s\u0131z\u0131nt\u0131lar\u0131, a\u015f\u0131nmalar\u0131 ve g\u00fcvenli ba\u011flant\u0131lar\u0131 kontrol edin.<\/li>\n<li><strong>Uygun Ya\u011flama:<\/strong> Direksiyon silindirinin yeterli \u015fekilde ya\u011flanmas\u0131 a\u015f\u0131nma ve y\u0131pranmay\u0131 \u00f6nler. \u00dcretici taraf\u0131ndan belirtilen do\u011fru hidrolik ya\u011f\u0131 kullan\u0131n ve d\u00fczenli bir ya\u011flama program\u0131 uygulay\u0131n.<\/li>\n<li><strong>Conta De\u011fi\u015fimi:<\/strong> Zamanla contalar a\u015f\u0131narak s\u0131v\u0131 s\u0131z\u0131nt\u0131lar\u0131na yol a\u00e7abilir. Silindirin b\u00fct\u00fcnl\u00fc\u011f\u00fcn\u00fc korumak i\u00e7in contalar\u0131 d\u00fczenli olarak kontrol edin ve gerekti\u011finde de\u011fi\u015ftirin.<\/li>\n<\/ul>\n<h2><strong>G\u00fcvenlik Hususlar\u0131 ve \u00c7evresel Fakt\u00f6rler<\/strong><\/h2>\n<p>Hidrolik direksiyon sistemlerini \u00e7al\u0131\u015ft\u0131r\u0131rken g\u00fcvenlik \u00f6nlemleri son derece \u00f6nemlidir. Kullan\u0131c\u0131lar, riskleri en aza indirmek i\u00e7in her zaman g\u00fcvenlik protokollerine uymal\u0131d\u0131r. Bu, t\u00fcm bile\u015fenlerin iyi durumda olmas\u0131n\u0131 ve sistemin d\u00fczenli olarak bak\u0131m\u0131n\u0131 sa\u011flamay\u0131 i\u00e7erir. S\u0131cakl\u0131k dalgalanmalar\u0131 ve zorlu ko\u015fullara maruz kalma gibi \u00e7evresel fakt\u00f6rler, direksiyon silindirinin performans\u0131n\u0131 etkileyebilir. Silindirin optimum ve g\u00fcvenli bir \u015fekilde \u00e7al\u0131\u015fmas\u0131n\u0131 sa\u011flamak i\u00e7in \u00e7al\u0131\u015ft\u0131rma ve bak\u0131m s\u0131ras\u0131nda bu fakt\u00f6rleri g\u00f6z \u00f6n\u00fcnde bulundurmak \u00f6nemlidir.<\/p>\n<h2><strong>Ar\u0131za Te\u015fhisi ve Yayg\u0131n Sorunlar<\/strong><\/h2>\n<ul>\n<li><strong>S\u0131zd\u0131ran Contalar:<\/strong> Hidrolik silindirlerde s\u0131k kar\u015f\u0131la\u015f\u0131lan bir sorun, conta s\u0131z\u0131nt\u0131s\u0131d\u0131r. Hidrolik s\u0131v\u0131 seviyelerinde bir d\u00fc\u015f\u00fc\u015f fark ederseniz, contalar\u0131 hasar veya a\u015f\u0131nma a\u00e7\u0131s\u0131ndan inceleyin. \u00c7o\u011fu durumda, contalar\u0131n de\u011fi\u015ftirilmesi bu sorunu \u00e7\u00f6zebilir.<\/li>\n<li><strong>D\u00fc\u015f\u00fck Performans:<\/strong> Direksiyon tepkisi yava\u015fsa, bu durum i\u00e7 a\u015f\u0131nma veya yetersiz ya\u011flama belirtisi olabilir. Ya\u011flama seviyelerini kontrol edin ve herhangi bir i\u00e7 hasar\u0131 tespit etmek i\u00e7in kapsaml\u0131 bir inceleme yapmay\u0131 d\u00fc\u015f\u00fcn\u00fcn.<\/li>\n<li><strong>Hizalama hatas\u0131:<\/strong> Montaj s\u0131ras\u0131ndaki hizalama hatalar\u0131, d\u00fczensiz a\u015f\u0131nmaya ve olas\u0131 ar\u0131zalara yol a\u00e7abilir. Bu sorunun olu\u015fmas\u0131n\u0131 \u00f6nlemek i\u00e7in silindirin do\u011fru hizaland\u0131\u011f\u0131ndan ve g\u00fcvenli bir \u015fekilde monte edildi\u011finden emin olun.<\/li>\n<\/ul>\n<h2><strong>Sorun Giderme \u0130pu\u00e7lar\u0131<\/strong><\/h2>\n<p>ZY254 direksiyon silindirindeki sorunlar\u0131 etkili bir \u015fekilde te\u015fhis etmek ve \u00e7\u00f6zmek i\u00e7in \u015fu sorun giderme ipu\u00e7lar\u0131n\u0131 izleyin: \u0130lk olarak, sistemi herhangi bir s\u0131z\u0131nt\u0131 veya performans sorunu belirtisi a\u00e7\u0131s\u0131ndan d\u00fczenli olarak izleyin. Bunlar\u0131 zaman\u0131nda ele almak, daha ciddi sorunlar\u0131 \u00f6nleyebilir. \u0130kinci olarak, bak\u0131m ve onar\u0131mlar\u0131n a\u00e7\u0131k bir \u015fekilde belgelenmesini sa\u011flay\u0131n; bu, tekrarlayan sorunlara i\u015faret edebilecek kal\u0131plar\u0131 belirlemeye yard\u0131mc\u0131 olabilir. Son olarak, sorunlar devam ederse, silindiri de\u011ferlendirmek ve uygun onar\u0131m veya de\u011fi\u015ftirme y\u00f6ntemlerini \u00f6nermek i\u00e7in bir uzmana dan\u0131\u015f\u0131n.<\/p>\n<h2><strong>\u015eirketimiz Hakk\u0131nda<\/strong><\/h2>\n<p>Alternatif hidrolik silindirlerin lider \u00fcreticisi ve toptan da\u011f\u0131t\u0131c\u0131s\u0131y\u0131z ve hem yurt i\u00e7i hem de yurt d\u0131\u015f\u0131 pazarlar\u0131n ihtiya\u00e7lar\u0131n\u0131 kar\u015f\u0131lamak i\u00e7in geni\u015f bir \u00fcr\u00fcn yelpazesi sunuyoruz. M\u00fckemmelli\u011fe olan ba\u011fl\u0131l\u0131\u011f\u0131m\u0131z, ileri teknoloji ve hassas m\u00fchendislikten yararlanan son teknoloji \u00fcretim s\u00fcre\u00e7lerimize yans\u0131yor.<\/p>\n<p>Fabrikam\u0131z, s\u00fcrekli olarak y\u00fcksek kaliteli hidrolik silindirler \u00fcretmemizi sa\u011flayan \u00fcst d\u00fczey dijital \u00fcretim ekipmanlar\u0131 ve profesyonel bir test sistemiyle donat\u0131lm\u0131\u015ft\u0131r. \u0130novasyona g\u00fc\u00e7l\u00fc bir \u015fekilde odaklanarak, m\u00fc\u015fterilerimizin \u00e7e\u015fitli ihtiya\u00e7lar\u0131n\u0131 kar\u015f\u0131lamak i\u00e7in \u00fcretim kapasitemizi s\u00fcrekli olarak geli\u015ftiriyoruz.<\/p>\n<p>M\u00fc\u015fteri memnuniyetini \u00f6n planda tutuyor, \u00fcr\u00fcnlerimizin k\u00fcresel standartlara uygun olmas\u0131n\u0131 sa\u011flamak i\u00e7in \u00f6zel hizmetler ve uluslararas\u0131 sertifikalar sunuyoruz. \u00d6zel sat\u0131\u015f sonras\u0131 hizmet ekibimiz, m\u00fc\u015fterilerimize her zaman yard\u0131mc\u0131 olmaya, \u00fcr\u00fcn \u00f6mr\u00fcn\u00fc ve performans\u0131n\u0131 en \u00fcst d\u00fczeye \u00e7\u0131karmak i\u00e7in destek ve rehberlik sa\u011flamaya haz\u0131rd\u0131r.<\/p>\n<p><img decoding=\"async\" src=\"https:\/\/www.hydraulic-cylinders.net\/wp-content\/uploads\/2025\/05\/xinxin-hydraulic-cylinder-factory-1.webp\" alt=\"Hidrolik Silindir Fabrikas\u0131\" \/><\/p>","protected":false},"excerpt":{"rendered":"<p>ZY254 31F 019A Steering Cylinder Introduction to the Steering Cylinder The ZY254 31F 019A steering cylinder is an essential component in hydraulic steering systems, designed to enhance the efficiency and responsiveness of vehicles. This hydraulic steering cylinder provides a reliable solution for automotive steering mechanisms, offering superior control and precision. With a cylinder diameter of [&hellip;]<\/p>","protected":false},"featured_media":20638,"comment_status":"open","ping_status":"closed","template":"","meta":{"_et_pb_use_builder":"","_et_pb_old_content":"","_et_gb_content_width":""},"product_brand":[],"product_cat":[1561],"product_tag":[1563,1562],"class_list":{"0":"post-20773","1":"product","2":"type-product","3":"status-publish","4":"has-post-thumbnail","6":"product_cat-steering-hydraulic-cylinders","7":"product_tag-steering-cylinders","8":"product_tag-steering-hydraulic-cylinders","10":"first","11":"instock","12":"shipping-taxable","13":"product-type-simple"},"amp_enabled":true,"_links":{"self":[{"href":"https:\/\/www.hydraulic-cylinders.net\/tr\/wp-json\/wp\/v2\/product\/20773","targetHints":{"allow":["GET"]}}],"collection":[{"href":"https:\/\/www.hydraulic-cylinders.net\/tr\/wp-json\/wp\/v2\/product"}],"about":[{"href":"https:\/\/www.hydraulic-cylinders.net\/tr\/wp-json\/wp\/v2\/types\/product"}],"replies":[{"embeddable":true,"href":"https:\/\/www.hydraulic-cylinders.net\/tr\/wp-json\/wp\/v2\/comments?post=20773"}],"wp:featuredmedia":[{"embeddable":true,"href":"https:\/\/www.hydraulic-cylinders.net\/tr\/wp-json\/wp\/v2\/media\/20638"}],"wp:attachment":[{"href":"https:\/\/www.hydraulic-cylinders.net\/tr\/wp-json\/wp\/v2\/media?parent=20773"}],"wp:term":[{"taxonomy":"product_brand","embeddable":true,"href":"https:\/\/www.hydraulic-cylinders.net\/tr\/wp-json\/wp\/v2\/product_brand?post=20773"},{"taxonomy":"product_cat","embeddable":true,"href":"https:\/\/www.hydraulic-cylinders.net\/tr\/wp-json\/wp\/v2\/product_cat?post=20773"},{"taxonomy":"product_tag","embeddable":true,"href":"https:\/\/www.hydraulic-cylinders.net\/tr\/wp-json\/wp\/v2\/product_tag?post=20773"}],"curies":[{"name":"wp","href":"https:\/\/api.w.org\/{rel}","templated":true}]}}