{"id":652,"date":"2023-08-21T02:56:38","date_gmt":"2023-08-21T02:56:38","guid":{"rendered":"https:\/\/hydraulic-cylinders.net\/?post_type=product&#038;p=652"},"modified":"2025-04-11T01:45:01","modified_gmt":"2025-04-11T01:45:01","slug":"forklift-short-lifting-hydraulic-cylinder","status":"publish","type":"product","link":"https:\/\/www.hydraulic-cylinders.net\/tr\/urun\/forklift-short-lifting-hydraulic-cylinder\/","title":{"rendered":"Forklift K\u0131sa Kald\u0131rma Hidrolik Silindir"},"content":{"rendered":"<h1 style=\"text-align: center;\"><strong>Forklift K\u0131sa Kald\u0131rma Hidrolik Silindir<\/strong><\/h1>\n<p><img loading=\"lazy\" decoding=\"async\" class=\"aligncenter wp-image-653\" src=\"https:\/\/hydraulic-cylinders.net\/wp-content\/uploads\/2023\/08\/short-lifting-hydraulic-cylinder-product-2-300x300.webp\" alt=\"short-lifting-hydraulic-cylinder-product\" width=\"400\" height=\"400\" \/><\/p>\n<p>The <strong>Short Forklift Lift Cylinder<\/strong> is designed to tackle short lifting tasks effortlessly, delivering the power and precision needed to optimize your material handling operations.<\/p>\n<p>Featuring a robust design, this hydraulic cylinder can withstand heavy loads, frequent use, and challenging operating conditions. Built for durability, it ensures reliable performance while minimizing downtime related to maintenance or repairs.<\/p>\n<p>With exceptional resistance to wear, corrosion, and contamination, the <strong>Short Forklift Lift Cylinder<\/strong> maintains peak performance throughout its lifespan. Engineered to endure harsh elements, it effectively shields itself from moisture, debris, and other contaminants that could compromise its functionality.<\/p>\n<p>For those seeking a reliable lifting solution, this hydraulic cylinder is your ideal choice, ensuring efficiency and longevity in every operation.<\/p>\n<h2><strong>Forklift Short Lifting Hydraulic Cylinder Parameter:<\/strong><\/h2>\n<table>\n<tbody>\n<tr>\n<td><img loading=\"lazy\" decoding=\"async\" class=\"alignnone wp-image-654 size-full\" src=\"https:\/\/hydraulic-cylinders.net\/wp-content\/uploads\/2023\/08\/short-lifting-hydraulic-cylinder-product-1.png\" alt=\"\" width=\"457\" height=\"315\" srcset=\"https:\/\/www.hydraulic-cylinders.net\/wp-content\/uploads\/2023\/08\/short-lifting-hydraulic-cylinder-product-1.png 457w, https:\/\/www.hydraulic-cylinders.net\/wp-content\/uploads\/2023\/08\/short-lifting-hydraulic-cylinder-product-1-300x207.png 300w\" sizes=\"(max-width: 457px) 100vw, 457px\" \/><\/td>\n<td><img loading=\"lazy\" decoding=\"async\" class=\"alignnone wp-image-655 size-full\" src=\"https:\/\/hydraulic-cylinders.net\/wp-content\/uploads\/2023\/08\/short-lifting-hydraulic-cylinder-product-1-1.png\" alt=\"\" width=\"475\" height=\"137\" srcset=\"https:\/\/www.hydraulic-cylinders.net\/wp-content\/uploads\/2023\/08\/short-lifting-hydraulic-cylinder-product-1-1.png 475w, https:\/\/www.hydraulic-cylinders.net\/wp-content\/uploads\/2023\/08\/short-lifting-hydraulic-cylinder-product-1-1-300x87.png 300w\" sizes=\"(max-width: 475px) 100vw, 475px\" \/><\/td>\n<\/tr>\n<\/tbody>\n<\/table>\n<table style=\"height: 95px; width: 931px;\" border=\"1\" cellspacing=\"0\" cellpadding=\"0\">\n<tbody>\n<tr style=\"height: 47px;\">\n<td style=\"height: 47px; width: 124.137px;\">Silindir Ad\u0131<\/td>\n<td style=\"height: 47px; width: 182.712px;\">\u00e7izim numaras\u0131<\/td>\n<td style=\"height: 47px; width: 74.2125px;\">delik \u00e7ap\u0131 (D)<\/td>\n<td style=\"height: 47px; width: 63.6375px;\">\u00e7ubuk \u00e7ap\u0131 (d)<\/td>\n<td style=\"height: 47px; width: 69.75px;\">vuru\u015f (S)<\/td>\n<td style=\"height: 47px; width: 90.0875px;\">Kurulum mesafesi (L)<\/td>\n<td style=\"height: 47px; width: 92.5625px;\">\u00e7al\u0131\u015fma bas\u0131nc\u0131<\/td>\n<td style=\"height: 47px; width: 148.925px;\">Aray\u00fcz boyutlar\u0131 (M)<\/td>\n<td style=\"height: 47px; width: 68.975px;\">a\u011f\u0131rl\u0131k<\/td>\n<\/tr>\n<tr style=\"height: 48px;\">\n<td class=\"et3\" style=\"height: 48px; width: 124.137px;\" height=\"325\">Short lifting cylinder<\/td>\n<td style=\"width: 182.712px;\">RC25N480-800000-000A<\/td>\n<td style=\"width: 74.2125px;\">\u03a675<\/td>\n<td style=\"width: 63.6375px;\">\u03a660<\/td>\n<td style=\"width: 69.75px;\">800<\/td>\n<td style=\"width: 90.0875px;\">1065<\/td>\n<td style=\"width: 92.5625px;\">18.1 MPa<\/td>\n<td style=\"width: 148.925px;\">M22*1.5<\/td>\n<td style=\"width: 68.975px;\">36 kg<\/td>\n<\/tr>\n<tr>\n<td style=\"width: 124.137px;\">Short lifting cylinder<\/td>\n<td style=\"width: 182.712px;\">X35N480-800000-001A<\/td>\n<td style=\"width: 74.2125px;\">\u03a695<\/td>\n<td style=\"width: 63.6375px;\">\u03a680<\/td>\n<td style=\"width: 69.75px;\">800<\/td>\n<td style=\"width: 90.0875px;\">1065<\/td>\n<td style=\"width: 92.5625px;\">18.1 MPa<\/td>\n<td style=\"width: 148.925px;\">M22*1.5<\/td>\n<td style=\"width: 68.975px;\">48.7kg<\/td>\n<\/tr>\n<\/tbody>\n<\/table>\n<table>\n<tbody>\n<tr>\n<td><img loading=\"lazy\" decoding=\"async\" class=\"alignnone wp-image-656 size-full\" src=\"https:\/\/hydraulic-cylinders.net\/wp-content\/uploads\/2023\/08\/short-lifting-hydraulic-cylinder-product-2-1.webp\" alt=\"\" width=\"451\" height=\"358\" srcset=\"https:\/\/www.hydraulic-cylinders.net\/wp-content\/uploads\/2023\/08\/short-lifting-hydraulic-cylinder-product-2-1.webp 451w, https:\/\/www.hydraulic-cylinders.net\/wp-content\/uploads\/2023\/08\/short-lifting-hydraulic-cylinder-product-2-1-300x238.webp 300w\" sizes=\"(max-width: 451px) 100vw, 451px\" \/><\/td>\n<td><img loading=\"lazy\" decoding=\"async\" class=\"alignnone wp-image-657 size-full\" src=\"https:\/\/hydraulic-cylinders.net\/wp-content\/uploads\/2023\/08\/short-lifting-hydraulic-cylinder-product-2-1-1.webp\" alt=\"\" width=\"475\" height=\"223\" srcset=\"https:\/\/www.hydraulic-cylinders.net\/wp-content\/uploads\/2023\/08\/short-lifting-hydraulic-cylinder-product-2-1-1.webp 475w, https:\/\/www.hydraulic-cylinders.net\/wp-content\/uploads\/2023\/08\/short-lifting-hydraulic-cylinder-product-2-1-1-300x141.webp 300w\" sizes=\"(max-width: 475px) 100vw, 475px\" \/><\/td>\n<\/tr>\n<\/tbody>\n<\/table>\n<table style=\"height: 101px; width: 938px;\" border=\"1\" cellspacing=\"0\" cellpadding=\"0\">\n<tbody>\n<tr style=\"height: 47px;\">\n<td style=\"height: 47px; width: 122px;\">Silindir Ad\u0131<\/td>\n<td style=\"height: 47px; width: 155px;\">\u00e7izim numaras\u0131<\/td>\n<td style=\"height: 47px; width: 80px;\">delik \u00e7ap\u0131 (D)<\/td>\n<td style=\"height: 47px; width: 79px;\">\u00e7ubuk \u00e7ap\u0131 (d)<\/td>\n<td style=\"height: 47px; width: 65px;\">vuru\u015f (S)<\/td>\n<td style=\"height: 47px; width: 104px;\">Kurulum mesafesi (L)<\/td>\n<td style=\"height: 47px; width: 96px;\">\u00e7al\u0131\u015fma bas\u0131nc\u0131<\/td>\n<td style=\"height: 47px; width: 177px;\">Aray\u00fcz boyutlar\u0131 (M)<\/td>\n<td style=\"height: 47px; width: 60px;\">a\u011f\u0131rl\u0131k<\/td>\n<\/tr>\n<tr style=\"height: 54px;\">\n<td class=\"et3\" style=\"height: 54px; width: 122px;\" height=\"325\">Short lifting cylinder<\/td>\n<td style=\"width: 155px;\" width=\"270\">N30N450-800000-002A<\/td>\n<td style=\"width: 80px;\" width=\"102\">\u03a685<\/td>\n<td style=\"width: 79px;\" width=\"99\">\u03a670<\/td>\n<td style=\"width: 65px;\" width=\"91\">777<\/td>\n<td style=\"width: 104px;\" width=\"136\">1015<\/td>\n<td style=\"width: 96px;\" width=\"138\">18.1 MPa<\/td>\n<td style=\"width: 177px;\" width=\"294\">M22*1.5<\/td>\n<td style=\"width: 60px;\" width=\"78\">45.5kg<\/td>\n<\/tr>\n<tr>\n<td style=\"width: 122px;\">Short lifting cylinder<\/td>\n<td style=\"width: 155px;\">3U3H-800000-001A<\/td>\n<td style=\"width: 80px;\">\u03a685<\/td>\n<td style=\"width: 79px;\">\u03a670<\/td>\n<td style=\"width: 65px;\">777<\/td>\n<td style=\"width: 104px;\">1015<\/td>\n<td style=\"width: 96px;\">18.1 MPa<\/td>\n<td style=\"width: 177px;\">M22*1.5<\/td>\n<td style=\"width: 60px;\">45.5kg<\/td>\n<\/tr>\n<tr>\n<td style=\"width: 122px;\">Short lifting cylinder<\/td>\n<td style=\"width: 155px;\">N35N450-800000-003A<\/td>\n<td style=\"width: 80px;\">\u03a695<\/td>\n<td style=\"width: 79px;\">\u03a680<\/td>\n<td style=\"width: 65px;\">775<\/td>\n<td style=\"width: 104px;\">1013<\/td>\n<td style=\"width: 96px;\">18.1 MPa<\/td>\n<td style=\"width: 177px;\">M22*1.5<\/td>\n<td style=\"width: 60px;\">54kg<\/td>\n<\/tr>\n<\/tbody>\n<\/table>\n<h2><strong>Unlock Efficiency and Precision with the Hydraulic Cylinder:<\/strong><\/h2>\n<p>Experience the true power of hydraulic technology with the Hydraulic Cylinder. This remarkable device is designed to deliver precision and reliability in a wide range of applications. From industrial machinery to construction equipment, the Hydraulic Cylinder is the key to optimizing performance and achieving outstanding results. Discover how this powerful tool can revolutionize your operations.<\/p>\n<ul>\n<li><strong>Hassas M\u00fchendislik<\/strong>: The Hydraulic Cylinder is meticulously engineered to provide precise control over movement and force. With its advanced design and high-quality construction, it ensures accurate and repeatable performance, allowing you to achieve the desired results with exceptional precision.<\/li>\n<li><strong>Enhanced Efficiency<\/strong>: Say goodbye to inefficiencies and uneven performance. The Hydraulic Cylinder optimizes the utilization of hydraulic power, maximizing efficiency and productivity. Experience smooth and controlled movements that reduce energy waste and enhance overall system performance.<\/li>\n<\/ul>\n<h2><strong>Fabrikan\u0131n Kapasitesi ve Kapasitesi:<\/strong><\/h2>\n<h3><strong>(1) Meclis<\/strong><\/h3>\n<p>Tesisimiz, hidrolik silindir \u00fcretimine adanm\u0131\u015f birinci s\u0131n\u0131f ba\u011f\u0131ms\u0131z bir ara\u015ft\u0131rma ve geli\u015ftirme montaj platformuna sahiptir. D\u00f6rt adet yar\u0131 otomatik kald\u0131rma silindiri montaj hatt\u0131 ve bir adet tam otomatik devirme silindiri montaj hatt\u0131 i\u015fletiyor ve y\u0131ll\u0131k 1 milyon silindirlik etkileyici bir \u00fcretim kapasitesine sahibiz.<img loading=\"lazy\" decoding=\"async\" class=\"aligncenter wp-image-626\" src=\"https:\/\/hydraulic-cylinders.net\/wp-content\/uploads\/2023\/08\/hydraulic-cylinder-product-1-300x158.webp\" alt=\"\" width=\"500\" height=\"263\" srcset=\"https:\/\/hydraulic-cylinders.net\/wp-content\/uploads\/2023\/08\/hydraulic-cylinder-product-1-300x158.webp 500w, https:\/\/hydraulic-cylinders.net\/wp-content\/uploads\/2023\/08\/hydraulic-cylinder-product-1-480x252.webp 480w\" sizes=\"(min-width: 0px) and (max-width: 480px) 480px, (min-width: 481px) 500px, 100vw\" \/><\/p>\n<p>\u00d6zel silindir at\u00f6lyemizde, \u00e7e\u015fitli \u00f6zellikler i\u00e7in tasarlanm\u0131\u015f, y\u0131lda 200.000 silindir \u00fcretebilen yar\u0131 otomatik bir temizleme montaj sistemi kullan\u0131yoruz. At\u00f6lyemiz, geli\u015fmi\u015f CNC i\u015fleme ekipmanlar\u0131, bir i\u015fleme merkezi, y\u00fcksek hassasiyetli silindir i\u015fleme aletleri, robot kaynak makineleri, otomatik temizleme sistemleri ve otomatik silindir montaj hatt\u0131 ile donat\u0131lm\u0131\u015ft\u0131r. Ayr\u0131ca, tam otomatik bir boyama \u00fcretim hatt\u0131m\u0131z da bulunmaktad\u0131r.<\/p>\n<p>300'den fazla kritik ekipmanla, optimum kaynak da\u011f\u0131l\u0131m\u0131m\u0131z, m\u00fc\u015fterilerimizin talep etti\u011fi s\u0131k\u0131 do\u011fruluk ve kalite standartlar\u0131n\u0131 kar\u015f\u0131lamam\u0131z\u0131 sa\u011flar. Verimlilik ve hassasiyete olan bu ba\u011fl\u0131l\u0131\u011f\u0131m\u0131z, bizi hidrolik silindir sekt\u00f6r\u00fcnde lider konuma getirmektedir.<\/p>\n<p><img loading=\"lazy\" decoding=\"async\" class=\"aligncenter wp-image-627\" src=\"https:\/\/hydraulic-cylinders.net\/wp-content\/uploads\/2023\/08\/hydraulic-cylinder-product-2-300x189.webp\" alt=\"\" width=\"500\" height=\"315\" srcset=\"https:\/\/hydraulic-cylinders.net\/wp-content\/uploads\/2023\/08\/hydraulic-cylinder-product-2-300x189.webp 500w, https:\/\/hydraulic-cylinders.net\/wp-content\/uploads\/2023\/08\/hydraulic-cylinder-product-2-480x302.webp 480w\" sizes=\"(min-width: 0px) and (max-width: 480px) 480px, (min-width: 481px) 500px, 100vw\" \/><\/p>\n<h3><strong>(2) \u0130\u015fleme<\/strong><\/h3>\n<p>\u0130\u015fleme at\u00f6lyemiz, \u00f6zel e\u011fimli ray tornalama merkezi, hassas i\u015fleme merkezi, y\u00fcksek h\u0131zl\u0131 honlama makinesi ve geli\u015fmi\u015f kaynak robotlar\u0131 da dahil olmak \u00fczere son teknoloji ekipmanlarla donat\u0131lm\u0131\u015ft\u0131r. Bu geli\u015fmi\u015f kurulum, maksimum i\u00e7 \u00e7ap\u0131 400 mm ve uzunlu\u011fu 6 metreye kadar olan silindir borular\u0131n\u0131 verimli bir \u015fekilde i\u015flememizi sa\u011flar.<\/p>\n<p><img loading=\"lazy\" decoding=\"async\" class=\"wp-image-628 size-large aligncenter\" src=\"https:\/\/hydraulic-cylinders.net\/wp-content\/uploads\/2023\/08\/hydraulic-cylinder-product-3-1024x391.webp\" alt=\"\" width=\"1024\" height=\"391\" srcset=\"https:\/\/hydraulic-cylinders.net\/wp-content\/uploads\/2023\/08\/hydraulic-cylinder-product-3-980x374.webp 980w, https:\/\/hydraulic-cylinders.net\/wp-content\/uploads\/2023\/08\/hydraulic-cylinder-product-3-480x183.webp 480w\" sizes=\"(min-width: 0px) and (max-width: 480px) 480px, (min-width: 481px) and (max-width: 980px) 980px, (min-width: 981px) 1024px, 100vw\" \/><\/p>\n<p>Hidrolik silindir \u00fcretiminin farkl\u0131 ihtiya\u00e7lar\u0131na cevap veren, \u00fcst\u00fcn teknolojiye sahip makinelerimizle y\u00fcksek kalitede i\u015fleme sa\u011fl\u0131yoruz.<\/p>\n<h3><strong>(3) Kaynak<\/strong><\/h3>\n<p><img loading=\"lazy\" decoding=\"async\" class=\"wp-image-629 size-large aligncenter\" src=\"https:\/\/hydraulic-cylinders.net\/wp-content\/uploads\/2023\/08\/hydraulic-cylinder-product-4-1024x510.webp\" alt=\"\" width=\"1024\" height=\"510\" srcset=\"https:\/\/hydraulic-cylinders.net\/wp-content\/uploads\/2023\/08\/hydraulic-cylinder-product-4-980x488.webp 980w, https:\/\/hydraulic-cylinders.net\/wp-content\/uploads\/2023\/08\/hydraulic-cylinder-product-4-480x239.webp 480w\" sizes=\"(min-width: 0px) and (max-width: 480px) 480px, (min-width: 481px) and (max-width: 980px) 980px, (min-width: 981px) 1024px, 100vw\" \/><\/p>\n<h3><strong>(4) Boyama ve Kaplama<\/strong><\/h3>\n<p><img loading=\"lazy\" decoding=\"async\" class=\"wp-image-630 aligncenter\" src=\"https:\/\/hydraulic-cylinders.net\/wp-content\/uploads\/2023\/08\/hydraulic-cylinder-product-5-300x213.webp\" alt=\"\" width=\"500\" height=\"355\" \/><\/p>\n<p>Tesisimizde, k\u00fc\u00e7\u00fck ve orta boy silindirler i\u00e7in \u00f6zel olarak tasarlanm\u0131\u015f, geli\u015fmi\u015f otomatik su bazl\u0131 boya kaplama hatlar\u0131 bulunmaktad\u0131r. Bu hatlar, verimli y\u00fckleme, bo\u015faltma ve p\u00fcsk\u00fcrtme i\u00e7in robotik teknolojiden yararlanarak vardiya ba\u015f\u0131na 4.000 par\u00e7a gibi ola\u011fan\u00fcst\u00fc bir \u00fcretim kapasitesine ula\u015fmaktad\u0131r.<\/p>\n<p><img loading=\"lazy\" decoding=\"async\" class=\"wp-image-631 aligncenter\" src=\"https:\/\/hydraulic-cylinders.net\/wp-content\/uploads\/2023\/08\/hydraulic-cylinder-product-6-300x225.webp\" alt=\"\" width=\"500\" height=\"375\" srcset=\"https:\/\/hydraulic-cylinders.net\/wp-content\/uploads\/2023\/08\/hydraulic-cylinder-product-6-300x225.webp 500w, https:\/\/hydraulic-cylinders.net\/wp-content\/uploads\/2023\/08\/hydraulic-cylinder-product-6-480x360.webp 480w\" sizes=\"(min-width: 0px) and (max-width: 480px) 480px, (min-width: 481px) 500px, 100vw\" \/><\/p>\n<p>Ayr\u0131ca, vardiya ba\u015f\u0131na 60 kasa kapasiteli, g\u00fc\u00e7l\u00fc bir g\u00fc\u00e7 zinciriyle \u00e7al\u0131\u015fan, b\u00fcy\u00fck silindirler i\u00e7in yar\u0131 otomatik bir boya \u00fcretim hatt\u0131 i\u015fletiyoruz. Otomasyon ve verimlili\u011fin bu birle\u015fimi, t\u00fcm hidrolik silindirlerimiz i\u00e7in y\u00fcksek kaliteli y\u00fczeyler sa\u011flar.<\/p>\n<h3><strong>(5) Test etme<\/strong><\/h3>\n<p>Silindirin performans\u0131n\u0131n gereklilikleri kar\u015f\u0131lad\u0131\u011f\u0131ndan emin olmak i\u00e7in birinci s\u0131n\u0131f muayene tesislerimiz ve test yataklar\u0131m\u0131z bulunmaktad\u0131r.<\/p>\n<p><img loading=\"lazy\" decoding=\"async\" class=\"wp-image-632 aligncenter\" src=\"https:\/\/hydraulic-cylinders.net\/wp-content\/uploads\/2023\/08\/hydraulic-cylinder-product-8-300x200.webp\" alt=\"\" width=\"389\" height=\"260\" \/><\/p>\n<p>Biz tan\u0131nm\u0131\u015f bir \u00fcreticiyiz <a href=\"https:\/\/hzpt.com\/mobile-machinery-hydraulic-cylinder\/\" target=\"_blank\" rel=\"noopener\">hi\u0307droli\u0307k si\u0307li\u0307ndi\u0307rler<\/a>Sekt\u00f6r\u00fcn en iyilerinden biri olarak kabul edilen geni\u015f \u00fcr\u00fcn yelpazemiz, \u00e7e\u015fitli uygulamalara uygun \u015fekilde tasarlanm\u0131\u015f geni\u015f bir hidrolik silindir yelpazesini i\u00e7ermektedir. Hidrolik silindirlerin yan\u0131 s\u0131ra, m\u00fc\u015fterilerimizin makine ihtiya\u00e7lar\u0131 i\u00e7in kapsaml\u0131 \u00e7\u00f6z\u00fcmlere eri\u015febilmelerini sa\u011flayan y\u00fcksek kaliteli tar\u0131m di\u015fli kutular\u0131 da sunuyoruz.<\/p>\n<p>M\u00fckemmeliyete olan ba\u011fl\u0131l\u0131\u011f\u0131m\u0131zla, \u00fcr\u00fcnlerimizi d\u00fcnya \u00e7ap\u0131ndaki m\u00fc\u015fterilerimize ba\u015far\u0131yla ihra\u00e7 ettik ve \u00fcst\u00fcn \u00fcr\u00fcn kalitesi ve ola\u011fan\u00fcst\u00fc sat\u0131\u015f sonras\u0131 hizmetimizle g\u00fc\u00e7l\u00fc bir itibar kazand\u0131k. M\u00fc\u015fteri memnuniyetine olan ba\u011fl\u0131l\u0131\u011f\u0131m\u0131z, bizi hem yurt i\u00e7i hem de yurt d\u0131\u015f\u0131 pazarlarda g\u00fcvenilir bir ortak konumuna getirmi\u015ftir.<\/p>\n<h2><strong>Neden Bizi Se\u00e7melisiniz?<\/strong><\/h2>\n<p><img loading=\"lazy\" decoding=\"async\" class=\"size-full wp-image-7201 aligncenter\" src=\"https:\/\/www.hydraulic-cylinders.net\/wp-content\/uploads\/2024\/09\/mining-dump-steering-cylinder-hydraulics-on-trucks-8.webp\" alt=\"\" width=\"1110\" height=\"735\" srcset=\"https:\/\/www.hydraulic-cylinders.net\/wp-content\/uploads\/2024\/09\/mining-dump-steering-cylinder-hydraulics-on-trucks-8.webp 1110w, https:\/\/www.hydraulic-cylinders.net\/wp-content\/uploads\/2024\/09\/mining-dump-steering-cylinder-hydraulics-on-trucks-8-980x649.webp 980w, https:\/\/www.hydraulic-cylinders.net\/wp-content\/uploads\/2024\/09\/mining-dump-steering-cylinder-hydraulics-on-trucks-8-480x318.webp 480w\" sizes=\"(min-width: 0px) and (max-width: 480px) 480px, (min-width: 481px) and (max-width: 980px) 980px, (min-width: 981px) 1110px, 100vw\" \/><\/p>\n<p><strong>Mesleki Uzmanl\u0131k:<\/strong> Ekibimiz, hidrolik sistemler konusunda geni\u015f bilgi ve deneyime sahip sekt\u00f6r profesyonellerinden olu\u015fmaktad\u0131r; bu sayede en \u00fcst d\u00fczeyde \u00fcr\u00fcn ve hizmet sunmaktay\u0131z.<\/p>\n<p><strong>Uluslararas\u0131 Sertifikalar:<\/strong> G\u00fcvenilir ve emniyetli hidrolik \u00e7\u00f6z\u00fcmler sunma taahh\u00fcd\u00fcm\u00fcz\u00fc g\u00f6steren s\u0131k\u0131 kalite standartlar\u0131na ba\u011fl\u0131 kal\u0131yoruz ve \u00e7e\u015fitli uluslararas\u0131 sertifikalara sahibiz.<\/p>\n<p><strong>\u00d6zel \u00c7\u00f6z\u00fcmler:<\/strong> Her m\u00fc\u015fterinin ihtiya\u00e7lar\u0131n\u0131n benzersiz oldu\u011funun fark\u0131nday\u0131z. Bu nedenle, \u00f6zel gereksinimleri kar\u015f\u0131lamak \u00fczere tasarlanm\u0131\u015f, \u00f6zelle\u015ftirilmi\u015f hidrolik silindirler ve di\u015fli kutular\u0131 sunuyoruz.<\/p>\n<p><strong>Geli\u015fmi\u015f \u00dcretim Ekipmanlar\u0131:<\/strong> Son teknoloji \u00fcretim tesislerimizde en son teknoloji ve ekipmanlar\u0131 kullanarak y\u00fcksek kaliteli \u00fcr\u00fcnleri verimli bir \u015fekilde \u00fcretebiliyoruz.<\/p>\n<p><strong>Kapsaml\u0131 Sat\u0131\u015f Sonras\u0131 Destek:<\/strong> M\u00fc\u015fterilerimize olan ba\u011fl\u0131l\u0131\u011f\u0131m\u0131z sat\u0131\u015f\u0131n \u00f6tesine ge\u00e7er. \u00dcr\u00fcnlerimizin optimum performans\u0131n\u0131 sa\u011flamak i\u00e7in s\u00fcrekli destek ve bak\u0131m hizmetleri sunuyoruz.<\/p>\n<p>D\u00fcnyan\u0131n d\u00f6rt bir yan\u0131ndaki m\u00fc\u015fterilerimizi i\u015f g\u00f6r\u00fc\u015fmeleri, bilgi al\u0131\u015fveri\u015fi ve i\u015f birli\u011fi f\u0131rsatlar\u0131 i\u00e7in bizimle ileti\u015fime ge\u00e7meye davet ediyoruz. Hidrolik sekt\u00f6r\u00fcnde birlikte daha b\u00fcy\u00fck ba\u015far\u0131lara ula\u015fabiliriz!<\/p>","protected":false},"excerpt":{"rendered":"<p>Forklift Short Lifting Hydraulic Cylinder The Short Forklift Lift Cylinder is designed to tackle short lifting tasks effortlessly, delivering the power and precision needed to optimize your material handling operations. Featuring a robust design, this hydraulic cylinder can withstand heavy loads, frequent use, and challenging operating conditions. Built for durability, it ensures reliable performance while [&hellip;]<\/p>","protected":false},"featured_media":658,"comment_status":"open","ping_status":"closed","template":"","meta":{"_et_pb_use_builder":"","_et_pb_old_content":"","_et_gb_content_width":""},"product_brand":[],"product_cat":[1484,1549],"product_tag":[1380],"class_list":{"0":"post-652","1":"product","2":"type-product","3":"status-publish","4":"has-post-thumbnail","6":"product_cat-forklift-hydraulic-cylinders","7":"product_cat-single-acting-hydraulic-cylinder","8":"product_tag-hydraulic-cylinder","10":"first","11":"instock","12":"shipping-taxable","13":"product-type-simple"},"amp_enabled":true,"_links":{"self":[{"href":"https:\/\/www.hydraulic-cylinders.net\/tr\/wp-json\/wp\/v2\/product\/652","targetHints":{"allow":["GET"]}}],"collection":[{"href":"https:\/\/www.hydraulic-cylinders.net\/tr\/wp-json\/wp\/v2\/product"}],"about":[{"href":"https:\/\/www.hydraulic-cylinders.net\/tr\/wp-json\/wp\/v2\/types\/product"}],"replies":[{"embeddable":true,"href":"https:\/\/www.hydraulic-cylinders.net\/tr\/wp-json\/wp\/v2\/comments?post=652"}],"wp:featuredmedia":[{"embeddable":true,"href":"https:\/\/www.hydraulic-cylinders.net\/tr\/wp-json\/wp\/v2\/media\/658"}],"wp:attachment":[{"href":"https:\/\/www.hydraulic-cylinders.net\/tr\/wp-json\/wp\/v2\/media?parent=652"}],"wp:term":[{"taxonomy":"product_brand","embeddable":true,"href":"https:\/\/www.hydraulic-cylinders.net\/tr\/wp-json\/wp\/v2\/product_brand?post=652"},{"taxonomy":"product_cat","embeddable":true,"href":"https:\/\/www.hydraulic-cylinders.net\/tr\/wp-json\/wp\/v2\/product_cat?post=652"},{"taxonomy":"product_tag","embeddable":true,"href":"https:\/\/www.hydraulic-cylinders.net\/tr\/wp-json\/wp\/v2\/product_tag?post=652"}],"curies":[{"name":"wp","href":"https:\/\/api.w.org\/{rel}","templated":true}]}}