{"id":759,"date":"2023-08-23T01:42:36","date_gmt":"2023-08-23T01:42:36","guid":{"rendered":"https:\/\/hydraulic-cylinders.net\/?post_type=product&#038;p=759"},"modified":"2025-03-27T01:13:04","modified_gmt":"2025-03-27T01:13:04","slug":"low-pressure-hydraulic-cylinder-rear-flange","status":"publish","type":"product","link":"https:\/\/www.hydraulic-cylinders.net\/tr\/urun\/low-pressure-hydraulic-cylinder-rear-flange\/","title":{"rendered":"D\u00fc\u015f\u00fck Bas\u0131n\u00e7l\u0131 Hidrolik Silindir Arka Flan\u015f\u0131"},"content":{"rendered":"<h1 style=\"text-align: center;\"><strong>D\u00fc\u015f\u00fck Bas\u0131n\u00e7l\u0131 Hidrolik Silindir Arka Flan\u015f\u0131<\/strong><\/h1>\n<p><img loading=\"lazy\" decoding=\"async\" class=\"wp-image-762 size-full aligncenter\" src=\"https:\/\/hydraulic-cylinders.net\/wp-content\/uploads\/2023\/08\/low-pressure-pull-rod-hydraulic-cylinder-back-flange-1-1.webp\" alt=\"\" width=\"488\" height=\"237\" srcset=\"https:\/\/hydraulic-cylinders.net\/wp-content\/uploads\/2023\/08\/low-pressure-pull-rod-hydraulic-cylinder-back-flange-1-1.webp 488w, https:\/\/hydraulic-cylinders.net\/wp-content\/uploads\/2023\/08\/low-pressure-pull-rod-hydraulic-cylinder-back-flange-1-1-480x233.webp 480w\" sizes=\"(min-width: 0px) and (max-width: 480px) 480px, (min-width: 481px) 488px, 100vw\" \/><\/p>\n<p>Arka flan\u015fl\u0131 d\u00fc\u015f\u00fck bas\u0131n\u00e7l\u0131 hidrolik silindir, arka ucunda flan\u015f bulunan \u00f6zel bir hidrolik silindir t\u00fcr\u00fcn\u00fc ifade eder. Bu flan\u015f, silindiri di\u011fer par\u00e7alara veya ekipmanlara ba\u011flamak i\u00e7in kullan\u0131lan bir montaj noktas\u0131 veya ba\u011flant\u0131 noktas\u0131d\u0131r. A\u015fa\u011f\u0131da arka flan\u015fl\u0131 d\u00fc\u015f\u00fck bas\u0131n\u00e7l\u0131 hidrolik silindirlere genel bir bak\u0131\u015f verilmi\u015ftir:<\/p>\n<p>D\u00fc\u015f\u00fck bas\u0131n\u00e7l\u0131 hidrolik silindirin tasar\u0131m\u0131 ve yap\u0131m\u0131<\/p>\n<p>Silindir blo\u011fu: Silindir blo\u011fu, genellikle hidrolik bas\u0131nca ve d\u0131\u015f kuvvetlere dayan\u0131kl\u0131 y\u00fcksek mukavemetli \u00e7elik veya di\u011fer dayan\u0131kl\u0131 malzemelerden yap\u0131l\u0131r. Pistonu ve di\u011fer i\u00e7 par\u00e7alar\u0131 bar\u0131nd\u0131r\u0131r.<br \/>\nPiston ve \u00e7ubuk: Piston, silindirik bir par\u00e7ad\u0131r ve silindirin arka ucundan uzanan ve s\u0131v\u0131 bas\u0131nc\u0131n\u0131 ileten bir \u00e7ubu\u011fa ba\u011fl\u0131d\u0131r.<br \/>\nArka flan\u015f: Arka flan\u015f, silindirin arka ucunda bulunan d\u00fcz veya yuvarlak bir plakad\u0131r. Di\u011fer cihazlara veya bile\u015fenlere kolay ba\u011flant\u0131 sa\u011flamak i\u00e7in montaj delikleri veya di\u011fer ba\u011flant\u0131 mekanizmalar\u0131yla tasarlanm\u0131\u015ft\u0131r.<\/p>\n<h2><strong>D\u00fc\u015f\u00fck Bas\u0131n\u00e7l\u0131 Hidrolik Silindir Arka Flan\u015f Parametresi:<\/strong><\/h2>\n<p><img loading=\"lazy\" decoding=\"async\" class=\"alignnone wp-image-763 size-large\" src=\"https:\/\/hydraulic-cylinders.net\/wp-content\/uploads\/2023\/08\/low-pressure-pull-rod-hydraulic-cylinder-back-flange-2-1-1024x556.webp\" alt=\"\" width=\"1024\" height=\"556\" srcset=\"https:\/\/hydraulic-cylinders.net\/wp-content\/uploads\/2023\/08\/low-pressure-pull-rod-hydraulic-cylinder-back-flange-2-1-980x532.webp 980w, https:\/\/hydraulic-cylinders.net\/wp-content\/uploads\/2023\/08\/low-pressure-pull-rod-hydraulic-cylinder-back-flange-2-1-480x261.webp 480w\" sizes=\"(min-width: 0px) and (max-width: 480px) 480px, (min-width: 481px) and (max-width: 980px) 980px, (min-width: 981px) 1024px, 100vw\" \/><\/p>\n<h2><strong>Uygulamalar\u0131 <\/strong><strong>D\u00fc\u015f\u00fck Bas\u0131n\u00e7l\u0131 Hidrolik Silindir Arka Flan\u015f\u0131<\/strong><strong>:<\/strong><\/h2>\n<ul>\n<li>Arka flan\u015fl\u0131 d\u00fc\u015f\u00fck bas\u0131n\u00e7l\u0131 hidrolik silindirler, d\u00fc\u015f\u00fck hidrolik bas\u0131n\u00e7larda \u00e7al\u0131\u015fan \u00e7e\u015fitli end\u00fcstriler ve sistemler i\u00e7in uygundur.<\/li>\n<li>Genellikle end\u00fcstriyel makinelerde, mobil cihazlarda ve alan k\u0131s\u0131tlamalar\u0131 veya \u00f6zel kurulum gereksinimlerinin oldu\u011fu di\u011fer sistemlerde kullan\u0131l\u0131rlar.<\/li>\n<li>Bu silindirler malzeme ta\u015f\u0131ma, kald\u0131rma mekanizmalar\u0131, ta\u015f\u0131ma sistemleri ve do\u011frusal kuvvet veya hareket gerektiren di\u011fer ekipmanlar i\u00e7in uygundur.<\/li>\n<\/ul>\n<h2><strong>Montaj ve Ba\u011flant\u0131 <\/strong><strong>D\u00fc\u015f\u00fck Bas\u0131n\u00e7l\u0131 Hidrolik Silindir Arka Flan\u015f\u0131<\/strong><strong>:<\/strong><\/h2>\n<ul>\n<li>D\u00fc\u015f\u00fck bas\u0131n\u00e7l\u0131 hidrolik silindirin arka flan\u015f\u0131, silindirin montaj\u0131 ve ba\u011flant\u0131s\u0131 i\u00e7in kolay ve g\u00fcvenli bir yol sa\u011flar. Di\u011fer ekipmanlara veya yap\u0131sal elemanlara do\u011frudan ba\u011flanmas\u0131n\u0131 sa\u011flar.<\/li>\n<li>Arka flan\u015ftaki montaj delikleri veya ba\u011flant\u0131 noktalar\u0131 genellikle ba\u011fland\u0131\u011f\u0131 ekipman veya yap\u0131daki ilgili delikler veya ba\u011flant\u0131 noktalar\u0131yla hizalan\u0131r.<\/li>\n<li>Silindirin arka flan\u015f\u0131n\u0131, birle\u015fme y\u00fczeyine sabitlemek i\u00e7in c\u0131vata veya vida gibi ba\u011flant\u0131 elemanlar\u0131 kullan\u0131l\u0131r ve bu sayede sa\u011flam ve rijit bir ba\u011flant\u0131 sa\u011flan\u0131r.<\/li>\n<\/ul>\n<h2><strong>Hidrolik Silindir Nas\u0131l S\u00f6k\u00fcl\u00fcr?<\/strong><\/h2>\n<p>Bir hidrolik silindirin s\u00f6k\u00fclmesi, silindirin bile\u015fenlerinin dikkatli bir \u015fekilde kullan\u0131lmas\u0131n\u0131 ve bilinmesini gerektirir. \u0130\u015fte bir hidrolik silindirin nas\u0131l s\u00f6k\u00fclece\u011fine dair genel bir k\u0131lavuz:<\/p>\n<ol>\n<li><strong>G\u00fcvenlik \u00d6nlemleri<\/strong>:\n<ul>\n<li>Hidrolik sistemin bas\u0131nc\u0131n\u0131n bo\u015falt\u0131ld\u0131\u011f\u0131ndan ve silindirde art\u0131k bas\u0131n\u00e7 olmad\u0131\u011f\u0131ndan emin olun. Sistemin yanl\u0131\u015fl\u0131kla etkinle\u015ftirilmesini \u00f6nlemek i\u00e7in uygun kilitleme\/etiketleme prosed\u00fcrlerini izleyin.<\/li>\n<li>Hidrolik s\u0131v\u0131dan ve olas\u0131 tehlikelerden kendinizi korumak i\u00e7in eldiven ve g\u00fcvenlik g\u00f6zl\u00fc\u011f\u00fc gibi uygun ki\u015fisel koruyucu ekipman (KKE) kullan\u0131n.<\/li>\n<\/ul>\n<\/li>\n<li><strong>Silindir \u00c7\u0131karma<\/strong>:\n<ul>\n<li>Silindire ba\u011fl\u0131 hidrolik hatlar\u0131 ay\u0131r\u0131n ve kalan s\u0131v\u0131n\u0131n uygun \u015fekilde topland\u0131\u011f\u0131ndan emin olun.<\/li>\n<li>Silindir di\u011fer bile\u015fenlere monte edilmi\u015f veya sabitlenmi\u015fse, silindiri serbest b\u0131rakmak i\u00e7in t\u00fcm ba\u011flant\u0131 elemanlar\u0131n\u0131 veya montaj braketlerini \u00e7\u0131kar\u0131n.<\/li>\n<li>Silindiri montaj konumundan dikkatlice kald\u0131r\u0131n ve \u00e7\u0131kar\u0131n, tak\u0131l\u0131 hortumlara veya ba\u011flant\u0131 par\u00e7alar\u0131na zarar vermemeye veya bunlar\u0131 zorlamamaya dikkat edin.<\/li>\n<\/ul>\n<\/li>\n<li><strong>Muayene ve Dok\u00fcmantasyon<\/strong>:\n<ul>\n<li>Silindirin d\u0131\u015f\u0131n\u0131 herhangi bir hasar, s\u0131z\u0131nt\u0131 veya a\u015f\u0131r\u0131 a\u015f\u0131nma belirtisi a\u00e7\u0131s\u0131ndan dikkatlice inceleyin. G\u00f6zlemlerinizi veya sorunlar\u0131n\u0131z\u0131 ileride ba\u015fvurmak \u00fczere belgelendirin.<\/li>\n<li>S\u00f6kmeden \u00f6nce silindirin y\u00f6n\u00fcn\u00fc ve contalar\u0131n, yataklar\u0131n ve di\u011fer bile\u015fenlerin konumunu not edin. Bu, yeniden montaj s\u0131ras\u0131nda yard\u0131mc\u0131 olacakt\u0131r.<\/li>\n<\/ul>\n<\/li>\n<li><strong>Silindirin S\u00f6k\u00fclmesi<\/strong>:\n<ul>\n<li>Silindirin her iki ucundaki u\u00e7 kapaklar\u0131 veya tutma halkalar\u0131n\u0131 bulun. Bu bile\u015fenler, silindir g\u00f6vdesini ve piston tertibat\u0131n\u0131 bir arada tutar.<\/li>\n<li>Uygun aletleri kullanarak u\u00e7 kapaklar\u0131n\u0131 veya tutma halkalar\u0131n\u0131 dikkatlice \u00e7\u0131kar\u0131n, herhangi bir y\u00fczeye veya bile\u015fene zarar vermemeye dikkat edin.<\/li>\n<li>U\u00e7 kapaklar\u0131 veya tutma halkalar\u0131 \u00e7\u0131kar\u0131ld\u0131ktan sonra silindir g\u00f6vdesi ve piston tertibat\u0131 serbest\u00e7e ayr\u0131labilmelidir.<\/li>\n<\/ul>\n<\/li>\n<li><strong>Bile\u015fen Kald\u0131rma<\/strong>:\n<ul>\n<li>Pistonu silindir g\u00f6vdesinden \u00e7\u0131kar\u0131n ve pistona ba\u011fl\u0131 olabilecek contalar\u0131, yataklar\u0131 veya di\u011fer bile\u015fenleri not edin.<\/li>\n<li>\u00c7\u0131kar\u0131lan t\u00fcm bile\u015fenlerin durumunu inceleyin ve belgelendirin; a\u015f\u0131nma, hasar veya s\u0131z\u0131nt\u0131 belirtileri olup olmad\u0131\u011f\u0131n\u0131 kontrol edin. A\u015f\u0131nm\u0131\u015f veya hasarl\u0131 par\u00e7alar\u0131 gerekti\u011fi gibi de\u011fi\u015ftirin.<\/li>\n<\/ul>\n<\/li>\n<li><strong>Bile\u015fenleri Temizleyin ve Saklay\u0131n<\/strong>:\n<ul>\n<li>T\u00fcm s\u00f6k\u00fclm\u00fc\u015f par\u00e7alar\u0131 uygun bir temizlik maddesi kullanarak iyice temizleyerek kir, kal\u0131nt\u0131 veya hidrolik s\u0131v\u0131y\u0131 giderin.<\/li>\n<li>Bile\u015fenleri temiz ve d\u00fczenli bir \u015fekilde saklay\u0131n, kirlenme ve hasardan koruyun.<\/li>\n<\/ul>\n<\/li>\n<\/ol>\n<h2><strong>Fabrikan\u0131n Kapasitesi ve Kapasitesi:<\/strong><\/h2>\n<h3>(1) Meclis<\/h3>\n<p>Birinci s\u0131n\u0131f ba\u011f\u0131ms\u0131z bir ara\u015ft\u0131rma ve geli\u015ftirme montaj platformumuz bulunmaktad\u0131r. Forklift silindir \u00fcretim at\u00f6lyemizde, y\u0131ll\u0131k 1 milyon adet \u00fcretim kapasitesine sahip d\u00f6rt adet yar\u0131 otomatik kald\u0131rma silindiri montaj hatt\u0131 ve bir adet otomatik devirme silindiri montaj hatt\u0131 bulunmaktad\u0131r. \u00d6zel silindir at\u00f6lyemiz, y\u0131ll\u0131k 200.000 adet \u00fcretim kapasitesine sahip \u00e7e\u015fitli \u00f6zelliklere sahip yar\u0131 otomatik temizleme montaj sistemleriyle donat\u0131lm\u0131\u015ft\u0131r. \u00dcnl\u00fc CNC i\u015fleme ekipmanlar\u0131, i\u015fleme merkezi, y\u00fcksek hassasiyetli silindir i\u015fleme \u00f6zel ekipmanlar\u0131, robot kaynak makinesi, otomatik temizleme makinesi, otomatik silindir montaj makinesi ve otomatik boyama \u00fcretim hatt\u0131 ile donat\u0131lm\u0131\u015ft\u0131r. 300'den fazla setten olu\u015fan mevcut ana ekipman mevcuttur. Ekipman kaynaklar\u0131n\u0131n optimum da\u011f\u0131l\u0131m\u0131 ve verimli kullan\u0131m\u0131, \u00fcr\u00fcnlerin hassasiyet gereksinimlerini ve y\u00fcksek kalite gereksinimlerini kar\u015f\u0131lar.<\/p>\n<p><img loading=\"lazy\" decoding=\"async\" class=\"alignnone wp-image-626\" src=\"https:\/\/hydraulic-cylinders.net\/wp-content\/uploads\/2023\/08\/hydraulic-cylinder-product-1-300x158.webp\" alt=\"\" width=\"495\" height=\"260\" srcset=\"https:\/\/hydraulic-cylinders.net\/wp-content\/uploads\/2023\/08\/hydraulic-cylinder-product-1-300x158.webp 495w, https:\/\/hydraulic-cylinders.net\/wp-content\/uploads\/2023\/08\/hydraulic-cylinder-product-1-480x252.webp 480w\" sizes=\"(min-width: 0px) and (max-width: 480px) 480px, (min-width: 481px) 495px, 100vw\" \/> <img loading=\"lazy\" decoding=\"async\" class=\"alignnone wp-image-627\" src=\"https:\/\/hydraulic-cylinders.net\/wp-content\/uploads\/2023\/08\/hydraulic-cylinder-product-2-300x189.webp\" alt=\"\" width=\"413\" height=\"260\" \/><\/p>\n<h3>(2)\u0130\u015fleme<\/h3>\n<p>\u0130\u015fleme at\u00f6lyesi, maksimum 400 mm i\u00e7 \u00e7apa ve maksimum 6 metre uzunlu\u011fa sahip silindir borular\u0131n\u0131n i\u015flenmesini ger\u00e7ekle\u015ftirebilen \u00f6zelle\u015ftirilmi\u015f e\u011fimli ray torna merkezi, i\u015fleme merkezi, y\u00fcksek h\u0131zl\u0131 honlama makinesi, kaynak robotu ve di\u011fer ilgili ekipmanlarla donat\u0131lm\u0131\u015ft\u0131r.<\/p>\n<p><img loading=\"lazy\" decoding=\"async\" class=\"alignnone wp-image-628 size-large\" src=\"https:\/\/hydraulic-cylinders.net\/wp-content\/uploads\/2023\/08\/hydraulic-cylinder-product-3-1024x391.webp\" alt=\"\" width=\"1024\" height=\"391\" srcset=\"https:\/\/hydraulic-cylinders.net\/wp-content\/uploads\/2023\/08\/hydraulic-cylinder-product-3-980x374.webp 980w, https:\/\/hydraulic-cylinders.net\/wp-content\/uploads\/2023\/08\/hydraulic-cylinder-product-3-480x183.webp 480w\" sizes=\"(min-width: 0px) and (max-width: 480px) 480px, (min-width: 481px) and (max-width: 980px) 980px, (min-width: 981px) 1024px, 100vw\" \/><\/p>\n<h3>(3) Kaynak<\/h3>\n<p><img loading=\"lazy\" decoding=\"async\" class=\"alignnone wp-image-629 size-large\" src=\"https:\/\/hydraulic-cylinders.net\/wp-content\/uploads\/2023\/08\/hydraulic-cylinder-product-4-1024x510.webp\" alt=\"\" width=\"1024\" height=\"510\" srcset=\"https:\/\/hydraulic-cylinders.net\/wp-content\/uploads\/2023\/08\/hydraulic-cylinder-product-4-980x488.webp 980w, https:\/\/hydraulic-cylinders.net\/wp-content\/uploads\/2023\/08\/hydraulic-cylinder-product-4-480x239.webp 480w\" sizes=\"(min-width: 0px) and (max-width: 480px) 480px, (min-width: 481px) and (max-width: 980px) 980px, (min-width: 981px) 1024px, 100vw\" \/><\/p>\n<h3>(4) Boyama ve kaplama<\/h3>\n<p>K\u00fc\u00e7\u00fck ve orta \u00f6l\u00e7ekli silindirli otomatik su bazl\u0131 boya kaplama hatt\u0131 ile otomatik robot y\u00fckleme-bo\u015faltma ve otomatik p\u00fcsk\u00fcrtmeyi ba\u015farmak i\u00e7in, vardiya ba\u015f\u0131na 4000 adet tasar\u0131m kapasitesi;<br \/>\nAyr\u0131ca, vardiya ba\u015f\u0131na 60 kasa tasar\u0131m kapasitesine sahip, g\u00fc\u00e7 zinciriyle \u00e7al\u0131\u015fan b\u00fcy\u00fck silindirler i\u00e7in yar\u0131 otomatik boya \u00fcretim hatt\u0131m\u0131z da bulunmaktad\u0131r.<\/p>\n<p><img loading=\"lazy\" decoding=\"async\" class=\"alignnone wp-image-630\" src=\"https:\/\/hydraulic-cylinders.net\/wp-content\/uploads\/2023\/08\/hydraulic-cylinder-product-5-300x213.webp\" alt=\"\" width=\"366\" height=\"260\" \/> <img loading=\"lazy\" decoding=\"async\" class=\"alignnone wp-image-631\" src=\"https:\/\/hydraulic-cylinders.net\/wp-content\/uploads\/2023\/08\/hydraulic-cylinder-product-6-300x225.webp\" alt=\"\" width=\"347\" height=\"260\" \/><\/p>\n<h3>(5) Test etme<\/h3>\n<p>Silindirin performans\u0131n\u0131n gereklilikleri kar\u015f\u0131lad\u0131\u011f\u0131ndan emin olmak i\u00e7in birinci s\u0131n\u0131f muayene tesislerimiz ve test yataklar\u0131m\u0131z bulunmaktad\u0131r.<\/p>\n<p><img loading=\"lazy\" decoding=\"async\" class=\"alignnone wp-image-632\" src=\"https:\/\/hydraulic-cylinders.net\/wp-content\/uploads\/2023\/08\/hydraulic-cylinder-product-8-300x200.webp\" alt=\"\" width=\"389\" height=\"260\" \/><\/p>\n<p>&nbsp;<\/p>\n<p>&nbsp;<\/p>\n<p>En iyi d\u00fc\u015f\u00fck bas\u0131n\u00e7l\u0131 hidrolik silindir \u00fcreticilerinden biriyiz. Geni\u015f bir d\u00fc\u015f\u00fck bas\u0131n\u00e7l\u0131 hidrolik silindir sto\u011fu sunabiliyoruz. Ayr\u0131ca, ilgili \u00fcr\u00fcnleri de sa\u011fl\u0131yoruz. <a href=\"https:\/\/hzpt.com\/agricultural-pto-gearbox\/\" target=\"_blank\" rel=\"noopener\">tar\u0131msal di\u015fli kutular\u0131<\/a>\u00dcr\u00fcnlerimizi d\u00fcnyan\u0131n d\u00f6rt bir yan\u0131ndaki m\u00fc\u015fterilerimize ihra\u00e7 ettik ve \u00fcst\u00fcn \u00fcr\u00fcn kalitemiz ve sat\u0131\u015f sonras\u0131 hizmetlerimiz sayesinde iyi bir itibar kazand\u0131k. Yurt i\u00e7i ve yurt d\u0131\u015f\u0131ndaki m\u00fc\u015fterilerimizi i\u015f g\u00f6r\u00fc\u015fmeleri yapmak, bilgi al\u0131\u015fveri\u015finde bulunmak ve daha fazlas\u0131 i\u00e7in bizimle ileti\u015fime ge\u00e7meye davet ediyoruz.\u00a0<a href=\"https:\/\/www.hydraulic-cylinders.net\/tr\/contact-us\/\">bizimle i\u015fbirli\u011fi yap\u0131n<\/a>!<\/p>\n<p>&nbsp;<\/p>","protected":false},"excerpt":{"rendered":"<p>Low-Pressure Hydraulic Cylinder Rear Flange Rear flange low-pressure hydraulic cylinder refers to a special type of hydraulic cylinder with a flange at the back end. This flange is a mounting point or connection port used to connect the cylinder to other parts or equipment. Below is an overview of low-pressure hydraulic cylinders with rear flanges: [&hellip;]<\/p>","protected":false},"featured_media":764,"comment_status":"open","ping_status":"closed","template":"","meta":{"_et_pb_use_builder":"","_et_pb_old_content":"","_et_gb_content_width":""},"product_brand":[],"product_cat":[1376,1388],"product_tag":[1380],"class_list":{"0":"post-759","1":"product","2":"type-product","3":"status-publish","4":"has-post-thumbnail","6":"product_cat-hydraulic-cylinder","7":"product_cat-low-pressure-hydraulic-cylinder","8":"product_tag-hydraulic-cylinder","10":"first","11":"instock","12":"shipping-taxable","13":"product-type-simple"},"amp_enabled":true,"_links":{"self":[{"href":"https:\/\/www.hydraulic-cylinders.net\/tr\/wp-json\/wp\/v2\/product\/759","targetHints":{"allow":["GET"]}}],"collection":[{"href":"https:\/\/www.hydraulic-cylinders.net\/tr\/wp-json\/wp\/v2\/product"}],"about":[{"href":"https:\/\/www.hydraulic-cylinders.net\/tr\/wp-json\/wp\/v2\/types\/product"}],"replies":[{"embeddable":true,"href":"https:\/\/www.hydraulic-cylinders.net\/tr\/wp-json\/wp\/v2\/comments?post=759"}],"wp:featuredmedia":[{"embeddable":true,"href":"https:\/\/www.hydraulic-cylinders.net\/tr\/wp-json\/wp\/v2\/media\/764"}],"wp:attachment":[{"href":"https:\/\/www.hydraulic-cylinders.net\/tr\/wp-json\/wp\/v2\/media?parent=759"}],"wp:term":[{"taxonomy":"product_brand","embeddable":true,"href":"https:\/\/www.hydraulic-cylinders.net\/tr\/wp-json\/wp\/v2\/product_brand?post=759"},{"taxonomy":"product_cat","embeddable":true,"href":"https:\/\/www.hydraulic-cylinders.net\/tr\/wp-json\/wp\/v2\/product_cat?post=759"},{"taxonomy":"product_tag","embeddable":true,"href":"https:\/\/www.hydraulic-cylinders.net\/tr\/wp-json\/wp\/v2\/product_tag?post=759"}],"curies":[{"name":"wp","href":"https:\/\/api.w.org\/{rel}","templated":true}]}}