{"id":765,"date":"2023-08-23T01:51:12","date_gmt":"2023-08-23T01:51:12","guid":{"rendered":"https:\/\/hydraulic-cylinders.net\/?post_type=product&#038;p=765"},"modified":"2025-03-27T01:13:02","modified_gmt":"2025-03-27T01:13:02","slug":"low-pressure-hydraulic-cylinder-front-pin","status":"publish","type":"product","link":"https:\/\/www.hydraulic-cylinders.net\/tr\/urun\/low-pressure-hydraulic-cylinder-front-pin\/","title":{"rendered":"D\u00fc\u015f\u00fck Bas\u0131n\u00e7l\u0131 Hidrolik Silindir \u00d6n Pimi"},"content":{"rendered":"<h1 style=\"text-align: center;\"><strong>D\u00fc\u015f\u00fck Bas\u0131n\u00e7l\u0131 Hidrolik Silindir \u00d6n Pimi<\/strong><\/h1>\n<p><img loading=\"lazy\" decoding=\"async\" class=\"aligncenter wp-image-766 size-full\" src=\"https:\/\/hydraulic-cylinders.net\/wp-content\/uploads\/2023\/08\/low-pressure-pull-rod-hydraulic-cylinder-front-hinge-pin-1.webp\" alt=\"\" width=\"379\" height=\"169\" srcset=\"https:\/\/www.hydraulic-cylinders.net\/wp-content\/uploads\/2023\/08\/low-pressure-pull-rod-hydraulic-cylinder-front-hinge-pin-1.webp 379w, https:\/\/www.hydraulic-cylinders.net\/wp-content\/uploads\/2023\/08\/low-pressure-pull-rod-hydraulic-cylinder-front-hinge-pin-1-300x134.webp 300w\" sizes=\"(max-width: 379px) 100vw, 379px\" \/><\/p>\n<p>D\u00fc\u015f\u00fck bas\u0131n\u00e7l\u0131 hidrolik silindirlerde, \"\u00f6n pim\" terimi genellikle silindirin \u00f6n ucunda bulunan pim veya \u015faft\u0131 ifade eder. Bu pim, silindiri di\u011fer bile\u015fenlere veya ekipmanlara ba\u011flamak veya monte etmek i\u00e7in bir ba\u011flant\u0131 noktas\u0131 veya pivot g\u00f6revi g\u00f6r\u00fcr. \u0130\u015fte d\u00fc\u015f\u00fck bas\u0131n\u00e7l\u0131 hidrolik silindirin \u00f6n pimi hakk\u0131nda baz\u0131 bilgiler:<\/p>\n<p>D\u00fc\u015f\u00fck bas\u0131n\u00e7l\u0131 hidrolik silindirin tasar\u0131m\u0131 ve yap\u0131m\u0131<\/p>\n<p>\u00d6n pim: \u00d6n pim genellikle hidrolik silindirin \u00f6n ucuna uzanan sa\u011flam bir metal pim veya \u015faftt\u0131r. Amac\u0131, silindir i\u00e7in g\u00fcvenli bir ba\u011flant\u0131 ve d\u00f6nme noktas\u0131 sa\u011flamakt\u0131r.<br \/>\nMontaj delikleri: \u00d6n pim, silindir g\u00f6vdesi veya \u00f6n flan\u015f \u00fczerindeki montaj deliklerinden veya braketlerden ge\u00e7irilir. Bu montaj delikleri, silindirin tak\u0131ld\u0131\u011f\u0131 ekipman veya yap\u0131 \u00fczerindeki kar\u015f\u0131l\u0131k gelen delikler veya braketlerle hizalan\u0131r.<br \/>\nSabitleme mekanizmas\u0131: \u00d6n pim, kaz accidental kopmay\u0131 veya hareketi \u00f6nlemek i\u00e7in sabitleme klipsleri, c\u0131vatalar veya di\u011fer ba\u011flant\u0131 elemanlar\u0131 ile sabitlenebilir.<\/p>\n<h2><strong>D\u00fc\u015f\u00fck Bas\u0131n\u00e7l\u0131 Hidrolik Silindir \u00d6n Pim Parametresi:<\/strong><\/h2>\n<p><img loading=\"lazy\" decoding=\"async\" class=\"alignnone wp-image-767 size-full\" src=\"https:\/\/hydraulic-cylinders.net\/wp-content\/uploads\/2023\/08\/low-pressure-pull-rod-hydraulic-cylinder-front-hinge-pin-2.webp\" alt=\"\" width=\"660\" height=\"289\" srcset=\"https:\/\/hydraulic-cylinders.net\/wp-content\/uploads\/2023\/08\/low-pressure-pull-rod-hydraulic-cylinder-front-hinge-pin-2.webp 660w, https:\/\/hydraulic-cylinders.net\/wp-content\/uploads\/2023\/08\/low-pressure-pull-rod-hydraulic-cylinder-front-hinge-pin-2-480x210.webp 480w\" sizes=\"(min-width: 0px) and (max-width: 480px) 480px, (min-width: 481px) 660px, 100vw\" \/><\/p>\n<h2><strong>Uygulamalar\u0131 <\/strong><strong>D\u00fc\u015f\u00fck Bas\u0131n\u00e7l\u0131 Hidrolik Silindir \u00d6n Pimi<\/strong><strong>:<\/strong><\/h2>\n<ul>\n<li>\u00d6n pimli d\u00fc\u015f\u00fck bas\u0131n\u00e7l\u0131 hidrolik silindirler, \u00f6zellikle d\u00fc\u015f\u00fck hidrolik bas\u0131n\u00e7larda \u00e7al\u0131\u015fan sistemlerde olmak \u00fczere, \u00e7e\u015fitli end\u00fcstrilerde ve uygulamalarda kullan\u0131lmaktad\u0131r.<\/li>\n<li>Genellikle end\u00fcstriyel makinelerde, mobil cihazlarda ve alan k\u0131s\u0131tlamalar\u0131 veya \u00f6zel kurulum gereksinimlerinin oldu\u011fu di\u011fer sistemlerde kullan\u0131l\u0131rlar.<\/li>\n<li>Bu silindirler malzeme ta\u015f\u0131ma, kald\u0131rma mekanizmalar\u0131, ta\u015f\u0131ma sistemleri ve do\u011frusal kuvvet veya hareket gerektiren di\u011fer ekipmanlar i\u00e7in uygundur.<\/li>\n<\/ul>\n<h2><strong>Montaj ve Ba\u011flant\u0131 <\/strong><strong>D\u00fc\u015f\u00fck Bas\u0131n\u00e7l\u0131 Hidrolik Silindir \u00d6n Pimi<\/strong><strong>:<\/strong><\/h2>\n<ul>\n<li>Silindir montaj\u0131: \u00d6n pimler, hidrolik silindirlerin di\u011fer ekipmanlara veya yap\u0131sal elemanlara do\u011frudan ba\u011flanmas\u0131na olanak tan\u0131r. Pim, silindir \u00fczerindeki bir montaj deli\u011finden veya braketten ve ekipman veya yap\u0131 \u00fczerindeki kar\u015f\u0131l\u0131k gelen bir delikten veya braketten ge\u00e7irilir.<\/li>\n<li>\u00d6n pimin sabitlenmesi: \u00d6n pim montaj noktas\u0131ndan ge\u00e7irildikten sonra, genellikle bir tutucu kelep\u00e7e, c\u0131vata veya ba\u015fka bir ba\u011flant\u0131 eleman\u0131 kullan\u0131larak yerinde tutulur. Bu ba\u011flant\u0131 elemanlar\u0131, silindir ile temas y\u00fczeyi aras\u0131nda sa\u011flam ve rijit bir ba\u011flant\u0131 sa\u011flar.<\/li>\n<\/ul>\n<h2><strong>Hidrolik Silindir Nas\u0131l \u00c7al\u0131\u015f\u0131r?<\/strong><\/h2>\n<p>Hidrolik silindir, hidrolik enerjiyi (bas\u0131n\u00e7 ve s\u0131v\u0131 ak\u0131\u015f\u0131) do\u011frusal kuvvete ve harekete d\u00f6n\u00fc\u015ft\u00fcren mekanik bir akt\u00fcat\u00f6rd\u00fcr. Bir silindir, bir piston, bir piston kolu ve \u00e7e\u015fitli contalardan olu\u015fur. A\u015fa\u011f\u0131da hidrolik silindirin \u00e7al\u0131\u015fma prensibine k\u0131sa bir giri\u015f yer almaktad\u0131r:<\/p>\n<ol>\n<li><strong>Hidrolik S\u0131v\u0131 Beslemesi<\/strong>Hidrolik silindir, genellikle ya\u011f olmak \u00fczere bas\u0131n\u00e7l\u0131 hidrolik s\u0131v\u0131y\u0131 silindire sa\u011flayan bir hidrolik sisteme ba\u011fl\u0131d\u0131r.<\/li>\n<li><strong>Silindir G\u00f6vdesi ve Piston<\/strong>Silindir g\u00f6vdesi, hidrolik s\u0131v\u0131 i\u00e7eren silindirik bir t\u00fcpt\u00fcr. Piston, silindir g\u00f6vdesini iki b\u00f6lmeye ay\u0131r\u0131r: \u00e7ubuk taraf\u0131 ve kapak taraf\u0131.<\/li>\n<li><strong>Piston ve Piston Kolu<\/strong>Piston, silindir g\u00f6vdesine s\u0131k\u0131ca oturan silindirik bir par\u00e7ad\u0131r. Silindir kapa\u011f\u0131ndaki bir contadan ge\u00e7en bir piston koluna ba\u011fl\u0131d\u0131r.<\/li>\n<li><strong>Foklar<\/strong>Hidrolik silindir, piston ile silindir g\u00f6vdesi aras\u0131nda s\u0131v\u0131 s\u0131z\u0131nt\u0131s\u0131n\u0131 \u00f6nlemek i\u00e7in \u00e7e\u015fitli contalar kullan\u0131r. Bu contalar aras\u0131nda piston contalar\u0131, mil contalar\u0131 ve silecek contalar\u0131 bulunur.<\/li>\n<li><strong>Hidrolik Bas\u0131n\u00e7 Uygulamas\u0131<\/strong>Silindire hidrolik s\u0131v\u0131 verilir ve bu da silindir haznelerinde bas\u0131n\u00e7 olu\u015fturur; bas\u0131n\u00e7l\u0131 s\u0131v\u0131 piston \u00fczerinde etki ederek bir kuvvet \u00fcretir.<\/li>\n<li><strong>Kuvvet ve Hareket \u00dcretimi<\/strong>Hidrolik s\u0131v\u0131 silindirin kapak taraf\u0131na verildi\u011finde, s\u0131v\u0131 bas\u0131nc\u0131n\u0131n olu\u015fturdu\u011fu kuvvet pistonu ve piston kolunu d\u0131\u015far\u0131 do\u011fru iterek uzama veya d\u0131\u015fa do\u011fru hareket olu\u015fturur. Tersine, s\u0131v\u0131 piston kolu taraf\u0131na verildi\u011finde, kuvvet pistonu ve piston kolunu i\u00e7eri do\u011fru iterek geri \u00e7ekilme veya i\u00e7e do\u011fru hareket olu\u015fturur.<\/li>\n<li><strong>Uygulamay\u0131 Y\u00fckle<\/strong>Piston kolu, hareket ettirilmesi gereken y\u00fcke veya ekipmana ba\u011fl\u0131d\u0131r. Hidrolik bas\u0131n\u00e7 nedeniyle piston ve piston kolu uzay\u0131p k\u0131sal\u0131rken, do\u011frusal kuvvet y\u00fcke iletilir ve bu da y\u00fck\u00fcn hareket etmesini sa\u011flar.<\/li>\n<li><strong>Kontrol ve Y\u00f6nlendirme<\/strong>Hidrolik silindirin hareket y\u00f6n\u00fc ve kontrol\u00fc, hidrolik s\u0131v\u0131n\u0131n uygun silindir haznesine ak\u0131\u015f\u0131n\u0131n kontrol edilmesiyle sa\u011flan\u0131r. Bu genellikle, s\u0131v\u0131 ak\u0131\u015f\u0131n\u0131 silindirin istenen taraf\u0131na se\u00e7ici olarak y\u00f6nlendiren y\u00f6n kontrol valfleri kullan\u0131larak yap\u0131l\u0131r.<\/li>\n<li><strong>Geri D\u00f6n\u00fc\u015f Vuru\u015fu<\/strong>Silindirin bir taraf\u0131na giden s\u0131v\u0131 ak\u0131\u015f\u0131 durduruldu\u011funda veya y\u00f6n\u00fc de\u011fi\u015ftirildi\u011finde, kar\u015f\u0131 taraftaki hidrolik s\u0131v\u0131 hidrolik deposuna geri d\u00f6ner ve silindir d\u0131\u015f kuvvetler veya yaylar sayesinde orijinal konumuna geri d\u00f6ner.<\/li>\n<\/ol>\n<h2><strong>Fabrikan\u0131n Kapasitesi ve Kapasitesi:<\/strong><\/h2>\n<h3>(1) Meclis<\/h3>\n<p>Birinci s\u0131n\u0131f ba\u011f\u0131ms\u0131z bir ara\u015ft\u0131rma ve geli\u015ftirme montaj platformumuz bulunmaktad\u0131r. Forklift silindir \u00fcretim at\u00f6lyemizde, y\u0131ll\u0131k 1 milyon adet \u00fcretim kapasitesine sahip d\u00f6rt adet yar\u0131 otomatik kald\u0131rma silindiri montaj hatt\u0131 ve bir adet otomatik devirme silindiri montaj hatt\u0131 bulunmaktad\u0131r. \u00d6zel silindir at\u00f6lyemiz, y\u0131ll\u0131k 200.000 adet \u00fcretim kapasitesine sahip \u00e7e\u015fitli \u00f6zelliklere sahip yar\u0131 otomatik temizleme montaj sistemleriyle donat\u0131lm\u0131\u015ft\u0131r. \u00dcnl\u00fc CNC i\u015fleme ekipmanlar\u0131, i\u015fleme merkezi, y\u00fcksek hassasiyetli silindir i\u015fleme \u00f6zel ekipmanlar\u0131, robot kaynak makinesi, otomatik temizleme makinesi, otomatik silindir montaj makinesi ve otomatik boyama \u00fcretim hatt\u0131 ile donat\u0131lm\u0131\u015ft\u0131r. 300'den fazla setten olu\u015fan mevcut ana ekipman mevcuttur. Ekipman kaynaklar\u0131n\u0131n optimum da\u011f\u0131l\u0131m\u0131 ve verimli kullan\u0131m\u0131, \u00fcr\u00fcnlerin hassasiyet gereksinimlerini ve y\u00fcksek kalite gereksinimlerini kar\u015f\u0131lar.<\/p>\n<p><img loading=\"lazy\" decoding=\"async\" class=\"alignnone wp-image-626\" src=\"https:\/\/hydraulic-cylinders.net\/wp-content\/uploads\/2023\/08\/hydraulic-cylinder-product-1-300x158.webp\" alt=\"\" width=\"495\" height=\"260\" srcset=\"https:\/\/hydraulic-cylinders.net\/wp-content\/uploads\/2023\/08\/hydraulic-cylinder-product-1-300x158.webp 495w, https:\/\/hydraulic-cylinders.net\/wp-content\/uploads\/2023\/08\/hydraulic-cylinder-product-1-480x252.webp 480w\" sizes=\"(min-width: 0px) and (max-width: 480px) 480px, (min-width: 481px) 495px, 100vw\" \/> <img loading=\"lazy\" decoding=\"async\" class=\"alignnone wp-image-627\" src=\"https:\/\/hydraulic-cylinders.net\/wp-content\/uploads\/2023\/08\/hydraulic-cylinder-product-2-300x189.webp\" alt=\"\" width=\"413\" height=\"260\" \/><\/p>\n<h3>(2)\u0130\u015fleme<\/h3>\n<p>\u0130\u015fleme at\u00f6lyesi, maksimum 400 mm i\u00e7 \u00e7apa ve maksimum 6 metre uzunlu\u011fa sahip silindir borular\u0131n\u0131n i\u015flenmesini ger\u00e7ekle\u015ftirebilen \u00f6zelle\u015ftirilmi\u015f e\u011fimli ray torna merkezi, i\u015fleme merkezi, y\u00fcksek h\u0131zl\u0131 honlama makinesi, kaynak robotu ve di\u011fer ilgili ekipmanlarla donat\u0131lm\u0131\u015ft\u0131r.<\/p>\n<p><img loading=\"lazy\" decoding=\"async\" class=\"alignnone wp-image-628 size-large\" src=\"https:\/\/hydraulic-cylinders.net\/wp-content\/uploads\/2023\/08\/hydraulic-cylinder-product-3-1024x391.webp\" alt=\"\" width=\"1024\" height=\"391\" srcset=\"https:\/\/hydraulic-cylinders.net\/wp-content\/uploads\/2023\/08\/hydraulic-cylinder-product-3-980x374.webp 980w, https:\/\/hydraulic-cylinders.net\/wp-content\/uploads\/2023\/08\/hydraulic-cylinder-product-3-480x183.webp 480w\" sizes=\"(min-width: 0px) and (max-width: 480px) 480px, (min-width: 481px) and (max-width: 980px) 980px, (min-width: 981px) 1024px, 100vw\" \/><\/p>\n<h3>(3) Kaynak<\/h3>\n<p><img loading=\"lazy\" decoding=\"async\" class=\"alignnone wp-image-629 size-large\" src=\"https:\/\/hydraulic-cylinders.net\/wp-content\/uploads\/2023\/08\/hydraulic-cylinder-product-4-1024x510.webp\" alt=\"\" width=\"1024\" height=\"510\" srcset=\"https:\/\/hydraulic-cylinders.net\/wp-content\/uploads\/2023\/08\/hydraulic-cylinder-product-4-980x488.webp 980w, https:\/\/hydraulic-cylinders.net\/wp-content\/uploads\/2023\/08\/hydraulic-cylinder-product-4-480x239.webp 480w\" sizes=\"(min-width: 0px) and (max-width: 480px) 480px, (min-width: 481px) and (max-width: 980px) 980px, (min-width: 981px) 1024px, 100vw\" \/><\/p>\n<h3>(4) Boyama ve kaplama<\/h3>\n<p>K\u00fc\u00e7\u00fck ve orta \u00f6l\u00e7ekli silindirli otomatik su bazl\u0131 boya kaplama hatt\u0131 ile otomatik robot y\u00fckleme-bo\u015faltma ve otomatik p\u00fcsk\u00fcrtmeyi ba\u015farmak i\u00e7in, vardiya ba\u015f\u0131na 4000 adet tasar\u0131m kapasitesi;<br \/>\nAyr\u0131ca, vardiya ba\u015f\u0131na 60 kasa tasar\u0131m kapasitesine sahip, g\u00fc\u00e7 zinciriyle \u00e7al\u0131\u015fan b\u00fcy\u00fck silindirler i\u00e7in yar\u0131 otomatik boya \u00fcretim hatt\u0131m\u0131z da bulunmaktad\u0131r.<\/p>\n<p><img loading=\"lazy\" decoding=\"async\" class=\"alignnone wp-image-630\" src=\"https:\/\/hydraulic-cylinders.net\/wp-content\/uploads\/2023\/08\/hydraulic-cylinder-product-5-300x213.webp\" alt=\"\" width=\"366\" height=\"260\" \/> <img loading=\"lazy\" decoding=\"async\" class=\"alignnone wp-image-631\" src=\"https:\/\/hydraulic-cylinders.net\/wp-content\/uploads\/2023\/08\/hydraulic-cylinder-product-6-300x225.webp\" alt=\"\" width=\"347\" height=\"260\" \/><\/p>\n<h3>(5) Test etme<\/h3>\n<p>Silindirin performans\u0131n\u0131n gereklilikleri kar\u015f\u0131lad\u0131\u011f\u0131ndan emin olmak i\u00e7in birinci s\u0131n\u0131f muayene tesislerimiz ve test yataklar\u0131m\u0131z bulunmaktad\u0131r.<\/p>\n<p><img loading=\"lazy\" decoding=\"async\" class=\"alignnone wp-image-632\" src=\"https:\/\/hydraulic-cylinders.net\/wp-content\/uploads\/2023\/08\/hydraulic-cylinder-product-8-300x200.webp\" alt=\"\" width=\"389\" height=\"260\" \/><\/p>\n<p>&nbsp;<\/p>\n<p>&nbsp;<\/p>\n<p>En iyi d\u00fc\u015f\u00fck bas\u0131n\u00e7l\u0131 hidrolik silindir \u00fcreticilerinden biriyiz. Geni\u015f bir d\u00fc\u015f\u00fck bas\u0131n\u00e7l\u0131 hidrolik silindir sto\u011fu sunabiliyoruz. Ayr\u0131ca, ilgili \u00fcr\u00fcnleri de sa\u011fl\u0131yoruz. <a href=\"https:\/\/hzpt.com\/agricultural-pto-gearbox\/\" target=\"_blank\" rel=\"noopener\">tar\u0131msal di\u015fli kutular\u0131<\/a>\u00dcr\u00fcnlerimizi d\u00fcnyan\u0131n d\u00f6rt bir yan\u0131ndaki m\u00fc\u015fterilerimize ihra\u00e7 ettik ve \u00fcst\u00fcn \u00fcr\u00fcn kalitemiz ve sat\u0131\u015f sonras\u0131 hizmetlerimiz sayesinde iyi bir itibar kazand\u0131k. Yurt i\u00e7i ve yurt d\u0131\u015f\u0131ndaki m\u00fc\u015fterilerimizi i\u015f g\u00f6r\u00fc\u015fmeleri yapmak, bilgi al\u0131\u015fveri\u015finde bulunmak ve daha fazlas\u0131 i\u00e7in bizimle ileti\u015fime ge\u00e7meye davet ediyoruz.\u00a0<a href=\"https:\/\/www.hydraulic-cylinders.net\/tr\/contact-us\/\">bizimle i\u015fbirli\u011fi yap\u0131n<\/a>!<\/p>\n<p>&nbsp;<\/p>","protected":false},"excerpt":{"rendered":"<p>Low-Pressure Hydraulic Cylinder Front Pin In the case of low-pressure hydraulic cylinders, the term &#8220;front pin&#8221; usually refers to the pin or shaft located at the front end of the cylinder. This pin is used as a connection point or pivot for attaching or mounting the cylinder to other components or equipment. Here is some [&hellip;]<\/p>","protected":false},"featured_media":768,"comment_status":"open","ping_status":"closed","template":"","meta":{"_et_pb_use_builder":"","_et_pb_old_content":"","_et_gb_content_width":""},"product_brand":[],"product_cat":[1376,1388],"product_tag":[1380],"class_list":{"0":"post-765","1":"product","2":"type-product","3":"status-publish","4":"has-post-thumbnail","6":"product_cat-hydraulic-cylinder","7":"product_cat-low-pressure-hydraulic-cylinder","8":"product_tag-hydraulic-cylinder","10":"first","11":"instock","12":"shipping-taxable","13":"product-type-simple"},"amp_enabled":true,"_links":{"self":[{"href":"https:\/\/www.hydraulic-cylinders.net\/tr\/wp-json\/wp\/v2\/product\/765","targetHints":{"allow":["GET"]}}],"collection":[{"href":"https:\/\/www.hydraulic-cylinders.net\/tr\/wp-json\/wp\/v2\/product"}],"about":[{"href":"https:\/\/www.hydraulic-cylinders.net\/tr\/wp-json\/wp\/v2\/types\/product"}],"replies":[{"embeddable":true,"href":"https:\/\/www.hydraulic-cylinders.net\/tr\/wp-json\/wp\/v2\/comments?post=765"}],"wp:featuredmedia":[{"embeddable":true,"href":"https:\/\/www.hydraulic-cylinders.net\/tr\/wp-json\/wp\/v2\/media\/768"}],"wp:attachment":[{"href":"https:\/\/www.hydraulic-cylinders.net\/tr\/wp-json\/wp\/v2\/media?parent=765"}],"wp:term":[{"taxonomy":"product_brand","embeddable":true,"href":"https:\/\/www.hydraulic-cylinders.net\/tr\/wp-json\/wp\/v2\/product_brand?post=765"},{"taxonomy":"product_cat","embeddable":true,"href":"https:\/\/www.hydraulic-cylinders.net\/tr\/wp-json\/wp\/v2\/product_cat?post=765"},{"taxonomy":"product_tag","embeddable":true,"href":"https:\/\/www.hydraulic-cylinders.net\/tr\/wp-json\/wp\/v2\/product_tag?post=765"}],"curies":[{"name":"wp","href":"https:\/\/api.w.org\/{rel}","templated":true}]}}