{"id":769,"date":"2023-08-23T02:12:14","date_gmt":"2023-08-23T02:12:14","guid":{"rendered":"https:\/\/hydraulic-cylinders.net\/?post_type=product&#038;p=769"},"modified":"2025-03-27T01:13:00","modified_gmt":"2025-03-27T01:13:00","slug":"low-pressure-hydraulic-cylinder-rear-pin","status":"publish","type":"product","link":"https:\/\/www.hydraulic-cylinders.net\/tr\/urun\/low-pressure-hydraulic-cylinder-rear-pin\/","title":{"rendered":"D\u00fc\u015f\u00fck Bas\u0131n\u00e7l\u0131 Hidrolik Silindir Arka Pimi"},"content":{"rendered":"<h1 style=\"text-align: center;\"><strong>D\u00fc\u015f\u00fck Bas\u0131n\u00e7l\u0131 Hidrolik Silindir Arka Pimi<\/strong><\/h1>\n<p><img loading=\"lazy\" decoding=\"async\" class=\"aligncenter wp-image-770 size-full\" src=\"https:\/\/hydraulic-cylinders.net\/wp-content\/uploads\/2023\/08\/low-pressure-pull-rod-hydraulic-cylinder-rear-pin-hole-1.webp\" alt=\"\" width=\"485\" height=\"206\" srcset=\"https:\/\/hydraulic-cylinders.net\/wp-content\/uploads\/2023\/08\/low-pressure-pull-rod-hydraulic-cylinder-rear-pin-hole-1.webp 485w, https:\/\/hydraulic-cylinders.net\/wp-content\/uploads\/2023\/08\/low-pressure-pull-rod-hydraulic-cylinder-rear-pin-hole-1-480x204.webp 480w\" sizes=\"(min-width: 0px) and (max-width: 480px) 480px, (min-width: 481px) 485px, 100vw\" \/><\/p>\n<p>D\u00fc\u015f\u00fck bas\u0131n\u00e7l\u0131 hidrolik silindirlerde, arka pim, silindirin arka ucunda bulunan pim veya \u015faft\u0131 ifade eder. Bu pim, silindiri di\u011fer bile\u015fenlere veya ekipmanlara takmak veya monte etmek i\u00e7in bir ba\u011flant\u0131 noktas\u0131 veya pivot g\u00f6revi g\u00f6r\u00fcr. A\u015fa\u011f\u0131da d\u00fc\u015f\u00fck bas\u0131n\u00e7l\u0131 hidrolik silindir arka pimi hakk\u0131nda baz\u0131 bilgiler yer almaktad\u0131r:<\/p>\n<p>D\u00fc\u015f\u00fck bas\u0131n\u00e7l\u0131 hidrolik silindirin tasar\u0131m\u0131 ve yap\u0131m\u0131<\/p>\n<p>Arka pim: Arka pim genellikle hidrolik silindirin arka ucundan ge\u00e7en sa\u011flam bir metal pim veya \u015faftt\u0131r. Amac\u0131, silindir i\u00e7in g\u00fcvenli bir ba\u011flant\u0131 ve d\u00f6nme noktas\u0131 sa\u011flamakt\u0131r.<br \/>\nMontaj deli\u011fi: Arka pim, silindir g\u00f6vdesi veya arka flan\u015f \u00fczerindeki bir montaj deli\u011finden veya braketten ge\u00e7irilir. Bu montaj delikleri, silindirin tak\u0131ld\u0131\u011f\u0131 ekipman veya yap\u0131 \u00fczerindeki kar\u015f\u0131l\u0131k gelen delikler veya braketlerle hizalan\u0131r.<br \/>\nSabitleme mekanizmas\u0131: Arka pim, kaz accidental kopmay\u0131 veya hareketi \u00f6nlemek i\u00e7in sabitleme klipsleri, c\u0131vatalar veya di\u011fer ba\u011flant\u0131 elemanlar\u0131 kullan\u0131larak sabitlenebilir.<\/p>\n<h2><strong>D\u00fc\u015f\u00fck Bas\u0131n\u00e7l\u0131 Hidrolik Silindir Arka Pim Parametresi:<\/strong><\/h2>\n<p><img loading=\"lazy\" decoding=\"async\" class=\"alignnone wp-image-771 size-full\" src=\"https:\/\/hydraulic-cylinders.net\/wp-content\/uploads\/2023\/08\/low-pressure-pull-rod-hydraulic-cylinder-rear-pin-hole-2.webp\" alt=\"\" width=\"690\" height=\"333\" srcset=\"https:\/\/hydraulic-cylinders.net\/wp-content\/uploads\/2023\/08\/low-pressure-pull-rod-hydraulic-cylinder-rear-pin-hole-2.webp 690w, https:\/\/hydraulic-cylinders.net\/wp-content\/uploads\/2023\/08\/low-pressure-pull-rod-hydraulic-cylinder-rear-pin-hole-2-480x232.webp 480w\" sizes=\"(min-width: 0px) and (max-width: 480px) 480px, (min-width: 481px) 690px, 100vw\" \/><\/p>\n<h2><strong>Uygulamalar\u0131 <\/strong><strong>D\u00fc\u015f\u00fck Bas\u0131n\u00e7l\u0131 Hidrolik Silindir\u00a0<\/strong><strong>Arka Pim<\/strong><strong>:<\/strong><\/h2>\n<ul>\n<li>Arka pimli d\u00fc\u015f\u00fck bas\u0131n\u00e7l\u0131 hidrolik silindirler, \u00f6zellikle d\u00fc\u015f\u00fck hidrolik bas\u0131n\u00e7larda \u00e7al\u0131\u015fan sistemlerde olmak \u00fczere, \u00e7e\u015fitli end\u00fcstrilerde ve uygulamalarda kullan\u0131lmaktad\u0131r.<\/li>\n<li>Genellikle end\u00fcstriyel makinelerde, mobil cihazlarda ve alan k\u0131s\u0131tlamalar\u0131 veya \u00f6zel kurulum gereksinimlerinin oldu\u011fu di\u011fer sistemlerde kullan\u0131l\u0131rlar.<\/li>\n<li>Bu silindirler malzeme ta\u015f\u0131ma, kald\u0131rma mekanizmalar\u0131, ta\u015f\u0131ma sistemleri ve do\u011frusal kuvvet veya hareket gerektiren di\u011fer ekipmanlar i\u00e7in uygundur.<\/li>\n<\/ul>\n<h2><strong>Montaj ve Ba\u011flant\u0131 <\/strong><strong>D\u00fc\u015f\u00fck Bas\u0131n\u00e7l\u0131 Hidrolik Silindir Arka Pimi<\/strong><strong>:<\/strong><\/h2>\n<ul>\n<li>Silindirin Montaj\u0131: Arka pim, hidrolik silindirin di\u011fer ekipmanlara veya yap\u0131sal elemanlara do\u011frudan ba\u011flanmas\u0131na olanak tan\u0131r. Pim, silindir \u00fczerindeki montaj deliklerinden veya braketlerden ve ekipman veya yap\u0131 \u00fczerindeki kar\u015f\u0131l\u0131k gelen deliklerden veya braketlerden ge\u00e7irilerek tak\u0131l\u0131r.<\/li>\n<li>Arka Pimin Tak\u0131lmas\u0131: Arka pim montaj noktalar\u0131ndan ge\u00e7irildikten sonra, genellikle tutucu klipsler, c\u0131vatalar veya di\u011fer ba\u011flant\u0131 elemanlar\u0131 kullan\u0131larak yerine sabitlenir. Bu ba\u011flant\u0131 elemanlar\u0131, silindir ile temas y\u00fczeyi aras\u0131nda sa\u011flam ve rijit bir ba\u011flant\u0131 sa\u011flar.<\/li>\n<\/ul>\n<h2><strong>Hidrolik Silindir Nas\u0131l Yenilenir?<\/strong><\/h2>\n<p>Hidrolik silindirin yeniden yap\u0131m\u0131, silindirin s\u00f6k\u00fclmesini, a\u015f\u0131nm\u0131\u015f veya hasar g\u00f6rm\u00fc\u015f par\u00e7alar\u0131n incelenmesini ve de\u011fi\u015ftirilmesini, silindirin yeni par\u00e7alarla yeniden monte edilmesini ve do\u011fru \u00e7al\u0131\u015f\u0131p \u00e7al\u0131\u015fmad\u0131\u011f\u0131n\u0131n test edilmesini i\u00e7erir. \u0130\u015fte s\u00fcrecin genel bir \u00f6zeti:<\/p>\n<ol>\n<li><strong>Gerekli Alet ve Par\u00e7alar\u0131 Toplay\u0131n<\/strong>Yeniden yap\u0131m i\u015flemine ba\u015flamadan \u00f6nce, contalar, O-ringler, ke\u00e7eler ve hidrolik silindir modelinize \u00f6zg\u00fc di\u011fer t\u00fcm bile\u015fenler de dahil olmak \u00fczere gerekli aletleri ve yedek par\u00e7alar\u0131 toplay\u0131n.<\/li>\n<li><strong>Silindir \u00c7\u0131karma<\/strong>Hidrolik silindiri tak\u0131l\u0131 oldu\u011fu sistem veya ekipmandan ay\u0131r\u0131n. Gerekli g\u00fcvenlik prosed\u00fcrlerini izleyin ve gerekirse uygun kald\u0131rma ekipman\u0131n\u0131 kullan\u0131n.<\/li>\n<li><strong>Silindir S\u00f6kme<\/strong>Silindiri dikkatlice s\u00f6k\u00fcn ve par\u00e7alar\u0131 \u00e7\u0131kar\u0131rken s\u0131ralar\u0131na ve y\u00f6nlerine dikkat edin. Bu i\u015flem, u\u00e7 kapaklar\u0131n, pistonun, piston kolunun, contalar\u0131n ve di\u011fer i\u00e7 bile\u015fenlerin \u00e7\u0131kar\u0131lmas\u0131n\u0131 i\u00e7erebilir.<\/li>\n<li><strong>Par\u00e7a \u0130ncelemesi<\/strong>Her bir par\u00e7ay\u0131 a\u015f\u0131nma, hasar veya bozulma belirtileri a\u00e7\u0131s\u0131ndan inceleyin. Yeniden montaj s\u0131ras\u0131nda s\u0131kl\u0131kla de\u011fi\u015ftirildikleri i\u00e7in contalara, O-ringlere ve di\u011fer kau\u00e7uk par\u00e7alara \u00f6zellikle dikkat edin. A\u015f\u0131nm\u0131\u015f veya hasar g\u00f6rm\u00fc\u015f par\u00e7alar\u0131 yenileriyle de\u011fi\u015ftirin.<\/li>\n<li><strong>Silindir Temizli\u011fi<\/strong>T\u00fcm par\u00e7alar\u0131 uygun bir temizlik maddesi kullanarak iyice temizleyin; kir, toz ve hidrolik s\u0131v\u0131 kal\u0131nt\u0131lar\u0131n\u0131 giderin. Yeniden montajdan \u00f6nce t\u00fcm bile\u015fenlerin susuzla\u015ft\u0131r\u0131ld\u0131\u011f\u0131ndan emin olun.<\/li>\n<li><strong>Conta Montaj\u0131<\/strong>Silindir i\u00e7indeki ilgili yerlerine yeni contalar\u0131, O-ringleri ve ke\u00e7eleri tak\u0131n. \u00dcreticinin spesifikasyonlar\u0131na g\u00f6re do\u011fru hizalama ve y\u00f6nlendirmeyi sa\u011flay\u0131n.<\/li>\n<li><strong>Yeniden montaj<\/strong>Silindiri s\u00f6kme i\u015fleminin tersini izleyerek yeniden monte etmeye ba\u015flay\u0131n. Par\u00e7alar\u0131 yeniden monte ederken contalar\u0131 ve O-ringleri uyumlu bir hidrolik s\u0131v\u0131 veya montaj ya\u011f\u0131 ile ya\u011flay\u0131n.<\/li>\n<li><strong>Torklay\u0131n ve S\u0131k\u0131n<\/strong>\u00dcreticinin \u00f6nerdi\u011fi tork de\u011ferlerini kullanarak c\u0131vatalar\u0131, somunlar\u0131 ve ba\u011flant\u0131 par\u00e7alar\u0131n\u0131 uygun \u00f6zelliklere g\u00f6re s\u0131k\u0131n. T\u00fcm ba\u011flant\u0131lar\u0131n sa\u011flam oldu\u011fundan emin olun, ancak bile\u015fenlere zarar verebilecek a\u015f\u0131r\u0131 s\u0131kmadan ka\u00e7\u0131n\u0131n.<\/li>\n<li><strong>Test<\/strong>Silindir yeniden monte edildikten sonra, hidrolik sisteme veya ekipmana yeniden ba\u011flay\u0131n. Uzatma, geri \u00e7ekme ve bas\u0131n\u00e7 tutma kapasiteleri de dahil olmak \u00fczere silindirin do\u011fru \u00e7al\u0131\u015f\u0131p \u00e7al\u0131\u015fmad\u0131\u011f\u0131n\u0131 test edin. Herhangi bir s\u0131z\u0131nt\u0131 olup olmad\u0131\u011f\u0131n\u0131 kontrol edin ve gerekirse giderin.<\/li>\n<li><strong>Sistem S\u0131v\u0131s\u0131 De\u011fi\u015fimi<\/strong>Gerekti\u011finde, sistemdeki hidrolik s\u0131v\u0131s\u0131n\u0131 \u00fcreticinin y\u00f6nergelerine uygun olarak temiz ve uyumlu bir s\u0131v\u0131yla de\u011fi\u015ftirin.<\/li>\n<\/ol>\n<h2><strong>Fabrikan\u0131n Kapasitesi ve Kapasitesi:<\/strong><\/h2>\n<h3>(1) Meclis<\/h3>\n<p>Birinci s\u0131n\u0131f ba\u011f\u0131ms\u0131z bir ara\u015ft\u0131rma ve geli\u015ftirme montaj platformumuz bulunmaktad\u0131r. Forklift silindir \u00fcretim at\u00f6lyemizde, y\u0131ll\u0131k 1 milyon adet \u00fcretim kapasitesine sahip d\u00f6rt adet yar\u0131 otomatik kald\u0131rma silindiri montaj hatt\u0131 ve bir adet otomatik devirme silindiri montaj hatt\u0131 bulunmaktad\u0131r. \u00d6zel silindir at\u00f6lyemiz, y\u0131ll\u0131k 200.000 adet \u00fcretim kapasitesine sahip \u00e7e\u015fitli \u00f6zelliklere sahip yar\u0131 otomatik temizleme montaj sistemleriyle donat\u0131lm\u0131\u015ft\u0131r. \u00dcnl\u00fc CNC i\u015fleme ekipmanlar\u0131, i\u015fleme merkezi, y\u00fcksek hassasiyetli silindir i\u015fleme \u00f6zel ekipmanlar\u0131, robot kaynak makinesi, otomatik temizleme makinesi, otomatik silindir montaj makinesi ve otomatik boyama \u00fcretim hatt\u0131 ile donat\u0131lm\u0131\u015ft\u0131r. 300'den fazla setten olu\u015fan mevcut ana ekipman mevcuttur. Ekipman kaynaklar\u0131n\u0131n optimum da\u011f\u0131l\u0131m\u0131 ve verimli kullan\u0131m\u0131, \u00fcr\u00fcnlerin hassasiyet gereksinimlerini ve y\u00fcksek kalite gereksinimlerini kar\u015f\u0131lar.<\/p>\n<p><img loading=\"lazy\" decoding=\"async\" class=\"alignnone wp-image-626\" src=\"https:\/\/hydraulic-cylinders.net\/wp-content\/uploads\/2023\/08\/hydraulic-cylinder-product-1-300x158.webp\" alt=\"\" width=\"495\" height=\"260\" srcset=\"https:\/\/hydraulic-cylinders.net\/wp-content\/uploads\/2023\/08\/hydraulic-cylinder-product-1-300x158.webp 495w, https:\/\/hydraulic-cylinders.net\/wp-content\/uploads\/2023\/08\/hydraulic-cylinder-product-1-480x252.webp 480w\" sizes=\"(min-width: 0px) and (max-width: 480px) 480px, (min-width: 481px) 495px, 100vw\" \/> <img loading=\"lazy\" decoding=\"async\" class=\"alignnone wp-image-627\" src=\"https:\/\/hydraulic-cylinders.net\/wp-content\/uploads\/2023\/08\/hydraulic-cylinder-product-2-300x189.webp\" alt=\"\" width=\"413\" height=\"260\" \/><\/p>\n<h3>(2)\u0130\u015fleme<\/h3>\n<p>\u0130\u015fleme at\u00f6lyesi, maksimum 400 mm i\u00e7 \u00e7apa ve maksimum 6 metre uzunlu\u011fa sahip silindir borular\u0131n\u0131n i\u015flenmesini ger\u00e7ekle\u015ftirebilen \u00f6zelle\u015ftirilmi\u015f e\u011fimli ray torna merkezi, i\u015fleme merkezi, y\u00fcksek h\u0131zl\u0131 honlama makinesi, kaynak robotu ve di\u011fer ilgili ekipmanlarla donat\u0131lm\u0131\u015ft\u0131r.<\/p>\n<p><img loading=\"lazy\" decoding=\"async\" class=\"alignnone wp-image-628 size-large\" src=\"https:\/\/hydraulic-cylinders.net\/wp-content\/uploads\/2023\/08\/hydraulic-cylinder-product-3-1024x391.webp\" alt=\"\" width=\"1024\" height=\"391\" srcset=\"https:\/\/hydraulic-cylinders.net\/wp-content\/uploads\/2023\/08\/hydraulic-cylinder-product-3-980x374.webp 980w, https:\/\/hydraulic-cylinders.net\/wp-content\/uploads\/2023\/08\/hydraulic-cylinder-product-3-480x183.webp 480w\" sizes=\"(min-width: 0px) and (max-width: 480px) 480px, (min-width: 481px) and (max-width: 980px) 980px, (min-width: 981px) 1024px, 100vw\" \/><\/p>\n<h3>(3) Kaynak<\/h3>\n<p><img loading=\"lazy\" decoding=\"async\" class=\"alignnone wp-image-629 size-large\" src=\"https:\/\/hydraulic-cylinders.net\/wp-content\/uploads\/2023\/08\/hydraulic-cylinder-product-4-1024x510.webp\" alt=\"\" width=\"1024\" height=\"510\" srcset=\"https:\/\/hydraulic-cylinders.net\/wp-content\/uploads\/2023\/08\/hydraulic-cylinder-product-4-980x488.webp 980w, https:\/\/hydraulic-cylinders.net\/wp-content\/uploads\/2023\/08\/hydraulic-cylinder-product-4-480x239.webp 480w\" sizes=\"(min-width: 0px) and (max-width: 480px) 480px, (min-width: 481px) and (max-width: 980px) 980px, (min-width: 981px) 1024px, 100vw\" \/><\/p>\n<h3>(4) Boyama ve kaplama<\/h3>\n<p>K\u00fc\u00e7\u00fck ve orta \u00f6l\u00e7ekli silindirli otomatik su bazl\u0131 boya kaplama hatt\u0131 ile otomatik robot y\u00fckleme-bo\u015faltma ve otomatik p\u00fcsk\u00fcrtmeyi ba\u015farmak i\u00e7in, vardiya ba\u015f\u0131na 4000 adet tasar\u0131m kapasitesi;<br \/>\nAyr\u0131ca, vardiya ba\u015f\u0131na 60 kasa tasar\u0131m kapasitesine sahip, g\u00fc\u00e7 zinciriyle \u00e7al\u0131\u015fan b\u00fcy\u00fck silindirler i\u00e7in yar\u0131 otomatik boya \u00fcretim hatt\u0131m\u0131z da bulunmaktad\u0131r.<\/p>\n<p><img loading=\"lazy\" decoding=\"async\" class=\"alignnone wp-image-630\" src=\"https:\/\/hydraulic-cylinders.net\/wp-content\/uploads\/2023\/08\/hydraulic-cylinder-product-5-300x213.webp\" alt=\"\" width=\"366\" height=\"260\" \/> <img loading=\"lazy\" decoding=\"async\" class=\"alignnone wp-image-631\" src=\"https:\/\/hydraulic-cylinders.net\/wp-content\/uploads\/2023\/08\/hydraulic-cylinder-product-6-300x225.webp\" alt=\"\" width=\"347\" height=\"260\" \/><\/p>\n<h3>(5) Test etme<\/h3>\n<p>Silindirin performans\u0131n\u0131n gereklilikleri kar\u015f\u0131lad\u0131\u011f\u0131ndan emin olmak i\u00e7in birinci s\u0131n\u0131f muayene tesislerimiz ve test yataklar\u0131m\u0131z bulunmaktad\u0131r.<\/p>\n<p><img loading=\"lazy\" decoding=\"async\" class=\"alignnone wp-image-632\" src=\"https:\/\/hydraulic-cylinders.net\/wp-content\/uploads\/2023\/08\/hydraulic-cylinder-product-8-300x200.webp\" alt=\"\" width=\"389\" height=\"260\" \/><\/p>\n<p>&nbsp;<\/p>\n<p>&nbsp;<\/p>\n<p>En iyi d\u00fc\u015f\u00fck bas\u0131n\u00e7l\u0131 hidrolik silindir \u00fcreticilerinden biriyiz. Geni\u015f bir d\u00fc\u015f\u00fck bas\u0131n\u00e7l\u0131 hidrolik silindir sto\u011fu sunabiliyoruz. Ayr\u0131ca, ilgili \u00fcr\u00fcnleri de sa\u011fl\u0131yoruz. <a href=\"https:\/\/hzpt.com\/agricultural-pto-gearbox\/\" target=\"_blank\" rel=\"noopener\">tar\u0131msal di\u015fli kutular\u0131<\/a>\u00dcr\u00fcnlerimizi d\u00fcnyan\u0131n d\u00f6rt bir yan\u0131ndaki m\u00fc\u015fterilerimize ihra\u00e7 ettik ve \u00fcst\u00fcn \u00fcr\u00fcn kalitemiz ve sat\u0131\u015f sonras\u0131 hizmetlerimiz sayesinde iyi bir itibar kazand\u0131k. Yurt i\u00e7i ve yurt d\u0131\u015f\u0131ndaki m\u00fc\u015fterilerimizi i\u015f g\u00f6r\u00fc\u015fmeleri yapmak, bilgi al\u0131\u015fveri\u015finde bulunmak ve daha fazlas\u0131 i\u00e7in bizimle ileti\u015fime ge\u00e7meye davet ediyoruz.\u00a0<a href=\"https:\/\/www.hydraulic-cylinders.net\/tr\/contact-us\/\">bizimle i\u015fbirli\u011fi yap\u0131n<\/a>!<\/p>\n<p>&nbsp;<\/p>","protected":false},"excerpt":{"rendered":"<p>Low-Pressure Hydraulic Cylinder Rear Pin In low-pressure hydraulic cylinders, the back pin refers to the pin or shaft located at the back end of the cylinder. This pin is a connection point or pivot for attaching or mounting the cylinder to other components or equipment. The following is some information about the low-pressure hydraulic cylinder [&hellip;]<\/p>","protected":false},"featured_media":772,"comment_status":"open","ping_status":"closed","template":"","meta":{"_et_pb_use_builder":"","_et_pb_old_content":"","_et_gb_content_width":""},"product_brand":[],"product_cat":[1376,1388],"product_tag":[1380],"class_list":{"0":"post-769","1":"product","2":"type-product","3":"status-publish","4":"has-post-thumbnail","6":"product_cat-hydraulic-cylinder","7":"product_cat-low-pressure-hydraulic-cylinder","8":"product_tag-hydraulic-cylinder","10":"first","11":"instock","12":"shipping-taxable","13":"product-type-simple"},"amp_enabled":true,"_links":{"self":[{"href":"https:\/\/www.hydraulic-cylinders.net\/tr\/wp-json\/wp\/v2\/product\/769","targetHints":{"allow":["GET"]}}],"collection":[{"href":"https:\/\/www.hydraulic-cylinders.net\/tr\/wp-json\/wp\/v2\/product"}],"about":[{"href":"https:\/\/www.hydraulic-cylinders.net\/tr\/wp-json\/wp\/v2\/types\/product"}],"replies":[{"embeddable":true,"href":"https:\/\/www.hydraulic-cylinders.net\/tr\/wp-json\/wp\/v2\/comments?post=769"}],"wp:featuredmedia":[{"embeddable":true,"href":"https:\/\/www.hydraulic-cylinders.net\/tr\/wp-json\/wp\/v2\/media\/772"}],"wp:attachment":[{"href":"https:\/\/www.hydraulic-cylinders.net\/tr\/wp-json\/wp\/v2\/media?parent=769"}],"wp:term":[{"taxonomy":"product_brand","embeddable":true,"href":"https:\/\/www.hydraulic-cylinders.net\/tr\/wp-json\/wp\/v2\/product_brand?post=769"},{"taxonomy":"product_cat","embeddable":true,"href":"https:\/\/www.hydraulic-cylinders.net\/tr\/wp-json\/wp\/v2\/product_cat?post=769"},{"taxonomy":"product_tag","embeddable":true,"href":"https:\/\/www.hydraulic-cylinders.net\/tr\/wp-json\/wp\/v2\/product_tag?post=769"}],"curies":[{"name":"wp","href":"https:\/\/api.w.org\/{rel}","templated":true}]}}