{"id":773,"date":"2023-08-23T02:33:49","date_gmt":"2023-08-23T02:33:49","guid":{"rendered":"https:\/\/hydraulic-cylinders.net\/?post_type=product&#038;p=773"},"modified":"2025-03-27T01:12:58","modified_gmt":"2025-03-27T01:12:58","slug":"low-pressure-hydraulic-cylinder-intermediate-pin","status":"publish","type":"product","link":"https:\/\/www.hydraulic-cylinders.net\/tr\/urun\/low-pressure-hydraulic-cylinder-intermediate-pin\/","title":{"rendered":"D\u00fc\u015f\u00fck Bas\u0131n\u00e7l\u0131 Hidrolik Silindir Ara Pimi"},"content":{"rendered":"<h1 style=\"text-align: center;\"><strong>D\u00fc\u015f\u00fck Bas\u0131n\u00e7l\u0131 Hidrolik Silindir Ara Pimi<\/strong><\/h1>\n<p><img loading=\"lazy\" decoding=\"async\" class=\"aligncenter wp-image-774 size-full\" src=\"https:\/\/hydraulic-cylinders.net\/wp-content\/uploads\/2023\/08\/low-pressure-pull-rod-hydraulic-cylinder-middle-hinge-pin-1.webp\" alt=\"\" width=\"375\" height=\"175\" srcset=\"https:\/\/www.hydraulic-cylinders.net\/wp-content\/uploads\/2023\/08\/low-pressure-pull-rod-hydraulic-cylinder-middle-hinge-pin-1.webp 375w, https:\/\/www.hydraulic-cylinders.net\/wp-content\/uploads\/2023\/08\/low-pressure-pull-rod-hydraulic-cylinder-middle-hinge-pin-1-300x140.webp 300w\" sizes=\"(max-width: 375px) 100vw, 375px\" \/><\/p>\n<p>D\u00fc\u015f\u00fck bas\u0131n\u00e7l\u0131 bir hidrolik silindirde, ara pim, piston ile piston kolu aras\u0131ndaki \u00e7ivi veya \u015faft\u0131 ifade eder. Bir ba\u011flant\u0131 eleman\u0131, kuvveti pistondan kola aktararak do\u011frusal hareket sa\u011flar.<\/p>\n<p>D\u00fc\u015f\u00fck bas\u0131n\u00e7l\u0131 hidrolik silindirin tasar\u0131m\u0131 ve yap\u0131m\u0131<\/p>\n<p>Ara pimler genellikle silindirin i\u00e7indeki kat\u0131 metal pimler veya millerdir.<br \/>\nPiston ile biyel kolu aras\u0131ndaki iki par\u00e7ay\u0131 birbirine ba\u011flar.<br \/>\nAra pimin g\u00f6revi, pistonun \u00fcretti\u011fi s\u0131v\u0131 bas\u0131nc\u0131n\u0131 piston koluna ileterek silindirin ihtiya\u00e7 duydu\u011fu do\u011frusal hareketi sa\u011flamakt\u0131r.<\/p>\n<h2><strong>D\u00fc\u015f\u00fck Bas\u0131n\u00e7l\u0131 Hidrolik Silindir Ara Pim Parametresi:<\/strong><\/h2>\n<p><img loading=\"lazy\" decoding=\"async\" class=\"alignnone wp-image-775 size-full\" src=\"https:\/\/hydraulic-cylinders.net\/wp-content\/uploads\/2023\/08\/low-pressure-pull-rod-hydraulic-cylinder-intermediate-pin-2.webp\" alt=\"\" width=\"690\" height=\"315\" srcset=\"https:\/\/hydraulic-cylinders.net\/wp-content\/uploads\/2023\/08\/low-pressure-pull-rod-hydraulic-cylinder-intermediate-pin-2.webp 690w, https:\/\/hydraulic-cylinders.net\/wp-content\/uploads\/2023\/08\/low-pressure-pull-rod-hydraulic-cylinder-intermediate-pin-2-480x219.webp 480w\" sizes=\"(min-width: 0px) and (max-width: 480px) 480px, (min-width: 481px) 690px, 100vw\" \/><\/p>\n<h2><strong>Fonksiyonu ve \u00c7al\u0131\u015fmas\u0131 <\/strong><strong>D\u00fc\u015f\u00fck Bas\u0131n\u00e7l\u0131 Hidrolik Silindir Ara Pimi<\/strong><strong>:<\/strong><\/h2>\n<ul>\n<li>Pistona hidrolik bas\u0131n\u00e7 uyguland\u0131\u011f\u0131nda ortadaki pime bir kuvvet uygulayarak hareket etmesini sa\u011flar.<\/li>\n<li>Ara pimin hareketi piston koluna kuvvet iletir, bu da hidrolik silindirin gerilmesine veya b\u00fcz\u00fclmesine neden olur.<\/li>\n<li>Ara pim, hidrolik olarak \u00fcretilen kuvvetin piston koluna etkili bir \u015fekilde iletilmesini sa\u011flayarak silindirin istenilen hareketinin elde edilmesini sa\u011flar.<\/li>\n<\/ul>\n<h2><strong>D\u00fc\u015f\u00fck Bas\u0131n\u00e7l\u0131 Hidrolik Silindir Ara Pim Bak\u0131m\u0131 ve De\u011fi\u015fimi<\/strong><strong>:<\/strong><\/h2>\n<ul>\n<li>D\u00fc\u015f\u00fck bas\u0131n\u00e7l\u0131 hidrolik silindirin onar\u0131m\u0131 veya tadilat\u0131 s\u0131ras\u0131nda orta pimin durumu kontrol edilmelidir.<\/li>\n<li>Herhangi bir a\u015f\u0131nma, hasar veya a\u015f\u0131r\u0131 oynama belirtisi varsa, silindirin normal \u00e7al\u0131\u015fmas\u0131n\u0131 sa\u011flamak i\u00e7in yeni bir ara pim de\u011fi\u015ftirilmelidir.<\/li>\n<li>Orta pimi de\u011fi\u015ftirirken, uyumlulu\u011fun ve optimum performans\u0131n sa\u011flanmas\u0131 i\u00e7in \u00fcreticinin y\u00f6nergelerine ve teknik \u00f6zelliklerine uyulmal\u0131d\u0131r.<\/li>\n<\/ul>\n<h2><strong>Hidrolik Silindir Nas\u0131l \u00d6l\u00e7\u00fcl\u00fcr?<\/strong><\/h2>\n<ol>\n<li><strong>Delik \u00c7ap\u0131<\/strong>:\n<ul>\n<li>Silindir namlusunun i\u00e7 \u00e7ap\u0131n\u0131 \u00f6l\u00e7\u00fcn. Bu, \"delik \u00e7ap\u0131\" olarak bilinir.<\/li>\n<li>Kaliperleri silindir g\u00f6vdesinin i\u00e7ine yerle\u015ftirin ve \u00e7eneleri i\u00e7 duvarlara temas edene kadar uzat\u0131n.<\/li>\n<li>Kumpas \u00fczerinde g\u00f6sterilen \u00f6l\u00e7\u00fcye dikkat edin.<\/li>\n<\/ul>\n<\/li>\n<li><strong>\u00c7ubuk \u00c7ap\u0131<\/strong>:\n<ul>\n<li>Piston \u00e7ubu\u011funun d\u0131\u015f \u00e7ap\u0131n\u0131 \u00f6l\u00e7\u00fcn. Bu, \"\u00e7ubuk \u00e7ap\u0131\" olarak bilinir.<\/li>\n<li>Kaliperleri piston kolunun etraf\u0131na yerle\u015ftirin ve \u00e7eneleri kol y\u00fczeyini hafif\u00e7e kavrayana kadar ayarlay\u0131n.<\/li>\n<li>Kumpas \u00fczerinde g\u00f6sterilen \u00f6l\u00e7\u00fcye dikkat edin.<\/li>\n<\/ul>\n<\/li>\n<li><strong>Vuru\u015f Uzunlu\u011fu<\/strong>:\n<ul>\n<li>Pistonun silindir i\u00e7erisinde kat edebilece\u011fi maksimum mesafe olan strok uzunlu\u011funu belirleyin.<\/li>\n<li>Piston kolunu tamamen uzat\u0131lm\u0131\u015f konuma getirin ve silindirin \u00f6n y\u00fcz\u00fcnden piston kolunun ucuna kadar olan mesafeyi \u00f6l\u00e7\u00fcn.<\/li>\n<li>\u00d6l\u00e7\u00fcm\u00fc strok uzunlu\u011fu olarak not edin.<\/li>\n<\/ul>\n<\/li>\n<li><strong>Montaj Boyutlar\u0131<\/strong>:\n<ul>\n<li>Hidrolik silindirin ekipmana veya yap\u0131ya nas\u0131l ba\u011flanaca\u011f\u0131n\u0131 belirlemek i\u00e7in montaj boyutlar\u0131n\u0131 \u00f6l\u00e7\u00fcn.<\/li>\n<li>Silindirin montaj flan\u015f\u0131ndaki montaj delikleri veya braketler aras\u0131ndaki mesafeyi \u00f6l\u00e7\u00fcn.<\/li>\n<li>Uygunsa delik \u00e7ap\u0131n\u0131 \u00f6l\u00e7\u00fcn.<\/li>\n<\/ul>\n<\/li>\n<li><strong>Toplam Uzunluk<\/strong>:\n<ul>\n<li>Hidrolik silindirin toplam uzunlu\u011funu \u00f6l\u00e7\u00fcn. Bu uzunluk, silindir g\u00f6vdesinin uzunlu\u011funu, piston \u00e7ubu\u011funu ve di\u011fer \u00e7\u0131k\u0131nt\u0131l\u0131 bile\u015fenleri i\u00e7erir.<\/li>\n<li>Silindirin \u00f6n y\u00fcz\u00fcne bir cetvel yerle\u015ftirin ve \u00f6n y\u00fczeyden kar\u015f\u0131 u\u00e7taki en uzak noktaya kadar olan mesafeyi \u00f6l\u00e7\u00fcn.<\/li>\n<\/ul>\n<\/li>\n<li><strong>Ek \u00d6l\u00e7\u00fcmler<\/strong>:\n<ul>\n<li>Uygulaman\u0131z\u0131n \u00f6zel gereksinimlerine ba\u011fl\u0131 olarak, pistonun uzunlu\u011fu, u\u00e7 kapaklar\u0131n\u0131n kal\u0131nl\u0131\u011f\u0131 veya herhangi bir portun veya ba\u011flant\u0131 par\u00e7as\u0131n\u0131n boyutlar\u0131 gibi ek ayr\u0131nt\u0131lar\u0131 \u00f6l\u00e7meniz gerekebilir.<\/li>\n<\/ul>\n<\/li>\n<\/ol>\n<h2><strong>Fabrikan\u0131n Kapasitesi ve Kapasitesi:<\/strong><\/h2>\n<h3>(1) Meclis<\/h3>\n<p>Birinci s\u0131n\u0131f ba\u011f\u0131ms\u0131z bir ara\u015ft\u0131rma ve geli\u015ftirme montaj platformumuz bulunmaktad\u0131r. Forklift silindir \u00fcretim at\u00f6lyemizde, y\u0131ll\u0131k 1 milyon adet \u00fcretim kapasitesine sahip d\u00f6rt adet yar\u0131 otomatik kald\u0131rma silindiri montaj hatt\u0131 ve bir adet otomatik devirme silindiri montaj hatt\u0131 bulunmaktad\u0131r. \u00d6zel silindir at\u00f6lyemiz, y\u0131ll\u0131k 200.000 adet \u00fcretim kapasitesine sahip \u00e7e\u015fitli \u00f6zelliklere sahip yar\u0131 otomatik temizleme montaj sistemleriyle donat\u0131lm\u0131\u015ft\u0131r. \u00dcnl\u00fc CNC i\u015fleme ekipmanlar\u0131, i\u015fleme merkezi, y\u00fcksek hassasiyetli silindir i\u015fleme \u00f6zel ekipmanlar\u0131, robot kaynak makinesi, otomatik temizleme makinesi, otomatik silindir montaj makinesi ve otomatik boyama \u00fcretim hatt\u0131 ile donat\u0131lm\u0131\u015ft\u0131r. 300'den fazla setten olu\u015fan mevcut ana ekipman mevcuttur. Ekipman kaynaklar\u0131n\u0131n optimum da\u011f\u0131l\u0131m\u0131 ve verimli kullan\u0131m\u0131, \u00fcr\u00fcnlerin hassasiyet gereksinimlerini ve y\u00fcksek kalite gereksinimlerini kar\u015f\u0131lar.<\/p>\n<p><img loading=\"lazy\" decoding=\"async\" class=\"alignnone wp-image-626\" src=\"https:\/\/hydraulic-cylinders.net\/wp-content\/uploads\/2023\/08\/hydraulic-cylinder-product-1-300x158.webp\" alt=\"\" width=\"495\" height=\"260\" srcset=\"https:\/\/hydraulic-cylinders.net\/wp-content\/uploads\/2023\/08\/hydraulic-cylinder-product-1-300x158.webp 495w, https:\/\/hydraulic-cylinders.net\/wp-content\/uploads\/2023\/08\/hydraulic-cylinder-product-1-480x252.webp 480w\" sizes=\"(min-width: 0px) and (max-width: 480px) 480px, (min-width: 481px) 495px, 100vw\" \/> <img loading=\"lazy\" decoding=\"async\" class=\"alignnone wp-image-627\" src=\"https:\/\/hydraulic-cylinders.net\/wp-content\/uploads\/2023\/08\/hydraulic-cylinder-product-2-300x189.webp\" alt=\"\" width=\"413\" height=\"260\" \/><\/p>\n<h3>(2)\u0130\u015fleme<\/h3>\n<p>\u0130\u015fleme at\u00f6lyesi, maksimum 400 mm i\u00e7 \u00e7apa ve maksimum 6 metre uzunlu\u011fa sahip silindir borular\u0131n\u0131n i\u015flenmesini ger\u00e7ekle\u015ftirebilen \u00f6zelle\u015ftirilmi\u015f e\u011fimli ray torna merkezi, i\u015fleme merkezi, y\u00fcksek h\u0131zl\u0131 honlama makinesi, kaynak robotu ve di\u011fer ilgili ekipmanlarla donat\u0131lm\u0131\u015ft\u0131r.<\/p>\n<p><img loading=\"lazy\" decoding=\"async\" class=\"alignnone wp-image-628 size-large\" src=\"https:\/\/hydraulic-cylinders.net\/wp-content\/uploads\/2023\/08\/hydraulic-cylinder-product-3-1024x391.webp\" alt=\"\" width=\"1024\" height=\"391\" srcset=\"https:\/\/hydraulic-cylinders.net\/wp-content\/uploads\/2023\/08\/hydraulic-cylinder-product-3-980x374.webp 980w, https:\/\/hydraulic-cylinders.net\/wp-content\/uploads\/2023\/08\/hydraulic-cylinder-product-3-480x183.webp 480w\" sizes=\"(min-width: 0px) and (max-width: 480px) 480px, (min-width: 481px) and (max-width: 980px) 980px, (min-width: 981px) 1024px, 100vw\" \/><\/p>\n<h3>(3) Kaynak<\/h3>\n<p><img loading=\"lazy\" decoding=\"async\" class=\"alignnone wp-image-629 size-large\" src=\"https:\/\/hydraulic-cylinders.net\/wp-content\/uploads\/2023\/08\/hydraulic-cylinder-product-4-1024x510.webp\" alt=\"\" width=\"1024\" height=\"510\" srcset=\"https:\/\/hydraulic-cylinders.net\/wp-content\/uploads\/2023\/08\/hydraulic-cylinder-product-4-980x488.webp 980w, https:\/\/hydraulic-cylinders.net\/wp-content\/uploads\/2023\/08\/hydraulic-cylinder-product-4-480x239.webp 480w\" sizes=\"(min-width: 0px) and (max-width: 480px) 480px, (min-width: 481px) and (max-width: 980px) 980px, (min-width: 981px) 1024px, 100vw\" \/><\/p>\n<h3>(4) Boyama ve kaplama<\/h3>\n<p>K\u00fc\u00e7\u00fck ve orta \u00f6l\u00e7ekli silindirli otomatik su bazl\u0131 boya kaplama hatt\u0131 ile otomatik robot y\u00fckleme-bo\u015faltma ve otomatik p\u00fcsk\u00fcrtmeyi ba\u015farmak i\u00e7in, vardiya ba\u015f\u0131na 4000 adet tasar\u0131m kapasitesi;<br \/>\nAyr\u0131ca, vardiya ba\u015f\u0131na 60 kasa tasar\u0131m kapasitesine sahip, g\u00fc\u00e7 zinciriyle \u00e7al\u0131\u015fan b\u00fcy\u00fck silindirler i\u00e7in yar\u0131 otomatik boya \u00fcretim hatt\u0131m\u0131z da bulunmaktad\u0131r.<\/p>\n<p><img loading=\"lazy\" decoding=\"async\" class=\"alignnone wp-image-630\" src=\"https:\/\/hydraulic-cylinders.net\/wp-content\/uploads\/2023\/08\/hydraulic-cylinder-product-5-300x213.webp\" alt=\"\" width=\"366\" height=\"260\" \/> <img loading=\"lazy\" decoding=\"async\" class=\"alignnone wp-image-631\" src=\"https:\/\/hydraulic-cylinders.net\/wp-content\/uploads\/2023\/08\/hydraulic-cylinder-product-6-300x225.webp\" alt=\"\" width=\"347\" height=\"260\" \/><\/p>\n<h3>(5) Test etme<\/h3>\n<p>Silindirin performans\u0131n\u0131n gereklilikleri kar\u015f\u0131lad\u0131\u011f\u0131ndan emin olmak i\u00e7in birinci s\u0131n\u0131f muayene tesislerimiz ve test yataklar\u0131m\u0131z bulunmaktad\u0131r.<\/p>\n<p><img loading=\"lazy\" decoding=\"async\" class=\"alignnone wp-image-632\" src=\"https:\/\/hydraulic-cylinders.net\/wp-content\/uploads\/2023\/08\/hydraulic-cylinder-product-8-300x200.webp\" alt=\"\" width=\"389\" height=\"260\" \/><\/p>\n<p>&nbsp;<\/p>\n<p>&nbsp;<\/p>\n<p>En iyi d\u00fc\u015f\u00fck bas\u0131n\u00e7l\u0131 hidrolik silindir \u00fcreticilerinden biriyiz. Geni\u015f bir d\u00fc\u015f\u00fck bas\u0131n\u00e7l\u0131 hidrolik silindir sto\u011fu sunabiliyoruz. Ayr\u0131ca, ilgili \u00fcr\u00fcnleri de sa\u011fl\u0131yoruz. <a href=\"https:\/\/hzpt.com\/agricultural-pto-gearbox\/\" target=\"_blank\" rel=\"noopener\">tar\u0131msal di\u015fli kutular\u0131<\/a>\u00dcr\u00fcnlerimizi d\u00fcnyan\u0131n d\u00f6rt bir yan\u0131ndaki m\u00fc\u015fterilerimize ihra\u00e7 ettik ve \u00fcst\u00fcn \u00fcr\u00fcn kalitemiz ve sat\u0131\u015f sonras\u0131 hizmetlerimiz sayesinde iyi bir itibar kazand\u0131k. Yurt i\u00e7i ve yurt d\u0131\u015f\u0131ndaki m\u00fc\u015fterilerimizi i\u015f g\u00f6r\u00fc\u015fmeleri yapmak, bilgi al\u0131\u015fveri\u015finde bulunmak ve daha fazlas\u0131 i\u00e7in bizimle ileti\u015fime ge\u00e7meye davet ediyoruz.\u00a0<a href=\"https:\/\/www.hydraulic-cylinders.net\/tr\/contact-us\/\">bizimle i\u015fbirli\u011fi yap\u0131n<\/a>!<\/p>\n<p>&nbsp;<\/p>","protected":false},"excerpt":{"rendered":"<p>Low-Pressure Hydraulic Cylinder Intermediate Pin In a low-pressure hydraulic cylinder, the intermediate pin refers to the nail or shaft between the piston and the piston rod. A connecting element transfers force from the piston to the rod, allowing for linear motion. Design and construction of the low-pressure hydraulic cylinder Intermediate pins are usually solid metal [&hellip;]<\/p>","protected":false},"featured_media":776,"comment_status":"open","ping_status":"closed","template":"","meta":{"_et_pb_use_builder":"","_et_pb_old_content":"","_et_gb_content_width":""},"product_brand":[],"product_cat":[1376,1388],"product_tag":[1380],"class_list":{"0":"post-773","1":"product","2":"type-product","3":"status-publish","4":"has-post-thumbnail","6":"product_cat-hydraulic-cylinder","7":"product_cat-low-pressure-hydraulic-cylinder","8":"product_tag-hydraulic-cylinder","10":"first","11":"instock","12":"shipping-taxable","13":"product-type-simple"},"amp_enabled":true,"_links":{"self":[{"href":"https:\/\/www.hydraulic-cylinders.net\/tr\/wp-json\/wp\/v2\/product\/773","targetHints":{"allow":["GET"]}}],"collection":[{"href":"https:\/\/www.hydraulic-cylinders.net\/tr\/wp-json\/wp\/v2\/product"}],"about":[{"href":"https:\/\/www.hydraulic-cylinders.net\/tr\/wp-json\/wp\/v2\/types\/product"}],"replies":[{"embeddable":true,"href":"https:\/\/www.hydraulic-cylinders.net\/tr\/wp-json\/wp\/v2\/comments?post=773"}],"wp:featuredmedia":[{"embeddable":true,"href":"https:\/\/www.hydraulic-cylinders.net\/tr\/wp-json\/wp\/v2\/media\/776"}],"wp:attachment":[{"href":"https:\/\/www.hydraulic-cylinders.net\/tr\/wp-json\/wp\/v2\/media?parent=773"}],"wp:term":[{"taxonomy":"product_brand","embeddable":true,"href":"https:\/\/www.hydraulic-cylinders.net\/tr\/wp-json\/wp\/v2\/product_brand?post=773"},{"taxonomy":"product_cat","embeddable":true,"href":"https:\/\/www.hydraulic-cylinders.net\/tr\/wp-json\/wp\/v2\/product_cat?post=773"},{"taxonomy":"product_tag","embeddable":true,"href":"https:\/\/www.hydraulic-cylinders.net\/tr\/wp-json\/wp\/v2\/product_tag?post=773"}],"curies":[{"name":"wp","href":"https:\/\/api.w.org\/{rel}","templated":true}]}}