{"id":778,"date":"2023-08-23T02:56:01","date_gmt":"2023-08-23T02:56:01","guid":{"rendered":"https:\/\/hydraulic-cylinders.net\/?post_type=product&#038;p=778"},"modified":"2025-03-27T01:12:56","modified_gmt":"2025-03-27T01:12:56","slug":"low-pressure-hydraulic-cylinder-footstand","status":"publish","type":"product","link":"https:\/\/www.hydraulic-cylinders.net\/tr\/urun\/low-pressure-hydraulic-cylinder-footstand\/","title":{"rendered":"D\u00fc\u015f\u00fck Bas\u0131n\u00e7l\u0131 Hidrolik Silindir Ayakl\u0131\u011f\u0131"},"content":{"rendered":"<h1 style=\"text-align: center;\"><strong>D\u00fc\u015f\u00fck Bas\u0131n\u00e7l\u0131 Hidrolik Silindir Ayakl\u0131\u011f\u0131<\/strong><\/h1>\n<p><img loading=\"lazy\" decoding=\"async\" class=\"aligncenter wp-image-779 size-full\" src=\"https:\/\/hydraulic-cylinders.net\/wp-content\/uploads\/2023\/08\/low-pressure-pull-rod-hydraulic-cylinder-footstand-1.webp\" alt=\"\" width=\"394\" height=\"164\" srcset=\"https:\/\/www.hydraulic-cylinders.net\/wp-content\/uploads\/2023\/08\/low-pressure-pull-rod-hydraulic-cylinder-footstand-1.webp 394w, https:\/\/www.hydraulic-cylinders.net\/wp-content\/uploads\/2023\/08\/low-pressure-pull-rod-hydraulic-cylinder-footstand-1-300x125.webp 300w\" sizes=\"(max-width: 394px) 100vw, 394px\" \/><\/p>\n<p>D\u00fc\u015f\u00fck bas\u0131n\u00e7l\u0131 bir hidrolik silindirde, tripod, silindire denge ve destek sa\u011flayan bile\u015fendir. Genellikle silindirin taban\u0131na veya taban\u0131na tutturulmu\u015f metal bir plaka veya brakettir. Tripodlar\u0131n \u00e7e\u015fitli kullan\u0131m alanlar\u0131 vard\u0131r, bunlar aras\u0131nda \u015funlar yer al\u0131r:<\/p>\n<p>Stabilite: Ayak taban\u0131 hidrolik silindirin dengelenmesine yard\u0131mc\u0131 olur ve \u00e7al\u0131\u015fma s\u0131ras\u0131nda veya d\u0131\u015f kuvvetlere maruz kald\u0131\u011f\u0131nda devrilmesini veya devrilmesini \u00f6nler.<\/p>\n<p>Destek: Tripod, silindir i\u00e7in g\u00fcvenli bir taban sa\u011flayarak silindirin a\u011f\u0131rl\u0131\u011f\u0131n\u0131n do\u011fru \u015fekilde hizalanmas\u0131n\u0131 ve da\u011f\u0131t\u0131lmas\u0131n\u0131 sa\u011flar. Silindir yap\u0131s\u0131n\u0131n b\u00fct\u00fcnl\u00fc\u011f\u00fcn\u00fcn korunmas\u0131na yard\u0131mc\u0131 olur ve montaj noktas\u0131nda a\u015f\u0131r\u0131 stres olu\u015fmas\u0131n\u0131 \u00f6nler.<\/p>\n<p>Montaj: Tripod genellikle silindiri ekipmana, makineye veya yap\u0131ya monte etmek veya takmak i\u00e7in delikler veya yuvalar i\u00e7erir. Bu montaj noktalar\u0131, silindirin g\u00fcvenli ve g\u00fcvenilir bir \u015fekilde monte edilmesini sa\u011flar.<\/p>\n<p>Dengeleme: Baz\u0131 durumlarda, tripodlar di\u015fli ayaklar veya dengeleme vidalar\u0131 gibi ayarlanabilir \u00f6zelliklere sahip olabilir. Bu \u00f6zellikler, silindirin hassas bir \u015fekilde ayarlanmas\u0131n\u0131 ve dengelenmesini sa\u011flayarak di\u011fer bile\u015fenlerle d\u00fczg\u00fcn \u00e7al\u0131\u015fmas\u0131n\u0131 ve hizalanmas\u0131n\u0131 sa\u011flar.<\/p>\n<h2><strong>D\u00fc\u015f\u00fck Bas\u0131n\u00e7l\u0131 Hidrolik Silindir Ayak Deste\u011fi Parametresi:<\/strong><\/h2>\n<p><img loading=\"lazy\" decoding=\"async\" class=\"alignnone wp-image-780 size-full\" src=\"https:\/\/hydraulic-cylinders.net\/wp-content\/uploads\/2023\/08\/low-pressure-pull-rod-hydraulic-cylinder-footstand-2.webp\" alt=\"\" width=\"703\" height=\"314\" srcset=\"https:\/\/hydraulic-cylinders.net\/wp-content\/uploads\/2023\/08\/low-pressure-pull-rod-hydraulic-cylinder-footstand-2.webp 703w, https:\/\/hydraulic-cylinders.net\/wp-content\/uploads\/2023\/08\/low-pressure-pull-rod-hydraulic-cylinder-footstand-2-480x214.webp 480w\" sizes=\"(min-width: 0px) and (max-width: 480px) 480px, (min-width: 481px) 703px, 100vw\" \/><\/p>\n<h2><strong>\u0130n\u015faat\u0131 <\/strong><strong>D\u00fc\u015f\u00fck Bas\u0131n\u00e7l\u0131 Hidrolik Silindir Ayakl\u0131\u011f\u0131<\/strong><strong>:<\/strong><\/h2>\n<p>Tripodun tasar\u0131m\u0131n\u0131n ve yap\u0131s\u0131n\u0131n, silindir modeline ve uygulamaya ba\u011fl\u0131 olarak de\u011fi\u015febilece\u011fini unutmamak \u00f6nemlidir. Baz\u0131 hidrolik silindirlerin tasar\u0131m\u0131nda entegre tripodlar bulunurken, di\u011ferleri denge ve destek i\u00e7in ayr\u0131 tripod ba\u011flant\u0131lar\u0131 gerektirebilir.<\/p>\n<p>D\u00fc\u015f\u00fck bas\u0131n\u00e7l\u0131 bir hidrolik silindir i\u00e7in braket se\u00e7erken veya takarken, uyumlulu\u011fu ve do\u011fru montaj prosed\u00fcrlerini sa\u011flamak i\u00e7in \u00fcreticinin belgelerine veya y\u00f6nergelerine ba\u015fvurman\u0131z \u00f6nerilir. Ayr\u0131ca, uygulaman\u0131n \u00f6zel \u00e7al\u0131\u015fma ko\u015fullar\u0131 ve gereksinimlerinin g\u00f6z \u00f6n\u00fcnde bulundurulmas\u0131, optimum performans ve g\u00fcvenlik i\u00e7in gereken uygun braket tasar\u0131m\u0131n\u0131n ve i\u015flevselli\u011finin belirlenmesine yard\u0131mc\u0131 olacakt\u0131r.<\/p>\n<h2><strong>Hidrolik Silindir \u0130\u00e7in Conta Tak\u0131m\u0131 Nas\u0131l Bulunur?<\/strong><\/h2>\n<p>Hidrolik silindir i\u00e7in conta tak\u0131m\u0131 bulmak i\u00e7in \u015fu ad\u0131mlar\u0131 izleyebilirsiniz:<\/p>\n<ol>\n<li><strong>Bilgi Topla<\/strong>Conta kitine ihtiya\u00e7 duydu\u011funuz hidrolik silindir hakk\u0131nda m\u00fcmk\u00fcn oldu\u011funca fazla bilgi toplay\u0131n. Bu, silindirin marka ve modeli, silindirin boyutlar\u0131 (delik \u00e7ap\u0131, rot \u00e7ap\u0131, strok uzunlu\u011fu) ve di\u011fer ilgili \u00f6zellikleri i\u00e7erir.<\/li>\n<li><strong>\u00dcreticiyi Tan\u0131mlay\u0131n<\/strong>: Hidrolik silindirin \u00fcreticisini belirleyin. Bu bilgi genellikle silindirin \u00fczerinde veya ekipman belgelerinde bulunabilir. \u00dcreticiyi bilmek, uygun conta kitini bulman\u0131za yard\u0131mc\u0131 olacakt\u0131r.<\/li>\n<li><strong>\u00dcreticinin Kaynaklar\u0131<\/strong>Hidrolik silindirleri i\u00e7in conta kitleri hakk\u0131nda bilgi almak i\u00e7in \u00fcreticinin web sitesini ziyaret edin veya m\u00fc\u015fteri hizmetleriyle ileti\u015fime ge\u00e7in. Bir\u00e7ok \u00fcretici, silindirleri i\u00e7in \u00f6zel olarak tasarlanm\u0131\u015f conta kitleri sunar ve do\u011fru kiti se\u00e7me konusunda rehberlik sa\u011flayabilir.<\/li>\n<li><strong>Distrib\u00fct\u00f6rler ve Bayiler<\/strong>: Hidrolik silindir \u00fcreticisinin yetkili distrib\u00fct\u00f6rlerine veya bayilerine dan\u0131\u015f\u0131n. Bu tedarik\u00e7iler genellikle satt\u0131klar\u0131 silindirler i\u00e7in conta kitleri bulundurur. Silindirin marka ve modeline g\u00f6re size do\u011fru kiti sa\u011flayabilirler.<\/li>\n<li><strong>\u00c7evrimi\u00e7i Tedarik\u00e7iler<\/strong>: Hidrolik conta tak\u0131m\u0131 tedarik\u00e7ilerini veya hidrolik bile\u015fen tedarik\u00e7ilerini \u00e7evrimi\u00e7i aray\u0131n. Hidrolik contalar ve kitler konusunda uzmanla\u015fm\u0131\u015f \u00e7ok say\u0131da web sitesi ve \u00e7evrimi\u00e7i pazar yeri bulunmaktad\u0131r. Uyumlu conta tak\u0131mlar\u0131n\u0131 bulmak i\u00e7in hidrolik silindirinizle ilgili bilgileri girin.<\/li>\n<li><strong>Boyutlar ve \u00d6zellikler<\/strong>: Mevcut conta kitlerinin boyutlar\u0131n\u0131 ve \u00f6zelliklerini hidrolik silindirinizin gereksinimleriyle kar\u015f\u0131la\u015ft\u0131r\u0131n. Kitin silindirin delik boyutuna, rot \u00e7ap\u0131na ve di\u011fer kritik parametrelere uygun oldu\u011fundan emin olun.<\/li>\n<li><strong>Kalite ve Uyumluluk<\/strong>: Conta kitinin kalitesini ve uyumlulu\u011funu g\u00f6z \u00f6n\u00fcnde bulundurun. Hidrolik silindirin d\u00fczg\u00fcn \u00e7al\u0131\u015fmas\u0131n\u0131 ve uzun \u00f6m\u00fcrl\u00fc olmas\u0131n\u0131 sa\u011flamak i\u00e7in y\u00fcksek kaliteli contalar sa\u011flayan sayg\u0131n bir tedarik\u00e7i se\u00e7mek \u00f6nemlidir.<\/li>\n<li><strong>Sat\u0131n Alma ve Kurulum<\/strong>Uygun conta kitini belirledikten sonra, se\u00e7ti\u011finiz tedarik\u00e7iden sat\u0131n alma i\u015flemine devam edin. Kurulum i\u00e7in \u00fcreticinin talimatlar\u0131n\u0131 izleyin veya de\u011fi\u015ftirme i\u015flemi konusunda emin de\u011filseniz bir hidrolik sistem uzman\u0131na dan\u0131\u015f\u0131n.<\/li>\n<\/ol>\n<h2><strong>Fabrikan\u0131n Kapasitesi ve Kapasitesi:<\/strong><\/h2>\n<h3>(1) Meclis<\/h3>\n<p>Birinci s\u0131n\u0131f ba\u011f\u0131ms\u0131z bir ara\u015ft\u0131rma ve geli\u015ftirme montaj platformumuz bulunmaktad\u0131r. Forklift silindir \u00fcretim at\u00f6lyemizde, y\u0131ll\u0131k 1 milyon adet \u00fcretim kapasitesine sahip d\u00f6rt adet yar\u0131 otomatik kald\u0131rma silindiri montaj hatt\u0131 ve bir adet otomatik devirme silindiri montaj hatt\u0131 bulunmaktad\u0131r. \u00d6zel silindir at\u00f6lyemiz, y\u0131ll\u0131k 200.000 adet \u00fcretim kapasitesine sahip \u00e7e\u015fitli \u00f6zelliklere sahip yar\u0131 otomatik temizleme montaj sistemleriyle donat\u0131lm\u0131\u015ft\u0131r. \u00dcnl\u00fc CNC i\u015fleme ekipmanlar\u0131, i\u015fleme merkezi, y\u00fcksek hassasiyetli silindir i\u015fleme \u00f6zel ekipmanlar\u0131, robot kaynak makinesi, otomatik temizleme makinesi, otomatik silindir montaj makinesi ve otomatik boyama \u00fcretim hatt\u0131 ile donat\u0131lm\u0131\u015ft\u0131r. 300'den fazla setten olu\u015fan mevcut ana ekipman mevcuttur. Ekipman kaynaklar\u0131n\u0131n optimum da\u011f\u0131l\u0131m\u0131 ve verimli kullan\u0131m\u0131, \u00fcr\u00fcnlerin hassasiyet gereksinimlerini ve y\u00fcksek kalite gereksinimlerini kar\u015f\u0131lar.<\/p>\n<p><img loading=\"lazy\" decoding=\"async\" class=\"alignnone wp-image-626\" src=\"https:\/\/hydraulic-cylinders.net\/wp-content\/uploads\/2023\/08\/hydraulic-cylinder-product-1-300x158.webp\" alt=\"\" width=\"495\" height=\"260\" srcset=\"https:\/\/hydraulic-cylinders.net\/wp-content\/uploads\/2023\/08\/hydraulic-cylinder-product-1-300x158.webp 495w, https:\/\/hydraulic-cylinders.net\/wp-content\/uploads\/2023\/08\/hydraulic-cylinder-product-1-480x252.webp 480w\" sizes=\"(min-width: 0px) and (max-width: 480px) 480px, (min-width: 481px) 495px, 100vw\" \/> <img loading=\"lazy\" decoding=\"async\" class=\"alignnone wp-image-627\" src=\"https:\/\/hydraulic-cylinders.net\/wp-content\/uploads\/2023\/08\/hydraulic-cylinder-product-2-300x189.webp\" alt=\"\" width=\"413\" height=\"260\" \/><\/p>\n<h3>(2)\u0130\u015fleme<\/h3>\n<p>\u0130\u015fleme at\u00f6lyesi, maksimum 400 mm i\u00e7 \u00e7apa ve maksimum 6 metre uzunlu\u011fa sahip silindir borular\u0131n\u0131n i\u015flenmesini ger\u00e7ekle\u015ftirebilen \u00f6zelle\u015ftirilmi\u015f e\u011fimli ray torna merkezi, i\u015fleme merkezi, y\u00fcksek h\u0131zl\u0131 honlama makinesi, kaynak robotu ve di\u011fer ilgili ekipmanlarla donat\u0131lm\u0131\u015ft\u0131r.<\/p>\n<p><img loading=\"lazy\" decoding=\"async\" class=\"alignnone wp-image-628 size-large\" src=\"https:\/\/hydraulic-cylinders.net\/wp-content\/uploads\/2023\/08\/hydraulic-cylinder-product-3-1024x391.webp\" alt=\"\" width=\"1024\" height=\"391\" srcset=\"https:\/\/hydraulic-cylinders.net\/wp-content\/uploads\/2023\/08\/hydraulic-cylinder-product-3-980x374.webp 980w, https:\/\/hydraulic-cylinders.net\/wp-content\/uploads\/2023\/08\/hydraulic-cylinder-product-3-480x183.webp 480w\" sizes=\"(min-width: 0px) and (max-width: 480px) 480px, (min-width: 481px) and (max-width: 980px) 980px, (min-width: 981px) 1024px, 100vw\" \/><\/p>\n<h3>(3) Kaynak<\/h3>\n<p><img loading=\"lazy\" decoding=\"async\" class=\"alignnone wp-image-629 size-large\" src=\"https:\/\/hydraulic-cylinders.net\/wp-content\/uploads\/2023\/08\/hydraulic-cylinder-product-4-1024x510.webp\" alt=\"\" width=\"1024\" height=\"510\" srcset=\"https:\/\/hydraulic-cylinders.net\/wp-content\/uploads\/2023\/08\/hydraulic-cylinder-product-4-980x488.webp 980w, https:\/\/hydraulic-cylinders.net\/wp-content\/uploads\/2023\/08\/hydraulic-cylinder-product-4-480x239.webp 480w\" sizes=\"(min-width: 0px) and (max-width: 480px) 480px, (min-width: 481px) and (max-width: 980px) 980px, (min-width: 981px) 1024px, 100vw\" \/><\/p>\n<h3>(4) Boyama ve kaplama<\/h3>\n<p>K\u00fc\u00e7\u00fck ve orta \u00f6l\u00e7ekli silindirli otomatik su bazl\u0131 boya kaplama hatt\u0131 ile otomatik robot y\u00fckleme-bo\u015faltma ve otomatik p\u00fcsk\u00fcrtmeyi ba\u015farmak i\u00e7in, vardiya ba\u015f\u0131na 4000 adet tasar\u0131m kapasitesi;<br \/>\nAyr\u0131ca, vardiya ba\u015f\u0131na 60 kasa tasar\u0131m kapasitesine sahip, g\u00fc\u00e7 zinciriyle \u00e7al\u0131\u015fan b\u00fcy\u00fck silindirler i\u00e7in yar\u0131 otomatik boya \u00fcretim hatt\u0131m\u0131z da bulunmaktad\u0131r.<\/p>\n<p><img loading=\"lazy\" decoding=\"async\" class=\"alignnone wp-image-630\" src=\"https:\/\/hydraulic-cylinders.net\/wp-content\/uploads\/2023\/08\/hydraulic-cylinder-product-5-300x213.webp\" alt=\"\" width=\"366\" height=\"260\" \/> <img loading=\"lazy\" decoding=\"async\" class=\"alignnone wp-image-631\" src=\"https:\/\/hydraulic-cylinders.net\/wp-content\/uploads\/2023\/08\/hydraulic-cylinder-product-6-300x225.webp\" alt=\"\" width=\"347\" height=\"260\" \/><\/p>\n<h3>(5) Test etme<\/h3>\n<p>Silindirin performans\u0131n\u0131n gereklilikleri kar\u015f\u0131lad\u0131\u011f\u0131ndan emin olmak i\u00e7in birinci s\u0131n\u0131f muayene tesislerimiz ve test yataklar\u0131m\u0131z bulunmaktad\u0131r.<\/p>\n<p><img loading=\"lazy\" decoding=\"async\" class=\"alignnone wp-image-632\" src=\"https:\/\/hydraulic-cylinders.net\/wp-content\/uploads\/2023\/08\/hydraulic-cylinder-product-8-300x200.webp\" alt=\"\" width=\"389\" height=\"260\" \/><\/p>\n<p>&nbsp;<\/p>\n<p>&nbsp;<\/p>\n<p>En iyi d\u00fc\u015f\u00fck bas\u0131n\u00e7l\u0131 hidrolik silindir \u00fcreticilerinden biriyiz. Geni\u015f bir d\u00fc\u015f\u00fck bas\u0131n\u00e7l\u0131 hidrolik silindir sto\u011fu sunabiliyoruz. Ayr\u0131ca, ilgili \u00fcr\u00fcnleri de sa\u011fl\u0131yoruz. <a href=\"https:\/\/hzpt.com\/agricultural-pto-gearbox\/\" target=\"_blank\" rel=\"noopener\">tar\u0131msal di\u015fli kutular\u0131<\/a>\u00dcr\u00fcnlerimizi d\u00fcnyan\u0131n d\u00f6rt bir yan\u0131ndaki m\u00fc\u015fterilerimize ihra\u00e7 ettik ve \u00fcst\u00fcn \u00fcr\u00fcn kalitemiz ve sat\u0131\u015f sonras\u0131 hizmetlerimiz sayesinde iyi bir itibar kazand\u0131k. Yurt i\u00e7i ve yurt d\u0131\u015f\u0131ndaki m\u00fc\u015fterilerimizi i\u015f g\u00f6r\u00fc\u015fmeleri yapmak, bilgi al\u0131\u015fveri\u015finde bulunmak ve daha fazlas\u0131 i\u00e7in bizimle ileti\u015fime ge\u00e7meye davet ediyoruz.\u00a0<a href=\"https:\/\/www.hydraulic-cylinders.net\/tr\/contact-us\/\">bizimle i\u015fbirli\u011fi yap\u0131n<\/a>!<\/p>\n<p>&nbsp;<\/p>","protected":false},"excerpt":{"rendered":"<p>Low-Pressure Hydraulic Cylinder Footstand In a low-pressure hydraulic cylinder, the tripod is the component that provides stability and support for the cylinder. It is usually a metal plate or bracket attached to the cylinder&#8217;s bottom or base. Tripods have several uses, including: Stability: The foot base helps to stabilize the hydraulic cylinder and prevent it [&hellip;]<\/p>","protected":false},"featured_media":891,"comment_status":"open","ping_status":"closed","template":"","meta":{"_et_pb_use_builder":"","_et_pb_old_content":"","_et_gb_content_width":""},"product_brand":[],"product_cat":[1376,1388],"product_tag":[1380],"class_list":{"0":"post-778","1":"product","2":"type-product","3":"status-publish","4":"has-post-thumbnail","6":"product_cat-hydraulic-cylinder","7":"product_cat-low-pressure-hydraulic-cylinder","8":"product_tag-hydraulic-cylinder","10":"first","11":"instock","12":"shipping-taxable","13":"product-type-simple"},"amp_enabled":true,"_links":{"self":[{"href":"https:\/\/www.hydraulic-cylinders.net\/tr\/wp-json\/wp\/v2\/product\/778","targetHints":{"allow":["GET"]}}],"collection":[{"href":"https:\/\/www.hydraulic-cylinders.net\/tr\/wp-json\/wp\/v2\/product"}],"about":[{"href":"https:\/\/www.hydraulic-cylinders.net\/tr\/wp-json\/wp\/v2\/types\/product"}],"replies":[{"embeddable":true,"href":"https:\/\/www.hydraulic-cylinders.net\/tr\/wp-json\/wp\/v2\/comments?post=778"}],"wp:featuredmedia":[{"embeddable":true,"href":"https:\/\/www.hydraulic-cylinders.net\/tr\/wp-json\/wp\/v2\/media\/891"}],"wp:attachment":[{"href":"https:\/\/www.hydraulic-cylinders.net\/tr\/wp-json\/wp\/v2\/media?parent=778"}],"wp:term":[{"taxonomy":"product_brand","embeddable":true,"href":"https:\/\/www.hydraulic-cylinders.net\/tr\/wp-json\/wp\/v2\/product_brand?post=778"},{"taxonomy":"product_cat","embeddable":true,"href":"https:\/\/www.hydraulic-cylinders.net\/tr\/wp-json\/wp\/v2\/product_cat?post=778"},{"taxonomy":"product_tag","embeddable":true,"href":"https:\/\/www.hydraulic-cylinders.net\/tr\/wp-json\/wp\/v2\/product_tag?post=778"}],"curies":[{"name":"wp","href":"https:\/\/api.w.org\/{rel}","templated":true}]}}