{"id":782,"date":"2023-08-23T03:36:50","date_gmt":"2023-08-23T03:36:50","guid":{"rendered":"https:\/\/hydraulic-cylinders.net\/?post_type=product&#038;p=782"},"modified":"2025-04-16T02:23:02","modified_gmt":"2025-04-16T02:23:02","slug":"machine-tool-low-pressure-hydraulic-cylinder","status":"publish","type":"product","link":"https:\/\/www.hydraulic-cylinders.net\/tr\/urun\/machine-tool-low-pressure-hydraulic-cylinder\/","title":{"rendered":"Tak\u0131m Tezgah\u0131 D\u00fc\u015f\u00fck Bas\u0131n\u00e7l\u0131 Hidrolik Silindir"},"content":{"rendered":"<h1 style=\"text-align: center;\"><strong>Tak\u0131m Tezgah\u0131 D\u00fc\u015f\u00fck Bas\u0131n\u00e7l\u0131 Hidrolik Silindir<\/strong><\/h1>\n<p><img loading=\"lazy\" decoding=\"async\" class=\"aligncenter wp-image-785 size-full\" src=\"https:\/\/hydraulic-cylinders.net\/wp-content\/uploads\/2023\/08\/low-pressure-hydraulic-cylinder-2.webp\" alt=\"\" width=\"300\" height=\"300\" srcset=\"https:\/\/www.hydraulic-cylinders.net\/wp-content\/uploads\/2023\/08\/low-pressure-hydraulic-cylinder-2.webp 300w, https:\/\/www.hydraulic-cylinders.net\/wp-content\/uploads\/2023\/08\/low-pressure-hydraulic-cylinder-2-100x100.webp 100w, https:\/\/www.hydraulic-cylinders.net\/wp-content\/uploads\/2023\/08\/low-pressure-hydraulic-cylinder-2-150x150.webp 150w\" sizes=\"(max-width: 300px) 100vw, 300px\" \/><\/p>\n<p>D\u00fc\u015f\u00fck bas\u0131n\u00e7l\u0131 hidrolik silindir, \u015firketin \u00fcr\u00fcnlerdeki avantaj\u0131, \u00fcretim deneyimi, olgun teknolojisi, maliyet etkinli\u011fi ve hidrolik silindirin yerini alabilmesidir.<\/p>\n<p>Pazar talebiyle birle\u015fince, makine tak\u0131m\u0131 end\u00fcstrisinin d\u00fc\u015f\u00fck bas\u0131n\u00e7l\u0131 hidrolik silindir parametreleri, \u00f6rne\u011fin \u015ferit testere makinesi hidrolik silindiri gibi s\u0131ralanabilir.<\/p>\n<p>M\u00fc\u015fteriler a\u015fa\u011f\u0131daki parametrelere g\u00f6re sipari\u015f verebilirler, kolayl\u0131k ve h\u0131zl\u0131 teslimat s\u00fcresi.<\/p>\n<p>D\u00fc\u015f\u00fck maliyet: D\u00fc\u015f\u00fck bas\u0131n\u00e7l\u0131 hidrolik silindirler genellikle di\u011fer silindirlerden daha ucuzdur.<br \/>\nBasit tasar\u0131m: D\u00fc\u015f\u00fck bas\u0131n\u00e7l\u0131 hidrolik silindirlerin tasar\u0131m\u0131 ve \u00fcretimi nispeten basittir.<br \/>\nKolay bak\u0131m: D\u00fc\u015f\u00fck bas\u0131n\u00e7l\u0131 hidrolik silindirlerin bak\u0131m\u0131 nispeten kolayd\u0131r.<\/p>\n<h2><strong>D\u00fc\u015f\u00fck Bas\u0131n\u00e7l\u0131 Hidrolik Silindir Parametresi:<\/strong><\/h2>\n<h3>(1) D\u00fc\u015f\u00fck Bas\u0131n\u00e7l\u0131 Hidrolik Silindir \u00d6n Flan\u015f\u0131:<\/h3>\n<h3><img loading=\"lazy\" decoding=\"async\" class=\"alignnone wp-image-786 size-full\" src=\"https:\/\/hydraulic-cylinders.net\/wp-content\/uploads\/2023\/08\/low-pressure-pull-rod-hydraulic-cylinder-front-flange-2-2.webp\" alt=\"\" width=\"690\" height=\"397\" srcset=\"https:\/\/hydraulic-cylinders.net\/wp-content\/uploads\/2023\/08\/low-pressure-pull-rod-hydraulic-cylinder-front-flange-2-2.webp 690w, https:\/\/hydraulic-cylinders.net\/wp-content\/uploads\/2023\/08\/low-pressure-pull-rod-hydraulic-cylinder-front-flange-2-2-480x276.webp 480w\" sizes=\"(min-width: 0px) and (max-width: 480px) 480px, (min-width: 481px) 690px, 100vw\" \/><\/h3>\n<h3>(2)D\u00fc\u015f\u00fck Bas\u0131n\u00e7l\u0131 Hidrolik Silindir Arka Flan\u015f\u0131:<\/h3>\n<h3><img loading=\"lazy\" decoding=\"async\" class=\"alignnone wp-image-787\" src=\"https:\/\/hydraulic-cylinders.net\/wp-content\/uploads\/2023\/08\/low-pressure-pull-rod-hydraulic-cylinder-back-flange-2-2-1024x556.webp\" alt=\"\" width=\"800\" height=\"434\" \/><\/h3>\n<h3>(3) D\u00fc\u015f\u00fck Bas\u0131n\u00e7l\u0131 Hidrolik Silindir \u00d6n Pimi:<\/h3>\n<p><img loading=\"lazy\" decoding=\"async\" class=\"alignnone wp-image-788 size-full\" src=\"https:\/\/hydraulic-cylinders.net\/wp-content\/uploads\/2023\/08\/low-pressure-pull-rod-hydraulic-cylinder-front-hinge-pin-2-1.webp\" alt=\"\" width=\"660\" height=\"289\" srcset=\"https:\/\/hydraulic-cylinders.net\/wp-content\/uploads\/2023\/08\/low-pressure-pull-rod-hydraulic-cylinder-front-hinge-pin-2-1.webp 660w, https:\/\/hydraulic-cylinders.net\/wp-content\/uploads\/2023\/08\/low-pressure-pull-rod-hydraulic-cylinder-front-hinge-pin-2-1-480x210.webp 480w\" sizes=\"(min-width: 0px) and (max-width: 480px) 480px, (min-width: 481px) 660px, 100vw\" \/><\/p>\n<h3>(4) D\u00fc\u015f\u00fck Bas\u0131n\u00e7l\u0131 Hidrolik Silindir Ara Pimi:<\/h3>\n<p><img loading=\"lazy\" decoding=\"async\" class=\"alignnone wp-image-789 size-full\" src=\"https:\/\/hydraulic-cylinders.net\/wp-content\/uploads\/2023\/08\/low-pressure-pull-rod-hydraulic-cylinder-intermediate-pin-2-1.webp\" alt=\"\" width=\"690\" height=\"315\" srcset=\"https:\/\/hydraulic-cylinders.net\/wp-content\/uploads\/2023\/08\/low-pressure-pull-rod-hydraulic-cylinder-intermediate-pin-2-1.webp 690w, https:\/\/hydraulic-cylinders.net\/wp-content\/uploads\/2023\/08\/low-pressure-pull-rod-hydraulic-cylinder-intermediate-pin-2-1-480x219.webp 480w\" sizes=\"(min-width: 0px) and (max-width: 480px) 480px, (min-width: 481px) 690px, 100vw\" \/><\/p>\n<h3>(5) D\u00fc\u015f\u00fck Bas\u0131n\u00e7l\u0131 Hidrolik Silindir Arka Pimi:<\/h3>\n<p><img loading=\"lazy\" decoding=\"async\" class=\"alignnone wp-image-790 size-full\" src=\"https:\/\/hydraulic-cylinders.net\/wp-content\/uploads\/2023\/08\/low-pressure-pull-rod-hydraulic-cylinder-rear-pin-hole-2-1.webp\" alt=\"\" width=\"690\" height=\"333\" srcset=\"https:\/\/hydraulic-cylinders.net\/wp-content\/uploads\/2023\/08\/low-pressure-pull-rod-hydraulic-cylinder-rear-pin-hole-2-1.webp 690w, https:\/\/hydraulic-cylinders.net\/wp-content\/uploads\/2023\/08\/low-pressure-pull-rod-hydraulic-cylinder-rear-pin-hole-2-1-480x232.webp 480w\" sizes=\"(min-width: 0px) and (max-width: 480px) 480px, (min-width: 481px) 690px, 100vw\" \/><\/p>\n<h3>(6) D\u00fc\u015f\u00fck Bas\u0131n\u00e7l\u0131 Hidrolik Silindir Ayak Deste\u011fi Parametresi:<\/h3>\n<p><img loading=\"lazy\" decoding=\"async\" class=\"alignnone wp-image-791 size-full\" src=\"https:\/\/hydraulic-cylinders.net\/wp-content\/uploads\/2023\/08\/low-pressure-pull-rod-hydraulic-cylinder-footstand-2-1.webp\" alt=\"\" width=\"703\" height=\"314\" srcset=\"https:\/\/hydraulic-cylinders.net\/wp-content\/uploads\/2023\/08\/low-pressure-pull-rod-hydraulic-cylinder-footstand-2-1.webp 703w, https:\/\/hydraulic-cylinders.net\/wp-content\/uploads\/2023\/08\/low-pressure-pull-rod-hydraulic-cylinder-footstand-2-1-480x214.webp 480w\" sizes=\"(min-width: 0px) and (max-width: 480px) 480px, (min-width: 481px) 703px, 100vw\" \/><\/p>\n<h2><strong>Teknik Parametresi <\/strong><strong>D\u00fc\u015f\u00fck Bas\u0131n\u00e7l\u0131 Hidrolik Silindir:<\/strong><\/h2>\n<p>Kurulum modu a\u015fa\u011f\u0131daki se\u00e7eneklerden se\u00e7ilebilir<br \/>\n1) Piston kolu ucu di\u015f boyutu: i\u00e7 di\u015f veya d\u0131\u015f di\u015f, di\u015f boyutu ve uzunlu\u011fu<br \/>\n2) petrol liman\u0131 konumu;<br \/>\n3) Parametre tablosundaki \u201ctoplam uzunluk\u201d, yani strok 0 oldu\u011funda silindirin uzunlu\u011fu, \u00f6rne\u011fin strok 100mm oldu\u011funda silindirin toplam uzunlu\u011fu = \u201ctoplam uzunluk\u201d de\u011feri +100<\/p>\n<h2><strong>Uygulama Kapsam\u0131 <\/strong><strong>D\u00fc\u015f\u00fck Bas\u0131n\u00e7l\u0131 Hidrolik Silindir :<\/strong><\/h2>\n<p>1) Bas\u0131n\u00e7 aral\u0131\u011f\u0131n\u0131n kullan\u0131m\u0131 5MPA'n\u0131n alt\u0131ndad\u0131r;<br \/>\n2) \u00d6n kapak, arka kapak ve piston d\u00f6k\u00fcm, silindir No. 20 \u00e7elik, piston kolu ise No. 45 \u00e7elik krom kaplamad\u0131r;<br \/>\n3) Varsay\u0131lan silindir esas olarak itme kuvvetinden etkilenir; E\u011fer esas olarak gerilimden kaynaklan\u0131yorsa, m\u00fc\u015fterinin \u00f6zel talimatlar vermesi gerekir;<br \/>\n4) Bu \u00fcr\u00fcn serisinin i\u00e7 \u00e7ap aral\u0131\u011f\u0131 63~125 mm, maksimum itme kuvveti 4,8 tondur;<br \/>\n5) Varsay\u0131lan olarak tampon yoktur; tamponlama gerekiyorsa, m\u00fc\u015fterinin \u00f6zel talimatlara ihtiyac\u0131 vard\u0131r.<\/p>\n<p><img loading=\"lazy\" decoding=\"async\" class=\"size-full wp-image-316728 aligncenter\" src=\"https:\/\/hzpt.com\/wp-content\/uploads\/2023\/08\/low-pressure-hydraulic-cylinder-1.webp\" alt=\"\" width=\"540\" height=\"1015\" \/><\/p>\n<h2><strong>Hidrolik Silindir Nas\u0131l \u00d6l\u00e7\u00fcl\u00fcr?<\/strong><\/h2>\n<p>Bir hidrolik silindiri \u00f6l\u00e7mek i\u00e7in mezura veya cetvel, kumpas ve muhtemelen bir derinlik \u00f6l\u00e7er gibi birka\u00e7 temel alete ihtiyac\u0131n\u0131z olacak. \u0130\u015fte bir hidrolik silindirin nas\u0131l \u00f6l\u00e7\u00fclece\u011fine dair ad\u0131m ad\u0131m bir k\u0131lavuz:<\/p>\n<ol>\n<li><strong>Uzat\u0131lm\u0131\u015f Uzunluk<\/strong>:\n<ul>\n<li>Hidrolik silindirin tamamen uzat\u0131lm\u0131\u015f oldu\u011fundan emin olun.<\/li>\n<li>Silindirin bir ucundaki montaj deli\u011finin merkezinden di\u011fer ucundaki montaj deli\u011finin merkezine olan mesafeyi \u00f6l\u00e7\u00fcn. Bu \u00f6l\u00e7\u00fcm, silindirin uzat\u0131lm\u0131\u015f uzunlu\u011funu veya toplam uzunlu\u011funu temsil eder.<\/li>\n<\/ul>\n<\/li>\n<li><strong>Geri \u00c7ekilmi\u015f Uzunluk<\/strong>:\n<ul>\n<li>Hidrolik silindiri tamamen geri \u00e7ekin.<\/li>\n<li>Silindirin bir ucundaki montaj deli\u011finin merkezinden di\u011fer ucundaki montaj deli\u011finin merkezine kadar olan mesafeyi \u00f6l\u00e7\u00fcn. Bu \u00f6l\u00e7\u00fcm, silindirin geri \u00e7ekilmi\u015f uzunlu\u011funu temsil eder.<\/li>\n<\/ul>\n<\/li>\n<li><strong>Delik \u00c7ap\u0131<\/strong>:\n<ul>\n<li>Silindir namlusunun i\u00e7 \u00e7ap\u0131n\u0131 \u00f6l\u00e7\u00fcn; buna delik \u00e7ap\u0131 denir. Bu genellikle bir kumpas kullan\u0131larak yap\u0131l\u0131r.<\/li>\n<li>Kaliper \u00e7enelerini silindir namlusunun i\u00e7ine yerle\u015ftirin ve silindir namlusu duvarlar\u0131n\u0131n i\u00e7 y\u00fczeyleri aras\u0131ndaki mesafeyi \u00f6l\u00e7\u00fcn.<\/li>\n<\/ul>\n<\/li>\n<li><strong>\u00c7ubuk \u00c7ap\u0131<\/strong>:\n<ul>\n<li>Piston \u00e7ubu\u011funun \u00e7ap\u0131n\u0131 \u00f6l\u00e7\u00fcn. Bu genellikle bir kumpas kullan\u0131larak yap\u0131l\u0131r.<\/li>\n<li>Kaliper \u00e7enelerini piston kolunun etraf\u0131na yerle\u015ftirin ve kolun d\u0131\u015f y\u00fczeyleri aras\u0131ndaki mesafeyi \u00f6l\u00e7\u00fcn.<\/li>\n<\/ul>\n<\/li>\n<li><strong>Vuru\u015f Uzunlu\u011fu<\/strong>:\n<ul>\n<li>Strok uzunlu\u011fu, piston \u00e7ubu\u011funun tamamen uzat\u0131lm\u0131\u015f ve tamamen geri \u00e7ekilmi\u015f konumlar\u0131 aras\u0131nda kat edebilece\u011fi mesafeyi ifade eder.<\/li>\n<li>Geri \u00e7ekilmi\u015f uzunluk \u00f6l\u00e7\u00fcs\u00fcn\u00fc uzat\u0131lm\u0131\u015f uzunluk \u00f6l\u00e7\u00fcs\u00fcnden \u00e7\u0131kararak strok uzunlu\u011funu elde ederiz.<\/li>\n<\/ul>\n<\/li>\n<li><strong>Conta ve Yatak Boyutlar\u0131<\/strong>:\n<ul>\n<li>Gerekirse, hidrolik silindirin par\u00e7as\u0131 olan conta veya yataklar\u0131n boyutlar\u0131n\u0131 \u00f6l\u00e7\u00fcn. Bu, d\u0131\u015f \u00e7ap, i\u00e7 \u00e7ap ve kal\u0131nl\u0131k \u00f6l\u00e7\u00fcmlerini i\u00e7erebilir.<\/li>\n<\/ul>\n<\/li>\n<\/ol>\n<h2><strong>Fabrikan\u0131n Kapasitesi ve Kapasitesi:<\/strong><\/h2>\n<h3>(1) Meclis<\/h3>\n<p>Birinci s\u0131n\u0131f ba\u011f\u0131ms\u0131z bir ara\u015ft\u0131rma ve geli\u015ftirme montaj platformumuz bulunmaktad\u0131r. Forklift silindir \u00fcretim at\u00f6lyemizde, y\u0131ll\u0131k 1 milyon adet \u00fcretim kapasitesine sahip d\u00f6rt adet yar\u0131 otomatik kald\u0131rma silindiri montaj hatt\u0131 ve bir adet otomatik devirme silindiri montaj hatt\u0131 bulunmaktad\u0131r. \u00d6zel silindir at\u00f6lyemiz, y\u0131ll\u0131k 200.000 adet \u00fcretim kapasitesine sahip \u00e7e\u015fitli \u00f6zelliklere sahip yar\u0131 otomatik temizleme montaj sistemleriyle donat\u0131lm\u0131\u015ft\u0131r. \u00dcnl\u00fc CNC i\u015fleme ekipmanlar\u0131, i\u015fleme merkezi, y\u00fcksek hassasiyetli silindir i\u015fleme \u00f6zel ekipmanlar\u0131, robot kaynak makinesi, otomatik temizleme makinesi, otomatik silindir montaj makinesi ve otomatik boyama \u00fcretim hatt\u0131 ile donat\u0131lm\u0131\u015ft\u0131r. 300'den fazla setten olu\u015fan mevcut ana ekipman mevcuttur. Ekipman kaynaklar\u0131n\u0131n optimum da\u011f\u0131l\u0131m\u0131 ve verimli kullan\u0131m\u0131, \u00fcr\u00fcnlerin hassasiyet gereksinimlerini ve y\u00fcksek kalite gereksinimlerini kar\u015f\u0131lar.<\/p>\n<p><img loading=\"lazy\" decoding=\"async\" class=\"alignnone wp-image-626\" src=\"https:\/\/hydraulic-cylinders.net\/wp-content\/uploads\/2023\/08\/hydraulic-cylinder-product-1-300x158.webp\" alt=\"\" width=\"495\" height=\"260\" srcset=\"https:\/\/hydraulic-cylinders.net\/wp-content\/uploads\/2023\/08\/hydraulic-cylinder-product-1-300x158.webp 495w, https:\/\/hydraulic-cylinders.net\/wp-content\/uploads\/2023\/08\/hydraulic-cylinder-product-1-480x252.webp 480w\" sizes=\"(min-width: 0px) and (max-width: 480px) 480px, (min-width: 481px) 495px, 100vw\" \/> <img loading=\"lazy\" decoding=\"async\" class=\"alignnone wp-image-627\" src=\"https:\/\/hydraulic-cylinders.net\/wp-content\/uploads\/2023\/08\/hydraulic-cylinder-product-2-300x189.webp\" alt=\"\" width=\"413\" height=\"260\" \/><\/p>\n<h3>(2)\u0130\u015fleme<\/h3>\n<p>\u0130\u015fleme at\u00f6lyesi, maksimum 400 mm i\u00e7 \u00e7apa ve maksimum 6 metre uzunlu\u011fa sahip silindir borular\u0131n\u0131n i\u015flenmesini ger\u00e7ekle\u015ftirebilen \u00f6zelle\u015ftirilmi\u015f e\u011fimli ray torna merkezi, i\u015fleme merkezi, y\u00fcksek h\u0131zl\u0131 honlama makinesi, kaynak robotu ve di\u011fer ilgili ekipmanlarla donat\u0131lm\u0131\u015ft\u0131r.<\/p>\n<p><img loading=\"lazy\" decoding=\"async\" class=\"alignnone wp-image-628 size-large\" src=\"https:\/\/hydraulic-cylinders.net\/wp-content\/uploads\/2023\/08\/hydraulic-cylinder-product-3-1024x391.webp\" alt=\"\" width=\"1024\" height=\"391\" srcset=\"https:\/\/hydraulic-cylinders.net\/wp-content\/uploads\/2023\/08\/hydraulic-cylinder-product-3-980x374.webp 980w, https:\/\/hydraulic-cylinders.net\/wp-content\/uploads\/2023\/08\/hydraulic-cylinder-product-3-480x183.webp 480w\" sizes=\"(min-width: 0px) and (max-width: 480px) 480px, (min-width: 481px) and (max-width: 980px) 980px, (min-width: 981px) 1024px, 100vw\" \/><\/p>\n<h3>(3) Kaynak<\/h3>\n<p><img loading=\"lazy\" decoding=\"async\" class=\"alignnone wp-image-629 size-large\" src=\"https:\/\/hydraulic-cylinders.net\/wp-content\/uploads\/2023\/08\/hydraulic-cylinder-product-4-1024x510.webp\" alt=\"\" width=\"1024\" height=\"510\" srcset=\"https:\/\/hydraulic-cylinders.net\/wp-content\/uploads\/2023\/08\/hydraulic-cylinder-product-4-980x488.webp 980w, https:\/\/hydraulic-cylinders.net\/wp-content\/uploads\/2023\/08\/hydraulic-cylinder-product-4-480x239.webp 480w\" sizes=\"(min-width: 0px) and (max-width: 480px) 480px, (min-width: 481px) and (max-width: 980px) 980px, (min-width: 981px) 1024px, 100vw\" \/><\/p>\n<h3>(4) Boyama ve kaplama<\/h3>\n<p>K\u00fc\u00e7\u00fck ve orta \u00f6l\u00e7ekli silindirli otomatik su bazl\u0131 boya kaplama hatlar\u0131nda, otomatik robot y\u00fckleme-bo\u015faltma ve otomatik p\u00fcsk\u00fcrtmeyi ger\u00e7ekle\u015ftirmek i\u00e7in, vardiya ba\u015f\u0131na 4000 adet tasar\u0131m kapasitesi;<br \/>\nAyr\u0131ca, vardiya ba\u015f\u0131na 60 kasa tasar\u0131m kapasitesine sahip, g\u00fc\u00e7 zinciriyle \u00e7al\u0131\u015fan b\u00fcy\u00fck silindirler i\u00e7in yar\u0131 otomatik boya \u00fcretim hatt\u0131m\u0131z da bulunmaktad\u0131r.<\/p>\n<p><img loading=\"lazy\" decoding=\"async\" class=\"alignnone wp-image-630\" src=\"https:\/\/hydraulic-cylinders.net\/wp-content\/uploads\/2023\/08\/hydraulic-cylinder-product-5-300x213.webp\" alt=\"\" width=\"408\" height=\"290\" \/> <img loading=\"lazy\" decoding=\"async\" class=\"alignnone wp-image-631\" src=\"https:\/\/hydraulic-cylinders.net\/wp-content\/uploads\/2023\/08\/hydraulic-cylinder-product-6-300x225.webp\" alt=\"\" width=\"387\" height=\"290\" \/><\/p>\n<h3>(5) Test etme<\/h3>\n<p>Silindirin performans\u0131n\u0131n gereklilikleri kar\u015f\u0131lad\u0131\u011f\u0131ndan emin olmak i\u00e7in birinci s\u0131n\u0131f muayene tesislerimiz ve test yataklar\u0131m\u0131z bulunmaktad\u0131r.<\/p>\n<p><img loading=\"lazy\" decoding=\"async\" class=\"alignnone wp-image-632\" src=\"https:\/\/hydraulic-cylinders.net\/wp-content\/uploads\/2023\/08\/hydraulic-cylinder-product-8-300x200.webp\" alt=\"\" width=\"389\" height=\"260\" \/><\/p>\n<p>&nbsp;<\/p>\n<p>&nbsp;<\/p>\n<p>En iyi d\u00fc\u015f\u00fck bas\u0131n\u00e7l\u0131 hidrolik silindir \u00fcreticilerinden biriyiz. Geni\u015f bir d\u00fc\u015f\u00fck bas\u0131n\u00e7l\u0131 hidrolik silindir sto\u011fu sunabiliyoruz. Ayr\u0131ca, ilgili \u00fcr\u00fcnleri de sa\u011fl\u0131yoruz. <a href=\"https:\/\/hzpt.com\/agricultural-pto-gearbox\/\" target=\"_blank\" rel=\"noopener\">tar\u0131msal di\u015fli kutular\u0131<\/a>\u00dcr\u00fcnlerimizi d\u00fcnyan\u0131n d\u00f6rt bir yan\u0131ndaki m\u00fc\u015fterilerimize ihra\u00e7 ettik ve \u00fcst\u00fcn \u00fcr\u00fcn kalitemiz ve sat\u0131\u015f sonras\u0131 hizmetlerimiz sayesinde iyi bir itibar kazand\u0131k. Yurt i\u00e7i ve yurt d\u0131\u015f\u0131ndaki m\u00fc\u015fterilerimizi i\u015f g\u00f6r\u00fc\u015fmeleri yapmak, bilgi al\u0131\u015fveri\u015finde bulunmak ve daha fazlas\u0131 i\u00e7in bizimle ileti\u015fime ge\u00e7meye davet ediyoruz.\u00a0<a href=\"https:\/\/www.hydraulic-cylinders.net\/tr\/contact-us\/\">bizimle i\u015fbirli\u011fi yap\u0131n<\/a>!<\/p>\n<p>&nbsp;<\/p>\n<h2><\/h2>","protected":false},"excerpt":{"rendered":"<p>Machine Tool Low-Pressure Hydraulic Cylinder Low-pressure hydraulic cylinder is the company&#8217;s advantage in products, manufacturing experience, mature technology, cost-effectiveness, and can replace the hydraulic cylinder. Combined with the market demand, sort out the machine tool industry low-pressure hydraulic cylinder parameters, such as band saw machine hydraulic cylinder. Customers can order according to the following parameters, [&hellip;]<\/p>","protected":false},"featured_media":792,"comment_status":"open","ping_status":"closed","template":"","meta":{"_et_pb_use_builder":"","_et_pb_old_content":"","_et_gb_content_width":""},"product_brand":[],"product_cat":[1550,1525,1509,1376,1388],"product_tag":[],"class_list":{"0":"post-782","1":"product","2":"type-product","3":"status-publish","4":"has-post-thumbnail","6":"product_cat-double-acting-hydraulic-cylinder","7":"product_cat-machine-tool-hydraulic-cylinders","8":"product_cat-tie-rod-hydraulic-cylinder","9":"product_cat-hydraulic-cylinder","10":"product_cat-low-pressure-hydraulic-cylinder","12":"first","13":"instock","14":"shipping-taxable","15":"product-type-simple"},"amp_enabled":true,"_links":{"self":[{"href":"https:\/\/www.hydraulic-cylinders.net\/tr\/wp-json\/wp\/v2\/product\/782","targetHints":{"allow":["GET"]}}],"collection":[{"href":"https:\/\/www.hydraulic-cylinders.net\/tr\/wp-json\/wp\/v2\/product"}],"about":[{"href":"https:\/\/www.hydraulic-cylinders.net\/tr\/wp-json\/wp\/v2\/types\/product"}],"replies":[{"embeddable":true,"href":"https:\/\/www.hydraulic-cylinders.net\/tr\/wp-json\/wp\/v2\/comments?post=782"}],"wp:featuredmedia":[{"embeddable":true,"href":"https:\/\/www.hydraulic-cylinders.net\/tr\/wp-json\/wp\/v2\/media\/792"}],"wp:attachment":[{"href":"https:\/\/www.hydraulic-cylinders.net\/tr\/wp-json\/wp\/v2\/media?parent=782"}],"wp:term":[{"taxonomy":"product_brand","embeddable":true,"href":"https:\/\/www.hydraulic-cylinders.net\/tr\/wp-json\/wp\/v2\/product_brand?post=782"},{"taxonomy":"product_cat","embeddable":true,"href":"https:\/\/www.hydraulic-cylinders.net\/tr\/wp-json\/wp\/v2\/product_cat?post=782"},{"taxonomy":"product_tag","embeddable":true,"href":"https:\/\/www.hydraulic-cylinders.net\/tr\/wp-json\/wp\/v2\/product_tag?post=782"}],"curies":[{"name":"wp","href":"https:\/\/api.w.org\/{rel}","templated":true}]}}