{"id":837,"date":"2023-08-30T06:19:28","date_gmt":"2023-08-30T06:19:28","guid":{"rendered":"https:\/\/hydraulic-cylinders.net\/?post_type=product&#038;p=837"},"modified":"2025-04-16T02:22:41","modified_gmt":"2025-04-16T02:22:41","slug":"ca-monoaural-type-phs-fisheye-connector-light-rod-hydraulic-cylinder","status":"publish","type":"product","link":"https:\/\/www.hydraulic-cylinders.net\/tr\/urun\/ca-monoaural-type-phs-fisheye-connector-light-rod-hydraulic-cylinder\/","title":{"rendered":"CA Monoaural Tip PHS Bal\u0131kg\u00f6z\u00fc Konnekt\u00f6r I\u015f\u0131k \u00c7ubu\u011fu Hidrolik Silindir"},"content":{"rendered":"<h1 style=\"text-align: center;\"><strong>CA Monoaural Tip PHS Bal\u0131kg\u00f6z\u00fc Konnekt\u00f6r I\u015f\u0131k \u00c7ubu\u011fu Hidrolik Silindir<\/strong><\/h1>\n<p><img loading=\"lazy\" decoding=\"async\" class=\"size-full wp-image-838 aligncenter\" src=\"https:\/\/hydraulic-cylinders.net\/wp-content\/uploads\/2023\/08\/ca-monoaural-type-phs-fisheye-connector-light-pull-rod-hydraulic-cylinder-2.webp\" alt=\"\" width=\"287\" height=\"204\" srcset=\"https:\/\/www.hydraulic-cylinders.net\/wp-content\/uploads\/2023\/08\/ca-monoaural-type-phs-fisheye-connector-light-pull-rod-hydraulic-cylinder-2.webp 287w, https:\/\/www.hydraulic-cylinders.net\/wp-content\/uploads\/2023\/08\/ca-monoaural-type-phs-fisheye-connector-light-pull-rod-hydraulic-cylinder-2-18x12.webp 18w\" sizes=\"(max-width: 287px) 100vw, 287px\" \/><\/p>\n<p>CA Monoaural Tip PHS Bal\u0131kg\u00f6z\u00fc Konnekt\u00f6rl\u00fc Hafif \u00c7ubuk Hidrolik Silindir, end\u00fcstriyel uygulamalarda geli\u015fmi\u015f hassasiyet, ba\u011flant\u0131 ve verimlilik sa\u011flamak \u00fczere tasarlanm\u0131\u015f yenilik\u00e7i bir hidrolik silindirdir. Bu silindir, monoaural tasar\u0131m, PHS bal\u0131kg\u00f6z\u00fc konnekt\u00f6r ve hafif \u00e7ubuk yap\u0131s\u0131n\u0131n avantajlar\u0131n\u0131 bir araya getirerek g\u00fcvenilir ve y\u00fcksek performansl\u0131 hidrolik g\u00fc\u00e7 sa\u011flar.<\/p>\n<p>Hafif \u00c7ubuk Hidrolik Silindirin Temel \u00d6zellikleri ve Faydalar\u0131:<\/p>\n<p><strong>Monoaural Tasar\u0131m:<\/strong> Hafif \u00e7ubuklu hidrolik silindir, bir ucundan uzanan tek bir \u00e7ubukla monoaural bir tasar\u0131ma sahiptir. Bu tasar\u0131m, kompaktl\u0131k sa\u011flar ve kurulumu basitle\u015ftirerek, s\u0131n\u0131rl\u0131 alana sahip uygulamalar i\u00e7in uygundur.<\/p>\n<p><strong>PHS Bal\u0131kg\u00f6z\u00fc Konnekt\u00f6r\u00fc:<\/strong>\u00a0PHS bal\u0131kg\u00f6z\u00fc konnekt\u00f6r\u00fc, bu hidrolik silindirin benzersiz bir \u00f6zelli\u011fidir. Silindir ile di\u011fer hidrolik bile\u015fenler aras\u0131nda g\u00fcvenli ve verimli bir ba\u011flant\u0131 sa\u011flayarak g\u00fcvenilir g\u00fc\u00e7 iletimi sa\u011flar ve s\u0131z\u0131nt\u0131 riskini en aza indirir.<\/p>\n<p><strong>Hafif \u00c7ubuk Yap\u0131s\u0131:<\/strong> Hafif \u00e7ubuk yap\u0131s\u0131, al\u00fcminyum veya kompozit gibi hafif malzemeler kullan\u0131r. Bu, toplam a\u011f\u0131rl\u0131\u011f\u0131 azaltarak daha h\u0131zl\u0131 \u00e7al\u0131\u015fma, daha d\u00fc\u015f\u00fck enerji t\u00fcketimi ve geli\u015fmi\u015f verimlilik sa\u011flar.<\/p>\n<p><strong>Geli\u015fmi\u015f Hassasiyet:<\/strong> CA monoaural tip PHS bal\u0131kg\u00f6z\u00fc konnekt\u00f6rl\u00fc hafif \u00e7ubuk hidrolik silindir, hassas do\u011frusal hareket kontrol\u00fc sa\u011flar. Do\u011fru konumland\u0131rma ve ak\u0131c\u0131 hareket sa\u011flayarak, robotik, otomasyon sistemleri ve paketleme makineleri gibi y\u00fcksek hassasiyet gerektiren uygulamalar i\u00e7in idealdir.<\/p>\n<h2><strong>CA Monoaural Tip PHS Bal\u0131k G\u00f6z\u00fc Konnekt\u00f6r\u00fc Hafif \u00c7ubuk Hidrolik Silindir Parametresi:<\/strong><\/h2>\n<p><img loading=\"lazy\" decoding=\"async\" class=\"alignnone wp-image-839 size-full\" src=\"https:\/\/hydraulic-cylinders.net\/wp-content\/uploads\/2023\/08\/ca-monoaural-type-phs-fisheye-connector-light-pull-rod-hydraulic-cylinder-1.webp\" alt=\"\" width=\"790\" height=\"430\" srcset=\"https:\/\/hydraulic-cylinders.net\/wp-content\/uploads\/2023\/08\/ca-monoaural-type-phs-fisheye-connector-light-pull-rod-hydraulic-cylinder-1.webp 790w, https:\/\/hydraulic-cylinders.net\/wp-content\/uploads\/2023\/08\/ca-monoaural-type-phs-fisheye-connector-light-pull-rod-hydraulic-cylinder-1-480x261.webp 480w\" sizes=\"(min-width: 0px) and (max-width: 480px) 480px, (min-width: 481px) 790px, 100vw\" \/><\/p>\n<h2><strong>CA Monoaural Tip Y Konnekt\u00f6r I\u015f\u0131k \u00c7ubu\u011fu Hidrolik Silindir <\/strong><strong>Kullan\u0131m Y\u00f6ntemi<\/strong><strong>:<\/strong><\/h2>\n<p><strong>Kurulum<\/strong>: Hafif \u00e7ubuk hidrolik silindirini g\u00fcvenli bir \u015fekilde monte etmek i\u00e7in uygun ba\u011flant\u0131 elemanlar\u0131n\u0131 kullan\u0131n, b\u00f6ylece stabilite ve do\u011fru hizalama sa\u011flan\u0131r.<\/p>\n<p><strong>Hidrolik Ba\u011flant\u0131<\/strong>Hidrolik hatt\u0131n\u0131 silindir \u00fczerindeki belirtilen porta ba\u011flamak i\u00e7in PHS bal\u0131k g\u00f6z\u00fc konnekt\u00f6r\u00fcn\u00fc kullan\u0131n. S\u0131z\u0131nt\u0131y\u0131 \u00f6nlemek ve verimli g\u00fc\u00e7 aktar\u0131m\u0131 sa\u011flamak i\u00e7in ba\u011flant\u0131n\u0131n s\u0131k\u0131 oldu\u011fundan emin olun.<\/p>\n<p><strong>G\u00fc\u00e7 Kayna\u011f\u0131<\/strong>: Silindiri uygun hidrolik hatlar arac\u0131l\u0131\u011f\u0131yla pompa veya g\u00fc\u00e7 \u00fcnitesi gibi g\u00fcvenilir bir hidrolik g\u00fc\u00e7 kayna\u011f\u0131na ba\u011flay\u0131n.<\/p>\n<p><strong>Test Et ve Ayarla<\/strong>: \u00c7al\u0131\u015ft\u0131rmadan \u00f6nce t\u00fcm ba\u011flant\u0131lar\u0131 iyice kontrol edin ve g\u00fcvenliklerini sa\u011flay\u0131n; hidrolik sistemi \u00e7al\u0131\u015ft\u0131rarak silindir hareketini test edin ve d\u00fczg\u00fcn, do\u011frusal hareket etti\u011fini do\u011frulay\u0131n.<\/p>\n<h2><strong>CA Monoaural Tip Y Konnekt\u00f6r I\u015f\u0131k \u00c7ubu\u011fu Hidrolik Silindir <\/strong><strong>Bak\u0131m<\/strong><strong>:<\/strong><\/h2>\n<p>CA monoural PHS bal\u0131kg\u00f6z\u00fc konnekt\u00f6rl\u00fc \u0131\u015f\u0131k dire\u011fi hidrolik silindirinin \u00f6mr\u00fcn\u00fc ve performans\u0131n\u0131 en \u00fcst d\u00fczeye \u00e7\u0131karmak i\u00e7in uygun bak\u0131m \u015fartt\u0131r. \u0130\u015fte baz\u0131 bak\u0131m y\u00f6nergeleri:<\/p>\n<p><strong>D\u00fczenli Muayene<\/strong>: Silindirde a\u015f\u0131nma, hasar veya s\u0131z\u0131nt\u0131 olup olmad\u0131\u011f\u0131n\u0131 kontrol edin. Contalara, ba\u011flant\u0131 par\u00e7alar\u0131na ve PHS bal\u0131k g\u00f6z\u00fc ba\u011flant\u0131lar\u0131na dikkat edin.<br \/>\nYa\u011flama: Silindirin hareketli par\u00e7alar\u0131na, \u00e7ubuklar ve contalar dahil, \u00fcreticinin talimatlar\u0131na uygun olarak \u00f6nerilen ya\u011flay\u0131c\u0131y\u0131 uygulay\u0131n. D\u00fczenli ya\u011flama, sorunsuz \u00e7al\u0131\u015fmay\u0131 sa\u011flar ve s\u00fcrt\u00fcnme kaynakl\u0131 sorunlar\u0131 en aza indirir.<\/p>\n<p><strong>Contalar\u0131 De\u011fi\u015ftirin<\/strong>Contalar bozulmu\u015fsa veya s\u0131zd\u0131r\u0131yorsa, contalar\u0131 \u00fcretici taraf\u0131ndan onaylanm\u0131\u015f orijinal par\u00e7alarla de\u011fi\u015ftirin. Uygun conta de\u011fi\u015ftirme prosed\u00fcrlerini izleyin.<\/p>\n<p><strong>Temizlik<\/strong>: Silindiri temiz tutun ve silindirin performans\u0131n\u0131 etkileyebilecek kir, kal\u0131nt\u0131 ve kirleticileri temizleyin. Tekrar monte etmeden \u00f6nce a\u015f\u0131nd\u0131r\u0131c\u0131 olmayan bir temizleyici kullan\u0131n ve t\u00fcm par\u00e7alar\u0131n kuru oldu\u011fundan emin olun.<\/p>\n<h2><strong>\u00d6n Y\u00fckleyiciden Hidrolik Silindir Nas\u0131l \u00c7\u0131kar\u0131l\u0131r?<\/strong><\/h2>\n<p>\u00d6n y\u00fckleyiciden hidrolik silindirin \u00e7\u0131kar\u0131lmas\u0131 genellikle a\u015fa\u011f\u0131daki ad\u0131mlar\u0131 i\u00e7erir:<\/p>\n<ol>\n<li><strong>Haz\u0131rl\u0131k<\/strong>: Y\u00fckleyicinin d\u00fcz bir zemine g\u00fcvenli bir \u015fekilde park edildi\u011finden ve motorun kapal\u0131 oldu\u011fundan emin olun. Park frenini \u00e7ekin ve tekerleklere takoz koyarak istenmeyen hareketleri \u00f6nleyin.<\/li>\n<li><strong>Silindiri tan\u0131mlay\u0131n<\/strong>: \u00c7\u0131karmay\u0131 planlad\u0131\u011f\u0131n\u0131z belirli hidrolik silindiri bulun. \u00d6n y\u00fckleyicilerde genellikle y\u00fckleyici kollar\u0131n\u0131 kald\u0131rma, e\u011fme veya uzatma gibi \u00e7e\u015fitli i\u015flevler i\u00e7in birden fazla hidrolik silindir bulunur.<\/li>\n<li><strong>Bas\u0131nc\u0131 Azalt\u0131n<\/strong>Hidrolik sistemler y\u00fcksek bas\u0131n\u00e7 alt\u0131nda \u00e7al\u0131\u015ft\u0131\u011f\u0131ndan, herhangi bir hidrolik bile\u015feni s\u00f6kmeden \u00f6nce gerilimi azaltmak \u00e7ok \u00f6nemlidir. \u00d6ncelikle y\u00fckleyici kontrollerini kullanarak silindiri tamamen indirin veya geri \u00e7ekin. Ard\u0131ndan, hidrolik sistemin yanl\u0131\u015fl\u0131kla \u00e7al\u0131\u015fmas\u0131n\u0131 \u00f6nlemek i\u00e7in motoru kapat\u0131n.<\/li>\n<li><strong>Hidrolik Hatlar\u0131 Ay\u0131r\u0131n<\/strong>: Silindire ba\u011fl\u0131 hidrolik hatlar\u0131 bulun. \u00d6zel kuruluma ba\u011fl\u0131 olarak, silindire bir veya iki hidrolik hat ba\u011flanabilir. Hidrolik ba\u011flant\u0131 elemanlar\u0131n\u0131 gev\u015fetmek ve silindirden ay\u0131rmak i\u00e7in anahtar veya lokma tak\u0131m\u0131 gibi aletler kullan\u0131n. Bu i\u015flem s\u0131ras\u0131nda bir miktar hidrolik s\u0131v\u0131 s\u0131z\u0131nt\u0131s\u0131 olabilece\u011finden, bir tahliye tavas\u0131 veya emici bir malzeme haz\u0131r bulundurun.<\/li>\n<li><strong>Montaj Donan\u0131m\u0131n\u0131 \u00c7\u0131kar\u0131n<\/strong>: Hidrolik silindirin montaj noktalar\u0131n\u0131 inceleyin. Silindirler genellikle c\u0131vata veya pimlerle sabitlenir. Bu ba\u011flant\u0131 elemanlar\u0131n\u0131 \u00e7\u0131karmak ve silindiri montaj noktalar\u0131ndan ay\u0131rmak i\u00e7in uygun aletleri kullan\u0131n. S\u00f6kme s\u0131ras\u0131nda mevcut olabilecek pul veya ara par\u00e7alar\u0131 takip edin.<\/li>\n<li><strong>Silindiri \u00e7\u0131kar\u0131n<\/strong>: Hidrolik hatlar ve montaj donan\u0131mlar\u0131 ayr\u0131ld\u0131ktan sonra, silindiri dikkatlice kayd\u0131rarak veya kald\u0131rarak yerinden \u00e7\u0131kar\u0131n. Hidrolik silindirler a\u011f\u0131r olabilir, bu nedenle dikkatli olun ve yaralanmalar\u0131 \u00f6nlemek i\u00e7in uygun kald\u0131rma tekniklerini veya ekipmanlar\u0131n\u0131 kullan\u0131n.<\/li>\n<li><strong>Muayene ve Bak\u0131m<\/strong>Silindir \u00e7\u0131kar\u0131ld\u0131ktan sonra, herhangi bir hasar, a\u015f\u0131nma veya s\u0131z\u0131nt\u0131 belirtisi olup olmad\u0131\u011f\u0131n\u0131 kontrol etmek i\u00e7in iyi bir f\u0131rsatt\u0131r. Gerekirse, silindiri tekrar takmadan \u00f6nce contalar\u0131 de\u011fi\u015ftirmek veya sorunlar\u0131 gidermek gibi bak\u0131m i\u015flemlerini ger\u00e7ekle\u015ftirin.<\/li>\n<\/ol>\n<h2><strong>Fabrikan\u0131n Kapasitesi ve Kapasitesi:<\/strong><\/h2>\n<h3>(1) Meclis<\/h3>\n<p>Birinci s\u0131n\u0131f ba\u011f\u0131ms\u0131z bir ara\u015ft\u0131rma ve geli\u015ftirme montaj platformumuz bulunmaktad\u0131r. Hidrolik silindir \u00fcretim at\u00f6lyemizde, y\u0131ll\u0131k 1 milyon adet \u00fcretim kapasitesine sahip d\u00f6rt adet yar\u0131 otomatik kald\u0131rma silindiri montaj hatt\u0131 ve bir adet otomatik devirme silindiri montaj hatt\u0131 bulunmaktad\u0131r. \u00d6zel silindir at\u00f6lyemiz, y\u0131ll\u0131k 200.000 adet \u00fcretim kapasitesine sahip \u00e7e\u015fitli \u00f6zelliklerde yar\u0131 otomatik temizleme montaj sistemiyle donat\u0131lm\u0131\u015ft\u0131r. Ayr\u0131ca, \u00fcnl\u00fc CNC i\u015fleme ekipmanlar\u0131, bir i\u015fleme merkezi, y\u00fcksek hassasiyetli silindir i\u015fleme \u00f6zel ekipmanlar\u0131, bir robot kaynak makinesi, bir otomatik temizleme makinesi, otomatik silindir montaj makinesi ve otomatik boyama \u00fcretim hatt\u0131 ile donat\u0131lm\u0131\u015ft\u0131r. 300'den fazla setten olu\u015fan kritik ekipmanlar mevcuttur. Ekipman kaynaklar\u0131n\u0131n optimum da\u011f\u0131l\u0131m\u0131 ve verimli kullan\u0131m\u0131, \u00fcr\u00fcnlerin hassasiyet gereksinimlerini kar\u015f\u0131lar ve \u00fcr\u00fcnlerin y\u00fcksek kalite ihtiya\u00e7lar\u0131n\u0131 kar\u015f\u0131lar.<\/p>\n<p><img loading=\"lazy\" decoding=\"async\" class=\"alignnone wp-image-626\" src=\"https:\/\/hydraulic-cylinders.net\/wp-content\/uploads\/2023\/08\/hydraulic-cylinder-product-1-300x158.webp\" alt=\"\" width=\"495\" height=\"260\" srcset=\"https:\/\/hydraulic-cylinders.net\/wp-content\/uploads\/2023\/08\/hydraulic-cylinder-product-1-300x158.webp 495w, https:\/\/hydraulic-cylinders.net\/wp-content\/uploads\/2023\/08\/hydraulic-cylinder-product-1-480x252.webp 480w\" sizes=\"(min-width: 0px) and (max-width: 480px) 480px, (min-width: 481px) 495px, 100vw\" \/> <img loading=\"lazy\" decoding=\"async\" class=\"alignnone wp-image-627\" src=\"https:\/\/hydraulic-cylinders.net\/wp-content\/uploads\/2023\/08\/hydraulic-cylinder-product-2-300x189.webp\" alt=\"\" width=\"413\" height=\"260\" \/><\/p>\n<h3>(2) \u0130\u015fleme<\/h3>\n<p>\u0130\u015fleme at\u00f6lyesi, maksimum 400 mm i\u00e7 \u00e7apa ve maksimum 6 metre uzunlu\u011fa sahip silindir borular\u0131n\u0131n i\u015flenmesini ger\u00e7ekle\u015ftirebilen \u00f6zel e\u011fimli ray torna merkezi, i\u015fleme merkezi, y\u00fcksek h\u0131zl\u0131 honlama makinesi, kaynak robotu ve di\u011fer ilgili ekipmanlarla donat\u0131lm\u0131\u015ft\u0131r.<\/p>\n<p><img loading=\"lazy\" decoding=\"async\" class=\"alignnone wp-image-628 size-large\" src=\"https:\/\/hydraulic-cylinders.net\/wp-content\/uploads\/2023\/08\/hydraulic-cylinder-product-3-1024x391.webp\" alt=\"\" width=\"1024\" height=\"391\" srcset=\"https:\/\/hydraulic-cylinders.net\/wp-content\/uploads\/2023\/08\/hydraulic-cylinder-product-3-980x374.webp 980w, https:\/\/hydraulic-cylinders.net\/wp-content\/uploads\/2023\/08\/hydraulic-cylinder-product-3-480x183.webp 480w\" sizes=\"(min-width: 0px) and (max-width: 480px) 480px, (min-width: 481px) and (max-width: 980px) 980px, (min-width: 981px) 1024px, 100vw\" \/><\/p>\n<h3>(3) Kaynak<\/h3>\n<p><img loading=\"lazy\" decoding=\"async\" class=\"alignnone wp-image-629 size-large\" src=\"https:\/\/hydraulic-cylinders.net\/wp-content\/uploads\/2023\/08\/hydraulic-cylinder-product-4-1024x510.webp\" alt=\"\" width=\"1024\" height=\"510\" srcset=\"https:\/\/hydraulic-cylinders.net\/wp-content\/uploads\/2023\/08\/hydraulic-cylinder-product-4-980x488.webp 980w, https:\/\/hydraulic-cylinders.net\/wp-content\/uploads\/2023\/08\/hydraulic-cylinder-product-4-480x239.webp 480w\" sizes=\"(min-width: 0px) and (max-width: 480px) 480px, (min-width: 481px) and (max-width: 980px) 980px, (min-width: 981px) 1024px, 100vw\" \/><\/p>\n<h3>(4) Boyama ve kaplama<\/h3>\n<p>K\u00fc\u00e7\u00fck ve orta \u00f6l\u00e7ekli silindirli otomatik su bazl\u0131 boya kaplama hatlar\u0131nda, otomatik robot y\u00fckleme-bo\u015faltma ve otomatik p\u00fcsk\u00fcrtmeyi ger\u00e7ekle\u015ftirmek i\u00e7in, vardiya ba\u015f\u0131na 4000 adet tasar\u0131m kapasitesi;<br \/>\nAyr\u0131ca, vardiya ba\u015f\u0131na 60 kasa kapasiteli, g\u00fc\u00e7 zinciriyle \u00e7al\u0131\u015fan b\u00fcy\u00fck silindirler i\u00e7in yar\u0131 otomatik boya \u00fcretim hatt\u0131m\u0131z da bulunmaktad\u0131r.<\/p>\n<p><img loading=\"lazy\" decoding=\"async\" class=\"alignnone wp-image-630\" src=\"https:\/\/hydraulic-cylinders.net\/wp-content\/uploads\/2023\/08\/hydraulic-cylinder-product-5-300x213.webp\" alt=\"\" width=\"366\" height=\"260\" \/> <img loading=\"lazy\" decoding=\"async\" class=\"alignnone wp-image-631\" src=\"https:\/\/hydraulic-cylinders.net\/wp-content\/uploads\/2023\/08\/hydraulic-cylinder-product-6-300x225.webp\" alt=\"\" width=\"347\" height=\"260\" \/><\/p>\n<h3>(5) Test etme<\/h3>\n<p>Silindirin performans\u0131n\u0131n gereklilikleri kar\u015f\u0131lad\u0131\u011f\u0131ndan emin olmak i\u00e7in birinci s\u0131n\u0131f muayene tesislerimiz ve test yataklar\u0131m\u0131z bulunmaktad\u0131r.<\/p>\n<p><img loading=\"lazy\" decoding=\"async\" class=\"alignnone wp-image-632\" src=\"https:\/\/hydraulic-cylinders.net\/wp-content\/uploads\/2023\/08\/hydraulic-cylinder-product-8-300x200.webp\" alt=\"\" width=\"389\" height=\"260\" \/><\/p>\n<p>&nbsp;<\/p>\n<p>&nbsp;<\/p>\n<p>En iyi hafif \u00e7ubuk hidrolik silindir \u00fcreticilerinden biriyiz. Geni\u015f hafif \u00e7ubuk hidrolik silindir sto\u011fu sunabiliyoruz. Ayr\u0131ca, ilgili \u00fcr\u00fcnleri de sa\u011fl\u0131yoruz. <a href=\"https:\/\/hzpt.com\/agricultural-pto-gearbox\/\" target=\"_blank\" rel=\"noopener\">tar\u0131msal di\u015fli kutular\u0131<\/a>\u00dcr\u00fcnlerimizi d\u00fcnyan\u0131n d\u00f6rt bir yan\u0131ndaki m\u00fc\u015fterilerimize ihra\u00e7 ettik ve \u00fcst\u00fcn \u00fcr\u00fcn kalitemiz ve sat\u0131\u015f sonras\u0131 hizmetlerimiz sayesinde iyi bir itibar kazand\u0131k. Yurt i\u00e7i ve yurt d\u0131\u015f\u0131ndaki m\u00fc\u015fterilerimizi i\u015f g\u00f6r\u00fc\u015fmeleri yapmak, bilgi al\u0131\u015fveri\u015finde bulunmak ve daha fazlas\u0131 i\u00e7in bizimle ileti\u015fime ge\u00e7meye davet ediyoruz.\u00a0<a href=\"https:\/\/www.hydraulic-cylinders.net\/tr\/contact-us\/\">bizimle i\u015fbirli\u011fi yap\u0131n<\/a>!<\/p>\n<p>&nbsp;<\/p>\n<h2><\/h2>\n<h2><\/h2>","protected":false},"excerpt":{"rendered":"<p>CA Monoaural Type PHS Fisheye Connector Light Rod Hydraulic Cylinder The CA Monoaural Type PHS Fisheye Connector Light Rod Hydraulic Cylinder is an innovative hydraulic cylinder designed to deliver enhanced precision, connectivity, and efficiency in industrial applications. This cylinder combines the advantages of a monoaural design, PHS fisheye connector, and light rod construction to provide [&hellip;]<\/p>","protected":false},"featured_media":882,"comment_status":"open","ping_status":"closed","template":"","meta":{"_et_pb_use_builder":"","_et_pb_old_content":"","_et_gb_content_width":""},"product_brand":[],"product_cat":[1550,1525,1509,1376,1387],"product_tag":[1383],"class_list":{"0":"post-837","1":"product","2":"type-product","3":"status-publish","4":"has-post-thumbnail","6":"product_cat-double-acting-hydraulic-cylinder","7":"product_cat-machine-tool-hydraulic-cylinders","8":"product_cat-tie-rod-hydraulic-cylinder","9":"product_cat-hydraulic-cylinder","10":"product_cat-light-rod-hydraulic-cylinder","11":"product_tag-light-rod-hydraulic-cylinder","13":"first","14":"instock","15":"shipping-taxable","16":"product-type-simple"},"amp_enabled":true,"_links":{"self":[{"href":"https:\/\/www.hydraulic-cylinders.net\/tr\/wp-json\/wp\/v2\/product\/837","targetHints":{"allow":["GET"]}}],"collection":[{"href":"https:\/\/www.hydraulic-cylinders.net\/tr\/wp-json\/wp\/v2\/product"}],"about":[{"href":"https:\/\/www.hydraulic-cylinders.net\/tr\/wp-json\/wp\/v2\/types\/product"}],"replies":[{"embeddable":true,"href":"https:\/\/www.hydraulic-cylinders.net\/tr\/wp-json\/wp\/v2\/comments?post=837"}],"wp:featuredmedia":[{"embeddable":true,"href":"https:\/\/www.hydraulic-cylinders.net\/tr\/wp-json\/wp\/v2\/media\/882"}],"wp:attachment":[{"href":"https:\/\/www.hydraulic-cylinders.net\/tr\/wp-json\/wp\/v2\/media?parent=837"}],"wp:term":[{"taxonomy":"product_brand","embeddable":true,"href":"https:\/\/www.hydraulic-cylinders.net\/tr\/wp-json\/wp\/v2\/product_brand?post=837"},{"taxonomy":"product_cat","embeddable":true,"href":"https:\/\/www.hydraulic-cylinders.net\/tr\/wp-json\/wp\/v2\/product_cat?post=837"},{"taxonomy":"product_tag","embeddable":true,"href":"https:\/\/www.hydraulic-cylinders.net\/tr\/wp-json\/wp\/v2\/product_tag?post=837"}],"curies":[{"name":"wp","href":"https:\/\/api.w.org\/{rel}","templated":true}]}}