{"id":896,"date":"2023-09-01T07:43:48","date_gmt":"2023-09-01T07:43:48","guid":{"rendered":"https:\/\/hydraulic-cylinders.net\/?post_type=product&#038;p=896"},"modified":"2023-09-19T01:27:31","modified_gmt":"2023-09-19T01:27:31","slug":"fa-front-flange-type-heavy-rod-hydraulic-cylinder","status":"publish","type":"product","link":"https:\/\/www.hydraulic-cylinders.net\/tr\/urun\/fa-front-flange-type-heavy-rod-hydraulic-cylinder\/","title":{"rendered":"FA \u00d6n Flan\u015fl\u0131 Tip A\u011f\u0131r \u00c7ubuk Hidrolik Silindir"},"content":{"rendered":"<h1 style=\"text-align: center;\"><strong>FA \u00d6n Flan\u015fl\u0131 Tip A\u011f\u0131r \u00c7ubuk Hidrolik Silindir<\/strong><\/h1>\n<p>FA \u00f6n flan\u015fl\u0131 a\u011f\u0131r hizmet tipi hidrolik silindir, zorlu end\u00fcstriyel uygulamalarda \u00fcst\u00fcn g\u00fc\u00e7, dayan\u0131kl\u0131l\u0131k ve g\u00fcvenilirlik sa\u011flayan y\u00fcksek performansl\u0131 bir bile\u015fendir. Sa\u011flam yap\u0131s\u0131, hassas m\u00fchendisli\u011fi ve geli\u015fmi\u015f \u00f6zellikleriyle bu a\u011f\u0131r hizmet tipi hidrolik silindir, \u00f6zel kuvvet \u00e7\u0131k\u0131\u015f\u0131 ve hassas kontrol gerektiren a\u011f\u0131r i\u015fler i\u00e7in g\u00fcvenilir bir \u00e7\u00f6z\u00fcmd\u00fcr. A\u011f\u0131r makinelerden malzeme ta\u015f\u0131ma ekipmanlar\u0131na kadar, FA \u00f6n flan\u015fl\u0131 a\u011f\u0131r hizmet tipi hidrolik silindirler, zorlu ortamlarda \u00f6ne \u00e7\u0131kmak, optimum performans ve verimlilik sa\u011flamak \u00fczere tasarlanm\u0131\u015ft\u0131r.<\/p>\n<p>A\u011f\u0131r \u00c7ubuk Hidrolik Silindir Temel \u00d6zellikleri:<\/p>\n<p><strong>1. Sa\u011flam Yap\u0131<\/strong>FA \u00f6n flan\u015fl\u0131 a\u011f\u0131r hizmet tipi hidrolik silindirler, a\u011f\u0131r y\u00fcklere, a\u015f\u0131r\u0131 bas\u0131n\u00e7lara ve zorlu \u00e7al\u0131\u015fma ko\u015fullar\u0131na dayanacak \u015fekilde \u00e7elik veya ala\u015f\u0131mlar gibi y\u00fcksek kaliteli malzemelerden \u00fcretilmi\u015f sa\u011flam bir tasar\u0131ma sahiptir. Sa\u011flam yap\u0131s\u0131, uzun \u00f6m\u00fcrl\u00fc dayan\u0131kl\u0131l\u0131k ve a\u015f\u0131nmaya, korozyona ve hasara kar\u015f\u0131 diren\u00e7 sa\u011flar.<\/p>\n<p><strong>2. Y\u00fcksek Kuvvet \u00c7\u0131k\u0131\u015f\u0131<\/strong>Geni\u015f piston \u00e7ap\u0131 ve y\u00fcksek bas\u0131n\u00e7 kapasitesiyle bu a\u011f\u0131r hizmet tipi hidrolik silindir, etkileyici bir kuvvet \u00e7\u0131k\u0131\u015f\u0131 sunarak a\u011f\u0131r kald\u0131rma, itme veya \u00e7ekme gerektiren uygulamalar i\u00e7in idealdir. Verimli performans sa\u011flar ve operat\u00f6rlerin zorlu g\u00f6revleri verimli bir \u015fekilde yerine getirmelerini m\u00fcmk\u00fcn k\u0131lar.<\/p>\n<p><strong>3. Hassas Kontrol<\/strong>FA \u00f6n flan\u015fl\u0131 a\u011f\u0131r hizmet tipi hidrolik silindir, hassas kontroll\u00fc do\u011frusal hareket sa\u011flayarak operat\u00f6r\u00fcn do\u011fru konumland\u0131rma ve sorunsuz \u00e7al\u0131\u015fma elde etmesini m\u00fcmk\u00fcn k\u0131lar. Geli\u015fmi\u015f tasar\u0131m\u0131 ve m\u00fchendisli\u011fi, minimum i\u00e7 s\u00fcrt\u00fcnme ve \u015feffaf ve duyarl\u0131 hareket sa\u011flar.<\/p>\n<p><img loading=\"lazy\" decoding=\"async\" class=\"size-full wp-image-897 aligncenter\" src=\"https:\/\/hydraulic-cylinders.net\/wp-content\/uploads\/2023\/09\/fa-front-flange-type-heavy-rod-hydraulic-cylinder-2.webp\" alt=\"\" width=\"275\" height=\"275\" srcset=\"https:\/\/www.hydraulic-cylinders.net\/wp-content\/uploads\/2023\/09\/fa-front-flange-type-heavy-rod-hydraulic-cylinder-2.webp 275w, https:\/\/www.hydraulic-cylinders.net\/wp-content\/uploads\/2023\/09\/fa-front-flange-type-heavy-rod-hydraulic-cylinder-2-100x100.webp 100w, https:\/\/www.hydraulic-cylinders.net\/wp-content\/uploads\/2023\/09\/fa-front-flange-type-heavy-rod-hydraulic-cylinder-2-150x150.webp 150w, https:\/\/www.hydraulic-cylinders.net\/wp-content\/uploads\/2023\/09\/fa-front-flange-type-heavy-rod-hydraulic-cylinder-2-12x12.webp 12w\" sizes=\"(max-width: 275px) 100vw, 275px\" \/><\/p>\n<h2><strong>FA \u00d6n Flan\u015f Tipi A\u011f\u0131r Hizmet Tipi Hidrolik Silindir Parametreleri:<\/strong><\/h2>\n<p><img loading=\"lazy\" decoding=\"async\" class=\"alignnone wp-image-898 size-full\" src=\"https:\/\/hydraulic-cylinders.net\/wp-content\/uploads\/2023\/09\/fa-front-flange-type-heavy-rod-hydraulic-cylinder-1.webp\" alt=\"\" width=\"790\" height=\"478\" srcset=\"https:\/\/hydraulic-cylinders.net\/wp-content\/uploads\/2023\/09\/fa-front-flange-type-heavy-rod-hydraulic-cylinder-1.webp 790w, https:\/\/hydraulic-cylinders.net\/wp-content\/uploads\/2023\/09\/fa-front-flange-type-heavy-rod-hydraulic-cylinder-1-480x290.webp 480w\" sizes=\"(min-width: 0px) and (max-width: 480px) 480px, (min-width: 481px) 790px, 100vw\" \/><\/p>\n<h2><strong>FA \u00d6n Flan\u015fl\u0131 Tip A\u011f\u0131r \u00c7ubuk Hidrolik Silindir <\/strong><strong>Kullan\u0131m Y\u00f6ntemi<\/strong><strong>:<\/strong><\/h2>\n<p><strong>Montaj ve Ba\u011flant\u0131<\/strong>: Standart a\u011f\u0131r hizmet tipi hidrolik silindiri g\u00fcvenli bir \u015fekilde monte etmek i\u00e7in uygun braketler veya ba\u011flant\u0131 elemanlar\u0131 kullan\u0131n. Montaj s\u0131ras\u0131nda do\u011fru hizalama ve stabiliteyi sa\u011flay\u0131n. Hidrolik hatlar\u0131, \u00fcreticinin talimatlar\u0131na ve y\u00f6nergelerine g\u00f6re silindir portlar\u0131na ba\u011flay\u0131n.<\/p>\n<p><strong>Hidrolik Sistem Entegrasyonu<\/strong>: Silindir, uygun bir hidrolik pompaya veya g\u00fc\u00e7 \u00fcnitesine ba\u011flanarak hidrolik sisteme entegre edilir. Silindir spesifikasyonlar\u0131n\u0131n ve \u00e7al\u0131\u015fma gereksinimlerinin kar\u015f\u0131land\u0131\u011f\u0131ndan emin olun.<\/p>\n<p><strong>Kontrol ve \u0130\u015fletme<\/strong>Silindire giren ve \u00e7\u0131kan hidrolik ya\u011f ak\u0131\u015f\u0131n\u0131 d\u00fczenlemek i\u00e7in kontrol vanas\u0131n\u0131 kullan\u0131n. \u0130stenen do\u011frusal hareket ve kuvvet \u00e7\u0131k\u0131\u015f\u0131na g\u00f6re kontrol ayarlar\u0131n\u0131 yap\u0131n. Silindirin hareketini test ederek i\u015flevini ve tepki h\u0131z\u0131n\u0131 do\u011frulay\u0131n.<\/p>\n<h2><strong>FA \u00d6n Flan\u015fl\u0131 Tip A\u011f\u0131r \u00c7ubuk Hidrolik Silindir <\/strong><strong>Bak\u0131m<\/strong><strong>:<\/strong><\/h2>\n<p>Standart A\u011f\u0131r Mil Hidrolik Silindirinin \u00f6mr\u00fcn\u00fc ve performans\u0131n\u0131 en \u00fcst d\u00fczeye \u00e7\u0131karmak i\u00e7in d\u00fczenli bak\u0131m \u015fartt\u0131r. \u0130\u015fte baz\u0131 bak\u0131m y\u00f6nergeleri:<\/p>\n<p><strong>Periyodik Muayene<\/strong>Rutin kontroller yaparak a\u015f\u0131nma, hasar veya s\u0131z\u0131nt\u0131 belirtilerini tespit edin. Silindir bloklar\u0131n\u0131, piston kollar\u0131n\u0131, contalar\u0131 ve di\u011fer bile\u015fenleri anormallikler a\u00e7\u0131s\u0131ndan kontrol edin. Daha fazla yaralanmay\u0131 veya operasyonel verimsizli\u011fi \u00f6nlemek i\u00e7in sorunlar\u0131 derhal \u00e7\u00f6z\u00fcn.<\/p>\n<p><strong>Ya\u011flama<\/strong>: Ba\u011flant\u0131 \u00e7ubuklar\u0131 ve contalar dahil olmak \u00fczere silindirin hareketli par\u00e7alar\u0131na \u00f6nerilen ya\u011flay\u0131c\u0131y\u0131 uygulay\u0131n. D\u00fczenli ya\u011flama, s\u00fcrt\u00fcnmeyi en aza indirir, a\u015f\u0131nmay\u0131 azalt\u0131r ve sorunsuz \u00e7al\u0131\u015fmay\u0131 sa\u011flar. Ya\u011flama aral\u0131klar\u0131 ve uygun ya\u011flay\u0131c\u0131 t\u00fcrleri i\u00e7in \u00fcreticinin talimatlar\u0131n\u0131 izleyin.<\/p>\n<p><strong>Conta De\u011fi\u015fimi<\/strong>E\u011fer contalar eskimi\u015f veya s\u0131zd\u0131r\u0131yorsa, contalar\u0131 \u00fcretici taraf\u0131ndan onaylanm\u0131\u015f orijinal par\u00e7alarla de\u011fi\u015ftirin. Hasarl\u0131 veya a\u015f\u0131nm\u0131\u015f contalar silindir performans\u0131n\u0131 tehlikeye atabilir ve hidrolik ya\u011f s\u0131z\u0131nt\u0131s\u0131na yol a\u00e7abilir.<\/p>\n<p><strong>Temizlik<\/strong>Silindirleri kir, toz ve di\u011fer kirleticilerden ar\u0131nd\u0131rarak temizleyin. Yeniden monte etmeden \u00f6nce a\u015f\u0131nd\u0131r\u0131c\u0131 olmayan bir temizleyici kullan\u0131n ve t\u00fcm par\u00e7alar\u0131n kuru oldu\u011fundan emin olun. D\u00fczenli temizlik, optimum performans\u0131 destekler ve erken a\u015f\u0131nma veya hasar\u0131 \u00f6nler.<\/p>\n<h2><strong>Hidrolik Silindir Nas\u0131l S\u00f6k\u00fcl\u00fcr?<\/strong><\/h2>\n<p>Hidrolik silindirin s\u00f6k\u00fclmesi, bile\u015fenlere zarar vermemek i\u00e7in dikkatli bir \u015fekilde s\u00f6k\u00fclmeyi gerektirir. \u0130\u015fte hidrolik silindirin nas\u0131l s\u00f6k\u00fclece\u011fine dair ad\u0131m ad\u0131m bir k\u0131lavuz:<\/p>\n<ol>\n<li><strong>G\u00fcvenlik \u00d6nlemleri<\/strong>Hidrolik silindirler \u00fczerinde herhangi bir \u00e7al\u0131\u015fmaya ba\u015flamadan \u00f6nce, sistemin bas\u0131nc\u0131n\u0131n bo\u015falt\u0131ld\u0131\u011f\u0131ndan ve ekipman\u0131n kazara hareket etmesini \u00f6nleyecek \u015fekilde g\u00fcvenli bir \u015fekilde sabitlendi\u011finden emin olun. Eldiven ve koruyucu g\u00f6zl\u00fck gibi uygun ki\u015fisel koruyucu ekipman (KKD) kullan\u0131n.<\/li>\n<li><strong>Silindiri tan\u0131mlay\u0131n<\/strong>\u00d6ncelikle, kulland\u0131\u011f\u0131n\u0131z hidrolik silindirin tipini ve tasar\u0131m\u0131n\u0131 belirleyin. Farkl\u0131 silindirlerin s\u00f6kme prosed\u00fcrleri farkl\u0131l\u0131k g\u00f6sterebilir, bu nedenle silindir modelinize \u00f6zel \u00fcretici belgelerine veya k\u0131lavuzlar\u0131na ba\u015fvurun.<\/li>\n<li><strong>Silindir \u00c7\u0131karma<\/strong>Silindire ba\u011fl\u0131 t\u00fcm hidrolik hatlar\u0131 ay\u0131r\u0131n. Silindire eri\u015fimi engelleyebilecek montaj braketleri veya kapaklar gibi d\u0131\u015f bile\u015fenleri \u00e7\u0131kar\u0131n.<\/li>\n<li><strong>Hidrolik S\u0131v\u0131y\u0131 Bo\u015falt\u0131n<\/strong>S\u00f6kme i\u015flemi s\u0131ras\u0131nda akacak hidrolik s\u0131v\u0131y\u0131 toplamak i\u00e7in silindirin alt\u0131na uygun bir kap yerle\u015ftirin. Ba\u011flant\u0131 elemanlar\u0131n\u0131 gev\u015feterek veya tahliye tapalar\u0131n\u0131 \u00e7\u0131kararak s\u0131v\u0131y\u0131 dikkatlice bo\u015falt\u0131n.<\/li>\n<li><strong>U\u00e7 kapaklar\u0131n\u0131 s\u00f6k\u00fcn<\/strong>Silindirin u\u00e7 kapaklar\u0131n\u0131 belirleyin; bunlar genellikle silindirin her iki ucunda bulunur. U\u00e7 kapaklar\u0131 yerinde tutan t\u00fcm c\u0131vatalar\u0131, vidalar\u0131 veya ba\u011flant\u0131 elemanlar\u0131n\u0131 \u00e7\u0131kar\u0131n. Gerekirse, u\u00e7 kapaklar\u0131 gev\u015fetmek i\u00e7in lastik bir \u00e7eki\u00e7le hafif\u00e7e vurun.<\/li>\n<li><strong>Ayr\u0131 U\u00e7 Kapaklar\u0131<\/strong>U\u00e7 kapak ba\u011flant\u0131 elemanlar\u0131 \u00e7\u0131kar\u0131ld\u0131ktan sonra, bir levye veya yumu\u015fak y\u00fczeyli bir \u00e7eki\u00e7 kullanarak u\u00e7 kapaklar\u0131 dikkatlice \u00e7\u0131kar\u0131n. Silindiri s\u00f6kerken i\u00e7indeki bile\u015fenlerin y\u00f6n\u00fcn\u00fc ve s\u0131ras\u0131n\u0131 not edin.<\/li>\n<li><strong>Piston tertibat\u0131n\u0131 \u00e7\u0131kar\u0131n<\/strong>U\u00e7 kapaklar\u0131 \u00e7\u0131kar\u0131ld\u0131ktan sonra piston tertibat\u0131na eri\u015filebilir olmal\u0131d\u0131r. Pistonu, pistona veya silindir duvarlar\u0131na zarar vermeden silindir deli\u011finden d\u0131\u015far\u0131 kayd\u0131r\u0131n. Piston zor \u00e7\u0131k\u0131yorsa, uygun bir ya\u011flay\u0131c\u0131 uygulay\u0131n ve \u00e7\u0131kar\u0131lmas\u0131n\u0131 kolayla\u015ft\u0131rmak i\u00e7in hafif\u00e7e kuvvet uygulay\u0131n.<\/li>\n<li><strong>Bile\u015fenleri \u0130nceleyin ve Temizleyin<\/strong>S\u00f6k\u00fclen t\u00fcm par\u00e7alar\u0131 a\u015f\u0131nma, hasar veya kirlenme belirtileri a\u00e7\u0131s\u0131ndan inceleyin. Kir, d\u00f6k\u00fcnt\u00fc veya hidrolik s\u0131v\u0131 kal\u0131nt\u0131lar\u0131n\u0131 gidermek i\u00e7in her bir par\u00e7ay\u0131 uygun bir temizleyici veya \u00e7\u00f6z\u00fcc\u00fc kullanarak temizleyin. Daha fazla inceleme veya yeniden montajdan \u00f6nce par\u00e7alar\u0131 iyice kurulay\u0131n.<\/li>\n<li><strong>A\u015f\u0131nm\u0131\u015f veya Hasar G\u00f6rm\u00fc\u015f Par\u00e7alar\u0131 De\u011fi\u015ftirin<\/strong>Herhangi bir par\u00e7ada a\u015f\u0131r\u0131 a\u015f\u0131nma veya hasar belirtileri varsa, yenileriyle de\u011fi\u015ftirilmelidir. Do\u011fru yedek par\u00e7alar\u0131 se\u00e7ti\u011finizden emin olmak i\u00e7in \u00fcreticinin y\u00f6nergelerine ba\u015fvurun veya profesyonel tavsiye al\u0131n.<\/li>\n<li><strong>Yeniden montaj<\/strong>Hidrolik silindiri yeniden monte etmek i\u00e7in, s\u00f6kme i\u015fleminin tersini izleyin. T\u00fcm bile\u015fenlerin do\u011fru \u015fekilde hizaland\u0131\u011f\u0131ndan ve montajdan \u00f6nce t\u00fcm contalar\u0131n veya O-ringlerin hidrolik ya\u011f veya uyumlu bir ya\u011flay\u0131c\u0131 ile ya\u011fland\u0131\u011f\u0131ndan emin olun. Ba\u011flant\u0131 elemanlar\u0131n\u0131 ve rakorlar\u0131 \u00fcreticinin \u00f6nerdi\u011fi tork de\u011ferlerine g\u00f6re s\u0131k\u0131n.<\/li>\n<\/ol>\n<h2><strong>Fabrikan\u0131n Kapasitesi ve Kapasitesi:<\/strong><\/h2>\n<h3>(1) Meclis<\/h3>\n<p>Birinci s\u0131n\u0131f ba\u011f\u0131ms\u0131z bir ara\u015ft\u0131rma ve geli\u015ftirme montaj platformumuz bulunmaktad\u0131r. Hidrolik silindir \u00fcretim at\u00f6lyemizde, y\u0131ll\u0131k 1 milyon adet \u00fcretim kapasitesine sahip d\u00f6rt adet yar\u0131 otomatik kald\u0131rma silindiri montaj hatt\u0131 ve bir adet otomatik devirme silindiri montaj hatt\u0131 bulunmaktad\u0131r. \u00d6zel silindir at\u00f6lyemiz, y\u0131ll\u0131k 200.000 adet \u00fcretim kapasitesine sahip \u00e7e\u015fitli \u00f6zelliklerde yar\u0131 otomatik temizleme montaj sistemiyle donat\u0131lm\u0131\u015ft\u0131r. Ayr\u0131ca, \u00fcnl\u00fc CNC i\u015fleme ekipmanlar\u0131, bir i\u015fleme merkezi, y\u00fcksek hassasiyetli silindir i\u015fleme \u00f6zel ekipmanlar\u0131, bir robot kaynak makinesi, bir otomatik temizleme makinesi, otomatik silindir montaj makinesi ve otomatik boyama \u00fcretim hatt\u0131 ile donat\u0131lm\u0131\u015ft\u0131r. 300'den fazla setten olu\u015fan kritik ekipmanlar mevcuttur. Ekipman kaynaklar\u0131n\u0131n optimum da\u011f\u0131l\u0131m\u0131 ve verimli kullan\u0131m\u0131, \u00fcr\u00fcnlerin hassasiyet gereksinimlerini kar\u015f\u0131lar ve \u00fcr\u00fcnlerin y\u00fcksek kalite ihtiya\u00e7lar\u0131n\u0131 kar\u015f\u0131lar.<\/p>\n<p><img loading=\"lazy\" decoding=\"async\" class=\"alignnone wp-image-626\" src=\"https:\/\/hydraulic-cylinders.net\/wp-content\/uploads\/2023\/08\/hydraulic-cylinder-product-1-300x158.webp\" alt=\"\" width=\"495\" height=\"260\" srcset=\"https:\/\/hydraulic-cylinders.net\/wp-content\/uploads\/2023\/08\/hydraulic-cylinder-product-1-300x158.webp 495w, https:\/\/hydraulic-cylinders.net\/wp-content\/uploads\/2023\/08\/hydraulic-cylinder-product-1-480x252.webp 480w\" sizes=\"(min-width: 0px) and (max-width: 480px) 480px, (min-width: 481px) 495px, 100vw\" \/> <img loading=\"lazy\" decoding=\"async\" class=\"alignnone wp-image-627\" src=\"https:\/\/hydraulic-cylinders.net\/wp-content\/uploads\/2023\/08\/hydraulic-cylinder-product-2-300x189.webp\" alt=\"\" width=\"413\" height=\"260\" \/><\/p>\n<h3>(2) \u0130\u015fleme<\/h3>\n<p>\u0130\u015fleme at\u00f6lyesi, maksimum 400 mm i\u00e7 \u00e7apa ve maksimum 6 metre uzunlu\u011fa sahip silindir borular\u0131n\u0131n i\u015flenmesini ger\u00e7ekle\u015ftirebilen \u00f6zel e\u011fimli ray torna merkezi, i\u015fleme merkezi, y\u00fcksek h\u0131zl\u0131 honlama makinesi, kaynak robotu ve di\u011fer ilgili ekipmanlarla donat\u0131lm\u0131\u015ft\u0131r.<\/p>\n<p><img loading=\"lazy\" decoding=\"async\" class=\"alignnone wp-image-628 size-large\" src=\"https:\/\/hydraulic-cylinders.net\/wp-content\/uploads\/2023\/08\/hydraulic-cylinder-product-3-1024x391.webp\" alt=\"\" width=\"1024\" height=\"391\" srcset=\"https:\/\/hydraulic-cylinders.net\/wp-content\/uploads\/2023\/08\/hydraulic-cylinder-product-3-980x374.webp 980w, https:\/\/hydraulic-cylinders.net\/wp-content\/uploads\/2023\/08\/hydraulic-cylinder-product-3-480x183.webp 480w\" sizes=\"(min-width: 0px) and (max-width: 480px) 480px, (min-width: 481px) and (max-width: 980px) 980px, (min-width: 981px) 1024px, 100vw\" \/><\/p>\n<h3>(3) Kaynak<\/h3>\n<p><img loading=\"lazy\" decoding=\"async\" class=\"alignnone wp-image-629 size-large\" src=\"https:\/\/hydraulic-cylinders.net\/wp-content\/uploads\/2023\/08\/hydraulic-cylinder-product-4-1024x510.webp\" alt=\"\" width=\"1024\" height=\"510\" srcset=\"https:\/\/hydraulic-cylinders.net\/wp-content\/uploads\/2023\/08\/hydraulic-cylinder-product-4-980x488.webp 980w, https:\/\/hydraulic-cylinders.net\/wp-content\/uploads\/2023\/08\/hydraulic-cylinder-product-4-480x239.webp 480w\" sizes=\"(min-width: 0px) and (max-width: 480px) 480px, (min-width: 481px) and (max-width: 980px) 980px, (min-width: 981px) 1024px, 100vw\" \/><\/p>\n<h3>(4) Boyama ve kaplama<\/h3>\n<p>K\u00fc\u00e7\u00fck ve orta \u00f6l\u00e7ekli silindirli otomatik su bazl\u0131 boya kaplama hatlar\u0131nda, otomatik robot y\u00fckleme-bo\u015faltma ve otomatik p\u00fcsk\u00fcrtmeyi ger\u00e7ekle\u015ftirmek i\u00e7in, vardiya ba\u015f\u0131na 4000 adet tasar\u0131m kapasitesi;<br \/>\nAyr\u0131ca, vardiya ba\u015f\u0131na 60 kasa kapasiteli, g\u00fc\u00e7 zinciriyle \u00e7al\u0131\u015fan b\u00fcy\u00fck silindirler i\u00e7in yar\u0131 otomatik boya \u00fcretim hatt\u0131m\u0131z da bulunmaktad\u0131r.<\/p>\n<p><img loading=\"lazy\" decoding=\"async\" class=\"alignnone wp-image-630\" src=\"https:\/\/hydraulic-cylinders.net\/wp-content\/uploads\/2023\/08\/hydraulic-cylinder-product-5-300x213.webp\" alt=\"\" width=\"366\" height=\"260\" \/> <img loading=\"lazy\" decoding=\"async\" class=\"alignnone wp-image-631\" src=\"https:\/\/hydraulic-cylinders.net\/wp-content\/uploads\/2023\/08\/hydraulic-cylinder-product-6-300x225.webp\" alt=\"\" width=\"347\" height=\"260\" \/><\/p>\n<h3>(5) Test etme<\/h3>\n<p>Silindirin performans\u0131n\u0131n gereklilikleri kar\u015f\u0131lad\u0131\u011f\u0131ndan emin olmak i\u00e7in birinci s\u0131n\u0131f muayene tesislerimiz ve test yataklar\u0131m\u0131z bulunmaktad\u0131r.<\/p>\n<p><img loading=\"lazy\" decoding=\"async\" class=\"alignnone wp-image-632\" src=\"https:\/\/hydraulic-cylinders.net\/wp-content\/uploads\/2023\/08\/hydraulic-cylinder-product-8-300x200.webp\" alt=\"\" width=\"389\" height=\"260\" \/><\/p>\n<p>&nbsp;<\/p>\n<p>&nbsp;<\/p>\n<p>En iyi a\u011f\u0131r \u00e7ubuklu hidrolik silindir \u00fcreticilerinden biriyiz. Geni\u015f bir a\u011f\u0131r \u00e7ubuklu hidrolik silindir sto\u011fu sunabiliyoruz. Ayr\u0131ca, ilgili \u00fcr\u00fcnleri de sa\u011fl\u0131yoruz. <a href=\"https:\/\/hzpt.com\/agricultural-pto-gearbox\/\" target=\"_blank\" rel=\"noopener\">tar\u0131msal di\u015fli kutular\u0131<\/a>\u00dcr\u00fcnlerimizi d\u00fcnyan\u0131n d\u00f6rt bir yan\u0131ndaki m\u00fc\u015fterilerimize ihra\u00e7 ettik ve \u00fcst\u00fcn \u00fcr\u00fcn kalitemiz ve sat\u0131\u015f sonras\u0131 hizmetlerimiz sayesinde iyi bir itibar kazand\u0131k. Yurt i\u00e7i ve yurt d\u0131\u015f\u0131ndaki m\u00fc\u015fterilerimizi i\u015f g\u00f6r\u00fc\u015fmeleri yapmak, bilgi al\u0131\u015fveri\u015finde bulunmak ve daha fazlas\u0131 i\u00e7in bizimle ileti\u015fime ge\u00e7meye davet ediyoruz.\u00a0<a href=\"https:\/\/www.hydraulic-cylinders.net\/tr\/contact-us\/\">bizimle i\u015fbirli\u011fi yap\u0131n<\/a>!<\/p>\n<p>&nbsp;<\/p>\n<h2><\/h2>","protected":false},"excerpt":{"rendered":"<p>FA Front Flange Type Heavy Rod Hydraulic Cylinder The FA front flanged heavy rod hydraulic cylinder is a high-performance component that provides superior power, durability, and reliability in demanding industrial applications. With its robust construction, precise engineering, and advanced features, this heavy rod hydraulic cylinder is a reliable solution for heavy-duty tasks requiring dedicated force [&hellip;]<\/p>","protected":false},"featured_media":899,"comment_status":"open","ping_status":"closed","template":"","meta":{"_et_pb_use_builder":"","_et_pb_old_content":"","_et_gb_content_width":""},"product_brand":[],"product_cat":[1376,1385],"product_tag":[1380],"class_list":{"0":"post-896","1":"product","2":"type-product","3":"status-publish","4":"has-post-thumbnail","6":"product_cat-hydraulic-cylinder","7":"product_cat-heavy-rod-hydraulic-cylinder","8":"product_tag-hydraulic-cylinder","10":"first","11":"instock","12":"shipping-taxable","13":"product-type-simple"},"amp_enabled":true,"_links":{"self":[{"href":"https:\/\/www.hydraulic-cylinders.net\/tr\/wp-json\/wp\/v2\/product\/896","targetHints":{"allow":["GET"]}}],"collection":[{"href":"https:\/\/www.hydraulic-cylinders.net\/tr\/wp-json\/wp\/v2\/product"}],"about":[{"href":"https:\/\/www.hydraulic-cylinders.net\/tr\/wp-json\/wp\/v2\/types\/product"}],"replies":[{"embeddable":true,"href":"https:\/\/www.hydraulic-cylinders.net\/tr\/wp-json\/wp\/v2\/comments?post=896"}],"wp:featuredmedia":[{"embeddable":true,"href":"https:\/\/www.hydraulic-cylinders.net\/tr\/wp-json\/wp\/v2\/media\/899"}],"wp:attachment":[{"href":"https:\/\/www.hydraulic-cylinders.net\/tr\/wp-json\/wp\/v2\/media?parent=896"}],"wp:term":[{"taxonomy":"product_brand","embeddable":true,"href":"https:\/\/www.hydraulic-cylinders.net\/tr\/wp-json\/wp\/v2\/product_brand?post=896"},{"taxonomy":"product_cat","embeddable":true,"href":"https:\/\/www.hydraulic-cylinders.net\/tr\/wp-json\/wp\/v2\/product_cat?post=896"},{"taxonomy":"product_tag","embeddable":true,"href":"https:\/\/www.hydraulic-cylinders.net\/tr\/wp-json\/wp\/v2\/product_tag?post=896"}],"curies":[{"name":"wp","href":"https:\/\/api.w.org\/{rel}","templated":true}]}}