{"id":900,"date":"2023-09-01T08:19:20","date_gmt":"2023-09-01T08:19:20","guid":{"rendered":"https:\/\/hydraulic-cylinders.net\/?post_type=product&#038;p=900"},"modified":"2023-09-19T01:27:26","modified_gmt":"2023-09-19T01:27:26","slug":"fb-rear-flange-type-heavy-rod-hydraulic-cylinder","status":"publish","type":"product","link":"https:\/\/www.hydraulic-cylinders.net\/tr\/urun\/fb-rear-flange-type-heavy-rod-hydraulic-cylinder\/","title":{"rendered":"FB Arka Flan\u015fl\u0131 Tip A\u011f\u0131r \u00c7ubuk Hidrolik Silindir"},"content":{"rendered":"<h1 style=\"text-align: center;\"><strong>FB Arka Flan\u015fl\u0131 Tip A\u011f\u0131r \u00c7ubuk Hidrolik Silindir<\/strong><\/h1>\n<p>FB arka flan\u015fl\u0131 a\u011f\u0131r \u00e7ubuklu hidrolik silindir, \u00e7ok \u00e7e\u015fitli end\u00fcstriyel uygulamalarda \u00fcst\u00fcn g\u00fc\u00e7, dayan\u0131kl\u0131l\u0131k ve \u00e7ok y\u00f6nl\u00fcl\u00fck sa\u011flamak \u00fczere tasarlanm\u0131\u015f y\u00fcksek performansl\u0131 bir hidrolik elemand\u0131r. Sa\u011flam yap\u0131s\u0131, hassas m\u00fchendisli\u011fi ve geli\u015fmi\u015f \u00f6zellikleriyle bu a\u011f\u0131r \u00e7ubuklu hidrolik silindir, g\u00fcvenilir kuvvet \u00e7\u0131k\u0131\u015f\u0131 ve hassas kontrol gerektiren zorlu g\u00f6revlerde \u00f6ne \u00e7\u0131kabilir. A\u011f\u0131r makinelerden malzeme ta\u015f\u0131ma ekipmanlar\u0131na kadar, FB arka flan\u015fl\u0131 a\u011f\u0131r \u00e7ubuklu hidrolik silindirler \u00e7e\u015fitli end\u00fcstriyel ortamlarda optimum performans ve verimlilik sa\u011flamak \u00fczere tasarlanm\u0131\u015ft\u0131r.<\/p>\n<p>A\u011f\u0131r \u00c7ubuk Hidrolik Silindirin Temel \u00d6zellikleri:<\/p>\n<p><strong>Sa\u011flam Yap\u0131<\/strong>: FB arka flan\u015fl\u0131 tip a\u011f\u0131r \u00e7ubuklu hidrolik silindir, sa\u011flam bir tasar\u0131ma sahiptir ve a\u011f\u0131r y\u00fcklere, a\u015f\u0131r\u0131 bas\u0131n\u00e7lara ve zorlu \u00e7al\u0131\u015fma ko\u015fullar\u0131na dayanacak \u015fekilde \u00e7elik veya ala\u015f\u0131mlar gibi y\u00fcksek kaliteli malzemeler kullan\u0131r. Sa\u011flam yap\u0131s\u0131, uzun s\u00fcreli dayan\u0131kl\u0131l\u0131k ve a\u015f\u0131nma, korozyon ve hasara kar\u015f\u0131 diren\u00e7 sa\u011flar.<\/p>\n<p><strong>Y\u00fcksek Kuvvet \u00c7\u0131k\u0131\u015f\u0131<\/strong>: Bu a\u011f\u0131r \u00e7ubuklu hidrolik silindir, \u00fcst\u00fcn kuvvet \u00e7\u0131k\u0131\u015f\u0131 sa\u011flayacak \u015fekilde tasarlanm\u0131\u015ft\u0131r ve bu da onu a\u011f\u0131r kald\u0131rma, itme veya \u00e7ekme gerektiren uygulamalar i\u00e7in ideal hale getirir. Geni\u015f piston \u00e7ap\u0131 ve y\u00fcksek bas\u0131n\u00e7 kapasitesi, zorlu g\u00f6revlerin \u00fcstesinden kolayl\u0131kla gelmek i\u00e7in gereken g\u00fcc\u00fc sa\u011flar.<\/p>\n<p><strong>\u00c7ok Y\u00f6nl\u00fc Tasar\u0131m<\/strong>FB arka flan\u015fl\u0131 a\u011f\u0131r \u00e7ubuklu hidrolik silindir, tasar\u0131m\u0131nda sundu\u011fu \u00e7ok y\u00f6nl\u00fcl\u00fck sayesinde \u00e7e\u015fitli hidrolik sistemlere kolayca entegre edilebilir. Arka flan\u015fl\u0131 tasar\u0131m, esnek montaj se\u00e7enekleri sunarak farkl\u0131 ekipman ve makinelerle uyumluluk sa\u011flar.<\/p>\n<p><img loading=\"lazy\" decoding=\"async\" class=\"size-medium wp-image-902 aligncenter\" src=\"https:\/\/hydraulic-cylinders.net\/wp-content\/uploads\/2023\/09\/fb-rear-flange-type-heavy-rod-hydraulic-cylinder-3-300x300.webp\" alt=\"\" width=\"300\" height=\"300\" srcset=\"https:\/\/www.hydraulic-cylinders.net\/wp-content\/uploads\/2023\/09\/fb-rear-flange-type-heavy-rod-hydraulic-cylinder-3-300x300.webp 300w, https:\/\/www.hydraulic-cylinders.net\/wp-content\/uploads\/2023\/09\/fb-rear-flange-type-heavy-rod-hydraulic-cylinder-3-100x100.webp 100w, https:\/\/www.hydraulic-cylinders.net\/wp-content\/uploads\/2023\/09\/fb-rear-flange-type-heavy-rod-hydraulic-cylinder-3-150x150.webp 150w, https:\/\/www.hydraulic-cylinders.net\/wp-content\/uploads\/2023\/09\/fb-rear-flange-type-heavy-rod-hydraulic-cylinder-3-12x12.webp 12w, https:\/\/www.hydraulic-cylinders.net\/wp-content\/uploads\/2023\/09\/fb-rear-flange-type-heavy-rod-hydraulic-cylinder-3.webp 353w\" sizes=\"(max-width: 300px) 100vw, 300px\" \/><\/p>\n<h2><strong>FB Arka Flan\u015fl\u0131 Tip A\u011f\u0131r \u00c7ubuk Hidrolik Silindir Parametresi:<\/strong><\/h2>\n<p><img loading=\"lazy\" decoding=\"async\" class=\"alignnone wp-image-959 size-full\" src=\"https:\/\/hydraulic-cylinders.net\/wp-content\/uploads\/2023\/09\/fb-rear-flange-type-heavy-rod-hydraulic-cylinder-2.webp\" alt=\"\" width=\"790\" height=\"502\" srcset=\"https:\/\/hydraulic-cylinders.net\/wp-content\/uploads\/2023\/09\/fb-rear-flange-type-heavy-rod-hydraulic-cylinder-2.webp 790w, https:\/\/hydraulic-cylinders.net\/wp-content\/uploads\/2023\/09\/fb-rear-flange-type-heavy-rod-hydraulic-cylinder-2-480x305.webp 480w\" sizes=\"(min-width: 0px) and (max-width: 480px) 480px, (min-width: 481px) 790px, 100vw\" \/><\/p>\n<h2><strong>FB Arka Flan\u015fl\u0131 Tip A\u011f\u0131r \u00c7ubuk Hidrolik Silindir <\/strong><strong>Kullan\u0131m Y\u00f6ntemi<\/strong><strong>:<\/strong><\/h2>\n<p><strong>Montaj<\/strong>: \u00d6ncelikle, FA \u00f6n flan\u015fl\u0131 a\u011f\u0131r \u00e7ubuklu hidrolik silindiri uygun montaj braketlerini veya ba\u011flant\u0131 elemanlar\u0131n\u0131 kullanarak g\u00fcvenli bir \u015fekilde yerine tak\u0131n. Silindirlerde herhangi bir hizalama hatas\u0131 veya gerilmeyi \u00f6nlemek i\u00e7in montaj s\u0131ras\u0131nda do\u011fru hizalama ve dengeyi sa\u011flay\u0131n.<\/p>\n<p><strong>Hidrolik Sistem Entegrasyonu<\/strong>: Hidrolik hatlar\u0131 silindir portlar\u0131na ba\u011flamak i\u00e7in \u00fcreticinin talimatlar\u0131n\u0131 ve y\u00f6nergelerini izleyin. Silindir, uygun bir pompa veya g\u00fc\u00e7 \u00fcnitesine ba\u011flanarak hidrolik sisteme entegre edilir. Silindir \u00f6zelliklerinin ve \u00e7al\u0131\u015fma gereksinimlerinin kar\u015f\u0131land\u0131\u011f\u0131ndan emin olun.<\/p>\n<p><strong>Kontrol ve \u0130\u015fletme<\/strong>Hidrolik sistemdeki kontrol valfi, silindire giren ve \u00e7\u0131kan hidrolik ya\u011f ak\u0131\u015f\u0131n\u0131 d\u00fczenlemek i\u00e7in kullan\u0131l\u0131r. Kontrol ayarlar\u0131n\u0131 istenen do\u011frusal hareket ve kuvvet \u00e7\u0131k\u0131\u015f\u0131na g\u00f6re ayarlay\u0131n. Silindirin hareketini test ederek i\u015flevini ve tepkisini do\u011frulay\u0131n.<\/p>\n<h2><strong>FB Arka Flan\u015fl\u0131 Tip A\u011f\u0131r \u00c7ubuk Hidrolik Silindir <\/strong><strong>Bak\u0131m<\/strong><strong>:<\/strong><\/h2>\n<p>FB Arka Flan\u015fl\u0131 Tip A\u011f\u0131r Mil Hidrolik Silindirinin optimum performans ve uzun \u00f6m\u00fcrl\u00fc olmas\u0131n\u0131 sa\u011flamak i\u00e7in d\u00fczenli bak\u0131m \u00e7ok \u00f6nemlidir. \u0130\u015fte uyman\u0131z gereken baz\u0131 bak\u0131m ipu\u00e7lar\u0131:<\/p>\n<p><strong>D\u00fczenli Muayene<\/strong>: Herhangi bir a\u015f\u0131nma, hasar veya s\u0131z\u0131nt\u0131 belirtisi olup olmad\u0131\u011f\u0131n\u0131 tespit etmek i\u00e7in rutin kontroller yap\u0131n. Silindir bloklar\u0131n\u0131, piston \u00e7ubuklar\u0131n\u0131, contalar\u0131 ve di\u011fer bile\u015fenleri anormallik a\u00e7\u0131s\u0131ndan kontrol edin. Daha fazla yaralanmay\u0131 veya operasyonel verimsizli\u011fi \u00f6nlemek i\u00e7in sorunlar\u0131 derhal \u00e7\u00f6z\u00fcn.<\/p>\n<p><strong>Ya\u011flama<\/strong>Silindirin hareketli par\u00e7alar\u0131na, rot kollar\u0131 ve contalar dahil olmak \u00fczere, \u00f6nerilen ya\u011flay\u0131c\u0131y\u0131 uygulay\u0131n. D\u00fczenli ya\u011flama s\u00fcrt\u00fcnmeyi en aza indirir, a\u015f\u0131nmay\u0131 azalt\u0131r ve sorunsuz \u00e7al\u0131\u015fmay\u0131 sa\u011flar. \u00dcreticinin ya\u011flama aral\u0131\u011f\u0131 y\u00f6nergelerine g\u00f6re uygun ya\u011flay\u0131c\u0131 t\u00fcr\u00fcn\u00fc kullan\u0131n.<\/p>\n<p><strong>Conta De\u011fi\u015fimi<\/strong>: Contalar\u0131n bozuldu\u011fu veya s\u0131zd\u0131rd\u0131\u011f\u0131 tespit edilirse, contalar\u0131 \u00fcretici taraf\u0131ndan onaylanm\u0131\u015f orijinal par\u00e7alarla de\u011fi\u015ftirin. Hasarl\u0131 veya a\u015f\u0131nm\u0131\u015f contalar, silindirin performans\u0131n\u0131 olumsuz etkileyebilir ve hidrolik ya\u011f s\u0131z\u0131nt\u0131s\u0131na yol a\u00e7abilir.<\/p>\n<p><strong>Temizlik<\/strong>: Kir, kal\u0131nt\u0131 ve di\u011fer kirleticileri temizleyin ve silindirleri temiz tutun. Yeniden monte etmeden \u00f6nce a\u015f\u0131nd\u0131r\u0131c\u0131 olmayan bir temizleyici kullan\u0131n ve t\u00fcm par\u00e7alar\u0131n tamamen kuru oldu\u011fundan emin olun. D\u00fczenli temizlik, optimum performans\u0131 destekler ve erken a\u015f\u0131nma veya hasar\u0131 \u00f6nler.<\/p>\n<h2><strong>Hidrolik Silindirdeki Contalar Nas\u0131l De\u011fi\u015ftirilir?<\/strong><\/h2>\n<p>Hidrolik silindirdeki contalar\u0131n de\u011fi\u015ftirilmesi, ba\u015far\u0131l\u0131 bir de\u011fi\u015fim sa\u011flamak i\u00e7in dikkatli bir yakla\u015f\u0131m ve do\u011fru prosed\u00fcr gerektirir. \u0130\u015fte hidrolik silindirdeki contalar\u0131n nas\u0131l de\u011fi\u015ftirilece\u011fine dair ad\u0131m ad\u0131m bir k\u0131lavuz:<\/p>\n<ol>\n<li><strong>G\u00fcvenlik \u00d6nlemleri:<\/strong> Herhangi bir bak\u0131m \u00e7al\u0131\u015fmas\u0131na ba\u015flamadan \u00f6nce uygun g\u00fcvenlik \u00f6nlemlerini al\u0131n. Hidrolik sistemin bas\u0131nc\u0131n\u0131n d\u00fc\u015f\u00fcr\u00fcld\u00fc\u011f\u00fcnden ve ekipman\u0131n yeterli destek ve emniyete al\u0131nd\u0131\u011f\u0131ndan emin olun. Olas\u0131 tehlikelerden korunmak i\u00e7in koruyucu eldiven ve koruyucu g\u00f6zl\u00fck tak\u0131n.<\/li>\n<li><strong>Silindirin \u00c7\u0131kar\u0131lmas\u0131:<\/strong> Hidrolik sistemin ve silindir tasar\u0131m\u0131n\u0131n \u00f6zelliklerine ba\u011fl\u0131 olarak, hidrolik silindiri montaj yerinden \u00e7\u0131karman\u0131z gerekebilir. Silindiri \u00e7\u0131karmak i\u00e7in do\u011fru prosed\u00fcr\u00fc \u00f6\u011frenmek i\u00e7in \u00fcreticinin talimatlar\u0131n\u0131 izleyin veya ekipman k\u0131lavuzuna ba\u015fvurun.<\/li>\n<li><strong>Silindir S\u00f6k\u00fcm\u00fc:<\/strong> Hidrolik silindir \u00e7\u0131kar\u0131ld\u0131ktan sonra, contalara eri\u015fmek i\u00e7in dikkatlice s\u00f6k\u00fcn. Tipik olarak, hidrolik silindirler bir silindir g\u00f6vdesi, piston, piston kolu ve \u00e7e\u015fitli contalardan olu\u015fur. \u015eu ad\u0131mlar\u0131 izleyin:a. Silindir Kafas\u0131n\u0131 \u00c7\u0131kar\u0131n: Silindir kafas\u0131n\u0131 g\u00f6vdeden s\u00f6k\u00fcn veya c\u0131vatalar\u0131n\u0131 \u00e7\u0131kar\u0131n, pistonu ve piston kolunu ortaya \u00e7\u0131kar\u0131n.b. Pistonu \u00c7\u0131kar\u0131n: Pistonu yava\u015f\u00e7a silindir g\u00f6vdesinden d\u0131\u015far\u0131 kayd\u0131r\u0131n. Pistona veya silindir duvarlar\u0131na zarar vermemek i\u00e7in dikkatli olun.c. Eski Contalar\u0131 \u00c7\u0131kar\u0131n: Piston contalar\u0131, biyel contalar\u0131 veya silecek contalar\u0131 gibi de\u011fi\u015ftirilmesi gereken contalar\u0131 belirleyin. Eski contalar\u0131 yuvalar\u0131ndan \u00e7\u0131karmak i\u00e7in conta \u00e7\u0131karma pensesi veya kancalar\u0131 gibi uygun aletler kullan\u0131n. Yeni contalar\u0131n do\u011fru \u015fekilde tak\u0131lmas\u0131 i\u00e7in conta y\u00f6n\u00fcne dikkat edin.<\/li>\n<li><strong>M\u00fch\u00fcr Haz\u0131rl\u0131\u011f\u0131:<\/strong> Yeni contalar\u0131 takmadan \u00f6nce herhangi bir kusur veya hasar olup olmad\u0131\u011f\u0131n\u0131 kontrol edin. Orijinal contalar\u0131n \u00f6zelliklerine uygun do\u011fru yedek contalara sahip oldu\u011funuzdan emin olun. Do\u011fru montaj\u0131 kolayla\u015ft\u0131rmak ve s\u00fcrt\u00fcnmeyi azaltmak i\u00e7in yeni contalara ince bir tabaka hidrolik ya\u011f veya conta ya\u011f\u0131 uygulay\u0131n.<\/li>\n<li><strong>M\u00fch\u00fcr Montaj\u0131:<\/strong>a. Piston Contalar\u0131: Yeni piston contalar\u0131n\u0131 takarak ba\u015flay\u0131n. Contalar\u0131 yuvalar\u0131na dikkatlice yerle\u015ftirin, tam olarak oturduklar\u0131ndan ve b\u00fck\u00fclmediklerinden emin olun. Contalar\u0131 yerine hafif\u00e7e bast\u0131rmak i\u00e7in bir conta takma aleti veya yumu\u015fak y\u00fczeyli bir tokmak kullan\u0131n. Contalar\u0131n e\u015fit \u015fekilde oturdu\u011fundan ve d\u00fczg\u00fcn hizaland\u0131\u011f\u0131ndan emin olun. b. Rot Contalar\u0131 ve Silecek Contalar\u0131: Rot ve silecek contalar\u0131n\u0131 takmaya ge\u00e7in. Contalar\u0131 yuvalar\u0131na do\u011fru \u015fekilde yerle\u015ftirin, b\u00fck\u00fclmediklerinden emin olun. Contalar\u0131 sabitlemek i\u00e7in bir conta takma aleti veya tokmak kullanarak hafif\u00e7e bast\u0131r\u0131n.<\/li>\n<li><strong>Yeniden montaj:<\/strong> Yeni contalar\u0131n tamam\u0131 tak\u0131ld\u0131ktan sonra hidrolik silindiri yeniden monte edin. \u015eu ad\u0131mlar\u0131 izleyin: a. Pistonu Yeniden Tak\u0131n: Pistonu dikkatlice silindir g\u00f6vdesine geri kayd\u0131r\u0131n ve herhangi bir engel olmadan serbest\u00e7e hareket etti\u011finden emin olun. Gerekirse, segman veya halka gibi tutma mekanizmalar\u0131n\u0131 hizalay\u0131n. b. Silindir Kapa\u011f\u0131n\u0131 Yeniden Tak\u0131n: Silindir kapa\u011f\u0131n\u0131 silindir g\u00f6vdesine geri yerle\u015ftirin ve vidalar veya c\u0131vatalarla sabitleyin. \u00dcreticinin spesifikasyonlar\u0131na g\u00f6re do\u011fru s\u0131kma i\u015flemini ger\u00e7ekle\u015ftirin.<\/li>\n<li><strong>Silindir Montaj\u0131:<\/strong> Hidrolik silindiri montaj yerinden \u00e7\u0131kard\u0131ysan\u0131z, uygun prosed\u00fcr\u00fc izleyerek tekrar tak\u0131n. Hatlar ve ba\u011flant\u0131 par\u00e7alar\u0131 dahil olmak \u00fczere hidrolik sisteme do\u011fru hizalama ve ba\u011flant\u0131 sa\u011flad\u0131\u011f\u0131n\u0131zdan emin olun.<\/li>\n<li><strong>Test ve Muayene:<\/strong> Hidrolik silindir tekrar tak\u0131ld\u0131ktan sonra i\u015flevselli\u011fini test edin. Sisteme kademeli olarak bas\u0131n\u00e7 uygulay\u0131n ve herhangi bir s\u0131z\u0131nt\u0131, anormal ses veya hatal\u0131 \u00e7al\u0131\u015fma olup olmad\u0131\u011f\u0131n\u0131 kontrol edin. Contalar\u0131n ama\u00e7land\u0131\u011f\u0131 gibi \u00e7al\u0131\u015ft\u0131\u011f\u0131ndan emin olmak i\u00e7in kapsaml\u0131 bir inceleme yap\u0131n.<\/li>\n<\/ol>\n<h2><strong>Fabrikan\u0131n Kapasitesi ve Kapasitesi:<\/strong><\/h2>\n<h3>(1) Meclis<\/h3>\n<p>Birinci s\u0131n\u0131f ba\u011f\u0131ms\u0131z bir ara\u015ft\u0131rma ve geli\u015ftirme montaj platformumuz bulunmaktad\u0131r. Hidrolik silindir \u00fcretim at\u00f6lyemizde, y\u0131ll\u0131k 1 milyon adet \u00fcretim kapasitesine sahip d\u00f6rt adet yar\u0131 otomatik kald\u0131rma silindiri montaj hatt\u0131 ve bir adet otomatik devirme silindiri montaj hatt\u0131 bulunmaktad\u0131r. \u00d6zel silindir at\u00f6lyemiz, y\u0131ll\u0131k 200.000 adet \u00fcretim kapasitesine sahip \u00e7e\u015fitli \u00f6zelliklerde yar\u0131 otomatik temizleme montaj sistemiyle donat\u0131lm\u0131\u015ft\u0131r. Ayr\u0131ca, \u00fcnl\u00fc CNC i\u015fleme ekipmanlar\u0131, bir i\u015fleme merkezi, y\u00fcksek hassasiyetli silindir i\u015fleme \u00f6zel ekipmanlar\u0131, bir robot kaynak makinesi, bir otomatik temizleme makinesi, otomatik silindir montaj makinesi ve otomatik boyama \u00fcretim hatt\u0131 ile donat\u0131lm\u0131\u015ft\u0131r. 300'den fazla setten olu\u015fan kritik ekipmanlar mevcuttur. Ekipman kaynaklar\u0131n\u0131n optimum da\u011f\u0131l\u0131m\u0131 ve verimli kullan\u0131m\u0131, \u00fcr\u00fcnlerin hassasiyet gereksinimlerini kar\u015f\u0131lar ve \u00fcr\u00fcnlerin y\u00fcksek kalite ihtiya\u00e7lar\u0131n\u0131 kar\u015f\u0131lar.<\/p>\n<p><img loading=\"lazy\" decoding=\"async\" class=\"alignnone wp-image-626\" src=\"https:\/\/hydraulic-cylinders.net\/wp-content\/uploads\/2023\/08\/hydraulic-cylinder-product-1-300x158.webp\" alt=\"\" width=\"495\" height=\"260\" srcset=\"https:\/\/hydraulic-cylinders.net\/wp-content\/uploads\/2023\/08\/hydraulic-cylinder-product-1-300x158.webp 495w, https:\/\/hydraulic-cylinders.net\/wp-content\/uploads\/2023\/08\/hydraulic-cylinder-product-1-480x252.webp 480w\" sizes=\"(min-width: 0px) and (max-width: 480px) 480px, (min-width: 481px) 495px, 100vw\" \/> <img loading=\"lazy\" decoding=\"async\" class=\"alignnone wp-image-627\" src=\"https:\/\/hydraulic-cylinders.net\/wp-content\/uploads\/2023\/08\/hydraulic-cylinder-product-2-300x189.webp\" alt=\"\" width=\"413\" height=\"260\" \/><\/p>\n<h3>(2) \u0130\u015fleme<\/h3>\n<p>\u0130\u015fleme at\u00f6lyesi, maksimum 400 mm i\u00e7 \u00e7apa ve maksimum 6 metre uzunlu\u011fa sahip silindir borular\u0131n\u0131n i\u015flenmesini ger\u00e7ekle\u015ftirebilen \u00f6zel e\u011fimli ray torna merkezi, i\u015fleme merkezi, y\u00fcksek h\u0131zl\u0131 honlama makinesi, kaynak robotu ve di\u011fer ilgili ekipmanlarla donat\u0131lm\u0131\u015ft\u0131r.<\/p>\n<p><img loading=\"lazy\" decoding=\"async\" class=\"alignnone wp-image-628 size-large\" src=\"https:\/\/hydraulic-cylinders.net\/wp-content\/uploads\/2023\/08\/hydraulic-cylinder-product-3-1024x391.webp\" alt=\"\" width=\"1024\" height=\"391\" srcset=\"https:\/\/hydraulic-cylinders.net\/wp-content\/uploads\/2023\/08\/hydraulic-cylinder-product-3-980x374.webp 980w, https:\/\/hydraulic-cylinders.net\/wp-content\/uploads\/2023\/08\/hydraulic-cylinder-product-3-480x183.webp 480w\" sizes=\"(min-width: 0px) and (max-width: 480px) 480px, (min-width: 481px) and (max-width: 980px) 980px, (min-width: 981px) 1024px, 100vw\" \/><\/p>\n<h3>(3) Kaynak<\/h3>\n<p><img loading=\"lazy\" decoding=\"async\" class=\"alignnone wp-image-629 size-large\" src=\"https:\/\/hydraulic-cylinders.net\/wp-content\/uploads\/2023\/08\/hydraulic-cylinder-product-4-1024x510.webp\" alt=\"\" width=\"1024\" height=\"510\" srcset=\"https:\/\/hydraulic-cylinders.net\/wp-content\/uploads\/2023\/08\/hydraulic-cylinder-product-4-980x488.webp 980w, https:\/\/hydraulic-cylinders.net\/wp-content\/uploads\/2023\/08\/hydraulic-cylinder-product-4-480x239.webp 480w\" sizes=\"(min-width: 0px) and (max-width: 480px) 480px, (min-width: 481px) and (max-width: 980px) 980px, (min-width: 981px) 1024px, 100vw\" \/><\/p>\n<h3>(4) Boyama ve kaplama<\/h3>\n<p>K\u00fc\u00e7\u00fck ve orta \u00f6l\u00e7ekli silindirli otomatik su bazl\u0131 boya kaplama hatlar\u0131nda, otomatik robot y\u00fckleme-bo\u015faltma ve otomatik p\u00fcsk\u00fcrtmeyi ger\u00e7ekle\u015ftirmek i\u00e7in, vardiya ba\u015f\u0131na 4000 adet tasar\u0131m kapasitesi;<br \/>\nAyr\u0131ca, vardiya ba\u015f\u0131na 60 kasa kapasiteli, g\u00fc\u00e7 zinciriyle \u00e7al\u0131\u015fan b\u00fcy\u00fck silindirler i\u00e7in yar\u0131 otomatik boya \u00fcretim hatt\u0131m\u0131z da bulunmaktad\u0131r.<\/p>\n<p><img loading=\"lazy\" decoding=\"async\" class=\"alignnone wp-image-630\" src=\"https:\/\/hydraulic-cylinders.net\/wp-content\/uploads\/2023\/08\/hydraulic-cylinder-product-5-300x213.webp\" alt=\"\" width=\"366\" height=\"260\" \/> <img loading=\"lazy\" decoding=\"async\" class=\"alignnone wp-image-631\" src=\"https:\/\/hydraulic-cylinders.net\/wp-content\/uploads\/2023\/08\/hydraulic-cylinder-product-6-300x225.webp\" alt=\"\" width=\"347\" height=\"260\" \/><\/p>\n<h3>(5) Test etme<\/h3>\n<p>Silindirin performans\u0131n\u0131n gereklilikleri kar\u015f\u0131lad\u0131\u011f\u0131ndan emin olmak i\u00e7in birinci s\u0131n\u0131f muayene tesislerimiz ve test yataklar\u0131m\u0131z bulunmaktad\u0131r.<\/p>\n<p><img loading=\"lazy\" decoding=\"async\" class=\"alignnone wp-image-632\" src=\"https:\/\/hydraulic-cylinders.net\/wp-content\/uploads\/2023\/08\/hydraulic-cylinder-product-8-300x200.webp\" alt=\"\" width=\"389\" height=\"260\" \/><\/p>\n<p>&nbsp;<\/p>\n<p>&nbsp;<\/p>\n<p>En iyi a\u011f\u0131r \u00e7ubuklu hidrolik silindir \u00fcreticilerinden biriyiz. Geni\u015f bir a\u011f\u0131r \u00e7ubuklu hidrolik silindir sto\u011fu sunabiliyoruz. Ayr\u0131ca, ilgili \u00fcr\u00fcnleri de sa\u011fl\u0131yoruz. <a href=\"https:\/\/hzpt.com\/agricultural-pto-gearbox\/\" target=\"_blank\" rel=\"noopener\">tar\u0131msal di\u015fli kutular\u0131<\/a>\u00dcr\u00fcnlerimizi d\u00fcnyan\u0131n d\u00f6rt bir yan\u0131ndaki m\u00fc\u015fterilerimize ihra\u00e7 ettik ve \u00fcst\u00fcn \u00fcr\u00fcn kalitemiz ve sat\u0131\u015f sonras\u0131 hizmetlerimiz sayesinde iyi bir itibar kazand\u0131k. Yurt i\u00e7i ve yurt d\u0131\u015f\u0131ndaki m\u00fc\u015fterilerimizi i\u015f g\u00f6r\u00fc\u015fmeleri yapmak, bilgi al\u0131\u015fveri\u015finde bulunmak ve daha fazlas\u0131 i\u00e7in bizimle ileti\u015fime ge\u00e7meye davet ediyoruz.\u00a0<a href=\"https:\/\/www.hydraulic-cylinders.net\/tr\/contact-us\/\">bizimle i\u015fbirli\u011fi yap\u0131n<\/a>!<\/p>\n<p>&nbsp;<\/p>\n<h2><\/h2>","protected":false},"excerpt":{"rendered":"<p>FB Rear Flange Type Heavy Rod Hydraulic Cylinder The FB rear flange type heavy rod hydraulic cylinder is a high performance hydraulic element designed to provide superior power, durability and versatility in a wide range of industrial applications. With its robust construction, precise engineering and advanced features, this heavy rod hydraulic cylinder can stand out [&hellip;]<\/p>","protected":false},"featured_media":903,"comment_status":"open","ping_status":"closed","template":"","meta":{"_et_pb_use_builder":"","_et_pb_old_content":"","_et_gb_content_width":""},"product_brand":[],"product_cat":[1376,1385],"product_tag":[1380],"class_list":{"0":"post-900","1":"product","2":"type-product","3":"status-publish","4":"has-post-thumbnail","6":"product_cat-hydraulic-cylinder","7":"product_cat-heavy-rod-hydraulic-cylinder","8":"product_tag-hydraulic-cylinder","10":"first","11":"instock","12":"shipping-taxable","13":"product-type-simple"},"amp_enabled":true,"_links":{"self":[{"href":"https:\/\/www.hydraulic-cylinders.net\/tr\/wp-json\/wp\/v2\/product\/900","targetHints":{"allow":["GET"]}}],"collection":[{"href":"https:\/\/www.hydraulic-cylinders.net\/tr\/wp-json\/wp\/v2\/product"}],"about":[{"href":"https:\/\/www.hydraulic-cylinders.net\/tr\/wp-json\/wp\/v2\/types\/product"}],"replies":[{"embeddable":true,"href":"https:\/\/www.hydraulic-cylinders.net\/tr\/wp-json\/wp\/v2\/comments?post=900"}],"wp:featuredmedia":[{"embeddable":true,"href":"https:\/\/www.hydraulic-cylinders.net\/tr\/wp-json\/wp\/v2\/media\/903"}],"wp:attachment":[{"href":"https:\/\/www.hydraulic-cylinders.net\/tr\/wp-json\/wp\/v2\/media?parent=900"}],"wp:term":[{"taxonomy":"product_brand","embeddable":true,"href":"https:\/\/www.hydraulic-cylinders.net\/tr\/wp-json\/wp\/v2\/product_brand?post=900"},{"taxonomy":"product_cat","embeddable":true,"href":"https:\/\/www.hydraulic-cylinders.net\/tr\/wp-json\/wp\/v2\/product_cat?post=900"},{"taxonomy":"product_tag","embeddable":true,"href":"https:\/\/www.hydraulic-cylinders.net\/tr\/wp-json\/wp\/v2\/product_tag?post=900"}],"curies":[{"name":"wp","href":"https:\/\/api.w.org\/{rel}","templated":true}]}}