{"id":912,"date":"2023-09-04T01:48:53","date_gmt":"2023-09-04T01:48:53","guid":{"rendered":"https:\/\/hydraulic-cylinders.net\/?post_type=product&#038;p=912"},"modified":"2023-09-04T05:47:40","modified_gmt":"2023-09-04T05:47:40","slug":"lb-front-and-back-foot-type-heavy-rod-hydraulic-cylinder","status":"publish","type":"product","link":"https:\/\/www.hydraulic-cylinders.net\/tr\/urun\/lb-front-and-back-foot-type-heavy-rod-hydraulic-cylinder\/","title":{"rendered":"LB \u00d6n ve Arka Ayak Tipi A\u011f\u0131r \u00c7ubuk Hidrolik Silindir"},"content":{"rendered":"<h1 style=\"text-align: center;\"><strong>LB \u00d6n ve Arka Ayak Tipi A\u011f\u0131r \u00c7ubuk Hidrolik Silindir<\/strong><\/h1>\n<p>LB \u00f6n ve arka ayakl\u0131 a\u011f\u0131r hizmet tipi hidrolik silindirler, \u00e7e\u015fitli end\u00fcstriyel uygulamalar\u0131n ihtiya\u00e7lar\u0131n\u0131 kar\u015f\u0131lamak \u00fczere tasarlanm\u0131\u015f, son teknoloji \u00fcr\u00fcn\u00fc hidrolik elemanlard\u0131r. Sa\u011flam yap\u0131s\u0131, \u00fcst\u00fcn kuvvet \u00e7\u0131k\u0131\u015f\u0131 ve benzersiz \u00f6n ve arka ayak tasar\u0131m\u0131yla bu hidrolik silindir, ola\u011fan\u00fcst\u00fc g\u00fc\u00e7, hassasiyet ve \u00e7ok y\u00f6nl\u00fcl\u00fck sunar. \u0130ster a\u011f\u0131r kald\u0131rma, ister itme veya \u00e7ekme olsun, LB \u00f6n ve arka ayakl\u0131 a\u011f\u0131r hizmet tipi hidrolik silindirler, end\u00fcstriyel i\u015flemleri optimize etmek i\u00e7in g\u00fcvenilir performans sa\u011flar.<\/p>\n<p>A\u011f\u0131r \u00c7ubuk Hidrolik Silindirin Temel \u00d6zellikleri:<\/p>\n<p><strong>Sa\u011flam Yap\u0131:<\/strong>\u00a0 Bu a\u011f\u0131r hizmet tipi hidrolik silindir, dayan\u0131kl\u0131l\u0131k ve uzun \u00f6m\u00fcr sa\u011flamak i\u00e7in masif \u00e7elik veya ala\u015f\u0131mlar gibi y\u00fcksek kaliteli malzemelerden \u00fcretilmi\u015ftir. Sa\u011flam yap\u0131s\u0131, a\u011f\u0131r y\u00fckleri, y\u00fcksek bas\u0131n\u00e7lar\u0131 ve zorlu \u00e7evre ko\u015fullar\u0131n\u0131 kald\u0131rabilmesini sa\u011flayarak, zorlu end\u00fcstriyel g\u00f6revler i\u00e7in uygun hale getirir.<\/p>\n<p><strong>Y\u00fcksek Kuvvet \u00c7\u0131k\u0131\u015f\u0131:<\/strong>\u00a0 LB \u00f6n ve arka ayakl\u0131 a\u011f\u0131r hizmet tipi hidrolik silindirler, etkileyici bir g\u00fc\u00e7 \u00e7\u0131k\u0131\u015f\u0131na sahip olup, \u00e7ok fazla g\u00fc\u00e7 gerektiren uygulamalar i\u00e7in idealdir. Geni\u015f piston \u00e7ap\u0131 ve y\u00fcksek bas\u0131n\u00e7 kapasitesi, a\u011f\u0131r i\u015fleri kolayca halletmek i\u00e7in ola\u011fan\u00fcst\u00fc bir g\u00fc\u00e7 sa\u011flar.<\/p>\n<p><strong>\u00d6n ve Arka Ayak Tasar\u0131m\u0131:<\/strong>\u00a0 Bu hidrolik silindir, \u00e7e\u015fitli montaj se\u00e7enekleri i\u00e7in benzersiz bir \u00f6n ve arka ayak tasar\u0131m\u0131na sahiptir. \u00d6n ve arka ayak d\u00fczenlemesi, silindirin stabilitesini art\u0131r\u0131r ve ta\u015f\u0131ma kapasitesini y\u00fckseltir. Bu tasar\u0131m, \u00e7e\u015fitli hidrolik sistemlere ve ekipman konfig\u00fcrasyonlar\u0131na kolayca monte edilip entegre edilebilmekte, esneklik ve uyarlanabilirlik sa\u011flamaktad\u0131r.<\/p>\n<p><strong>Hassas Kontrol:<\/strong>\u00a0 LB \u00f6n ve arka ayakl\u0131 a\u011f\u0131r hizmet tipi hidrolik silindirler, hassas i\u015flenmi\u015f bile\u015fenler ve y\u00fcksek kaliteli contalar kullanarak do\u011fru ve g\u00fcvenilir \u00e7al\u0131\u015fma sa\u011flar. Y\u00fcklerin hareketini ve konumunu hassas bir \u015fekilde kontrol ederek verimli ve uygun i\u015flemeyi m\u00fcmk\u00fcn k\u0131lar.<\/p>\n<p><img loading=\"lazy\" decoding=\"async\" class=\"aligncenter wp-image-915 size-full\" src=\"https:\/\/hydraulic-cylinders.net\/wp-content\/uploads\/2023\/09\/lb-front-and-back-foot-type-heavy-rod-hydraulic-cylinder-2.webp\" alt=\"\" width=\"269\" height=\"269\" srcset=\"https:\/\/www.hydraulic-cylinders.net\/wp-content\/uploads\/2023\/09\/lb-front-and-back-foot-type-heavy-rod-hydraulic-cylinder-2.webp 269w, https:\/\/www.hydraulic-cylinders.net\/wp-content\/uploads\/2023\/09\/lb-front-and-back-foot-type-heavy-rod-hydraulic-cylinder-2-100x100.webp 100w, https:\/\/www.hydraulic-cylinders.net\/wp-content\/uploads\/2023\/09\/lb-front-and-back-foot-type-heavy-rod-hydraulic-cylinder-2-150x150.webp 150w, https:\/\/www.hydraulic-cylinders.net\/wp-content\/uploads\/2023\/09\/lb-front-and-back-foot-type-heavy-rod-hydraulic-cylinder-2-12x12.webp 12w\" sizes=\"(max-width: 269px) 100vw, 269px\" \/><\/p>\n<h2><strong>LB \u00d6n ve Arka Ayak Tipi A\u011f\u0131r Hizmet Tipi Hidrolik Silindir Parametreleri:<\/strong><\/h2>\n<p><img loading=\"lazy\" decoding=\"async\" class=\"alignnone wp-image-914 size-full\" src=\"https:\/\/hydraulic-cylinders.net\/wp-content\/uploads\/2023\/09\/lb-front-and-back-foot-type-heavy-rod-hydraulic-cylinder-1.webp\" alt=\"\" width=\"790\" height=\"711\" srcset=\"https:\/\/hydraulic-cylinders.net\/wp-content\/uploads\/2023\/09\/lb-front-and-back-foot-type-heavy-rod-hydraulic-cylinder-1.webp 790w, https:\/\/hydraulic-cylinders.net\/wp-content\/uploads\/2023\/09\/lb-front-and-back-foot-type-heavy-rod-hydraulic-cylinder-1-480x432.webp 480w\" sizes=\"(min-width: 0px) and (max-width: 480px) 480px, (min-width: 481px) 790px, 100vw\" \/><\/p>\n<h2><strong>LB \u00d6n ve Arka Ayak Tipi A\u011f\u0131r \u00c7ubuk Hidrolik Silindir <\/strong><strong>Kullan\u0131m Y\u00f6ntemi<\/strong><strong>:<\/strong><\/h2>\n<p><strong>Montaj:<\/strong>\u00a0 \u00d6ncelikle, uygun braketler veya ba\u011flant\u0131 elemanlar\u0131 kullanarak LB \u00f6n ve arka ayak a\u011f\u0131r \u00e7ubuklu hidrolik silindirlerini g\u00fcvenli bir \u015fekilde monte edin. Silindirlerin yanl\u0131\u015f hizalanmas\u0131n\u0131 veya gerilmesini \u00f6nlemek i\u00e7in montaj s\u0131ras\u0131nda do\u011fru hizalama ve stabiliteyi sa\u011flay\u0131n.<\/p>\n<p><strong>Hidrolik Sistem Entegrasyonu:<\/strong>\u00a0 Hidrolik hatlar\u0131 silindir portlar\u0131na ba\u011flamak i\u00e7in \u00fcreticinin talimatlar\u0131n\u0131 ve y\u00f6nergelerini izleyin. Silindir, uygun bir pompaya veya g\u00fc\u00e7 \u00fcnitesine tak\u0131larak hidrolik sisteme entegre edilir. Silindir \u00f6zelliklerinin ve \u00e7al\u0131\u015fma gereksinimlerinin kar\u015f\u0131land\u0131\u011f\u0131ndan emin olun.<\/p>\n<p><strong>Kontrol ve \u0130\u015fletme:<\/strong>\u00a0 Hidrolik sistemdeki kontrol valfi, silindire giren ve \u00e7\u0131kan hidrolik ya\u011f ak\u0131\u015f\u0131n\u0131 d\u00fczenler. Kontrol ayarlar\u0131n\u0131 istenen do\u011frusal hareket ve kuvvet \u00e7\u0131k\u0131\u015f\u0131na g\u00f6re ayarlay\u0131n. Silindirin hareketini test ederek i\u015flevini ve tepkisini do\u011frulay\u0131n.<\/p>\n<h2><strong>LB \u00d6n ve Arka Ayak Tipi A\u011f\u0131r \u00c7ubuk Hidrolik Silindir <\/strong><strong>Bak\u0131m<\/strong><strong>:<\/strong><\/h2>\n<p>D\u00fczenli bak\u0131m, LB \u00f6n ve arka ayak tipi a\u011f\u0131r hizmet tipi hidrolik silindirin optimum performans\u0131n\u0131 ve uzun \u00f6mr\u00fcn\u00fc sa\u011flar. A\u015fa\u011f\u0131daki bak\u0131m y\u00f6nergelerini izleyin:<\/p>\n<p><strong>D\u00fczenli Muayene:<\/strong>\u00a0 A\u015f\u0131nma, hasar veya s\u0131z\u0131nt\u0131 belirtilerini tespit etmek i\u00e7in rutin kontroller yap\u0131n. Silindir bloklar\u0131n\u0131, piston kollar\u0131n\u0131, contalar\u0131 ve di\u011fer bile\u015fenleri anormallikler a\u00e7\u0131s\u0131ndan kontrol edin. Daha fazla yaralanmay\u0131 veya operasyonel verimsizli\u011fi \u00f6nlemek i\u00e7in sorunlar\u0131 derhal \u00e7\u00f6z\u00fcn.<\/p>\n<p><strong>Ya\u011flama:<\/strong>\u00a0 Silindirin ba\u011flant\u0131 \u00e7ubuklar\u0131 ve contalar dahil hareketli par\u00e7alar\u0131na \u00f6nerilen ya\u011flay\u0131c\u0131y\u0131 uygulay\u0131n. D\u00fczenli ya\u011flama, s\u00fcrt\u00fcnmeyi en aza indirir, a\u015f\u0131nmay\u0131 azalt\u0131r ve sorunsuz \u00e7al\u0131\u015fmay\u0131 sa\u011flar. \u00dcreticinin ya\u011flama aral\u0131\u011f\u0131 y\u00f6nergelerine uygun ya\u011flay\u0131c\u0131 t\u00fcr\u00fcn\u00fc kullan\u0131n.<\/p>\n<p><strong>Conta De\u011fi\u015fimi:<\/strong>\u00a0 Contalar\u0131n bozuldu\u011fu veya s\u0131zd\u0131rd\u0131\u011f\u0131 tespit edilirse, contalar\u0131 \u00fcretici taraf\u0131ndan onaylanm\u0131\u015f orijinal par\u00e7alarla de\u011fi\u015ftirin. Hasarl\u0131 veya a\u015f\u0131nm\u0131\u015f contalar, silindirin performans\u0131n\u0131 olumsuz etkileyebilir ve hidrolik ya\u011f s\u0131z\u0131nt\u0131s\u0131na yol a\u00e7abilir.<\/p>\n<p><strong>Temizlik:<\/strong>\u00a0 Silindirleri kir, kal\u0131nt\u0131 ve di\u011fer kirleticilerden ar\u0131nd\u0131rarak temizleyin. Yeniden monte etmeden \u00f6nce a\u015f\u0131nd\u0131r\u0131c\u0131 olmayan bir temizleyici kullan\u0131n ve t\u00fcm par\u00e7alar\u0131n kuru oldu\u011fundan emin olun. D\u00fczenli temizlik, optimum performans\u0131 destekler ve erken a\u015f\u0131nma veya hasar\u0131 \u00f6nler.<\/p>\n<h2><strong>Hidrolik Silindir Nas\u0131l Yeniden \u0130n\u015fa Edilir?<\/strong><\/h2>\n<p>Hidrolik silindirin yeniden yap\u0131m\u0131, silindirin s\u00f6k\u00fclmesini, a\u015f\u0131nm\u0131\u015f veya hasar g\u00f6rm\u00fc\u015f par\u00e7alar\u0131n incelenmesini ve de\u011fi\u015ftirilmesini ve silindirin yeni contalar ve di\u011fer gerekli par\u00e7alarla yeniden monte edilmesini i\u00e7erir. \u0130\u015fte hidrolik silindirin nas\u0131l yeniden yap\u0131laca\u011f\u0131na dair genel ad\u0131m ad\u0131m bir k\u0131lavuz:<\/p>\n<ol>\n<li><strong>G\u00fcvenlik \u00d6nlemleri:<\/strong> Yeniden yap\u0131m i\u015flemine ba\u015flamadan \u00f6nce, hidrolik sistemin bas\u0131nc\u0131n\u0131n bo\u015falt\u0131ld\u0131\u011f\u0131ndan ve t\u00fcm hidrolik s\u0131v\u0131n\u0131n tamamen bo\u015falt\u0131ld\u0131\u011f\u0131ndan emin olun. Kendinizi korumak i\u00e7in eldiven ve koruyucu g\u00f6zl\u00fck gibi uygun g\u00fcvenlik ekipmanlar\u0131n\u0131 kullan\u0131n.<\/li>\n<li><strong>Silindirin \u00c7\u0131kar\u0131lmas\u0131:<\/strong> Hidrolik silindiri ba\u011fl\u0131 oldu\u011fu ekipman veya makineden ay\u0131r\u0131n. Bu i\u015flem, montaj braketlerinin, ba\u011flant\u0131 par\u00e7alar\u0131n\u0131n veya di\u011fer ba\u011flant\u0131lar\u0131n \u00e7\u0131kar\u0131lmas\u0131n\u0131 gerektirebilir. Hidrolik silindirinize \u00f6zel talimatlar i\u00e7in \u00fcreticinin y\u00f6nergelerini veya ekipman k\u0131lavuzlar\u0131n\u0131 izleyin.<\/li>\n<li><strong>S\u00f6kme:<\/strong> A\u015fa\u011f\u0131daki ad\u0131mlar\u0131 izleyerek hidrolik silindiri dikkatlice s\u00f6k\u00fcn: a. U\u00e7 kapaklar\u0131n\u0131 \u00e7\u0131kar\u0131n: Genellikle hidrolik silindirlerin her iki ucunda birer tane olmak \u00fczere iki u\u00e7 kapa\u011f\u0131 bulunur. U\u00e7 kapaklar\u0131n\u0131 yerinde tutan c\u0131vatalar\u0131 veya vidalar\u0131 s\u00f6k\u00fcn ve kapaklar\u0131 dikkatlice \u00e7\u0131kar\u0131n. b. Pistonu \u00e7\u0131kar\u0131n: U\u00e7 kapaklar\u0131 \u00e7\u0131kar\u0131ld\u0131ktan sonra, piston tertibat\u0131n\u0131 silindir g\u00f6vdesinden yava\u015f\u00e7a d\u0131\u015far\u0131 kayd\u0131r\u0131n. Herhangi bir conta veya yata\u011f\u0131n y\u00f6n\u00fcn\u00fc ve d\u00fczenini not edin.\n<p>c. Contalar\u0131 ve di\u011fer par\u00e7alar\u0131 \u00e7\u0131kar\u0131n: Piston ve silindir g\u00f6vdesinden t\u00fcm contalar\u0131, rulmanlar\u0131 ve di\u011fer t\u00fcm par\u00e7alar\u0131 \u00e7\u0131kar\u0131n. Her bir par\u00e7ay\u0131 a\u015f\u0131nma, hasar veya s\u0131z\u0131nt\u0131 belirtileri a\u00e7\u0131s\u0131ndan inceleyin.<\/li>\n<li><strong>Kontrol ve De\u011fi\u015ftirme:<\/strong> Piston, silindir g\u00f6vdesi, contalar, rulmanlar ve di\u011fer par\u00e7alar dahil olmak \u00fczere t\u00fcm bile\u015fenleri inceleyin. A\u015f\u0131nma, \u00e7izilme, \u00e7ukurla\u015fma veya di\u011fer hasar belirtileri olup olmad\u0131\u011f\u0131n\u0131 kontrol edin. A\u015f\u0131r\u0131 a\u015f\u0131nma veya hasar belirtileri g\u00f6steren t\u00fcm bile\u015fenleri de\u011fi\u015ftirin. a. Contalar: T\u00fcm contalar\u0131 yenileriyle de\u011fi\u015ftirin ve hidrolik silindiriniz i\u00e7in do\u011fru boyut ve tipte olduklar\u0131ndan emin olun. Yeni contalar\u0131 takmadan \u00f6nce hidrolik s\u0131v\u0131 ile ya\u011flay\u0131n. b. Di\u011fer Bile\u015fenler: Herhangi bir rulman, bur\u00e7 veya di\u011fer bile\u015fenlerde a\u015f\u0131nma veya hasar belirtileri varsa, \u00fcreticinin \u00f6zelliklerine g\u00f6re yenileriyle de\u011fi\u015ftirin.<\/li>\n<li><strong>Temizlik:<\/strong> T\u00fcm par\u00e7alar\u0131 iyice temizleyin, kir, d\u00f6k\u00fcnt\u00fc veya eski hidrolik s\u0131v\u0131y\u0131 giderin. Yeniden montajdan \u00f6nce t\u00fcm par\u00e7alar\u0131n tamamen kuru oldu\u011fundan emin olmak i\u00e7in uygun bir temizlik maddesi kullan\u0131n.<\/li>\n<li><strong>Yeniden montaj:<\/strong> Hidrolik silindiri yeniden monte etmek i\u00e7in \u015fu ad\u0131mlar\u0131 izleyin: a. Yeni contalar\u0131 tak\u0131n: Yeni contalar\u0131 pistonun \u00fczerine ve silindir g\u00f6vdesinin i\u00e7ine dikkatlice tak\u0131n. Contalar\u0131n do\u011fru y\u00f6nlendirilmi\u015f ve hizalanm\u0131\u015f oldu\u011fundan emin olun. b. Pistonu yerle\u015ftirin: Yeni contalara zarar vermemeye dikkat ederek piston tertibat\u0131n\u0131 yava\u015f\u00e7a silindir g\u00f6vdesine geri kayd\u0131r\u0131n.\n<p>c. U\u00e7 kapaklar\u0131n\u0131 tekrar tak\u0131n: U\u00e7 kapaklar\u0131n\u0131 silindir g\u00f6vdesine geri yerle\u015ftirin ve uygun c\u0131vata veya vidalarla sabitleyin. \u00dcreticinin \u00f6nerdi\u011fi tork de\u011ferlerine g\u00f6re s\u0131k\u0131n.<\/li>\n<li><strong>Hidrolik S\u0131v\u0131 De\u011fi\u015fimi:<\/strong> Hidrolik silindiri, \u00f6nerilen hidrolik s\u0131v\u0131s\u0131yla doldurun; do\u011fru tipte ve uygun seviyede oldu\u011fundan emin olun. \u00dcreticinin talimatlar\u0131na g\u00f6re sistemdeki havay\u0131 bo\u015falt\u0131n.<\/li>\n<li><strong>Test:<\/strong> Hidrolik silindiri ekipmana veya makineye yeniden ba\u011flay\u0131n ve \u00e7al\u0131\u015fmas\u0131n\u0131 test edin. Herhangi bir s\u0131z\u0131nt\u0131 veya anormal davran\u0131\u015f olup olmad\u0131\u011f\u0131n\u0131 kontrol edin. Silindirin sorunsuz \u00e7al\u0131\u015ft\u0131\u011f\u0131ndan ve beklendi\u011fi gibi performans g\u00f6sterdi\u011finden emin olun.<\/li>\n<\/ol>\n<h2><strong>Fabrikan\u0131n Kapasitesi ve Kapasitesi:<\/strong><\/h2>\n<h3>(1) Meclis<\/h3>\n<p>Birinci s\u0131n\u0131f ba\u011f\u0131ms\u0131z bir ara\u015ft\u0131rma ve geli\u015ftirme montaj platformumuz bulunmaktad\u0131r. Hidrolik silindir \u00fcretim at\u00f6lyemizde, y\u0131ll\u0131k 1 milyon adet \u00fcretim kapasitesine sahip d\u00f6rt adet yar\u0131 otomatik kald\u0131rma silindiri montaj hatt\u0131 ve bir adet otomatik devirme silindiri montaj hatt\u0131 bulunmaktad\u0131r. \u00d6zel silindir at\u00f6lyemiz, y\u0131ll\u0131k 200.000 adet \u00fcretim kapasitesine sahip \u00e7e\u015fitli \u00f6zelliklerde yar\u0131 otomatik temizleme montaj sistemiyle donat\u0131lm\u0131\u015ft\u0131r. Ayr\u0131ca, \u00fcnl\u00fc CNC i\u015fleme ekipmanlar\u0131, bir i\u015fleme merkezi, y\u00fcksek hassasiyetli silindir i\u015fleme \u00f6zel ekipmanlar\u0131, bir robot kaynak makinesi, bir otomatik temizleme makinesi, otomatik silindir montaj makinesi ve otomatik boyama \u00fcretim hatt\u0131 ile donat\u0131lm\u0131\u015ft\u0131r. 300'den fazla setten olu\u015fan kritik ekipmanlar mevcuttur. Ekipman kaynaklar\u0131n\u0131n optimum da\u011f\u0131l\u0131m\u0131 ve verimli kullan\u0131m\u0131, \u00fcr\u00fcnlerin hassasiyet gereksinimlerini kar\u015f\u0131lar ve \u00fcr\u00fcnlerin y\u00fcksek kalite ihtiya\u00e7lar\u0131n\u0131 kar\u015f\u0131lar.<\/p>\n<p><img loading=\"lazy\" decoding=\"async\" class=\"alignnone wp-image-626\" src=\"https:\/\/hydraulic-cylinders.net\/wp-content\/uploads\/2023\/08\/hydraulic-cylinder-product-1-300x158.webp\" alt=\"\" width=\"495\" height=\"260\" srcset=\"https:\/\/hydraulic-cylinders.net\/wp-content\/uploads\/2023\/08\/hydraulic-cylinder-product-1-300x158.webp 495w, https:\/\/hydraulic-cylinders.net\/wp-content\/uploads\/2023\/08\/hydraulic-cylinder-product-1-480x252.webp 480w\" sizes=\"(min-width: 0px) and (max-width: 480px) 480px, (min-width: 481px) 495px, 100vw\" \/> <img loading=\"lazy\" decoding=\"async\" class=\"alignnone wp-image-627\" src=\"https:\/\/hydraulic-cylinders.net\/wp-content\/uploads\/2023\/08\/hydraulic-cylinder-product-2-300x189.webp\" alt=\"\" width=\"413\" height=\"260\" \/><\/p>\n<h3>(2) \u0130\u015fleme<\/h3>\n<p>\u0130\u015fleme at\u00f6lyesi, maksimum 400 mm i\u00e7 \u00e7apa ve maksimum 6 metre uzunlu\u011fa sahip silindir borular\u0131n\u0131n i\u015flenmesini ger\u00e7ekle\u015ftirebilen \u00f6zel e\u011fimli ray torna merkezi, i\u015fleme merkezi, y\u00fcksek h\u0131zl\u0131 honlama makinesi, kaynak robotu ve di\u011fer ilgili ekipmanlarla donat\u0131lm\u0131\u015ft\u0131r.<\/p>\n<p><img loading=\"lazy\" decoding=\"async\" class=\"alignnone wp-image-628 size-large\" src=\"https:\/\/hydraulic-cylinders.net\/wp-content\/uploads\/2023\/08\/hydraulic-cylinder-product-3-1024x391.webp\" alt=\"\" width=\"1024\" height=\"391\" srcset=\"https:\/\/hydraulic-cylinders.net\/wp-content\/uploads\/2023\/08\/hydraulic-cylinder-product-3-980x374.webp 980w, https:\/\/hydraulic-cylinders.net\/wp-content\/uploads\/2023\/08\/hydraulic-cylinder-product-3-480x183.webp 480w\" sizes=\"(min-width: 0px) and (max-width: 480px) 480px, (min-width: 481px) and (max-width: 980px) 980px, (min-width: 981px) 1024px, 100vw\" \/><\/p>\n<h3>(3) Kaynak<\/h3>\n<p><img loading=\"lazy\" decoding=\"async\" class=\"alignnone wp-image-629 size-large\" src=\"https:\/\/hydraulic-cylinders.net\/wp-content\/uploads\/2023\/08\/hydraulic-cylinder-product-4-1024x510.webp\" alt=\"\" width=\"1024\" height=\"510\" srcset=\"https:\/\/hydraulic-cylinders.net\/wp-content\/uploads\/2023\/08\/hydraulic-cylinder-product-4-980x488.webp 980w, https:\/\/hydraulic-cylinders.net\/wp-content\/uploads\/2023\/08\/hydraulic-cylinder-product-4-480x239.webp 480w\" sizes=\"(min-width: 0px) and (max-width: 480px) 480px, (min-width: 481px) and (max-width: 980px) 980px, (min-width: 981px) 1024px, 100vw\" \/><\/p>\n<h3>(4) Boyama ve kaplama<\/h3>\n<p>K\u00fc\u00e7\u00fck ve orta \u00f6l\u00e7ekli silindirli otomatik su bazl\u0131 boya kaplama hatlar\u0131nda, otomatik robot y\u00fckleme-bo\u015faltma ve otomatik p\u00fcsk\u00fcrtmeyi ger\u00e7ekle\u015ftirmek i\u00e7in, vardiya ba\u015f\u0131na 4000 adet tasar\u0131m kapasitesi;<br \/>\nAyr\u0131ca, vardiya ba\u015f\u0131na 60 kasa kapasiteli, g\u00fc\u00e7 zinciriyle \u00e7al\u0131\u015fan b\u00fcy\u00fck silindirler i\u00e7in yar\u0131 otomatik boya \u00fcretim hatt\u0131m\u0131z da bulunmaktad\u0131r.<\/p>\n<p><img loading=\"lazy\" decoding=\"async\" class=\"alignnone wp-image-630\" src=\"https:\/\/hydraulic-cylinders.net\/wp-content\/uploads\/2023\/08\/hydraulic-cylinder-product-5-300x213.webp\" alt=\"\" width=\"366\" height=\"260\" \/> <img loading=\"lazy\" decoding=\"async\" class=\"alignnone wp-image-631\" src=\"https:\/\/hydraulic-cylinders.net\/wp-content\/uploads\/2023\/08\/hydraulic-cylinder-product-6-300x225.webp\" alt=\"\" width=\"347\" height=\"260\" \/><\/p>\n<h3>(5) Test etme<\/h3>\n<p>Silindirin performans\u0131n\u0131n gereklilikleri kar\u015f\u0131lad\u0131\u011f\u0131ndan emin olmak i\u00e7in birinci s\u0131n\u0131f muayene tesislerimiz ve test yataklar\u0131m\u0131z bulunmaktad\u0131r.<\/p>\n<p><img loading=\"lazy\" decoding=\"async\" class=\"alignnone wp-image-632\" src=\"https:\/\/hydraulic-cylinders.net\/wp-content\/uploads\/2023\/08\/hydraulic-cylinder-product-8-300x200.webp\" alt=\"\" width=\"389\" height=\"260\" \/><\/p>\n<p>&nbsp;<\/p>\n<p>&nbsp;<\/p>\n<p>En iyi a\u011f\u0131r \u00e7ubuklu hidrolik silindir \u00fcreticilerinden biriyiz. Geni\u015f bir a\u011f\u0131r \u00e7ubuklu hidrolik silindir sto\u011fu sunabiliyoruz. Ayr\u0131ca, ilgili \u00fcr\u00fcnleri de sa\u011fl\u0131yoruz. <a href=\"https:\/\/hzpt.com\/agricultural-pto-gearbox\/\" target=\"_blank\" rel=\"noopener\">tar\u0131msal di\u015fli kutular\u0131<\/a>\u00dcr\u00fcnlerimizi d\u00fcnyan\u0131n d\u00f6rt bir yan\u0131ndaki m\u00fc\u015fterilerimize ihra\u00e7 ettik ve \u00fcst\u00fcn \u00fcr\u00fcn kalitemiz ve sat\u0131\u015f sonras\u0131 hizmetlerimiz sayesinde iyi bir itibar kazand\u0131k. Yurt i\u00e7i ve yurt d\u0131\u015f\u0131ndaki m\u00fc\u015fterilerimizi i\u015f g\u00f6r\u00fc\u015fmeleri yapmak, bilgi al\u0131\u015fveri\u015finde bulunmak ve daha fazlas\u0131 i\u00e7in bizimle ileti\u015fime ge\u00e7meye davet ediyoruz.\u00a0<a href=\"https:\/\/www.hydraulic-cylinders.net\/tr\/contact-us\/\">bizimle i\u015fbirli\u011fi yap\u0131n<\/a>!<\/p>\n<p>&nbsp;<\/p>\n<h2><\/h2>","protected":false},"excerpt":{"rendered":"<p>LB Front And Back Foot Type Heavy Rod Hydraulic Cylinder LB front and rear foot heavy rod hydraulic cylinders are state-of-the-art hydraulic elements designed to meet the needs of various industrial applications. With its rugged construction, superior force output, and unique front and rear foot design, this hydraulic cylinder offers exceptional power, precision, and versatility. [&hellip;]<\/p>","protected":false},"featured_media":916,"comment_status":"open","ping_status":"closed","template":"","meta":{"_et_pb_use_builder":"","_et_pb_old_content":"","_et_gb_content_width":""},"product_brand":[],"product_cat":[1376],"product_tag":[1380],"class_list":{"0":"post-912","1":"product","2":"type-product","3":"status-publish","4":"has-post-thumbnail","6":"product_cat-hydraulic-cylinder","7":"product_tag-hydraulic-cylinder","9":"first","10":"instock","11":"shipping-taxable","12":"product-type-simple"},"amp_enabled":true,"_links":{"self":[{"href":"https:\/\/www.hydraulic-cylinders.net\/tr\/wp-json\/wp\/v2\/product\/912","targetHints":{"allow":["GET"]}}],"collection":[{"href":"https:\/\/www.hydraulic-cylinders.net\/tr\/wp-json\/wp\/v2\/product"}],"about":[{"href":"https:\/\/www.hydraulic-cylinders.net\/tr\/wp-json\/wp\/v2\/types\/product"}],"replies":[{"embeddable":true,"href":"https:\/\/www.hydraulic-cylinders.net\/tr\/wp-json\/wp\/v2\/comments?post=912"}],"wp:featuredmedia":[{"embeddable":true,"href":"https:\/\/www.hydraulic-cylinders.net\/tr\/wp-json\/wp\/v2\/media\/916"}],"wp:attachment":[{"href":"https:\/\/www.hydraulic-cylinders.net\/tr\/wp-json\/wp\/v2\/media?parent=912"}],"wp:term":[{"taxonomy":"product_brand","embeddable":true,"href":"https:\/\/www.hydraulic-cylinders.net\/tr\/wp-json\/wp\/v2\/product_brand?post=912"},{"taxonomy":"product_cat","embeddable":true,"href":"https:\/\/www.hydraulic-cylinders.net\/tr\/wp-json\/wp\/v2\/product_cat?post=912"},{"taxonomy":"product_tag","embeddable":true,"href":"https:\/\/www.hydraulic-cylinders.net\/tr\/wp-json\/wp\/v2\/product_tag?post=912"}],"curies":[{"name":"wp","href":"https:\/\/api.w.org\/{rel}","templated":true}]}}