{"id":917,"date":"2023-09-04T02:18:18","date_gmt":"2023-09-04T02:18:18","guid":{"rendered":"https:\/\/hydraulic-cylinders.net\/?post_type=product&#038;p=917"},"modified":"2023-09-04T05:47:06","modified_gmt":"2023-09-04T05:47:06","slug":"la-left-and-right-foot-type-heavy-rod-hydraulic-cylinder","status":"publish","type":"product","link":"https:\/\/www.hydraulic-cylinders.net\/tr\/urun\/la-left-and-right-foot-type-heavy-rod-hydraulic-cylinder\/","title":{"rendered":"LA Sol ve Sa\u011f Ayak Tipi A\u011f\u0131r \u00c7ubuk Hidrolik Silindir"},"content":{"rendered":"<h1 style=\"text-align: center;\"><strong>LA Sol ve Sa\u011f Ayak Tipi A\u011f\u0131r \u00c7ubuk Hidrolik Silindir<\/strong><\/h1>\n<p>LA sol ve sa\u011f ayakl\u0131 a\u011f\u0131r hizmet tipi \u00e7ubuklu hidrolik silindir, \u00e7e\u015fitli end\u00fcstriyel uygulamalar\u0131n ihtiya\u00e7lar\u0131n\u0131 kar\u015f\u0131lamak \u00fczere tasarlanm\u0131\u015f, son teknoloji \u00fcr\u00fcn\u00fc bir hidrolik elemand\u0131r. Sa\u011flam yap\u0131s\u0131, \u00fcst\u00fcn kuvvet \u00e7\u0131k\u0131\u015f\u0131 ve benzersiz sol ve sa\u011f ayak tasar\u0131m\u0131yla bu hidrolik silindir, ola\u011fan\u00fcst\u00fc g\u00fc\u00e7, hassasiyet ve \u00e7ok y\u00f6nl\u00fcl\u00fck sunar. A\u011f\u0131r kald\u0131rma, itme veya \u00e7ekme gibi a\u011f\u0131r hizmet tipi \u00e7ubuklu LA sol ve sa\u011f ayakl\u0131 hidrolik silindirler, end\u00fcstriyel operasyonlar\u0131 optimize etmek i\u00e7in g\u00fcvenilir performans sa\u011flar.<\/p>\n<p>A\u011f\u0131r \u00c7ubuk Hidrolik Silindirin Temel \u00d6zellikleri:<\/p>\n<p><strong>Sa\u011flam Yap\u0131:<\/strong>\u00a0 Masif \u00e7elik veya ala\u015f\u0131mlar gibi y\u00fcksek kaliteli malzemeler kullanan LA sol ve sa\u011f ayak tipi a\u011f\u0131r \u00e7ubuklu hidrolik silindirler, dayan\u0131kl\u0131l\u0131k ve uzun \u00f6m\u00fcr sa\u011flar. Sa\u011flam yap\u0131s\u0131, a\u011f\u0131r y\u00fckleri, y\u00fcksek bas\u0131n\u00e7lar\u0131 ve zorlu \u00e7evre ko\u015fullar\u0131n\u0131 kald\u0131rarak zorlu end\u00fcstriyel g\u00f6revler i\u00e7in uygun hale getirir.<\/p>\n<p><strong>Y\u00fcksek Kuvvet \u00c7\u0131k\u0131\u015f\u0131:<\/strong> Bu hidrolik silindir, etkileyici bir kuvvet \u00e7\u0131k\u0131\u015f\u0131 sunarak, \u00f6nemli g\u00fc\u00e7 gerektiren uygulamalar i\u00e7in idealdir. Geni\u015f piston \u00e7ap\u0131 ve y\u00fcksek bas\u0131n\u00e7 kapasitesi, a\u011f\u0131r i\u015flerin kolayca \u00fcstesinden gelmenizi sa\u011flayacak ola\u011fan\u00fcst\u00fc bir g\u00fc\u00e7 sa\u011flar.<\/p>\n<p><strong>Sol ve Sa\u011f Ayak Tasar\u0131m\u0131:<\/strong>\u00a0 LA sol ve sa\u011f ayak a\u011f\u0131r \u00e7ubuk hidrolik silindiri, \u00e7e\u015fitli montaj se\u00e7eneklerine olanak tan\u0131yan benzersiz bir sol ve sa\u011f ayak tasar\u0131m\u0131na sahiptir. Bu tasar\u0131m, kurulumu ve birden fazla hidrolik sistem ve ekipman konfig\u00fcrasyonuna entegrasyonu kolay olup, esneklik ve uyarlanabilirlik sa\u011flar.<\/p>\n<p><strong>Hassas Kontrol:<\/strong>\u00a0 Hassas i\u015flenmi\u015f bile\u015fenler ve y\u00fcksek kaliteli contalarla donat\u0131lm\u0131\u015f bu hidrolik silindir, hassas ve g\u00fcvenilir bir \u00e7al\u0131\u015fma sa\u011flar. Verimli ve uygun i\u015fleme i\u00e7in y\u00fcklerin hareketini ve konumunu hassas bir \u015fekilde kontrol edebilir.<\/p>\n<p><img loading=\"lazy\" decoding=\"async\" class=\"aligncenter wp-image-920 size-full\" src=\"https:\/\/hydraulic-cylinders.net\/wp-content\/uploads\/2023\/09\/la-left-and-right-foot-type-heavy-rod-hydraulic-cylinder-1-1.webp\" alt=\"\" width=\"790\" height=\"224\" srcset=\"https:\/\/hydraulic-cylinders.net\/wp-content\/uploads\/2023\/09\/la-left-and-right-foot-type-heavy-rod-hydraulic-cylinder-1-1.webp 790w, https:\/\/hydraulic-cylinders.net\/wp-content\/uploads\/2023\/09\/la-left-and-right-foot-type-heavy-rod-hydraulic-cylinder-1-1-480x136.webp 480w\" sizes=\"(min-width: 0px) and (max-width: 480px) 480px, (min-width: 481px) 790px, 100vw\" \/><\/p>\n<h2><strong>LA Sol ve Sa\u011f Ayak Tipi A\u011f\u0131r \u00c7ubuk Hidrolik Silindir Parametresi:<\/strong><\/h2>\n<p><img loading=\"lazy\" decoding=\"async\" class=\"alignnone wp-image-919 size-full\" src=\"https:\/\/hydraulic-cylinders.net\/wp-content\/uploads\/2023\/09\/la-left-and-right-foot-type-heavy-rod-hydraulic-cylinder-2.webp\" alt=\"\" width=\"790\" height=\"515\" srcset=\"https:\/\/hydraulic-cylinders.net\/wp-content\/uploads\/2023\/09\/la-left-and-right-foot-type-heavy-rod-hydraulic-cylinder-2.webp 790w, https:\/\/hydraulic-cylinders.net\/wp-content\/uploads\/2023\/09\/la-left-and-right-foot-type-heavy-rod-hydraulic-cylinder-2-480x313.webp 480w\" sizes=\"(min-width: 0px) and (max-width: 480px) 480px, (min-width: 481px) 790px, 100vw\" \/><\/p>\n<h2><strong>LA Sol ve Sa\u011f Ayak Tipi A\u011f\u0131r \u00c7ubuk Hidrolik Silindir <\/strong><strong>Kullan\u0131m Y\u00f6ntemi<\/strong><strong>:<\/strong><\/h2>\n<p><strong>Montaj:<\/strong>\u00a0 LA sol ve sa\u011f ayak a\u011f\u0131rl\u0131k \u00e7ubu\u011fu hidrolik silindirlerini uygun braketler veya ba\u011flant\u0131 elemanlar\u0131 kullanarak g\u00fcvenli bir \u015fekilde monte ederek ba\u015flay\u0131n. Silindirlerin hizas\u0131zl\u0131\u011f\u0131n\u0131 veya zorlanmas\u0131n\u0131 \u00f6nlemek i\u00e7in montaj s\u0131ras\u0131nda do\u011fru hizalama ve dengeyi sa\u011flay\u0131n.<\/p>\n<p><strong>Hidrolik Sistem Entegrasyonu:<\/strong>\u00a0 Hidrolik hatlar\u0131, \u00fcreticinin talimatlar\u0131 ve y\u00f6nergeleri do\u011frultusunda silindir ba\u011flant\u0131 noktalar\u0131na ba\u011flay\u0131n. Uygun pompa veya g\u00fc\u00e7 \u00fcnitesine t\u0131klayarak silindiri hidrolik sisteme entegre edin. Silindir teknik \u00f6zelliklerinin ve \u00e7al\u0131\u015fma gereksinimlerinin kar\u015f\u0131land\u0131\u011f\u0131ndan emin olun.<\/p>\n<p><strong>Kontrol ve \u0130\u015fletme:<\/strong>\u00a0 Hidrolik sistemdeki kontrol valfi, silindire giren ve \u00e7\u0131kan hidrolik ya\u011f ak\u0131\u015f\u0131n\u0131 d\u00fczenler. Kontrol ayarlar\u0131n\u0131 istenen do\u011frusal hareket ve kuvvet \u00e7\u0131k\u0131\u015f\u0131na g\u00f6re ayarlay\u0131n. Silindirin hareketini test ederek i\u015flevini ve tepkisini do\u011frulay\u0131n.<\/p>\n<h2><strong>LA Sol ve Sa\u011f Ayak Tipi A\u011f\u0131r \u00c7ubuk Hidrolik Silindir <\/strong><strong>Bak\u0131m<\/strong><strong>:<\/strong><\/h2>\n<p>D\u00fczenli bak\u0131m, LA sol ve sa\u011f ayak tipi a\u011f\u0131r \u00e7ubuk hidrolik silindirinin optimum performans\u0131n\u0131 ve uzun \u00f6m\u00fcrl\u00fcl\u00fc\u011f\u00fcn\u00fc sa\u011flar. A\u015fa\u011f\u0131daki bak\u0131m y\u00f6nergelerini izleyin:<\/p>\n<p><strong>D\u00fczenli Muayene:<\/strong>\u00a0 A\u015f\u0131nma, hasar veya s\u0131z\u0131nt\u0131 belirtilerini tespit etmek i\u00e7in rutin kontroller yap\u0131n. Silindir bloklar\u0131, piston \u00e7ubuklar\u0131, contalar ve di\u011fer bile\u015fenlerde anormallikler olup olmad\u0131\u011f\u0131n\u0131 kontrol edin. Daha fazla yaralanmay\u0131 veya operasyonel verimsizli\u011fi \u00f6nlemek i\u00e7in sorunlar\u0131 derhal \u00e7\u00f6z\u00fcn.<\/p>\n<p><strong>Ya\u011flama:<\/strong>\u00a0 Silindirin ba\u011flant\u0131 \u00e7ubuklar\u0131 ve contalar dahil hareketli par\u00e7alar\u0131na \u00f6nerilen ya\u011flay\u0131c\u0131y\u0131 uygulay\u0131n. D\u00fczenli ya\u011flama, s\u00fcrt\u00fcnmeyi en aza indirir, a\u015f\u0131nmay\u0131 azalt\u0131r ve sorunsuz \u00e7al\u0131\u015fmay\u0131 sa\u011flar. \u00dcreticinin ya\u011flama aral\u0131\u011f\u0131 y\u00f6nergelerine uygun ya\u011flay\u0131c\u0131 t\u00fcr\u00fcn\u00fc kullan\u0131n.<\/p>\n<p><strong>Conta De\u011fi\u015fimi:<\/strong>\u00a0 Contalar\u0131n bozuldu\u011fu veya s\u0131zd\u0131rd\u0131\u011f\u0131 tespit edilirse, contalar\u0131 \u00fcretici taraf\u0131ndan onaylanm\u0131\u015f orijinal par\u00e7alarla de\u011fi\u015ftirin. Hasarl\u0131 veya a\u015f\u0131nm\u0131\u015f contalar, silindirin performans\u0131n\u0131 olumsuz etkileyebilir ve hidrolik ya\u011f s\u0131z\u0131nt\u0131s\u0131na yol a\u00e7abilir.<\/p>\n<p><strong>Temizlik:<\/strong>\u00a0 Silindirleri kir, kal\u0131nt\u0131 ve di\u011fer kirleticilerden ar\u0131nd\u0131rarak temizleyin. Yeniden monte etmeden \u00f6nce a\u015f\u0131nd\u0131r\u0131c\u0131 olmayan bir temizleyici kullan\u0131n ve t\u00fcm par\u00e7alar\u0131n kuru oldu\u011fundan emin olun. D\u00fczenli temizlik, optimum performans\u0131 destekler ve erken a\u015f\u0131nma veya hasar\u0131 \u00f6nler.<\/p>\n<h2><strong>Hidrolik Silindir H\u0131z\u0131 Nas\u0131l Kontrol Edilir?<\/strong><\/h2>\n<p>\u00c7e\u015fitli uygulamalarda g\u00fcvenli ve verimli bir \u00e7al\u0131\u015fma sa\u011flamak i\u00e7in bir hidrolik silindirin h\u0131z\u0131n\u0131 kontrol etmek \u00e7ok \u00f6nemlidir. Bir hidrolik silindirin h\u0131z\u0131n\u0131 kontrol etmenin a\u015fa\u011f\u0131dakiler de dahil olmak \u00fczere \u00e7e\u015fitli y\u00f6ntemleri vard\u0131r:<\/p>\n<ol>\n<li><strong>Ak\u0131\u015f Kontrol Vanalar\u0131:<\/strong> Ak\u0131\u015f kontrol valfleri genellikle hidrolik silindirlerin h\u0131z\u0131n\u0131 d\u00fczenlemek i\u00e7in kullan\u0131l\u0131r. Bu valfler, silindire giren veya \u00e7\u0131kan hidrolik s\u0131v\u0131n\u0131n ak\u0131\u015f h\u0131z\u0131n\u0131 kontrol ederek silindirin h\u0131z\u0131n\u0131 kontrol eder. \u0130ki t\u00fcr ak\u0131\u015f kontrol valfi vard\u0131r: a. Gaz Kelebe\u011fi Valfleri: Gaz kelebekleri, dar bir ge\u00e7it olu\u015fturarak hidrolik s\u0131v\u0131n\u0131n ak\u0131\u015f\u0131n\u0131 k\u0131s\u0131tlar. Valf i\u00e7inden ge\u00e7en s\u0131v\u0131 ak\u0131\u015f\u0131n\u0131 kontrol ederek h\u0131z\u0131 d\u00fczenlerler. Gaz kelebekleri genellikle ayarlanabilir olup hassas h\u0131z kontrol\u00fc sa\u011flar. b. \u0130\u011fne Valfleri: \u0130\u011fne valfleri, s\u0131v\u0131 ak\u0131\u015f\u0131n\u0131 k\u0131s\u0131tlamak veya izin vermek i\u00e7in ayarlanabilen konik i\u011fne benzeri bir pistona sahiptir. \u0130\u011fnenin konumu ayarlanarak ak\u0131\u015f h\u0131z\u0131 ve dolay\u0131s\u0131yla silindir h\u0131z\u0131 kontrol edilebilir.<\/li>\n<li><strong>Oransal Kontrol Vanalar\u0131:<\/strong> Oransal kontrol valfleri, hidrolik silindirlerin h\u0131z\u0131 \u00fczerinde daha hassas kontrol sa\u011flar. Bu valfler, hidrolik s\u0131v\u0131 ak\u0131\u015f\u0131n\u0131 elektriksel veya elektronik sinyallere g\u00f6re ayarlayarak silindir h\u0131z\u0131n\u0131n hassas bir \u015fekilde ayarlanmas\u0131n\u0131 sa\u011flar. Oransal kontrol valfleri, otomasyon sistemleri gibi hassas h\u0131z kontrol\u00fcn\u00fcn kritik oldu\u011fu uygulamalarda s\u0131kl\u0131kla kullan\u0131l\u0131r.<\/li>\n<li><strong>De\u011fi\u015fken Deplasmanl\u0131 Pompalar:<\/strong> Baz\u0131 hidrolik sistemlerde, de\u011fi\u015fken deplasmanl\u0131 pompalar hidrolik silindirlerin h\u0131z\u0131n\u0131 kontrol eder. Bu pompalar, silindire iletilen s\u0131v\u0131 hacmini ayarlayarak silindir h\u0131z\u0131n\u0131 d\u00fczenler. Pompan\u0131n deplasman veya strok hacmi de\u011fi\u015ftirilerek silindirin h\u0131z\u0131 buna g\u00f6re ayarlanabilir.<\/li>\n<li><strong>Y\u00fck Alg\u0131lama Sistemleri:<\/strong> Y\u00fck alg\u0131lama sistemleri, pompan\u0131n \u00e7\u0131k\u0131\u015f\u0131n\u0131 y\u00fck gereksinimlerine g\u00f6re ayarlayan geli\u015fmi\u015f hidrolik sistemlerdir. Bu sistemler, hidrolik devredeki bas\u0131nc\u0131 izler ve pompan\u0131n deplasman\u0131n\u0131 buna g\u00f6re ayarlar. Sabit bir bas\u0131n\u00e7 sa\u011flayarak, y\u00fck alg\u0131lama sistemleri de\u011fi\u015fen y\u00fck ko\u015fullar\u0131nda bile silindir h\u0131z\u0131n\u0131 d\u00fczenleyebilir.<\/li>\n<li><strong>Ak\u00fcm\u00fclat\u00f6rler:<\/strong> Hidrolik ak\u00fcm\u00fclat\u00f6rler, belirli uygulamalarda hidrolik silindirlerin h\u0131z\u0131n\u0131 kontrol etmek i\u00e7in kullan\u0131labilir. Bir ak\u00fcm\u00fclat\u00f6r, pompadan gelen ak\u0131\u015f\u0131 desteklemek i\u00e7in serbest b\u0131rak\u0131labilen hidrolik s\u0131v\u0131y\u0131 bas\u0131n\u00e7 alt\u0131nda depolar. Ak\u00fcm\u00fclat\u00f6rden s\u0131v\u0131 sal\u0131n\u0131m\u0131 kontrol edilerek silindirin h\u0131z\u0131 ayarlanabilir.<\/li>\n<li><strong>\u015eanz\u0131manlar veya Transmisyon Sistemleri:<\/strong> Baz\u0131 durumlarda, hidrolik silindirlerin h\u0131z\u0131n\u0131 dolayl\u0131 olarak kontrol etmek i\u00e7in mekanik di\u015fli kutular\u0131 veya \u015fanz\u0131man sistemleri kullan\u0131labilir. Di\u015fli oran\u0131 veya \u015fanz\u0131man ayarlar\u0131 de\u011fi\u015ftirilerek, giri\u015f milinin d\u00f6n\u00fc\u015f h\u0131z\u0131 hidrolik silindir i\u00e7in istenen h\u0131za d\u00f6n\u00fc\u015ft\u00fcr\u00fclebilir.<\/li>\n<\/ol>\n<h2><strong>Fabrikan\u0131n Kapasitesi ve Kapasitesi:<\/strong><\/h2>\n<h3>(1) Meclis<\/h3>\n<p>Birinci s\u0131n\u0131f ba\u011f\u0131ms\u0131z bir ara\u015ft\u0131rma ve geli\u015ftirme montaj platformumuz bulunmaktad\u0131r. Hidrolik silindir \u00fcretim at\u00f6lyemizde, y\u0131ll\u0131k 1 milyon adet \u00fcretim kapasitesine sahip d\u00f6rt adet yar\u0131 otomatik kald\u0131rma silindiri montaj hatt\u0131 ve bir adet otomatik devirme silindiri montaj hatt\u0131 bulunmaktad\u0131r. \u00d6zel silindir at\u00f6lyemiz, y\u0131ll\u0131k 200.000 adet \u00fcretim kapasitesine sahip \u00e7e\u015fitli \u00f6zelliklerde yar\u0131 otomatik temizleme montaj sistemiyle donat\u0131lm\u0131\u015ft\u0131r. Ayr\u0131ca, \u00fcnl\u00fc CNC i\u015fleme ekipmanlar\u0131, bir i\u015fleme merkezi, y\u00fcksek hassasiyetli silindir i\u015fleme \u00f6zel ekipmanlar\u0131, bir robot kaynak makinesi, bir otomatik temizleme makinesi, otomatik silindir montaj makinesi ve otomatik boyama \u00fcretim hatt\u0131 ile donat\u0131lm\u0131\u015ft\u0131r. 300'den fazla setten olu\u015fan kritik ekipmanlar mevcuttur. Ekipman kaynaklar\u0131n\u0131n optimum da\u011f\u0131l\u0131m\u0131 ve verimli kullan\u0131m\u0131, \u00fcr\u00fcnlerin hassasiyet gereksinimlerini kar\u015f\u0131lar ve \u00fcr\u00fcnlerin y\u00fcksek kalite ihtiya\u00e7lar\u0131n\u0131 kar\u015f\u0131lar.<\/p>\n<p><img loading=\"lazy\" decoding=\"async\" class=\"alignnone wp-image-626\" src=\"https:\/\/hydraulic-cylinders.net\/wp-content\/uploads\/2023\/08\/hydraulic-cylinder-product-1-300x158.webp\" alt=\"\" width=\"495\" height=\"260\" srcset=\"https:\/\/hydraulic-cylinders.net\/wp-content\/uploads\/2023\/08\/hydraulic-cylinder-product-1-300x158.webp 495w, https:\/\/hydraulic-cylinders.net\/wp-content\/uploads\/2023\/08\/hydraulic-cylinder-product-1-480x252.webp 480w\" sizes=\"(min-width: 0px) and (max-width: 480px) 480px, (min-width: 481px) 495px, 100vw\" \/> <img loading=\"lazy\" decoding=\"async\" class=\"alignnone wp-image-627\" src=\"https:\/\/hydraulic-cylinders.net\/wp-content\/uploads\/2023\/08\/hydraulic-cylinder-product-2-300x189.webp\" alt=\"\" width=\"413\" height=\"260\" \/><\/p>\n<h3>(2) \u0130\u015fleme<\/h3>\n<p>\u0130\u015fleme at\u00f6lyesi, maksimum 400 mm i\u00e7 \u00e7apa ve maksimum 6 metre uzunlu\u011fa sahip silindir borular\u0131n\u0131n i\u015flenmesini ger\u00e7ekle\u015ftirebilen \u00f6zel e\u011fimli ray torna merkezi, i\u015fleme merkezi, y\u00fcksek h\u0131zl\u0131 honlama makinesi, kaynak robotu ve di\u011fer ilgili ekipmanlarla donat\u0131lm\u0131\u015ft\u0131r.<\/p>\n<p><img loading=\"lazy\" decoding=\"async\" class=\"alignnone wp-image-628 size-large\" src=\"https:\/\/hydraulic-cylinders.net\/wp-content\/uploads\/2023\/08\/hydraulic-cylinder-product-3-1024x391.webp\" alt=\"\" width=\"1024\" height=\"391\" srcset=\"https:\/\/hydraulic-cylinders.net\/wp-content\/uploads\/2023\/08\/hydraulic-cylinder-product-3-980x374.webp 980w, https:\/\/hydraulic-cylinders.net\/wp-content\/uploads\/2023\/08\/hydraulic-cylinder-product-3-480x183.webp 480w\" sizes=\"(min-width: 0px) and (max-width: 480px) 480px, (min-width: 481px) and (max-width: 980px) 980px, (min-width: 981px) 1024px, 100vw\" \/><\/p>\n<h3>(3) Kaynak<\/h3>\n<p><img loading=\"lazy\" decoding=\"async\" class=\"alignnone wp-image-629 size-large\" src=\"https:\/\/hydraulic-cylinders.net\/wp-content\/uploads\/2023\/08\/hydraulic-cylinder-product-4-1024x510.webp\" alt=\"\" width=\"1024\" height=\"510\" srcset=\"https:\/\/hydraulic-cylinders.net\/wp-content\/uploads\/2023\/08\/hydraulic-cylinder-product-4-980x488.webp 980w, https:\/\/hydraulic-cylinders.net\/wp-content\/uploads\/2023\/08\/hydraulic-cylinder-product-4-480x239.webp 480w\" sizes=\"(min-width: 0px) and (max-width: 480px) 480px, (min-width: 481px) and (max-width: 980px) 980px, (min-width: 981px) 1024px, 100vw\" \/><\/p>\n<h3>(4) Boyama ve kaplama<\/h3>\n<p>K\u00fc\u00e7\u00fck ve orta \u00f6l\u00e7ekli silindirli otomatik su bazl\u0131 boya kaplama hatlar\u0131nda, otomatik robot y\u00fckleme-bo\u015faltma ve otomatik p\u00fcsk\u00fcrtmeyi ger\u00e7ekle\u015ftirmek i\u00e7in, vardiya ba\u015f\u0131na 4000 adet tasar\u0131m kapasitesi;<br \/>\nAyr\u0131ca, vardiya ba\u015f\u0131na 60 kasa kapasiteli, g\u00fc\u00e7 zinciriyle \u00e7al\u0131\u015fan b\u00fcy\u00fck silindirler i\u00e7in yar\u0131 otomatik boya \u00fcretim hatt\u0131m\u0131z da bulunmaktad\u0131r.<\/p>\n<p><img loading=\"lazy\" decoding=\"async\" class=\"alignnone wp-image-630\" src=\"https:\/\/hydraulic-cylinders.net\/wp-content\/uploads\/2023\/08\/hydraulic-cylinder-product-5-300x213.webp\" alt=\"\" width=\"366\" height=\"260\" \/> <img loading=\"lazy\" decoding=\"async\" class=\"alignnone wp-image-631\" src=\"https:\/\/hydraulic-cylinders.net\/wp-content\/uploads\/2023\/08\/hydraulic-cylinder-product-6-300x225.webp\" alt=\"\" width=\"347\" height=\"260\" \/><\/p>\n<h3>(5) Test etme<\/h3>\n<p>Silindirin performans\u0131n\u0131n gereklilikleri kar\u015f\u0131lad\u0131\u011f\u0131ndan emin olmak i\u00e7in birinci s\u0131n\u0131f muayene tesislerimiz ve test yataklar\u0131m\u0131z bulunmaktad\u0131r.<\/p>\n<p><img loading=\"lazy\" decoding=\"async\" class=\"alignnone wp-image-632\" src=\"https:\/\/hydraulic-cylinders.net\/wp-content\/uploads\/2023\/08\/hydraulic-cylinder-product-8-300x200.webp\" alt=\"\" width=\"389\" height=\"260\" \/><\/p>\n<p>&nbsp;<\/p>\n<p>&nbsp;<\/p>\n<p>En iyi a\u011f\u0131r \u00e7ubuklu hidrolik silindir \u00fcreticilerinden biriyiz. Geni\u015f bir a\u011f\u0131r \u00e7ubuklu hidrolik silindir sto\u011fu sunabiliyoruz. Ayr\u0131ca, ilgili \u00fcr\u00fcnleri de sa\u011fl\u0131yoruz. <a href=\"https:\/\/hzpt.com\/agricultural-pto-gearbox\/\" target=\"_blank\" rel=\"noopener\">tar\u0131msal di\u015fli kutular\u0131<\/a>\u00dcr\u00fcnlerimizi d\u00fcnyan\u0131n d\u00f6rt bir yan\u0131ndaki m\u00fc\u015fterilerimize ihra\u00e7 ettik ve \u00fcst\u00fcn \u00fcr\u00fcn kalitemiz ve sat\u0131\u015f sonras\u0131 hizmetlerimiz sayesinde iyi bir itibar kazand\u0131k. Yurt i\u00e7i ve yurt d\u0131\u015f\u0131ndaki m\u00fc\u015fterilerimizi i\u015f g\u00f6r\u00fc\u015fmeleri yapmak, bilgi al\u0131\u015fveri\u015finde bulunmak ve daha fazlas\u0131 i\u00e7in bizimle ileti\u015fime ge\u00e7meye davet ediyoruz.\u00a0<a href=\"https:\/\/www.hydraulic-cylinders.net\/tr\/contact-us\/\">bizimle i\u015fbirli\u011fi yap\u0131n<\/a>!<\/p>\n<p>&nbsp;<\/p>\n<h2><\/h2>","protected":false},"excerpt":{"rendered":"<p>LA Left And Right Foot Type Heavy Rod Hydraulic Cylinder The LA left and right foot heavy rod hydraulic cylinder is a cutting-edge hydraulic element designed to meet the needs of various industrial applications. With its rugged construction, superior force output, and unique left and right foot design, this hydraulic cylinder offers exceptional power, precision, [&hellip;]<\/p>","protected":false},"featured_media":921,"comment_status":"open","ping_status":"closed","template":"","meta":{"_et_pb_use_builder":"","_et_pb_old_content":"","_et_gb_content_width":""},"product_brand":[],"product_cat":[1376],"product_tag":[1380],"class_list":{"0":"post-917","1":"product","2":"type-product","3":"status-publish","4":"has-post-thumbnail","6":"product_cat-hydraulic-cylinder","7":"product_tag-hydraulic-cylinder","9":"first","10":"instock","11":"shipping-taxable","12":"product-type-simple"},"amp_enabled":true,"_links":{"self":[{"href":"https:\/\/www.hydraulic-cylinders.net\/tr\/wp-json\/wp\/v2\/product\/917","targetHints":{"allow":["GET"]}}],"collection":[{"href":"https:\/\/www.hydraulic-cylinders.net\/tr\/wp-json\/wp\/v2\/product"}],"about":[{"href":"https:\/\/www.hydraulic-cylinders.net\/tr\/wp-json\/wp\/v2\/types\/product"}],"replies":[{"embeddable":true,"href":"https:\/\/www.hydraulic-cylinders.net\/tr\/wp-json\/wp\/v2\/comments?post=917"}],"wp:featuredmedia":[{"embeddable":true,"href":"https:\/\/www.hydraulic-cylinders.net\/tr\/wp-json\/wp\/v2\/media\/921"}],"wp:attachment":[{"href":"https:\/\/www.hydraulic-cylinders.net\/tr\/wp-json\/wp\/v2\/media?parent=917"}],"wp:term":[{"taxonomy":"product_brand","embeddable":true,"href":"https:\/\/www.hydraulic-cylinders.net\/tr\/wp-json\/wp\/v2\/product_brand?post=917"},{"taxonomy":"product_cat","embeddable":true,"href":"https:\/\/www.hydraulic-cylinders.net\/tr\/wp-json\/wp\/v2\/product_cat?post=917"},{"taxonomy":"product_tag","embeddable":true,"href":"https:\/\/www.hydraulic-cylinders.net\/tr\/wp-json\/wp\/v2\/product_tag?post=917"}],"curies":[{"name":"wp","href":"https:\/\/api.w.org\/{rel}","templated":true}]}}