{"id":922,"date":"2023-09-04T02:45:33","date_gmt":"2023-09-04T02:45:33","guid":{"rendered":"https:\/\/hydraulic-cylinders.net\/?post_type=product&#038;p=922"},"modified":"2023-09-19T01:26:12","modified_gmt":"2023-09-19T01:26:12","slug":"ca-monaural-type-heavy-rod-hydraulic-cylinder","status":"publish","type":"product","link":"https:\/\/www.hydraulic-cylinders.net\/tr\/urun\/ca-monaural-type-heavy-rod-hydraulic-cylinder\/","title":{"rendered":"CA Monaural Tip A\u011f\u0131r \u00c7ubuk Hidrolik Silindir"},"content":{"rendered":"<h1 style=\"text-align: center;\"><strong>CA Monaural Tip A\u011f\u0131r \u00c7ubuk Hidrolik Silindir<\/strong><\/h1>\n<p>CA monoural tip a\u011f\u0131r \u00e7ubuklu hidrolik silindir, a\u011f\u0131r hizmet tipi end\u00fcstriyel uygulamalar\u0131n zorlu gereksinimlerini kar\u015f\u0131lamak \u00fczere tasarlanm\u0131\u015f y\u00fcksek performansl\u0131 bir hidrolik elemand\u0131r. Sa\u011flam yap\u0131s\u0131, etkileyici kuvvet \u00e7\u0131k\u0131\u015f\u0131 ve g\u00fcvenilir \u00e7al\u0131\u015fmas\u0131yla bu hidrolik silindir ola\u011fan\u00fcst\u00fc g\u00fc\u00e7 ve dayan\u0131kl\u0131l\u0131k sunar. \u0130ster kald\u0131rma, ister itme veya \u00e7ekme olsun, CA monoural tip a\u011f\u0131r \u00e7ubuklu hidrolik silindirler end\u00fcstriyel operasyonlar\u0131 optimize etmek i\u00e7in \u00fcst\u00fcn performans sa\u011flar.<\/p>\n<p>A\u011f\u0131r \u00c7ubuk Hidrolik Silindirin Temel \u00d6zellikleri:<\/p>\n<p><strong>Sa\u011flam Yap\u0131:<\/strong> Bu hidrolik silindir, dayan\u0131kl\u0131l\u0131k ve uzun \u00f6m\u00fcr sa\u011flayan y\u00fcksek kaliteli malzemelerden \u00fcretilmi\u015ftir. Sa\u011flam yap\u0131s\u0131, a\u011f\u0131r y\u00fcklere, y\u00fcksek bas\u0131n\u00e7lara ve zorlu \u00e7al\u0131\u015fma ko\u015fullar\u0131na dayanmas\u0131n\u0131 sa\u011flayarak zorlu end\u00fcstriyel g\u00f6revler i\u00e7in uygundur.<\/p>\n<p><strong>Y\u00fcksek Kuvvet \u00c7\u0131k\u0131\u015f\u0131:<\/strong>\u00a0 CA monoral tip a\u011f\u0131r \u00e7ubuklu hidrolik silindir, y\u00fcksek g\u00fc\u00e7 \u00e7\u0131k\u0131\u015f\u0131 sa\u011flayarak \u00f6nemli g\u00fc\u00e7 gerektiren uygulamalar i\u00e7in idealdir. Geni\u015f piston \u00e7ap\u0131 ve y\u00fcksek bas\u0131n\u00e7 kapasitesi, \u00fcst\u00fcn mukavemet sa\u011flar ve a\u011f\u0131r i\u015flerin \u00fcstesinden kolayca gelir.<\/p>\n<p><strong>Monaural Tasar\u0131m:<\/strong> Bu hidrolik silindir, basitlik ve montaj kolayl\u0131\u011f\u0131 sa\u011flayan monoural bir tasar\u0131ma sahiptir. Monoural konfig\u00fcrasyon, montaj s\u00fcrecini basitle\u015ftirir ve hidrolik sistem entegrasyonunun karma\u015f\u0131kl\u0131\u011f\u0131n\u0131 azaltarak kolayl\u0131k ve zaman tasarrufu sa\u011flar.<\/p>\n<p><strong>Hassas Kontrol:<\/strong>\u00a0 CA monoral tip a\u011f\u0131r \u00e7ubuklu hidrolik silindir, hassas ve g\u00fcvenilir bir \u00e7al\u0131\u015fma sa\u011flamak i\u00e7in hassas i\u015flenmi\u015f bile\u015fenler ve y\u00fcksek kaliteli contalar kullan\u0131r. Verimli ve uygun i\u015fleme i\u00e7in y\u00fcklerin hareketini ve konumunu hassas bir \u015fekilde kontrol edebilir.<\/p>\n<p><img loading=\"lazy\" decoding=\"async\" class=\"aligncenter wp-image-926 size-full\" src=\"https:\/\/hydraulic-cylinders.net\/wp-content\/uploads\/2023\/09\/binaural-type-heavy-rod-hydraulic-cylinder-2.webp\" alt=\"\" width=\"790\" height=\"200\" srcset=\"https:\/\/hydraulic-cylinders.net\/wp-content\/uploads\/2023\/09\/binaural-type-heavy-rod-hydraulic-cylinder-2.webp 790w, https:\/\/hydraulic-cylinders.net\/wp-content\/uploads\/2023\/09\/binaural-type-heavy-rod-hydraulic-cylinder-2-480x122.webp 480w\" sizes=\"(min-width: 0px) and (max-width: 480px) 480px, (min-width: 481px) 790px, 100vw\" \/><\/p>\n<h2><strong>CA Monoural Tip A\u011f\u0131r \u00c7ubuk Hidrolik Silindir Parametresi:<\/strong><\/h2>\n<p><img loading=\"lazy\" decoding=\"async\" class=\"alignnone wp-image-925 size-full\" src=\"https:\/\/hydraulic-cylinders.net\/wp-content\/uploads\/2023\/09\/binaural-type-heavy-rod-hydraulic-cylinder-1.webp\" alt=\"\" width=\"790\" height=\"561\" srcset=\"https:\/\/hydraulic-cylinders.net\/wp-content\/uploads\/2023\/09\/binaural-type-heavy-rod-hydraulic-cylinder-1.webp 790w, https:\/\/hydraulic-cylinders.net\/wp-content\/uploads\/2023\/09\/binaural-type-heavy-rod-hydraulic-cylinder-1-480x341.webp 480w\" sizes=\"(min-width: 0px) and (max-width: 480px) 480px, (min-width: 481px) 790px, 100vw\" \/><\/p>\n<h2><strong>CA Monaural Tip A\u011f\u0131r \u00c7ubuk Hidrolik Silindir <\/strong><strong>Kullan\u0131m Y\u00f6ntemi<\/strong><strong>:<\/strong><\/h2>\n<p><strong>Montaj:<\/strong>\u00a0 \u00d6ncelikle, CA tek kulakl\u0131 a\u011f\u0131r \u00e7ubuklu hidrolik silindiri uygun braket veya ba\u011flant\u0131 eleman\u0131 kullanarak g\u00fcvenli bir \u015fekilde monte edin. Silindirin hizas\u0131zl\u0131\u011f\u0131n\u0131 veya zorlanmas\u0131n\u0131 \u00f6nlemek i\u00e7in montaj s\u0131ras\u0131nda do\u011fru hizalama ve dengeyi sa\u011flay\u0131n.<\/p>\n<p><strong>Hidrolik Sistem Entegrasyonu:<\/strong>\u00a0 Hidrolik hatlar\u0131 silindir ba\u011flant\u0131 noktalar\u0131na ba\u011flamak i\u00e7in \u00fcreticinin talimatlar\u0131n\u0131 ve y\u00f6nergelerini izleyin. Silindir, uygun bir pompa veya g\u00fc\u00e7 \u00fcnitesine ba\u011flanarak hidrolik sisteme entegre edilir. Silindir teknik \u00f6zelliklerinin ve \u00e7al\u0131\u015fma gereksinimlerinin kar\u015f\u0131land\u0131\u011f\u0131ndan emin olun.<\/p>\n<p><strong>Kontrol ve \u0130\u015fletme:<\/strong> Hidrolik sistemdeki kontrol valfi, silindire giren ve \u00e7\u0131kan hidrolik ya\u011f ak\u0131\u015f\u0131n\u0131 d\u00fczenlemek i\u00e7in kullan\u0131l\u0131r. Kontrol ayarlar\u0131n\u0131 istenen do\u011frusal hareket ve kuvvet \u00e7\u0131k\u0131\u015f\u0131na g\u00f6re ayarlay\u0131n. Silindirin hareketini test ederek i\u015flevini ve tepkisini do\u011frulay\u0131n.<\/p>\n<h2><strong>CA Monaural Tip A\u011f\u0131r \u00c7ubuk Hidrolik Silindir <\/strong><strong>Bak\u0131m<\/strong><strong>:<\/strong><\/h2>\n<p>CA Monoural Tip A\u011f\u0131r \u00c7ubuk Hidrolik Silindirin optimum performans ve uzun \u00f6m\u00fcrl\u00fcl\u00fc\u011f\u00fcn\u00fc sa\u011flamak i\u00e7in d\u00fczenli bak\u0131m \u00e7ok \u00f6nemlidir. A\u015fa\u011f\u0131daki bak\u0131m y\u00f6nergelerini izleyin:<\/p>\n<p><strong>D\u00fczenli Muayene:<\/strong>\u00a0 A\u015f\u0131nma, hasar veya s\u0131z\u0131nt\u0131 belirtilerini tespit etmek i\u00e7in rutin kontroller yap\u0131n. Silindir bloklar\u0131, piston \u00e7ubuklar\u0131, contalar ve di\u011fer bile\u015fenlerde anormallikler olup olmad\u0131\u011f\u0131n\u0131 kontrol edin. Daha fazla yaralanmay\u0131 veya operasyonel verimsizli\u011fi \u00f6nlemek i\u00e7in sorunlar\u0131 derhal \u00e7\u00f6z\u00fcn.<\/p>\n<p><strong>Ya\u011flama:<\/strong>\u00a0 Silindirin ba\u011flant\u0131 \u00e7ubuklar\u0131 ve contalar dahil hareketli par\u00e7alar\u0131na \u00f6nerilen ya\u011flay\u0131c\u0131y\u0131 uygulay\u0131n. D\u00fczenli ya\u011flama, s\u00fcrt\u00fcnmeyi en aza indirir, a\u015f\u0131nmay\u0131 azalt\u0131r ve sorunsuz \u00e7al\u0131\u015fmay\u0131 sa\u011flar. \u00dcreticinin ya\u011flama aral\u0131\u011f\u0131 y\u00f6nergelerine uygun ya\u011flay\u0131c\u0131 t\u00fcr\u00fcn\u00fc kullan\u0131n.<\/p>\n<p><strong>Conta De\u011fi\u015fimi:<\/strong>\u00a0 Contalar\u0131n bozuldu\u011fu veya s\u0131zd\u0131rd\u0131\u011f\u0131 tespit edilirse, contalar\u0131 \u00fcretici taraf\u0131ndan onaylanm\u0131\u015f orijinal par\u00e7alarla de\u011fi\u015ftirin. Hasarl\u0131 veya a\u015f\u0131nm\u0131\u015f contalar, silindirin performans\u0131n\u0131 olumsuz etkileyebilir ve hidrolik ya\u011f s\u0131z\u0131nt\u0131s\u0131na yol a\u00e7abilir.<\/p>\n<p><strong>Temizlik:<\/strong>\u00a0 Silindirleri kir, kal\u0131nt\u0131 ve di\u011fer kirleticilerden ar\u0131nd\u0131rarak temizleyin. Yeniden monte etmeden \u00f6nce a\u015f\u0131nd\u0131r\u0131c\u0131 olmayan bir temizleyici kullan\u0131n ve t\u00fcm par\u00e7alar\u0131n kuru oldu\u011fundan emin olun. D\u00fczenli temizlik, optimum performans\u0131 destekler ve erken a\u015f\u0131nma veya hasar\u0131 \u00f6nler.<\/p>\n<h2><strong>Hidrolik Silindirin \u0130\u00e7erisinden S\u0131z\u0131nt\u0131 Olup Olmad\u0131\u011f\u0131n\u0131 Nas\u0131l Kontrol Edebilirim?<\/strong><\/h2>\n<p>Hidrolik silindirin i\u00e7eriden s\u0131z\u0131nt\u0131 yap\u0131p yapmad\u0131\u011f\u0131n\u0131 kontrol etmek i\u00e7in a\u015fa\u011f\u0131daki ad\u0131mlar\u0131 uygulayabilirsiniz:<\/p>\n<ol>\n<li><strong>G\u00f6rsel Muayene:<\/strong> Hidrolik silindirin d\u0131\u015f\u0131n\u0131 g\u00f6rsel olarak inceleyerek ba\u015flay\u0131n. Silindir g\u00f6vdesi, piston kolu veya contalar\u0131n etraf\u0131nda ya\u011f veya hidrolik s\u0131v\u0131s\u0131 olup olmad\u0131\u011f\u0131na bak\u0131n. D\u0131\u015far\u0131daki s\u0131z\u0131nt\u0131lar, i\u00e7erideki s\u0131z\u0131nt\u0131lara da i\u015faret edebilir.<\/li>\n<li><strong>Silindir \u00c7al\u0131\u015fmas\u0131:<\/strong> Hidrolik silindiri t\u00fcm hareket aral\u0131\u011f\u0131 boyunca \u00e7al\u0131\u015ft\u0131r\u0131n. \u0130\u00e7 s\u0131z\u0131nt\u0131ya i\u015faret edebilecek ola\u011fand\u0131\u015f\u0131 seslere, titre\u015fimlere veya sars\u0131nt\u0131l\u0131 hareketlere dikkat edin. Silindir herhangi bir ola\u011fand\u0131\u015f\u0131 davran\u0131\u015f g\u00f6stermeden sorunsuz \u00e7al\u0131\u015f\u0131yorsa, bu i\u00e7 s\u0131z\u0131nt\u0131 olas\u0131l\u0131\u011f\u0131n\u0131 ortadan kald\u0131rmaz, ancak sorunun daha az ciddi olabilece\u011fini g\u00f6sterir.<\/li>\n<li><strong>D\u0131\u015f S\u0131z\u0131nt\u0131 Testi:<\/strong> Silindiri temizleyin ve bir s\u00fcre kullan\u0131lmad\u0131ktan sonra, yeni ya\u011f veya hidrolik s\u0131v\u0131s\u0131 olup olmad\u0131\u011f\u0131n\u0131 g\u00f6rsel olarak inceleyin. Silindirin d\u0131\u015f y\u00fczeyinde yeni ya\u011f veya s\u0131v\u0131 fark ederseniz, bu bir i\u00e7 s\u0131z\u0131nt\u0131 belirtisi olabilir.<\/li>\n<li><strong>Bas\u0131n\u00e7 D\u00fc\u015f\u00fcrme Testi:<\/strong> \u0130\u00e7 s\u0131z\u0131nt\u0131y\u0131 kontrol etmek i\u00e7in bir bas\u0131n\u00e7 d\u00fc\u015f\u00fc\u015f\u00fc testi yap\u0131n. \u015eu ad\u0131mlar\u0131 izleyin: a. Hidrolik sistemin bas\u0131nc\u0131n\u0131n d\u00fc\u015f\u00fcr\u00fcld\u00fc\u011f\u00fcnden ve silindirin g\u00fcvenli bir konumda oldu\u011fundan emin olun. b. Hidrolik hatlar\u0131 silindirden ay\u0131r\u0131n ve s\u0131v\u0131 kayb\u0131n\u0131 \u00f6nlemek i\u00e7in a\u00e7\u0131kl\u0131klar\u0131 dikkatlice kapat\u0131n veya t\u0131kay\u0131n. c. Bir el pompas\u0131 veya ba\u015fka bir hidrolik g\u00fc\u00e7 kayna\u011f\u0131 kullanarak silindirin uygun portuna bas\u0131n\u00e7 uygulay\u0131n.\n<p>d. Bas\u0131n\u00e7 g\u00f6stergesini kontrol edin. Bas\u0131n\u00e7 k\u0131sa bir s\u00fcre i\u00e7inde \u00f6nemli \u00f6l\u00e7\u00fcde d\u00fc\u015ferse, silindir i\u00e7inde bir i\u00e7 s\u0131z\u0131nt\u0131 oldu\u011funu g\u00f6sterir.<\/p>\n<p>e. Uygunsa, \u00e7ift etkili bir silindirin her iki taraf\u0131nda testi tekrarlay\u0131n.<\/li>\n<li><strong>\u00c7ubuk Uzatma Testi:<\/strong> Silindir \u00e7ubu\u011funu k\u0131smen veya tamamen uzat\u0131n ve ard\u0131ndan \u00e7ubu\u011fun a\u00e7\u0131kta kalan k\u0131sm\u0131nda herhangi bir hidrolik s\u0131v\u0131 belirtisi olup olmad\u0131\u011f\u0131n\u0131 kontrol edin. \u00c7ubukta ya\u011f veya s\u0131v\u0131 fark ederseniz, bu, \u00e7ubuk contalar\u0131ndan i\u00e7eriden s\u0131z\u0131nt\u0131 oldu\u011funu g\u00f6sterebilir.<\/li>\n<li><strong>Silindir S\u00f6k\u00fcm\u00fc:<\/strong> \u0130\u00e7 s\u0131z\u0131nt\u0131dan \u015f\u00fcpheleniyorsan\u0131z ancak \u00f6nceki ad\u0131mlarda tespit edemediyseniz, detayl\u0131 bir inceleme i\u00e7in silindiri s\u00f6kmeniz gerekebilir. Silindiri s\u00f6kmek, pistonu, contalar\u0131 ve di\u011fer i\u00e7 bile\u015fenleri a\u015f\u0131nma, hasar veya kirlenme belirtileri a\u00e7\u0131s\u0131ndan incelemenizi sa\u011flar.<\/li>\n<\/ol>\n<h2><strong>Fabrikan\u0131n Kapasitesi ve Kapasitesi:<\/strong><\/h2>\n<h3>(1) Meclis<\/h3>\n<p>Birinci s\u0131n\u0131f ba\u011f\u0131ms\u0131z bir ara\u015ft\u0131rma ve geli\u015ftirme montaj platformumuz bulunmaktad\u0131r. Hidrolik silindir \u00fcretim at\u00f6lyemizde, y\u0131ll\u0131k 1 milyon adet \u00fcretim kapasitesine sahip d\u00f6rt adet yar\u0131 otomatik kald\u0131rma silindiri montaj hatt\u0131 ve bir adet otomatik devirme silindiri montaj hatt\u0131 bulunmaktad\u0131r. \u00d6zel silindir at\u00f6lyemiz, y\u0131ll\u0131k 200.000 adet \u00fcretim kapasitesine sahip \u00e7e\u015fitli \u00f6zelliklerde yar\u0131 otomatik temizleme montaj sistemiyle donat\u0131lm\u0131\u015ft\u0131r. Ayr\u0131ca, \u00fcnl\u00fc CNC i\u015fleme ekipmanlar\u0131, bir i\u015fleme merkezi, y\u00fcksek hassasiyetli silindir i\u015fleme \u00f6zel ekipmanlar\u0131, bir robot kaynak makinesi, bir otomatik temizleme makinesi, otomatik silindir montaj makinesi ve otomatik boyama \u00fcretim hatt\u0131 ile donat\u0131lm\u0131\u015ft\u0131r. 300'den fazla setten olu\u015fan kritik ekipmanlar mevcuttur. Ekipman kaynaklar\u0131n\u0131n optimum da\u011f\u0131l\u0131m\u0131 ve verimli kullan\u0131m\u0131, \u00fcr\u00fcnlerin hassasiyet gereksinimlerini kar\u015f\u0131lar ve \u00fcr\u00fcnlerin y\u00fcksek kalite ihtiya\u00e7lar\u0131n\u0131 kar\u015f\u0131lar.<\/p>\n<p><img loading=\"lazy\" decoding=\"async\" class=\"alignnone wp-image-626\" src=\"https:\/\/hydraulic-cylinders.net\/wp-content\/uploads\/2023\/08\/hydraulic-cylinder-product-1-300x158.webp\" alt=\"\" width=\"495\" height=\"260\" srcset=\"https:\/\/hydraulic-cylinders.net\/wp-content\/uploads\/2023\/08\/hydraulic-cylinder-product-1-300x158.webp 495w, https:\/\/hydraulic-cylinders.net\/wp-content\/uploads\/2023\/08\/hydraulic-cylinder-product-1-480x252.webp 480w\" sizes=\"(min-width: 0px) and (max-width: 480px) 480px, (min-width: 481px) 495px, 100vw\" \/> <img loading=\"lazy\" decoding=\"async\" class=\"alignnone wp-image-627\" src=\"https:\/\/hydraulic-cylinders.net\/wp-content\/uploads\/2023\/08\/hydraulic-cylinder-product-2-300x189.webp\" alt=\"\" width=\"413\" height=\"260\" \/><\/p>\n<h3>(2) \u0130\u015fleme<\/h3>\n<p>\u0130\u015fleme at\u00f6lyesi, maksimum 400 mm i\u00e7 \u00e7apa ve maksimum 6 metre uzunlu\u011fa sahip silindir borular\u0131n\u0131n i\u015flenmesini ger\u00e7ekle\u015ftirebilen \u00f6zel e\u011fimli ray torna merkezi, i\u015fleme merkezi, y\u00fcksek h\u0131zl\u0131 honlama makinesi, kaynak robotu ve di\u011fer ilgili ekipmanlarla donat\u0131lm\u0131\u015ft\u0131r.<\/p>\n<p><img loading=\"lazy\" decoding=\"async\" class=\"alignnone wp-image-628 size-large\" src=\"https:\/\/hydraulic-cylinders.net\/wp-content\/uploads\/2023\/08\/hydraulic-cylinder-product-3-1024x391.webp\" alt=\"\" width=\"1024\" height=\"391\" srcset=\"https:\/\/hydraulic-cylinders.net\/wp-content\/uploads\/2023\/08\/hydraulic-cylinder-product-3-980x374.webp 980w, https:\/\/hydraulic-cylinders.net\/wp-content\/uploads\/2023\/08\/hydraulic-cylinder-product-3-480x183.webp 480w\" sizes=\"(min-width: 0px) and (max-width: 480px) 480px, (min-width: 481px) and (max-width: 980px) 980px, (min-width: 981px) 1024px, 100vw\" \/><\/p>\n<h3>(3) Kaynak<\/h3>\n<p><img loading=\"lazy\" decoding=\"async\" class=\"alignnone wp-image-629 size-large\" src=\"https:\/\/hydraulic-cylinders.net\/wp-content\/uploads\/2023\/08\/hydraulic-cylinder-product-4-1024x510.webp\" alt=\"\" width=\"1024\" height=\"510\" srcset=\"https:\/\/hydraulic-cylinders.net\/wp-content\/uploads\/2023\/08\/hydraulic-cylinder-product-4-980x488.webp 980w, https:\/\/hydraulic-cylinders.net\/wp-content\/uploads\/2023\/08\/hydraulic-cylinder-product-4-480x239.webp 480w\" sizes=\"(min-width: 0px) and (max-width: 480px) 480px, (min-width: 481px) and (max-width: 980px) 980px, (min-width: 981px) 1024px, 100vw\" \/><\/p>\n<h3>(4) Boyama ve kaplama<\/h3>\n<p>K\u00fc\u00e7\u00fck ve orta \u00f6l\u00e7ekli silindirli otomatik su bazl\u0131 boya kaplama hatlar\u0131nda, otomatik robot y\u00fckleme-bo\u015faltma ve otomatik p\u00fcsk\u00fcrtmeyi ger\u00e7ekle\u015ftirmek i\u00e7in, vardiya ba\u015f\u0131na 4000 adet tasar\u0131m kapasitesi;<br \/>\nAyr\u0131ca, vardiya ba\u015f\u0131na 60 kasa kapasiteli, g\u00fc\u00e7 zinciriyle \u00e7al\u0131\u015fan b\u00fcy\u00fck silindirler i\u00e7in yar\u0131 otomatik boya \u00fcretim hatt\u0131m\u0131z da bulunmaktad\u0131r.<\/p>\n<p><img loading=\"lazy\" decoding=\"async\" class=\"alignnone wp-image-630\" src=\"https:\/\/hydraulic-cylinders.net\/wp-content\/uploads\/2023\/08\/hydraulic-cylinder-product-5-300x213.webp\" alt=\"\" width=\"366\" height=\"260\" \/> <img loading=\"lazy\" decoding=\"async\" class=\"alignnone wp-image-631\" src=\"https:\/\/hydraulic-cylinders.net\/wp-content\/uploads\/2023\/08\/hydraulic-cylinder-product-6-300x225.webp\" alt=\"\" width=\"347\" height=\"260\" \/><\/p>\n<h3>(5) Test etme<\/h3>\n<p>Silindirin performans\u0131n\u0131n gereklilikleri kar\u015f\u0131lad\u0131\u011f\u0131ndan emin olmak i\u00e7in birinci s\u0131n\u0131f muayene tesislerimiz ve test yataklar\u0131m\u0131z bulunmaktad\u0131r.<\/p>\n<p><img loading=\"lazy\" decoding=\"async\" class=\"alignnone wp-image-632\" src=\"https:\/\/hydraulic-cylinders.net\/wp-content\/uploads\/2023\/08\/hydraulic-cylinder-product-8-300x200.webp\" alt=\"\" width=\"389\" height=\"260\" \/><\/p>\n<p>&nbsp;<\/p>\n<p>&nbsp;<\/p>\n<p>En iyi a\u011f\u0131r \u00e7ubuklu hidrolik silindir \u00fcreticilerinden biriyiz. Geni\u015f bir a\u011f\u0131r \u00e7ubuklu hidrolik silindir sto\u011fu sunabiliyoruz. Ayr\u0131ca, ilgili \u00fcr\u00fcnleri de sa\u011fl\u0131yoruz. <a href=\"https:\/\/hzpt.com\/agricultural-pto-gearbox\/\" target=\"_blank\" rel=\"noopener\">tar\u0131msal di\u015fli kutular\u0131<\/a>\u00dcr\u00fcnlerimizi d\u00fcnyan\u0131n d\u00f6rt bir yan\u0131ndaki m\u00fc\u015fterilerimize ihra\u00e7 ettik ve \u00fcst\u00fcn \u00fcr\u00fcn kalitemiz ve sat\u0131\u015f sonras\u0131 hizmetlerimiz sayesinde iyi bir itibar kazand\u0131k. Yurt i\u00e7i ve yurt d\u0131\u015f\u0131ndaki m\u00fc\u015fterilerimizi i\u015f g\u00f6r\u00fc\u015fmeleri yapmak, bilgi al\u0131\u015fveri\u015finde bulunmak ve daha fazlas\u0131 i\u00e7in bizimle ileti\u015fime ge\u00e7meye davet ediyoruz.\u00a0<a href=\"https:\/\/www.hydraulic-cylinders.net\/tr\/contact-us\/\">bizimle i\u015fbirli\u011fi yap\u0131n<\/a>!<\/p>\n<p>&nbsp;<\/p>\n<h2><\/h2>","protected":false},"excerpt":{"rendered":"<p>CA Monaural Type Heavy Rod Hydraulic Cylinder The CA monaural type heavy rod hydraulic cylinder is a high-performance hydraulic element designed to meet the stringent requirements of heavy-duty industrial applications. With its rugged construction, impressive force output, and reliable operation, this hydraulic cylinder offers exceptional power and durability. Whether lifting, pushing, or pulling, CA monaural [&hellip;]<\/p>","protected":false},"featured_media":927,"comment_status":"open","ping_status":"closed","template":"","meta":{"_et_pb_use_builder":"","_et_pb_old_content":"","_et_gb_content_width":""},"product_brand":[],"product_cat":[1376,1385],"product_tag":[1380],"class_list":{"0":"post-922","1":"product","2":"type-product","3":"status-publish","4":"has-post-thumbnail","6":"product_cat-hydraulic-cylinder","7":"product_cat-heavy-rod-hydraulic-cylinder","8":"product_tag-hydraulic-cylinder","10":"first","11":"instock","12":"shipping-taxable","13":"product-type-simple"},"amp_enabled":true,"_links":{"self":[{"href":"https:\/\/www.hydraulic-cylinders.net\/tr\/wp-json\/wp\/v2\/product\/922","targetHints":{"allow":["GET"]}}],"collection":[{"href":"https:\/\/www.hydraulic-cylinders.net\/tr\/wp-json\/wp\/v2\/product"}],"about":[{"href":"https:\/\/www.hydraulic-cylinders.net\/tr\/wp-json\/wp\/v2\/types\/product"}],"replies":[{"embeddable":true,"href":"https:\/\/www.hydraulic-cylinders.net\/tr\/wp-json\/wp\/v2\/comments?post=922"}],"wp:featuredmedia":[{"embeddable":true,"href":"https:\/\/www.hydraulic-cylinders.net\/tr\/wp-json\/wp\/v2\/media\/927"}],"wp:attachment":[{"href":"https:\/\/www.hydraulic-cylinders.net\/tr\/wp-json\/wp\/v2\/media?parent=922"}],"wp:term":[{"taxonomy":"product_brand","embeddable":true,"href":"https:\/\/www.hydraulic-cylinders.net\/tr\/wp-json\/wp\/v2\/product_brand?post=922"},{"taxonomy":"product_cat","embeddable":true,"href":"https:\/\/www.hydraulic-cylinders.net\/tr\/wp-json\/wp\/v2\/product_cat?post=922"},{"taxonomy":"product_tag","embeddable":true,"href":"https:\/\/www.hydraulic-cylinders.net\/tr\/wp-json\/wp\/v2\/product_tag?post=922"}],"curies":[{"name":"wp","href":"https:\/\/api.w.org\/{rel}","templated":true}]}}