{"id":928,"date":"2023-09-04T03:18:55","date_gmt":"2023-09-04T03:18:55","guid":{"rendered":"https:\/\/hydraulic-cylinders.net\/?post_type=product&#038;p=928"},"modified":"2023-09-19T01:25:35","modified_gmt":"2023-09-19T01:25:35","slug":"cb-type-binaural-type-heavy-rod-hydraulic-cylinder","status":"publish","type":"product","link":"https:\/\/www.hydraulic-cylinders.net\/tr\/urun\/cb-type-binaural-type-heavy-rod-hydraulic-cylinder\/","title":{"rendered":"CB Tipi Binaural Tip A\u011f\u0131r \u00c7ubuk Hidrolik Silindir"},"content":{"rendered":"<h1 style=\"text-align: center;\"><strong>CB Tipi Binaural Tip A\u011f\u0131r \u00c7ubuk Hidrolik Silindir<\/strong><\/h1>\n<p>CB tipi \u00e7ift kanall\u0131 a\u011f\u0131r hizmet tipi hidrolik silindir, zorlu end\u00fcstriyel uygulamalarda \u00fcst\u00fcn g\u00fc\u00e7, hassasiyet ve g\u00fcvenilirlik sa\u011flayan son teknoloji \u00fcr\u00fcn\u00fc bir hidrolik elemand\u0131r. Yenilik\u00e7i CB tipi \u00e7ift kanall\u0131 tasar\u0131m\u0131, sa\u011flam yap\u0131s\u0131 ve geli\u015fmi\u015f \u00f6zellikleriyle bu hidrolik silindir, zorlu ko\u015fullarda iyi performans g\u00f6sterecek \u015fekilde tasarlanm\u0131\u015ft\u0131r. \u0130ster a\u011f\u0131r y\u00fckleri kald\u0131rman\u0131z, ister itmeniz veya \u00e7ekmeniz gereksin, CB tipi \u00e7ift kanall\u0131 a\u011f\u0131r hizmet tipi hidrolik silindir, optimum performans ve verimlilik i\u00e7in tercih edece\u011finiz \u00e7\u00f6z\u00fcmd\u00fcr.<\/p>\n<p>CB Tipi \u00c7ift Tarafl\u0131 A\u011f\u0131r Hizmet Tipi Hidrolik Silindirin Temel \u00d6zellikleri:<\/p>\n<p><strong>Sa\u011flam Yap\u0131:<\/strong>\u00a0 CB tipi \u00e7ift pistonlu a\u011f\u0131r hizmet tipi hidrolik silindir, a\u015f\u0131r\u0131 ko\u015fullara ve a\u011f\u0131r i\u015f y\u00fcklerine dayanmas\u0131n\u0131 sa\u011flayan sa\u011flam bir yap\u0131ya sahiptir. Y\u00fcksek kaliteli malzemelerden \u00fcretilen bu silindir, ola\u011fan\u00fcst\u00fc dayan\u0131kl\u0131l\u0131k, uzun \u00f6m\u00fcr ve a\u015f\u0131nmaya kar\u015f\u0131 diren\u00e7 sunar. Sa\u011flam tasar\u0131m\u0131, zorlu \u00e7al\u0131\u015fma ortamlar\u0131nda bile g\u00fcvenilir performans sa\u011flar.<\/p>\n<p><strong>CB Tipi Binaural Tasar\u0131m:<\/strong> Silindirin CB tipi \u00e7ift kulakl\u0131 tasar\u0131m\u0131, geli\u015fmi\u015f denge, kontroll\u00fc hareket ve hassas konumland\u0131rma sa\u011flar. Silindirin her iki yan\u0131ndan uzanan iki paralel \u00e7ubuk, dengeli kuvvet da\u011f\u0131l\u0131m\u0131n\u0131 sa\u011flar ve \u00e7al\u0131\u015fma s\u0131ras\u0131nda sapmay\u0131 en aza indirir. Bu tasar\u0131m \u00f6zelli\u011fi, do\u011frulu\u011fu ve verimlili\u011fi art\u0131r\u0131r.<\/p>\n<p><strong>A\u011f\u0131r \u00c7ubuk Kapasitesi:<\/strong>\u00a0 Silindirin CB tipi \u00e7ift tarafl\u0131 tasar\u0131m\u0131, geli\u015fmi\u015f denge, kontroll\u00fc hareket ve hassas konumland\u0131rma sa\u011flar. Silindirin her iki yan\u0131ndan uzanan iki paralel \u00e7ubuk, kuvvetlerin dengeli da\u011f\u0131l\u0131m\u0131n\u0131 sa\u011flar ve \u00e7al\u0131\u015fma s\u0131ras\u0131nda sapmay\u0131 en aza indirir. Bu tasar\u0131m \u00f6zelli\u011fi, do\u011frulu\u011fu ve verimlili\u011fi art\u0131r\u0131r.<\/p>\n<p><img loading=\"lazy\" decoding=\"async\" class=\"wp-image-930 size-full aligncenter\" src=\"https:\/\/hydraulic-cylinders.net\/wp-content\/uploads\/2023\/09\/binaural-type-heavy-rod-hydraulic-cylinder-2-1.webp\" alt=\"\" width=\"790\" height=\"200\" srcset=\"https:\/\/hydraulic-cylinders.net\/wp-content\/uploads\/2023\/09\/binaural-type-heavy-rod-hydraulic-cylinder-2-1.webp 790w, https:\/\/hydraulic-cylinders.net\/wp-content\/uploads\/2023\/09\/binaural-type-heavy-rod-hydraulic-cylinder-2-1-480x122.webp 480w\" sizes=\"(min-width: 0px) and (max-width: 480px) 480px, (min-width: 481px) 790px, 100vw\" \/><\/p>\n<h2><strong>CB Tipi \u00c7ift Tarafl\u0131 A\u011f\u0131r Hizmet Tipi Hidrolik Silindir Parametreleri:<\/strong><\/h2>\n<p><img loading=\"lazy\" decoding=\"async\" class=\"alignnone size-full wp-image-319110\" src=\"https:\/\/hzpt.com\/wp-content\/uploads\/2023\/08\/binaural-type-heavy-rod-hydraulic-cylinder-1.webp\" alt=\"\" width=\"790\" height=\"561\" \/><\/p>\n<h2><strong>CB Tipi \u00c7ift Tarafl\u0131 A\u011f\u0131r Hizmet Tipi Hidrolik Silindir Kullan\u0131m Y\u00f6ntemi<\/strong><strong>:<\/strong><\/h2>\n<p><strong>Montaj:<\/strong>\u00a0 \u00d6ncelikle, uygun montaj braketleri veya ba\u011flant\u0131 elemanlar\u0131 kullanarak iki aksl\u0131 a\u011f\u0131r hizmet tipi hidrolik silindiri g\u00fcvenli bir \u015fekilde monte edin. Silindirin yanl\u0131\u015f hizalanmas\u0131n\u0131 veya a\u015f\u0131r\u0131 gerilimi \u00f6nlemek i\u00e7in montaj s\u0131ras\u0131nda do\u011fru hizalama ve stabiliteyi sa\u011flay\u0131n.<\/p>\n<p><strong>Hidrolik Sistem Entegrasyonu:<\/strong>\u00a0 \u00dcreticinin talimat ve y\u00f6nergelerini izleyerek hidrolik hatlar\u0131 silindirin ba\u011flant\u0131 noktalar\u0131na ba\u011flay\u0131n. Silindiri uygun bir pompa veya g\u00fc\u00e7 \u00fcnitesine ba\u011flayarak hidrolik sisteme entegre edin. Silindirin teknik \u00f6zelliklerine ve \u00e7al\u0131\u015fma gereksinimlerine uygunlu\u011fu sa\u011flay\u0131n.<\/p>\n<p><strong>Kontrol ve \u0130\u015fletme:<\/strong>\u00a0 Hidrolik sistemdeki kontrol valfi, silindire giren ve \u00e7\u0131kan hidrolik ya\u011f ak\u0131\u015f\u0131n\u0131 d\u00fczenler. Kontrol ayarlar\u0131n\u0131 istenen do\u011frusal hareket ve kuvvet \u00e7\u0131k\u0131\u015f\u0131na g\u00f6re ayarlay\u0131n. Silindirin hareketini test ederek i\u015flevini ve tepkisini do\u011frulay\u0131n.<\/p>\n<h2><strong>CB Tipi \u00c7ift Tarafl\u0131 A\u011f\u0131r Hizmet Tipi Hidrolik Silindir Bak\u0131m\u0131<\/strong><strong>:<\/strong><\/h2>\n<p>\u00c7ift eksenli a\u011f\u0131r pistonlu hidrolik silindirin optimum performans ve uzun \u00f6m\u00fcrl\u00fcl\u00fc\u011f\u00fcn\u00fc sa\u011flamak i\u00e7in d\u00fczenli bak\u0131m \u015fartt\u0131r. A\u015fa\u011f\u0131daki bak\u0131m y\u00f6nergelerini izleyin:<\/p>\n<p><strong>D\u00fczenli Muayene:<\/strong> A\u015f\u0131nma, hasar veya s\u0131z\u0131nt\u0131 belirtilerini tespit etmek i\u00e7in d\u00fczenli kontroller yap\u0131n. Silindir g\u00f6vdesini, piston kolunu, contalar\u0131 ve di\u011fer bile\u015fenleri anormallikler a\u00e7\u0131s\u0131ndan inceleyin. Daha fazla yaralanmay\u0131 veya operasyonel verimsizli\u011fi \u00f6nlemek i\u00e7in herhangi bir sorunu derhal giderin.<\/p>\n<p><strong>Ya\u011flama:<\/strong>\u00a0 Silindirin ba\u011flant\u0131 \u00e7ubuklar\u0131 ve contalar dahil hareketli par\u00e7alar\u0131na \u00f6nerilen ya\u011flay\u0131c\u0131y\u0131 uygulay\u0131n. D\u00fczenli ya\u011flama, s\u00fcrt\u00fcnmeyi en aza indirir, a\u015f\u0131nmay\u0131 azalt\u0131r ve sorunsuz \u00e7al\u0131\u015fmay\u0131 sa\u011flar. \u00dcreticinin ya\u011flama aral\u0131\u011f\u0131 y\u00f6nergelerine uygun ya\u011flay\u0131c\u0131 t\u00fcr\u00fcn\u00fc kullan\u0131n.<\/p>\n<p><strong>Conta De\u011fi\u015fimi:<\/strong> Contalarda bozulma veya s\u0131z\u0131nt\u0131 fark ederseniz, contalar\u0131 \u00fcretici taraf\u0131ndan onaylanm\u0131\u015f orijinal par\u00e7alarla de\u011fi\u015ftirin. Hasarl\u0131 veya a\u015f\u0131nm\u0131\u015f contalar, silindirin performans\u0131n\u0131 olumsuz etkileyebilir ve hidrolik s\u0131v\u0131 s\u0131z\u0131nt\u0131lar\u0131na yol a\u00e7abilir.<\/p>\n<p><strong>Temizlik:<\/strong>\u00a0 Kir, d\u00f6k\u00fcnt\u00fc ve di\u011fer kirleticileri temizleyin ve silindirleri temiz tutun. Yeniden monte etmeden \u00f6nce a\u015f\u0131nd\u0131r\u0131c\u0131 olmayan bir temizleyici kullan\u0131n ve t\u00fcm par\u00e7alar\u0131n kuru oldu\u011fundan emin olun. D\u00fczenli temizlik, optimum performans\u0131 destekler ve erken a\u015f\u0131nma veya hasar\u0131 \u00f6nler.<\/p>\n<h2><strong>Hidrolik Silindirin Yeniden Yap\u0131m \u015eemas\u0131 Nas\u0131l G\u00f6sterilir?<\/strong><\/h2>\n<p>Hidrolik silindirin yeniden yap\u0131m\u0131, silindirin s\u00f6k\u00fclmesini, bile\u015fenlerinin incelenmesini, a\u015f\u0131nm\u0131\u015f veya hasar g\u00f6rm\u00fc\u015f par\u00e7alar\u0131n de\u011fi\u015ftirilmesini ve silindirin yeniden monte edilmesini i\u00e7erir. Etkile\u015fimli bir diyagram sa\u011flamak zor olsa da, hidrolik silindirin nas\u0131l yeniden yap\u0131laca\u011f\u0131na dair ad\u0131m ad\u0131m bir k\u0131lavuz sunabilirim:<\/p>\n<ol>\n<li><strong>Ara\u00e7 ve Gere\u00e7leri Toplay\u0131n:<\/strong>\n<ul>\n<li>Anahtarlar veya soket tak\u0131m\u0131<\/li>\n<li>Hidrolik silindir tamir kiti (contalar, O-ringler ve di\u011fer gerekli bile\u015fenleri i\u00e7erir)<\/li>\n<li>Temizlik \u00e7\u00f6z\u00fcc\u00fcs\u00fc<\/li>\n<li>Ya\u011flama ya\u011f\u0131 veya hidrolik s\u0131v\u0131<\/li>\n<li>yumu\u015fak tokmak veya \u00e7eki\u00e7<\/li>\n<li>Tezgah mengenesi (iste\u011fe ba\u011fl\u0131)<\/li>\n<li>Koruyucu g\u00f6zl\u00fck ve eldiven<\/li>\n<\/ul>\n<\/li>\n<li><strong>Silindir S\u00f6k\u00fcm\u00fc:<\/strong><br \/>\na. Hidrolik sistemin bas\u0131nc\u0131n\u0131n bo\u015falt\u0131ld\u0131\u011f\u0131ndan ve silindirin g\u00fcvenli bir konumda oldu\u011fundan emin olun.<br \/>\nb. Silindiri ekipmana sabitleyen t\u00fcm montaj braketlerini veya ba\u011flant\u0131 elemanlar\u0131n\u0131 \u00e7\u0131kar\u0131n.<br \/>\nc. Silindirin u\u00e7 kapaklar\u0131n\u0131 tutan sabitleme c\u0131vatalar\u0131n\u0131 veya pimlerini bulun ve \u00e7\u0131kar\u0131n.<br \/>\nd. U\u00e7 kapa\u011f\u0131 silindirden \u00e7\u0131karmak i\u00e7in yumu\u015fak bir tokmak veya \u00e7eki\u00e7le hafif\u00e7e vurun.<br \/>\ne. U\u00e7 kapa\u011f\u0131 \u00e7\u0131kar\u0131ld\u0131ktan sonra, piston tertibat\u0131n\u0131 dikkatlice d\u0131\u015far\u0131 \u00e7ekin, y\u00f6n\u00fcn\u00fc ve varsa \u00fczerindeki contalar\u0131 not edin.<br \/>\nf. Varsa, di\u011fer u\u00e7 kapa\u011f\u0131 i\u00e7in de ayn\u0131 i\u015flemi tekrarlay\u0131n.<\/li>\n<li><strong>Bile\u015fen Denetimi:<\/strong><br \/>\na. Silindir g\u00f6vdesinde \u00e7izik, oyuk veya di\u011fer hasar belirtileri olup olmad\u0131\u011f\u0131n\u0131 inceleyin. \u00d6nemli hasar varsa silindir g\u00f6vdesinin de\u011fi\u015ftirilmesi gerekebilir.<br \/>\nb. Piston ve biyel kolunda a\u015f\u0131nma, \u00e7izik veya b\u00fck\u00fclme olup olmad\u0131\u011f\u0131n\u0131 kontrol edin. Gerekirse pistonu veya biyel kolunu de\u011fi\u015ftirin.<br \/>\nc. Contalar\u0131 ve O-ringleri a\u015f\u0131nma, \u00e7atlak veya hasar a\u00e7\u0131s\u0131ndan kontrol edin. A\u015f\u0131nma belirtileri g\u00f6steren contalar\u0131 de\u011fi\u015ftirin.<\/li>\n<li><strong>Temizlik:<\/strong><br \/>\na. S\u00f6k\u00fclm\u00fc\u015f t\u00fcm par\u00e7alar\u0131 uygun bir temizleme \u00e7\u00f6z\u00fcc\u00fcs\u00fc kullanarak temizleyin; b\u00f6ylece kir, toz ve eski ya\u011flay\u0131c\u0131 kal\u0131nt\u0131lar\u0131n\u0131 giderin.<br \/>\nb. \u0130nat\u00e7\u0131 kal\u0131nt\u0131lar\u0131 temizlemek i\u00e7in yumu\u015fak bir bez veya f\u0131r\u00e7a kullan\u0131n.<br \/>\nc. \u0130\u015fleme devam etmeden \u00f6nce t\u00fcm bile\u015fenlerin tamamen kurudu\u011fundan emin olun.<\/li>\n<li><strong>Yeniden montaj:<\/strong><br \/>\na. Montaj\u0131 kolayla\u015ft\u0131rmak i\u00e7in yeni contalara ve O-ringlere az miktarda ya\u011flama ya\u011f\u0131 veya hidrolik s\u0131v\u0131 uygulay\u0131n.<br \/>\nb. Yeni contalar\u0131 ve O-ringleri piston ve u\u00e7 kapaklar\u0131na tak\u0131n ve do\u011fru \u015fekilde yerle\u015ftiklerinden emin olun.<br \/>\nc. Piston tertibat\u0131n\u0131, \u00e7ubuk ve contalarla hizalayarak dikkatlice silindir g\u00f6vdesine geri yerle\u015ftirin.<br \/>\nd. U\u00e7 kapaklar\u0131n\u0131 sabitleme c\u0131vatalar\u0131 veya pimleri kullanarak silindir g\u00f6vdesine g\u00fcvenli bir \u015fekilde tak\u0131n.<br \/>\ne. C\u0131vatalar\u0131 veya pimleri \u00fcreticinin belirtti\u011fi tork de\u011ferlerine g\u00f6re s\u0131k\u0131n.<br \/>\nf. Sorunsuz \u00e7al\u0131\u015fmay\u0131 sa\u011flamak i\u00e7in piston ve milin hareketini kontrol edin.<\/li>\n<li><strong>Silindir Testi:<\/strong><br \/>\na. \u00dcreticinin y\u00f6nergelerini izleyerek hidrolik silindiri ekipmana yeniden tak\u0131n.<br \/>\nb. Sisteme hidrolik bas\u0131nc\u0131 geri verin ve silindirin i\u015flevselli\u011fini test edin.<br \/>\nc. Herhangi bir s\u0131z\u0131nt\u0131, anormal ses veya d\u00fczensiz hareket olup olmad\u0131\u011f\u0131n\u0131 kontrol edin.<br \/>\nd. Ekipman\u0131 normal \u00e7al\u0131\u015fmaya d\u00f6nd\u00fcrmeden \u00f6nce gerekli ayarlamalar\u0131 veya onar\u0131mlar\u0131 yap\u0131n.<\/li>\n<\/ol>\n<h2><strong>Fabrikan\u0131n Kapasitesi ve Kapasitesi:<\/strong><\/h2>\n<h3>(1) Meclis<\/h3>\n<p>Birinci s\u0131n\u0131f ba\u011f\u0131ms\u0131z bir ara\u015ft\u0131rma ve geli\u015ftirme montaj platformumuz bulunmaktad\u0131r. Hidrolik silindir \u00fcretim at\u00f6lyemizde, y\u0131ll\u0131k 1 milyon adet \u00fcretim kapasitesine sahip d\u00f6rt adet yar\u0131 otomatik kald\u0131rma silindiri montaj hatt\u0131 ve bir adet otomatik devirme silindiri montaj hatt\u0131 bulunmaktad\u0131r. \u00d6zel silindir at\u00f6lyemiz, y\u0131ll\u0131k 200.000 adet \u00fcretim kapasitesine sahip \u00e7e\u015fitli \u00f6zelliklerde yar\u0131 otomatik temizleme montaj sistemiyle donat\u0131lm\u0131\u015ft\u0131r. Ayr\u0131ca, \u00fcnl\u00fc CNC i\u015fleme ekipmanlar\u0131, bir i\u015fleme merkezi, y\u00fcksek hassasiyetli silindir i\u015fleme \u00f6zel ekipmanlar\u0131, bir robot kaynak makinesi, bir otomatik temizleme makinesi, otomatik silindir montaj makinesi ve otomatik boyama \u00fcretim hatt\u0131 ile donat\u0131lm\u0131\u015ft\u0131r. 300'den fazla setten olu\u015fan kritik ekipmanlar mevcuttur. Ekipman kaynaklar\u0131n\u0131n optimum da\u011f\u0131l\u0131m\u0131 ve verimli kullan\u0131m\u0131, \u00fcr\u00fcnlerin hassasiyet gereksinimlerini kar\u015f\u0131lar ve \u00fcr\u00fcnlerin y\u00fcksek kalite ihtiya\u00e7lar\u0131n\u0131 kar\u015f\u0131lar.<\/p>\n<p><img loading=\"lazy\" decoding=\"async\" class=\"alignnone wp-image-626\" src=\"https:\/\/hydraulic-cylinders.net\/wp-content\/uploads\/2023\/08\/hydraulic-cylinder-product-1-300x158.webp\" alt=\"\" width=\"495\" height=\"260\" srcset=\"https:\/\/hydraulic-cylinders.net\/wp-content\/uploads\/2023\/08\/hydraulic-cylinder-product-1-300x158.webp 495w, https:\/\/hydraulic-cylinders.net\/wp-content\/uploads\/2023\/08\/hydraulic-cylinder-product-1-480x252.webp 480w\" sizes=\"(min-width: 0px) and (max-width: 480px) 480px, (min-width: 481px) 495px, 100vw\" \/> <img loading=\"lazy\" decoding=\"async\" class=\"alignnone wp-image-627\" src=\"https:\/\/hydraulic-cylinders.net\/wp-content\/uploads\/2023\/08\/hydraulic-cylinder-product-2-300x189.webp\" alt=\"\" width=\"413\" height=\"260\" \/><\/p>\n<h3>(2) \u0130\u015fleme<\/h3>\n<p>\u0130\u015fleme at\u00f6lyesi, maksimum 400 mm i\u00e7 \u00e7apa ve maksimum 6 metre uzunlu\u011fa sahip silindir borular\u0131n\u0131n i\u015flenmesini ger\u00e7ekle\u015ftirebilen \u00f6zel e\u011fimli ray torna merkezi, i\u015fleme merkezi, y\u00fcksek h\u0131zl\u0131 honlama makinesi, kaynak robotu ve di\u011fer ilgili ekipmanlarla donat\u0131lm\u0131\u015ft\u0131r.<\/p>\n<p><img loading=\"lazy\" decoding=\"async\" class=\"alignnone wp-image-628 size-large\" src=\"https:\/\/hydraulic-cylinders.net\/wp-content\/uploads\/2023\/08\/hydraulic-cylinder-product-3-1024x391.webp\" alt=\"\" width=\"1024\" height=\"391\" srcset=\"https:\/\/hydraulic-cylinders.net\/wp-content\/uploads\/2023\/08\/hydraulic-cylinder-product-3-980x374.webp 980w, https:\/\/hydraulic-cylinders.net\/wp-content\/uploads\/2023\/08\/hydraulic-cylinder-product-3-480x183.webp 480w\" sizes=\"(min-width: 0px) and (max-width: 480px) 480px, (min-width: 481px) and (max-width: 980px) 980px, (min-width: 981px) 1024px, 100vw\" \/><\/p>\n<h3>(3) Kaynak<\/h3>\n<p><img loading=\"lazy\" decoding=\"async\" class=\"alignnone wp-image-629 size-large\" src=\"https:\/\/hydraulic-cylinders.net\/wp-content\/uploads\/2023\/08\/hydraulic-cylinder-product-4-1024x510.webp\" alt=\"\" width=\"1024\" height=\"510\" srcset=\"https:\/\/hydraulic-cylinders.net\/wp-content\/uploads\/2023\/08\/hydraulic-cylinder-product-4-980x488.webp 980w, https:\/\/hydraulic-cylinders.net\/wp-content\/uploads\/2023\/08\/hydraulic-cylinder-product-4-480x239.webp 480w\" sizes=\"(min-width: 0px) and (max-width: 480px) 480px, (min-width: 481px) and (max-width: 980px) 980px, (min-width: 981px) 1024px, 100vw\" \/><\/p>\n<h3>(4) Boyama ve kaplama<\/h3>\n<p>K\u00fc\u00e7\u00fck ve orta \u00f6l\u00e7ekli silindirli otomatik su bazl\u0131 boya kaplama hatlar\u0131nda, otomatik robot y\u00fckleme-bo\u015faltma ve otomatik p\u00fcsk\u00fcrtmeyi ger\u00e7ekle\u015ftirmek i\u00e7in, vardiya ba\u015f\u0131na 4000 adet tasar\u0131m kapasitesi;<br \/>\nAyr\u0131ca, vardiya ba\u015f\u0131na 60 kasa kapasiteli, g\u00fc\u00e7 zinciriyle \u00e7al\u0131\u015fan b\u00fcy\u00fck silindirler i\u00e7in yar\u0131 otomatik boya \u00fcretim hatt\u0131m\u0131z da bulunmaktad\u0131r.<\/p>\n<p><img loading=\"lazy\" decoding=\"async\" class=\"alignnone wp-image-630\" src=\"https:\/\/hydraulic-cylinders.net\/wp-content\/uploads\/2023\/08\/hydraulic-cylinder-product-5-300x213.webp\" alt=\"\" width=\"366\" height=\"260\" \/> <img loading=\"lazy\" decoding=\"async\" class=\"alignnone wp-image-631\" src=\"https:\/\/hydraulic-cylinders.net\/wp-content\/uploads\/2023\/08\/hydraulic-cylinder-product-6-300x225.webp\" alt=\"\" width=\"347\" height=\"260\" \/><\/p>\n<h3>(5) Test etme<\/h3>\n<p>Silindirin performans\u0131n\u0131n gereklilikleri kar\u015f\u0131lad\u0131\u011f\u0131ndan emin olmak i\u00e7in birinci s\u0131n\u0131f muayene tesislerimiz ve test yataklar\u0131m\u0131z bulunmaktad\u0131r.<\/p>\n<p><img loading=\"lazy\" decoding=\"async\" class=\"alignnone wp-image-632\" src=\"https:\/\/hydraulic-cylinders.net\/wp-content\/uploads\/2023\/08\/hydraulic-cylinder-product-8-300x200.webp\" alt=\"\" width=\"389\" height=\"260\" \/><\/p>\n<p>&nbsp;<\/p>\n<p>&nbsp;<\/p>\n<p>En iyi a\u011f\u0131r \u00e7ubuklu hidrolik silindir \u00fcreticilerinden biriyiz. Geni\u015f bir a\u011f\u0131r \u00e7ubuklu hidrolik silindir sto\u011fu sunabiliyoruz. Ayr\u0131ca, ilgili \u00fcr\u00fcnleri de sa\u011fl\u0131yoruz. <a href=\"https:\/\/hzpt.com\/agricultural-pto-gearbox\/\" target=\"_blank\" rel=\"noopener\">tar\u0131msal di\u015fli kutular\u0131<\/a>\u00dcr\u00fcnlerimizi d\u00fcnyan\u0131n d\u00f6rt bir yan\u0131ndaki m\u00fc\u015fterilerimize ihra\u00e7 ettik ve \u00fcst\u00fcn \u00fcr\u00fcn kalitemiz ve sat\u0131\u015f sonras\u0131 hizmetlerimiz sayesinde iyi bir itibar kazand\u0131k. Yurt i\u00e7i ve yurt d\u0131\u015f\u0131ndaki m\u00fc\u015fterilerimizi i\u015f g\u00f6r\u00fc\u015fmeleri yapmak, bilgi al\u0131\u015fveri\u015finde bulunmak ve daha fazlas\u0131 i\u00e7in bizimle ileti\u015fime ge\u00e7meye davet ediyoruz.\u00a0<a href=\"https:\/\/www.hydraulic-cylinders.net\/tr\/contact-us\/\">bizimle i\u015fbirli\u011fi yap\u0131n<\/a>!<\/p>\n<p>&nbsp;<\/p>\n<h2><\/h2>","protected":false},"excerpt":{"rendered":"<p>CB Type Binaural Type Heavy Rod Hydraulic Cylinder The Type CB binaural heavy rod hydraulic cylinder is a cutting-edge hydraulic element that delivers superior power, precision, and reliability in demanding industrial applications. With its innovative CB-type binaural design, robust construction, and advanced features, this hydraulic cylinder is designed to perform well in challenging conditions. Whether [&hellip;]<\/p>","protected":false},"featured_media":929,"comment_status":"open","ping_status":"closed","template":"","meta":{"_et_pb_use_builder":"","_et_pb_old_content":"","_et_gb_content_width":""},"product_brand":[],"product_cat":[1376,1385],"product_tag":[1380],"class_list":{"0":"post-928","1":"product","2":"type-product","3":"status-publish","4":"has-post-thumbnail","6":"product_cat-hydraulic-cylinder","7":"product_cat-heavy-rod-hydraulic-cylinder","8":"product_tag-hydraulic-cylinder","10":"first","11":"instock","12":"shipping-taxable","13":"product-type-simple"},"amp_enabled":true,"_links":{"self":[{"href":"https:\/\/www.hydraulic-cylinders.net\/tr\/wp-json\/wp\/v2\/product\/928","targetHints":{"allow":["GET"]}}],"collection":[{"href":"https:\/\/www.hydraulic-cylinders.net\/tr\/wp-json\/wp\/v2\/product"}],"about":[{"href":"https:\/\/www.hydraulic-cylinders.net\/tr\/wp-json\/wp\/v2\/types\/product"}],"replies":[{"embeddable":true,"href":"https:\/\/www.hydraulic-cylinders.net\/tr\/wp-json\/wp\/v2\/comments?post=928"}],"wp:featuredmedia":[{"embeddable":true,"href":"https:\/\/www.hydraulic-cylinders.net\/tr\/wp-json\/wp\/v2\/media\/929"}],"wp:attachment":[{"href":"https:\/\/www.hydraulic-cylinders.net\/tr\/wp-json\/wp\/v2\/media?parent=928"}],"wp:term":[{"taxonomy":"product_brand","embeddable":true,"href":"https:\/\/www.hydraulic-cylinders.net\/tr\/wp-json\/wp\/v2\/product_brand?post=928"},{"taxonomy":"product_cat","embeddable":true,"href":"https:\/\/www.hydraulic-cylinders.net\/tr\/wp-json\/wp\/v2\/product_cat?post=928"},{"taxonomy":"product_tag","embeddable":true,"href":"https:\/\/www.hydraulic-cylinders.net\/tr\/wp-json\/wp\/v2\/product_tag?post=928"}],"curies":[{"name":"wp","href":"https:\/\/api.w.org\/{rel}","templated":true}]}}