{"id":948,"date":"2023-09-04T06:47:46","date_gmt":"2023-09-04T06:47:46","guid":{"rendered":"https:\/\/hydraulic-cylinders.net\/?post_type=product&#038;p=948"},"modified":"2023-09-19T01:23:54","modified_gmt":"2023-09-19T01:23:54","slug":"fa-double-shaft-front-flange-type-heavy-rod-hydraulic-cylinder","status":"publish","type":"product","link":"https:\/\/www.hydraulic-cylinders.net\/tr\/urun\/fa-double-shaft-front-flange-type-heavy-rod-hydraulic-cylinder\/","title":{"rendered":"FA \u00c7ift Milli \u00d6n Flan\u015fl\u0131 Tip A\u011f\u0131r \u00c7ubuk Hidrolik Silindir"},"content":{"rendered":"<h1 style=\"text-align: center;\"><strong>FA \u00c7ift Milli \u00d6n Flan\u015fl\u0131 Tip A\u011f\u0131r \u00c7ubuk Hidrolik Silindir<\/strong><\/h1>\n<p>FA \u00e7ift \u015faftl\u0131 \u00f6n flan\u015fl\u0131 a\u011f\u0131r \u00e7ubuklu hidrolik silindir, zorlu end\u00fcstriyel uygulamalar\u0131n \u00fcstesinden h\u0131zla gelmek \u00fczere tasarlanm\u0131\u015f, sa\u011flam ve y\u00fcksek performansl\u0131 bir hidrolik elemand\u0131r. Dayan\u0131kl\u0131 yap\u0131s\u0131, \u00e7ift \u015faftl\u0131 tasar\u0131m\u0131 ve \u00f6n flan\u015f konfig\u00fcrasyonuyla bu hidrolik silindir, ola\u011fan\u00fcst\u00fc g\u00fc\u00e7, hassasiyet ve g\u00fcvenilirlik sunar. A\u011f\u0131r y\u00fckleri kald\u0131rman\u0131z, itmeniz veya \u00e7ekmeniz gerekip gerekmedi\u011fine bak\u0131lmaks\u0131z\u0131n, FA \u00e7ift \u015faftl\u0131 \u00f6n flan\u015fl\u0131 a\u011f\u0131r \u00e7ubuklu hidrolik silindir zorlu ko\u015fullarda performans g\u00f6stererek her sekt\u00f6rde vazge\u00e7ilmez bir ara\u00e7t\u0131r.<\/p>\n<p>A\u011f\u0131r \u00c7ubuk Hidrolik Silindirin Temel \u00d6zellikleri:<\/p>\n<p><strong>Sa\u011flam Yap\u0131: <\/strong>Bu hidrolik silindir, y\u00fcksek kaliteli malzemelerden \u00fcretilen sa\u011flam yap\u0131s\u0131 sayesinde zorlu ko\u015fullara dayan\u0131kl\u0131d\u0131r. Sa\u011flam tasar\u0131m\u0131, uzun \u00f6m\u00fcrl\u00fc olmas\u0131n\u0131, g\u00fcvenilirli\u011fini ve a\u015f\u0131nma direncini garanti ederek a\u011f\u0131r y\u00fcklerin, y\u00fcksek bas\u0131n\u00e7lar\u0131n ve zorlu \u00e7al\u0131\u015fma ortamlar\u0131n\u0131n \u00fcstesinden gelmesini sa\u011flar.<\/p>\n<p><strong>\u00c7ift \u015eaft Tasar\u0131m\u0131:<\/strong>\u00a0 Silindirin \u00e7ift eksenli konfig\u00fcrasyonu, geli\u015fmi\u015f denge, kontroll\u00fc hareket ve hassas konumland\u0131rma sa\u011flar. Silindirin her iki ucunda bulunan \u015faftlar, ayn\u0131 anda itme ve \u00e7ekme hareketine olanak tan\u0131r ve bu da onu \u00e7ift y\u00f6nl\u00fc kuvvet gerektiren uygulamalar i\u00e7in ideal hale getirir.<\/p>\n<p><strong>\u00d6n Flan\u015f Yap\u0131land\u0131rmas\u0131:<\/strong> FA \u00e7ift \u015faftl\u0131 \u00f6n flan\u015fl\u0131 a\u011f\u0131r \u00e7ubuklu hidrolik silindirin \u00f6n flan\u015f tasar\u0131m\u0131, basit ve kullan\u0131\u015fl\u0131 bir montaj se\u00e7ene\u011fi sunar. Flan\u015flar do\u011frudan ekipmana veya makineye tak\u0131labilir, bu da montaj\u0131 kolayla\u015ft\u0131r\u0131r ve do\u011fru hizalamay\u0131 sa\u011flar.<\/p>\n<p><img loading=\"lazy\" decoding=\"async\" class=\"size-medium wp-image-952 aligncenter\" src=\"https:\/\/hydraulic-cylinders.net\/wp-content\/uploads\/2023\/09\/fa-double-shaft-front-flange-type-heavy-rod-hydraulic-cylinder-2-1-300x300.webp\" alt=\"\" width=\"300\" height=\"300\" srcset=\"https:\/\/www.hydraulic-cylinders.net\/wp-content\/uploads\/2023\/09\/fa-double-shaft-front-flange-type-heavy-rod-hydraulic-cylinder-2-1-300x300.webp 300w, https:\/\/www.hydraulic-cylinders.net\/wp-content\/uploads\/2023\/09\/fa-double-shaft-front-flange-type-heavy-rod-hydraulic-cylinder-2-1-100x100.webp 100w, https:\/\/www.hydraulic-cylinders.net\/wp-content\/uploads\/2023\/09\/fa-double-shaft-front-flange-type-heavy-rod-hydraulic-cylinder-2-1-150x150.webp 150w, https:\/\/www.hydraulic-cylinders.net\/wp-content\/uploads\/2023\/09\/fa-double-shaft-front-flange-type-heavy-rod-hydraulic-cylinder-2-1-12x12.webp 12w, https:\/\/www.hydraulic-cylinders.net\/wp-content\/uploads\/2023\/09\/fa-double-shaft-front-flange-type-heavy-rod-hydraulic-cylinder-2-1.webp 302w\" sizes=\"(max-width: 300px) 100vw, 300px\" \/><\/p>\n<h2><strong>FA \u00c7ift \u015eaftl\u0131 \u00d6n Flan\u015fl\u0131 Tip A\u011f\u0131r \u00c7ubuk Hidrolik Silindir Parametresi:<\/strong><\/h2>\n<p><img loading=\"lazy\" decoding=\"async\" class=\"alignnone wp-image-950 size-full\" src=\"https:\/\/hydraulic-cylinders.net\/wp-content\/uploads\/2023\/09\/fa-double-shaft-front-flange-type-heavy-rod-hydraulic-cylinder-1.webp\" alt=\"\" width=\"790\" height=\"568\" srcset=\"https:\/\/hydraulic-cylinders.net\/wp-content\/uploads\/2023\/09\/fa-double-shaft-front-flange-type-heavy-rod-hydraulic-cylinder-1.webp 790w, https:\/\/hydraulic-cylinders.net\/wp-content\/uploads\/2023\/09\/fa-double-shaft-front-flange-type-heavy-rod-hydraulic-cylinder-1-480x345.webp 480w\" sizes=\"(min-width: 0px) and (max-width: 480px) 480px, (min-width: 481px) 790px, 100vw\" \/><\/p>\n<h2><strong>FA \u00c7ift Milli \u00d6n Flan\u015fl\u0131 Tip A\u011f\u0131r \u00c7ubuk Hidrolik Silindir <\/strong><strong>Kullan\u0131m Y\u00f6ntemi<\/strong><strong>:<\/strong><\/h2>\n<p><strong>Montaj:<\/strong>\u00a0 \u00d6ncelikle, FA \u00e7ift \u015faftl\u0131 \u00f6n flan\u015fl\u0131 a\u011f\u0131r \u00e7ubuklu hidrolik silindiri uygun braket veya aparat kullanarak g\u00fcvenli bir \u015fekilde monte edin. Silindirin hizas\u0131zl\u0131\u011f\u0131n\u0131 veya a\u015f\u0131r\u0131 gerilimi \u00f6nlemek i\u00e7in montaj s\u0131ras\u0131nda do\u011fru hizalama ve stabiliteyi sa\u011flay\u0131n.<\/p>\n<p><strong>Hidrolik Sistem Entegrasyonu:<\/strong>\u00a0 Hidrolik hatt\u0131n\u0131 silindire \u00fcreticinin talimatlar\u0131na ve y\u00f6nergelerine g\u00f6re ba\u011flay\u0131n. Silindir, uygun bir pompa veya g\u00fc\u00e7 \u00fcnitesine ba\u011flanarak hidrolik sisteme entegre edilir. Silindir teknik \u00f6zelliklerinin ve \u00e7al\u0131\u015fma gerekliliklerinin kar\u015f\u0131land\u0131\u011f\u0131ndan emin olun.<\/p>\n<p><strong>Kontrol ve \u0130\u015fletme:<\/strong>\u00a0 Hidrolik sistemdeki kontrol valfi, silindire giren ve \u00e7\u0131kan hidrolik ya\u011f ak\u0131\u015f\u0131n\u0131 d\u00fczenler. \u0130stenilen do\u011frusal hareket ve kuvvet \u00e7\u0131k\u0131\u015f\u0131n\u0131 elde etmek i\u00e7in kontrol ayarlar\u0131n\u0131 yap\u0131n. \u0130\u015flevini ve tepkisini do\u011frulamak i\u00e7in silindirin hareketini test edin.<\/p>\n<h2><strong>FA \u00c7ift Milli \u00d6n Flan\u015fl\u0131 Tip A\u011f\u0131r \u00c7ubuk Hidrolik Silindir <\/strong><strong>Bak\u0131m<\/strong><strong>:<\/strong><\/h2>\n<p>FA \u00e7ift \u015faftl\u0131 \u00f6n flan\u015fl\u0131 a\u011f\u0131r \u00e7ubuklu hidrolik silindirin optimum performans ve uzun \u00f6m\u00fcrl\u00fc olmas\u0131n\u0131 sa\u011flamak i\u00e7in d\u00fczenli bak\u0131m \u015fartt\u0131r. A\u015fa\u011f\u0131daki bak\u0131m y\u00f6nergelerini izleyin:<\/p>\n<p><strong>D\u00fczenli Muayene:<\/strong>\u00a0 A\u015f\u0131nma, hasar veya s\u0131z\u0131nt\u0131 belirtilerini tespit etmek i\u00e7in rutin kontroller yap\u0131n. Silindir bloklar\u0131n\u0131, milleri, contalar\u0131 ve di\u011fer bile\u015fenleri anormalliklere kar\u015f\u0131 kontrol edin. Daha fazla yaralanmay\u0131 veya operasyonel verimsizli\u011fi \u00f6nlemek i\u00e7in sorunlar\u0131 derhal \u00e7\u00f6z\u00fcn.<\/p>\n<p><strong>Ya\u011flama:<\/strong> Silindirin miller ve contalar dahil hareketli par\u00e7alar\u0131na \u00f6nerilen ya\u011flay\u0131c\u0131y\u0131 uygulay\u0131n. D\u00fczenli ya\u011flama, s\u00fcrt\u00fcnmeyi en aza indirir, a\u015f\u0131nmay\u0131 azalt\u0131r ve sorunsuz \u00e7al\u0131\u015fmay\u0131 sa\u011flar. Ya\u011flama aral\u0131klar\u0131 i\u00e7in \u00fcreticinin talimatlar\u0131na uyun ve uygun ya\u011flay\u0131c\u0131 t\u00fcr\u00fcn\u00fc kullan\u0131n.<\/p>\n<p><strong>Conta De\u011fi\u015fimi:<\/strong>\u00a0 Contalar\u0131n bozuldu\u011fu veya s\u0131zd\u0131rd\u0131\u011f\u0131 tespit edilirse, contalar\u0131 \u00fcretici taraf\u0131ndan onaylanm\u0131\u015f orijinal par\u00e7alarla de\u011fi\u015ftirin. Hasarl\u0131 veya a\u015f\u0131nm\u0131\u015f contalar, silindirin performans\u0131n\u0131 olumsuz etkileyebilir ve hidrolik ya\u011f s\u0131z\u0131nt\u0131s\u0131na yol a\u00e7abilir.<\/p>\n<p><strong>Temizlik:<\/strong>\u00a0 Silindirleri kir, kal\u0131nt\u0131 ve di\u011fer kirleticilerden ar\u0131nd\u0131rarak temizleyin. Yeniden monte etmeden \u00f6nce a\u015f\u0131nd\u0131r\u0131c\u0131 olmayan bir temizleyici kullan\u0131n ve t\u00fcm par\u00e7alar\u0131n tamamen kuru oldu\u011fundan emin olun. D\u00fczenli temizlik, optimum performans\u0131 destekler ve erken a\u015f\u0131nma veya hasar\u0131 \u00f6nler.<\/p>\n<h2><strong>Sandalyeden Hidrolik Silindir Nas\u0131l \u00c7\u0131kar\u0131l\u0131r?<\/strong><\/h2>\n<p>Bir sandalyeden hidrolik silindiri \u00e7\u0131karmak i\u00e7in a\u015fa\u011f\u0131daki ad\u0131mlar\u0131 izleyin:<\/p>\n<ol>\n<li><strong>G\u00fcvenlik \u00d6nlemleri:<\/strong> Ba\u015flamadan \u00f6nce, sandalyenin sabit bir y\u00fczeyde oldu\u011fundan ve devrilmeyece\u011finden emin olun. Eldiven ve koruyucu g\u00f6zl\u00fck gibi uygun ki\u015fisel koruyucu ekipman (KKD) kullan\u0131n.<\/li>\n<li><strong>Sandalyeyi \u0130ndirin:<\/strong> Sandalyenin ayarlanabilir y\u00fckseklik \u00f6zelli\u011fi varsa, en al\u00e7ak konumuna indirin. Bu ad\u0131m, hidrolik silindire eri\u015fmeyi ve onu \u00e7\u0131karmay\u0131 kolayla\u015ft\u0131racakt\u0131r.<\/li>\n<li><strong>Silindir Ba\u011flant\u0131 Noktas\u0131n\u0131 Bulun:<\/strong> Hidrolik silindirin ba\u011flant\u0131 noktas\u0131n\u0131 belirlemek i\u00e7in sandalyeyi inceleyin. Bu nokta, sandalyenin taban\u0131nda veya koltu\u011fun alt\u0131nda olabilir.<\/li>\n<li><strong>Tutma Klipsini \u00c7\u0131kar\u0131n:<\/strong> Bir\u00e7ok sandalye, hidrolik silindiri sabitlemek i\u00e7in bir tutma klipsi veya halkas\u0131 kullan\u0131r. Tutma klipsini bulun ve d\u00fcz u\u00e7lu bir tornavida veya pense kullanarak \u00e7\u0131kar\u0131n. Klips serbest b\u0131rak\u0131ld\u0131\u011f\u0131nda f\u0131rlayabilece\u011finden dikkatli olun.<\/li>\n<li><strong>Silindiri Sandalye Taban\u0131ndan Ay\u0131r\u0131n:<\/strong> Tutma klipsi \u00e7\u0131kar\u0131ld\u0131ktan sonra, hidrolik silindiri sandalye taban\u0131ndan \u00e7\u0131karabilirsiniz. Sandalye koltu\u011funu s\u0131k\u0131ca kavray\u0131n ve silindiri yerden ay\u0131rmak i\u00e7in hafif\u00e7e kuvvet uygulayarak yukar\u0131 kald\u0131r\u0131n. Gev\u015fetmek i\u00e7in silindiri hafif\u00e7e oynatman\u0131z veya \u00e7evirmeniz gerekebilir.<\/li>\n<li><strong>Denetleyin ve Temizleyin:<\/strong> Hidrolik silindiri \u00e7\u0131kard\u0131ktan sonra, herhangi bir hasar, s\u0131z\u0131nt\u0131 veya a\u015f\u0131nma belirtisi olup olmad\u0131\u011f\u0131n\u0131 kontrol edin. Hem silindir hem de koltuk \u00fczerindeki ba\u011flant\u0131 noktalar\u0131nda kal\u0131nt\u0131, kir veya pas olup olmad\u0131\u011f\u0131n\u0131 kontrol edin. Bu alanlar\u0131 hafif bir temizleyici veya suyla nemlendirilmi\u015f bir bezle temizleyin.<\/li>\n<li><strong>Yeniden Kurulum veya De\u011fi\u015ftirme:<\/strong> Hidrolik silindiri tekrar kullanmay\u0131 planl\u0131yorsan\u0131z, iyi \u00e7al\u0131\u015f\u0131r durumda ve herhangi bir kusuru olmad\u0131\u011f\u0131ndan emin olun. Sorunsuz hareket etmesini sa\u011flamak i\u00e7in ba\u011flant\u0131 noktalar\u0131na az miktarda ya\u011flay\u0131c\u0131 uygulay\u0131n. Silindiri sandalyeye tekrar takmak i\u00e7in ad\u0131mlar\u0131 tersten uygulay\u0131n. Silindir hasarl\u0131 veya ar\u0131zal\u0131ysa, uygun boyut ve \u00f6zelliklere sahip yeni bir silindirle de\u011fi\u015ftirilmesi \u00f6nerilir.<\/li>\n<\/ol>\n<h2><strong>Fabrikan\u0131n Kapasitesi ve Kapasitesi:<\/strong><\/h2>\n<h3>(1) Meclis<\/h3>\n<p>Birinci s\u0131n\u0131f ba\u011f\u0131ms\u0131z bir ara\u015ft\u0131rma ve geli\u015ftirme montaj platformumuz bulunmaktad\u0131r. Hidrolik silindir \u00fcretim at\u00f6lyemizde, y\u0131ll\u0131k 1 milyon adet \u00fcretim kapasitesine sahip d\u00f6rt adet yar\u0131 otomatik kald\u0131rma silindiri montaj hatt\u0131 ve bir adet otomatik devirme silindiri montaj hatt\u0131 bulunmaktad\u0131r. \u00d6zel silindir at\u00f6lyemiz, y\u0131ll\u0131k 200.000 adet \u00fcretim kapasitesine sahip \u00e7e\u015fitli \u00f6zelliklerde yar\u0131 otomatik temizleme montaj sistemiyle donat\u0131lm\u0131\u015ft\u0131r. Ayr\u0131ca, \u00fcnl\u00fc CNC i\u015fleme ekipmanlar\u0131, bir i\u015fleme merkezi, y\u00fcksek hassasiyetli silindir i\u015fleme \u00f6zel ekipmanlar\u0131, bir robot kaynak makinesi, bir otomatik temizleme makinesi, otomatik silindir montaj makinesi ve otomatik boyama \u00fcretim hatt\u0131 ile donat\u0131lm\u0131\u015ft\u0131r. 300'den fazla setten olu\u015fan kritik ekipmanlar mevcuttur. Ekipman kaynaklar\u0131n\u0131n optimum da\u011f\u0131l\u0131m\u0131 ve verimli kullan\u0131m\u0131, \u00fcr\u00fcnlerin hassasiyet gereksinimlerini kar\u015f\u0131lar ve \u00fcr\u00fcnlerin y\u00fcksek kalite ihtiya\u00e7lar\u0131n\u0131 kar\u015f\u0131lar.<\/p>\n<p><img loading=\"lazy\" decoding=\"async\" class=\"alignnone wp-image-626\" src=\"https:\/\/hydraulic-cylinders.net\/wp-content\/uploads\/2023\/08\/hydraulic-cylinder-product-1-300x158.webp\" alt=\"\" width=\"495\" height=\"260\" srcset=\"https:\/\/hydraulic-cylinders.net\/wp-content\/uploads\/2023\/08\/hydraulic-cylinder-product-1-300x158.webp 495w, https:\/\/hydraulic-cylinders.net\/wp-content\/uploads\/2023\/08\/hydraulic-cylinder-product-1-480x252.webp 480w\" sizes=\"(min-width: 0px) and (max-width: 480px) 480px, (min-width: 481px) 495px, 100vw\" \/> <img loading=\"lazy\" decoding=\"async\" class=\"alignnone wp-image-627\" src=\"https:\/\/hydraulic-cylinders.net\/wp-content\/uploads\/2023\/08\/hydraulic-cylinder-product-2-300x189.webp\" alt=\"\" width=\"413\" height=\"260\" \/><\/p>\n<h3>(2) \u0130\u015fleme<\/h3>\n<p>\u0130\u015fleme at\u00f6lyesi, maksimum 400 mm i\u00e7 \u00e7apa ve maksimum 6 metre uzunlu\u011fa sahip silindir borular\u0131n\u0131n i\u015flenmesini ger\u00e7ekle\u015ftirebilen \u00f6zel e\u011fimli ray torna merkezi, i\u015fleme merkezi, y\u00fcksek h\u0131zl\u0131 honlama makinesi, kaynak robotu ve di\u011fer ilgili ekipmanlarla donat\u0131lm\u0131\u015ft\u0131r.<\/p>\n<p><img loading=\"lazy\" decoding=\"async\" class=\"alignnone wp-image-628 size-large\" src=\"https:\/\/hydraulic-cylinders.net\/wp-content\/uploads\/2023\/08\/hydraulic-cylinder-product-3-1024x391.webp\" alt=\"\" width=\"1024\" height=\"391\" srcset=\"https:\/\/hydraulic-cylinders.net\/wp-content\/uploads\/2023\/08\/hydraulic-cylinder-product-3-980x374.webp 980w, https:\/\/hydraulic-cylinders.net\/wp-content\/uploads\/2023\/08\/hydraulic-cylinder-product-3-480x183.webp 480w\" sizes=\"(min-width: 0px) and (max-width: 480px) 480px, (min-width: 481px) and (max-width: 980px) 980px, (min-width: 981px) 1024px, 100vw\" \/><\/p>\n<h3>(3) Kaynak<\/h3>\n<p><img loading=\"lazy\" decoding=\"async\" class=\"alignnone wp-image-629 size-large\" src=\"https:\/\/hydraulic-cylinders.net\/wp-content\/uploads\/2023\/08\/hydraulic-cylinder-product-4-1024x510.webp\" alt=\"\" width=\"1024\" height=\"510\" srcset=\"https:\/\/hydraulic-cylinders.net\/wp-content\/uploads\/2023\/08\/hydraulic-cylinder-product-4-980x488.webp 980w, https:\/\/hydraulic-cylinders.net\/wp-content\/uploads\/2023\/08\/hydraulic-cylinder-product-4-480x239.webp 480w\" sizes=\"(min-width: 0px) and (max-width: 480px) 480px, (min-width: 481px) and (max-width: 980px) 980px, (min-width: 981px) 1024px, 100vw\" \/><\/p>\n<h3>(4) Boyama ve kaplama<\/h3>\n<p>K\u00fc\u00e7\u00fck ve orta \u00f6l\u00e7ekli silindirli otomatik su bazl\u0131 boya kaplama hatlar\u0131nda, otomatik robot y\u00fckleme-bo\u015faltma ve otomatik p\u00fcsk\u00fcrtmeyi ger\u00e7ekle\u015ftirmek i\u00e7in, vardiya ba\u015f\u0131na 4000 adet tasar\u0131m kapasitesi;<br \/>\nAyr\u0131ca, vardiya ba\u015f\u0131na 60 kasa kapasiteli, g\u00fc\u00e7 zinciriyle \u00e7al\u0131\u015fan b\u00fcy\u00fck silindirler i\u00e7in yar\u0131 otomatik boya \u00fcretim hatt\u0131m\u0131z da bulunmaktad\u0131r.<\/p>\n<p><img loading=\"lazy\" decoding=\"async\" class=\"alignnone wp-image-630\" src=\"https:\/\/hydraulic-cylinders.net\/wp-content\/uploads\/2023\/08\/hydraulic-cylinder-product-5-300x213.webp\" alt=\"\" width=\"366\" height=\"260\" \/> <img loading=\"lazy\" decoding=\"async\" class=\"alignnone wp-image-631\" src=\"https:\/\/hydraulic-cylinders.net\/wp-content\/uploads\/2023\/08\/hydraulic-cylinder-product-6-300x225.webp\" alt=\"\" width=\"347\" height=\"260\" \/><\/p>\n<h3>(5) Test etme<\/h3>\n<p>Silindirin performans\u0131n\u0131n gereklilikleri kar\u015f\u0131lad\u0131\u011f\u0131ndan emin olmak i\u00e7in birinci s\u0131n\u0131f muayene tesislerimiz ve test yataklar\u0131m\u0131z bulunmaktad\u0131r.<\/p>\n<p><img loading=\"lazy\" decoding=\"async\" class=\"alignnone wp-image-632\" src=\"https:\/\/hydraulic-cylinders.net\/wp-content\/uploads\/2023\/08\/hydraulic-cylinder-product-8-300x200.webp\" alt=\"\" width=\"389\" height=\"260\" \/><\/p>\n<p>&nbsp;<\/p>\n<p>&nbsp;<\/p>\n<p>En iyi a\u011f\u0131r \u00e7ubuklu hidrolik silindir \u00fcreticilerinden biriyiz. Geni\u015f bir a\u011f\u0131r \u00e7ubuklu hidrolik silindir sto\u011fu sunabiliyoruz. Ayr\u0131ca, ilgili \u00fcr\u00fcnleri de sa\u011fl\u0131yoruz. <a href=\"https:\/\/hzpt.com\/agricultural-pto-gearbox\/\" target=\"_blank\" rel=\"noopener\">tar\u0131msal di\u015fli kutular\u0131<\/a>\u00dcr\u00fcnlerimizi d\u00fcnyan\u0131n d\u00f6rt bir yan\u0131ndaki m\u00fc\u015fterilerimize ihra\u00e7 ettik ve \u00fcst\u00fcn \u00fcr\u00fcn kalitemiz ve sat\u0131\u015f sonras\u0131 hizmetlerimiz sayesinde iyi bir itibar kazand\u0131k. Yurt i\u00e7i ve yurt d\u0131\u015f\u0131ndaki m\u00fc\u015fterilerimizi i\u015f g\u00f6r\u00fc\u015fmeleri yapmak, bilgi al\u0131\u015fveri\u015finde bulunmak ve daha fazlas\u0131 i\u00e7in bizimle ileti\u015fime ge\u00e7meye davet ediyoruz.\u00a0<a href=\"https:\/\/www.hydraulic-cylinders.net\/tr\/contact-us\/\">bizimle i\u015fbirli\u011fi yap\u0131n<\/a>!<\/p>\n<p>&nbsp;<\/p>\n<h2><\/h2>\n<h2><\/h2>","protected":false},"excerpt":{"rendered":"<p>FA Double Shaft Front Flange Type Heavy Rod Hydraulic Cylinder The FA double shaft front flange type heavy rod hydraulic cylinder is a rugged, high-performance hydraulic element designed to handle demanding industrial applications quickly. With its durable construction, dual shaft design, and front flange configuration, this hydraulic cylinder offers exceptional power, accuracy, and reliability. Whether [&hellip;]<\/p>","protected":false},"featured_media":951,"comment_status":"open","ping_status":"closed","template":"","meta":{"_et_pb_use_builder":"","_et_pb_old_content":"","_et_gb_content_width":""},"product_brand":[],"product_cat":[1376,1385],"product_tag":[1380],"class_list":{"0":"post-948","1":"product","2":"type-product","3":"status-publish","4":"has-post-thumbnail","6":"product_cat-hydraulic-cylinder","7":"product_cat-heavy-rod-hydraulic-cylinder","8":"product_tag-hydraulic-cylinder","10":"first","11":"instock","12":"shipping-taxable","13":"product-type-simple"},"amp_enabled":true,"_links":{"self":[{"href":"https:\/\/www.hydraulic-cylinders.net\/tr\/wp-json\/wp\/v2\/product\/948","targetHints":{"allow":["GET"]}}],"collection":[{"href":"https:\/\/www.hydraulic-cylinders.net\/tr\/wp-json\/wp\/v2\/product"}],"about":[{"href":"https:\/\/www.hydraulic-cylinders.net\/tr\/wp-json\/wp\/v2\/types\/product"}],"replies":[{"embeddable":true,"href":"https:\/\/www.hydraulic-cylinders.net\/tr\/wp-json\/wp\/v2\/comments?post=948"}],"wp:featuredmedia":[{"embeddable":true,"href":"https:\/\/www.hydraulic-cylinders.net\/tr\/wp-json\/wp\/v2\/media\/951"}],"wp:attachment":[{"href":"https:\/\/www.hydraulic-cylinders.net\/tr\/wp-json\/wp\/v2\/media?parent=948"}],"wp:term":[{"taxonomy":"product_brand","embeddable":true,"href":"https:\/\/www.hydraulic-cylinders.net\/tr\/wp-json\/wp\/v2\/product_brand?post=948"},{"taxonomy":"product_cat","embeddable":true,"href":"https:\/\/www.hydraulic-cylinders.net\/tr\/wp-json\/wp\/v2\/product_cat?post=948"},{"taxonomy":"product_tag","embeddable":true,"href":"https:\/\/www.hydraulic-cylinders.net\/tr\/wp-json\/wp\/v2\/product_tag?post=948"}],"curies":[{"name":"wp","href":"https:\/\/api.w.org\/{rel}","templated":true}]}}