{"id":953,"date":"2023-09-04T06:53:22","date_gmt":"2023-09-04T06:53:22","guid":{"rendered":"https:\/\/hydraulic-cylinders.net\/?post_type=product&#038;p=953"},"modified":"2023-09-19T01:02:05","modified_gmt":"2023-09-19T01:02:05","slug":"standard-biaxial-type-heavy-rod-hydraulic-cylinder","status":"publish","type":"product","link":"https:\/\/www.hydraulic-cylinders.net\/tr\/urun\/standard-biaxial-type-heavy-rod-hydraulic-cylinder\/","title":{"rendered":"Standart \u00c7ift Eksenli Tip A\u011f\u0131r \u00c7ubuk Hidrolik Silindir"},"content":{"rendered":"<h1 style=\"text-align: center;\"><strong>Standart \u00c7ift Eksenli Tip A\u011f\u0131r \u00c7ubuk Hidrolik Silindir<\/strong><\/h1>\n<p>Standart \u00e7ift eksenli tip a\u011f\u0131r \u00e7ubuklu hidrolik silindir, zorlu end\u00fcstriyel uygulamalar\u0131n \u00fcstesinden gelmek \u00fczere tasarlanm\u0131\u015f \u00e7ok y\u00f6nl\u00fc ve sa\u011flam bir hidrolik elemand\u0131r. Dayan\u0131kl\u0131 yap\u0131s\u0131, iki aksl\u0131 tasar\u0131m\u0131 ve a\u011f\u0131r hizmet kapasitesiyle bu hidrolik silindir, ola\u011fan\u00fcst\u00fc g\u00fc\u00e7, hassasiyet ve g\u00fcvenilirlik sunar. A\u011f\u0131r y\u00fckleri kald\u0131rman\u0131z, itmeniz veya \u00e7ekmeniz gerekip gerekmedi\u011fine bak\u0131lmaks\u0131z\u0131n, standart iki aksl\u0131 a\u011f\u0131r \u00e7ubuklu hidrolik silindir zorlu ko\u015fullarda \u00f6ne \u00e7\u0131kar.<\/p>\n<p>A\u011f\u0131r \u00c7ubuk Hidrolik Silindirin Temel \u00d6zellikleri:<\/p>\n<p><strong>Sa\u011flam Yap\u0131:<\/strong> Bu a\u011f\u0131r \u00e7ubuklu hidrolik silindir, y\u00fcksek kaliteli malzemeler kullan\u0131larak sa\u011flam ve dayan\u0131kl\u0131 bir yap\u0131ya sahip olup uzun \u00f6m\u00fcrl\u00fc olacak \u015fekilde \u00fcretilmi\u015ftir. Sa\u011flam tasar\u0131m\u0131, uzun \u00f6m\u00fcr ve a\u015f\u0131nma direnci sa\u011flayarak a\u011f\u0131r y\u00fcklere, y\u00fcksek bas\u0131n\u00e7lara ve zorlu \u00e7al\u0131\u015fma ortamlar\u0131na dayanmas\u0131n\u0131 sa\u011flar.<\/p>\n<p><strong>\u00c7ift Eksenli Tasar\u0131m:<\/strong>\u00a0 Silindirin \u00e7ift eksenli tip konfig\u00fcrasyonu, geli\u015fmi\u015f denge ve hareket kontrol\u00fc sa\u011flar. \u0130ki \u015faftl\u0131 yap\u0131s\u0131 sayesinde silindir, hassas konumland\u0131rma ve sorunsuz \u00e7al\u0131\u015fma sa\u011flayarak kullan\u0131m s\u0131ras\u0131nda hizalama hatas\u0131 veya sapma riskini en aza indirir.<\/p>\n<p><strong>A\u011f\u0131r \u00c7ubuk:<\/strong>\u00a0 Standart iki \u015faftl\u0131 a\u011f\u0131r \u00e7ubuklu hidrolik silindirin a\u011f\u0131r \u00e7ubuk tasar\u0131m\u0131, b\u00fcy\u00fck miktarda kuvvet \u00e7\u0131k\u0131\u015f\u0131 \u00fcretmesini sa\u011flar. Bu \u00f6zellik, a\u011f\u0131r y\u00fckleri zahmetsizce ve hassas bir \u015fekilde kald\u0131ran, iten veya \u00e7eken uygulamalar i\u00e7in uygundur.<\/p>\n<p><img loading=\"lazy\" decoding=\"async\" class=\"size-medium wp-image-954 aligncenter\" src=\"https:\/\/hydraulic-cylinders.net\/wp-content\/uploads\/2023\/09\/standard-biaxial-type-heavy-rod-hydraulic-cylinder-2-300x300.webp\" alt=\"\" width=\"300\" height=\"300\" srcset=\"https:\/\/www.hydraulic-cylinders.net\/wp-content\/uploads\/2023\/09\/standard-biaxial-type-heavy-rod-hydraulic-cylinder-2-300x300.webp 300w, https:\/\/www.hydraulic-cylinders.net\/wp-content\/uploads\/2023\/09\/standard-biaxial-type-heavy-rod-hydraulic-cylinder-2-100x100.webp 100w, https:\/\/www.hydraulic-cylinders.net\/wp-content\/uploads\/2023\/09\/standard-biaxial-type-heavy-rod-hydraulic-cylinder-2-150x150.webp 150w, https:\/\/www.hydraulic-cylinders.net\/wp-content\/uploads\/2023\/09\/standard-biaxial-type-heavy-rod-hydraulic-cylinder-2-12x12.webp 12w, https:\/\/www.hydraulic-cylinders.net\/wp-content\/uploads\/2023\/09\/standard-biaxial-type-heavy-rod-hydraulic-cylinder-2.webp 318w\" sizes=\"(max-width: 300px) 100vw, 300px\" \/><\/p>\n<h2><strong>Standart Biaksiyel Tip A\u011f\u0131r \u00c7ubuk Hidrolik Silindir Parametresi:<\/strong><\/h2>\n<p><img loading=\"lazy\" decoding=\"async\" class=\"alignnone wp-image-955 size-full\" src=\"https:\/\/hydraulic-cylinders.net\/wp-content\/uploads\/2023\/09\/standard-biaxial-type-heavy-rod-hydraulic-cylinder-1.webp\" alt=\"\" width=\"790\" height=\"507\" srcset=\"https:\/\/hydraulic-cylinders.net\/wp-content\/uploads\/2023\/09\/standard-biaxial-type-heavy-rod-hydraulic-cylinder-1.webp 790w, https:\/\/hydraulic-cylinders.net\/wp-content\/uploads\/2023\/09\/standard-biaxial-type-heavy-rod-hydraulic-cylinder-1-480x308.webp 480w\" sizes=\"(min-width: 0px) and (max-width: 480px) 480px, (min-width: 481px) 790px, 100vw\" \/><\/p>\n<h2><strong>Standart \u00c7ift Eksenli Tip A\u011f\u0131r \u00c7ubuk Hidrolik Silindirin Kullan\u0131m Y\u00f6ntemi<\/strong><strong>:<\/strong><\/h2>\n<ol>\n<li><strong>Montaj:<\/strong> Standart \u00c7ift Eksenli Tip A\u011f\u0131r \u00c7ubuk Hidrolik Silindiri uygun braketler veya ba\u011flant\u0131 elemanlar\u0131 kullanarak g\u00fcvenli bir \u015fekilde monte ederek ba\u015flay\u0131n. Silindirde hizalama hatas\u0131 veya a\u015f\u0131r\u0131 zorlanmay\u0131 \u00f6nlemek i\u00e7in montaj s\u0131ras\u0131nda do\u011fru hizalama ve stabiliteyi sa\u011flay\u0131n.<\/li>\n<li><strong>Hidrolik Sistem Entegrasyonu:<\/strong> Hidrolik hatlar\u0131, \u00fcreticinin talimatlar\u0131n\u0131 ve y\u00f6nergelerini izleyerek silindire ba\u011flay\u0131n. Silindiri uygun bir pompa veya g\u00fc\u00e7 \u00fcnitesine ba\u011flayarak hidrolik sisteme entegre edin. Silindirin teknik \u00f6zellikleri ve \u00e7al\u0131\u015fma gereksinimleriyle uyumlu oldu\u011fundan emin olun.<\/li>\n<li><strong>Kontrol ve \u0130\u015fletme:<\/strong> Hidrolik sistemdeki kontrol valflerini kullanarak silindire giren ve \u00e7\u0131kan hidrolik s\u0131v\u0131 ak\u0131\u015f\u0131n\u0131 d\u00fczenleyin. \u0130stenilen do\u011frusal hareket ve kuvvet \u00e7\u0131k\u0131\u015f\u0131n\u0131 elde etmek i\u00e7in kontrol ayarlar\u0131n\u0131 d\u00fczenleyin. \u0130\u015flevselli\u011fini ve tepkisini do\u011frulamak i\u00e7in silindirin hareketini test edin.<\/li>\n<\/ol>\n<h2><strong>Standart \u00c7ift Eksenli Tip A\u011f\u0131r \u00c7ubuk Hidrolik Silindirinin Bak\u0131m\u0131<\/strong><strong>:<\/strong><\/h2>\n<p>Standart \u00e7ift eksenli tip a\u011f\u0131r \u00e7ubuklu hidrolik silindirin optimum performans ve uzun \u00f6m\u00fcrl\u00fcl\u00fc\u011f\u00fcn\u00fc sa\u011flamak i\u00e7in d\u00fczenli bak\u0131m \u015fartt\u0131r. A\u015fa\u011f\u0131daki bak\u0131m y\u00f6nergelerini izleyin:<\/p>\n<ol>\n<li><strong>D\u00fczenli Muayene:<\/strong> A\u015f\u0131nma, hasar veya s\u0131z\u0131nt\u0131 belirtilerini tespit etmek i\u00e7in rutin kontroller yap\u0131n. Silindir g\u00f6vdesini, biyel kolunu, contalar\u0131 ve di\u011fer bile\u015fenleri anormallikler a\u00e7\u0131s\u0131ndan inceleyin. Daha fazla yaralanmay\u0131 veya operasyonel verimsizli\u011fi \u00f6nlemek i\u00e7in sorunlar\u0131 derhal giderin.<\/li>\n<li><strong>Ya\u011flama:<\/strong> Silindirin hareketli par\u00e7alar\u0131na, biyel kolu ve contalar dahil, \u00f6nerilen ya\u011flay\u0131c\u0131y\u0131 uygulay\u0131n. D\u00fczenli ya\u011flama, s\u00fcrt\u00fcnmeyi en aza indirir, a\u015f\u0131nmay\u0131 azalt\u0131r ve sorunsuz \u00e7al\u0131\u015fmay\u0131 sa\u011flar. Ya\u011flama aral\u0131klar\u0131 i\u00e7in \u00fcreticinin talimatlar\u0131na uyun ve uygun ya\u011flay\u0131c\u0131 t\u00fcr\u00fcn\u00fc kullan\u0131n.<\/li>\n<li><strong>Conta De\u011fi\u015fimi:<\/strong> Contalarda bozulma veya s\u0131z\u0131nt\u0131 fark ederseniz, contalar\u0131 \u00fcretici taraf\u0131ndan onaylanm\u0131\u015f orijinal par\u00e7alarla de\u011fi\u015ftirin. Hasarl\u0131 veya a\u015f\u0131nm\u0131\u015f contalar, silindirin performans\u0131n\u0131 olumsuz etkileyebilir ve hidrolik s\u0131v\u0131 s\u0131z\u0131nt\u0131lar\u0131na yol a\u00e7abilir.<\/li>\n<li><strong>Temizlik:<\/strong> Silindiri kir, kal\u0131nt\u0131 ve di\u011fer kirleticilerden ar\u0131nd\u0131rarak temizleyin. A\u015f\u0131nd\u0131r\u0131c\u0131 olmayan bir temizleyici kullan\u0131n ve yeniden monte etmeden \u00f6nce t\u00fcm bile\u015fenlerin tamamen kurudu\u011fundan emin olun. D\u00fczenli temizlik, optimum performans\u0131 destekler ve erken a\u015f\u0131nma veya hasar\u0131 \u00f6nler.<\/li>\n<\/ol>\n<h2><strong>Hidrolik Silindir Boyutu Nas\u0131l Belirlenir?<\/strong><\/h2>\n<p>Bir hidrolik silindirin boyutland\u0131r\u0131lmas\u0131, istenen g\u00f6revi etkili bir \u015fekilde yerine getirebilmesini sa\u011flamak i\u00e7in silindirin uygun teknik \u00f6zelliklerinin ve boyutlar\u0131n\u0131n belirlenmesini i\u00e7erir. Bir hidrolik silindirin boyutland\u0131r\u0131lmas\u0131nda genel ad\u0131mlar \u015funlard\u0131r:<\/p>\n<ol>\n<li><strong>Gerekli Kuvveti Belirleyin:<\/strong> \u00d6ncelikle, ama\u00e7lanan g\u00f6revi hareket ettirmek veya ger\u00e7ekle\u015ftirmek i\u00e7in gereken kuvveti hesaplay\u0131n. Y\u00fck\u00fcn a\u011f\u0131rl\u0131\u011f\u0131, gereken ivme veya h\u0131z ve sisteme etki eden ek kuvvetler gibi fakt\u00f6rleri g\u00f6z \u00f6n\u00fcnde bulundurun. Bu kuvvet gereksinimi, hidrolik silindirin minimum kuvvet kapasitesinin belirlenmesine yard\u0131mc\u0131 olacakt\u0131r.<\/li>\n<li><strong>\u00c7al\u0131\u015fma Bas\u0131nc\u0131n\u0131 De\u011ferlendirin:<\/strong> Silindirin \u00e7al\u0131\u015faca\u011f\u0131 hidrolik sistemin maksimum \u00e7al\u0131\u015fma bas\u0131nc\u0131n\u0131 belirleyin. \u00c7al\u0131\u015fma bas\u0131nc\u0131, \u00f6nceki ad\u0131mda hesaplanan gerekli kuvveti \u00fcretmeye yeterli olmal\u0131d\u0131r. Pompa, valfler ve hortumlar dahil olmak \u00fczere hidrolik sistemin beklenen bas\u0131nc\u0131 kald\u0131rabilece\u011finden emin olun.<\/li>\n<li><strong>Silindir \u00c7ap\u0131n\u0131n Hesaplanmas\u0131:<\/strong> Silindirin delik boyutu, kuvvet kapasitesini belirlemede kritik bir fakt\u00f6rd\u00fcr. \u015eu form\u00fcl\u00fc kullan\u0131n: Kuvvet (F) = Bas\u0131n\u00e7 (P) x Alan (A), burada kuvvet pound veya Newton cinsinden, bas\u0131n\u00e7 in\u00e7 kare ba\u015f\u0131na pound (psi) veya Pascal (Pa) cinsinden ve alan in\u00e7 kare veya metrekare cinsindendir. Gerekli silindir delik boyutunu hesaplamak i\u00e7in form\u00fcl\u00fc yeniden d\u00fczenleyin: Delik Boyutu = \u221a(Kuvvet \/ (Bas\u0131n\u00e7 x \u03c0)).<\/li>\n<li><strong>Vuru\u015f Uzunlu\u011funu Dikkate Al\u0131n:<\/strong> Silindirin ama\u00e7lanan i\u015flevini yerine getirebilmesi i\u00e7in gereken maksimum uzama veya geri \u00e7ekilme mesafesi olan gerekli strok uzunlu\u011funu belirleyin. Se\u00e7ilen silindirin istenen hareketi kar\u015f\u0131layacak bir strok uzunlu\u011funa sahip oldu\u011fundan emin olun.<\/li>\n<li><strong>G\u00fcvenlik Fakt\u00f6rlerini Hesaba Kat\u0131n:<\/strong> Silindirin beklenmedik y\u00fckleri veya \u00e7al\u0131\u015fma ko\u015fullar\u0131ndaki de\u011fi\u015fiklikleri kar\u015f\u0131layabilmesini sa\u011flamak i\u00e7in hesaplanan kuvvet gereksinimine bir g\u00fcvenlik fakt\u00f6r\u00fc eklemeyi d\u00fc\u015f\u00fcn\u00fcn. Standart bir g\u00fcvenlik fakt\u00f6r\u00fc, tahmini kuvvetin 1,5 ila 2 kat\u0131d\u0131r.<\/li>\n<li><strong>H\u0131z\u0131 ve Ak\u0131\u015fkan Ak\u0131\u015f\u0131n\u0131 Kontrol Edin:<\/strong> Silindirin istenen hareket h\u0131z\u0131n\u0131 g\u00f6z \u00f6n\u00fcnde bulundurun ve hidrolik sistemin bu h\u0131za ula\u015fmak i\u00e7in gerekli ak\u0131\u015fkan ak\u0131\u015f h\u0131z\u0131n\u0131 sa\u011flayabilece\u011finden emin olun. G\u00fcvenli\u011fi tehlikeye atabilecek veya sistem karars\u0131zl\u0131\u011f\u0131na neden olabilecek a\u015f\u0131r\u0131 h\u0131zlardan ka\u00e7\u0131n\u0131n.<\/li>\n<li><strong>\u00dcretici Verilerine ve K\u0131lavuzlar\u0131na bak\u0131n:<\/strong> Belirli silindir modelleri i\u00e7in \u00fcretici kataloglar\u0131na, teknik veri sayfalar\u0131na ve k\u0131lavuzlara bak\u0131n. \u00dcreticiler genellikle uygulaman\u0131z i\u00e7in uygun silindiri se\u00e7menize yard\u0131mc\u0131 olmak amac\u0131yla boyutland\u0131rma tablolar\u0131, performans verileri ve se\u00e7im k\u0131lavuzlar\u0131 sunar.<\/li>\n<\/ol>\n<h2><strong>Fabrikan\u0131n Kapasitesi ve Kapasitesi:<\/strong><\/h2>\n<h3>(1) Meclis<\/h3>\n<p>Birinci s\u0131n\u0131f ba\u011f\u0131ms\u0131z bir ara\u015ft\u0131rma ve geli\u015ftirme montaj platformumuz bulunmaktad\u0131r. Hidrolik silindir \u00fcretim at\u00f6lyemizde, y\u0131ll\u0131k 1 milyon adet \u00fcretim kapasitesine sahip d\u00f6rt adet yar\u0131 otomatik kald\u0131rma silindiri montaj hatt\u0131 ve bir adet otomatik devirme silindiri montaj hatt\u0131 bulunmaktad\u0131r. \u00d6zel silindir at\u00f6lyemiz, y\u0131ll\u0131k 200.000 adet \u00fcretim kapasitesine sahip \u00e7e\u015fitli \u00f6zelliklerde yar\u0131 otomatik temizleme montaj sistemiyle donat\u0131lm\u0131\u015ft\u0131r. Ayr\u0131ca, \u00fcnl\u00fc CNC i\u015fleme ekipmanlar\u0131, bir i\u015fleme merkezi, y\u00fcksek hassasiyetli silindir i\u015fleme \u00f6zel ekipmanlar\u0131, bir robot kaynak makinesi, bir otomatik temizleme makinesi, otomatik silindir montaj makinesi ve otomatik boyama \u00fcretim hatt\u0131 ile donat\u0131lm\u0131\u015ft\u0131r. 300'den fazla setten olu\u015fan kritik ekipmanlar mevcuttur. Ekipman kaynaklar\u0131n\u0131n optimum da\u011f\u0131l\u0131m\u0131 ve verimli kullan\u0131m\u0131, \u00fcr\u00fcnlerin hassasiyet gereksinimlerini kar\u015f\u0131lar ve \u00fcr\u00fcnlerin y\u00fcksek kalite ihtiya\u00e7lar\u0131n\u0131 kar\u015f\u0131lar.<\/p>\n<p><img loading=\"lazy\" decoding=\"async\" class=\"alignnone wp-image-626\" src=\"https:\/\/hydraulic-cylinders.net\/wp-content\/uploads\/2023\/08\/hydraulic-cylinder-product-1-300x158.webp\" alt=\"\" width=\"495\" height=\"260\" srcset=\"https:\/\/hydraulic-cylinders.net\/wp-content\/uploads\/2023\/08\/hydraulic-cylinder-product-1-300x158.webp 495w, https:\/\/hydraulic-cylinders.net\/wp-content\/uploads\/2023\/08\/hydraulic-cylinder-product-1-480x252.webp 480w\" sizes=\"(min-width: 0px) and (max-width: 480px) 480px, (min-width: 481px) 495px, 100vw\" \/> <img loading=\"lazy\" decoding=\"async\" class=\"alignnone wp-image-627\" src=\"https:\/\/hydraulic-cylinders.net\/wp-content\/uploads\/2023\/08\/hydraulic-cylinder-product-2-300x189.webp\" alt=\"\" width=\"413\" height=\"260\" \/><\/p>\n<h3>(2) \u0130\u015fleme<\/h3>\n<p>\u0130\u015fleme at\u00f6lyesi, maksimum 400 mm i\u00e7 \u00e7apa ve maksimum 6 metre uzunlu\u011fa sahip silindir borular\u0131n\u0131n i\u015flenmesini ger\u00e7ekle\u015ftirebilen \u00f6zel e\u011fimli ray torna merkezi, i\u015fleme merkezi, y\u00fcksek h\u0131zl\u0131 honlama makinesi, kaynak robotu ve di\u011fer ilgili ekipmanlarla donat\u0131lm\u0131\u015ft\u0131r.<\/p>\n<p><img loading=\"lazy\" decoding=\"async\" class=\"alignnone wp-image-628 size-large\" src=\"https:\/\/hydraulic-cylinders.net\/wp-content\/uploads\/2023\/08\/hydraulic-cylinder-product-3-1024x391.webp\" alt=\"\" width=\"1024\" height=\"391\" srcset=\"https:\/\/hydraulic-cylinders.net\/wp-content\/uploads\/2023\/08\/hydraulic-cylinder-product-3-980x374.webp 980w, https:\/\/hydraulic-cylinders.net\/wp-content\/uploads\/2023\/08\/hydraulic-cylinder-product-3-480x183.webp 480w\" sizes=\"(min-width: 0px) and (max-width: 480px) 480px, (min-width: 481px) and (max-width: 980px) 980px, (min-width: 981px) 1024px, 100vw\" \/><\/p>\n<h3>(3) Kaynak<\/h3>\n<p><img loading=\"lazy\" decoding=\"async\" class=\"alignnone wp-image-629 size-large\" src=\"https:\/\/hydraulic-cylinders.net\/wp-content\/uploads\/2023\/08\/hydraulic-cylinder-product-4-1024x510.webp\" alt=\"\" width=\"1024\" height=\"510\" srcset=\"https:\/\/hydraulic-cylinders.net\/wp-content\/uploads\/2023\/08\/hydraulic-cylinder-product-4-980x488.webp 980w, https:\/\/hydraulic-cylinders.net\/wp-content\/uploads\/2023\/08\/hydraulic-cylinder-product-4-480x239.webp 480w\" sizes=\"(min-width: 0px) and (max-width: 480px) 480px, (min-width: 481px) and (max-width: 980px) 980px, (min-width: 981px) 1024px, 100vw\" \/><\/p>\n<h3>(4) Boyama ve kaplama<\/h3>\n<p>K\u00fc\u00e7\u00fck ve orta \u00f6l\u00e7ekli silindirli otomatik su bazl\u0131 boya kaplama hatlar\u0131nda, otomatik robot y\u00fckleme-bo\u015faltma ve otomatik p\u00fcsk\u00fcrtmeyi ger\u00e7ekle\u015ftirmek i\u00e7in, vardiya ba\u015f\u0131na 4000 adet tasar\u0131m kapasitesi;<br \/>\nAyr\u0131ca, vardiya ba\u015f\u0131na 60 kasa kapasiteli, g\u00fc\u00e7 zinciriyle \u00e7al\u0131\u015fan b\u00fcy\u00fck silindirler i\u00e7in yar\u0131 otomatik boya \u00fcretim hatt\u0131m\u0131z da bulunmaktad\u0131r.<\/p>\n<p><img loading=\"lazy\" decoding=\"async\" class=\"alignnone wp-image-630\" src=\"https:\/\/hydraulic-cylinders.net\/wp-content\/uploads\/2023\/08\/hydraulic-cylinder-product-5-300x213.webp\" alt=\"\" width=\"366\" height=\"260\" \/> <img loading=\"lazy\" decoding=\"async\" class=\"alignnone wp-image-631\" src=\"https:\/\/hydraulic-cylinders.net\/wp-content\/uploads\/2023\/08\/hydraulic-cylinder-product-6-300x225.webp\" alt=\"\" width=\"347\" height=\"260\" \/><\/p>\n<h3>(5) Test etme<\/h3>\n<p>Silindirin performans\u0131n\u0131n gereklilikleri kar\u015f\u0131lad\u0131\u011f\u0131ndan emin olmak i\u00e7in birinci s\u0131n\u0131f muayene tesislerimiz ve test yataklar\u0131m\u0131z bulunmaktad\u0131r.<\/p>\n<p><img loading=\"lazy\" decoding=\"async\" class=\"alignnone wp-image-632\" src=\"https:\/\/hydraulic-cylinders.net\/wp-content\/uploads\/2023\/08\/hydraulic-cylinder-product-8-300x200.webp\" alt=\"\" width=\"389\" height=\"260\" \/><\/p>\n<p>&nbsp;<\/p>\n<p>&nbsp;<\/p>\n<p>En iyi a\u011f\u0131r \u00e7ubuklu hidrolik silindir \u00fcreticilerinden biriyiz. Kapsaml\u0131 a\u011f\u0131r \u00e7ubuklu hidrolik silindir sto\u011fu sunabiliyoruz. Ayr\u0131ca, ilgili \u00fcr\u00fcnleri de sa\u011fl\u0131yoruz. <a href=\"https:\/\/hzpt.com\/agricultural-pto-gearbox\/\" target=\"_blank\" rel=\"noopener\">tar\u0131msal di\u015fli kutular\u0131<\/a>\u00dcr\u00fcnlerimizi d\u00fcnyan\u0131n d\u00f6rt bir yan\u0131ndaki m\u00fc\u015fterilerimize ihra\u00e7 ettik ve \u00fcst\u00fcn \u00fcr\u00fcn kalitemiz ve sat\u0131\u015f sonras\u0131 hizmetlerimiz sayesinde iyi bir itibar kazand\u0131k. Yurt i\u00e7i ve yurt d\u0131\u015f\u0131ndaki m\u00fc\u015fterilerimizi i\u015f g\u00f6r\u00fc\u015fmeleri yapmak, bilgi al\u0131\u015fveri\u015finde bulunmak ve daha fazlas\u0131 i\u00e7in bizimle ileti\u015fime ge\u00e7meye davet ediyoruz.\u00a0<a href=\"https:\/\/www.hydraulic-cylinders.net\/tr\/contact-us\/\">bizimle i\u015fbirli\u011fi yap\u0131n<\/a>!<\/p>\n<p>&nbsp;<\/p>\n<h2><\/h2>","protected":false},"excerpt":{"rendered":"<p>Standard Biaxial Type Heavy Rod Hydraulic Cylinder The standard biaxial type heavy rod hydraulic cylinder is a versatile and robust hydraulic element designed to handle demanding industrial applications. With its durable construction, two-axle design, and heavy-duty capabilities, this hydraulic cylinder offers exceptional power, accuracy, and reliability. Whether you need to lift, push, or pull heavy [&hellip;]<\/p>","protected":false},"featured_media":956,"comment_status":"open","ping_status":"closed","template":"","meta":{"_et_pb_use_builder":"","_et_pb_old_content":"","_et_gb_content_width":""},"product_brand":[],"product_cat":[1376,1385],"product_tag":[1380],"class_list":{"0":"post-953","1":"product","2":"type-product","3":"status-publish","4":"has-post-thumbnail","6":"product_cat-hydraulic-cylinder","7":"product_cat-heavy-rod-hydraulic-cylinder","8":"product_tag-hydraulic-cylinder","10":"first","11":"instock","12":"shipping-taxable","13":"product-type-simple"},"amp_enabled":true,"_links":{"self":[{"href":"https:\/\/www.hydraulic-cylinders.net\/tr\/wp-json\/wp\/v2\/product\/953","targetHints":{"allow":["GET"]}}],"collection":[{"href":"https:\/\/www.hydraulic-cylinders.net\/tr\/wp-json\/wp\/v2\/product"}],"about":[{"href":"https:\/\/www.hydraulic-cylinders.net\/tr\/wp-json\/wp\/v2\/types\/product"}],"replies":[{"embeddable":true,"href":"https:\/\/www.hydraulic-cylinders.net\/tr\/wp-json\/wp\/v2\/comments?post=953"}],"wp:featuredmedia":[{"embeddable":true,"href":"https:\/\/www.hydraulic-cylinders.net\/tr\/wp-json\/wp\/v2\/media\/956"}],"wp:attachment":[{"href":"https:\/\/www.hydraulic-cylinders.net\/tr\/wp-json\/wp\/v2\/media?parent=953"}],"wp:term":[{"taxonomy":"product_brand","embeddable":true,"href":"https:\/\/www.hydraulic-cylinders.net\/tr\/wp-json\/wp\/v2\/product_brand?post=953"},{"taxonomy":"product_cat","embeddable":true,"href":"https:\/\/www.hydraulic-cylinders.net\/tr\/wp-json\/wp\/v2\/product_cat?post=953"},{"taxonomy":"product_tag","embeddable":true,"href":"https:\/\/www.hydraulic-cylinders.net\/tr\/wp-json\/wp\/v2\/product_tag?post=953"}],"curies":[{"name":"wp","href":"https:\/\/api.w.org\/{rel}","templated":true}]}}