{"id":988,"date":"2023-09-06T07:32:37","date_gmt":"2023-09-06T07:32:37","guid":{"rendered":"https:\/\/hydraulic-cylinders.net\/?post_type=product&#038;p=988"},"modified":"2023-09-19T01:39:34","modified_gmt":"2023-09-19T01:39:34","slug":"rear-cover-rectangular-flange-four-rod-hydraulic-cylinder","status":"publish","type":"product","link":"https:\/\/www.hydraulic-cylinders.net\/tr\/urun\/rear-cover-rectangular-flange-four-rod-hydraulic-cylinder\/","title":{"rendered":"Arka Kapak Dikd\u00f6rtgen Flan\u015f D\u00f6rt \u00c7ubuk Hidrolik Silindir"},"content":{"rendered":"<h1 style=\"text-align: center;\"><strong>Arka Kapak Dikd\u00f6rtgen Flan\u015f D\u00f6rt \u00c7ubuk Hidrolik Silindir<\/strong><\/h1>\n<p><img loading=\"lazy\" decoding=\"async\" class=\"size-full wp-image-989 aligncenter\" src=\"https:\/\/hydraulic-cylinders.net\/wp-content\/uploads\/2023\/09\/rear-cover-rectangular-flange-four-rod-hydraulic-cylinder-1.webp\" alt=\"\" width=\"229\" height=\"229\" srcset=\"https:\/\/www.hydraulic-cylinders.net\/wp-content\/uploads\/2023\/09\/rear-cover-rectangular-flange-four-rod-hydraulic-cylinder-1.webp 229w, https:\/\/www.hydraulic-cylinders.net\/wp-content\/uploads\/2023\/09\/rear-cover-rectangular-flange-four-rod-hydraulic-cylinder-1-100x100.webp 100w, https:\/\/www.hydraulic-cylinders.net\/wp-content\/uploads\/2023\/09\/rear-cover-rectangular-flange-four-rod-hydraulic-cylinder-1-150x150.webp 150w, https:\/\/www.hydraulic-cylinders.net\/wp-content\/uploads\/2023\/09\/rear-cover-rectangular-flange-four-rod-hydraulic-cylinder-1-12x12.webp 12w\" sizes=\"(max-width: 229px) 100vw, 229px\" \/><\/p>\n<p>Arka kapak dikd\u00f6rtgen flan\u015fl\u0131 d\u00f6rt kollu hidrolik silindir, \u00e7e\u015fitli end\u00fcstriyel uygulamalarda g\u00fcvenilir ve verimli do\u011frusal hareket sa\u011flamak \u00fczere tasarlanm\u0131\u015f \u00e7ok y\u00f6nl\u00fc ve sa\u011flam bir d\u00f6rt kollu hidrolik silindirdir. Benzersiz tasar\u0131m\u0131 ve ola\u011fan\u00fcst\u00fc performans\u0131yla bu d\u00f6rt kollu hidrolik silindir, ola\u011fan\u00fcst\u00fc g\u00fc\u00e7 ve hassasiyet sunarak zorlu hidrolik sistemler i\u00e7in ideal bir se\u00e7imdir.<\/p>\n<p>D\u00f6rt \u00c7ubuklu Hidrolik Silindirin Temel \u00d6zellikleri:<\/p>\n<p><strong>Y\u00fcksek Dayan\u0131kl\u0131l\u0131k Yap\u0131s\u0131:<\/strong><\/p>\n<ol>\n<li style=\"list-style-type: none;\">\n<ul>\n<li>D\u00f6rt \u00e7ubuklu hidrolik silindir sa\u011flam bir yap\u0131ya sahiptir ve dayan\u0131kl\u0131 ve uzun \u00f6m\u00fcrl\u00fc performans sa\u011flamak i\u00e7in y\u00fcksek kaliteli malzemeler kullan\u0131r.<\/li>\n<li>A\u011f\u0131r y\u00fcklere ve zorlu \u00e7al\u0131\u015fma ko\u015fullar\u0131na dayan\u0131kl\u0131d\u0131r ve zorlu end\u00fcstriyel uygulamalar i\u00e7in uygundur.<\/li>\n<\/ul>\n<\/li>\n<\/ol>\n<p><strong>Dikd\u00f6rtgen Flan\u015f Tasar\u0131m\u0131:<\/strong><\/p>\n<ol>\n<li style=\"list-style-type: none;\">\n<ul>\n<li>Bu d\u00f6rt \u00e7ubuklu hidrolik silindirin arka kapa\u011f\u0131, g\u00fcvenli ve sa\u011flam bir montaj se\u00e7ene\u011fi sa\u011flayan dikd\u00f6rtgen bir flan\u015fla donat\u0131lm\u0131\u015ft\u0131r.<\/li>\n<li>Flan\u015flar, hidrolik sisteme tam uyum sa\u011flayacak \u015fekilde kolay montaj ve kalibrasyon i\u00e7in tasarlanm\u0131\u015ft\u0131r.<\/li>\n<\/ul>\n<\/li>\n<\/ol>\n<p><strong>D\u00f6rt \u00c7ubuk Konfig\u00fcrasyonu:<\/strong><\/p>\n<ol>\n<li style=\"list-style-type: none;\">\n<ul>\n<li>D\u00f6rt \u00e7ubuklu hidrolik silindir, dengeyi ve y\u00fck ta\u015f\u0131ma kapasitesini art\u0131rmak i\u00e7in d\u00f6rt \u00e7ubuklu bir tasar\u0131ma sahiptir.<\/li>\n<li>D\u00f6rt \u00e7ubuk y\u00fck\u00fc e\u015fit \u015fekilde da\u011f\u0131tarak her bir bile\u015fen \u00fczerindeki stresi azalt\u0131r ve d\u00fczg\u00fcn ve dengeli bir \u00e7al\u0131\u015fma sa\u011flar.<\/li>\n<\/ul>\n<\/li>\n<\/ol>\n<p><strong>Ola\u011fan\u00fcst\u00fc Performans:<\/strong><\/p>\n<ul>\n<li style=\"list-style-type: none;\">\n<ul>\n<li>Silindirler y\u00fcksek performans sunar ve hassas ve g\u00fcvenilir do\u011frusal hareket kontrol\u00fc sa\u011flar.<\/li>\n<li>\u00dcst\u00fcn kuvvet \u00e7\u0131k\u0131\u015f\u0131 ve strok uzunlu\u011fu sa\u011flayarak \u00e7e\u015fitli uygulamalarda verimli \u00e7al\u0131\u015fmaya olanak tan\u0131r.<\/li>\n<\/ul>\n<\/li>\n<\/ul>\n<h2><strong>Arka Kapak Dikd\u00f6rtgen Flan\u015fl\u0131 D\u00f6rt \u00c7ubuklu Hidrolik Silindir Parametresi:<\/strong><\/h2>\n<p><img loading=\"lazy\" decoding=\"async\" class=\"alignnone wp-image-990 size-full\" src=\"https:\/\/hydraulic-cylinders.net\/wp-content\/uploads\/2023\/09\/rear-cover-rectangular-flange-four-rod-hydraulic-cylinder.webp\" alt=\"\" width=\"655\" height=\"197\" srcset=\"https:\/\/hydraulic-cylinders.net\/wp-content\/uploads\/2023\/09\/rear-cover-rectangular-flange-four-rod-hydraulic-cylinder.webp 655w, https:\/\/hydraulic-cylinders.net\/wp-content\/uploads\/2023\/09\/rear-cover-rectangular-flange-four-rod-hydraulic-cylinder-480x144.webp 480w\" sizes=\"(min-width: 0px) and (max-width: 480px) 480px, (min-width: 481px) 655px, 100vw\" \/><\/p>\n<p><img loading=\"lazy\" decoding=\"async\" class=\"alignnone size-full wp-image-320248\" src=\"https:\/\/hzpt.com\/wp-content\/uploads\/2023\/09\/jj-hh-c-four-rod-hydraulic-cylinder.webp\" alt=\"\" width=\"655\" height=\"218\" \/><\/p>\n<h2><strong>Arka Kapak Dikd\u00f6rtgen Flan\u015f D\u00f6rt \u00c7ubuk Hidrolik Silindir <\/strong><strong>Kullan\u0131m Y\u00f6ntemi<\/strong><strong>:<\/strong><\/h2>\n<p><strong>Montaj:<\/strong><\/p>\n<ol>\n<li style=\"list-style-type: none;\">\n<ul>\n<li>Hidrolik sistemde hidrolik silindirin uygun pozisyonunu belirleyin.<\/li>\n<li>Montaj y\u00fczeyinin temiz oldu\u011fundan ve herhangi bir kal\u0131nt\u0131 veya kirleticiden ar\u0131nd\u0131r\u0131lm\u0131\u015f oldu\u011fundan emin olun.<\/li>\n<li>Dikd\u00f6rtgen flan\u015f\u0131 montaj y\u00fczeyine hizal\u0131 olarak yerle\u015ftirin ve uygun c\u0131vata veya ba\u011flant\u0131 elemanlar\u0131yla sabitleyin.<\/li>\n<\/ul>\n<\/li>\n<\/ol>\n<p><strong>Hidrolik Ba\u011flant\u0131lar:<\/strong><\/p>\n<ol>\n<li style=\"list-style-type: none;\">\n<ul>\n<li>Uygun s\u0131zd\u0131rmazl\u0131k sa\u011flamak ve s\u0131z\u0131nt\u0131y\u0131 \u00f6nlemek i\u00e7in hidrolik besleme hatt\u0131n\u0131 silindir portuna ba\u011flay\u0131n.<\/li>\n<li>Hidrolik ya\u011f t\u00fcr\u00fc i\u00e7in \u00fcreticinin \u00f6nerilerini izleyin ve sistemi buna g\u00f6re doldurun.<\/li>\n<\/ul>\n<\/li>\n<\/ol>\n<p><strong>\u0130\u015flem:<\/strong><\/p>\n<ul>\n<li style=\"list-style-type: none;\">\n<ul>\n<li>Hidrolik sistemi \u00e7al\u0131\u015ft\u0131r\u0131n ve hidrolik kontrol valfini kullanarak silindir hareketini kontrol edin.<\/li>\n<li>\u0130stenilen h\u0131z ve kuvvet \u00e7\u0131k\u0131\u015f\u0131n\u0131 elde etmek i\u00e7in ak\u0131\u015f ve bas\u0131n\u00e7 ayarlar\u0131n\u0131 yap\u0131n.<\/li>\n<li>Herhangi bir anormallik veya ar\u0131za belirtisi olup olmad\u0131\u011f\u0131n\u0131 g\u00f6rmek i\u00e7in d\u00f6rt \u00e7ubuklu hidrolik silindirin \u00e7al\u0131\u015fmas\u0131n\u0131 izleyin.<\/li>\n<\/ul>\n<\/li>\n<\/ul>\n<h2><strong>Arka Kapak Dikd\u00f6rtgen Flan\u015f D\u00f6rt \u00c7ubuk Hidrolik Silindir <\/strong><strong>Bak\u0131m<\/strong><strong>:<\/strong><\/h2>\n<p><strong>D\u00fczenli Muayene:<\/strong><\/p>\n<ol>\n<li style=\"list-style-type: none;\">\n<ul>\n<li>Herhangi bir a\u015f\u0131nma, s\u0131z\u0131nt\u0131 veya hasar belirtisi olup olmad\u0131\u011f\u0131n\u0131 kontrol etmek i\u00e7in rutin bir g\u00f6rsel inceleme ger\u00e7ekle\u015ftirin.<\/li>\n<li>Contalar\u0131, ba\u011flant\u0131 \u00e7ubuklar\u0131n\u0131 ve silindir bloklar\u0131n\u0131 anormalliklere kar\u015f\u0131 kontrol edin ve a\u015f\u0131nm\u0131\u015f veya hasarl\u0131 par\u00e7alar\u0131 derhal de\u011fi\u015ftirin.<\/li>\n<\/ul>\n<\/li>\n<\/ol>\n<p><strong>Ya\u011flama:<\/strong><\/p>\n<ol>\n<li style=\"list-style-type: none;\">\n<ul>\n<li>\u00dcreticinin ya\u011flama aral\u0131\u011f\u0131 talimatlar\u0131n\u0131 izleyin ve sorunsuz \u00e7al\u0131\u015fmay\u0131 sa\u011flamak i\u00e7in \u00f6nerilen ya\u011f\u0131 kullan\u0131n.<\/li>\n<li>S\u00fcrt\u00fcnmeyi \u00f6nlemek ve silindir \u00f6mr\u00fcn\u00fc uzatmak i\u00e7in \u00e7ubuklar\u0131 ve contalar\u0131 ya\u011flay\u0131n.<\/li>\n<\/ul>\n<\/li>\n<\/ol>\n<p><strong>Conta De\u011fi\u015fimi:<\/strong><\/p>\n<ul>\n<li style=\"list-style-type: none;\">\n<ul>\n<li>Zamanla contalar a\u015f\u0131nabilir ve de\u011fi\u015ftirilmesi gerekebilir.<\/li>\n<li>Contalar\u0131 de\u011fi\u015ftirirken, \u00fcretici taraf\u0131ndan \u00f6nerilen do\u011fru boyutta ve tipte olduklar\u0131ndan emin olun.<\/li>\n<li>Contay\u0131 de\u011fi\u015ftirirken silindiri do\u011fru prosed\u00fcre g\u00f6re s\u00f6k\u00fcp tekrar monte edin.<\/li>\n<\/ul>\n<\/li>\n<\/ul>\n<h2><strong>Hidrolik Silindir H\u0131z\u0131 Nas\u0131l Kontrol Edilir?<\/strong><\/h2>\n<p>\u00c7e\u015fitli uygulamalarda g\u00fcvenli ve verimli bir \u00e7al\u0131\u015fma sa\u011flamak i\u00e7in bir hidrolik silindirin h\u0131z\u0131n\u0131 kontrol etmek \u00e7ok \u00f6nemlidir. \u0130\u015fte bir hidrolik silindirin h\u0131z\u0131n\u0131 kontrol etmek i\u00e7in baz\u0131 y\u00f6ntemler:<\/p>\n<ol>\n<li><strong>Ak\u0131\u015f Kontrol Vanas\u0131:<\/strong><\/li>\n<\/ol>\n<ul>\n<li>Bir hidrolik silindirin h\u0131z\u0131n\u0131 kontrol etmenin en yayg\u0131n y\u00f6ntemi ak\u0131\u015f kontrol valfi kullanmakt\u0131r.<\/li>\n<li>Ak\u0131\u015f kontrol valfi, silindire giren ve \u00e7\u0131kan hidrolik ak\u0131\u015fkan miktar\u0131n\u0131 d\u00fczenleyerek silindirin hareket h\u0131z\u0131n\u0131 kontrol eder.<\/li>\n<li>Ak\u0131\u015f kontrol vanalar\u0131 i\u011fne vanalar, ayarlanabilir orifis vanalar ve gaz kelebe\u011fi vanalar\u0131 dahil olmak \u00fczere \u00e7e\u015fitli tiplerde mevcuttur.<\/li>\n<li>Ak\u0131\u015f kontrol valfinin a\u00e7\u0131kl\u0131\u011f\u0131n\u0131 ayarlayarak hidrolik ak\u0131\u015fkan\u0131n ak\u0131\u015f h\u0131z\u0131n\u0131 ve dolay\u0131s\u0131yla silindirin h\u0131z\u0131n\u0131 d\u00fczenleyebilirsiniz.<\/li>\n<\/ul>\n<ol start=\"2\">\n<li><strong>Oransal Kontrol Vanalar\u0131:<\/strong><\/li>\n<\/ol>\n<ul>\n<li>Oransal kontrol vanalar\u0131, standart ak\u0131\u015f kontrol vanalar\u0131na g\u00f6re daha hassas h\u0131z kontrol\u00fc sa\u011flar.<\/li>\n<li>Bu valfler, silindirin h\u0131z\u0131 \u00fczerinde daha hassas kontrol sa\u011flayarak ak\u0131\u015f h\u0131z\u0131n\u0131n s\u00fcrekli ayarlanmas\u0131na olanak tan\u0131r.<\/li>\n<li>Oransal kontrol vanalar\u0131, hassas konumland\u0131rma ve h\u0131z kontrol\u00fcn\u00fcn kritik oldu\u011fu robotik veya otomasyon sistemleri gibi uygulamalarda s\u0131kl\u0131kla kullan\u0131l\u0131r.<\/li>\n<\/ul>\n<ol start=\"3\">\n<li><strong>Bas\u0131n\u00e7 Kontrol\u00fc:<\/strong><\/li>\n<\/ol>\n<ul>\n<li>Hidrolik silindirin h\u0131z\u0131, sistemin bas\u0131nc\u0131n\u0131 ayarlayarak dolayl\u0131 yoldan da kontrol edilebilir.<\/li>\n<li>Bas\u0131nc\u0131n art\u0131r\u0131lmas\u0131 silindirin daha h\u0131zl\u0131 hareket etmesini sa\u011flarken, bas\u0131nc\u0131n azalt\u0131lmas\u0131 silindirin daha yava\u015f hareket etmesini sa\u011flar.<\/li>\n<li>Hidrolik sistemde bas\u0131n\u00e7 kontrol\u00fc, bas\u0131n\u00e7 tahliye valfi veya bas\u0131n\u00e7 kompanzasyonlu ak\u0131\u015f kontrol valfi kullan\u0131larak sa\u011flanabilir.<\/li>\n<\/ul>\n<ol start=\"4\">\n<li><strong>Y\u00fck Kontrol\u00fc:<\/strong><\/li>\n<\/ol>\n<ul>\n<li>Hidrolik silindir \u00fczerindeki y\u00fck, \u00e7al\u0131\u015fma h\u0131z\u0131n\u0131 etkileyebilir.<\/li>\n<li>Y\u00fck\u00fcn art\u0131r\u0131lmas\u0131, artan diren\u00e7 nedeniyle silindirin genel olarak yava\u015flamas\u0131na neden olur.<\/li>\n<li>Farkl\u0131 y\u00fck ko\u015fullar\u0131 alt\u0131nda h\u0131z\u0131 kontrol etmek i\u00e7in hidrolik sisteme y\u00fck alg\u0131lama valfleri veya y\u00fck kompanzasyonlu ak\u0131\u015f kontrol valfleri dahil edebilirsiniz.<\/li>\n<li>Bu vanalar y\u00fcke ba\u011fl\u0131 olarak ak\u0131\u015f h\u0131z\u0131n\u0131 ayarlayarak y\u00fck de\u011fi\u015fiminden ba\u011f\u0131ms\u0131z olarak sabit h\u0131z sa\u011flar.<\/li>\n<\/ul>\n<ol start=\"5\">\n<li><strong>Silindir Boyutu ve Tasar\u0131m\u0131:<\/strong><\/li>\n<\/ol>\n<ul>\n<li>Hidrolik silindirin boyutu ve tasar\u0131m\u0131 h\u0131z \u00f6zelliklerini etkileyebilir.<\/li>\n<li>Daha b\u00fcy\u00fck silindir \u00e7ap\u0131, daha b\u00fcy\u00fck piston alan\u0131 nedeniyle genellikle daha y\u00fcksek h\u0131z sa\u011flarken, daha k\u00fc\u00e7\u00fck \u00e7apl\u0131 silindir daha yava\u015f h\u0131za neden olur.<\/li>\n<li>Silindirin tasar\u0131m\u0131, portlar\u0131n \u00e7ap\u0131 ve i\u00e7 ge\u00e7itler de dahil olmak \u00fczere, silindirin hareket h\u0131z\u0131n\u0131 etkileyebilir.<\/li>\n<li>Hidrolik silindir se\u00e7erken istenilen h\u0131z gereksinimlerini g\u00f6z \u00f6n\u00fcnde bulundurun ve uygun boyut ve tasar\u0131m\u0131 se\u00e7mek i\u00e7in \u00fcreticinin teknik \u00f6zelliklerine bak\u0131n.<\/li>\n<\/ul>\n<h2><strong>Fabrikan\u0131n Kapasitesi ve Kapasitesi:<\/strong><\/h2>\n<h3>(1) Meclis<\/h3>\n<p>Birinci s\u0131n\u0131f ba\u011f\u0131ms\u0131z bir ara\u015ft\u0131rma ve geli\u015ftirme montaj platformumuz bulunmaktad\u0131r. Hidrolik silindir \u00fcretim at\u00f6lyemizde, y\u0131ll\u0131k 1 milyon adet \u00fcretim kapasitesine sahip d\u00f6rt adet yar\u0131 otomatik kald\u0131rma silindiri montaj hatt\u0131 ve bir adet otomatik devirme silindiri montaj hatt\u0131 bulunmaktad\u0131r. \u00d6zel silindir at\u00f6lyemiz, y\u0131ll\u0131k 200.000 adet \u00fcretim kapasitesine sahip \u00e7e\u015fitli \u00f6zelliklerde yar\u0131 otomatik temizleme montaj sistemiyle donat\u0131lm\u0131\u015ft\u0131r. Ayr\u0131ca, \u00fcnl\u00fc CNC i\u015fleme ekipmanlar\u0131, bir i\u015fleme merkezi, y\u00fcksek hassasiyetli silindir i\u015fleme \u00f6zel ekipmanlar\u0131, bir robot kaynak makinesi, bir otomatik temizleme makinesi, otomatik silindir montaj makinesi ve otomatik boyama \u00fcretim hatt\u0131 ile donat\u0131lm\u0131\u015ft\u0131r. 300'den fazla setten olu\u015fan kritik ekipmanlar mevcuttur. Ekipman kaynaklar\u0131n\u0131n optimum da\u011f\u0131l\u0131m\u0131 ve verimli kullan\u0131m\u0131, \u00fcr\u00fcnlerin hassasiyet gereksinimlerini kar\u015f\u0131lar ve \u00fcr\u00fcnlerin y\u00fcksek kalite ihtiya\u00e7lar\u0131n\u0131 kar\u015f\u0131lar.<\/p>\n<p><img loading=\"lazy\" decoding=\"async\" class=\"alignnone wp-image-626\" src=\"https:\/\/hydraulic-cylinders.net\/wp-content\/uploads\/2023\/08\/hydraulic-cylinder-product-1-300x158.webp\" alt=\"\" width=\"495\" height=\"260\" srcset=\"https:\/\/hydraulic-cylinders.net\/wp-content\/uploads\/2023\/08\/hydraulic-cylinder-product-1-300x158.webp 495w, https:\/\/hydraulic-cylinders.net\/wp-content\/uploads\/2023\/08\/hydraulic-cylinder-product-1-480x252.webp 480w\" sizes=\"(min-width: 0px) and (max-width: 480px) 480px, (min-width: 481px) 495px, 100vw\" \/> <img loading=\"lazy\" decoding=\"async\" class=\"alignnone wp-image-627\" src=\"https:\/\/hydraulic-cylinders.net\/wp-content\/uploads\/2023\/08\/hydraulic-cylinder-product-2-300x189.webp\" alt=\"\" width=\"413\" height=\"260\" \/><\/p>\n<h3>(2) \u0130\u015fleme<\/h3>\n<p>\u0130\u015fleme at\u00f6lyesi, maksimum 400 mm i\u00e7 \u00e7apa ve maksimum 6 metre uzunlu\u011fa sahip silindir borular\u0131n\u0131n i\u015flenmesini ger\u00e7ekle\u015ftirebilen \u00f6zel e\u011fimli ray torna merkezi, i\u015fleme merkezi, y\u00fcksek h\u0131zl\u0131 honlama makinesi, kaynak robotu ve di\u011fer ilgili ekipmanlarla donat\u0131lm\u0131\u015ft\u0131r.<\/p>\n<p><img loading=\"lazy\" decoding=\"async\" class=\"alignnone wp-image-628 size-large\" src=\"https:\/\/hydraulic-cylinders.net\/wp-content\/uploads\/2023\/08\/hydraulic-cylinder-product-3-1024x391.webp\" alt=\"\" width=\"1024\" height=\"391\" srcset=\"https:\/\/hydraulic-cylinders.net\/wp-content\/uploads\/2023\/08\/hydraulic-cylinder-product-3-980x374.webp 980w, https:\/\/hydraulic-cylinders.net\/wp-content\/uploads\/2023\/08\/hydraulic-cylinder-product-3-480x183.webp 480w\" sizes=\"(min-width: 0px) and (max-width: 480px) 480px, (min-width: 481px) and (max-width: 980px) 980px, (min-width: 981px) 1024px, 100vw\" \/><\/p>\n<h3>(3) Kaynak<\/h3>\n<p><img loading=\"lazy\" decoding=\"async\" class=\"alignnone wp-image-629 size-large\" src=\"https:\/\/hydraulic-cylinders.net\/wp-content\/uploads\/2023\/08\/hydraulic-cylinder-product-4-1024x510.webp\" alt=\"\" width=\"1024\" height=\"510\" srcset=\"https:\/\/hydraulic-cylinders.net\/wp-content\/uploads\/2023\/08\/hydraulic-cylinder-product-4-980x488.webp 980w, https:\/\/hydraulic-cylinders.net\/wp-content\/uploads\/2023\/08\/hydraulic-cylinder-product-4-480x239.webp 480w\" sizes=\"(min-width: 0px) and (max-width: 480px) 480px, (min-width: 481px) and (max-width: 980px) 980px, (min-width: 981px) 1024px, 100vw\" \/><\/p>\n<h3>(4) Boyama ve kaplama<\/h3>\n<p>K\u00fc\u00e7\u00fck ve orta \u00f6l\u00e7ekli silindirli otomatik su bazl\u0131 boya kaplama hatlar\u0131nda, otomatik robot y\u00fckleme-bo\u015faltma ve otomatik p\u00fcsk\u00fcrtmeyi ger\u00e7ekle\u015ftirmek i\u00e7in, vardiya ba\u015f\u0131na 4000 adet tasar\u0131m kapasitesi;<br \/>\nAyr\u0131ca, vardiya ba\u015f\u0131na 60 kasa kapasiteli, g\u00fc\u00e7 zinciriyle \u00e7al\u0131\u015fan b\u00fcy\u00fck silindirler i\u00e7in yar\u0131 otomatik boya \u00fcretim hatt\u0131m\u0131z da bulunmaktad\u0131r.<\/p>\n<p><img loading=\"lazy\" decoding=\"async\" class=\"alignnone wp-image-630\" src=\"https:\/\/hydraulic-cylinders.net\/wp-content\/uploads\/2023\/08\/hydraulic-cylinder-product-5-300x213.webp\" alt=\"\" width=\"366\" height=\"260\" \/> <img loading=\"lazy\" decoding=\"async\" class=\"alignnone wp-image-631\" src=\"https:\/\/hydraulic-cylinders.net\/wp-content\/uploads\/2023\/08\/hydraulic-cylinder-product-6-300x225.webp\" alt=\"\" width=\"347\" height=\"260\" \/><\/p>\n<h3>(5) Test etme<\/h3>\n<p>Silindirin performans\u0131n\u0131n gereklilikleri kar\u015f\u0131lad\u0131\u011f\u0131ndan emin olmak i\u00e7in birinci s\u0131n\u0131f muayene tesislerimiz ve test yataklar\u0131m\u0131z bulunmaktad\u0131r.<\/p>\n<p><img loading=\"lazy\" decoding=\"async\" class=\"alignnone wp-image-632\" src=\"https:\/\/hydraulic-cylinders.net\/wp-content\/uploads\/2023\/08\/hydraulic-cylinder-product-8-300x200.webp\" alt=\"\" width=\"389\" height=\"260\" \/><\/p>\n<p>&nbsp;<\/p>\n<p>&nbsp;<\/p>\n<p>En iyi hafif d\u00f6rt kollu hidrolik silindir \u00fcreticilerinden biriyiz. Kapsaml\u0131 hafif d\u00f6rt kollu hidrolik silindir sto\u011fu sunabiliyoruz. Ayr\u0131ca, ilgili \u00fcr\u00fcnleri de sa\u011fl\u0131yoruz. <a href=\"https:\/\/hzpt.com\/agricultural-pto-gearbox\/\" target=\"_blank\" rel=\"noopener\">tar\u0131msal di\u015fli kutular\u0131<\/a>\u00dcr\u00fcnlerimizi d\u00fcnyan\u0131n d\u00f6rt bir yan\u0131ndaki m\u00fc\u015fterilerimize ihra\u00e7 ettik ve \u00fcst\u00fcn \u00fcr\u00fcn kalitemiz ve sat\u0131\u015f sonras\u0131 hizmetlerimiz sayesinde iyi bir itibar kazand\u0131k. Yurt i\u00e7i ve yurt d\u0131\u015f\u0131ndaki m\u00fc\u015fterilerimizi i\u015f g\u00f6r\u00fc\u015fmeleri yapmak, bilgi al\u0131\u015fveri\u015finde bulunmak ve daha fazlas\u0131 i\u00e7in bizimle ileti\u015fime ge\u00e7meye davet ediyoruz.\u00a0<a href=\"https:\/\/www.hydraulic-cylinders.net\/tr\/contact-us\/\">bizimle i\u015fbirli\u011fi yap\u0131n<\/a>!<\/p>\n<h2><\/h2>\n<h2><\/h2>","protected":false},"excerpt":{"rendered":"<p>Rear Cover Rectangular Flange Four Rod Hydraulic Cylinder The rear cover rectangular flange four rod hydraulic cylinder is a versatile and robust four rod hydraulic cylinder designed to provide reliable and efficient linear motion in various industrial applications. With its unique design and exceptional performance, this four rod hydraulic cylinder offers outstanding power and precision, [&hellip;]<\/p>","protected":false},"featured_media":991,"comment_status":"open","ping_status":"closed","template":"","meta":{"_et_pb_use_builder":"","_et_pb_old_content":"","_et_gb_content_width":""},"product_brand":[],"product_cat":[1376,1386],"product_tag":[1380],"class_list":{"0":"post-988","1":"product","2":"type-product","3":"status-publish","4":"has-post-thumbnail","6":"product_cat-hydraulic-cylinder","7":"product_cat-four-rod-hydraulic-cylinder","8":"product_tag-hydraulic-cylinder","10":"first","11":"instock","12":"shipping-taxable","13":"product-type-simple"},"amp_enabled":true,"_links":{"self":[{"href":"https:\/\/www.hydraulic-cylinders.net\/tr\/wp-json\/wp\/v2\/product\/988","targetHints":{"allow":["GET"]}}],"collection":[{"href":"https:\/\/www.hydraulic-cylinders.net\/tr\/wp-json\/wp\/v2\/product"}],"about":[{"href":"https:\/\/www.hydraulic-cylinders.net\/tr\/wp-json\/wp\/v2\/types\/product"}],"replies":[{"embeddable":true,"href":"https:\/\/www.hydraulic-cylinders.net\/tr\/wp-json\/wp\/v2\/comments?post=988"}],"wp:featuredmedia":[{"embeddable":true,"href":"https:\/\/www.hydraulic-cylinders.net\/tr\/wp-json\/wp\/v2\/media\/991"}],"wp:attachment":[{"href":"https:\/\/www.hydraulic-cylinders.net\/tr\/wp-json\/wp\/v2\/media?parent=988"}],"wp:term":[{"taxonomy":"product_brand","embeddable":true,"href":"https:\/\/www.hydraulic-cylinders.net\/tr\/wp-json\/wp\/v2\/product_brand?post=988"},{"taxonomy":"product_cat","embeddable":true,"href":"https:\/\/www.hydraulic-cylinders.net\/tr\/wp-json\/wp\/v2\/product_cat?post=988"},{"taxonomy":"product_tag","embeddable":true,"href":"https:\/\/www.hydraulic-cylinders.net\/tr\/wp-json\/wp\/v2\/product_tag?post=988"}],"curies":[{"name":"wp","href":"https:\/\/api.w.org\/{rel}","templated":true}]}}