{"id":992,"date":"2023-09-06T07:46:29","date_gmt":"2023-09-06T07:46:29","guid":{"rendered":"https:\/\/hydraulic-cylinders.net\/?post_type=product&#038;p=992"},"modified":"2023-09-19T01:39:28","modified_gmt":"2023-09-19T01:39:28","slug":"rear-single-earring-four-rod-hydraulic-cylinder","status":"publish","type":"product","link":"https:\/\/www.hydraulic-cylinders.net\/tr\/urun\/rear-single-earring-four-rod-hydraulic-cylinder\/","title":{"rendered":"Arka Tek K\u00fcpeli D\u00f6rt \u00c7ubuklu Hidrolik Silindir"},"content":{"rendered":"<h1 style=\"text-align: center;\"><strong>Arka Tek K\u00fcpeli D\u00f6rt \u00c7ubuklu Hidrolik Silindir<\/strong><\/h1>\n<p>Arka tek kulakl\u0131 d\u00f6rt \u00e7ubuklu hidrolik silindir, do\u011frusal hareketle hassasiyet ve g\u00fcvenilirlik gerektiren uygulamalar i\u00e7in \u00f6zel olarak tasarlanm\u0131\u015f \u00e7ok y\u00f6nl\u00fc ve g\u00fc\u00e7l\u00fc bir hidrolik elemand\u0131r. Arka tek kulakl\u0131 ve d\u00f6rt \u00e7ubuklu benzersiz tasar\u0131m \u00f6zellikleriyle bu hidrolik silindir, \u00fcst\u00fcn performans ve dayan\u0131kl\u0131l\u0131k sunarak \u00e7ok \u00e7e\u015fitli end\u00fcstriyel ve mobil ekipmanlar i\u00e7in idealdir.<\/p>\n<p>D\u00f6rt \u00c7ubuklu Hidrolik Silindirin Temel \u00d6zellikleri:<\/p>\n<p><strong>Arka Tek K\u00fcpe Tasar\u0131m\u0131:<\/strong><\/p>\n<ol>\n<li style=\"list-style-type: none;\">\n<ul>\n<li>Hidrolik silindir, g\u00fcvenli ve sa\u011flam bir montaj se\u00e7ene\u011fi sa\u011flamak i\u00e7in tek bir arka k\u00fcpe ile birle\u015ftirilmi\u015ftir.<\/li>\n<li>Arka tek k\u00fcpeli tasar\u0131m, end\u00fcstriyel operasyonlarda duru\u015f s\u00fcresini en aza indirerek kolay kurulum ve bak\u0131m imk\u00e2n\u0131 sunar.<\/li>\n<\/ul>\n<\/li>\n<\/ol>\n<p><strong>D\u00f6rt \u00c7ubuk Konfig\u00fcrasyonu:<\/strong><\/p>\n<ol>\n<li style=\"list-style-type: none;\">\n<ul>\n<li>D\u00f6rt \u00e7ubuklu hidrolik silindir, y\u00fck\u00fc e\u015fit \u015fekilde da\u011f\u0131tmak ve d\u00fczg\u00fcn ve dengeli hareket sa\u011flamak i\u00e7in d\u00f6rt \u00e7ubu\u011fa sahiptir.<\/li>\n<li>D\u00f6rt \u00e7ubuklu yap\u0131, silindirin dayan\u0131kl\u0131l\u0131\u011f\u0131n\u0131 art\u0131r\u0131r ve tek tek bile\u015fenler \u00fczerindeki stresi azaltarak daha uzun \u00f6m\u00fcr ve performans sa\u011flar.<\/li>\n<\/ul>\n<\/li>\n<\/ol>\n<p><strong>Hassasiyet ve Kontrol:<\/strong><\/p>\n<ol>\n<li style=\"list-style-type: none;\">\n<ul>\n<li>Arka tek k\u00fcpeli d\u00f6rt \u00e7ubuklu hidrolik silindir hassas ve do\u011fru do\u011frusal hareket kontrol\u00fc sa\u011flar.<\/li>\n<li>\u00c7e\u015fitli uygulamalarda hassas konumland\u0131rma ve verimli \u00e7al\u0131\u015fma imk\u00e2n\u0131 sa\u011flayan, p\u00fcr\u00fczs\u00fcz ve kontroll\u00fc hareket sa\u011flar.<\/li>\n<\/ul>\n<\/li>\n<\/ol>\n<p><strong>Y\u00fcksek Mukavemetli Yap\u0131:<\/strong><\/p>\n<ul>\n<li style=\"list-style-type: none;\">\n<ul>\n<li>D\u00f6rt \u00e7ubuklu hidrolik silindir y\u00fcksek kaliteli malzemeden \u00fcretilmi\u015f olup dayan\u0131kl\u0131d\u0131r.<\/li>\n<li>A\u011f\u0131r y\u00fcklere, y\u00fcksek bas\u0131n\u00e7lara ve zorlu \u00e7al\u0131\u015fma ko\u015fullar\u0131na dayan\u0131kl\u0131 olarak tasarlanm\u0131\u015ft\u0131r, bu sayede zorlu end\u00fcstriyel ortamlar i\u00e7in uygundur.<\/li>\n<\/ul>\n<\/li>\n<\/ul>\n<p><img loading=\"lazy\" decoding=\"async\" class=\"size-full wp-image-993 aligncenter\" src=\"https:\/\/hydraulic-cylinders.net\/wp-content\/uploads\/2023\/09\/rear-single-earring-four-rod-hydraulic-cylinder-1.webp\" alt=\"\" width=\"232\" height=\"232\" srcset=\"https:\/\/www.hydraulic-cylinders.net\/wp-content\/uploads\/2023\/09\/rear-single-earring-four-rod-hydraulic-cylinder-1.webp 232w, https:\/\/www.hydraulic-cylinders.net\/wp-content\/uploads\/2023\/09\/rear-single-earring-four-rod-hydraulic-cylinder-1-100x100.webp 100w, https:\/\/www.hydraulic-cylinders.net\/wp-content\/uploads\/2023\/09\/rear-single-earring-four-rod-hydraulic-cylinder-1-150x150.webp 150w, https:\/\/www.hydraulic-cylinders.net\/wp-content\/uploads\/2023\/09\/rear-single-earring-four-rod-hydraulic-cylinder-1-12x12.webp 12w\" sizes=\"(max-width: 232px) 100vw, 232px\" \/><\/p>\n<h2><strong>Arka Tek K\u00fcpe D\u00f6rt \u00c7ubuklu Hidrolik Silindir Parametresi:<\/strong><\/h2>\n<p><img loading=\"lazy\" decoding=\"async\" class=\"alignnone wp-image-994 size-full\" src=\"https:\/\/hydraulic-cylinders.net\/wp-content\/uploads\/2023\/09\/rear-single-earring-four-rod-hydraulic-cylinder.webp\" alt=\"\" width=\"650\" height=\"211\" srcset=\"https:\/\/hydraulic-cylinders.net\/wp-content\/uploads\/2023\/09\/rear-single-earring-four-rod-hydraulic-cylinder.webp 650w, https:\/\/hydraulic-cylinders.net\/wp-content\/uploads\/2023\/09\/rear-single-earring-four-rod-hydraulic-cylinder-480x156.webp 480w\" sizes=\"(min-width: 0px) and (max-width: 480px) 480px, (min-width: 481px) 650px, 100vw\" \/><\/p>\n<p><img loading=\"lazy\" decoding=\"async\" class=\"alignnone wp-image-1031 size-full\" src=\"https:\/\/hydraulic-cylinders.net\/wp-content\/uploads\/2023\/09\/b-bb-sbd-four-rod-hydraulic-cylinder.webp\" alt=\"\" width=\"650\" height=\"237\" srcset=\"https:\/\/hydraulic-cylinders.net\/wp-content\/uploads\/2023\/09\/b-bb-sbd-four-rod-hydraulic-cylinder.webp 650w, https:\/\/hydraulic-cylinders.net\/wp-content\/uploads\/2023\/09\/b-bb-sbd-four-rod-hydraulic-cylinder-480x175.webp 480w\" sizes=\"(min-width: 0px) and (max-width: 480px) 480px, (min-width: 481px) 650px, 100vw\" \/><\/p>\n<h2><strong>Arka Tek K\u00fcpeli D\u00f6rt \u00c7ubuklu Hidrolik Silindir <\/strong><strong>Kullan\u0131m Y\u00f6ntemi<\/strong><strong>:<\/strong><\/h2>\n<p><strong>Montaj ve Kurulum:<\/strong><\/p>\n<ol>\n<li style=\"list-style-type: none;\">\n<ul>\n<li>Sistemde veya ekipmanda hidrolik silindirlerin yerle\u015ftirilece\u011fi uygun yeri belirleyin.<\/li>\n<li>Montaj y\u00fczeyinin temiz ve kal\u0131nt\u0131 veya kirleticilerden ar\u0131nd\u0131r\u0131lm\u0131\u015f oldu\u011fundan emin olun.<\/li>\n<li>Arka tek k\u00fcpeyi montaj y\u00fczeyiyle ayn\u0131 hizaya getirin ve \u00f6nerilen c\u0131vata veya ba\u011flant\u0131 elemanlar\u0131yla sabitleyin.<\/li>\n<\/ul>\n<\/li>\n<\/ol>\n<p><strong>Hidrolik Ba\u011flant\u0131lar:<\/strong><\/p>\n<ol>\n<li style=\"list-style-type: none;\">\n<ul>\n<li>Hidrolik besleme hatt\u0131n\u0131 silindir portuna ba\u011flay\u0131n ve s\u0131z\u0131nt\u0131y\u0131 \u00f6nlemek i\u00e7in uygun contay\u0131 sa\u011flay\u0131n.<\/li>\n<li>Hidrolik ya\u011f t\u00fcr\u00fc i\u00e7in \u00fcreticinin \u00f6nerilerini izleyin ve sistemi buna g\u00f6re doldurun.<\/li>\n<\/ul>\n<\/li>\n<\/ol>\n<p><strong>\u0130\u015flem:<\/strong><\/p>\n<ul>\n<li style=\"list-style-type: none;\">\n<ul>\n<li>Hidrolik sistemi aktif hale getirin ve hidrolik kontrol valfini kullanarak silindir hareketini kontrol edin.<\/li>\n<li>\u0130stenilen h\u0131z ve kuvvet \u00e7\u0131k\u0131\u015f\u0131n\u0131 elde etmek i\u00e7in ak\u0131\u015f ve bas\u0131n\u00e7 ayarlar\u0131n\u0131 yap\u0131n.<\/li>\n<li>Silindir \u00e7al\u0131\u015fmas\u0131n\u0131 herhangi bir anormallik veya ar\u0131za belirtisi a\u00e7\u0131s\u0131ndan izleyin.<\/li>\n<\/ul>\n<\/li>\n<\/ul>\n<h2><strong>Arka Tek K\u00fcpeli D\u00f6rt \u00c7ubuklu Hidrolik Silindir <\/strong><strong>Bak\u0131m<\/strong><strong>:<\/strong><\/h2>\n<p><strong>D\u00fczenli Muayene:<\/strong><\/p>\n<ol>\n<li style=\"list-style-type: none;\">\n<ul>\n<li>Herhangi bir a\u015f\u0131nma, s\u0131z\u0131nt\u0131 veya hasar belirtisi olup olmad\u0131\u011f\u0131n\u0131 kontrol etmek i\u00e7in rutin bir g\u00f6rsel inceleme ger\u00e7ekle\u015ftirin.<\/li>\n<li>Contalar\u0131, ba\u011flant\u0131 \u00e7ubuklar\u0131n\u0131 ve silindir bloklar\u0131n\u0131 anormalliklere kar\u015f\u0131 kontrol edin ve a\u015f\u0131nm\u0131\u015f veya hasarl\u0131 par\u00e7alar\u0131 derhal de\u011fi\u015ftirin.<\/li>\n<\/ul>\n<\/li>\n<\/ol>\n<p><strong>Ya\u011flama:<\/strong><\/p>\n<ol>\n<li style=\"list-style-type: none;\">\n<ul>\n<li>\u00dcreticinin ya\u011flama aral\u0131\u011f\u0131 talimatlar\u0131n\u0131 izleyin ve sorunsuz \u00e7al\u0131\u015fmay\u0131 sa\u011flamak i\u00e7in \u00f6nerilen ya\u011f\u0131 kullan\u0131n.<\/li>\n<li>S\u00fcrt\u00fcnmeyi \u00f6nlemek ve silindir \u00f6mr\u00fcn\u00fc uzatmak i\u00e7in \u00e7ubuklar\u0131, contalar\u0131 ve di\u011fer hareketli par\u00e7alar\u0131 ya\u011flay\u0131n.<\/li>\n<\/ul>\n<\/li>\n<\/ol>\n<p><strong>S\u0131zd\u0131rmazl\u0131k Sistemi Bak\u0131m\u0131:<\/strong><\/p>\n<ul>\n<li style=\"list-style-type: none;\">\n<ul>\n<li>S\u0131z\u0131nt\u0131lar\u0131 \u00f6nlemek ve optimum performans\u0131 korumak i\u00e7in s\u0131zd\u0131rmazl\u0131k sisteminin iyi durumda oldu\u011fundan emin olun.<\/li>\n<li>Contalar\u0131 d\u00fczenli olarak a\u015f\u0131nma veya hasar a\u00e7\u0131s\u0131ndan kontrol edin ve gerekirse de\u011fi\u015ftirin.<\/li>\n<li>S\u0131zd\u0131rmazl\u0131k y\u00fczeylerini temizleyin ve yeniden monte edildi\u011finde d\u00fczg\u00fcn bir \u015fekilde hizaland\u0131\u011f\u0131ndan emin olun.<\/li>\n<\/ul>\n<\/li>\n<\/ul>\n<h2><strong>Hidrolik Silindir Nas\u0131l Tamir Edilir?<\/strong><\/h2>\n<p>Hidrolik silindir onar\u0131m\u0131, detaylara dikkat etmeyi ve hidrolik sistemler hakk\u0131nda bilgi sahibi olmay\u0131 gerektirir. \u0130\u015fte bir hidrolik silindirin nas\u0131l onar\u0131laca\u011f\u0131na dair genel bir k\u0131lavuz:<\/p>\n<ol>\n<li><strong>\u00d6nce G\u00fcvenlik:<\/strong>\n<ul>\n<li>Herhangi bir onar\u0131m i\u015flemine ba\u015flamadan \u00f6nce hidrolik sistemin bas\u0131nc\u0131n\u0131n d\u00fc\u015f\u00fcr\u00fcld\u00fc\u011f\u00fcnden ve t\u00fcm g\u00fc\u00e7 kaynaklar\u0131n\u0131n kesildi\u011finden emin olun.<\/li>\n<li>Onar\u0131m s\u00fcreci boyunca eldiven ve g\u00f6z korumas\u0131 gibi uygun g\u00fcvenlik ekipmanlar\u0131n\u0131 kullan\u0131n.<\/li>\n<\/ul>\n<\/li>\n<li><strong>Sorunu Belirleyin:<\/strong>\n<ul>\n<li>Ar\u0131zan\u0131n veya hasar\u0131n nedenini belirlemek i\u00e7in hidrolik silindiri inceleyin.<\/li>\n<li>Yayg\u0131n sorunlar aras\u0131nda s\u0131z\u0131nt\u0131lar, hasarl\u0131 contalar, e\u011filmi\u015f \u00e7ubuklar veya a\u015f\u0131nm\u0131\u015f bile\u015fenler bulunur.<\/li>\n<li>G\u00f6r\u00fcn\u00fcrde a\u015f\u0131nma, s\u0131z\u0131nt\u0131 veya anormal hareket belirtileri olup olmad\u0131\u011f\u0131na dikkat edin.<\/li>\n<\/ul>\n<\/li>\n<li><strong>S\u00f6kme:<\/strong>\n<ul>\n<li>\u00d6ncelikle hidrolik silindiri ekipmandan veya sistemden s\u00f6kerek ba\u015flay\u0131n.<\/li>\n<li>\u00dcreticinin talimatlar\u0131n\u0131 izleyerek silindiri dikkatlice s\u00f6k\u00fcn.<\/li>\n<li>Yeniden montaj s\u0131ras\u0131nda kolayl\u0131k sa\u011flamas\u0131 i\u00e7in s\u00f6kme i\u015flemi s\u0131ras\u0131nda foto\u011fraf \u00e7ekin veya not al\u0131n.<\/li>\n<\/ul>\n<\/li>\n<li><strong>Muayene ve Temizlik:<\/strong>\n<ul>\n<li>T\u00fcm bile\u015fenleri a\u015f\u0131nma, hasar veya kirlenme belirtileri a\u00e7\u0131s\u0131ndan iyice inceleyin.<\/li>\n<li>Kir, kal\u0131nt\u0131 ve hidrolik s\u0131v\u0131 kal\u0131nt\u0131lar\u0131n\u0131 gidermek i\u00e7in t\u00fcm par\u00e7alar\u0131 uygun bir temizlik maddesi kullanarak temizleyin.<\/li>\n<li>\u00c7ubuklar\u0131, pistonlar\u0131, contalar\u0131 ve silindir g\u00f6vdelerini herhangi bir kusur veya a\u015f\u0131r\u0131 a\u015f\u0131nma belirtisi a\u00e7\u0131s\u0131ndan inceleyin.<\/li>\n<\/ul>\n<\/li>\n<li><strong>Conta ve O-Ringlerin De\u011fi\u015ftirilmesi:<\/strong>\n<ul>\n<li>Hasarl\u0131 veya a\u015f\u0131nm\u0131\u015f contalar ve O-ringler genellikle hidrolik silindir sorunlar\u0131na neden olur.<\/li>\n<li>\u00dcreticinin belirtti\u011fi \u00f6zelliklere uygun t\u00fcm contalar\u0131 ve O-ringleri yenileriyle de\u011fi\u015ftirin.<\/li>\n<li>Montajdan \u00f6nce contalar\u0131n do\u011fru hizaland\u0131\u011f\u0131ndan emin olun ve contalar\u0131 hidrolik s\u0131v\u0131 ile ya\u011flay\u0131n.<\/li>\n<\/ul>\n<\/li>\n<li><strong>\u00c7ubuk D\u00fczeltme veya De\u011fi\u015fimi:<\/strong>\n<ul>\n<li>\u00c7ubuk e\u011filmi\u015f veya hasarl\u0131ysa d\u00fczeltilmesi veya de\u011fi\u015ftirilmesi gerekebilir.<\/li>\n<li>E\u011filmi\u015f bir \u00e7ubu\u011fu hidrolik pres kullanarak d\u00fczeltin veya profesyonel yard\u0131m al\u0131n.<\/li>\n<li>\u00c7ubuk ciddi \u015fekilde hasar g\u00f6rm\u00fc\u015fse, tamamen de\u011fi\u015ftirilmesi gerekebilir.<\/li>\n<\/ul>\n<\/li>\n<li><strong>Bile\u015fen De\u011fi\u015fimi:<\/strong>\n<ul>\n<li>Yataklar, bur\u00e7lar ve pistonlar gibi di\u011fer bile\u015fenleri a\u015f\u0131nma veya hasar a\u00e7\u0131s\u0131ndan inceleyin.<\/li>\n<li>A\u015f\u0131nm\u0131\u015f veya hasarl\u0131 par\u00e7alar\u0131, \u00fcreticinin spesifikasyonlar\u0131na uygun yenileriyle de\u011fi\u015ftirin.<\/li>\n<\/ul>\n<\/li>\n<li><strong>Yeniden montaj:<\/strong>\n<ul>\n<li>Hidrolik silindiri s\u00f6kme i\u015fleminin tersini izleyerek monte edin.<\/li>\n<li>Yeniden montaj s\u0131ras\u0131nda contalara ve bile\u015fenlere ince bir tabaka hidrolik ya\u011f veya gres uygulay\u0131n.<\/li>\n<li>T\u00fcm ba\u011flant\u0131lar\u0131n s\u0131k\u0131 ve d\u00fczg\u00fcn hizalanm\u0131\u015f oldu\u011fundan emin olun.<\/li>\n<\/ul>\n<\/li>\n<li><strong>Test ve Muayene:<\/strong>\n<ul>\n<li>Tekrar monte edildikten sonra hidrolik silindirin d\u00fczg\u00fcn \u00e7al\u0131\u015f\u0131p \u00e7al\u0131\u015fmad\u0131\u011f\u0131n\u0131 test edin.<\/li>\n<li>Hidrolik sistemi yeniden ba\u011flay\u0131n ve s\u0131z\u0131nt\u0131, anormal ses veya d\u00fczensiz hareket olup olmad\u0131\u011f\u0131n\u0131 iyice inceleyin.<\/li>\n<li>D\u00fczg\u00fcn ve tutarl\u0131 bir \u00e7al\u0131\u015fma sa\u011flamak i\u00e7in silindiri birka\u00e7 kez \u00e7al\u0131\u015ft\u0131r\u0131n.<\/li>\n<\/ul>\n<\/li>\n<li><strong>Sistem Temizli\u011fi ve S\u0131v\u0131 De\u011fi\u015fimi:<\/strong><\/li>\n<\/ol>\n<ul>\n<li>Onar\u0131m i\u015flemi s\u0131ras\u0131nda kirlenme tespit edilirse, kal\u0131nt\u0131lar\u0131 veya kirleticileri temizlemek i\u00e7in hidrolik sistemi y\u0131kay\u0131n.<\/li>\n<li>Hidrolik s\u0131v\u0131s\u0131n\u0131, \u00fcreticinin s\u0131v\u0131 t\u00fcr\u00fc ve miktar \u00f6nerilerine uyarak yeni bir s\u0131v\u0131 ile de\u011fi\u015ftirin.<\/li>\n<\/ul>\n<h2><strong>Fabrikan\u0131n Kapasitesi ve Kapasitesi:<\/strong><\/h2>\n<h3>(1) Meclis<\/h3>\n<p>Birinci s\u0131n\u0131f ba\u011f\u0131ms\u0131z bir ara\u015ft\u0131rma ve geli\u015ftirme montaj platformumuz bulunmaktad\u0131r. Hidrolik silindir \u00fcretim at\u00f6lyemizde, y\u0131ll\u0131k 1 milyon adet \u00fcretim kapasitesine sahip d\u00f6rt adet yar\u0131 otomatik kald\u0131rma silindiri montaj hatt\u0131 ve bir adet otomatik devirme silindiri montaj hatt\u0131 bulunmaktad\u0131r. \u00d6zel silindir at\u00f6lyemiz, y\u0131ll\u0131k 200.000 adet \u00fcretim kapasitesine sahip \u00e7e\u015fitli \u00f6zelliklerde yar\u0131 otomatik temizleme montaj sistemiyle donat\u0131lm\u0131\u015ft\u0131r. Ayr\u0131ca, \u00fcnl\u00fc CNC i\u015fleme ekipmanlar\u0131, bir i\u015fleme merkezi, y\u00fcksek hassasiyetli silindir i\u015fleme \u00f6zel ekipmanlar\u0131, bir robot kaynak makinesi, bir otomatik temizleme makinesi, otomatik silindir montaj makinesi ve otomatik boyama \u00fcretim hatt\u0131 ile donat\u0131lm\u0131\u015ft\u0131r. 300'den fazla setten olu\u015fan kritik ekipmanlar mevcuttur. Ekipman kaynaklar\u0131n\u0131n optimum da\u011f\u0131l\u0131m\u0131 ve verimli kullan\u0131m\u0131, \u00fcr\u00fcnlerin hassasiyet gereksinimlerini kar\u015f\u0131lar ve \u00fcr\u00fcnlerin y\u00fcksek kalite ihtiya\u00e7lar\u0131n\u0131 kar\u015f\u0131lar.<\/p>\n<p><img loading=\"lazy\" decoding=\"async\" class=\"alignnone wp-image-626\" src=\"https:\/\/hydraulic-cylinders.net\/wp-content\/uploads\/2023\/08\/hydraulic-cylinder-product-1-300x158.webp\" alt=\"\" width=\"495\" height=\"260\" srcset=\"https:\/\/hydraulic-cylinders.net\/wp-content\/uploads\/2023\/08\/hydraulic-cylinder-product-1-300x158.webp 495w, https:\/\/hydraulic-cylinders.net\/wp-content\/uploads\/2023\/08\/hydraulic-cylinder-product-1-480x252.webp 480w\" sizes=\"(min-width: 0px) and (max-width: 480px) 480px, (min-width: 481px) 495px, 100vw\" \/> <img loading=\"lazy\" decoding=\"async\" class=\"alignnone wp-image-627\" src=\"https:\/\/hydraulic-cylinders.net\/wp-content\/uploads\/2023\/08\/hydraulic-cylinder-product-2-300x189.webp\" alt=\"\" width=\"413\" height=\"260\" \/><\/p>\n<h3>(2) \u0130\u015fleme<\/h3>\n<p>\u0130\u015fleme at\u00f6lyesi, maksimum 400 mm i\u00e7 \u00e7apa ve maksimum 6 metre uzunlu\u011fa sahip silindir borular\u0131n\u0131n i\u015flenmesini ger\u00e7ekle\u015ftirebilen \u00f6zel e\u011fimli ray torna merkezi, i\u015fleme merkezi, y\u00fcksek h\u0131zl\u0131 honlama makinesi, kaynak robotu ve di\u011fer ilgili ekipmanlarla donat\u0131lm\u0131\u015ft\u0131r.<\/p>\n<p><img loading=\"lazy\" decoding=\"async\" class=\"alignnone wp-image-628 size-large\" src=\"https:\/\/hydraulic-cylinders.net\/wp-content\/uploads\/2023\/08\/hydraulic-cylinder-product-3-1024x391.webp\" alt=\"\" width=\"1024\" height=\"391\" srcset=\"https:\/\/hydraulic-cylinders.net\/wp-content\/uploads\/2023\/08\/hydraulic-cylinder-product-3-980x374.webp 980w, https:\/\/hydraulic-cylinders.net\/wp-content\/uploads\/2023\/08\/hydraulic-cylinder-product-3-480x183.webp 480w\" sizes=\"(min-width: 0px) and (max-width: 480px) 480px, (min-width: 481px) and (max-width: 980px) 980px, (min-width: 981px) 1024px, 100vw\" \/><\/p>\n<h3>(3) Kaynak<\/h3>\n<p><img loading=\"lazy\" decoding=\"async\" class=\"alignnone wp-image-629 size-large\" src=\"https:\/\/hydraulic-cylinders.net\/wp-content\/uploads\/2023\/08\/hydraulic-cylinder-product-4-1024x510.webp\" alt=\"\" width=\"1024\" height=\"510\" srcset=\"https:\/\/hydraulic-cylinders.net\/wp-content\/uploads\/2023\/08\/hydraulic-cylinder-product-4-980x488.webp 980w, https:\/\/hydraulic-cylinders.net\/wp-content\/uploads\/2023\/08\/hydraulic-cylinder-product-4-480x239.webp 480w\" sizes=\"(min-width: 0px) and (max-width: 480px) 480px, (min-width: 481px) and (max-width: 980px) 980px, (min-width: 981px) 1024px, 100vw\" \/><\/p>\n<h3>(4) Boyama ve kaplama<\/h3>\n<p>K\u00fc\u00e7\u00fck ve orta \u00f6l\u00e7ekli silindirli otomatik su bazl\u0131 boya kaplama hatlar\u0131nda, otomatik robot y\u00fckleme-bo\u015faltma ve otomatik p\u00fcsk\u00fcrtmeyi ger\u00e7ekle\u015ftirmek i\u00e7in, vardiya ba\u015f\u0131na 4000 adet tasar\u0131m kapasitesi;<br \/>\nAyr\u0131ca, vardiya ba\u015f\u0131na 60 kasa kapasiteli, g\u00fc\u00e7 zinciriyle \u00e7al\u0131\u015fan b\u00fcy\u00fck silindirler i\u00e7in yar\u0131 otomatik boya \u00fcretim hatt\u0131m\u0131z da bulunmaktad\u0131r.<\/p>\n<p><img loading=\"lazy\" decoding=\"async\" class=\"alignnone wp-image-630\" src=\"https:\/\/hydraulic-cylinders.net\/wp-content\/uploads\/2023\/08\/hydraulic-cylinder-product-5-300x213.webp\" alt=\"\" width=\"366\" height=\"260\" \/> <img loading=\"lazy\" decoding=\"async\" class=\"alignnone wp-image-631\" src=\"https:\/\/hydraulic-cylinders.net\/wp-content\/uploads\/2023\/08\/hydraulic-cylinder-product-6-300x225.webp\" alt=\"\" width=\"347\" height=\"260\" \/><\/p>\n<h3>(5) Test etme<\/h3>\n<p>Silindirin performans\u0131n\u0131n gereklilikleri kar\u015f\u0131lad\u0131\u011f\u0131ndan emin olmak i\u00e7in birinci s\u0131n\u0131f muayene tesislerimiz ve test yataklar\u0131m\u0131z bulunmaktad\u0131r.<\/p>\n<p><img loading=\"lazy\" decoding=\"async\" class=\"alignnone wp-image-632\" src=\"https:\/\/hydraulic-cylinders.net\/wp-content\/uploads\/2023\/08\/hydraulic-cylinder-product-8-300x200.webp\" alt=\"\" width=\"389\" height=\"260\" \/><\/p>\n<p>&nbsp;<\/p>\n<p>&nbsp;<\/p>\n<p>En iyi hafif d\u00f6rt kollu hidrolik silindir \u00fcreticilerinden biriyiz. Kapsaml\u0131 hafif d\u00f6rt kollu hidrolik silindir sto\u011fu sunabiliyoruz. Ayr\u0131ca, ilgili \u00fcr\u00fcnleri de sa\u011fl\u0131yoruz. <a href=\"https:\/\/hzpt.com\/agricultural-pto-gearbox\/\" target=\"_blank\" rel=\"noopener\">tar\u0131msal di\u015fli kutular\u0131<\/a>\u00dcr\u00fcnlerimizi d\u00fcnyan\u0131n d\u00f6rt bir yan\u0131ndaki m\u00fc\u015fterilerimize ihra\u00e7 ettik ve \u00fcst\u00fcn \u00fcr\u00fcn kalitemiz ve sat\u0131\u015f sonras\u0131 hizmetlerimiz sayesinde iyi bir itibar kazand\u0131k. Yurt i\u00e7i ve yurt d\u0131\u015f\u0131ndaki m\u00fc\u015fterilerimizi i\u015f g\u00f6r\u00fc\u015fmeleri yapmak, bilgi al\u0131\u015fveri\u015finde bulunmak ve daha fazlas\u0131 i\u00e7in bizimle ileti\u015fime ge\u00e7meye davet ediyoruz.\u00a0<a href=\"https:\/\/www.hydraulic-cylinders.net\/tr\/contact-us\/\">bizimle i\u015fbirli\u011fi yap\u0131n<\/a>!<\/p>\n<h2><\/h2>\n<h2><\/h2>","protected":false},"excerpt":{"rendered":"<p>Rear Single Earring Four Rod Hydraulic Cylinder The rear single earring four rod hydraulic cylinder is a versatile and powerful hydraulic element specifically designed for applications requiring precision and reliability with linear motion. With its unique design features of rear single lugs and four rods, this hydraulic cylinder offers superior performance and durability, making it [&hellip;]<\/p>","protected":false},"featured_media":995,"comment_status":"open","ping_status":"closed","template":"","meta":{"_et_pb_use_builder":"","_et_pb_old_content":"","_et_gb_content_width":""},"product_brand":[],"product_cat":[1376,1386],"product_tag":[1380],"class_list":{"0":"post-992","1":"product","2":"type-product","3":"status-publish","4":"has-post-thumbnail","6":"product_cat-hydraulic-cylinder","7":"product_cat-four-rod-hydraulic-cylinder","8":"product_tag-hydraulic-cylinder","10":"first","11":"instock","12":"shipping-taxable","13":"product-type-simple"},"amp_enabled":true,"_links":{"self":[{"href":"https:\/\/www.hydraulic-cylinders.net\/tr\/wp-json\/wp\/v2\/product\/992","targetHints":{"allow":["GET"]}}],"collection":[{"href":"https:\/\/www.hydraulic-cylinders.net\/tr\/wp-json\/wp\/v2\/product"}],"about":[{"href":"https:\/\/www.hydraulic-cylinders.net\/tr\/wp-json\/wp\/v2\/types\/product"}],"replies":[{"embeddable":true,"href":"https:\/\/www.hydraulic-cylinders.net\/tr\/wp-json\/wp\/v2\/comments?post=992"}],"wp:featuredmedia":[{"embeddable":true,"href":"https:\/\/www.hydraulic-cylinders.net\/tr\/wp-json\/wp\/v2\/media\/995"}],"wp:attachment":[{"href":"https:\/\/www.hydraulic-cylinders.net\/tr\/wp-json\/wp\/v2\/media?parent=992"}],"wp:term":[{"taxonomy":"product_brand","embeddable":true,"href":"https:\/\/www.hydraulic-cylinders.net\/tr\/wp-json\/wp\/v2\/product_brand?post=992"},{"taxonomy":"product_cat","embeddable":true,"href":"https:\/\/www.hydraulic-cylinders.net\/tr\/wp-json\/wp\/v2\/product_cat?post=992"},{"taxonomy":"product_tag","embeddable":true,"href":"https:\/\/www.hydraulic-cylinders.net\/tr\/wp-json\/wp\/v2\/product_tag?post=992"}],"curies":[{"name":"wp","href":"https:\/\/api.w.org\/{rel}","templated":true}]}}